{"id":913,"date":"2013-02-24T18:27:38","date_gmt":"2013-02-24T17:27:38","guid":{"rendered":"http:\/\/irland-reise-tipps.de\/de\/bilder-galerie\/county-dublin\/"},"modified":"2013-03-19T20:43:31","modified_gmt":"2013-03-19T19:43:31","slug":"county-dublin","status":"publish","type":"page","link":"https:\/\/irland-reise-tipps.de\/de\/bildergalerie\/county-dublin\/","title":{"rendered":"County Dublin"},"content":{"rendered":"\n<div class=\"ngg-galleryoverview\" id=\"ngg-gallery-23-913\">\n\n\n\t\n\t<!-- Thumbnails -->\n\t\t\n\t<div id=\"ngg-image-267\" class=\"ngg-gallery-thumbnail-box\"  >\n\t\t<div class=\"ngg-gallery-thumbnail\" >\n\t\t\t<a href=\"https:\/\/irland-reise-tipps.de\/de\/wp-content\/gallery\/county_dublin\/large_01-dt-cd-2005.jpg\" title=\" \" rel=\"lightbox[set_23]\" >\n\t\t\t\t\t\t\t\t<img loading=\"lazy\" decoding=\"async\" title=\"large_01-dt-cd-2005\" alt=\"large_01-dt-cd-2005\" src=\"https:\/\/irland-reise-tipps.de\/de\/wp-content\/gallery\/county_dublin\/thumbs\/thumbs_large_01-dt-cd-2005.jpg\" width=\"100\" height=\"75\" \/>\n\t\t\t\t\t\t\t<\/a>\n\t\t<\/div>\n\t<\/div>\n\t\n\t\t\n \t\t\n\t<div id=\"ngg-image-268\" class=\"ngg-gallery-thumbnail-box\"  >\n\t\t<div class=\"ngg-gallery-thumbnail\" >\n\t\t\t<a href=\"https:\/\/irland-reise-tipps.de\/de\/wp-content\/gallery\/county_dublin\/large_02-dt-cd-2005.jpg\" title=\" \" rel=\"lightbox[set_23]\" >\n\t\t\t\t\t\t\t\t<img loading=\"lazy\" decoding=\"async\" title=\"large_02-dt-cd-2005\" alt=\"large_02-dt-cd-2005\" src=\"https:\/\/irland-reise-tipps.de\/de\/wp-content\/gallery\/county_dublin\/thumbs\/thumbs_large_02-dt-cd-2005.jpg\" width=\"100\" height=\"75\" \/>\n\t\t\t\t\t\t\t<\/a>\n\t\t<\/div>\n\t<\/div>\n\t\n\t\t\n \t\t\n\t<div id=\"ngg-image-269\" class=\"ngg-gallery-thumbnail-box\"  >\n\t\t<div class=\"ngg-gallery-thumbnail\" >\n\t\t\t<a href=\"https:\/\/irland-reise-tipps.de\/de\/wp-content\/gallery\/county_dublin\/large_16-dt-cd-2005.jpg\" title=\" \" rel=\"lightbox[set_23]\" >\n\t\t\t\t\t\t\t\t<img loading=\"lazy\" decoding=\"async\" title=\"large_16-dt-cd-2005\" alt=\"large_16-dt-cd-2005\" src=\"https:\/\/irland-reise-tipps.de\/de\/wp-content\/gallery\/county_dublin\/thumbs\/thumbs_large_16-dt-cd-2005.jpg\" width=\"100\" height=\"75\" \/>\n\t\t\t\t\t\t\t<\/a>\n\t\t<\/div>\n\t<\/div>\n\t\n\t\t\n \t\t\n\t<div id=\"ngg-image-270\" class=\"ngg-gallery-thumbnail-box\"  >\n\t\t<div class=\"ngg-gallery-thumbnail\" >\n\t\t\t<a href=\"https:\/\/irland-reise-tipps.de\/de\/wp-content\/gallery\/county_dublin\/large_17-dt-cd-2005.jpg\" title=\" \" rel=\"lightbox[set_23]\" >\n\t\t\t\t\t\t\t\t<img loading=\"lazy\" decoding=\"async\" title=\"large_17-dt-cd-2005\" alt=\"large_17-dt-cd-2005\" src=\"https:\/\/irland-reise-tipps.de\/de\/wp-content\/gallery\/county_dublin\/thumbs\/thumbs_large_17-dt-cd-2005.jpg\" width=\"100\" height=\"75\" \/>\n\t\t\t\t\t\t\t<\/a>\n\t\t<\/div>\n\t<\/div>\n\t\n\t\t\n \t\t\n\t<div id=\"ngg-image-271\" class=\"ngg-gallery-thumbnail-box\"  >\n\t\t<div class=\"ngg-gallery-thumbnail\" >\n\t\t\t<a href=\"https:\/\/irland-reise-tipps.de\/de\/wp-content\/gallery\/county_dublin\/large_21-dt-cd-2005.jpg\" title=\" \" rel=\"lightbox[set_23]\" >\n\t\t\t\t\t\t\t\t<img loading=\"lazy\" decoding=\"async\" title=\"large_21-dt-cd-2005\" alt=\"large_21-dt-cd-2005\" src=\"https:\/\/irland-reise-tipps.de\/de\/wp-content\/gallery\/county_dublin\/thumbs\/thumbs_large_21-dt-cd-2005.jpg\" width=\"100\" height=\"75\" \/>\n\t\t\t\t\t\t\t<\/a>\n\t\t<\/div>\n\t<\/div>\n\t\n\t\t\n \t\t\n\t<div id=\"ngg-image-272\" class=\"ngg-gallery-thumbnail-box\"  >\n\t\t<div class=\"ngg-gallery-thumbnail\" >\n\t\t\t<a href=\"https:\/\/irland-reise-tipps.de\/de\/wp-content\/gallery\/county_dublin\/large_34_hanging_barrel_41_3rd_april_2012.jpg\" title=\" \" rel=\"lightbox[set_23]\" >\n\t\t\t\t\t\t\t\t<img loading=\"lazy\" decoding=\"async\" title=\"large_34_hanging_barrel_41_3rd_april_2012\" alt=\"large_34_hanging_barrel_41_3rd_april_2012\" src=\"https:\/\/irland-reise-tipps.de\/de\/wp-content\/gallery\/county_dublin\/thumbs\/thumbs_large_34_hanging_barrel_41_3rd_april_2012.jpg\" width=\"100\" height=\"75\" \/>\n\t\t\t\t\t\t\t<\/a>\n\t\t<\/div>\n\t<\/div>\n\t\n\t\t\n \t\t\n\t<div id=\"ngg-image-273\" class=\"ngg-gallery-thumbnail-box\"  >\n\t\t<div class=\"ngg-gallery-thumbnail\" >\n\t\t\t<a href=\"https:\/\/irland-reise-tipps.de\/de\/wp-content\/gallery\/county_dublin\/large_ap_dublin_07062011_681.jpg\" title=\" \" rel=\"lightbox[set_23]\" >\n\t\t\t\t\t\t\t\t<img loading=\"lazy\" decoding=\"async\" title=\"large_ap_dublin_07062011_681\" alt=\"large_ap_dublin_07062011_681\" src=\"https:\/\/irland-reise-tipps.de\/de\/wp-content\/gallery\/county_dublin\/thumbs\/thumbs_large_ap_dublin_07062011_681.jpg\" width=\"100\" height=\"75\" \/>\n\t\t\t\t\t\t\t<\/a>\n\t\t<\/div>\n\t<\/div>\n\t\n\t\t\n \t\t\n\t<div id=\"ngg-image-274\" class=\"ngg-gallery-thumbnail-box\"  >\n\t\t<div class=\"ngg-gallery-thumbnail\" >\n\t\t\t<a href=\"https:\/\/irland-reise-tipps.de\/de\/wp-content\/gallery\/county_dublin\/large_d0213.jpg\" title=\" \" rel=\"lightbox[set_23]\" >\n\t\t\t\t\t\t\t\t<img loading=\"lazy\" decoding=\"async\" title=\"large_d0213\" alt=\"large_d0213\" src=\"https:\/\/irland-reise-tipps.de\/de\/wp-content\/gallery\/county_dublin\/thumbs\/thumbs_large_d0213.jpg\" width=\"100\" height=\"75\" \/>\n\t\t\t\t\t\t\t<\/a>\n\t\t<\/div>\n\t<\/div>\n\t\n\t\t\n \t\t\n\t<div id=\"ngg-image-275\" class=\"ngg-gallery-thumbnail-box\"  >\n\t\t<div class=\"ngg-gallery-thumbnail\" >\n\t\t\t<a href=\"https:\/\/irland-reise-tipps.de\/de\/wp-content\/gallery\/county_dublin\/large_hl1005-030.jpg\" title=\" \" rel=\"lightbox[set_23]\" >\n\t\t\t\t\t\t\t\t<img loading=\"lazy\" decoding=\"async\" title=\"large_hl1005-030\" alt=\"large_hl1005-030\" src=\"https:\/\/irland-reise-tipps.de\/de\/wp-content\/gallery\/county_dublin\/thumbs\/thumbs_large_hl1005-030.jpg\" width=\"100\" height=\"75\" \/>\n\t\t\t\t\t\t\t<\/a>\n\t\t<\/div>\n\t<\/div>\n\t\n\t\t\n \t\t\n\t<div id=\"ngg-image-276\" class=\"ngg-gallery-thumbnail-box\"  >\n\t\t<div class=\"ngg-gallery-thumbnail\" >\n\t\t\t<a href=\"https:\/\/irland-reise-tipps.de\/de\/wp-content\/gallery\/county_dublin\/large_hl1005-103.jpg\" title=\" \" rel=\"lightbox[set_23]\" >\n\t\t\t\t\t\t\t\t<img loading=\"lazy\" decoding=\"async\" title=\"large_hl1005-103\" alt=\"large_hl1005-103\" src=\"https:\/\/irland-reise-tipps.de\/de\/wp-content\/gallery\/county_dublin\/thumbs\/thumbs_large_hl1005-103.jpg\" width=\"100\" height=\"75\" \/>\n\t\t\t\t\t\t\t<\/a>\n\t\t<\/div>\n\t<\/div>\n\t\n\t\t\n \t\t\n\t<div id=\"ngg-image-277\" class=\"ngg-gallery-thumbnail-box\"  >\n\t\t<div class=\"ngg-gallery-thumbnail\" >\n\t\t\t<a href=\"https:\/\/irland-reise-tipps.de\/de\/wp-content\/gallery\/county_dublin\/large_hl1005-114.jpg\" title=\" \" rel=\"lightbox[set_23]\" >\n\t\t\t\t\t\t\t\t<img loading=\"lazy\" decoding=\"async\" title=\"large_hl1005-114\" alt=\"large_hl1005-114\" src=\"https:\/\/irland-reise-tipps.de\/de\/wp-content\/gallery\/county_dublin\/thumbs\/thumbs_large_hl1005-114.jpg\" width=\"100\" height=\"75\" \/>\n\t\t\t\t\t\t\t<\/a>\n\t\t<\/div>\n\t<\/div>\n\t\n\t\t\n \t\t\n\t<div id=\"ngg-image-278\" class=\"ngg-gallery-thumbnail-box\"  >\n\t\t<div class=\"ngg-gallery-thumbnail\" >\n\t\t\t<a href=\"https:\/\/irland-reise-tipps.de\/de\/wp-content\/gallery\/county_dublin\/large_hl1005-120.jpg\" title=\" \" rel=\"lightbox[set_23]\" >\n\t\t\t\t\t\t\t\t<img loading=\"lazy\" decoding=\"async\" title=\"large_hl1005-120\" alt=\"large_hl1005-120\" src=\"https:\/\/irland-reise-tipps.de\/de\/wp-content\/gallery\/county_dublin\/thumbs\/thumbs_large_hl1005-120.jpg\" width=\"100\" height=\"75\" \/>\n\t\t\t\t\t\t\t<\/a>\n\t\t<\/div>\n\t<\/div>\n\t\n\t\t\n \t\t\n\t<div id=\"ngg-image-279\" class=\"ngg-gallery-thumbnail-box\"  >\n\t\t<div class=\"ngg-gallery-thumbnail\" >\n\t\t\t<a href=\"https:\/\/irland-reise-tipps.de\/de\/wp-content\/gallery\/county_dublin\/large_img_5445_31_october_2012_005.jpg\" title=\" \" rel=\"lightbox[set_23]\" >\n\t\t\t\t\t\t\t\t<img loading=\"lazy\" decoding=\"async\" title=\"large_img_5445_31_october_2012_005\" alt=\"large_img_5445_31_october_2012_005\" src=\"https:\/\/irland-reise-tipps.de\/de\/wp-content\/gallery\/county_dublin\/thumbs\/thumbs_large_img_5445_31_october_2012_005.jpg\" width=\"100\" height=\"75\" \/>\n\t\t\t\t\t\t\t<\/a>\n\t\t<\/div>\n\t<\/div>\n\t\n\t\t\n \t\t\n\t<div id=\"ngg-image-280\" class=\"ngg-gallery-thumbnail-box\"  >\n\t\t<div class=\"ngg-gallery-thumbnail\" >\n\t\t\t<a href=\"https:\/\/irland-reise-tipps.de\/de\/wp-content\/gallery\/county_dublin\/large_img_5532_31_october_2012_010.jpg\" title=\" \" rel=\"lightbox[set_23]\" >\n\t\t\t\t\t\t\t\t<img loading=\"lazy\" decoding=\"async\" title=\"large_img_5532_31_october_2012_010\" alt=\"large_img_5532_31_october_2012_010\" src=\"https:\/\/irland-reise-tipps.de\/de\/wp-content\/gallery\/county_dublin\/thumbs\/thumbs_large_img_5532_31_october_2012_010.jpg\" width=\"100\" height=\"75\" \/>\n\t\t\t\t\t\t\t<\/a>\n\t\t<\/div>\n\t<\/div>\n\t\n\t\t\n \t\t\n\t<div id=\"ngg-image-281\" class=\"ngg-gallery-thumbnail-box\"  >\n\t\t<div class=\"ngg-gallery-thumbnail\" >\n\t\t\t<a href=\"https:\/\/irland-reise-tipps.de\/de\/wp-content\/gallery\/county_dublin\/large_jl_020507_007.jpg\" title=\" \" rel=\"lightbox[set_23]\" >\n\t\t\t\t\t\t\t\t<img loading=\"lazy\" decoding=\"async\" title=\"large_jl_020507_007\" alt=\"large_jl_020507_007\" src=\"https:\/\/irland-reise-tipps.de\/de\/wp-content\/gallery\/county_dublin\/thumbs\/thumbs_large_jl_020507_007.jpg\" width=\"100\" height=\"75\" \/>\n\t\t\t\t\t\t\t<\/a>\n\t\t<\/div>\n\t<\/div>\n\t\n\t\t\n \t\t\n\t<div id=\"ngg-image-283\" class=\"ngg-gallery-thumbnail-box\"  >\n\t\t<div class=\"ngg-gallery-thumbnail\" >\n\t\t\t<a href=\"https:\/\/irland-reise-tipps.de\/de\/wp-content\/gallery\/county_dublin\/large_jvb07.jpg\" title=\" \" rel=\"lightbox[set_23]\" >\n\t\t\t\t\t\t\t\t<img loading=\"lazy\" decoding=\"async\" title=\"large_jvb07\" alt=\"large_jvb07\" src=\"https:\/\/irland-reise-tipps.de\/de\/wp-content\/gallery\/county_dublin\/thumbs\/thumbs_large_jvb07.jpg\" width=\"100\" height=\"75\" \/>\n\t\t\t\t\t\t\t<\/a>\n\t\t<\/div>\n\t<\/div>\n\t\n\t\t\n \t\t\n\t<div id=\"ngg-image-284\" class=\"ngg-gallery-thumbnail-box\"  >\n\t\t<div class=\"ngg-gallery-thumbnail\" >\n\t\t\t<a href=\"https:\/\/irland-reise-tipps.de\/de\/wp-content\/gallery\/county_dublin\/large_jvb51.jpg\" title=\" \" rel=\"lightbox[set_23]\" >\n\t\t\t\t\t\t\t\t<img loading=\"lazy\" decoding=\"async\" title=\"large_jvb51\" alt=\"large_jvb51\" src=\"https:\/\/irland-reise-tipps.de\/de\/wp-content\/gallery\/county_dublin\/thumbs\/thumbs_large_jvb51.jpg\" width=\"100\" height=\"75\" \/>\n\t\t\t\t\t\t\t<\/a>\n\t\t<\/div>\n\t<\/div>\n\t\n\t\t\n \t\t\n\t<div id=\"ngg-image-285\" class=\"ngg-gallery-thumbnail-box\"  >\n\t\t<div class=\"ngg-gallery-thumbnail\" >\n\t\t\t<a href=\"https:\/\/irland-reise-tipps.de\/de\/wp-content\/gallery\/county_dublin\/large_patrick003.jpg\" title=\" \" rel=\"lightbox[set_23]\" >\n\t\t\t\t\t\t\t\t<img loading=\"lazy\" decoding=\"async\" title=\"large_patrick003\" alt=\"large_patrick003\" src=\"https:\/\/irland-reise-tipps.de\/de\/wp-content\/gallery\/county_dublin\/thumbs\/thumbs_large_patrick003.jpg\" width=\"100\" height=\"75\" \/>\n\t\t\t\t\t\t\t<\/a>\n\t\t<\/div>\n\t<\/div>\n\t\n\t\t\n \t\t\n\t<div id=\"ngg-image-286\" class=\"ngg-gallery-thumbnail-box\"  >\n\t\t<div class=\"ngg-gallery-thumbnail\" >\n\t\t\t<a href=\"https:\/\/irland-reise-tipps.de\/de\/wp-content\/gallery\/county_dublin\/large_patrick018.jpg\" title=\" \" rel=\"lightbox[set_23]\" >\n\t\t\t\t\t\t\t\t<img loading=\"lazy\" decoding=\"async\" title=\"large_patrick018\" alt=\"large_patrick018\" src=\"https:\/\/irland-reise-tipps.de\/de\/wp-content\/gallery\/county_dublin\/thumbs\/thumbs_large_patrick018.jpg\" width=\"100\" height=\"75\" \/>\n\t\t\t\t\t\t\t<\/a>\n\t\t<\/div>\n\t<\/div>\n\t\n\t\t\n \t\t\n\t<div id=\"ngg-image-287\" class=\"ngg-gallery-thumbnail-box\"  >\n\t\t<div class=\"ngg-gallery-thumbnail\" >\n\t\t\t<a href=\"https:\/\/irland-reise-tipps.de\/de\/wp-content\/gallery\/county_dublin\/large_patrick040.jpg\" title=\" \" rel=\"lightbox[set_23]\" >\n\t\t\t\t\t\t\t\t<img loading=\"lazy\" decoding=\"async\" title=\"large_patrick040\" alt=\"large_patrick040\" src=\"https:\/\/irland-reise-tipps.de\/de\/wp-content\/gallery\/county_dublin\/thumbs\/thumbs_large_patrick040.jpg\" width=\"100\" height=\"75\" \/>\n\t\t\t\t\t\t\t<\/a>\n\t\t<\/div>\n\t<\/div>\n\t\n\t\t\n \t\t\n\t<div id=\"ngg-image-288\" class=\"ngg-gallery-thumbnail-box\"  >\n\t\t<div class=\"ngg-gallery-thumbnail\" >\n\t\t\t<a href=\"https:\/\/irland-reise-tipps.de\/de\/wp-content\/gallery\/county_dublin\/large_ps_dublin_01062011_647.jpg\" title=\" \" rel=\"lightbox[set_23]\" >\n\t\t\t\t\t\t\t\t<img loading=\"lazy\" decoding=\"async\" title=\"large_ps_dublin_01062011_647\" alt=\"large_ps_dublin_01062011_647\" src=\"https:\/\/irland-reise-tipps.de\/de\/wp-content\/gallery\/county_dublin\/thumbs\/thumbs_large_ps_dublin_01062011_647.jpg\" width=\"100\" height=\"75\" \/>\n\t\t\t\t\t\t\t<\/a>\n\t\t<\/div>\n\t<\/div>\n\t\n\t\t\n \t\t\n\t<div id=\"ngg-image-289\" class=\"ngg-gallery-thumbnail-box\"  >\n\t\t<div class=\"ngg-gallery-thumbnail\" >\n\t\t\t<a href=\"https:\/\/irland-reise-tipps.de\/de\/wp-content\/gallery\/county_dublin\/large_tp_091107_101.jpg\" title=\" \" rel=\"lightbox[set_23]\" >\n\t\t\t\t\t\t\t\t<img loading=\"lazy\" decoding=\"async\" title=\"large_tp_091107_101\" alt=\"large_tp_091107_101\" src=\"https:\/\/irland-reise-tipps.de\/de\/wp-content\/gallery\/county_dublin\/thumbs\/thumbs_large_tp_091107_101.jpg\" width=\"100\" height=\"75\" \/>\n\t\t\t\t\t\t\t<\/a>\n\t\t<\/div>\n\t<\/div>\n\t\n\t\t\n \t\t\n\t<div id=\"ngg-image-290\" class=\"ngg-gallery-thumbnail-box\"  >\n\t\t<div class=\"ngg-gallery-thumbnail\" >\n\t\t\t<a href=\"https:\/\/irland-reise-tipps.de\/de\/wp-content\/gallery\/county_dublin\/large_tp_091107_210.jpg\" title=\" \" rel=\"lightbox[set_23]\" >\n\t\t\t\t\t\t\t\t<img loading=\"lazy\" decoding=\"async\" title=\"large_tp_091107_210\" alt=\"large_tp_091107_210\" src=\"https:\/\/irland-reise-tipps.de\/de\/wp-content\/gallery\/county_dublin\/thumbs\/thumbs_large_tp_091107_210.jpg\" width=\"100\" height=\"75\" \/>\n\t\t\t\t\t\t\t<\/a>\n\t\t<\/div>\n\t<\/div>\n\t\n\t\t\n \t\t\n\t<div id=\"ngg-image-291\" class=\"ngg-gallery-thumbnail-box\"  >\n\t\t<div class=\"ngg-gallery-thumbnail\" >\n\t\t\t<a href=\"https:\/\/irland-reise-tipps.de\/de\/wp-content\/gallery\/county_dublin\/large_tp_091107_224.jpg\" title=\" \" rel=\"lightbox[set_23]\" >\n\t\t\t\t\t\t\t\t<img loading=\"lazy\" decoding=\"async\" title=\"large_tp_091107_224\" alt=\"large_tp_091107_224\" src=\"https:\/\/irland-reise-tipps.de\/de\/wp-content\/gallery\/county_dublin\/thumbs\/thumbs_large_tp_091107_224.jpg\" width=\"100\" height=\"75\" \/>\n\t\t\t\t\t\t\t<\/a>\n\t\t<\/div>\n\t<\/div>\n\t\n\t\t\n \t\t\n\t<div id=\"ngg-image-292\" class=\"ngg-gallery-thumbnail-box\"  >\n\t\t<div class=\"ngg-gallery-thumbnail\" >\n\t\t\t<a href=\"https:\/\/irland-reise-tipps.de\/de\/wp-content\/gallery\/county_dublin\/large_tp_091107_256.jpg\" title=\" \" rel=\"lightbox[set_23]\" >\n\t\t\t\t\t\t\t\t<img loading=\"lazy\" decoding=\"async\" title=\"large_tp_091107_256\" alt=\"large_tp_091107_256\" src=\"https:\/\/irland-reise-tipps.de\/de\/wp-content\/gallery\/county_dublin\/thumbs\/thumbs_large_tp_091107_256.jpg\" width=\"100\" height=\"75\" \/>\n\t\t\t\t\t\t\t<\/a>\n\t\t<\/div>\n\t<\/div>\n\t\n\t\t\n \t \t\n\t<!-- Pagination -->\n \t<div class=\"ngg-clear\"><\/div> \t\n<\/div>\n\n\n<h4>Touren<\/h4>\n<ul class=\"lcp_catlist\"><li><a href=\"https:\/\/irland-reise-tipps.de\/de\/touren\/reisetagebuch\/tag-1-heute-gehts-los\/\" title=\"Tag 1 \/ Heute geht's los!\">Tag 1 \/ Heute geht&#8217;s los!<\/a> <\/li><li><a href=\"https:\/\/irland-reise-tipps.de\/de\/touren\/reisetagebuch\/1-tag-anreise\/\" title=\"Tag 0,5 \/ Der Tag vor dem Urlaub\">Tag 0,5 \/ Der Tag vor dem Urlaub<\/a> <\/li><li><a href=\"https:\/\/irland-reise-tipps.de\/de\/touren\/wanderreisen\/9-tage-wandern-in-kerry\/\" title=\"9 Tage - Wandern in Kerry\">9 Tage &#8211; Wandern in Kerry<\/a> <\/li><li><a href=\"https:\/\/irland-reise-tipps.de\/de\/touren\/gartenreisen\/10-tage-gartenreise-sudwestirland\/\" title=\"10 Tage - Gartenreise S\u00fcdwestirland\">10 Tage &#8211; Gartenreise S\u00fcdwestirland<\/a> <\/li><li><a href=\"https:\/\/irland-reise-tipps.de\/de\/touren\/rundreisen\/12-tage-rundreise-britische-inseln\/\" title=\"12 Tage - Rundreise Britische Inseln \">12 Tage &#8211; Rundreise Britische Inseln<\/a> <\/li><li><a href=\"https:\/\/irland-reise-tipps.de\/de\/touren\/rundreisen\/11-tage-auf-den-spuren-des-heiligen-patrick\/\" title=\"11 Tage - Auf den Spuren des Heiligen Patrick\">11 Tage &#8211; Auf den Spuren des Heiligen Patrick<\/a> <\/li><li><a href=\"https:\/\/irland-reise-tipps.de\/de\/touren\/rundreisen\/10-tage-rund-um-irland\/\" title=\"10 Tage - Rund um Irland\">10 Tage &#8211; Rund um Irland<\/a> <\/li><li><a href=\"https:\/\/irland-reise-tipps.de\/de\/touren\/rundreisen\/10-tage-irlands-norden\/\" title=\"10 Tage - Irlands Norden\">10 Tage &#8211; Irlands Norden<\/a> <\/li><li><a href=\"https:\/\/irland-reise-tipps.de\/de\/touren\/rundreisen\/10-tage-faszinierendes-irland\/\" title=\"10 Tage - Faszinierendes Irland\">10 Tage &#8211; Faszinierendes Irland<\/a> <\/li><li><a href=\"https:\/\/irland-reise-tipps.de\/de\/touren\/rundreisen\/9-tage-irisches-tagebuch\/\" title=\"9 Tage - Irisches Tagebuch\">9 Tage &#8211; Irisches Tagebuch<\/a> <\/li><li><a href=\"https:\/\/irland-reise-tipps.de\/de\/touren\/rundreisen\/9-tage-die-gruen-insel-hat-viele-gesichter\/\" title=\"9 Tage - Die Gr\u00fcne Insel hat viele Gesichter\">9 Tage &#8211; Die Gr\u00fcne Insel hat viele Gesichter<\/a> <\/li><li><a href=\"https:\/\/irland-reise-tipps.de\/de\/touren\/rundreisen\/8-tage-unentdecktes-irland\/\" title=\"8 Tage - Unentdecktes Irland\">8 Tage &#8211; Unentdecktes Irland<\/a> <\/li><li><a href=\"https:\/\/irland-reise-tipps.de\/de\/touren\/rundreisen\/8-tage-nordirische-impressionen\/\" title=\"8 Tage - Nordirische Impressionen\">8 Tage &#8211; Nordirische Impressionen<\/a> <\/li><li><a href=\"https:\/\/irland-reise-tipps.de\/de\/touren\/rundreisen\/8-tage-irlands-suedwesten\/\" title=\"8 Tage - Irlands S\u00fcdwesten\">8 Tage &#8211; Irlands S\u00fcdwesten<\/a> <\/li><li><a href=\"https:\/\/irland-reise-tipps.de\/de\/touren\/rundreisen\/7-tage-flugreise-klassisches-irland\/\" title=\"7 Tage - Flugreise, klassisches Irland\">7 Tage &#8211; Flugreise, klassisches Irland<\/a> <\/li><li><a href=\"https:\/\/irland-reise-tipps.de\/de\/touren\/rundreisen\/7-tage-die-gruene-insel-hat-viele-gesichter\/\" title=\"7 Tage - Die Gruene Insel hat viele Gesichter\">7 Tage &#8211; Die Gruene Insel hat viele Gesichter<\/a> <\/li><li><a href=\"https:\/\/irland-reise-tipps.de\/de\/touren\/rundreisen\/6-tage-irland-gestern-und-heute\/\" title=\"6 Tage - Irland gestern und heute\">6 Tage &#8211; Irland gestern und heute<\/a> <\/li><\/ul>\n<h4>Highlights<\/h4>\n<ul class=\"lcp_catlist\"><li><a href=\"https:\/\/irland-reise-tipps.de\/de\/highlights\/highlights-in-dublin\/dublin-walking-tours\/\" title=\"Pat Liddy's Walking Tours of Dublin\">Pat Liddy&#8217;s Walking Tours of Dublin<\/a> <\/li><li><a href=\"https:\/\/irland-reise-tipps.de\/de\/highlights\/highlights-in-dublin\/st-patricks-cathedral\/\" title=\"St Patrick's Cathedral\">St Patrick&#8217;s Cathedral<\/a> <\/li><li><a href=\"https:\/\/irland-reise-tipps.de\/de\/highlights\/highlights-in-dublin\/dublin-castle\/\" title=\"Dublin Castle\">Dublin Castle<\/a> <\/li><li><a href=\"https:\/\/irland-reise-tipps.de\/de\/highlights\/highlights-in-dublin\/christchurch\/\" title=\"Christchurch\">Christchurch<\/a> <\/li><li><a href=\"https:\/\/irland-reise-tipps.de\/de\/highlights\/highlights-in-dublin\/kilmainham-goal\/\" title=\"Kilmainham Goal\">Kilmainham Goal<\/a> <\/li><li><a href=\"https:\/\/irland-reise-tipps.de\/de\/highlights\/highlights-in-dublin\/book-of-kells\/\" title=\"Book of Kells\">Book of Kells<\/a> <\/li><li><a href=\"https:\/\/irland-reise-tipps.de\/de\/highlights\/highlights-in-dublin\/jameson\/\" title=\"Jameson Whisky Distillery\">Jameson Whisky Distillery<\/a> <\/li><li><a href=\"https:\/\/irland-reise-tipps.de\/de\/highlights\/highlights-in-dublin\/guinness-storehouse\/\" title=\"Guinness Storehouse\">Guinness Storehouse<\/a> <\/li><\/ul>\n<h4>Veranstaltungen<\/h4>\nKeine  Veranstaltungen gelistet.\n","protected":false},"excerpt":{"rendered":"<p>Touren Highlights Veranstaltungen<\/p>\n","protected":false},"author":1,"featured_media":0,"parent":168,"menu_order":0,"comment_status":"closed","ping_status":"closed","template":"","meta":{"footnotes":""},"class_list":["post-913","page","type-page","status-publish","hentry"],"yoast_head":"<!-- This site is optimized with the Yoast SEO plugin v21.2 - https:\/\/yoast.com\/wordpress\/plugins\/seo\/ -->\n<title>County Dublin - Irland Reise Tipps<\/title>\n<meta name=\"description\" content=\"Gemeinsam die gr\u00fcne Insel Irland entdecken. Wir haben ausgew\u00e4hlte Veranstaltungen, Unterk\u00fcnfte und Touren mit den Highlights Irlands zusammengestellt.\" \/>\n<meta name=\"robots\" content=\"index, follow, max-snippet:-1, max-image-preview:large, max-video-preview:-1\" \/>\n<link rel=\"canonical\" href=\"https:\/\/irland-reise-tipps.de\/de\/bildergalerie\/county-dublin\/\" \/>\n<meta property=\"og:locale\" content=\"de_DE\" \/>\n<meta property=\"og:type\" content=\"article\" \/>\n<meta property=\"og:title\" content=\"County Dublin - Irland Reise Tipps\" \/>\n<meta property=\"og:description\" content=\"Gemeinsam die gr\u00fcne Insel Irland entdecken. Wir haben ausgew\u00e4hlte Veranstaltungen, Unterk\u00fcnfte und Touren mit den Highlights Irlands zusammengestellt.\" \/>\n<meta property=\"og:url\" content=\"https:\/\/irland-reise-tipps.de\/de\/bildergalerie\/county-dublin\/\" \/>\n<meta property=\"og:site_name\" content=\"Irland Reise Tipps\" \/>\n<meta property=\"article:modified_time\" content=\"2013-03-19T19:43:31+00:00\" \/>\n<script type=\"application\/ld+json\" class=\"yoast-schema-graph\">{\"@context\":\"https:\/\/schema.org\",\"@graph\":[{\"@type\":\"WebPage\",\"@id\":\"https:\/\/irland-reise-tipps.de\/de\/bildergalerie\/county-dublin\/\",\"url\":\"https:\/\/irland-reise-tipps.de\/de\/bildergalerie\/county-dublin\/\",\"name\":\"County Dublin - Irland Reise Tipps\",\"isPartOf\":{\"@id\":\"https:\/\/irland-reise-tipps.de\/de\/#website\"},\"datePublished\":\"2013-02-24T17:27:38+00:00\",\"dateModified\":\"2013-03-19T19:43:31+00:00\",\"description\":\"Gemeinsam die gr\u00fcne Insel Irland entdecken. Wir haben ausgew\u00e4hlte Veranstaltungen, Unterk\u00fcnfte und Touren mit den Highlights Irlands zusammengestellt.\",\"breadcrumb\":{\"@id\":\"https:\/\/irland-reise-tipps.de\/de\/bildergalerie\/county-dublin\/#breadcrumb\"},\"inLanguage\":\"de\",\"potentialAction\":[{\"@type\":\"ReadAction\",\"target\":[\"https:\/\/irland-reise-tipps.de\/de\/bildergalerie\/county-dublin\/\"]}]},{\"@type\":\"BreadcrumbList\",\"@id\":\"https:\/\/irland-reise-tipps.de\/de\/bildergalerie\/county-dublin\/#breadcrumb\",\"itemListElement\":[{\"@type\":\"ListItem\",\"position\":1,\"name\":\"Home\",\"item\":\"https:\/\/irland-reise-tipps.de\/de\/\"},{\"@type\":\"ListItem\",\"position\":2,\"name\":\"Bildergalerie\",\"item\":\"https:\/\/irland-reise-tipps.de\/de\/bildergalerie\/\"},{\"@type\":\"ListItem\",\"position\":3,\"name\":\"County Dublin\"}]},{\"@type\":\"WebSite\",\"@id\":\"https:\/\/irland-reise-tipps.de\/de\/#website\",\"url\":\"https:\/\/irland-reise-tipps.de\/de\/\",\"name\":\"Irland Reise Tipps\",\"description\":\"Gemeinsam die gr\u00fcne Insel entdecken\",\"potentialAction\":[{\"@type\":\"SearchAction\",\"target\":{\"@type\":\"EntryPoint\",\"urlTemplate\":\"https:\/\/irland-reise-tipps.de\/de\/?s={search_term_string}\"},\"query-input\":\"required name=search_term_string\"}],\"inLanguage\":\"de\"}]}<\/script>\n<!-- \/ Yoast SEO plugin. -->","yoast_head_json":{"title":"County Dublin - Irland Reise Tipps","description":"Gemeinsam die gr\u00fcne Insel Irland entdecken. Wir haben ausgew\u00e4hlte Veranstaltungen, Unterk\u00fcnfte und Touren mit den Highlights Irlands zusammengestellt.","robots":{"index":"index","follow":"follow","max-snippet":"max-snippet:-1","max-image-preview":"max-image-preview:large","max-video-preview":"max-video-preview:-1"},"canonical":"https:\/\/irland-reise-tipps.de\/de\/bildergalerie\/county-dublin\/","og_locale":"de_DE","og_type":"article","og_title":"County Dublin - Irland Reise Tipps","og_description":"Gemeinsam die gr\u00fcne Insel Irland entdecken. Wir haben ausgew\u00e4hlte Veranstaltungen, Unterk\u00fcnfte und Touren mit den Highlights Irlands zusammengestellt.","og_url":"https:\/\/irland-reise-tipps.de\/de\/bildergalerie\/county-dublin\/","og_site_name":"Irland Reise Tipps","article_modified_time":"2013-03-19T19:43:31+00:00","schema":{"@context":"https:\/\/schema.org","@graph":[{"@type":"WebPage","@id":"https:\/\/irland-reise-tipps.de\/de\/bildergalerie\/county-dublin\/","url":"https:\/\/irland-reise-tipps.de\/de\/bildergalerie\/county-dublin\/","name":"County Dublin - Irland Reise Tipps","isPartOf":{"@id":"https:\/\/irland-reise-tipps.de\/de\/#website"},"datePublished":"2013-02-24T17:27:38+00:00","dateModified":"2013-03-19T19:43:31+00:00","description":"Gemeinsam die gr\u00fcne Insel Irland entdecken. Wir haben ausgew\u00e4hlte Veranstaltungen, Unterk\u00fcnfte und Touren mit den Highlights Irlands zusammengestellt.","breadcrumb":{"@id":"https:\/\/irland-reise-tipps.de\/de\/bildergalerie\/county-dublin\/#breadcrumb"},"inLanguage":"de","potentialAction":[{"@type":"ReadAction","target":["https:\/\/irland-reise-tipps.de\/de\/bildergalerie\/county-dublin\/"]}]},{"@type":"BreadcrumbList","@id":"https:\/\/irland-reise-tipps.de\/de\/bildergalerie\/county-dublin\/#breadcrumb","itemListElement":[{"@type":"ListItem","position":1,"name":"Home","item":"https:\/\/irland-reise-tipps.de\/de\/"},{"@type":"ListItem","position":2,"name":"Bildergalerie","item":"https:\/\/irland-reise-tipps.de\/de\/bildergalerie\/"},{"@type":"ListItem","position":3,"name":"County Dublin"}]},{"@type":"WebSite","@id":"https:\/\/irland-reise-tipps.de\/de\/#website","url":"https:\/\/irland-reise-tipps.de\/de\/","name":"Irland Reise Tipps","description":"Gemeinsam die gr\u00fcne Insel entdecken","potentialAction":[{"@type":"SearchAction","target":{"@type":"EntryPoint","urlTemplate":"https:\/\/irland-reise-tipps.de\/de\/?s={search_term_string}"},"query-input":"required name=search_term_string"}],"inLanguage":"de"}]}},"_links":{"self":[{"href":"https:\/\/irland-reise-tipps.de\/de\/wp-json\/wp\/v2\/pages\/913","targetHints":{"allow":["GET"]}}],"collection":[{"href":"https:\/\/irland-reise-tipps.de\/de\/wp-json\/wp\/v2\/pages"}],"about":[{"href":"https:\/\/irland-reise-tipps.de\/de\/wp-json\/wp\/v2\/types\/page"}],"author":[{"embeddable":true,"href":"https:\/\/irland-reise-tipps.de\/de\/wp-json\/wp\/v2\/users\/1"}],"replies":[{"embeddable":true,"href":"https:\/\/irland-reise-tipps.de\/de\/wp-json\/wp\/v2\/comments?post=913"}],"version-history":[{"count":2,"href":"https:\/\/irland-reise-tipps.de\/de\/wp-json\/wp\/v2\/pages\/913\/revisions"}],"predecessor-version":[{"id":1294,"href":"https:\/\/irland-reise-tipps.de\/de\/wp-json\/wp\/v2\/pages\/913\/revisions\/1294"}],"up":[{"embeddable":true,"href":"https:\/\/irland-reise-tipps.de\/de\/wp-json\/wp\/v2\/pages\/168"}],"wp:attachment":[{"href":"https:\/\/irland-reise-tipps.de\/de\/wp-json\/wp\/v2\/media?parent=913"}],"curies":[{"name":"wp","href":"https:\/\/api.w.org\/{rel}","templated":true}]}}