{"id":907,"date":"2013-02-17T16:49:24","date_gmt":"2013-02-17T15:49:24","guid":{"rendered":"http:\/\/irland-reise-tipps.de\/de\/bilder-galerie\/county-sligo\/"},"modified":"2013-03-19T20:34:30","modified_gmt":"2013-03-19T19:34:30","slug":"county-sligo","status":"publish","type":"page","link":"https:\/\/irland-reise-tipps.de\/de\/bildergalerie\/county-sligo\/","title":{"rendered":"County Sligo"},"content":{"rendered":"\n<div class=\"ngg-galleryoverview\" id=\"ngg-gallery-17-907\">\n\n\n\t\n\t<!-- Thumbnails -->\n\t\t\n\t<div id=\"ngg-image-211\" class=\"ngg-gallery-thumbnail-box\"  >\n\t\t<div class=\"ngg-gallery-thumbnail\" >\n\t\t\t<a href=\"https:\/\/irland-reise-tipps.de\/de\/wp-content\/gallery\/county_sligo\/large_HL1005-509.jpg\" title=\" \" rel=\"lightbox[set_17]\" >\n\t\t\t\t\t\t\t\t<img loading=\"lazy\" decoding=\"async\" title=\"large_HL1005-509\" alt=\"large_HL1005-509\" src=\"https:\/\/irland-reise-tipps.de\/de\/wp-content\/gallery\/county_sligo\/thumbs\/thumbs_large_HL1005-509.jpg\" width=\"100\" height=\"75\" \/>\n\t\t\t\t\t\t\t<\/a>\n\t\t<\/div>\n\t<\/div>\n\t\n\t\t\n \t\t\n\t<div id=\"ngg-image-212\" class=\"ngg-gallery-thumbnail-box\"  >\n\t\t<div class=\"ngg-gallery-thumbnail\" >\n\t\t\t<a href=\"https:\/\/irland-reise-tipps.de\/de\/wp-content\/gallery\/county_sligo\/large_HL1005-511.jpg\" title=\" \" rel=\"lightbox[set_17]\" >\n\t\t\t\t\t\t\t\t<img loading=\"lazy\" decoding=\"async\" title=\"large_HL1005-511\" alt=\"large_HL1005-511\" src=\"https:\/\/irland-reise-tipps.de\/de\/wp-content\/gallery\/county_sligo\/thumbs\/thumbs_large_HL1005-511.jpg\" width=\"100\" height=\"75\" \/>\n\t\t\t\t\t\t\t<\/a>\n\t\t<\/div>\n\t<\/div>\n\t\n\t\t\n \t\t\n\t<div id=\"ngg-image-213\" class=\"ngg-gallery-thumbnail-box\"  >\n\t\t<div class=\"ngg-gallery-thumbnail\" >\n\t\t\t<a href=\"https:\/\/irland-reise-tipps.de\/de\/wp-content\/gallery\/county_sligo\/large_HL1005-515.jpg\" title=\" \" rel=\"lightbox[set_17]\" >\n\t\t\t\t\t\t\t\t<img loading=\"lazy\" decoding=\"async\" title=\"large_HL1005-515\" alt=\"large_HL1005-515\" src=\"https:\/\/irland-reise-tipps.de\/de\/wp-content\/gallery\/county_sligo\/thumbs\/thumbs_large_HL1005-515.jpg\" width=\"100\" height=\"75\" \/>\n\t\t\t\t\t\t\t<\/a>\n\t\t<\/div>\n\t<\/div>\n\t\n\t\t\n \t\t\n\t<div id=\"ngg-image-214\" class=\"ngg-gallery-thumbnail-box\"  >\n\t\t<div class=\"ngg-gallery-thumbnail\" >\n\t\t\t<a href=\"https:\/\/irland-reise-tipps.de\/de\/wp-content\/gallery\/county_sligo\/large_HL1005-517.jpg\" title=\" \" rel=\"lightbox[set_17]\" >\n\t\t\t\t\t\t\t\t<img loading=\"lazy\" decoding=\"async\" title=\"large_HL1005-517\" alt=\"large_HL1005-517\" src=\"https:\/\/irland-reise-tipps.de\/de\/wp-content\/gallery\/county_sligo\/thumbs\/thumbs_large_HL1005-517.jpg\" width=\"100\" height=\"75\" \/>\n\t\t\t\t\t\t\t<\/a>\n\t\t<\/div>\n\t<\/div>\n\t\n\t\t\n \t\t\n\t<div id=\"ngg-image-215\" class=\"ngg-gallery-thumbnail-box\"  >\n\t\t<div class=\"ngg-gallery-thumbnail\" >\n\t\t\t<a href=\"https:\/\/irland-reise-tipps.de\/de\/wp-content\/gallery\/county_sligo\/large_S0147.jpg\" title=\" \" rel=\"lightbox[set_17]\" >\n\t\t\t\t\t\t\t\t<img loading=\"lazy\" decoding=\"async\" title=\"large_S0147\" alt=\"large_S0147\" src=\"https:\/\/irland-reise-tipps.de\/de\/wp-content\/gallery\/county_sligo\/thumbs\/thumbs_large_S0147.jpg\" width=\"100\" height=\"75\" \/>\n\t\t\t\t\t\t\t<\/a>\n\t\t<\/div>\n\t<\/div>\n\t\n\t\t\n \t\t\n\t<div id=\"ngg-image-216\" class=\"ngg-gallery-thumbnail-box\"  >\n\t\t<div class=\"ngg-gallery-thumbnail\" >\n\t\t\t<a href=\"https:\/\/irland-reise-tipps.de\/de\/wp-content\/gallery\/county_sligo\/large_bm_sligo_061510__013.jpg\" title=\" \" rel=\"lightbox[set_17]\" >\n\t\t\t\t\t\t\t\t<img loading=\"lazy\" decoding=\"async\" title=\"large_bm_sligo_061510__013\" alt=\"large_bm_sligo_061510__013\" src=\"https:\/\/irland-reise-tipps.de\/de\/wp-content\/gallery\/county_sligo\/thumbs\/thumbs_large_bm_sligo_061510__013.jpg\" width=\"100\" height=\"75\" \/>\n\t\t\t\t\t\t\t<\/a>\n\t\t<\/div>\n\t<\/div>\n\t\n\t\t\n \t\t\n\t<div id=\"ngg-image-217\" class=\"ngg-gallery-thumbnail-box\"  >\n\t\t<div class=\"ngg-gallery-thumbnail\" >\n\t\t\t<a href=\"https:\/\/irland-reise-tipps.de\/de\/wp-content\/gallery\/county_sligo\/large_bm_sligo_061510__017.jpg\" title=\" \" rel=\"lightbox[set_17]\" >\n\t\t\t\t\t\t\t\t<img loading=\"lazy\" decoding=\"async\" title=\"large_bm_sligo_061510__017\" alt=\"large_bm_sligo_061510__017\" src=\"https:\/\/irland-reise-tipps.de\/de\/wp-content\/gallery\/county_sligo\/thumbs\/thumbs_large_bm_sligo_061510__017.jpg\" width=\"100\" height=\"75\" \/>\n\t\t\t\t\t\t\t<\/a>\n\t\t<\/div>\n\t<\/div>\n\t\n\t\t\n \t\t\n\t<div id=\"ngg-image-218\" class=\"ngg-gallery-thumbnail-box\"  >\n\t\t<div class=\"ngg-gallery-thumbnail\" >\n\t\t\t<a href=\"https:\/\/irland-reise-tipps.de\/de\/wp-content\/gallery\/county_sligo\/large_bm_sligo_061510__022.jpg\" title=\" \" rel=\"lightbox[set_17]\" >\n\t\t\t\t\t\t\t\t<img loading=\"lazy\" decoding=\"async\" title=\"large_bm_sligo_061510__022\" alt=\"large_bm_sligo_061510__022\" src=\"https:\/\/irland-reise-tipps.de\/de\/wp-content\/gallery\/county_sligo\/thumbs\/thumbs_large_bm_sligo_061510__022.jpg\" width=\"100\" height=\"75\" \/>\n\t\t\t\t\t\t\t<\/a>\n\t\t<\/div>\n\t<\/div>\n\t\n\t\t\n \t\t\n\t<div id=\"ngg-image-219\" class=\"ngg-gallery-thumbnail-box\"  >\n\t\t<div class=\"ngg-gallery-thumbnail\" >\n\t\t\t<a href=\"https:\/\/irland-reise-tipps.de\/de\/wp-content\/gallery\/county_sligo\/large_bm_sligo_061510__023.jpg\" title=\" \" rel=\"lightbox[set_17]\" >\n\t\t\t\t\t\t\t\t<img loading=\"lazy\" decoding=\"async\" title=\"large_bm_sligo_061510__023\" alt=\"large_bm_sligo_061510__023\" src=\"https:\/\/irland-reise-tipps.de\/de\/wp-content\/gallery\/county_sligo\/thumbs\/thumbs_large_bm_sligo_061510__023.jpg\" width=\"100\" height=\"75\" \/>\n\t\t\t\t\t\t\t<\/a>\n\t\t<\/div>\n\t<\/div>\n\t\n\t\t\n \t\t\n\t<div id=\"ngg-image-220\" class=\"ngg-gallery-thumbnail-box\"  >\n\t\t<div class=\"ngg-gallery-thumbnail\" >\n\t\t\t<a href=\"https:\/\/irland-reise-tipps.de\/de\/wp-content\/gallery\/county_sligo\/large_ch_020507_120.jpg\" title=\" \" rel=\"lightbox[set_17]\" >\n\t\t\t\t\t\t\t\t<img loading=\"lazy\" decoding=\"async\" title=\"large_ch_020507_120\" alt=\"large_ch_020507_120\" src=\"https:\/\/irland-reise-tipps.de\/de\/wp-content\/gallery\/county_sligo\/thumbs\/thumbs_large_ch_020507_120.jpg\" width=\"100\" height=\"75\" \/>\n\t\t\t\t\t\t\t<\/a>\n\t\t<\/div>\n\t<\/div>\n\t\n\t\t\n \t \t\n\t<!-- Pagination -->\n \t<div class=\"ngg-clear\"><\/div> \t\n<\/div>\n\n\n<h4>Touren<\/h4>\n<ul class=\"lcp_catlist\"><li><a href=\"https:\/\/irland-reise-tipps.de\/de\/touren\/reisetagebuch\/tag-6-von-galway-bis-collooney\/\" title=\"Tag 6 \/ Von Galway bis Collooney\">Tag 6 \/ Von Galway bis Collooney<\/a> <\/li><li><a href=\"https:\/\/irland-reise-tipps.de\/de\/touren\/rundreisen\/12-tage-rundreise-britische-inseln\/\" title=\"12 Tage - Rundreise Britische Inseln \">12 Tage &#8211; Rundreise Britische Inseln<\/a> <\/li><li><a href=\"https:\/\/irland-reise-tipps.de\/de\/touren\/rundreisen\/11-tage-auf-den-spuren-des-heiligen-patrick\/\" title=\"11 Tage - Auf den Spuren des Heiligen Patrick\">11 Tage &#8211; Auf den Spuren des Heiligen Patrick<\/a> <\/li><li><a href=\"https:\/\/irland-reise-tipps.de\/de\/touren\/rundreisen\/10-tage-irlands-norden\/\" title=\"10 Tage - Irlands Norden\">10 Tage &#8211; Irlands Norden<\/a> <\/li><li><a href=\"https:\/\/irland-reise-tipps.de\/de\/touren\/rundreisen\/8-tage-unentdecktes-irland\/\" title=\"8 Tage - Unentdecktes Irland\">8 Tage &#8211; Unentdecktes Irland<\/a> <\/li><li><a href=\"https:\/\/irland-reise-tipps.de\/de\/touren\/rundreisen\/8-tage-nordirische-impressionen\/\" title=\"8 Tage - Nordirische Impressionen\">8 Tage &#8211; Nordirische Impressionen<\/a> <\/li><\/ul>\n<h4>Highlights<\/h4>\n<ul class=\"lcp_catlist\"><\/ul>\n<h4>Veranstaltungen<\/h4>\nKeine  Veranstaltungen gelistet.\n","protected":false},"excerpt":{"rendered":"<p>Touren Highlights Veranstaltungen<\/p>\n","protected":false},"author":1,"featured_media":0,"parent":168,"menu_order":0,"comment_status":"closed","ping_status":"closed","template":"","meta":{"footnotes":""},"class_list":["post-907","page","type-page","status-publish","hentry"],"yoast_head":"<!-- This site is optimized with the Yoast SEO plugin v21.2 - https:\/\/yoast.com\/wordpress\/plugins\/seo\/ -->\n<title>County Sligo - Irland Reise Tipps<\/title>\n<meta name=\"description\" content=\"Gemeinsam die gr\u00fcne Insel Irland entdecken. Wir haben ausgew\u00e4hlte Veranstaltungen, Unterk\u00fcnfte und Touren mit den Highlights Irlands zusammengestellt.\" \/>\n<meta name=\"robots\" content=\"index, follow, max-snippet:-1, max-image-preview:large, max-video-preview:-1\" \/>\n<link rel=\"canonical\" href=\"https:\/\/irland-reise-tipps.de\/de\/bildergalerie\/county-sligo\/\" \/>\n<meta property=\"og:locale\" content=\"de_DE\" \/>\n<meta property=\"og:type\" content=\"article\" \/>\n<meta property=\"og:title\" content=\"County Sligo - Irland Reise Tipps\" \/>\n<meta property=\"og:description\" content=\"Gemeinsam die gr\u00fcne Insel Irland entdecken. Wir haben ausgew\u00e4hlte Veranstaltungen, Unterk\u00fcnfte und Touren mit den Highlights Irlands zusammengestellt.\" \/>\n<meta property=\"og:url\" content=\"https:\/\/irland-reise-tipps.de\/de\/bildergalerie\/county-sligo\/\" \/>\n<meta property=\"og:site_name\" content=\"Irland Reise Tipps\" \/>\n<meta property=\"article:modified_time\" content=\"2013-03-19T19:34:30+00:00\" \/>\n<script type=\"application\/ld+json\" class=\"yoast-schema-graph\">{\"@context\":\"https:\/\/schema.org\",\"@graph\":[{\"@type\":\"WebPage\",\"@id\":\"https:\/\/irland-reise-tipps.de\/de\/bildergalerie\/county-sligo\/\",\"url\":\"https:\/\/irland-reise-tipps.de\/de\/bildergalerie\/county-sligo\/\",\"name\":\"County Sligo - Irland Reise Tipps\",\"isPartOf\":{\"@id\":\"https:\/\/irland-reise-tipps.de\/de\/#website\"},\"datePublished\":\"2013-02-17T15:49:24+00:00\",\"dateModified\":\"2013-03-19T19:34:30+00:00\",\"description\":\"Gemeinsam die gr\u00fcne Insel Irland entdecken. Wir haben ausgew\u00e4hlte Veranstaltungen, Unterk\u00fcnfte und Touren mit den Highlights Irlands zusammengestellt.\",\"breadcrumb\":{\"@id\":\"https:\/\/irland-reise-tipps.de\/de\/bildergalerie\/county-sligo\/#breadcrumb\"},\"inLanguage\":\"de\",\"potentialAction\":[{\"@type\":\"ReadAction\",\"target\":[\"https:\/\/irland-reise-tipps.de\/de\/bildergalerie\/county-sligo\/\"]}]},{\"@type\":\"BreadcrumbList\",\"@id\":\"https:\/\/irland-reise-tipps.de\/de\/bildergalerie\/county-sligo\/#breadcrumb\",\"itemListElement\":[{\"@type\":\"ListItem\",\"position\":1,\"name\":\"Home\",\"item\":\"https:\/\/irland-reise-tipps.de\/de\/\"},{\"@type\":\"ListItem\",\"position\":2,\"name\":\"Bildergalerie\",\"item\":\"https:\/\/irland-reise-tipps.de\/de\/bildergalerie\/\"},{\"@type\":\"ListItem\",\"position\":3,\"name\":\"County Sligo\"}]},{\"@type\":\"WebSite\",\"@id\":\"https:\/\/irland-reise-tipps.de\/de\/#website\",\"url\":\"https:\/\/irland-reise-tipps.de\/de\/\",\"name\":\"Irland Reise Tipps\",\"description\":\"Gemeinsam die gr\u00fcne Insel entdecken\",\"potentialAction\":[{\"@type\":\"SearchAction\",\"target\":{\"@type\":\"EntryPoint\",\"urlTemplate\":\"https:\/\/irland-reise-tipps.de\/de\/?s={search_term_string}\"},\"query-input\":\"required name=search_term_string\"}],\"inLanguage\":\"de\"}]}<\/script>\n<!-- \/ Yoast SEO plugin. -->","yoast_head_json":{"title":"County Sligo - Irland Reise Tipps","description":"Gemeinsam die gr\u00fcne Insel Irland entdecken. Wir haben ausgew\u00e4hlte Veranstaltungen, Unterk\u00fcnfte und Touren mit den Highlights Irlands zusammengestellt.","robots":{"index":"index","follow":"follow","max-snippet":"max-snippet:-1","max-image-preview":"max-image-preview:large","max-video-preview":"max-video-preview:-1"},"canonical":"https:\/\/irland-reise-tipps.de\/de\/bildergalerie\/county-sligo\/","og_locale":"de_DE","og_type":"article","og_title":"County Sligo - Irland Reise Tipps","og_description":"Gemeinsam die gr\u00fcne Insel Irland entdecken. Wir haben ausgew\u00e4hlte Veranstaltungen, Unterk\u00fcnfte und Touren mit den Highlights Irlands zusammengestellt.","og_url":"https:\/\/irland-reise-tipps.de\/de\/bildergalerie\/county-sligo\/","og_site_name":"Irland Reise Tipps","article_modified_time":"2013-03-19T19:34:30+00:00","schema":{"@context":"https:\/\/schema.org","@graph":[{"@type":"WebPage","@id":"https:\/\/irland-reise-tipps.de\/de\/bildergalerie\/county-sligo\/","url":"https:\/\/irland-reise-tipps.de\/de\/bildergalerie\/county-sligo\/","name":"County Sligo - Irland Reise Tipps","isPartOf":{"@id":"https:\/\/irland-reise-tipps.de\/de\/#website"},"datePublished":"2013-02-17T15:49:24+00:00","dateModified":"2013-03-19T19:34:30+00:00","description":"Gemeinsam die gr\u00fcne Insel Irland entdecken. Wir haben ausgew\u00e4hlte Veranstaltungen, Unterk\u00fcnfte und Touren mit den Highlights Irlands zusammengestellt.","breadcrumb":{"@id":"https:\/\/irland-reise-tipps.de\/de\/bildergalerie\/county-sligo\/#breadcrumb"},"inLanguage":"de","potentialAction":[{"@type":"ReadAction","target":["https:\/\/irland-reise-tipps.de\/de\/bildergalerie\/county-sligo\/"]}]},{"@type":"BreadcrumbList","@id":"https:\/\/irland-reise-tipps.de\/de\/bildergalerie\/county-sligo\/#breadcrumb","itemListElement":[{"@type":"ListItem","position":1,"name":"Home","item":"https:\/\/irland-reise-tipps.de\/de\/"},{"@type":"ListItem","position":2,"name":"Bildergalerie","item":"https:\/\/irland-reise-tipps.de\/de\/bildergalerie\/"},{"@type":"ListItem","position":3,"name":"County Sligo"}]},{"@type":"WebSite","@id":"https:\/\/irland-reise-tipps.de\/de\/#website","url":"https:\/\/irland-reise-tipps.de\/de\/","name":"Irland Reise Tipps","description":"Gemeinsam die gr\u00fcne Insel entdecken","potentialAction":[{"@type":"SearchAction","target":{"@type":"EntryPoint","urlTemplate":"https:\/\/irland-reise-tipps.de\/de\/?s={search_term_string}"},"query-input":"required name=search_term_string"}],"inLanguage":"de"}]}},"_links":{"self":[{"href":"https:\/\/irland-reise-tipps.de\/de\/wp-json\/wp\/v2\/pages\/907","targetHints":{"allow":["GET"]}}],"collection":[{"href":"https:\/\/irland-reise-tipps.de\/de\/wp-json\/wp\/v2\/pages"}],"about":[{"href":"https:\/\/irland-reise-tipps.de\/de\/wp-json\/wp\/v2\/types\/page"}],"author":[{"embeddable":true,"href":"https:\/\/irland-reise-tipps.de\/de\/wp-json\/wp\/v2\/users\/1"}],"replies":[{"embeddable":true,"href":"https:\/\/irland-reise-tipps.de\/de\/wp-json\/wp\/v2\/comments?post=907"}],"version-history":[{"count":1,"href":"https:\/\/irland-reise-tipps.de\/de\/wp-json\/wp\/v2\/pages\/907\/revisions"}],"predecessor-version":[{"id":1937,"href":"https:\/\/irland-reise-tipps.de\/de\/wp-json\/wp\/v2\/pages\/907\/revisions\/1937"}],"up":[{"embeddable":true,"href":"https:\/\/irland-reise-tipps.de\/de\/wp-json\/wp\/v2\/pages\/168"}],"wp:attachment":[{"href":"https:\/\/irland-reise-tipps.de\/de\/wp-json\/wp\/v2\/media?parent=907"}],"curies":[{"name":"wp","href":"https:\/\/api.w.org\/{rel}","templated":true}]}}