{"id":906,"date":"2013-02-17T16:49:03","date_gmt":"2013-02-17T15:49:03","guid":{"rendered":"http:\/\/irland-reise-tipps.de\/de\/bilder-galerie\/county-mayo\/"},"modified":"2013-03-19T20:35:12","modified_gmt":"2013-03-19T19:35:12","slug":"county-mayo","status":"publish","type":"page","link":"https:\/\/irland-reise-tipps.de\/de\/bildergalerie\/county-mayo\/","title":{"rendered":"County Mayo"},"content":{"rendered":"\n<div class=\"ngg-galleryoverview\" id=\"ngg-gallery-16-906\">\n\n\n\t\n\t<!-- Thumbnails -->\n\t\t\n\t<div id=\"ngg-image-193\" class=\"ngg-gallery-thumbnail-box\"  >\n\t\t<div class=\"ngg-gallery-thumbnail\" >\n\t\t\t<a href=\"https:\/\/irland-reise-tipps.de\/de\/wp-content\/gallery\/county_mayo\/large_CIMG0471_27march_07.jpg\" title=\" \" rel=\"lightbox[set_16]\" >\n\t\t\t\t\t\t\t\t<img loading=\"lazy\" decoding=\"async\" title=\"large_CIMG0471_27march_07\" alt=\"large_CIMG0471_27march_07\" src=\"https:\/\/irland-reise-tipps.de\/de\/wp-content\/gallery\/county_mayo\/thumbs\/thumbs_large_CIMG0471_27march_07.jpg\" width=\"100\" height=\"75\" \/>\n\t\t\t\t\t\t\t<\/a>\n\t\t<\/div>\n\t<\/div>\n\t\n\t\t\n \t\t\n\t<div id=\"ngg-image-194\" class=\"ngg-gallery-thumbnail-box\"  >\n\t\t<div class=\"ngg-gallery-thumbnail\" >\n\t\t\t<a href=\"https:\/\/irland-reise-tipps.de\/de\/wp-content\/gallery\/county_mayo\/large_HL1005-524.jpg\" title=\" \" rel=\"lightbox[set_16]\" >\n\t\t\t\t\t\t\t\t<img loading=\"lazy\" decoding=\"async\" title=\"large_HL1005-524\" alt=\"large_HL1005-524\" src=\"https:\/\/irland-reise-tipps.de\/de\/wp-content\/gallery\/county_mayo\/thumbs\/thumbs_large_HL1005-524.jpg\" width=\"100\" height=\"75\" \/>\n\t\t\t\t\t\t\t<\/a>\n\t\t<\/div>\n\t<\/div>\n\t\n\t\t\n \t\t\n\t<div id=\"ngg-image-195\" class=\"ngg-gallery-thumbnail-box\"  >\n\t\t<div class=\"ngg-gallery-thumbnail\" >\n\t\t\t<a href=\"https:\/\/irland-reise-tipps.de\/de\/wp-content\/gallery\/county_mayo\/large_HL1005-532.jpg\" title=\" \" rel=\"lightbox[set_16]\" >\n\t\t\t\t\t\t\t\t<img loading=\"lazy\" decoding=\"async\" title=\"large_HL1005-532\" alt=\"large_HL1005-532\" src=\"https:\/\/irland-reise-tipps.de\/de\/wp-content\/gallery\/county_mayo\/thumbs\/thumbs_large_HL1005-532.jpg\" width=\"100\" height=\"75\" \/>\n\t\t\t\t\t\t\t<\/a>\n\t\t<\/div>\n\t<\/div>\n\t\n\t\t\n \t\t\n\t<div id=\"ngg-image-196\" class=\"ngg-gallery-thumbnail-box\"  >\n\t\t<div class=\"ngg-gallery-thumbnail\" >\n\t\t\t<a href=\"https:\/\/irland-reise-tipps.de\/de\/wp-content\/gallery\/county_mayo\/large_HL1005-559.jpg\" title=\" \" rel=\"lightbox[set_16]\" >\n\t\t\t\t\t\t\t\t<img loading=\"lazy\" decoding=\"async\" title=\"large_HL1005-559\" alt=\"large_HL1005-559\" src=\"https:\/\/irland-reise-tipps.de\/de\/wp-content\/gallery\/county_mayo\/thumbs\/thumbs_large_HL1005-559.jpg\" width=\"100\" height=\"75\" \/>\n\t\t\t\t\t\t\t<\/a>\n\t\t<\/div>\n\t<\/div>\n\t\n\t\t\n \t\t\n\t<div id=\"ngg-image-197\" class=\"ngg-gallery-thumbnail-box\"  >\n\t\t<div class=\"ngg-gallery-thumbnail\" >\n\t\t\t<a href=\"https:\/\/irland-reise-tipps.de\/de\/wp-content\/gallery\/county_mayo\/large_HL1005-560.jpg\" title=\" \" rel=\"lightbox[set_16]\" >\n\t\t\t\t\t\t\t\t<img loading=\"lazy\" decoding=\"async\" title=\"large_HL1005-560\" alt=\"large_HL1005-560\" src=\"https:\/\/irland-reise-tipps.de\/de\/wp-content\/gallery\/county_mayo\/thumbs\/thumbs_large_HL1005-560.jpg\" width=\"100\" height=\"75\" \/>\n\t\t\t\t\t\t\t<\/a>\n\t\t<\/div>\n\t<\/div>\n\t\n\t\t\n \t\t\n\t<div id=\"ngg-image-198\" class=\"ngg-gallery-thumbnail-box\"  >\n\t\t<div class=\"ngg-gallery-thumbnail\" >\n\t\t\t<a href=\"https:\/\/irland-reise-tipps.de\/de\/wp-content\/gallery\/county_mayo\/large_HL1005-561.jpg\" title=\" \" rel=\"lightbox[set_16]\" >\n\t\t\t\t\t\t\t\t<img loading=\"lazy\" decoding=\"async\" title=\"large_HL1005-561\" alt=\"large_HL1005-561\" src=\"https:\/\/irland-reise-tipps.de\/de\/wp-content\/gallery\/county_mayo\/thumbs\/thumbs_large_HL1005-561.jpg\" width=\"100\" height=\"75\" \/>\n\t\t\t\t\t\t\t<\/a>\n\t\t<\/div>\n\t<\/div>\n\t\n\t\t\n \t\t\n\t<div id=\"ngg-image-199\" class=\"ngg-gallery-thumbnail-box\"  >\n\t\t<div class=\"ngg-gallery-thumbnail\" >\n\t\t\t<a href=\"https:\/\/irland-reise-tipps.de\/de\/wp-content\/gallery\/county_mayo\/large_HL1005-570.jpg\" title=\" \" rel=\"lightbox[set_16]\" >\n\t\t\t\t\t\t\t\t<img loading=\"lazy\" decoding=\"async\" title=\"large_HL1005-570\" alt=\"large_HL1005-570\" src=\"https:\/\/irland-reise-tipps.de\/de\/wp-content\/gallery\/county_mayo\/thumbs\/thumbs_large_HL1005-570.jpg\" width=\"100\" height=\"75\" \/>\n\t\t\t\t\t\t\t<\/a>\n\t\t<\/div>\n\t<\/div>\n\t\n\t\t\n \t\t\n\t<div id=\"ngg-image-200\" class=\"ngg-gallery-thumbnail-box\"  >\n\t\t<div class=\"ngg-gallery-thumbnail\" >\n\t\t\t<a href=\"https:\/\/irland-reise-tipps.de\/de\/wp-content\/gallery\/county_mayo\/large_HL1005-613.jpg\" title=\" \" rel=\"lightbox[set_16]\" >\n\t\t\t\t\t\t\t\t<img loading=\"lazy\" decoding=\"async\" title=\"large_HL1005-613\" alt=\"large_HL1005-613\" src=\"https:\/\/irland-reise-tipps.de\/de\/wp-content\/gallery\/county_mayo\/thumbs\/thumbs_large_HL1005-613.jpg\" width=\"100\" height=\"75\" \/>\n\t\t\t\t\t\t\t<\/a>\n\t\t<\/div>\n\t<\/div>\n\t\n\t\t\n \t\t\n\t<div id=\"ngg-image-201\" class=\"ngg-gallery-thumbnail-box\"  >\n\t\t<div class=\"ngg-gallery-thumbnail\" >\n\t\t\t<a href=\"https:\/\/irland-reise-tipps.de\/de\/wp-content\/gallery\/county_mayo\/large_HL1005-633.jpg\" title=\" \" rel=\"lightbox[set_16]\" >\n\t\t\t\t\t\t\t\t<img loading=\"lazy\" decoding=\"async\" title=\"large_HL1005-633\" alt=\"large_HL1005-633\" src=\"https:\/\/irland-reise-tipps.de\/de\/wp-content\/gallery\/county_mayo\/thumbs\/thumbs_large_HL1005-633.jpg\" width=\"100\" height=\"75\" \/>\n\t\t\t\t\t\t\t<\/a>\n\t\t<\/div>\n\t<\/div>\n\t\n\t\t\n \t\t\n\t<div id=\"ngg-image-202\" class=\"ngg-gallery-thumbnail-box\"  >\n\t\t<div class=\"ngg-gallery-thumbnail\" >\n\t\t\t<a href=\"https:\/\/irland-reise-tipps.de\/de\/wp-content\/gallery\/county_mayo\/large_M0139.jpg\" title=\" \" rel=\"lightbox[set_16]\" >\n\t\t\t\t\t\t\t\t<img loading=\"lazy\" decoding=\"async\" title=\"large_M0139\" alt=\"large_M0139\" src=\"https:\/\/irland-reise-tipps.de\/de\/wp-content\/gallery\/county_mayo\/thumbs\/thumbs_large_M0139.jpg\" width=\"100\" height=\"75\" \/>\n\t\t\t\t\t\t\t<\/a>\n\t\t<\/div>\n\t<\/div>\n\t\n\t\t\n \t\t\n\t<div id=\"ngg-image-203\" class=\"ngg-gallery-thumbnail-box\"  >\n\t\t<div class=\"ngg-gallery-thumbnail\" >\n\t\t\t<a href=\"https:\/\/irland-reise-tipps.de\/de\/wp-content\/gallery\/county_mayo\/large_M0141.jpg\" title=\" \" rel=\"lightbox[set_16]\" >\n\t\t\t\t\t\t\t\t<img loading=\"lazy\" decoding=\"async\" title=\"large_M0141\" alt=\"large_M0141\" src=\"https:\/\/irland-reise-tipps.de\/de\/wp-content\/gallery\/county_mayo\/thumbs\/thumbs_large_M0141.jpg\" width=\"100\" height=\"75\" \/>\n\t\t\t\t\t\t\t<\/a>\n\t\t<\/div>\n\t<\/div>\n\t\n\t\t\n \t\t\n\t<div id=\"ngg-image-204\" class=\"ngg-gallery-thumbnail-box\"  >\n\t\t<div class=\"ngg-gallery-thumbnail\" >\n\t\t\t<a href=\"https:\/\/irland-reise-tipps.de\/de\/wp-content\/gallery\/county_mayo\/large_N19.jpg\" title=\" \" rel=\"lightbox[set_16]\" >\n\t\t\t\t\t\t\t\t<img loading=\"lazy\" decoding=\"async\" title=\"large_N19\" alt=\"large_N19\" src=\"https:\/\/irland-reise-tipps.de\/de\/wp-content\/gallery\/county_mayo\/thumbs\/thumbs_large_N19.jpg\" width=\"100\" height=\"75\" \/>\n\t\t\t\t\t\t\t<\/a>\n\t\t<\/div>\n\t<\/div>\n\t\n\t\t\n \t\t\n\t<div id=\"ngg-image-205\" class=\"ngg-gallery-thumbnail-box\"  >\n\t\t<div class=\"ngg-gallery-thumbnail\" >\n\t\t\t<a href=\"https:\/\/irland-reise-tipps.de\/de\/wp-content\/gallery\/county_mayo\/large_N29.jpg\" title=\" \" rel=\"lightbox[set_16]\" >\n\t\t\t\t\t\t\t\t<img loading=\"lazy\" decoding=\"async\" title=\"large_N29\" alt=\"large_N29\" src=\"https:\/\/irland-reise-tipps.de\/de\/wp-content\/gallery\/county_mayo\/thumbs\/thumbs_large_N29.jpg\" width=\"100\" height=\"75\" \/>\n\t\t\t\t\t\t\t<\/a>\n\t\t<\/div>\n\t<\/div>\n\t\n\t\t\n \t\t\n\t<div id=\"ngg-image-206\" class=\"ngg-gallery-thumbnail-box\"  >\n\t\t<div class=\"ngg-gallery-thumbnail\" >\n\t\t\t<a href=\"https:\/\/irland-reise-tipps.de\/de\/wp-content\/gallery\/county_mayo\/large_ac_mayo_05012011_01.jpg\" title=\" \" rel=\"lightbox[set_16]\" >\n\t\t\t\t\t\t\t\t<img loading=\"lazy\" decoding=\"async\" title=\"large_ac_mayo_05012011_01\" alt=\"large_ac_mayo_05012011_01\" src=\"https:\/\/irland-reise-tipps.de\/de\/wp-content\/gallery\/county_mayo\/thumbs\/thumbs_large_ac_mayo_05012011_01.jpg\" width=\"100\" height=\"75\" \/>\n\t\t\t\t\t\t\t<\/a>\n\t\t<\/div>\n\t<\/div>\n\t\n\t\t\n \t\t\n\t<div id=\"ngg-image-207\" class=\"ngg-gallery-thumbnail-box\"  >\n\t\t<div class=\"ngg-gallery-thumbnail\" >\n\t\t\t<a href=\"https:\/\/irland-reise-tipps.de\/de\/wp-content\/gallery\/county_mayo\/large_ch_120310_056.jpg\" title=\" \" rel=\"lightbox[set_16]\" >\n\t\t\t\t\t\t\t\t<img loading=\"lazy\" decoding=\"async\" title=\"large_ch_120310_056\" alt=\"large_ch_120310_056\" src=\"https:\/\/irland-reise-tipps.de\/de\/wp-content\/gallery\/county_mayo\/thumbs\/thumbs_large_ch_120310_056.jpg\" width=\"100\" height=\"75\" \/>\n\t\t\t\t\t\t\t<\/a>\n\t\t<\/div>\n\t<\/div>\n\t\n\t\t\n \t\t\n\t<div id=\"ngg-image-208\" class=\"ngg-gallery-thumbnail-box\"  >\n\t\t<div class=\"ngg-gallery-thumbnail\" >\n\t\t\t<a href=\"https:\/\/irland-reise-tipps.de\/de\/wp-content\/gallery\/county_mayo\/large_chris_hill_2_30_11_2011_03.jpg\" title=\" \" rel=\"lightbox[set_16]\" >\n\t\t\t\t\t\t\t\t<img loading=\"lazy\" decoding=\"async\" title=\"large_chris_hill_2_30_11_2011_03\" alt=\"large_chris_hill_2_30_11_2011_03\" src=\"https:\/\/irland-reise-tipps.de\/de\/wp-content\/gallery\/county_mayo\/thumbs\/thumbs_large_chris_hill_2_30_11_2011_03.jpg\" width=\"100\" height=\"75\" \/>\n\t\t\t\t\t\t\t<\/a>\n\t\t<\/div>\n\t<\/div>\n\t\n\t\t\n \t\t\n\t<div id=\"ngg-image-209\" class=\"ngg-gallery-thumbnail-box\"  >\n\t\t<div class=\"ngg-gallery-thumbnail\" >\n\t\t\t<a href=\"https:\/\/irland-reise-tipps.de\/de\/wp-content\/gallery\/county_mayo\/large_dt_091107_056.jpg\" title=\" \" rel=\"lightbox[set_16]\" >\n\t\t\t\t\t\t\t\t<img loading=\"lazy\" decoding=\"async\" title=\"large_dt_091107_056\" alt=\"large_dt_091107_056\" src=\"https:\/\/irland-reise-tipps.de\/de\/wp-content\/gallery\/county_mayo\/thumbs\/thumbs_large_dt_091107_056.jpg\" width=\"100\" height=\"75\" \/>\n\t\t\t\t\t\t\t<\/a>\n\t\t<\/div>\n\t<\/div>\n\t\n\t\t\n \t\t\n\t<div id=\"ngg-image-210\" class=\"ngg-gallery-thumbnail-box\"  >\n\t\t<div class=\"ngg-gallery-thumbnail\" >\n\t\t\t<a href=\"https:\/\/irland-reise-tipps.de\/de\/wp-content\/gallery\/county_mayo\/large_feb_2012_28_02_2012_01.jpg\" title=\" \" rel=\"lightbox[set_16]\" >\n\t\t\t\t\t\t\t\t<img loading=\"lazy\" decoding=\"async\" title=\"large_feb_2012_28_02_2012_01\" alt=\"large_feb_2012_28_02_2012_01\" src=\"https:\/\/irland-reise-tipps.de\/de\/wp-content\/gallery\/county_mayo\/thumbs\/thumbs_large_feb_2012_28_02_2012_01.jpg\" width=\"100\" height=\"75\" \/>\n\t\t\t\t\t\t\t<\/a>\n\t\t<\/div>\n\t<\/div>\n\t\n\t\t\n \t \t\n\t<!-- Pagination -->\n \t<div class=\"ngg-clear\"><\/div> \t\n<\/div>\n\n\n<h4>Touren<\/h4>\n<ul class=\"lcp_catlist\"><li><a href=\"https:\/\/irland-reise-tipps.de\/de\/touren\/rundreisen\/12-tage-rundreise-britische-inseln\/\" title=\"12 Tage - Rundreise Britische Inseln \">12 Tage &#8211; Rundreise Britische Inseln<\/a> <\/li><li><a href=\"https:\/\/irland-reise-tipps.de\/de\/touren\/rundreisen\/8-tage-unentdecktes-irland\/\" title=\"8 Tage - Unentdecktes Irland\">8 Tage &#8211; Unentdecktes Irland<\/a> <\/li><li><a href=\"https:\/\/irland-reise-tipps.de\/de\/touren\/rundreisen\/8-tage-nordirische-impressionen\/\" title=\"8 Tage - Nordirische Impressionen\">8 Tage &#8211; Nordirische Impressionen<\/a> <\/li><\/ul>\n<h4>Highlights<\/h4>\n<ul class=\"lcp_catlist\"><li><a href=\"https:\/\/irland-reise-tipps.de\/de\/highlights\/highlights-in-mayo\/westport-house\/\" title=\"Westport House & Garden\">Westport House &#038; Garden<\/a> <\/li><li><a href=\"https:\/\/irland-reise-tipps.de\/de\/highlights\/highlights-in-mayo\/cong-abbey\/\" title=\"Cong Abbey\">Cong Abbey<\/a> <\/li><\/ul>\n<h4>Veranstaltungen<\/h4>\nKeine  Veranstaltungen gelistet.\n","protected":false},"excerpt":{"rendered":"<p>Touren Highlights Veranstaltungen<\/p>\n","protected":false},"author":1,"featured_media":0,"parent":168,"menu_order":0,"comment_status":"closed","ping_status":"closed","template":"","meta":{"footnotes":""},"class_list":["post-906","page","type-page","status-publish","hentry"],"yoast_head":"<!-- This site is optimized with the Yoast SEO plugin v21.2 - https:\/\/yoast.com\/wordpress\/plugins\/seo\/ -->\n<title>County Mayo - Irland Reise Tipps<\/title>\n<meta name=\"description\" content=\"Gemeinsam die gr\u00fcne Insel Irland entdecken. Wir haben ausgew\u00e4hlte Veranstaltungen, Unterk\u00fcnfte und Touren mit den Highlights Irlands zusammengestellt.\" \/>\n<meta name=\"robots\" content=\"index, follow, max-snippet:-1, max-image-preview:large, max-video-preview:-1\" \/>\n<link rel=\"canonical\" href=\"https:\/\/irland-reise-tipps.de\/de\/bildergalerie\/county-mayo\/\" \/>\n<meta property=\"og:locale\" content=\"de_DE\" \/>\n<meta property=\"og:type\" content=\"article\" \/>\n<meta property=\"og:title\" content=\"County Mayo - Irland Reise Tipps\" \/>\n<meta property=\"og:description\" content=\"Gemeinsam die gr\u00fcne Insel Irland entdecken. Wir haben ausgew\u00e4hlte Veranstaltungen, Unterk\u00fcnfte und Touren mit den Highlights Irlands zusammengestellt.\" \/>\n<meta property=\"og:url\" content=\"https:\/\/irland-reise-tipps.de\/de\/bildergalerie\/county-mayo\/\" \/>\n<meta property=\"og:site_name\" content=\"Irland Reise Tipps\" \/>\n<meta property=\"article:modified_time\" content=\"2013-03-19T19:35:12+00:00\" \/>\n<script type=\"application\/ld+json\" class=\"yoast-schema-graph\">{\"@context\":\"https:\/\/schema.org\",\"@graph\":[{\"@type\":\"WebPage\",\"@id\":\"https:\/\/irland-reise-tipps.de\/de\/bildergalerie\/county-mayo\/\",\"url\":\"https:\/\/irland-reise-tipps.de\/de\/bildergalerie\/county-mayo\/\",\"name\":\"County Mayo - Irland Reise Tipps\",\"isPartOf\":{\"@id\":\"https:\/\/irland-reise-tipps.de\/de\/#website\"},\"datePublished\":\"2013-02-17T15:49:03+00:00\",\"dateModified\":\"2013-03-19T19:35:12+00:00\",\"description\":\"Gemeinsam die gr\u00fcne Insel Irland entdecken. Wir haben ausgew\u00e4hlte Veranstaltungen, Unterk\u00fcnfte und Touren mit den Highlights Irlands zusammengestellt.\",\"breadcrumb\":{\"@id\":\"https:\/\/irland-reise-tipps.de\/de\/bildergalerie\/county-mayo\/#breadcrumb\"},\"inLanguage\":\"de\",\"potentialAction\":[{\"@type\":\"ReadAction\",\"target\":[\"https:\/\/irland-reise-tipps.de\/de\/bildergalerie\/county-mayo\/\"]}]},{\"@type\":\"BreadcrumbList\",\"@id\":\"https:\/\/irland-reise-tipps.de\/de\/bildergalerie\/county-mayo\/#breadcrumb\",\"itemListElement\":[{\"@type\":\"ListItem\",\"position\":1,\"name\":\"Home\",\"item\":\"https:\/\/irland-reise-tipps.de\/de\/\"},{\"@type\":\"ListItem\",\"position\":2,\"name\":\"Bildergalerie\",\"item\":\"https:\/\/irland-reise-tipps.de\/de\/bildergalerie\/\"},{\"@type\":\"ListItem\",\"position\":3,\"name\":\"County Mayo\"}]},{\"@type\":\"WebSite\",\"@id\":\"https:\/\/irland-reise-tipps.de\/de\/#website\",\"url\":\"https:\/\/irland-reise-tipps.de\/de\/\",\"name\":\"Irland Reise Tipps\",\"description\":\"Gemeinsam die gr\u00fcne Insel entdecken\",\"potentialAction\":[{\"@type\":\"SearchAction\",\"target\":{\"@type\":\"EntryPoint\",\"urlTemplate\":\"https:\/\/irland-reise-tipps.de\/de\/?s={search_term_string}\"},\"query-input\":\"required name=search_term_string\"}],\"inLanguage\":\"de\"}]}<\/script>\n<!-- \/ Yoast SEO plugin. -->","yoast_head_json":{"title":"County Mayo - Irland Reise Tipps","description":"Gemeinsam die gr\u00fcne Insel Irland entdecken. Wir haben ausgew\u00e4hlte Veranstaltungen, Unterk\u00fcnfte und Touren mit den Highlights Irlands zusammengestellt.","robots":{"index":"index","follow":"follow","max-snippet":"max-snippet:-1","max-image-preview":"max-image-preview:large","max-video-preview":"max-video-preview:-1"},"canonical":"https:\/\/irland-reise-tipps.de\/de\/bildergalerie\/county-mayo\/","og_locale":"de_DE","og_type":"article","og_title":"County Mayo - Irland Reise Tipps","og_description":"Gemeinsam die gr\u00fcne Insel Irland entdecken. Wir haben ausgew\u00e4hlte Veranstaltungen, Unterk\u00fcnfte und Touren mit den Highlights Irlands zusammengestellt.","og_url":"https:\/\/irland-reise-tipps.de\/de\/bildergalerie\/county-mayo\/","og_site_name":"Irland Reise Tipps","article_modified_time":"2013-03-19T19:35:12+00:00","schema":{"@context":"https:\/\/schema.org","@graph":[{"@type":"WebPage","@id":"https:\/\/irland-reise-tipps.de\/de\/bildergalerie\/county-mayo\/","url":"https:\/\/irland-reise-tipps.de\/de\/bildergalerie\/county-mayo\/","name":"County Mayo - Irland Reise Tipps","isPartOf":{"@id":"https:\/\/irland-reise-tipps.de\/de\/#website"},"datePublished":"2013-02-17T15:49:03+00:00","dateModified":"2013-03-19T19:35:12+00:00","description":"Gemeinsam die gr\u00fcne Insel Irland entdecken. Wir haben ausgew\u00e4hlte Veranstaltungen, Unterk\u00fcnfte und Touren mit den Highlights Irlands zusammengestellt.","breadcrumb":{"@id":"https:\/\/irland-reise-tipps.de\/de\/bildergalerie\/county-mayo\/#breadcrumb"},"inLanguage":"de","potentialAction":[{"@type":"ReadAction","target":["https:\/\/irland-reise-tipps.de\/de\/bildergalerie\/county-mayo\/"]}]},{"@type":"BreadcrumbList","@id":"https:\/\/irland-reise-tipps.de\/de\/bildergalerie\/county-mayo\/#breadcrumb","itemListElement":[{"@type":"ListItem","position":1,"name":"Home","item":"https:\/\/irland-reise-tipps.de\/de\/"},{"@type":"ListItem","position":2,"name":"Bildergalerie","item":"https:\/\/irland-reise-tipps.de\/de\/bildergalerie\/"},{"@type":"ListItem","position":3,"name":"County Mayo"}]},{"@type":"WebSite","@id":"https:\/\/irland-reise-tipps.de\/de\/#website","url":"https:\/\/irland-reise-tipps.de\/de\/","name":"Irland Reise Tipps","description":"Gemeinsam die gr\u00fcne Insel entdecken","potentialAction":[{"@type":"SearchAction","target":{"@type":"EntryPoint","urlTemplate":"https:\/\/irland-reise-tipps.de\/de\/?s={search_term_string}"},"query-input":"required name=search_term_string"}],"inLanguage":"de"}]}},"_links":{"self":[{"href":"https:\/\/irland-reise-tipps.de\/de\/wp-json\/wp\/v2\/pages\/906","targetHints":{"allow":["GET"]}}],"collection":[{"href":"https:\/\/irland-reise-tipps.de\/de\/wp-json\/wp\/v2\/pages"}],"about":[{"href":"https:\/\/irland-reise-tipps.de\/de\/wp-json\/wp\/v2\/types\/page"}],"author":[{"embeddable":true,"href":"https:\/\/irland-reise-tipps.de\/de\/wp-json\/wp\/v2\/users\/1"}],"replies":[{"embeddable":true,"href":"https:\/\/irland-reise-tipps.de\/de\/wp-json\/wp\/v2\/comments?post=906"}],"version-history":[{"count":1,"href":"https:\/\/irland-reise-tipps.de\/de\/wp-json\/wp\/v2\/pages\/906\/revisions"}],"predecessor-version":[{"id":1938,"href":"https:\/\/irland-reise-tipps.de\/de\/wp-json\/wp\/v2\/pages\/906\/revisions\/1938"}],"up":[{"embeddable":true,"href":"https:\/\/irland-reise-tipps.de\/de\/wp-json\/wp\/v2\/pages\/168"}],"wp:attachment":[{"href":"https:\/\/irland-reise-tipps.de\/de\/wp-json\/wp\/v2\/media?parent=906"}],"curies":[{"name":"wp","href":"https:\/\/api.w.org\/{rel}","templated":true}]}}