{"id":689,"date":"2013-02-12T10:56:15","date_gmt":"2013-02-12T09:56:15","guid":{"rendered":"http:\/\/irland-reise-tipps.de\/de\/?page_id=689"},"modified":"2013-12-03T12:24:15","modified_gmt":"2013-12-03T11:24:15","slug":"hotels-in-dublin","status":"publish","type":"page","link":"https:\/\/irland-reise-tipps.de\/de\/unterkunft\/hotels-in-dublin\/","title":{"rendered":"Hotels in Dublin"},"content":{"rendered":"<h4><span>Ashling Hotel Dublin<\/span><span><a title=\"Ashling Hotel Dublin\" href=\"http:\/\/irland-reise-tipps.de\/de\/unterkunft\/hotels-in-dublin\/ashling-hotel-dublin\/\"><img loading=\"lazy\" decoding=\"async\" class=\"size-thumbnail wp-image-694 alignleft\" alt=\"Ashling Hotel\" src=\"http:\/\/irland-reise-tipps.de\/de\/wp-content\/uploads\/2013\/02\/exterior-31-150x150.jpg\" width=\"150\" height=\"150\" \/><\/a><\/span><strong><span style=\"color: #008000;\"><br \/>\n<\/span><\/strong><\/h4>\n<p><b>Herzlich Willkommen im Ashling Hotel Dublin!<br \/>\n<\/b>An der Liffey gelegen, gegen\u00fcber der Guinness Brauerei empf\u00e4ngt Sie ein gem\u00fctliches und liebevoll ausgestattetes 4-Sterne Stadthotel.<br \/>\nGenie\u00dfen sie ihren Aufenthalt in einem unserer 225 luxuri\u00f6s dekorierten Zimmer.<\/p>\n<p><a title=\"Ashling Hotel Dublin\" href=\"http:\/\/irland-reise-tipps.de\/de\/unterkunft\/hotels-in-dublin\/ashling-hotel-dublin\/\">Weitere Informationen \u203a<\/a><\/p>\n<p>&nbsp;<\/p>\n<h4>Buswells Hotel\n<a href=\"https:\/\/irland-reise-tipps.de\/de\/wp-content\/gallery\/unterkunft-buswells-hotel\/k1024_exterior-1.jpg\" title=\"\" rel=\"lightbox[singlepic797]\" >\n\t<img decoding=\"async\" class=\"ngg-singlepic ngg-left\" src=\"https:\/\/irland-reise-tipps.de\/de\/wp-content\/gallery\/cache\/797__150x150_k1024_exterior-1.jpg\" alt=\"k1024_exterior-1\" title=\"k1024_exterior-1\" \/>\n<\/a>\n<\/h4>\n<p><strong>Willkommen im Buswells Hotel Dublin<\/strong><\/p>\n<p>Das Buswells ist ein elegantes 3-Sterne-Hotel mit ganz eigenem Charakter im Herzen von Dublin 2. Unser charmantes Haus im georgianischen Stil mit 67 Zimmern liegt ideal im Zentrum von Dublin, nur einen kurzen Spaziergang von\u00a0St. Stephen\u2019s Green, dem\u00a0Trinity College, der\u00a0Grafton Street\u00a0und zahlreichen weiteren Besucherattraktionen entfernt.<\/p>\n<p><a title=\"Buswells Hotel\" href=\"http:\/\/irland-reise-tipps.de\/de\/unterkunft\/hotels-in-dublin\/buswells-hotel\/\">Weitere Informationen\u00a0\u203a<\/a><\/p>\n<p>&nbsp;<\/p>\n<h4>The Castle Hotel\n<a href=\"https:\/\/irland-reise-tipps.de\/de\/wp-content\/gallery\/the-castle-hotel\/front.jpg\" title=\"\" rel=\"lightbox[singlepic1100]\" >\n\t<img decoding=\"async\" class=\"ngg-singlepic ngg-left\" src=\"https:\/\/irland-reise-tipps.de\/de\/wp-content\/gallery\/cache\/1100__150x150_front.jpg\" alt=\"front\" title=\"front\" \/>\n<\/a>\n<\/h4>\n<p><b>Herzlich Willkommen im Castle Hotel!<\/b><\/p>\n<p>Das Castle Hotel in Dublin ist ein elegantes gutes 3 Sterne Hotel mit 131 Zimmern. Es ist ein denkmalgesch\u00fctztes Geb\u00e4ude und wurde 1809 erstmals als Hotel im georgianischen Baustil erbaut. Im Stadtzentrum Dublins gelegen, am oberen Ende der O\u2019Connell Street, gegen\u00fcber der Parnell Square, gelangt man in wenigen Minuten vom Castle Hotel zu Fu\u00df zu den Haupteinkaufszentren und wichtigsten Sehensw\u00fcrdigkeiten der Stadt, z.B. Trinity College, Croke Park, Temple Bar, Dublin Writers Museum, James Joyce Cultural Centre, The Gate Theatre.<\/p>\n<h4><\/h4>\n<p><a title=\"The Castle Hotel\" href=\"http:\/\/irland-reise-tipps.de\/de\/unterkunft\/hotels-in-dublin\/the-castle-hotel\/\">Weitere Informationen\u00a0\u203a<\/a><\/p>\n<p>&nbsp;<\/p>\n<h4>Crowne Plaza Northwood \n<a href=\"https:\/\/irland-reise-tipps.de\/de\/wp-content\/gallery\/crowne-plaza-northwood\/exterior.jpg\" title=\"\" rel=\"lightbox[singlepic1125]\" >\n\t<img decoding=\"async\" class=\"ngg-singlepic ngg-left\" src=\"https:\/\/irland-reise-tipps.de\/de\/wp-content\/gallery\/cache\/1125__150x150_exterior.jpg\" alt=\"exterior\" title=\"exterior\" \/>\n<\/a>\n<\/h4>\n<p><b>Herzlich Willkommen im Crowne Plaza Northwood!<br \/>\n<\/b><\/p>\n<p>Das Crowne Plaza Northwood ist eins der gr\u00f6\u00dften Konferenz Hotels in Dublin und ein 4 Sterne Flughafen Hotel.<\/p>\n<p>Die 204 liebevoll und modern gestalteten Zimmer bieten Ihnen alles was das Herz begehrt.<\/p>\n<p><a title=\"Crowne Plaza Northwood\" href=\"http:\/\/irland-reise-tipps.de\/de\/unterkunft\/hotels-in-dublin\/crowne-plaza-northwood\/\">Weitere Informationen\u00a0\u203a<\/a><\/p>\n<p>&nbsp;<\/p>\n<h4>Brooks Hotel \n<a href=\"https:\/\/irland-reise-tipps.de\/de\/wp-content\/gallery\/brooks-hotel\/brooksext1_1295230113.jpg\" title=\"\" rel=\"lightbox[singlepic1241]\" >\n\t<img decoding=\"async\" class=\"ngg-singlepic ngg-left\" src=\"https:\/\/irland-reise-tipps.de\/de\/wp-content\/gallery\/cache\/1241__150x150_brooksext1_1295230113.jpg\" alt=\"brooksext1_1295230113\" title=\"brooksext1_1295230113\" \/>\n<\/a>\n<\/h4>\n<p><strong>Herzlich Willkommen im Brooks Hotel!<\/strong><\/p>\n<p>Luxushotel in Dubliner Stadtzentrum<\/p>\n<p>Das Brooks Hotel liegt direkt in Dublins Innenstadt, nur einige Minuten von der Grafton Street entfernt und gilt als eines der besten Luxushotels in Dublin City.<\/p>\n<p><a title=\"Brooks Hotel\" href=\"http:\/\/irland-reise-tipps.de\/de\/unterkunft\/hotels-in-dublin\/brooks-hotel\/\">Weitere Informationen\u00a0\u203a<\/a><\/p>\n<p>&nbsp;<\/p>\n<h4>Butlers Townhouse \n<a href=\"https:\/\/irland-reise-tipps.de\/de\/wp-content\/gallery\/butlers-townhouse\/butlersthext_1295230147.jpg\" title=\"\" rel=\"lightbox[singlepic1251]\" >\n\t<img decoding=\"async\" class=\"ngg-singlepic ngg-left\" src=\"https:\/\/irland-reise-tipps.de\/de\/wp-content\/gallery\/cache\/1251__150x150_butlersthext_1295230147.jpg\" alt=\"butlersthext_1295230147\" title=\"butlersthext_1295230147\" \/>\n<\/a>\n<\/h4>\n<p><strong>Herzlich Willkommen im Butlers Townhouse!<\/strong><\/p>\n<p>Das perfekte Boutique-Hotel f\u00fcr Ihre St\u00e4dtereise in Dublin<\/p>\n<p>Das Butlers Townhouse in Dublins viktorianischem Viertel ist so viel mehr als nur ein Boutique-Hotel.<\/p>\n<p><a title=\"Butlers Townhouse\" href=\"http:\/\/irland-reise-tipps.de\/de\/unterkunft\/hotels-in-dublin\/butlers-townhouse\/\">Weitere Informationen\u00a0\u203a<\/a><\/p>\n<p>&nbsp;<\/p>\n<h4>Harrington Hall \n<a href=\"https:\/\/irland-reise-tipps.de\/de\/wp-content\/gallery\/harrington-hall\/harringtonext1_1295348011.jpg\" title=\"\" rel=\"lightbox[singlepic1285]\" >\n\t<img decoding=\"async\" class=\"ngg-singlepic ngg-left\" src=\"https:\/\/irland-reise-tipps.de\/de\/wp-content\/gallery\/cache\/1285__150x150_harringtonext1_1295348011.jpg\" alt=\"harringtonext1_1295348011\" title=\"harringtonext1_1295348011\" \/>\n<\/a>\n<\/h4>\n<p><strong>Herzlich Willkommen im Harrington Hall!<\/strong><\/p>\n<p>Boutique-Hotel der Manor Hotels-Kette im Herzen Dublins<\/p>\n<p>Harrington Hall ist ein Boutique-Stadthaushotel mit einer hervorragenden Lage in einer eleganten H\u00e4userreihe aus der georgianischen Zeit ganz in der N\u00e4he des Parks St Stephen\u2019s Green im Dubliner Stadtzentrum.<\/p>\n<p><a title=\"Harrington Hall\" href=\"http:\/\/irland-reise-tipps.de\/de\/unterkunft\/hotels-in-dublin\/harrington-hall\/\">Weitere Informationen\u00a0\u203a<\/a><\/p>\n<p>&nbsp;<\/p>\n<h4>Aspect Hotel Park West \n<a href=\"https:\/\/irland-reise-tipps.de\/de\/wp-content\/gallery\/aspect-hotel-parkwest\/parkwest-exterior.jpg\" title=\"\" rel=\"lightbox[singlepic1473]\" >\n\t<img decoding=\"async\" class=\"ngg-singlepic ngg-left\" src=\"https:\/\/irland-reise-tipps.de\/de\/wp-content\/gallery\/cache\/1473__150x150_parkwest-exterior.jpg\" alt=\"parkwest-exterior\" title=\"parkwest-exterior\" \/>\n<\/a>\n<\/h4>\n<p><strong>Herzlich Willkommen im Aspect Hotel Park West<\/strong><\/p>\n<p>Das nur gut 6 Kilometer von Dublins Innenstadt entfernte Aspect Hotel begr\u00fc\u00dft Sie recht herzlich.<\/p>\n<p>Wir freuen uns auf Ihren Besuch!<\/p>\n<p><a title=\"Aspect Hotel Park West\" href=\"http:\/\/irland-reise-tipps.de\/de\/unterkunft\/hotels-in-dublin\/aspect-hotel-park-west\/\">Weitere Informationen\u00a0\u203a<\/a><\/p>\n<p>&nbsp;<\/p>\n","protected":false},"excerpt":{"rendered":"<p>Ashling Hotel Dublin Herzlich Willkommen im Ashling Hotel Dublin! An der Liffey gelegen, gegen\u00fcber der Guinness Brauerei empf\u00e4ngt Sie ein gem\u00fctliches und liebevoll ausgestattetes 4-Sterne Stadthotel. Genie\u00dfen sie ihren Aufenthalt in einem unserer 225 luxuri\u00f6s dekorierten Zimmer. Weitere Informationen \u203a<span class=\"ellipsis\">&hellip;<\/span><\/p>\n<div class=\"read-more\"><a href=\"https:\/\/irland-reise-tipps.de\/de\/unterkunft\/hotels-in-dublin\/\">Weiterlesen &#8250;<\/a><\/div>\n<p><!-- end of .read-more --><\/p>\n","protected":false},"author":1,"featured_media":0,"parent":18,"menu_order":0,"comment_status":"closed","ping_status":"closed","template":"","meta":{"footnotes":""},"class_list":["post-689","page","type-page","status-publish","hentry"],"yoast_head":"<!-- This site is optimized with the Yoast SEO plugin v21.2 - https:\/\/yoast.com\/wordpress\/plugins\/seo\/ -->\n<title>Hotels in Dublin - Irland Reise Tipps<\/title>\n<meta name=\"description\" content=\"Gemeinsam die gr\u00fcne Insel Irland entdecken. Wir haben ausgew\u00e4hlte Veranstaltungen, Unterk\u00fcnfte und Touren mit den Highlights Irlands zusammengestellt.\" \/>\n<meta name=\"robots\" content=\"index, follow, max-snippet:-1, max-image-preview:large, max-video-preview:-1\" \/>\n<link rel=\"canonical\" href=\"https:\/\/irland-reise-tipps.de\/de\/unterkunft\/hotels-in-dublin\/\" \/>\n<meta property=\"og:locale\" content=\"de_DE\" \/>\n<meta property=\"og:type\" content=\"article\" \/>\n<meta property=\"og:title\" content=\"Hotels in Dublin - Irland Reise Tipps\" \/>\n<meta property=\"og:description\" content=\"Gemeinsam die gr\u00fcne Insel Irland entdecken. Wir haben ausgew\u00e4hlte Veranstaltungen, Unterk\u00fcnfte und Touren mit den Highlights Irlands zusammengestellt.\" \/>\n<meta property=\"og:url\" content=\"https:\/\/irland-reise-tipps.de\/de\/unterkunft\/hotels-in-dublin\/\" \/>\n<meta property=\"og:site_name\" content=\"Irland Reise Tipps\" \/>\n<meta property=\"article:modified_time\" content=\"2013-12-03T11:24:15+00:00\" \/>\n<meta property=\"og:image\" content=\"http:\/\/irland-reise-tipps.de\/de\/wp-content\/uploads\/2013\/02\/exterior-31-150x150.jpg\" \/>\n<meta name=\"twitter:label1\" content=\"Gesch\u00e4tzte Lesezeit\" \/>\n\t<meta name=\"twitter:data1\" content=\"2\u00a0Minuten\" \/>\n<script type=\"application\/ld+json\" class=\"yoast-schema-graph\">{\"@context\":\"https:\/\/schema.org\",\"@graph\":[{\"@type\":\"WebPage\",\"@id\":\"https:\/\/irland-reise-tipps.de\/de\/unterkunft\/hotels-in-dublin\/\",\"url\":\"https:\/\/irland-reise-tipps.de\/de\/unterkunft\/hotels-in-dublin\/\",\"name\":\"Hotels in Dublin - Irland Reise Tipps\",\"isPartOf\":{\"@id\":\"https:\/\/irland-reise-tipps.de\/de\/#website\"},\"datePublished\":\"2013-02-12T09:56:15+00:00\",\"dateModified\":\"2013-12-03T11:24:15+00:00\",\"description\":\"Gemeinsam die gr\u00fcne Insel Irland entdecken. Wir haben ausgew\u00e4hlte Veranstaltungen, Unterk\u00fcnfte und Touren mit den Highlights Irlands zusammengestellt.\",\"breadcrumb\":{\"@id\":\"https:\/\/irland-reise-tipps.de\/de\/unterkunft\/hotels-in-dublin\/#breadcrumb\"},\"inLanguage\":\"de\",\"potentialAction\":[{\"@type\":\"ReadAction\",\"target\":[\"https:\/\/irland-reise-tipps.de\/de\/unterkunft\/hotels-in-dublin\/\"]}]},{\"@type\":\"BreadcrumbList\",\"@id\":\"https:\/\/irland-reise-tipps.de\/de\/unterkunft\/hotels-in-dublin\/#breadcrumb\",\"itemListElement\":[{\"@type\":\"ListItem\",\"position\":1,\"name\":\"Home\",\"item\":\"https:\/\/irland-reise-tipps.de\/de\/\"},{\"@type\":\"ListItem\",\"position\":2,\"name\":\"Unterkunft\",\"item\":\"https:\/\/irland-reise-tipps.de\/de\/unterkunft\/\"},{\"@type\":\"ListItem\",\"position\":3,\"name\":\"Hotels in Dublin\"}]},{\"@type\":\"WebSite\",\"@id\":\"https:\/\/irland-reise-tipps.de\/de\/#website\",\"url\":\"https:\/\/irland-reise-tipps.de\/de\/\",\"name\":\"Irland Reise Tipps\",\"description\":\"Gemeinsam die gr\u00fcne Insel entdecken\",\"potentialAction\":[{\"@type\":\"SearchAction\",\"target\":{\"@type\":\"EntryPoint\",\"urlTemplate\":\"https:\/\/irland-reise-tipps.de\/de\/?s={search_term_string}\"},\"query-input\":\"required name=search_term_string\"}],\"inLanguage\":\"de\"}]}<\/script>\n<!-- \/ Yoast SEO plugin. -->","yoast_head_json":{"title":"Hotels in Dublin - Irland Reise Tipps","description":"Gemeinsam die gr\u00fcne Insel Irland entdecken. Wir haben ausgew\u00e4hlte Veranstaltungen, Unterk\u00fcnfte und Touren mit den Highlights Irlands zusammengestellt.","robots":{"index":"index","follow":"follow","max-snippet":"max-snippet:-1","max-image-preview":"max-image-preview:large","max-video-preview":"max-video-preview:-1"},"canonical":"https:\/\/irland-reise-tipps.de\/de\/unterkunft\/hotels-in-dublin\/","og_locale":"de_DE","og_type":"article","og_title":"Hotels in Dublin - Irland Reise Tipps","og_description":"Gemeinsam die gr\u00fcne Insel Irland entdecken. Wir haben ausgew\u00e4hlte Veranstaltungen, Unterk\u00fcnfte und Touren mit den Highlights Irlands zusammengestellt.","og_url":"https:\/\/irland-reise-tipps.de\/de\/unterkunft\/hotels-in-dublin\/","og_site_name":"Irland Reise Tipps","article_modified_time":"2013-12-03T11:24:15+00:00","og_image":[{"url":"http:\/\/irland-reise-tipps.de\/de\/wp-content\/uploads\/2013\/02\/exterior-31-150x150.jpg"}],"twitter_misc":{"Gesch\u00e4tzte Lesezeit":"2\u00a0Minuten"},"schema":{"@context":"https:\/\/schema.org","@graph":[{"@type":"WebPage","@id":"https:\/\/irland-reise-tipps.de\/de\/unterkunft\/hotels-in-dublin\/","url":"https:\/\/irland-reise-tipps.de\/de\/unterkunft\/hotels-in-dublin\/","name":"Hotels in Dublin - Irland Reise Tipps","isPartOf":{"@id":"https:\/\/irland-reise-tipps.de\/de\/#website"},"datePublished":"2013-02-12T09:56:15+00:00","dateModified":"2013-12-03T11:24:15+00:00","description":"Gemeinsam die gr\u00fcne Insel Irland entdecken. Wir haben ausgew\u00e4hlte Veranstaltungen, Unterk\u00fcnfte und Touren mit den Highlights Irlands zusammengestellt.","breadcrumb":{"@id":"https:\/\/irland-reise-tipps.de\/de\/unterkunft\/hotels-in-dublin\/#breadcrumb"},"inLanguage":"de","potentialAction":[{"@type":"ReadAction","target":["https:\/\/irland-reise-tipps.de\/de\/unterkunft\/hotels-in-dublin\/"]}]},{"@type":"BreadcrumbList","@id":"https:\/\/irland-reise-tipps.de\/de\/unterkunft\/hotels-in-dublin\/#breadcrumb","itemListElement":[{"@type":"ListItem","position":1,"name":"Home","item":"https:\/\/irland-reise-tipps.de\/de\/"},{"@type":"ListItem","position":2,"name":"Unterkunft","item":"https:\/\/irland-reise-tipps.de\/de\/unterkunft\/"},{"@type":"ListItem","position":3,"name":"Hotels in Dublin"}]},{"@type":"WebSite","@id":"https:\/\/irland-reise-tipps.de\/de\/#website","url":"https:\/\/irland-reise-tipps.de\/de\/","name":"Irland Reise Tipps","description":"Gemeinsam die gr\u00fcne Insel entdecken","potentialAction":[{"@type":"SearchAction","target":{"@type":"EntryPoint","urlTemplate":"https:\/\/irland-reise-tipps.de\/de\/?s={search_term_string}"},"query-input":"required name=search_term_string"}],"inLanguage":"de"}]}},"_links":{"self":[{"href":"https:\/\/irland-reise-tipps.de\/de\/wp-json\/wp\/v2\/pages\/689","targetHints":{"allow":["GET"]}}],"collection":[{"href":"https:\/\/irland-reise-tipps.de\/de\/wp-json\/wp\/v2\/pages"}],"about":[{"href":"https:\/\/irland-reise-tipps.de\/de\/wp-json\/wp\/v2\/types\/page"}],"author":[{"embeddable":true,"href":"https:\/\/irland-reise-tipps.de\/de\/wp-json\/wp\/v2\/users\/1"}],"replies":[{"embeddable":true,"href":"https:\/\/irland-reise-tipps.de\/de\/wp-json\/wp\/v2\/comments?post=689"}],"version-history":[{"count":20,"href":"https:\/\/irland-reise-tipps.de\/de\/wp-json\/wp\/v2\/pages\/689\/revisions"}],"predecessor-version":[{"id":3285,"href":"https:\/\/irland-reise-tipps.de\/de\/wp-json\/wp\/v2\/pages\/689\/revisions\/3285"}],"up":[{"embeddable":true,"href":"https:\/\/irland-reise-tipps.de\/de\/wp-json\/wp\/v2\/pages\/18"}],"wp:attachment":[{"href":"https:\/\/irland-reise-tipps.de\/de\/wp-json\/wp\/v2\/media?parent=689"}],"curies":[{"name":"wp","href":"https:\/\/api.w.org\/{rel}","templated":true}]}}