{"id":604,"date":"2013-02-08T16:32:13","date_gmt":"2013-02-08T15:32:13","guid":{"rendered":"http:\/\/irland-reise-tipps.de\/de\/?page_id=604"},"modified":"2013-03-19T19:22:57","modified_gmt":"2013-03-19T18:22:57","slug":"tipps-fuer-touren","status":"publish","type":"page","link":"https:\/\/irland-reise-tipps.de\/de\/tipps-fuer-touren\/","title":{"rendered":"Tipps f\u00fcr Touren"},"content":{"rendered":"<h3><a title=\"Rundreisen in Irland\" href=\"http:\/\/irland-reise-tipps.de\/de\/touren\/rundreisen\/\"><img loading=\"lazy\" decoding=\"async\" class=\"alignleft size-full wp-image-778\" alt=\"Rundreisen\" src=\"http:\/\/irland-reise-tipps.de\/de\/wp-content\/uploads\/2013\/02\/Rundreisen.jpg\" width=\"150\" height=\"120\" \/><\/a>Rundreisen<\/h3>\n<p>Bei unseren Rundreisen erleben Sie die von Ihnen gew\u00fcnschten Regionen ohne viel zu fahren. Viele Regionen lassen auch lange Tagestouren nicht zu, die Strassenverh\u00e4ltnisse, sowie die Zeit die f\u00fcr Besichtigungen eingeplant werden muss.<\/p>\n<p><a title=\"Rundreisen in Irland\" href=\"http:\/\/irland-reise-tipps.de\/de\/touren\/rundreisen\/\">Vorschl\u00e4ge f\u00fcr Rundreisen\u00a0\u203a<\/a><\/p>\n<h3><a title=\"Themenreisen in Irland\" href=\"http:\/\/irland-reise-tipps.de\/de\/touren\/themenreisen\/\"><img loading=\"lazy\" decoding=\"async\" class=\"alignleft size-full wp-image-781\" alt=\"Themenreisen\" src=\"http:\/\/irland-reise-tipps.de\/de\/wp-content\/uploads\/2013\/02\/Themenreisen.jpg\" width=\"150\" height=\"120\" \/><\/a>Themenreisen<\/h3>\n<p>Unsere Themenreisen sind in allen Regionen m\u00f6glich, ob in Cornwall auf K\u00f6nig Artus oder Rosamunde Pilcher, in Schottland auf geschichtliche Themen oder auf den Spuren verschiedener Schriftsteller. So wie in 2009 auf Robert Burns.<\/p>\n<p><a title=\"Themenreisen in Irland\" href=\"http:\/\/irland-reise-tipps.de\/de\/touren\/themenreisen\/\">Vorschl\u00e4ge f\u00fcr Themenreisen \u203a<\/a><\/p>\n<h3><a title=\"Flugreisen in Irland\" href=\"http:\/\/irland-reise-tipps.de\/de\/touren\/flugreisen\/\"><img loading=\"lazy\" decoding=\"async\" class=\"alignleft size-full wp-image-614\" alt=\"Flugreisen\" src=\"http:\/\/irland-reise-tipps.de\/de\/wp-content\/uploads\/2013\/02\/Flugreisen.jpg\" width=\"150\" height=\"120\" \/><\/a>Flugreisen<\/h3>\n<p>Nat\u00fcrlich kann man aus jeder Busreise eine Flugreise mit Busanmietung vor Ort umbauen. Gern sind wir Ihnen bei der Reservierung der Flugkontingenten behilflich.<\/p>\n<p>&nbsp;<\/p>\n<p><a title=\"Flugreisen in Irland\" href=\"http:\/\/irland-reise-tipps.de\/de\/touren\/flugreisen\/\">Vorschl\u00e4ge f\u00fcr Flugreisen\u00a0\u203a<\/a><\/p>\n<h3><a title=\"Gartenreisen in Irland\" href=\"http:\/\/irland-reise-tipps.de\/de\/touren\/gartenreisen\/\"><img loading=\"lazy\" decoding=\"async\" class=\"alignleft size-full wp-image-783\" alt=\"Gartenreisen\" src=\"http:\/\/irland-reise-tipps.de\/de\/wp-content\/uploads\/2013\/02\/Gartenreisen.jpg\" width=\"150\" height=\"120\" \/><\/a>Gartenreisen<\/h3>\n<p>Unsere Gartenreisen sind extra f\u00fcr Gartenliebhaber zusammen gestellt. Gern arbeiten wir auf Wunsch auch Touren f\u00fcr spezielle Gruppen aus, die einen Schwerpunkt z.B. in alten G\u00e4rten oder Schlossg\u00e4rten legen.<\/p>\n<p><a title=\"Gartenreisen in Irland\" href=\"http:\/\/irland-reise-tipps.de\/de\/touren\/gartenreisen\/\">Vorschl\u00e4ge f\u00fcr Gartenreisen\u00a0\u203a<\/a><\/p>\n<h3><a title=\"Schnupperreisen in Irland\" href=\"http:\/\/irland-reise-tipps.de\/de\/touren\/schnupperreisen\/\"><img loading=\"lazy\" decoding=\"async\" class=\"alignleft size-full wp-image-784\" alt=\"Schnupperreisen\" src=\"http:\/\/irland-reise-tipps.de\/de\/wp-content\/uploads\/2013\/02\/Schnupperreisen.jpg\" width=\"150\" height=\"120\" \/><\/a>Schnupperreisen<\/h3>\n<p>Wie w\u00e4re es mit einer Schnupperreise als Angebot f\u00fcr Ihre Kunden? Ob Irland, Schottland oder England f\u00fcr alle Gebiete k\u00f6nnen wir Ihnen eine Stippvisite anbieten.<\/p>\n<p>&nbsp;<\/p>\n<p><a title=\"Schnupperreisen in Irland\" href=\"http:\/\/irland-reise-tipps.de\/de\/touren\/schnupperreisen\/\">Vorschl\u00e4ge f\u00fcr Schnupperreisen \u203a<\/a><\/p>\n<h3><a title=\"Wanderreisen in Irland\" href=\"http:\/\/irland-reise-tipps.de\/de\/touren\/wanderreisen\/\"><img loading=\"lazy\" decoding=\"async\" class=\"alignleft size-full wp-image-786\" alt=\"Wanderreisen\" src=\"http:\/\/irland-reise-tipps.de\/de\/wp-content\/uploads\/2013\/02\/Wanderreisen.jpg\" width=\"150\" height=\"120\" \/><\/a>Wanderreisen<\/h3>\n<p>Unsere Wanderreisen finden in vielen Regionen statt, dort ans\u00e4ssige Wanderf\u00fchrer arbeiten nach Ihren W\u00fcnschen Touren mit verschiedenen Schwierigkeitsgraden aus.<\/p>\n<p>&nbsp;<\/p>\n<p><a title=\"Wanderreisen in Irland\" href=\"http:\/\/irland-reise-tipps.de\/de\/touren\/wanderreisen\/\">Vorschl\u00e4ge f\u00fcr Wanderreisen\u00a0\u203a<\/a><\/p>\n<p>&nbsp;<\/p>\n","protected":false},"excerpt":{"rendered":"<p>Rundreisen Bei unseren Rundreisen erleben Sie die von Ihnen gew\u00fcnschten Regionen ohne viel zu fahren. Viele Regionen lassen auch lange Tagestouren nicht zu, die Strassenverh\u00e4ltnisse, sowie die Zeit die f\u00fcr Besichtigungen eingeplant werden muss. Vorschl\u00e4ge f\u00fcr Rundreisen\u00a0\u203a Themenreisen Unsere Themenreisen<span class=\"ellipsis\">&hellip;<\/span><\/p>\n<div class=\"read-more\"><a href=\"https:\/\/irland-reise-tipps.de\/de\/tipps-fuer-touren\/\">Weiterlesen &#8250;<\/a><\/div>\n<p><!-- end of .read-more --><\/p>\n","protected":false},"author":1,"featured_media":0,"parent":0,"menu_order":0,"comment_status":"closed","ping_status":"closed","template":"","meta":{"footnotes":""},"class_list":["post-604","page","type-page","status-publish","hentry"],"yoast_head":"<!-- This site is optimized with the Yoast SEO plugin v21.2 - https:\/\/yoast.com\/wordpress\/plugins\/seo\/ -->\n<title>Tipps f\u00fcr Touren nach Irland und Umgebung - Irland Reise Tipps<\/title>\n<meta name=\"description\" content=\"Entdecken Sie die Irland mit Tipps f\u00fcr Touren, Informationen zu Rundreisen, Themenreise, Gartenreisen, Schnupperreisen, Wanderreisen und Flugreisen.\" \/>\n<meta name=\"robots\" content=\"index, follow, max-snippet:-1, max-image-preview:large, max-video-preview:-1\" \/>\n<link rel=\"canonical\" href=\"https:\/\/irland-reise-tipps.de\/de\/tipps-fuer-touren\/\" \/>\n<meta property=\"og:locale\" content=\"de_DE\" \/>\n<meta property=\"og:type\" content=\"article\" \/>\n<meta property=\"og:title\" content=\"Tipps f\u00fcr Touren nach Irland und Umgebung - Irland Reise Tipps\" \/>\n<meta property=\"og:description\" content=\"Entdecken Sie die Irland mit Tipps f\u00fcr Touren, Informationen zu Rundreisen, Themenreise, Gartenreisen, Schnupperreisen, Wanderreisen und Flugreisen.\" \/>\n<meta property=\"og:url\" content=\"https:\/\/irland-reise-tipps.de\/de\/tipps-fuer-touren\/\" \/>\n<meta property=\"og:site_name\" content=\"Irland Reise Tipps\" \/>\n<meta property=\"article:modified_time\" content=\"2013-03-19T18:22:57+00:00\" \/>\n<meta property=\"og:image\" content=\"http:\/\/irland-reise-tipps.de\/de\/wp-content\/uploads\/2013\/02\/Rundreisen.jpg\" \/>\n<meta name=\"twitter:label1\" content=\"Gesch\u00e4tzte Lesezeit\" \/>\n\t<meta name=\"twitter:data1\" content=\"1\u00a0Minute\" \/>\n<script type=\"application\/ld+json\" class=\"yoast-schema-graph\">{\"@context\":\"https:\/\/schema.org\",\"@graph\":[{\"@type\":\"WebPage\",\"@id\":\"https:\/\/irland-reise-tipps.de\/de\/tipps-fuer-touren\/\",\"url\":\"https:\/\/irland-reise-tipps.de\/de\/tipps-fuer-touren\/\",\"name\":\"Tipps f\u00fcr Touren nach Irland und Umgebung - Irland Reise Tipps\",\"isPartOf\":{\"@id\":\"https:\/\/irland-reise-tipps.de\/de\/#website\"},\"datePublished\":\"2013-02-08T15:32:13+00:00\",\"dateModified\":\"2013-03-19T18:22:57+00:00\",\"description\":\"Entdecken Sie die Irland mit Tipps f\u00fcr Touren, Informationen zu Rundreisen, Themenreise, Gartenreisen, Schnupperreisen, Wanderreisen und Flugreisen.\",\"breadcrumb\":{\"@id\":\"https:\/\/irland-reise-tipps.de\/de\/tipps-fuer-touren\/#breadcrumb\"},\"inLanguage\":\"de\",\"potentialAction\":[{\"@type\":\"ReadAction\",\"target\":[\"https:\/\/irland-reise-tipps.de\/de\/tipps-fuer-touren\/\"]}]},{\"@type\":\"BreadcrumbList\",\"@id\":\"https:\/\/irland-reise-tipps.de\/de\/tipps-fuer-touren\/#breadcrumb\",\"itemListElement\":[{\"@type\":\"ListItem\",\"position\":1,\"name\":\"Home\",\"item\":\"https:\/\/irland-reise-tipps.de\/de\/\"},{\"@type\":\"ListItem\",\"position\":2,\"name\":\"Tipps f\u00fcr Touren\"}]},{\"@type\":\"WebSite\",\"@id\":\"https:\/\/irland-reise-tipps.de\/de\/#website\",\"url\":\"https:\/\/irland-reise-tipps.de\/de\/\",\"name\":\"Irland Reise Tipps\",\"description\":\"Gemeinsam die gr\u00fcne Insel entdecken\",\"potentialAction\":[{\"@type\":\"SearchAction\",\"target\":{\"@type\":\"EntryPoint\",\"urlTemplate\":\"https:\/\/irland-reise-tipps.de\/de\/?s={search_term_string}\"},\"query-input\":\"required name=search_term_string\"}],\"inLanguage\":\"de\"}]}<\/script>\n<!-- \/ Yoast SEO plugin. -->","yoast_head_json":{"title":"Tipps f\u00fcr Touren nach Irland und Umgebung - Irland Reise Tipps","description":"Entdecken Sie die Irland mit Tipps f\u00fcr Touren, Informationen zu Rundreisen, Themenreise, Gartenreisen, Schnupperreisen, Wanderreisen und Flugreisen.","robots":{"index":"index","follow":"follow","max-snippet":"max-snippet:-1","max-image-preview":"max-image-preview:large","max-video-preview":"max-video-preview:-1"},"canonical":"https:\/\/irland-reise-tipps.de\/de\/tipps-fuer-touren\/","og_locale":"de_DE","og_type":"article","og_title":"Tipps f\u00fcr Touren nach Irland und Umgebung - Irland Reise Tipps","og_description":"Entdecken Sie die Irland mit Tipps f\u00fcr Touren, Informationen zu Rundreisen, Themenreise, Gartenreisen, Schnupperreisen, Wanderreisen und Flugreisen.","og_url":"https:\/\/irland-reise-tipps.de\/de\/tipps-fuer-touren\/","og_site_name":"Irland Reise Tipps","article_modified_time":"2013-03-19T18:22:57+00:00","og_image":[{"url":"http:\/\/irland-reise-tipps.de\/de\/wp-content\/uploads\/2013\/02\/Rundreisen.jpg"}],"twitter_misc":{"Gesch\u00e4tzte Lesezeit":"1\u00a0Minute"},"schema":{"@context":"https:\/\/schema.org","@graph":[{"@type":"WebPage","@id":"https:\/\/irland-reise-tipps.de\/de\/tipps-fuer-touren\/","url":"https:\/\/irland-reise-tipps.de\/de\/tipps-fuer-touren\/","name":"Tipps f\u00fcr Touren nach Irland und Umgebung - Irland Reise Tipps","isPartOf":{"@id":"https:\/\/irland-reise-tipps.de\/de\/#website"},"datePublished":"2013-02-08T15:32:13+00:00","dateModified":"2013-03-19T18:22:57+00:00","description":"Entdecken Sie die Irland mit Tipps f\u00fcr Touren, Informationen zu Rundreisen, Themenreise, Gartenreisen, Schnupperreisen, Wanderreisen und Flugreisen.","breadcrumb":{"@id":"https:\/\/irland-reise-tipps.de\/de\/tipps-fuer-touren\/#breadcrumb"},"inLanguage":"de","potentialAction":[{"@type":"ReadAction","target":["https:\/\/irland-reise-tipps.de\/de\/tipps-fuer-touren\/"]}]},{"@type":"BreadcrumbList","@id":"https:\/\/irland-reise-tipps.de\/de\/tipps-fuer-touren\/#breadcrumb","itemListElement":[{"@type":"ListItem","position":1,"name":"Home","item":"https:\/\/irland-reise-tipps.de\/de\/"},{"@type":"ListItem","position":2,"name":"Tipps f\u00fcr Touren"}]},{"@type":"WebSite","@id":"https:\/\/irland-reise-tipps.de\/de\/#website","url":"https:\/\/irland-reise-tipps.de\/de\/","name":"Irland Reise Tipps","description":"Gemeinsam die gr\u00fcne Insel entdecken","potentialAction":[{"@type":"SearchAction","target":{"@type":"EntryPoint","urlTemplate":"https:\/\/irland-reise-tipps.de\/de\/?s={search_term_string}"},"query-input":"required name=search_term_string"}],"inLanguage":"de"}]}},"_links":{"self":[{"href":"https:\/\/irland-reise-tipps.de\/de\/wp-json\/wp\/v2\/pages\/604","targetHints":{"allow":["GET"]}}],"collection":[{"href":"https:\/\/irland-reise-tipps.de\/de\/wp-json\/wp\/v2\/pages"}],"about":[{"href":"https:\/\/irland-reise-tipps.de\/de\/wp-json\/wp\/v2\/types\/page"}],"author":[{"embeddable":true,"href":"https:\/\/irland-reise-tipps.de\/de\/wp-json\/wp\/v2\/users\/1"}],"replies":[{"embeddable":true,"href":"https:\/\/irland-reise-tipps.de\/de\/wp-json\/wp\/v2\/comments?post=604"}],"version-history":[{"count":18,"href":"https:\/\/irland-reise-tipps.de\/de\/wp-json\/wp\/v2\/pages\/604\/revisions"}],"predecessor-version":[{"id":606,"href":"https:\/\/irland-reise-tipps.de\/de\/wp-json\/wp\/v2\/pages\/604\/revisions\/606"}],"wp:attachment":[{"href":"https:\/\/irland-reise-tipps.de\/de\/wp-json\/wp\/v2\/media?parent=604"}],"curies":[{"name":"wp","href":"https:\/\/api.w.org\/{rel}","templated":true}]}}