{"id":586,"date":"2013-02-06T17:03:41","date_gmt":"2013-02-06T16:03:41","guid":{"rendered":"http:\/\/irland-reise-tipps.de\/de\/?page_id=586"},"modified":"2013-04-15T13:30:05","modified_gmt":"2013-04-15T11:30:05","slug":"larry-mathews-blackstone","status":"publish","type":"page","link":"https:\/\/irland-reise-tipps.de\/de\/musik-irish-folk\/larry-mathews-blackstone\/","title":{"rendered":"Larry Mathews Blackstone"},"content":{"rendered":"<p style=\"text-align: center;\"><a href=\"http:\/\/irland-reise-tipps.de\/de\/wp-content\/uploads\/2013\/02\/larry_mathews_blackstone_pressefoto.jpg\"><a href=\"http:\/\/irland-reise-tipps.de\/de\/wp-content\/uploads\/2013\/02\/larry_mathews_blackstone.jpg\"><img loading=\"lazy\" decoding=\"async\" class=\"aligncenter size-full wp-image-2422\" alt=\"larry_mathews_blackstone\" src=\"http:\/\/irland-reise-tipps.de\/de\/wp-content\/uploads\/2013\/02\/larry_mathews_blackstone.jpg\" width=\"567\" height=\"380\" srcset=\"https:\/\/irland-reise-tipps.de\/de\/wp-content\/uploads\/2013\/02\/larry_mathews_blackstone.jpg 567w, https:\/\/irland-reise-tipps.de\/de\/wp-content\/uploads\/2013\/02\/larry_mathews_blackstone-300x201.jpg 300w, https:\/\/irland-reise-tipps.de\/de\/wp-content\/uploads\/2013\/02\/larry_mathews_blackstone-250x167.jpg 250w\" sizes=\"auto, (max-width: 567px) 100vw, 567px\" \/><\/a><br \/>\n<\/a>Foto (v.l.n.r.) Andi Schmidt, Larry Mathews, Ralph B\u00fchr, Bernd Haseneder<\/p>\n<p>Larry Mathews stammt von der S\u00fcdwestk\u00fcste Irlands. Er ist Musiker, S\u00e4nger und Songwriter in einer Person. Er spielt die Geige &#8222;like the speed of the wind&#8220;. Seine unglaubliche Stimme gibt den Songs ein &#8222;raw and rustic feel&#8220;, das ihres gleichen sucht. Er hat auf der B\u00fchne bereits mit Musikern, wie z.B. Christy Moore, den Fury Brothers, Long John Baldry, Davy Johnston of the Elton John Band und den ber\u00fchmten Dubliners zusammengearbeitet. Auf Auftritte in Clubs, Konzerts\u00e4len und auf Festivals in vielen L\u00e4ndern Europas, den USA und Kanada kann er zur\u00fcckblicken. Als Mitglied der bekannten irischen Folkband &#8222;Spailpin&#8220; gelang Larry zudem eine vordere Position in den Charts.<\/p>\n<p>Seit 2005 wird Larry von dem norddeutschen Ralph B\u00fchr, einem der besten Gitarren- und Mandolinenspieler der Szene, begleitet. Ralph wird auch wegen seines exzellenten Gitarren- und Mandolinenspiels &#8222;Mister flying finger&#8220; genannt. Mit dem Hamburger Bassisten Bj\u00f6rn Beutler gr\u00fcndeten sie die Band &#8222;Larry Mathews Blackstone&#8220;, benannt nach einer Br\u00fccke \u00fcber den Fluss Caragh im County Kerry, Larry&#8217;s Heimat.<\/p>\n<p>Nach dem Ausscheiden von Bj\u00f6rn in 2010 trat Andi Schmidt in die Band, der bereits in verschiedenen Rock- und Heavy Metal Bands \u00fcberall in Deutschland gespielt hat. Andi ist wohl der einzige Bassist, der sowohl mit klassischen St\u00fccken wie von Johann Sebastian Bach als auch mit Heavy Metal und Irish Folk gleicherma\u00dfen vertraut ist. Zeitgleich mit Andi kam Bernd Hasenender, ein erfahrener und in der Folkszene bekannter Bodhr\u00e1n- bzw. Percussionspieler in die Band.<\/p>\n<p>Wie sagt man hier im Norden: Die Jungs spielen eine echt klasse Mucke!<\/p>\n<p>Die teils rockig phrasierten Eigenkompositionen der Band, die irischen Jigs und Reels und die melancholischen Balladen versprechen eine Stimmung zu schaffen, die den tosenden Sturm der See, den heraufziehenden Nebel in den Bergen, die Stille, den Schmerz der Liebe, aber auch die sprichw\u00f6rtliche irische Heiterkeit sp\u00fcren l\u00e4sst. Harmonische Arrangements und packende Rhythmen, gepaart mit einem traditionellen bis modernen Sound zeichnen die Band aus.<\/p>\n<p>Wie schrieb die Presse \u00fcber ihr Spiel:<\/p>\n<p><i>Diese Band machte in den vergangenen Jahren immer wieder auf sich aufmerksam. Wenn sie spielen, bleibt kein Fu\u00df ruhig. Die irisch-deutsche Band zieht das Publikum von Beginn eines abendlichen Auftritts in ihren Bann (Hamburger Abendblatt, Uschi Tisson).<\/i><\/p>\n\n<div class=\"ngg-galleryoverview\" id=\"ngg-gallery-3-586\">\n\n\n\t\n\t<!-- Thumbnails -->\n\t\t\n\t<div id=\"ngg-image-7\" class=\"ngg-gallery-thumbnail-box\"  >\n\t\t<div class=\"ngg-gallery-thumbnail\" >\n\t\t\t<a href=\"https:\/\/irland-reise-tipps.de\/de\/wp-content\/gallery\/musik_larry-mathews-blackstone\/larry-mathews-blackstone_2012-09-09_3462.jpg\" title=\" \" rel=\"lightbox[set_3]\" >\n\t\t\t\t\t\t\t\t<img loading=\"lazy\" decoding=\"async\" title=\"larry-mathews-blackstone_2012-09-09_3462\" alt=\"larry-mathews-blackstone_2012-09-09_3462\" src=\"https:\/\/irland-reise-tipps.de\/de\/wp-content\/gallery\/musik_larry-mathews-blackstone\/thumbs\/thumbs_larry-mathews-blackstone_2012-09-09_3462.jpg\" width=\"100\" height=\"75\" \/>\n\t\t\t\t\t\t\t<\/a>\n\t\t<\/div>\n\t<\/div>\n\t\n\t\t\n \t\t\n\t<div id=\"ngg-image-8\" class=\"ngg-gallery-thumbnail-box\"  >\n\t\t<div class=\"ngg-gallery-thumbnail\" >\n\t\t\t<a href=\"https:\/\/irland-reise-tipps.de\/de\/wp-content\/gallery\/musik_larry-mathews-blackstone\/larry-mathews-blackstone_2012-09-09_3463.jpg\" title=\" \" rel=\"lightbox[set_3]\" >\n\t\t\t\t\t\t\t\t<img loading=\"lazy\" decoding=\"async\" title=\"larry-mathews-blackstone_2012-09-09_3463\" alt=\"larry-mathews-blackstone_2012-09-09_3463\" src=\"https:\/\/irland-reise-tipps.de\/de\/wp-content\/gallery\/musik_larry-mathews-blackstone\/thumbs\/thumbs_larry-mathews-blackstone_2012-09-09_3463.jpg\" width=\"100\" height=\"75\" \/>\n\t\t\t\t\t\t\t<\/a>\n\t\t<\/div>\n\t<\/div>\n\t\n\t\t\n \t\t\n\t<div id=\"ngg-image-9\" class=\"ngg-gallery-thumbnail-box\"  >\n\t\t<div class=\"ngg-gallery-thumbnail\" >\n\t\t\t<a href=\"https:\/\/irland-reise-tipps.de\/de\/wp-content\/gallery\/musik_larry-mathews-blackstone\/larry-mathews-blackstone_2012-09-09_3469.jpg\" title=\" \" rel=\"lightbox[set_3]\" >\n\t\t\t\t\t\t\t\t<img loading=\"lazy\" decoding=\"async\" title=\"larry-mathews-blackstone_2012-09-09_3469\" alt=\"larry-mathews-blackstone_2012-09-09_3469\" src=\"https:\/\/irland-reise-tipps.de\/de\/wp-content\/gallery\/musik_larry-mathews-blackstone\/thumbs\/thumbs_larry-mathews-blackstone_2012-09-09_3469.jpg\" width=\"100\" height=\"75\" \/>\n\t\t\t\t\t\t\t<\/a>\n\t\t<\/div>\n\t<\/div>\n\t\n\t\t\n \t\t\n\t<div id=\"ngg-image-10\" class=\"ngg-gallery-thumbnail-box\"  >\n\t\t<div class=\"ngg-gallery-thumbnail\" >\n\t\t\t<a href=\"https:\/\/irland-reise-tipps.de\/de\/wp-content\/gallery\/musik_larry-mathews-blackstone\/larry-mathews-blackstone_2012-09-09_3472.jpg\" title=\" \" rel=\"lightbox[set_3]\" >\n\t\t\t\t\t\t\t\t<img loading=\"lazy\" decoding=\"async\" title=\"larry-mathews-blackstone_2012-09-09_3472\" alt=\"larry-mathews-blackstone_2012-09-09_3472\" src=\"https:\/\/irland-reise-tipps.de\/de\/wp-content\/gallery\/musik_larry-mathews-blackstone\/thumbs\/thumbs_larry-mathews-blackstone_2012-09-09_3472.jpg\" width=\"100\" height=\"75\" \/>\n\t\t\t\t\t\t\t<\/a>\n\t\t<\/div>\n\t<\/div>\n\t\n\t\t\n \t\t\n\t<div id=\"ngg-image-11\" class=\"ngg-gallery-thumbnail-box\"  >\n\t\t<div class=\"ngg-gallery-thumbnail\" >\n\t\t\t<a href=\"https:\/\/irland-reise-tipps.de\/de\/wp-content\/gallery\/musik_larry-mathews-blackstone\/larry-mathews-blackstone_2012-09-09_3486b.jpg\" title=\" \" rel=\"lightbox[set_3]\" >\n\t\t\t\t\t\t\t\t<img loading=\"lazy\" decoding=\"async\" title=\"larry-mathews-blackstone_2012-09-09_3486b\" alt=\"larry-mathews-blackstone_2012-09-09_3486b\" src=\"https:\/\/irland-reise-tipps.de\/de\/wp-content\/gallery\/musik_larry-mathews-blackstone\/thumbs\/thumbs_larry-mathews-blackstone_2012-09-09_3486b.jpg\" width=\"100\" height=\"75\" \/>\n\t\t\t\t\t\t\t<\/a>\n\t\t<\/div>\n\t<\/div>\n\t\n\t\t\n \t \t\n\t<!-- Pagination -->\n \t<div class=\"ngg-clear\"><\/div> \t\n<\/div>\n\n\n<p><a title=\"Larry Mathews\" href=\"http:\/\/www.larrymathews.de\/\" target=\"_blank\" rel=\"nofollow\">Zur Homepage \u203a<\/a><\/p>\n<p>&nbsp;<\/p>\n<p>&nbsp;<\/p>\n<h4><span style=\"color: #008000;\">N\u00e4chste Konzerte dieser Band<\/span><\/h4>\nKeine  Veranstaltungen gelistet.\n","protected":false},"excerpt":{"rendered":"<p>Foto (v.l.n.r.) Andi Schmidt, Larry Mathews, Ralph B\u00fchr, Bernd Haseneder Larry Mathews stammt von der S\u00fcdwestk\u00fcste Irlands. Er ist Musiker, S\u00e4nger und Songwriter in einer Person. Er spielt die Geige &#8222;like the speed of the wind&#8220;. Seine unglaubliche Stimme gibt<span class=\"ellipsis\">&hellip;<\/span><\/p>\n<div class=\"read-more\"><a href=\"https:\/\/irland-reise-tipps.de\/de\/musik-irish-folk\/larry-mathews-blackstone\/\">Weiterlesen &#8250;<\/a><\/div>\n<p><!-- end of .read-more --><\/p>\n","protected":false},"author":1,"featured_media":587,"parent":456,"menu_order":0,"comment_status":"closed","ping_status":"closed","template":"","meta":{"footnotes":""},"class_list":["post-586","page","type-page","status-publish","has-post-thumbnail","hentry"],"yoast_head":"<!-- This site is optimized with the Yoast SEO plugin v21.2 - https:\/\/yoast.com\/wordpress\/plugins\/seo\/ -->\n<title>Musik Irish Folk - Larry Mathews Blackstone - Irland Reise Tipps<\/title>\n<meta name=\"description\" content=\"Larry Mathews stammt von der S\u00fcdwestk\u00fcste Irlands. Er ist Musiker, S\u00e4nger und Songwriter in einer Person. Er spielt die Geige &quot;like the speed of the wind&quot;.\" \/>\n<meta name=\"robots\" content=\"index, follow, max-snippet:-1, max-image-preview:large, max-video-preview:-1\" \/>\n<link rel=\"canonical\" href=\"https:\/\/irland-reise-tipps.de\/de\/musik-irish-folk\/larry-mathews-blackstone\/\" \/>\n<meta property=\"og:locale\" content=\"de_DE\" \/>\n<meta property=\"og:type\" content=\"article\" \/>\n<meta property=\"og:title\" content=\"Musik Irish Folk - Larry Mathews Blackstone - Irland Reise Tipps\" \/>\n<meta property=\"og:description\" content=\"Larry Mathews stammt von der S\u00fcdwestk\u00fcste Irlands. Er ist Musiker, S\u00e4nger und Songwriter in einer Person. Er spielt die Geige &quot;like the speed of the wind&quot;.\" \/>\n<meta property=\"og:url\" content=\"https:\/\/irland-reise-tipps.de\/de\/musik-irish-folk\/larry-mathews-blackstone\/\" \/>\n<meta property=\"og:site_name\" content=\"Irland Reise Tipps\" \/>\n<meta property=\"article:modified_time\" content=\"2013-04-15T11:30:05+00:00\" \/>\n<meta property=\"og:image\" content=\"https:\/\/irland-reise-tipps.de\/de\/wp-content\/uploads\/2013\/02\/larry_mathews_blackstone_pressefoto-e1366025572699.jpg\" \/>\n\t<meta property=\"og:image:width\" content=\"224\" \/>\n\t<meta property=\"og:image:height\" content=\"150\" \/>\n\t<meta property=\"og:image:type\" content=\"image\/jpeg\" \/>\n<meta name=\"twitter:label1\" content=\"Gesch\u00e4tzte Lesezeit\" \/>\n\t<meta name=\"twitter:data1\" content=\"2\u00a0Minuten\" \/>\n<script type=\"application\/ld+json\" class=\"yoast-schema-graph\">{\"@context\":\"https:\/\/schema.org\",\"@graph\":[{\"@type\":\"WebPage\",\"@id\":\"https:\/\/irland-reise-tipps.de\/de\/musik-irish-folk\/larry-mathews-blackstone\/\",\"url\":\"https:\/\/irland-reise-tipps.de\/de\/musik-irish-folk\/larry-mathews-blackstone\/\",\"name\":\"Musik Irish Folk - Larry Mathews Blackstone - Irland Reise Tipps\",\"isPartOf\":{\"@id\":\"https:\/\/irland-reise-tipps.de\/de\/#website\"},\"datePublished\":\"2013-02-06T16:03:41+00:00\",\"dateModified\":\"2013-04-15T11:30:05+00:00\",\"description\":\"Larry Mathews stammt von der S\u00fcdwestk\u00fcste Irlands. Er ist Musiker, S\u00e4nger und Songwriter in einer Person. Er spielt die Geige \\\"like the speed of the wind\\\".\",\"breadcrumb\":{\"@id\":\"https:\/\/irland-reise-tipps.de\/de\/musik-irish-folk\/larry-mathews-blackstone\/#breadcrumb\"},\"inLanguage\":\"de\",\"potentialAction\":[{\"@type\":\"ReadAction\",\"target\":[\"https:\/\/irland-reise-tipps.de\/de\/musik-irish-folk\/larry-mathews-blackstone\/\"]}]},{\"@type\":\"BreadcrumbList\",\"@id\":\"https:\/\/irland-reise-tipps.de\/de\/musik-irish-folk\/larry-mathews-blackstone\/#breadcrumb\",\"itemListElement\":[{\"@type\":\"ListItem\",\"position\":1,\"name\":\"Home\",\"item\":\"https:\/\/irland-reise-tipps.de\/de\/\"},{\"@type\":\"ListItem\",\"position\":2,\"name\":\"Musik\",\"item\":\"https:\/\/irland-reise-tipps.de\/de\/musik-irish-folk\/\"},{\"@type\":\"ListItem\",\"position\":3,\"name\":\"Larry Mathews Blackstone\"}]},{\"@type\":\"WebSite\",\"@id\":\"https:\/\/irland-reise-tipps.de\/de\/#website\",\"url\":\"https:\/\/irland-reise-tipps.de\/de\/\",\"name\":\"Irland Reise Tipps\",\"description\":\"Gemeinsam die gr\u00fcne Insel entdecken\",\"potentialAction\":[{\"@type\":\"SearchAction\",\"target\":{\"@type\":\"EntryPoint\",\"urlTemplate\":\"https:\/\/irland-reise-tipps.de\/de\/?s={search_term_string}\"},\"query-input\":\"required name=search_term_string\"}],\"inLanguage\":\"de\"}]}<\/script>\n<!-- \/ Yoast SEO plugin. -->","yoast_head_json":{"title":"Musik Irish Folk - Larry Mathews Blackstone - Irland Reise Tipps","description":"Larry Mathews stammt von der S\u00fcdwestk\u00fcste Irlands. Er ist Musiker, S\u00e4nger und Songwriter in einer Person. Er spielt die Geige \"like the speed of the wind\".","robots":{"index":"index","follow":"follow","max-snippet":"max-snippet:-1","max-image-preview":"max-image-preview:large","max-video-preview":"max-video-preview:-1"},"canonical":"https:\/\/irland-reise-tipps.de\/de\/musik-irish-folk\/larry-mathews-blackstone\/","og_locale":"de_DE","og_type":"article","og_title":"Musik Irish Folk - Larry Mathews Blackstone - Irland Reise Tipps","og_description":"Larry Mathews stammt von der S\u00fcdwestk\u00fcste Irlands. Er ist Musiker, S\u00e4nger und Songwriter in einer Person. Er spielt die Geige \"like the speed of the wind\".","og_url":"https:\/\/irland-reise-tipps.de\/de\/musik-irish-folk\/larry-mathews-blackstone\/","og_site_name":"Irland Reise Tipps","article_modified_time":"2013-04-15T11:30:05+00:00","og_image":[{"width":224,"height":150,"url":"https:\/\/irland-reise-tipps.de\/de\/wp-content\/uploads\/2013\/02\/larry_mathews_blackstone_pressefoto-e1366025572699.jpg","type":"image\/jpeg"}],"twitter_misc":{"Gesch\u00e4tzte Lesezeit":"2\u00a0Minuten"},"schema":{"@context":"https:\/\/schema.org","@graph":[{"@type":"WebPage","@id":"https:\/\/irland-reise-tipps.de\/de\/musik-irish-folk\/larry-mathews-blackstone\/","url":"https:\/\/irland-reise-tipps.de\/de\/musik-irish-folk\/larry-mathews-blackstone\/","name":"Musik Irish Folk - Larry Mathews Blackstone - Irland Reise Tipps","isPartOf":{"@id":"https:\/\/irland-reise-tipps.de\/de\/#website"},"datePublished":"2013-02-06T16:03:41+00:00","dateModified":"2013-04-15T11:30:05+00:00","description":"Larry Mathews stammt von der S\u00fcdwestk\u00fcste Irlands. Er ist Musiker, S\u00e4nger und Songwriter in einer Person. Er spielt die Geige \"like the speed of the wind\".","breadcrumb":{"@id":"https:\/\/irland-reise-tipps.de\/de\/musik-irish-folk\/larry-mathews-blackstone\/#breadcrumb"},"inLanguage":"de","potentialAction":[{"@type":"ReadAction","target":["https:\/\/irland-reise-tipps.de\/de\/musik-irish-folk\/larry-mathews-blackstone\/"]}]},{"@type":"BreadcrumbList","@id":"https:\/\/irland-reise-tipps.de\/de\/musik-irish-folk\/larry-mathews-blackstone\/#breadcrumb","itemListElement":[{"@type":"ListItem","position":1,"name":"Home","item":"https:\/\/irland-reise-tipps.de\/de\/"},{"@type":"ListItem","position":2,"name":"Musik","item":"https:\/\/irland-reise-tipps.de\/de\/musik-irish-folk\/"},{"@type":"ListItem","position":3,"name":"Larry Mathews Blackstone"}]},{"@type":"WebSite","@id":"https:\/\/irland-reise-tipps.de\/de\/#website","url":"https:\/\/irland-reise-tipps.de\/de\/","name":"Irland Reise Tipps","description":"Gemeinsam die gr\u00fcne Insel entdecken","potentialAction":[{"@type":"SearchAction","target":{"@type":"EntryPoint","urlTemplate":"https:\/\/irland-reise-tipps.de\/de\/?s={search_term_string}"},"query-input":"required name=search_term_string"}],"inLanguage":"de"}]}},"_links":{"self":[{"href":"https:\/\/irland-reise-tipps.de\/de\/wp-json\/wp\/v2\/pages\/586","targetHints":{"allow":["GET"]}}],"collection":[{"href":"https:\/\/irland-reise-tipps.de\/de\/wp-json\/wp\/v2\/pages"}],"about":[{"href":"https:\/\/irland-reise-tipps.de\/de\/wp-json\/wp\/v2\/types\/page"}],"author":[{"embeddable":true,"href":"https:\/\/irland-reise-tipps.de\/de\/wp-json\/wp\/v2\/users\/1"}],"replies":[{"embeddable":true,"href":"https:\/\/irland-reise-tipps.de\/de\/wp-json\/wp\/v2\/comments?post=586"}],"version-history":[{"count":11,"href":"https:\/\/irland-reise-tipps.de\/de\/wp-json\/wp\/v2\/pages\/586\/revisions"}],"predecessor-version":[{"id":589,"href":"https:\/\/irland-reise-tipps.de\/de\/wp-json\/wp\/v2\/pages\/586\/revisions\/589"}],"up":[{"embeddable":true,"href":"https:\/\/irland-reise-tipps.de\/de\/wp-json\/wp\/v2\/pages\/456"}],"wp:featuredmedia":[{"embeddable":true,"href":"https:\/\/irland-reise-tipps.de\/de\/wp-json\/wp\/v2\/media\/587"}],"wp:attachment":[{"href":"https:\/\/irland-reise-tipps.de\/de\/wp-json\/wp\/v2\/media?parent=586"}],"curies":[{"name":"wp","href":"https:\/\/api.w.org\/{rel}","templated":true}]}}