{"id":456,"date":"2013-02-02T16:23:42","date_gmt":"2013-02-02T15:23:42","guid":{"rendered":"http:\/\/irland-reise-tipps.de\/de\/?page_id=456"},"modified":"2013-05-15T18:08:40","modified_gmt":"2013-05-15T16:08:40","slug":"musik-irish-folk","status":"publish","type":"page","link":"https:\/\/irland-reise-tipps.de\/de\/musik-irish-folk\/","title":{"rendered":"Musik"},"content":{"rendered":"<h3><a title=\"Larry Mathews Blackstone\" href=\"http:\/\/irland-reise-tipps.de\/de\/musik-irish-folk\/larry-mathews-blackstone\/\"><img loading=\"lazy\" decoding=\"async\" class=\"alignleft  wp-image-587\" alt=\"larry_mathews_blackstone_pressefoto\" src=\"http:\/\/irland-reise-tipps.de\/de\/wp-content\/uploads\/2013\/02\/larry_mathews_blackstone_pressefoto.jpg\" width=\"204\" height=\"137\" \/><\/a>Larry Mathews Blackstone<\/h3>\n<p>Larry Mathews stammt von der S\u00fcdwestk\u00fcste Irlands. Er ist Musiker, S\u00e4nger und Songwriter in einer Person. Er spielt die Geige \u201clike the speed of the wind\u201d. Seine unglaubliche Stimme gibt den Songs ein \u201craw and rustic feel\u201d, das ihres gleichen sucht.<\/p>\n<p><a title=\"Larry Mathews Blackstone\" href=\"http:\/\/irland-reise-tipps.de\/de\/musik-irish-folk\/larry-mathews-blackstone\/\">Weitere Informationen zur Band \u203a<\/a><\/p>\n<p>&nbsp;<\/p>\n<h4><strong><img loading=\"lazy\" decoding=\"async\" class=\"alignleft size-medium wp-image-1664\" alt=\"The McMontos\" src=\"http:\/\/irland-reise-tipps.de\/de\/wp-content\/uploads\/2013\/03\/1-300x225.jpg\" width=\"205\" height=\"153\" srcset=\"https:\/\/irland-reise-tipps.de\/de\/wp-content\/uploads\/2013\/03\/1-300x225.jpg 300w, https:\/\/irland-reise-tipps.de\/de\/wp-content\/uploads\/2013\/03\/1-400x300.jpg 400w, https:\/\/irland-reise-tipps.de\/de\/wp-content\/uploads\/2013\/03\/1-250x187.jpg 250w, https:\/\/irland-reise-tipps.de\/de\/wp-content\/uploads\/2013\/03\/1.jpg 710w\" sizes=\"auto, (max-width: 205px) 100vw, 205px\" \/><\/strong><\/h4>\n<h3>The McMontos<\/h3>\n<p>Guter Irish &amp; Scottish Folk muss nicht immer direkt von den Inseln im Norden Europas kommen. Auch in Deutschland gibt es viele Gruppen, die den dortigen Musikern durchaus das Wasser reichen k\u00f6nnen.<\/p>\n<p><a title=\"The McMontos\" href=\"http:\/\/irland-reise-tipps.de\/de\/musik-irish-folk\/the-mcmontos\/\">Weitere Informationen zur Band <\/a><a title=\"Larry Mathews Blackstone\" href=\"http:\/\/irland-reise-tipps.de\/de\/musik-irish-folk\/larry-mathews-blackstone\/\">\u203a<\/a><\/p>\n<p>&nbsp;<\/p>\n<p><img loading=\"lazy\" decoding=\"async\" class=\"alignleft size-thumbnail wp-image-1676\" alt=\"Johannes Single\" src=\"http:\/\/irland-reise-tipps.de\/de\/wp-content\/uploads\/2013\/03\/K1024_3-150x150.jpg\" width=\"150\" height=\"150\" \/><\/p>\n<h3>Celtic Traditions<\/h3>\n<p>Mit seinem Solo-Programm \u2018Celtic Tradition\u2019 erf\u00fcllt sich S\u00e4nger und Gitarrist Johannes Single, Mitbegr\u00fcnder der Gruppe Mc Montos, einen kleinen Traum<\/p>\n<p><a title=\"Celtic Tradition\" href=\"http:\/\/irland-reise-tipps.de\/de\/musik-irish-folk\/celtic-tradition\/\">Weitere Informationen zum Musiker <\/a><a title=\"Larry Mathews Blackstone\" href=\"http:\/\/irland-reise-tipps.de\/de\/musik-irish-folk\/larry-mathews-blackstone\/\">\u203a<\/a><\/p>\n<p>&nbsp;<\/p>\n<h3><img loading=\"lazy\" decoding=\"async\" class=\"alignleft size-medium wp-image-1705\" alt=\"band\" src=\"http:\/\/irland-reise-tipps.de\/de\/wp-content\/uploads\/2013\/03\/band1-300x155.jpg\" width=\"300\" height=\"155\" srcset=\"https:\/\/irland-reise-tipps.de\/de\/wp-content\/uploads\/2013\/03\/band1-300x155.jpg 300w, https:\/\/irland-reise-tipps.de\/de\/wp-content\/uploads\/2013\/03\/band1-250x129.jpg 250w, https:\/\/irland-reise-tipps.de\/de\/wp-content\/uploads\/2013\/03\/band1.jpg 960w\" sizes=\"auto, (max-width: 300px) 100vw, 300px\" \/><\/h3>\n<h3>Glenfiddle<\/h3>\n<p>Glenfiddle ist eine Band mit sicherem Gesp\u00fcr daf\u00fcr, welche Lieder essentiell und ergreifend sind. Die Musiker von Glenfiddle haben eine gro\u00dfe musikalische Substanz und \u00fcberraschende Einf\u00e4lle, dass sie all die Klassiker der Folkmusik in einem ganz eigenen Sound \u00fcberzeugend pr\u00e4sentieren. Das Publikum wird nicht nur mit den &#8222;Greatest Hits&#8220; der keltischen Musik verw\u00f6hnt, sondern auch mit einem authentischen Sound \u00e0 la Glenfiddle.<\/p>\n<p><a title=\"Glendfiddle\" href=\"http:\/\/irland-reise-tipps.de\/de\/musik-irish-folk\/glenfiddle\/\">Weitere Informationen zur Band <\/a><a title=\"Larry Mathews Blackstone\" href=\"http:\/\/irland-reise-tipps.de\/de\/musik-irish-folk\/larry-mathews-blackstone\/\">\u203a<\/a><\/p>\n<p>&nbsp;<\/p>\n<h3><img loading=\"lazy\" decoding=\"async\" class=\"alignleft size-medium wp-image-1695\" alt=\"band\" src=\"http:\/\/irland-reise-tipps.de\/de\/wp-content\/uploads\/2013\/03\/band-300x199.jpg\" width=\"300\" height=\"199\" \/><\/h3>\n<h3>Fleadh<\/h3>\n<p>Fleadh (gesprochen &#8222;Flaa&#8220;, das irisch-g\u00e4lische Wort f\u00fcr &#8222;Fest&#8220; oder &#8222;Festival&#8220;) besteht in seiner derzeitigen Besetzung seit Ende 2007.<\/p>\n<p>Die Urspr\u00fcnge der Band reichen zur\u00fcck ins Jahr 1999. Gr\u00fcndungsmitglieder aus dieser Zeit sind Uilleann Piper Frank Weber und Gitarrist Tommy Gorny.<\/p>\n<p><a title=\"Fleadh\" href=\"http:\/\/irland-reise-tipps.de\/de\/musik-irish-folk\/flead\/\">Weitere Informationen zur Band <\/a><a title=\"Larry Mathews Blackstone\" href=\"http:\/\/irland-reise-tipps.de\/de\/musik-irish-folk\/larry-mathews-blackstone\/\">\u203a<\/a><\/p>\n<p>&nbsp;<\/p>\n<p><img loading=\"lazy\" decoding=\"async\" class=\"alignleft size-medium wp-image-1709\" alt=\"cover\" src=\"http:\/\/irland-reise-tipps.de\/de\/wp-content\/uploads\/2013\/02\/cover-300x300.jpg\" width=\"300\" height=\"300\" \/><\/p>\n<h3>Celtic Chakra<\/h3>\n<p>Ihr Repertoire ist eine Mischung alter und neuer traditioneller Musik aus verschiedenen keltischen Regionen, das durch Eigenkompositionen bereichert wird. Sie pr\u00e4sentieren die Musik in einem zeitgem\u00e4\u00dfen Gewand, nehmen jedoch gleichzeitig ihre Verpflichtung ernst, dem Althergebrachten<br \/>\ntreu zu\u00a0bleiben und die Grundfesten dessen, was diese Musik von jeher ausmacht, zu hegen und pflegen.<\/p>\n<p><a title=\"Celtic Chakra\" href=\"http:\/\/irland-reise-tipps.de\/de\/musik-irish-folk\/celtic-chakra\/\">Weitere Informationen zur Band \u203a<\/a><\/p>\n<p>&nbsp;<\/p>\n<h4>\n<a href=\"https:\/\/irland-reise-tipps.de\/de\/wp-content\/gallery\/duo-saitenprung\/k1024_saitensprung1.jpg\" title=\"\" rel=\"lightbox[singlepic839]\" >\n\t<img decoding=\"async\" class=\"ngg-singlepic ngg-left\" src=\"https:\/\/irland-reise-tipps.de\/de\/wp-content\/gallery\/cache\/839__640x480_k1024_saitensprung1.jpg\" alt=\"k1024_saitensprung1\" title=\"k1024_saitensprung1\" \/>\n<\/a>\n Duo-Saitensprung<\/h4>\n<p>Hinter \u201cSaitensprung\u201d stehen zwei Musiker, die ihre Leidenschaft mit anderen teilen wollen und seit fast 20 Jahren erfolgreich zum Hobby gemacht haben.<\/p>\n<p>Auf Western-Gitarren, Banjo, Mandoline, Tin Whistle und Bodhr\u00e1n spielen die beiden Songs, die Rock &amp; Pop sowie Folk-Geschichte gepr\u00e4gt haben.<\/p>\n<p><a title=\"Duo Saitensprung\" href=\"http:\/\/irland-reise-tipps.de\/de\/musik-irish-folk\/duo-saitensprung\/\">Weitere Informationen zur Band \u203a<\/a><\/p>\n<p>&nbsp;<\/p>\n<h3>The Keltics<img loading=\"lazy\" decoding=\"async\" class=\"alignleft size-medium wp-image-2826\" alt=\"DSC_4430\" src=\"http:\/\/irland-reise-tipps.de\/de\/wp-content\/uploads\/2013\/05\/DSC_4430-300x200.jpg\" width=\"300\" height=\"200\" srcset=\"https:\/\/irland-reise-tipps.de\/de\/wp-content\/uploads\/2013\/05\/DSC_4430-300x200.jpg 300w, https:\/\/irland-reise-tipps.de\/de\/wp-content\/uploads\/2013\/05\/DSC_4430-250x166.jpg 250w, https:\/\/irland-reise-tipps.de\/de\/wp-content\/uploads\/2013\/05\/DSC_4430.jpg 600w\" sizes=\"auto, (max-width: 300px) 100vw, 300px\" \/><\/h3>\n<p>\u201eThe Keltics\u201c sind der Inbegriff f\u00fcr Lebenslust, Unbeschwertheit und Ausgelassenheit. Sieben Musiker, die trotz und gerade wegen ihrer langj\u00e4hrigen B\u00fchnenerfahrung ein positives Lebensgef\u00fchl vermitteln.<\/p>\n<p>So bekommt der Begriff Irish-Folk-Rock einen ganz neuen Inhalt. Das Erfolgsgeheimnis der Band liegt in der Kombination aus authentischem Lebensgef\u00fchl und Spa\u00df an der Musik.<\/p>\n<p><a title=\"The Keltics\" href=\"http:\/\/irland-reise-tipps.de\/de\/musik-irish-folk\/the-keltics\/\">Weitere Informationen zur Band \u203a<\/a><\/p>\n<p>&nbsp;<\/p>\n<p>&nbsp;<\/p>\n<h3><strong>Bevorstehende Musik Veranstaltungen<\/strong><\/h3>\nKeine  Veranstaltungen gelistet.\n<p>&nbsp;<\/p>\n","protected":false},"excerpt":{"rendered":"<p>Larry Mathews Blackstone Larry Mathews stammt von der S\u00fcdwestk\u00fcste Irlands. Er ist Musiker, S\u00e4nger und Songwriter in einer Person. Er spielt die Geige \u201clike the speed of the wind\u201d. Seine unglaubliche Stimme gibt den Songs ein \u201craw and rustic feel\u201d,<span class=\"ellipsis\">&hellip;<\/span><\/p>\n<div class=\"read-more\"><a href=\"https:\/\/irland-reise-tipps.de\/de\/musik-irish-folk\/\">Weiterlesen &#8250;<\/a><\/div>\n<p><!-- end of .read-more --><\/p>\n","protected":false},"author":1,"featured_media":0,"parent":0,"menu_order":0,"comment_status":"closed","ping_status":"closed","template":"","meta":{"footnotes":""},"class_list":["post-456","page","type-page","status-publish","hentry"],"yoast_head":"<!-- This site is optimized with the Yoast SEO plugin v21.2 - https:\/\/yoast.com\/wordpress\/plugins\/seo\/ -->\n<title>Musik aus Irland - Irisch Folk<\/title>\n<meta name=\"description\" content=\"Die irische Musik wird auch als Irish Folk bezeichnet und ist in Irland sehr popul\u00e4r. Im englischsprachigen Raum spricht man von Irisch Traditional Music.\" \/>\n<meta name=\"robots\" content=\"index, follow, max-snippet:-1, max-image-preview:large, max-video-preview:-1\" \/>\n<link rel=\"canonical\" href=\"https:\/\/irland-reise-tipps.de\/de\/musik-irish-folk\/\" \/>\n<meta property=\"og:locale\" content=\"de_DE\" \/>\n<meta property=\"og:type\" content=\"article\" \/>\n<meta property=\"og:title\" content=\"Musik aus Irland - Irisch Folk\" \/>\n<meta property=\"og:description\" content=\"Die irische Musik wird auch als Irish Folk bezeichnet und ist in Irland sehr popul\u00e4r. Im englischsprachigen Raum spricht man von Irisch Traditional Music.\" \/>\n<meta property=\"og:url\" content=\"https:\/\/irland-reise-tipps.de\/de\/musik-irish-folk\/\" \/>\n<meta property=\"og:site_name\" content=\"Irland Reise Tipps\" \/>\n<meta property=\"article:modified_time\" content=\"2013-05-15T16:08:40+00:00\" \/>\n<meta property=\"og:image\" content=\"http:\/\/irland-reise-tipps.de\/de\/wp-content\/uploads\/2013\/02\/larry_mathews_blackstone_pressefoto.jpg\" \/>\n<meta name=\"twitter:label1\" content=\"Gesch\u00e4tzte Lesezeit\" \/>\n\t<meta name=\"twitter:data1\" content=\"2\u00a0Minuten\" \/>\n<script type=\"application\/ld+json\" class=\"yoast-schema-graph\">{\"@context\":\"https:\/\/schema.org\",\"@graph\":[{\"@type\":\"WebPage\",\"@id\":\"https:\/\/irland-reise-tipps.de\/de\/musik-irish-folk\/\",\"url\":\"https:\/\/irland-reise-tipps.de\/de\/musik-irish-folk\/\",\"name\":\"Musik aus Irland - Irisch Folk\",\"isPartOf\":{\"@id\":\"https:\/\/irland-reise-tipps.de\/de\/#website\"},\"datePublished\":\"2013-02-02T15:23:42+00:00\",\"dateModified\":\"2013-05-15T16:08:40+00:00\",\"description\":\"Die irische Musik wird auch als Irish Folk bezeichnet und ist in Irland sehr popul\u00e4r. Im englischsprachigen Raum spricht man von Irisch Traditional Music.\",\"breadcrumb\":{\"@id\":\"https:\/\/irland-reise-tipps.de\/de\/musik-irish-folk\/#breadcrumb\"},\"inLanguage\":\"de\",\"potentialAction\":[{\"@type\":\"ReadAction\",\"target\":[\"https:\/\/irland-reise-tipps.de\/de\/musik-irish-folk\/\"]}]},{\"@type\":\"BreadcrumbList\",\"@id\":\"https:\/\/irland-reise-tipps.de\/de\/musik-irish-folk\/#breadcrumb\",\"itemListElement\":[{\"@type\":\"ListItem\",\"position\":1,\"name\":\"Home\",\"item\":\"https:\/\/irland-reise-tipps.de\/de\/\"},{\"@type\":\"ListItem\",\"position\":2,\"name\":\"Musik\"}]},{\"@type\":\"WebSite\",\"@id\":\"https:\/\/irland-reise-tipps.de\/de\/#website\",\"url\":\"https:\/\/irland-reise-tipps.de\/de\/\",\"name\":\"Irland Reise Tipps\",\"description\":\"Gemeinsam die gr\u00fcne Insel entdecken\",\"potentialAction\":[{\"@type\":\"SearchAction\",\"target\":{\"@type\":\"EntryPoint\",\"urlTemplate\":\"https:\/\/irland-reise-tipps.de\/de\/?s={search_term_string}\"},\"query-input\":\"required name=search_term_string\"}],\"inLanguage\":\"de\"}]}<\/script>\n<!-- \/ Yoast SEO plugin. -->","yoast_head_json":{"title":"Musik aus Irland - Irisch Folk","description":"Die irische Musik wird auch als Irish Folk bezeichnet und ist in Irland sehr popul\u00e4r. Im englischsprachigen Raum spricht man von Irisch Traditional Music.","robots":{"index":"index","follow":"follow","max-snippet":"max-snippet:-1","max-image-preview":"max-image-preview:large","max-video-preview":"max-video-preview:-1"},"canonical":"https:\/\/irland-reise-tipps.de\/de\/musik-irish-folk\/","og_locale":"de_DE","og_type":"article","og_title":"Musik aus Irland - Irisch Folk","og_description":"Die irische Musik wird auch als Irish Folk bezeichnet und ist in Irland sehr popul\u00e4r. Im englischsprachigen Raum spricht man von Irisch Traditional Music.","og_url":"https:\/\/irland-reise-tipps.de\/de\/musik-irish-folk\/","og_site_name":"Irland Reise Tipps","article_modified_time":"2013-05-15T16:08:40+00:00","og_image":[{"url":"http:\/\/irland-reise-tipps.de\/de\/wp-content\/uploads\/2013\/02\/larry_mathews_blackstone_pressefoto.jpg"}],"twitter_misc":{"Gesch\u00e4tzte Lesezeit":"2\u00a0Minuten"},"schema":{"@context":"https:\/\/schema.org","@graph":[{"@type":"WebPage","@id":"https:\/\/irland-reise-tipps.de\/de\/musik-irish-folk\/","url":"https:\/\/irland-reise-tipps.de\/de\/musik-irish-folk\/","name":"Musik aus Irland - Irisch Folk","isPartOf":{"@id":"https:\/\/irland-reise-tipps.de\/de\/#website"},"datePublished":"2013-02-02T15:23:42+00:00","dateModified":"2013-05-15T16:08:40+00:00","description":"Die irische Musik wird auch als Irish Folk bezeichnet und ist in Irland sehr popul\u00e4r. Im englischsprachigen Raum spricht man von Irisch Traditional Music.","breadcrumb":{"@id":"https:\/\/irland-reise-tipps.de\/de\/musik-irish-folk\/#breadcrumb"},"inLanguage":"de","potentialAction":[{"@type":"ReadAction","target":["https:\/\/irland-reise-tipps.de\/de\/musik-irish-folk\/"]}]},{"@type":"BreadcrumbList","@id":"https:\/\/irland-reise-tipps.de\/de\/musik-irish-folk\/#breadcrumb","itemListElement":[{"@type":"ListItem","position":1,"name":"Home","item":"https:\/\/irland-reise-tipps.de\/de\/"},{"@type":"ListItem","position":2,"name":"Musik"}]},{"@type":"WebSite","@id":"https:\/\/irland-reise-tipps.de\/de\/#website","url":"https:\/\/irland-reise-tipps.de\/de\/","name":"Irland Reise Tipps","description":"Gemeinsam die gr\u00fcne Insel entdecken","potentialAction":[{"@type":"SearchAction","target":{"@type":"EntryPoint","urlTemplate":"https:\/\/irland-reise-tipps.de\/de\/?s={search_term_string}"},"query-input":"required name=search_term_string"}],"inLanguage":"de"}]}},"_links":{"self":[{"href":"https:\/\/irland-reise-tipps.de\/de\/wp-json\/wp\/v2\/pages\/456","targetHints":{"allow":["GET"]}}],"collection":[{"href":"https:\/\/irland-reise-tipps.de\/de\/wp-json\/wp\/v2\/pages"}],"about":[{"href":"https:\/\/irland-reise-tipps.de\/de\/wp-json\/wp\/v2\/types\/page"}],"author":[{"embeddable":true,"href":"https:\/\/irland-reise-tipps.de\/de\/wp-json\/wp\/v2\/users\/1"}],"replies":[{"embeddable":true,"href":"https:\/\/irland-reise-tipps.de\/de\/wp-json\/wp\/v2\/comments?post=456"}],"version-history":[{"count":20,"href":"https:\/\/irland-reise-tipps.de\/de\/wp-json\/wp\/v2\/pages\/456\/revisions"}],"predecessor-version":[{"id":2866,"href":"https:\/\/irland-reise-tipps.de\/de\/wp-json\/wp\/v2\/pages\/456\/revisions\/2866"}],"wp:attachment":[{"href":"https:\/\/irland-reise-tipps.de\/de\/wp-json\/wp\/v2\/media?parent=456"}],"curies":[{"name":"wp","href":"https:\/\/api.w.org\/{rel}","templated":true}]}}