{"id":363,"date":"2013-01-28T15:56:07","date_gmt":"2013-01-28T14:56:07","guid":{"rendered":"http:\/\/irland-reise-tipps.de\/de\/?page_id=363"},"modified":"2018-07-01T20:45:48","modified_gmt":"2018-07-01T18:45:48","slug":"datenschutz","status":"publish","type":"page","link":"https:\/\/irland-reise-tipps.de\/de\/datenschutz\/","title":{"rendered":"Datenschutz"},"content":{"rendered":"<p><b>Datenschutzerkl\u00e4rung<\/b><\/p>\n<p>Wir freuen uns \u00fcber Ihr Interesse an unserer Homepage und unserem Unternehmen. F\u00fcr externe Links zu fremden Inhalten k\u00f6nnen wir, trotz sorgf\u00e4ltiger inhaltlicher Kontrolle, keine Haftung \u00fcbernehmen.<\/p>\n<p>Der Schutz Ihrer personenbezogenen Daten bei der Erhebung, Verarbeitung und Nutzung anl\u00e4sslich Ihres Besuchs auf unserer Homepage ist mir ein wichtiges Anliegen. Ihre Daten werden im Rahmen der gesetzlichen Vorschriften gesch\u00fctzt. Nachfolgend finden Sie Informationen, welche Daten w\u00e4hrend Ihres Besuchs auf der Homepage erfasst und wie diese genutzt werden:<\/p>\n<p><b>1. Erhebung und Verarbeitung von Daten<\/b><\/p>\n<p>Jeder Zugriff auf unsere Homepage und jeder Abruf einer auf der Homepage hinterlegten Datei werden protokolliert. Die Speicherung dient internen systembezogenen und statistischen Zwecken. Protokolliert werden: Name der abgerufenen Datei, Datum und Uhrzeit des Abrufs, \u00fcbertragene Datenmenge, Meldung \u00fcber erfolgreichen Abruf, Webbrowser und anfragende Domain.<\/p>\n<p>Zus\u00e4tzlich werden die IP Adressen der anfragenden Rechner protokolliert.<\/p>\n<p>Weitergehende personenbezogene Daten werden nur erfasst, wenn Sie diese Angaben freiwillig, etwa im Rahmen einer Anfrage oder Registrierung, machen.<\/p>\n<p><b>2. Nutzung und Weitergabe personenbezogener Daten<\/b><\/p>\n<p>Soweit Sie uns personenbezogene Daten zur Verf\u00fcgung gestellt haben, verwenden wir diese nur zur Beantwortung Ihrer Anfragen, zur Abwicklung der mit Ihnen geschlossenen Vertr\u00e4ge und f\u00fcr die technische Administration.<\/p>\n<p>Ihre personenbezogenen Daten werden an Dritte nur weitergegeben oder \u00fcbermittelt, wenn dies zum Zwecke der Vertragsabwicklung &#8211; insbesondere Weitergabe von Bestelldaten an Lieferanten &#8211; erforderlich ist, dies zu Abrechnungszwecken erforderlich ist oder Sie zuvor eingewilligt haben. Sie haben das Recht, eine erteilte Einwilligung mit Wirkung f\u00fcr die Zukunft jederzeit zu widerrufen.<\/p>\n<p>Die L\u00f6schung der gespeicherten personenbezogenen Daten erfolgt, wenn Sie Ihre Einwilligung zur Speicherung widerrufen, wenn ihre Kenntnis zur Erf\u00fcllung des mit der Speicherung verfolgten Zwecks nicht mehr erforderlich ist oder wenn ihre Speicherung aus sonstigen gesetzlichen Gr\u00fcnden unzul\u00e4ssig ist.<br \/>\n<strong>Datenschutz<\/strong><\/p>\n<p>Der Nutzung von im Rahmen der Impressumspflicht ver\u00f6ffentlichten Kontaktdaten durch Dritte zur \u00dcbersendung von nicht ausdr\u00fccklich angeforderter Werbung und Informationsmaterialien wird hiermit ausdr\u00fccklich widersprochen. Die Betreiber der Seiten behalten sich ausdr\u00fccklich rechtliche Schritte im Falle der unverlangten Zusendung von Werbeinformationen, etwa durch Spam-Mails, vor.<\/p>\n<p><strong>Cookies<\/strong><\/p>\n<p>Die Internetseiten verwenden teilweise so genannte Cookies. Cookies richten auf Ihrem Rechner keinen Schaden an und enthalten keine Viren. Cookies dienen dazu, unser Angebot nutzerfreundlicher, effektiver und sicherer zu machen. Cookies sind kleine Textdateien, die auf Ihrem Rechner abgelegt werden und die Ihr Browser speichert.<\/p>\n<p>Die meisten der von uns verwendeten Cookies sind so genannte \u201cSession-Cookies\u201d. Sie werden nach Ende Ihres Besuchs automatisch gel\u00f6scht. Andere Cookies bleiben auf Ihrem Endger\u00e4t gespeichert bis Sie diese l\u00f6schen. Diese Cookies erm\u00f6glichen es uns, Ihren Browser beim n\u00e4chsten Besuch wiederzuerkennen.<\/p>\n<p>Sie k\u00f6nnen Ihren Browser so einstellen, dass Sie \u00fcber das Setzen von Cookies informiert werden und Cookies nur im Einzelfall erlauben, die Annahme von Cookies f\u00fcr bestimmte F\u00e4lle oder generell ausschlie\u00dfen sowie das automatische L\u00f6schen der Cookies beim Schlie\u00dfen des Browser aktivieren. Bei der Deaktivierung von Cookies kann die Funktionalit\u00e4t dieser Website eingeschr\u00e4nkt sein.<\/p>\n<p>Cookies, die zur Durchf\u00fchrung des elektronischen Kommunikationsvorgangs oder zur Bereitstellung bestimmter, von Ihnen erw\u00fcnschter Funktionen (z.B. Warenkorbfunktion) erforderlich sind, werden auf Grundlage von Art. 6 Abs. 1 lit. f DSGVO gespeichert. Der Websitebetreiber hat ein berechtigtes Interesse an der Speicherung von Cookies zur technisch fehlerfreien und optimierten Bereitstellung seiner Dienste. Soweit andere Cookies (z.B. Cookies zur Analyse Ihres Surfverhaltens) gespeichert werden, werden diese in dieser Datenschutzerkl\u00e4rung gesondert behandelt.<\/p>\n<p><strong>Server-Log-Dateien<\/strong><\/p>\n<p>Der Provider der Seiten erhebt und speichert automatisch Informationen in so genannten Server-Log-Dateien, die Ihr Browser automatisch an uns \u00fcbermittelt. Dies sind:<\/p>\n<ul>\n<li>Browsertyp und Browserversion<\/li>\n<li>verwendetes Betriebssystem<\/li>\n<li>Referrer URL<\/li>\n<li>Hostname des zugreifenden Rechners<\/li>\n<li>Uhrzeit der Serveranfrage<\/li>\n<li>IP-Adresse<\/li>\n<\/ul>\n<p>Eine Zusammenf\u00fchrung dieser Daten mit anderen Datenquellen wird nicht vorgenommen.<\/p>\n<p>Die Erfassung dieser Daten erfolgt auf Grundlage von Art. 6 Abs. 1 lit. f DSGVO. Der Websitebetreiber hat ein berechtigtes Interesse an der technisch fehlerfreien Darstellung und der Optimierung seiner Website \u2013 hierzu m\u00fcssen die Server-Log-Files erfasst werden.<\/p>\n<p><strong>Datenschutzerkl\u00e4rung f\u00fcr die Nutzung von Facebook-Plugins (Like-Button)<\/strong><\/p>\n<p>Auf unseren Seiten sind Plugins des sozialen Netzwerks Facebook, 1601 South California Avenue, Palo Alto, CA 94304, USA integriert. Die Facebook-Plugins erkennen Sie an dem Facebook-Logo oder dem &#8222;Like-Button&#8220; (&#8222;Gef\u00e4llt mir&#8220;) auf unserer Seite. Eine \u00dcbersicht \u00fcber die Facebook-Plugins finden Sie hier: <a href=\"http:\/\/developers.facebook.com\/docs\/plugins\/\" target=\"_blank\" rel=\"noopener\">http:\/\/developers.facebook.com\/docs\/plugins\/<\/a>.<br \/>\nWenn Sie unsere Seiten besuchen, wird \u00fcber das Plugin eine direkte Verbindung zwischen Ihrem Browser und dem Facebook-Server hergestellt. Facebook erh\u00e4lt dadurch die Information, dass Sie mit Ihrer IP-Adresse unsere Seite besucht haben. Wenn Sie den Facebook &#8222;Like-Button&#8220; anklicken w\u00e4hrend Sie in Ihrem Facebook-Account eingeloggt sind, k\u00f6nnen Sie die Inhalte unserer Seiten auf Ihrem Facebook-Profil verlinken. Dadurch kann Facebook den Besuch unserer Seiten Ihrem Benutzerkonto zuordnen. Wir weisen darauf hin, dass wir als Anbieter der Seiten keine Kenntnis vom Inhalt der \u00fcbermittelten Daten sowie deren Nutzung durch Facebook erhalten. Weitere Informationen hierzu finden Sie in der Datenschutzerkl\u00e4rung von facebook unter <a href=\"http:\/\/de-de.facebook.com\/policy.php\" target=\"_blank\" rel=\"noopener\"> http:\/\/de-de.facebook.com\/policy.php<\/a><\/p>\n<p>Wenn Sie nicht w\u00fcnschen, dass Facebook den Besuch unserer Seiten Ihrem Facebook-Nutzerkonto zuordnen kann, loggen Sie sich bitte aus Ihrem Facebook-Benutzerkonto aus.<\/p>\n<p><strong>Datenschutzerkl\u00e4rung f\u00fcr die Nutzung von Google +1<\/strong><\/p>\n<p><i>Erfassung und Weitergabe von Informationen:<\/i><br \/>\nMithilfe der Google +1-Schaltfl\u00e4che k\u00f6nnen Sie Informationen weltweit ver\u00f6ffentlichen. \u00fcber die Google +1-Schaltfl\u00e4che erhalten Sie und andere Nutzer personalisierte Inhalte von Google und unseren Partnern. Google speichert sowohl die Information, dass Sie f\u00fcr einen Inhalt +1 gegeben haben, als auch Informationen \u00fcber die Seite, die Sie beim Klicken auf +1 angesehen haben. Ihre +1 k\u00f6nnen als Hinweise zusammen mit Ihrem Profilnamen und Ihrem Foto in Google-Diensten, wie etwa in Suchergebnissen oder in Ihrem Google-Profil, oder an anderen Stellen auf Websites und Anzeigen im Internet eingeblendet werden.<br \/>\nGoogle zeichnet Informationen \u00fcber Ihre +1-Aktivit\u00e4ten auf, um die Google-Dienste f\u00fcr Sie und andere zu verbessern. Um die Google +1-Schaltfl\u00e4che verwenden zu k\u00f6nnen, ben\u00f6tigen Sie ein weltweit sichtbares, \u00f6ffentliches Google-Profil, das zumindest den f\u00fcr das Profil gew\u00e4hlten Namen enthalten muss. Dieser Name wird in allen Google-Diensten verwendet. In manchen F\u00e4llen kann dieser Name auch einen anderen Namen ersetzen, den Sie beim Teilen von Inhalten \u00fcber Ihr Google-Konto verwendet haben. Die Identit\u00e4t Ihres Google-Profils kann Nutzern angezeigt werden, die Ihre E-Mail-Adresse kennen oder \u00fcber andere identifizierende Informationen von Ihnen verf\u00fcgen.<\/p>\n<p><i>Verwendung der erfassten Informationen:<\/i><br \/>\nNeben den oben erl\u00e4uterten Verwendungszwecken werden die von Ihnen bereitgestellten Informationen gem\u00e4\u00df den geltenden Google-Datenschutzbestimmungen genutzt. Google ver\u00f6ffentlicht m\u00f6glicherweise zusammengefasste Statistiken \u00fcber die +1-Aktivit\u00e4ten der Nutzer bzw. gibt diese an Nutzer und Partner weiter, wie etwa Publisher, Inserenten oder verbundene Websites.<\/p>\n<p>&nbsp;<\/p>\n<p><strong>Datenschutzerkl\u00e4rung f\u00fcr die Nutzung von Twitter<\/strong><\/p>\n<p>Auf unseren Seiten sind Funktionen des Dienstes Twitter eingebunden. Diese Funktionen werden angeboten durch die Twitter Inc., 795 Folsom St., Suite 600, San Francisco, CA 94107, USA. Durch das Benutzen von Twitter und der Funktion &#8222;Re-Tweet&#8220; werden die von Ihnen besuchten Webseiten mit Ihrem Twitter-Account verkn\u00fcpft und anderen Nutzern bekannt gegeben. Dabei werden auch Daten an Twitter \u00fcbertragen.<\/p>\n<p>Wir weisen darauf hin, dass wir als Anbieter der Seiten keine Kenntnis vom Inhalt der \u00fcbermittelten Daten sowie deren Nutzung durch Twitter erhalten. Weitere Informationen hierzu finden Sie in der Datenschutzerkl\u00e4rung von Twitter unter <a href=\"http:\/\/twitter.com\/privacy\" target=\"_blank\" rel=\"noopener\">http:\/\/twitter.com\/privacy<\/a>.<\/p>\n<p>Ihre Datenschutzeinstellungen bei Twitter k\u00f6nnen Sie in den Konto-Einstellungen unter <a href=\"http:\/\/twitter.com\/account\/settings\" target=\"_blank\" rel=\"noopener\">http:\/\/twitter.com\/account\/settings<\/a> \u00e4ndern.<\/p>\n","protected":false},"excerpt":{"rendered":"<p>Datenschutzerkl\u00e4rung Wir freuen uns \u00fcber Ihr Interesse an unserer Homepage und unserem Unternehmen. F\u00fcr externe Links zu fremden Inhalten k\u00f6nnen wir, trotz sorgf\u00e4ltiger inhaltlicher Kontrolle, keine Haftung \u00fcbernehmen. Der Schutz Ihrer personenbezogenen Daten bei der Erhebung, Verarbeitung und Nutzung anl\u00e4sslich<span class=\"ellipsis\">&hellip;<\/span><\/p>\n<div class=\"read-more\"><a href=\"https:\/\/irland-reise-tipps.de\/de\/datenschutz\/\">Weiterlesen &#8250;<\/a><\/div>\n<p><!-- end of .read-more --><\/p>\n","protected":false},"author":5,"featured_media":0,"parent":0,"menu_order":0,"comment_status":"closed","ping_status":"closed","template":"","meta":{"footnotes":""},"class_list":["post-363","page","type-page","status-publish","hentry"],"yoast_head":"<!-- This site is optimized with the Yoast SEO plugin v21.2 - https:\/\/yoast.com\/wordpress\/plugins\/seo\/ -->\n<title>Datenschutz - Irland Reise Tipps<\/title>\n<meta name=\"description\" content=\"Gemeinsam die gr\u00fcne Insel Irland entdecken. Wir haben ausgew\u00e4hlte Veranstaltungen, Unterk\u00fcnfte und Touren mit den Highlights Irlands zusammengestellt.\" \/>\n<meta name=\"robots\" content=\"index, follow, max-snippet:-1, max-image-preview:large, max-video-preview:-1\" \/>\n<link rel=\"canonical\" href=\"https:\/\/irland-reise-tipps.de\/de\/datenschutz\/\" \/>\n<meta property=\"og:locale\" content=\"de_DE\" \/>\n<meta property=\"og:type\" content=\"article\" \/>\n<meta property=\"og:title\" content=\"Datenschutz - Irland Reise Tipps\" \/>\n<meta property=\"og:description\" content=\"Gemeinsam die gr\u00fcne Insel Irland entdecken. Wir haben ausgew\u00e4hlte Veranstaltungen, Unterk\u00fcnfte und Touren mit den Highlights Irlands zusammengestellt.\" \/>\n<meta property=\"og:url\" content=\"https:\/\/irland-reise-tipps.de\/de\/datenschutz\/\" \/>\n<meta property=\"og:site_name\" content=\"Irland Reise Tipps\" \/>\n<meta property=\"article:modified_time\" content=\"2018-07-01T18:45:48+00:00\" \/>\n<meta name=\"twitter:label1\" content=\"Gesch\u00e4tzte Lesezeit\" \/>\n\t<meta name=\"twitter:data1\" content=\"6\u00a0Minuten\" \/>\n<script type=\"application\/ld+json\" class=\"yoast-schema-graph\">{\"@context\":\"https:\/\/schema.org\",\"@graph\":[{\"@type\":\"WebPage\",\"@id\":\"https:\/\/irland-reise-tipps.de\/de\/datenschutz\/\",\"url\":\"https:\/\/irland-reise-tipps.de\/de\/datenschutz\/\",\"name\":\"Datenschutz - Irland Reise Tipps\",\"isPartOf\":{\"@id\":\"https:\/\/irland-reise-tipps.de\/de\/#website\"},\"datePublished\":\"2013-01-28T14:56:07+00:00\",\"dateModified\":\"2018-07-01T18:45:48+00:00\",\"description\":\"Gemeinsam die gr\u00fcne Insel Irland entdecken. Wir haben ausgew\u00e4hlte Veranstaltungen, Unterk\u00fcnfte und Touren mit den Highlights Irlands zusammengestellt.\",\"breadcrumb\":{\"@id\":\"https:\/\/irland-reise-tipps.de\/de\/datenschutz\/#breadcrumb\"},\"inLanguage\":\"de\",\"potentialAction\":[{\"@type\":\"ReadAction\",\"target\":[\"https:\/\/irland-reise-tipps.de\/de\/datenschutz\/\"]}]},{\"@type\":\"BreadcrumbList\",\"@id\":\"https:\/\/irland-reise-tipps.de\/de\/datenschutz\/#breadcrumb\",\"itemListElement\":[{\"@type\":\"ListItem\",\"position\":1,\"name\":\"Home\",\"item\":\"https:\/\/irland-reise-tipps.de\/de\/\"},{\"@type\":\"ListItem\",\"position\":2,\"name\":\"Datenschutz\"}]},{\"@type\":\"WebSite\",\"@id\":\"https:\/\/irland-reise-tipps.de\/de\/#website\",\"url\":\"https:\/\/irland-reise-tipps.de\/de\/\",\"name\":\"Irland Reise Tipps\",\"description\":\"Gemeinsam die gr\u00fcne Insel entdecken\",\"potentialAction\":[{\"@type\":\"SearchAction\",\"target\":{\"@type\":\"EntryPoint\",\"urlTemplate\":\"https:\/\/irland-reise-tipps.de\/de\/?s={search_term_string}\"},\"query-input\":\"required name=search_term_string\"}],\"inLanguage\":\"de\"}]}<\/script>\n<!-- \/ Yoast SEO plugin. -->","yoast_head_json":{"title":"Datenschutz - Irland Reise Tipps","description":"Gemeinsam die gr\u00fcne Insel Irland entdecken. Wir haben ausgew\u00e4hlte Veranstaltungen, Unterk\u00fcnfte und Touren mit den Highlights Irlands zusammengestellt.","robots":{"index":"index","follow":"follow","max-snippet":"max-snippet:-1","max-image-preview":"max-image-preview:large","max-video-preview":"max-video-preview:-1"},"canonical":"https:\/\/irland-reise-tipps.de\/de\/datenschutz\/","og_locale":"de_DE","og_type":"article","og_title":"Datenschutz - Irland Reise Tipps","og_description":"Gemeinsam die gr\u00fcne Insel Irland entdecken. Wir haben ausgew\u00e4hlte Veranstaltungen, Unterk\u00fcnfte und Touren mit den Highlights Irlands zusammengestellt.","og_url":"https:\/\/irland-reise-tipps.de\/de\/datenschutz\/","og_site_name":"Irland Reise Tipps","article_modified_time":"2018-07-01T18:45:48+00:00","twitter_misc":{"Gesch\u00e4tzte Lesezeit":"6\u00a0Minuten"},"schema":{"@context":"https:\/\/schema.org","@graph":[{"@type":"WebPage","@id":"https:\/\/irland-reise-tipps.de\/de\/datenschutz\/","url":"https:\/\/irland-reise-tipps.de\/de\/datenschutz\/","name":"Datenschutz - Irland Reise Tipps","isPartOf":{"@id":"https:\/\/irland-reise-tipps.de\/de\/#website"},"datePublished":"2013-01-28T14:56:07+00:00","dateModified":"2018-07-01T18:45:48+00:00","description":"Gemeinsam die gr\u00fcne Insel Irland entdecken. Wir haben ausgew\u00e4hlte Veranstaltungen, Unterk\u00fcnfte und Touren mit den Highlights Irlands zusammengestellt.","breadcrumb":{"@id":"https:\/\/irland-reise-tipps.de\/de\/datenschutz\/#breadcrumb"},"inLanguage":"de","potentialAction":[{"@type":"ReadAction","target":["https:\/\/irland-reise-tipps.de\/de\/datenschutz\/"]}]},{"@type":"BreadcrumbList","@id":"https:\/\/irland-reise-tipps.de\/de\/datenschutz\/#breadcrumb","itemListElement":[{"@type":"ListItem","position":1,"name":"Home","item":"https:\/\/irland-reise-tipps.de\/de\/"},{"@type":"ListItem","position":2,"name":"Datenschutz"}]},{"@type":"WebSite","@id":"https:\/\/irland-reise-tipps.de\/de\/#website","url":"https:\/\/irland-reise-tipps.de\/de\/","name":"Irland Reise Tipps","description":"Gemeinsam die gr\u00fcne Insel entdecken","potentialAction":[{"@type":"SearchAction","target":{"@type":"EntryPoint","urlTemplate":"https:\/\/irland-reise-tipps.de\/de\/?s={search_term_string}"},"query-input":"required name=search_term_string"}],"inLanguage":"de"}]}},"_links":{"self":[{"href":"https:\/\/irland-reise-tipps.de\/de\/wp-json\/wp\/v2\/pages\/363","targetHints":{"allow":["GET"]}}],"collection":[{"href":"https:\/\/irland-reise-tipps.de\/de\/wp-json\/wp\/v2\/pages"}],"about":[{"href":"https:\/\/irland-reise-tipps.de\/de\/wp-json\/wp\/v2\/types\/page"}],"author":[{"embeddable":true,"href":"https:\/\/irland-reise-tipps.de\/de\/wp-json\/wp\/v2\/users\/5"}],"replies":[{"embeddable":true,"href":"https:\/\/irland-reise-tipps.de\/de\/wp-json\/wp\/v2\/comments?post=363"}],"version-history":[{"count":6,"href":"https:\/\/irland-reise-tipps.de\/de\/wp-json\/wp\/v2\/pages\/363\/revisions"}],"predecessor-version":[{"id":4214,"href":"https:\/\/irland-reise-tipps.de\/de\/wp-json\/wp\/v2\/pages\/363\/revisions\/4214"}],"wp:attachment":[{"href":"https:\/\/irland-reise-tipps.de\/de\/wp-json\/wp\/v2\/media?parent=363"}],"curies":[{"name":"wp","href":"https:\/\/api.w.org\/{rel}","templated":true}]}}