{"id":36,"date":"2013-01-19T17:33:22","date_gmt":"2013-01-19T15:33:22","guid":{"rendered":"http:\/\/irland-reise-tipps.de\/de\/?page_id=36"},"modified":"2013-05-03T10:39:31","modified_gmt":"2013-05-03T08:39:31","slug":"anreise-nach-irland","status":"publish","type":"page","link":"https:\/\/irland-reise-tipps.de\/de\/ueber-irland\/anreise-nach-irland\/","title":{"rendered":"Anreise nach Irland"},"content":{"rendered":"<p>Um die Gr\u00fcne Insel zu erreichen, muss man sich entweder in ein Flugzeug setzen oder mit Auto und F\u00e4hre \u00fcbersetzen.<\/p>\n<p>Am einfachsten geht\u2019s mit dem Flugzeug, viel fliegen hier die Fluggesellschaften Aer Lingus, Ryan Air sowie die Lufthansa aus vielen deutschen St\u00e4dten direkt nach Dublin. Mietwagen gibt es reichlich vor Ort.<\/p>\n<p>Wem die lange Fahrt nichts ausmacht, der kann sich auch an Deck wohlf\u00fchlen, mit z.B.:<\/p>\n<p>&nbsp;<\/p>\n<p><img loading=\"lazy\" decoding=\"async\" class=\"size-full wp-image-2720 aligncenter\" alt=\"if-logo-corp-150x66\" src=\"http:\/\/irland-reise-tipps.de\/de\/wp-content\/uploads\/2013\/05\/if-logo-corp-150x66.gif\" width=\"150\" height=\"66\" \/><\/p>\n<p style=\"text-align: center;\">\n<div class=\"ngg-galleryoverview\" id=\"ngg-gallery-78-36\">\n\n\n\t\n\t<!-- Thumbnails -->\n\t\t\n\t<div id=\"ngg-image-951\" class=\"ngg-gallery-thumbnail-box\"  >\n\t\t<div class=\"ngg-gallery-thumbnail\" >\n\t\t\t<a href=\"https:\/\/irland-reise-tipps.de\/de\/wp-content\/gallery\/irish-ferries\/k1024_3-ships-hr.jpg\" title=\" \" rel=\"lightbox[set_78]\" >\n\t\t\t\t\t\t\t\t<img loading=\"lazy\" decoding=\"async\" title=\"k1024_3-ships-hr\" alt=\"k1024_3-ships-hr\" src=\"https:\/\/irland-reise-tipps.de\/de\/wp-content\/gallery\/irish-ferries\/thumbs\/thumbs_k1024_3-ships-hr.jpg\" width=\"100\" height=\"75\" \/>\n\t\t\t\t\t\t\t<\/a>\n\t\t<\/div>\n\t<\/div>\n\t\n\t\t\n \t\t\n\t<div id=\"ngg-image-952\" class=\"ngg-gallery-thumbnail-box\"  >\n\t\t<div class=\"ngg-gallery-thumbnail\" >\n\t\t\t<a href=\"https:\/\/irland-reise-tipps.de\/de\/wp-content\/gallery\/irish-ferries\/k1024_4star4bed_hr.jpg\" title=\" \" rel=\"lightbox[set_78]\" >\n\t\t\t\t\t\t\t\t<img loading=\"lazy\" decoding=\"async\" title=\"k1024_4star4bed_hr\" alt=\"k1024_4star4bed_hr\" src=\"https:\/\/irland-reise-tipps.de\/de\/wp-content\/gallery\/irish-ferries\/thumbs\/thumbs_k1024_4star4bed_hr.jpg\" width=\"100\" height=\"75\" \/>\n\t\t\t\t\t\t\t<\/a>\n\t\t<\/div>\n\t<\/div>\n\t\n\t\t\n \t\t\n\t<div id=\"ngg-image-953\" class=\"ngg-gallery-thumbnail-box\"  >\n\t\t<div class=\"ngg-gallery-thumbnail\" >\n\t\t\t<a href=\"https:\/\/irland-reise-tipps.de\/de\/wp-content\/gallery\/irish-ferries\/k1024_5stardeluxe_hr.jpg\" title=\" \" rel=\"lightbox[set_78]\" >\n\t\t\t\t\t\t\t\t<img loading=\"lazy\" decoding=\"async\" title=\"k1024_5stardeluxe_hr\" alt=\"k1024_5stardeluxe_hr\" src=\"https:\/\/irland-reise-tipps.de\/de\/wp-content\/gallery\/irish-ferries\/thumbs\/thumbs_k1024_5stardeluxe_hr.jpg\" width=\"100\" height=\"75\" \/>\n\t\t\t\t\t\t\t<\/a>\n\t\t<\/div>\n\t<\/div>\n\t\n\t\t\n \t\t\n\t<div id=\"ngg-image-954\" class=\"ngg-gallery-thumbnail-box\"  >\n\t\t<div class=\"ngg-gallery-thumbnail\" >\n\t\t\t<a href=\"https:\/\/irland-reise-tipps.de\/de\/wp-content\/gallery\/irish-ferries\/k1024_cirular_route_map_all_ht.jpg\" title=\" \" rel=\"lightbox[set_78]\" >\n\t\t\t\t\t\t\t\t<img loading=\"lazy\" decoding=\"async\" title=\"k1024_cirular_route_map_all_ht\" alt=\"k1024_cirular_route_map_all_ht\" src=\"https:\/\/irland-reise-tipps.de\/de\/wp-content\/gallery\/irish-ferries\/thumbs\/thumbs_k1024_cirular_route_map_all_ht.jpg\" width=\"100\" height=\"75\" \/>\n\t\t\t\t\t\t\t<\/a>\n\t\t<\/div>\n\t<\/div>\n\t\n\t\t\n \t\t\n\t<div id=\"ngg-image-955\" class=\"ngg-gallery-thumbnail-box\"  >\n\t\t<div class=\"ngg-gallery-thumbnail\" >\n\t\t\t<a href=\"https:\/\/irland-reise-tipps.de\/de\/wp-content\/gallery\/irish-ferries\/k1024_if-uly-one-bed-hr.jpg\" title=\" \" rel=\"lightbox[set_78]\" >\n\t\t\t\t\t\t\t\t<img loading=\"lazy\" decoding=\"async\" title=\"k1024_if-uly-one-bed-hr\" alt=\"k1024_if-uly-one-bed-hr\" src=\"https:\/\/irland-reise-tipps.de\/de\/wp-content\/gallery\/irish-ferries\/thumbs\/thumbs_k1024_if-uly-one-bed-hr.jpg\" width=\"100\" height=\"75\" \/>\n\t\t\t\t\t\t\t<\/a>\n\t\t<\/div>\n\t<\/div>\n\t\n\t\t\n \t\t\n\t<div id=\"ngg-image-957\" class=\"ngg-gallery-thumbnail-box\"  >\n\t\t<div class=\"ngg-gallery-thumbnail\" >\n\t\t\t<a href=\"https:\/\/irland-reise-tipps.de\/de\/wp-content\/gallery\/irish-ferries\/k1024_jamesjoycelounge_hr.jpg\" title=\" \" rel=\"lightbox[set_78]\" >\n\t\t\t\t\t\t\t\t<img loading=\"lazy\" decoding=\"async\" title=\"k1024_jamesjoycelounge_hr\" alt=\"k1024_jamesjoycelounge_hr\" src=\"https:\/\/irland-reise-tipps.de\/de\/wp-content\/gallery\/irish-ferries\/thumbs\/thumbs_k1024_jamesjoycelounge_hr.jpg\" width=\"100\" height=\"75\" \/>\n\t\t\t\t\t\t\t<\/a>\n\t\t<\/div>\n\t<\/div>\n\t\n\t\t\n \t\t\n\t<div id=\"ngg-image-958\" class=\"ngg-gallery-thumbnail-box\"  >\n\t\t<div class=\"ngg-gallery-thumbnail\" >\n\t\t\t<a href=\"https:\/\/irland-reise-tipps.de\/de\/wp-content\/gallery\/irish-ferries\/k1024_merrion_lounge_hr.jpg\" title=\"2643 IRISH FERRIES Oscar Wilde Merrion lounge enterance\" rel=\"lightbox[set_78]\" >\n\t\t\t\t\t\t\t\t<img loading=\"lazy\" decoding=\"async\" title=\"2643 IRISH FERRIES Oscar Wilde Merrion lounge enterance\" alt=\"2643 IRISH FERRIES Oscar Wilde Merrion lounge enterance\" src=\"https:\/\/irland-reise-tipps.de\/de\/wp-content\/gallery\/irish-ferries\/thumbs\/thumbs_k1024_merrion_lounge_hr.jpg\" width=\"100\" height=\"75\" \/>\n\t\t\t\t\t\t\t<\/a>\n\t\t<\/div>\n\t<\/div>\n\t\n\t\t\n \t\t\n\t<div id=\"ngg-image-959\" class=\"ngg-gallery-thumbnail-box\"  >\n\t\t<div class=\"ngg-gallery-thumbnail\" >\n\t\t\t<a href=\"https:\/\/irland-reise-tipps.de\/de\/wp-content\/gallery\/irish-ferries\/k1024_reception_lr.jpg\" title=\" \" rel=\"lightbox[set_78]\" >\n\t\t\t\t\t\t\t\t<img loading=\"lazy\" decoding=\"async\" title=\"k1024_reception_lr\" alt=\"k1024_reception_lr\" src=\"https:\/\/irland-reise-tipps.de\/de\/wp-content\/gallery\/irish-ferries\/thumbs\/thumbs_k1024_reception_lr.jpg\" width=\"100\" height=\"75\" \/>\n\t\t\t\t\t\t\t<\/a>\n\t\t<\/div>\n\t<\/div>\n\t\n\t\t\n \t \t\n\t<!-- Pagination -->\n \t<div class=\"ngg-clear\"><\/div> \t\n<\/div>\n\n<\/p>\n<p style=\"text-align: center;\"><a href=\"http:\/\/www.stenaline.de\/faehren\/\" target=\"_blank\" rel=\"nofollow\">P &amp; O Ferries Ltd<\/a><\/p>\n<p style=\"text-align: center;\">\n<a href=\"https:\/\/irland-reise-tipps.de\/de\/wp-content\/gallery\/stenaline\/k1024_5838974034_09fba5f093_o.jpg\" title=\"\" rel=\"lightbox[singlepic949]\" >\n\t<img decoding=\"async\" class=\"ngg-singlepic ngg-center\" src=\"https:\/\/irland-reise-tipps.de\/de\/wp-content\/gallery\/cache\/949__150x150_k1024_5838974034_09fba5f093_o.jpg\" alt=\"k1024_5838974034_09fba5f093_o\" title=\"k1024_5838974034_09fba5f093_o\" \/>\n<\/a>\n<\/p>\n<p style=\"text-align: center;\">\n<div class=\"ngg-galleryoverview\" id=\"ngg-gallery-77-36\">\n\n\n\t\n\t<!-- Thumbnails -->\n\t\t\n\t<div id=\"ngg-image-943\" class=\"ngg-gallery-thumbnail-box\"  >\n\t\t<div class=\"ngg-gallery-thumbnail\" >\n\t\t\t<a href=\"https:\/\/irland-reise-tipps.de\/de\/wp-content\/gallery\/stenaline\/k1024_4293024700_be6a6db043_o.jpg\" title=\" \" rel=\"lightbox[set_77]\" >\n\t\t\t\t\t\t\t\t<img loading=\"lazy\" decoding=\"async\" title=\"k1024_4293024700_be6a6db043_o\" alt=\"k1024_4293024700_be6a6db043_o\" src=\"https:\/\/irland-reise-tipps.de\/de\/wp-content\/gallery\/stenaline\/thumbs\/thumbs_k1024_4293024700_be6a6db043_o.jpg\" width=\"100\" height=\"75\" \/>\n\t\t\t\t\t\t\t<\/a>\n\t\t<\/div>\n\t<\/div>\n\t\n\t\t\n \t\t\n\t<div id=\"ngg-image-944\" class=\"ngg-gallery-thumbnail-box\"  >\n\t\t<div class=\"ngg-gallery-thumbnail\" >\n\t\t\t<a href=\"https:\/\/irland-reise-tipps.de\/de\/wp-content\/gallery\/stenaline\/k1024_4354516176_191e3f4703_b.jpg\" title=\" \" rel=\"lightbox[set_77]\" >\n\t\t\t\t\t\t\t\t<img loading=\"lazy\" decoding=\"async\" title=\"k1024_4354516176_191e3f4703_b\" alt=\"k1024_4354516176_191e3f4703_b\" src=\"https:\/\/irland-reise-tipps.de\/de\/wp-content\/gallery\/stenaline\/thumbs\/thumbs_k1024_4354516176_191e3f4703_b.jpg\" width=\"100\" height=\"75\" \/>\n\t\t\t\t\t\t\t<\/a>\n\t\t<\/div>\n\t<\/div>\n\t\n\t\t\n \t\t\n\t<div id=\"ngg-image-945\" class=\"ngg-gallery-thumbnail-box\"  >\n\t\t<div class=\"ngg-gallery-thumbnail\" >\n\t\t\t<a href=\"https:\/\/irland-reise-tipps.de\/de\/wp-content\/gallery\/stenaline\/k1024_4418998463_0f9df70a5a_b.jpg\" title=\" \" rel=\"lightbox[set_77]\" >\n\t\t\t\t\t\t\t\t<img loading=\"lazy\" decoding=\"async\" title=\"k1024_4418998463_0f9df70a5a_b\" alt=\"k1024_4418998463_0f9df70a5a_b\" src=\"https:\/\/irland-reise-tipps.de\/de\/wp-content\/gallery\/stenaline\/thumbs\/thumbs_k1024_4418998463_0f9df70a5a_b.jpg\" width=\"100\" height=\"75\" \/>\n\t\t\t\t\t\t\t<\/a>\n\t\t<\/div>\n\t<\/div>\n\t\n\t\t\n \t\t\n\t<div id=\"ngg-image-946\" class=\"ngg-gallery-thumbnail-box\"  >\n\t\t<div class=\"ngg-gallery-thumbnail\" >\n\t\t\t<a href=\"https:\/\/irland-reise-tipps.de\/de\/wp-content\/gallery\/stenaline\/k1024_4419009007_7134986529_b.jpg\" title=\" \" rel=\"lightbox[set_77]\" >\n\t\t\t\t\t\t\t\t<img loading=\"lazy\" decoding=\"async\" title=\"k1024_4419009007_7134986529_b\" alt=\"k1024_4419009007_7134986529_b\" src=\"https:\/\/irland-reise-tipps.de\/de\/wp-content\/gallery\/stenaline\/thumbs\/thumbs_k1024_4419009007_7134986529_b.jpg\" width=\"100\" height=\"75\" \/>\n\t\t\t\t\t\t\t<\/a>\n\t\t<\/div>\n\t<\/div>\n\t\n\t\t\n \t\t\n\t<div id=\"ngg-image-947\" class=\"ngg-gallery-thumbnail-box\"  >\n\t\t<div class=\"ngg-gallery-thumbnail\" >\n\t\t\t<a href=\"https:\/\/irland-reise-tipps.de\/de\/wp-content\/gallery\/stenaline\/k1024_5145498897_6f11a45af1_b.jpg\" title=\" \" rel=\"lightbox[set_77]\" >\n\t\t\t\t\t\t\t\t<img loading=\"lazy\" decoding=\"async\" title=\"k1024_5145498897_6f11a45af1_b\" alt=\"k1024_5145498897_6f11a45af1_b\" src=\"https:\/\/irland-reise-tipps.de\/de\/wp-content\/gallery\/stenaline\/thumbs\/thumbs_k1024_5145498897_6f11a45af1_b.jpg\" width=\"100\" height=\"75\" \/>\n\t\t\t\t\t\t\t<\/a>\n\t\t<\/div>\n\t<\/div>\n\t\n\t\t\n \t\t\n\t<div id=\"ngg-image-948\" class=\"ngg-gallery-thumbnail-box\"  >\n\t\t<div class=\"ngg-gallery-thumbnail\" >\n\t\t\t<a href=\"https:\/\/irland-reise-tipps.de\/de\/wp-content\/gallery\/stenaline\/k1024_5145499189_32848f3be3_b.jpg\" title=\" \" rel=\"lightbox[set_77]\" >\n\t\t\t\t\t\t\t\t<img loading=\"lazy\" decoding=\"async\" title=\"k1024_5145499189_32848f3be3_b\" alt=\"k1024_5145499189_32848f3be3_b\" src=\"https:\/\/irland-reise-tipps.de\/de\/wp-content\/gallery\/stenaline\/thumbs\/thumbs_k1024_5145499189_32848f3be3_b.jpg\" width=\"100\" height=\"75\" \/>\n\t\t\t\t\t\t\t<\/a>\n\t\t<\/div>\n\t<\/div>\n\t\n\t\t\n \t\t\n\t<div id=\"ngg-image-950\" class=\"ngg-gallery-thumbnail-box\"  >\n\t\t<div class=\"ngg-gallery-thumbnail\" >\n\t\t\t<a href=\"https:\/\/irland-reise-tipps.de\/de\/wp-content\/gallery\/stenaline\/k1024_6001878674_f8fa63506f_o.jpg\" title=\" \" rel=\"lightbox[set_77]\" >\n\t\t\t\t\t\t\t\t<img loading=\"lazy\" decoding=\"async\" title=\"k1024_6001878674_f8fa63506f_o\" alt=\"k1024_6001878674_f8fa63506f_o\" src=\"https:\/\/irland-reise-tipps.de\/de\/wp-content\/gallery\/stenaline\/thumbs\/thumbs_k1024_6001878674_f8fa63506f_o.jpg\" width=\"100\" height=\"75\" \/>\n\t\t\t\t\t\t\t<\/a>\n\t\t<\/div>\n\t<\/div>\n\t\n\t\t\n \t \t\n\t<!-- Pagination -->\n \t<div class=\"ngg-clear\"><\/div> \t\n<\/div>\n\n<\/p>\n<p style=\"text-align: center;\"><img loading=\"lazy\" decoding=\"async\" class=\"size-full wp-image-2721\" alt=\"13952_sitelogo\" src=\"http:\/\/irland-reise-tipps.de\/de\/wp-content\/uploads\/2013\/05\/13952_sitelogo.gif\" width=\"193\" height=\"68\" \/><\/p>\n","protected":false},"excerpt":{"rendered":"<p>Um die Gr\u00fcne Insel zu erreichen, muss man sich entweder in ein Flugzeug setzen oder mit Auto und F\u00e4hre \u00fcbersetzen. Am einfachsten geht\u2019s mit dem Flugzeug, viel fliegen hier die Fluggesellschaften Aer Lingus, Ryan Air sowie die Lufthansa aus vielen<span class=\"ellipsis\">&hellip;<\/span><\/p>\n<div class=\"read-more\"><a href=\"https:\/\/irland-reise-tipps.de\/de\/ueber-irland\/anreise-nach-irland\/\">Weiterlesen &#8250;<\/a><\/div>\n<p><!-- end of .read-more --><\/p>\n","protected":false},"author":5,"featured_media":0,"parent":2,"menu_order":0,"comment_status":"closed","ping_status":"closed","template":"","meta":{"footnotes":""},"class_list":["post-36","page","type-page","status-publish","hentry"],"yoast_head":"<!-- This site is optimized with the Yoast SEO plugin v21.2 - https:\/\/yoast.com\/wordpress\/plugins\/seo\/ -->\n<title>Allgemeine Informationen \u00fcber die Anreise nach Irland<\/title>\n<meta name=\"description\" content=\"Auf Irland Reise Tipps finden Sie Informationen und Insider Berichte \u00fcber Irland Reisen. Alles was Sie \u00fcber Irland wissen wollten.\" \/>\n<meta name=\"robots\" content=\"index, follow, max-snippet:-1, max-image-preview:large, max-video-preview:-1\" \/>\n<link rel=\"canonical\" href=\"https:\/\/irland-reise-tipps.de\/de\/ueber-irland\/anreise-nach-irland\/\" \/>\n<meta property=\"og:locale\" content=\"de_DE\" \/>\n<meta property=\"og:type\" content=\"article\" \/>\n<meta property=\"og:title\" content=\"Allgemeine Informationen \u00fcber die Anreise nach Irland\" \/>\n<meta property=\"og:description\" content=\"Auf Irland Reise Tipps finden Sie Informationen und Insider Berichte \u00fcber Irland Reisen. Alles was Sie \u00fcber Irland wissen wollten.\" \/>\n<meta property=\"og:url\" content=\"https:\/\/irland-reise-tipps.de\/de\/ueber-irland\/anreise-nach-irland\/\" \/>\n<meta property=\"og:site_name\" content=\"Irland Reise Tipps\" \/>\n<meta property=\"article:modified_time\" content=\"2013-05-03T08:39:31+00:00\" \/>\n<meta property=\"og:image\" content=\"http:\/\/irland-reise-tipps.de\/de\/wp-content\/uploads\/2013\/05\/if-logo-corp-150x66.gif\" \/>\n<script type=\"application\/ld+json\" class=\"yoast-schema-graph\">{\"@context\":\"https:\/\/schema.org\",\"@graph\":[{\"@type\":\"WebPage\",\"@id\":\"https:\/\/irland-reise-tipps.de\/de\/ueber-irland\/anreise-nach-irland\/\",\"url\":\"https:\/\/irland-reise-tipps.de\/de\/ueber-irland\/anreise-nach-irland\/\",\"name\":\"Allgemeine Informationen \u00fcber die Anreise nach Irland\",\"isPartOf\":{\"@id\":\"https:\/\/irland-reise-tipps.de\/de\/#website\"},\"datePublished\":\"2013-01-19T15:33:22+00:00\",\"dateModified\":\"2013-05-03T08:39:31+00:00\",\"description\":\"Auf Irland Reise Tipps finden Sie Informationen und Insider Berichte \u00fcber Irland Reisen. Alles was Sie \u00fcber Irland wissen wollten.\",\"breadcrumb\":{\"@id\":\"https:\/\/irland-reise-tipps.de\/de\/ueber-irland\/anreise-nach-irland\/#breadcrumb\"},\"inLanguage\":\"de\",\"potentialAction\":[{\"@type\":\"ReadAction\",\"target\":[\"https:\/\/irland-reise-tipps.de\/de\/ueber-irland\/anreise-nach-irland\/\"]}]},{\"@type\":\"BreadcrumbList\",\"@id\":\"https:\/\/irland-reise-tipps.de\/de\/ueber-irland\/anreise-nach-irland\/#breadcrumb\",\"itemListElement\":[{\"@type\":\"ListItem\",\"position\":1,\"name\":\"Home\",\"item\":\"https:\/\/irland-reise-tipps.de\/de\/\"},{\"@type\":\"ListItem\",\"position\":2,\"name\":\"\u00dcber Irland\",\"item\":\"https:\/\/irland-reise-tipps.de\/de\/ueber-irland\/\"},{\"@type\":\"ListItem\",\"position\":3,\"name\":\"Anreise nach Irland\"}]},{\"@type\":\"WebSite\",\"@id\":\"https:\/\/irland-reise-tipps.de\/de\/#website\",\"url\":\"https:\/\/irland-reise-tipps.de\/de\/\",\"name\":\"Irland Reise Tipps\",\"description\":\"Gemeinsam die gr\u00fcne Insel entdecken\",\"potentialAction\":[{\"@type\":\"SearchAction\",\"target\":{\"@type\":\"EntryPoint\",\"urlTemplate\":\"https:\/\/irland-reise-tipps.de\/de\/?s={search_term_string}\"},\"query-input\":\"required name=search_term_string\"}],\"inLanguage\":\"de\"}]}<\/script>\n<!-- \/ Yoast SEO plugin. -->","yoast_head_json":{"title":"Allgemeine Informationen \u00fcber die Anreise nach Irland","description":"Auf Irland Reise Tipps finden Sie Informationen und Insider Berichte \u00fcber Irland Reisen. Alles was Sie \u00fcber Irland wissen wollten.","robots":{"index":"index","follow":"follow","max-snippet":"max-snippet:-1","max-image-preview":"max-image-preview:large","max-video-preview":"max-video-preview:-1"},"canonical":"https:\/\/irland-reise-tipps.de\/de\/ueber-irland\/anreise-nach-irland\/","og_locale":"de_DE","og_type":"article","og_title":"Allgemeine Informationen \u00fcber die Anreise nach Irland","og_description":"Auf Irland Reise Tipps finden Sie Informationen und Insider Berichte \u00fcber Irland Reisen. Alles was Sie \u00fcber Irland wissen wollten.","og_url":"https:\/\/irland-reise-tipps.de\/de\/ueber-irland\/anreise-nach-irland\/","og_site_name":"Irland Reise Tipps","article_modified_time":"2013-05-03T08:39:31+00:00","og_image":[{"url":"http:\/\/irland-reise-tipps.de\/de\/wp-content\/uploads\/2013\/05\/if-logo-corp-150x66.gif"}],"schema":{"@context":"https:\/\/schema.org","@graph":[{"@type":"WebPage","@id":"https:\/\/irland-reise-tipps.de\/de\/ueber-irland\/anreise-nach-irland\/","url":"https:\/\/irland-reise-tipps.de\/de\/ueber-irland\/anreise-nach-irland\/","name":"Allgemeine Informationen \u00fcber die Anreise nach Irland","isPartOf":{"@id":"https:\/\/irland-reise-tipps.de\/de\/#website"},"datePublished":"2013-01-19T15:33:22+00:00","dateModified":"2013-05-03T08:39:31+00:00","description":"Auf Irland Reise Tipps finden Sie Informationen und Insider Berichte \u00fcber Irland Reisen. Alles was Sie \u00fcber Irland wissen wollten.","breadcrumb":{"@id":"https:\/\/irland-reise-tipps.de\/de\/ueber-irland\/anreise-nach-irland\/#breadcrumb"},"inLanguage":"de","potentialAction":[{"@type":"ReadAction","target":["https:\/\/irland-reise-tipps.de\/de\/ueber-irland\/anreise-nach-irland\/"]}]},{"@type":"BreadcrumbList","@id":"https:\/\/irland-reise-tipps.de\/de\/ueber-irland\/anreise-nach-irland\/#breadcrumb","itemListElement":[{"@type":"ListItem","position":1,"name":"Home","item":"https:\/\/irland-reise-tipps.de\/de\/"},{"@type":"ListItem","position":2,"name":"\u00dcber Irland","item":"https:\/\/irland-reise-tipps.de\/de\/ueber-irland\/"},{"@type":"ListItem","position":3,"name":"Anreise nach Irland"}]},{"@type":"WebSite","@id":"https:\/\/irland-reise-tipps.de\/de\/#website","url":"https:\/\/irland-reise-tipps.de\/de\/","name":"Irland Reise Tipps","description":"Gemeinsam die gr\u00fcne Insel entdecken","potentialAction":[{"@type":"SearchAction","target":{"@type":"EntryPoint","urlTemplate":"https:\/\/irland-reise-tipps.de\/de\/?s={search_term_string}"},"query-input":"required name=search_term_string"}],"inLanguage":"de"}]}},"_links":{"self":[{"href":"https:\/\/irland-reise-tipps.de\/de\/wp-json\/wp\/v2\/pages\/36","targetHints":{"allow":["GET"]}}],"collection":[{"href":"https:\/\/irland-reise-tipps.de\/de\/wp-json\/wp\/v2\/pages"}],"about":[{"href":"https:\/\/irland-reise-tipps.de\/de\/wp-json\/wp\/v2\/types\/page"}],"author":[{"embeddable":true,"href":"https:\/\/irland-reise-tipps.de\/de\/wp-json\/wp\/v2\/users\/5"}],"replies":[{"embeddable":true,"href":"https:\/\/irland-reise-tipps.de\/de\/wp-json\/wp\/v2\/comments?post=36"}],"version-history":[{"count":20,"href":"https:\/\/irland-reise-tipps.de\/de\/wp-json\/wp\/v2\/pages\/36\/revisions"}],"predecessor-version":[{"id":195,"href":"https:\/\/irland-reise-tipps.de\/de\/wp-json\/wp\/v2\/pages\/36\/revisions\/195"}],"up":[{"embeddable":true,"href":"https:\/\/irland-reise-tipps.de\/de\/wp-json\/wp\/v2\/pages\/2"}],"wp:attachment":[{"href":"https:\/\/irland-reise-tipps.de\/de\/wp-json\/wp\/v2\/media?parent=36"}],"curies":[{"name":"wp","href":"https:\/\/api.w.org\/{rel}","templated":true}]}}