{"id":3426,"date":"2014-04-25T12:38:13","date_gmt":"2014-04-25T10:38:13","guid":{"rendered":"http:\/\/irland-reise-tipps.de\/de\/?page_id=3426"},"modified":"2014-04-25T12:41:52","modified_gmt":"2014-04-25T10:41:52","slug":"mount-falcon-estate","status":"publish","type":"page","link":"https:\/\/irland-reise-tipps.de\/de\/unterkunft\/hotels-in-mayo\/mount-falcon-estate\/","title":{"rendered":"Mount Falcon Estate"},"content":{"rendered":"<h4>\n<a href=\"https:\/\/irland-reise-tipps.de\/de\/wp-content\/gallery\/unterkunft_mount-falcon\/mount-falcon-ext2.jpg\" title=\"\" rel=\"lightbox[singlepic581]\" >\n\t<img decoding=\"async\" class=\"ngg-singlepic ngg-right\" src=\"https:\/\/irland-reise-tipps.de\/de\/wp-content\/gallery\/cache\/581__150x150_mount-falcon-ext2.jpg\" alt=\"mount-falcon-ext2\" title=\"mount-falcon-ext2\" \/>\n<\/a>\n<\/h4>\n<h4>Kontakt Details<\/h4>\n<p>Mount Falcon Estate<\/p>\n<p>Foxford road<\/p>\n<p>Ballina<\/p>\n<p>Co. Mayo<\/p>\n<p><strong>Telephone: <\/strong>+353 1 2958900<br \/>\n<strong>Email:\u00a0<\/strong>mountfalcon@manorhousehotels.com<\/p>\n<p><strong>Homepage:<\/strong><a href=\"http:\/\/manorhousehotels.com\/de\/hotels\/mount-falcon-estate\/\" target=\"_blank\" rel=\"nofollow\">http:\/\/manorhousehotels.com\/de\/hotels\/mount-falcon-estate\/<\/a><\/p>\n\n<div class=\"ngg-galleryoverview\" id=\"ngg-gallery-147-3426\">\n\n\n\t\n\t<!-- Thumbnails -->\n\t\t\n\t<div id=\"ngg-image-1671\" class=\"ngg-gallery-thumbnail-box\"  >\n\t\t<div class=\"ngg-gallery-thumbnail\" >\n\t\t\t<a href=\"https:\/\/irland-reise-tipps.de\/de\/wp-content\/gallery\/mount-falcon-estate\/boardroom.jpg\" title=\" \" rel=\"lightbox[set_147]\" >\n\t\t\t\t\t\t\t\t<img loading=\"lazy\" decoding=\"async\" title=\"boardroom\" alt=\"boardroom\" src=\"https:\/\/irland-reise-tipps.de\/de\/wp-content\/gallery\/mount-falcon-estate\/thumbs\/thumbs_boardroom.jpg\" width=\"100\" height=\"75\" \/>\n\t\t\t\t\t\t\t<\/a>\n\t\t<\/div>\n\t<\/div>\n\t\n\t\t\n \t\t\n\t<div id=\"ngg-image-1672\" class=\"ngg-gallery-thumbnail-box\"  >\n\t\t<div class=\"ngg-gallery-thumbnail\" >\n\t\t\t<a href=\"https:\/\/irland-reise-tipps.de\/de\/wp-content\/gallery\/mount-falcon-estate\/boathole-bar-2.jpg\" title=\" \" rel=\"lightbox[set_147]\" >\n\t\t\t\t\t\t\t\t<img loading=\"lazy\" decoding=\"async\" title=\"boathole-bar-2\" alt=\"boathole-bar-2\" src=\"https:\/\/irland-reise-tipps.de\/de\/wp-content\/gallery\/mount-falcon-estate\/thumbs\/thumbs_boathole-bar-2.jpg\" width=\"100\" height=\"75\" \/>\n\t\t\t\t\t\t\t<\/a>\n\t\t<\/div>\n\t<\/div>\n\t\n\t\t\n \t\t\n\t<div id=\"ngg-image-1673\" class=\"ngg-gallery-thumbnail-box\"  >\n\t\t<div class=\"ngg-gallery-thumbnail\" >\n\t\t\t<a href=\"https:\/\/irland-reise-tipps.de\/de\/wp-content\/gallery\/mount-falcon-estate\/boathole-bar.jpg\" title=\" \" rel=\"lightbox[set_147]\" >\n\t\t\t\t\t\t\t\t<img loading=\"lazy\" decoding=\"async\" title=\"boathole-bar\" alt=\"boathole-bar\" src=\"https:\/\/irland-reise-tipps.de\/de\/wp-content\/gallery\/mount-falcon-estate\/thumbs\/thumbs_boathole-bar.jpg\" width=\"100\" height=\"75\" \/>\n\t\t\t\t\t\t\t<\/a>\n\t\t<\/div>\n\t<\/div>\n\t\n\t\t\n \t\t\n\t<div id=\"ngg-image-1674\" class=\"ngg-gallery-thumbnail-box\"  >\n\t\t<div class=\"ngg-gallery-thumbnail\" >\n\t\t\t<a href=\"https:\/\/irland-reise-tipps.de\/de\/wp-content\/gallery\/mount-falcon-estate\/cellar.jpg\" title=\" \" rel=\"lightbox[set_147]\" >\n\t\t\t\t\t\t\t\t<img loading=\"lazy\" decoding=\"async\" title=\"cellar\" alt=\"cellar\" src=\"https:\/\/irland-reise-tipps.de\/de\/wp-content\/gallery\/mount-falcon-estate\/thumbs\/thumbs_cellar.jpg\" width=\"100\" height=\"75\" \/>\n\t\t\t\t\t\t\t<\/a>\n\t\t<\/div>\n\t<\/div>\n\t\n\t\t\n \t\t\n\t<div id=\"ngg-image-1675\" class=\"ngg-gallery-thumbnail-box\"  >\n\t\t<div class=\"ngg-gallery-thumbnail\" >\n\t\t\t<a href=\"https:\/\/irland-reise-tipps.de\/de\/wp-content\/gallery\/mount-falcon-estate\/estate-overview1-nk_.jpg\" title=\" \" rel=\"lightbox[set_147]\" >\n\t\t\t\t\t\t\t\t<img loading=\"lazy\" decoding=\"async\" title=\"estate-overview1-nk_\" alt=\"estate-overview1-nk_\" src=\"https:\/\/irland-reise-tipps.de\/de\/wp-content\/gallery\/mount-falcon-estate\/thumbs\/thumbs_estate-overview1-nk_.jpg\" width=\"100\" height=\"75\" \/>\n\t\t\t\t\t\t\t<\/a>\n\t\t<\/div>\n\t<\/div>\n\t\n\t\t\n \t\t\n\t<div id=\"ngg-image-1676\" class=\"ngg-gallery-thumbnail-box\"  >\n\t\t<div class=\"ngg-gallery-thumbnail\" >\n\t\t\t<a href=\"https:\/\/irland-reise-tipps.de\/de\/wp-content\/gallery\/mount-falcon-estate\/front-entrance-mount-falcon-sign.jpg\" title=\" \" rel=\"lightbox[set_147]\" >\n\t\t\t\t\t\t\t\t<img loading=\"lazy\" decoding=\"async\" title=\"front-entrance-mount-falcon-sign\" alt=\"front-entrance-mount-falcon-sign\" src=\"https:\/\/irland-reise-tipps.de\/de\/wp-content\/gallery\/mount-falcon-estate\/thumbs\/thumbs_front-entrance-mount-falcon-sign.jpg\" width=\"100\" height=\"75\" \/>\n\t\t\t\t\t\t\t<\/a>\n\t\t<\/div>\n\t<\/div>\n\t\n\t\t\n \t\t\n\t<div id=\"ngg-image-1677\" class=\"ngg-gallery-thumbnail-box\"  >\n\t\t<div class=\"ngg-gallery-thumbnail\" >\n\t\t\t<a href=\"https:\/\/irland-reise-tipps.de\/de\/wp-content\/gallery\/mount-falcon-estate\/mount-falcon-bar-2011.jpg\" title=\" \" rel=\"lightbox[set_147]\" >\n\t\t\t\t\t\t\t\t<img loading=\"lazy\" decoding=\"async\" title=\"mount-falcon-bar-2011\" alt=\"mount-falcon-bar-2011\" src=\"https:\/\/irland-reise-tipps.de\/de\/wp-content\/gallery\/mount-falcon-estate\/thumbs\/thumbs_mount-falcon-bar-2011.jpg\" width=\"100\" height=\"75\" \/>\n\t\t\t\t\t\t\t<\/a>\n\t\t<\/div>\n\t<\/div>\n\t\n\t\t\n \t\t\n\t<div id=\"ngg-image-1678\" class=\"ngg-gallery-thumbnail-box\"  >\n\t\t<div class=\"ngg-gallery-thumbnail\" >\n\t\t\t<a href=\"https:\/\/irland-reise-tipps.de\/de\/wp-content\/gallery\/mount-falcon-estate\/mount-falcon-bed1.jpg\" title=\" \" rel=\"lightbox[set_147]\" >\n\t\t\t\t\t\t\t\t<img loading=\"lazy\" decoding=\"async\" title=\"mount-falcon-bed1\" alt=\"mount-falcon-bed1\" src=\"https:\/\/irland-reise-tipps.de\/de\/wp-content\/gallery\/mount-falcon-estate\/thumbs\/thumbs_mount-falcon-bed1.jpg\" width=\"100\" height=\"75\" \/>\n\t\t\t\t\t\t\t<\/a>\n\t\t<\/div>\n\t<\/div>\n\t\n\t\t\n \t\t\n\t<div id=\"ngg-image-1679\" class=\"ngg-gallery-thumbnail-box\"  >\n\t\t<div class=\"ngg-gallery-thumbnail\" >\n\t\t\t<a href=\"https:\/\/irland-reise-tipps.de\/de\/wp-content\/gallery\/mount-falcon-estate\/mount-falcon-bed2.jpg\" title=\" \" rel=\"lightbox[set_147]\" >\n\t\t\t\t\t\t\t\t<img loading=\"lazy\" decoding=\"async\" title=\"mount-falcon-bed2\" alt=\"mount-falcon-bed2\" src=\"https:\/\/irland-reise-tipps.de\/de\/wp-content\/gallery\/mount-falcon-estate\/thumbs\/thumbs_mount-falcon-bed2.jpg\" width=\"100\" height=\"75\" \/>\n\t\t\t\t\t\t\t<\/a>\n\t\t<\/div>\n\t<\/div>\n\t\n\t\t\n \t\t\n\t<div id=\"ngg-image-1680\" class=\"ngg-gallery-thumbnail-box\"  >\n\t\t<div class=\"ngg-gallery-thumbnail\" >\n\t\t\t<a href=\"https:\/\/irland-reise-tipps.de\/de\/wp-content\/gallery\/mount-falcon-estate\/mount-falcon-dinning-2010.jpg\" title=\" \" rel=\"lightbox[set_147]\" >\n\t\t\t\t\t\t\t\t<img loading=\"lazy\" decoding=\"async\" title=\"mount-falcon-dinning-2010\" alt=\"mount-falcon-dinning-2010\" src=\"https:\/\/irland-reise-tipps.de\/de\/wp-content\/gallery\/mount-falcon-estate\/thumbs\/thumbs_mount-falcon-dinning-2010.jpg\" width=\"100\" height=\"75\" \/>\n\t\t\t\t\t\t\t<\/a>\n\t\t<\/div>\n\t<\/div>\n\t\n\t\t\n \t\t\n\t<div id=\"ngg-image-1681\" class=\"ngg-gallery-thumbnail-box\"  >\n\t\t<div class=\"ngg-gallery-thumbnail\" >\n\t\t\t<a href=\"https:\/\/irland-reise-tipps.de\/de\/wp-content\/gallery\/mount-falcon-estate\/mount-falcon-ext2.jpg\" title=\" \" rel=\"lightbox[set_147]\" >\n\t\t\t\t\t\t\t\t<img loading=\"lazy\" decoding=\"async\" title=\"mount-falcon-ext2\" alt=\"mount-falcon-ext2\" src=\"https:\/\/irland-reise-tipps.de\/de\/wp-content\/gallery\/mount-falcon-estate\/thumbs\/thumbs_mount-falcon-ext2.jpg\" width=\"100\" height=\"75\" \/>\n\t\t\t\t\t\t\t<\/a>\n\t\t<\/div>\n\t<\/div>\n\t\n\t\t\n \t\t\n\t<div id=\"ngg-image-1682\" class=\"ngg-gallery-thumbnail-box\"  >\n\t\t<div class=\"ngg-gallery-thumbnail\" >\n\t\t\t<a href=\"https:\/\/irland-reise-tipps.de\/de\/wp-content\/gallery\/mount-falcon-estate\/mount-falcon-int1-2009.jpg\" title=\" \" rel=\"lightbox[set_147]\" >\n\t\t\t\t\t\t\t\t<img loading=\"lazy\" decoding=\"async\" title=\"mount-falcon-int1-2009\" alt=\"mount-falcon-int1-2009\" src=\"https:\/\/irland-reise-tipps.de\/de\/wp-content\/gallery\/mount-falcon-estate\/thumbs\/thumbs_mount-falcon-int1-2009.jpg\" width=\"100\" height=\"75\" \/>\n\t\t\t\t\t\t\t<\/a>\n\t\t<\/div>\n\t<\/div>\n\t\n\t\t\n \t\t\n\t<div id=\"ngg-image-1683\" class=\"ngg-gallery-thumbnail-box\"  >\n\t\t<div class=\"ngg-gallery-thumbnail\" >\n\t\t\t<a href=\"https:\/\/irland-reise-tipps.de\/de\/wp-content\/gallery\/mount-falcon-estate\/mount-falcon-int3.jpg\" title=\" \" rel=\"lightbox[set_147]\" >\n\t\t\t\t\t\t\t\t<img loading=\"lazy\" decoding=\"async\" title=\"mount-falcon-int3\" alt=\"mount-falcon-int3\" src=\"https:\/\/irland-reise-tipps.de\/de\/wp-content\/gallery\/mount-falcon-estate\/thumbs\/thumbs_mount-falcon-int3.jpg\" width=\"100\" height=\"75\" \/>\n\t\t\t\t\t\t\t<\/a>\n\t\t<\/div>\n\t<\/div>\n\t\n\t\t\n \t\t\n\t<div id=\"ngg-image-1684\" class=\"ngg-gallery-thumbnail-box\"  >\n\t\t<div class=\"ngg-gallery-thumbnail\" >\n\t\t\t<a href=\"https:\/\/irland-reise-tipps.de\/de\/wp-content\/gallery\/mount-falcon-estate\/mount-falcon-woodlands-lodges-2011.jpg\" title=\" \" rel=\"lightbox[set_147]\" >\n\t\t\t\t\t\t\t\t<img loading=\"lazy\" decoding=\"async\" title=\"mount-falcon-woodlands-lodges-2011\" alt=\"mount-falcon-woodlands-lodges-2011\" src=\"https:\/\/irland-reise-tipps.de\/de\/wp-content\/gallery\/mount-falcon-estate\/thumbs\/thumbs_mount-falcon-woodlands-lodges-2011.jpg\" width=\"100\" height=\"75\" \/>\n\t\t\t\t\t\t\t<\/a>\n\t\t<\/div>\n\t<\/div>\n\t\n\t\t\n \t\t\n\t<div id=\"ngg-image-1685\" class=\"ngg-gallery-thumbnail-box\"  >\n\t\t<div class=\"ngg-gallery-thumbnail\" >\n\t\t\t<a href=\"https:\/\/irland-reise-tipps.de\/de\/wp-content\/gallery\/mount-falcon-estate\/pool.jpg\" title=\" \" rel=\"lightbox[set_147]\" >\n\t\t\t\t\t\t\t\t<img loading=\"lazy\" decoding=\"async\" title=\"pool\" alt=\"pool\" src=\"https:\/\/irland-reise-tipps.de\/de\/wp-content\/gallery\/mount-falcon-estate\/thumbs\/thumbs_pool.jpg\" width=\"100\" height=\"75\" \/>\n\t\t\t\t\t\t\t<\/a>\n\t\t<\/div>\n\t<\/div>\n\t\n\t\t\n \t\t\n\t<div id=\"ngg-image-1686\" class=\"ngg-gallery-thumbnail-box\"  >\n\t\t<div class=\"ngg-gallery-thumbnail\" >\n\t\t\t<a href=\"https:\/\/irland-reise-tipps.de\/de\/wp-content\/gallery\/mount-falcon-estate\/red-chair-boathole-bar.jpg\" title=\" \" rel=\"lightbox[set_147]\" >\n\t\t\t\t\t\t\t\t<img loading=\"lazy\" decoding=\"async\" title=\"red-chair-boathole-bar\" alt=\"red-chair-boathole-bar\" src=\"https:\/\/irland-reise-tipps.de\/de\/wp-content\/gallery\/mount-falcon-estate\/thumbs\/thumbs_red-chair-boathole-bar.jpg\" width=\"100\" height=\"75\" \/>\n\t\t\t\t\t\t\t<\/a>\n\t\t<\/div>\n\t<\/div>\n\t\n\t\t\n \t\t\n\t<div id=\"ngg-image-1687\" class=\"ngg-gallery-thumbnail-box\"  >\n\t\t<div class=\"ngg-gallery-thumbnail\" >\n\t\t\t<a href=\"https:\/\/irland-reise-tipps.de\/de\/wp-content\/gallery\/mount-falcon-estate\/sauna.jpg\" title=\" \" rel=\"lightbox[set_147]\" >\n\t\t\t\t\t\t\t\t<img loading=\"lazy\" decoding=\"async\" title=\"sauna\" alt=\"sauna\" src=\"https:\/\/irland-reise-tipps.de\/de\/wp-content\/gallery\/mount-falcon-estate\/thumbs\/thumbs_sauna.jpg\" width=\"100\" height=\"75\" \/>\n\t\t\t\t\t\t\t<\/a>\n\t\t<\/div>\n\t<\/div>\n\t\n\t\t\n \t\t\n\t<div id=\"ngg-image-1688\" class=\"ngg-gallery-thumbnail-box\"  >\n\t\t<div class=\"ngg-gallery-thumbnail\" >\n\t\t\t<a href=\"https:\/\/irland-reise-tipps.de\/de\/wp-content\/gallery\/mount-falcon-estate\/stumps.jpg\" title=\" \" rel=\"lightbox[set_147]\" >\n\t\t\t\t\t\t\t\t<img loading=\"lazy\" decoding=\"async\" title=\"stumps\" alt=\"stumps\" src=\"https:\/\/irland-reise-tipps.de\/de\/wp-content\/gallery\/mount-falcon-estate\/thumbs\/thumbs_stumps.jpg\" width=\"100\" height=\"75\" \/>\n\t\t\t\t\t\t\t<\/a>\n\t\t<\/div>\n\t<\/div>\n\t\n\t\t\n \t\t\n\t<div id=\"ngg-image-1689\" class=\"ngg-gallery-thumbnail-box\"  >\n\t\t<div class=\"ngg-gallery-thumbnail\" >\n\t\t\t<a href=\"https:\/\/irland-reise-tipps.de\/de\/wp-content\/gallery\/mount-falcon-estate\/superior-rooms-2012.jpg\" title=\" \" rel=\"lightbox[set_147]\" >\n\t\t\t\t\t\t\t\t<img loading=\"lazy\" decoding=\"async\" title=\"superior-rooms-2012\" alt=\"superior-rooms-2012\" src=\"https:\/\/irland-reise-tipps.de\/de\/wp-content\/gallery\/mount-falcon-estate\/thumbs\/thumbs_superior-rooms-2012.jpg\" width=\"100\" height=\"75\" \/>\n\t\t\t\t\t\t\t<\/a>\n\t\t<\/div>\n\t<\/div>\n\t\n\t\t\n \t \t\n\t<!-- Pagination -->\n \t<div class=\"ngg-clear\"><\/div> \t\n<\/div>\n\n\n<h4 style=\"text-align: left;\">Beschreibung<\/h4>\n<p><strong>Herzlich Willkommen im Mount Falcon Estate!<\/strong><\/p>\n<p>Das Mount Falcon Estate wurde von der Automobile Association als Hotel des Jahres 2009-2010 ausgezeichnet und ist der perfekte Ort f\u00fcreinenKurzurlaub. Das luxuri\u00f6seLandhotelliegtzwischenFoxford und Ballina in der Grafschaft Mayo. Das Anwesenumfasst das Mount Falcon Country House Hotel, einenAngelsee, einWellnesszentrum, Ferienh\u00e4user und einFreizeitzentrum auf einem ca. 40 Hektargro\u00dfenGrundst\u00fcck.<\/p>\n<p>Das Mount Falcon Estate stellt den idealenZufluchtsortf\u00fcreinenluxuri\u00f6senKurzurlauboderFerienimWestenIrlandsdar.<\/p>\n<p>Anh\u00e4nger des Angelsportswerdensichhierwiezuhausef\u00fchlen, denn die Fischgr\u00fcnde in Mount Falcon bieteneineStrecke von mehrals 3 km f\u00fcr privates AngelnnachAtlantiklachsen an beidenUfern des ber\u00fchmtenFlusses Moy.<\/p>\n<p>&nbsp;<\/p>\n<p>G\u00e4stelieben am Mount Falcon Estate:<\/p>\n<p>Die AA-Auszeichnungals Hotel des Jahres 2009-2010<\/p>\n<p>Das preisgekr\u00f6nte Kitchen Restaurant: zwei AA-Rosetten<\/p>\n<p>Das Elemis Spa<\/p>\n<p>Die bezaubernden, luxuri\u00f6senG\u00e4stezimmer<\/p>\n<p>Das eleganteLandhausambiente<\/p>\n<p>Die 3 km an Wander-\/Jogging-\/Fahrradwegen<\/p>\n<p>G\u00e4steerhalteneinenRabatt von 10 % auf Eink\u00e4ufeimweltber\u00fchmtenFoxford Woollen Mills<\/p>\n<p>Die luxuri\u00f6sen, am See und im Wald gelegenenFerienh\u00e4user auf demGrundst\u00fcck, die sichperfektf\u00fcrl\u00e4ngereAufenthalteoderbesondereFamilienanl\u00e4sseeignen<\/p>\n<p>Wir freuen uns auf Ihren Besuch!<\/p>\n<h4>Lage des Hotels und Sehensw\u00fcrdigkeiten in der N\u00e4he<\/h4>\n<p>[google-map-v3 shortcodeid=&#8220;aeba7742&#8243; width=&#8220;600&#8243; height=&#8220;400&#8243; zoom=&#8220;12&#8243; maptype=&#8220;roadmap&#8220; mapalign=&#8220;center&#8220; directionhint=&#8220;false&#8220; language=&#8220;default&#8220; poweredby=&#8220;false&#8220; maptypecontrol=&#8220;true&#8220; pancontrol=&#8220;true&#8220; zoomcontrol=&#8220;true&#8220; scalecontrol=&#8220;true&#8220; streetviewcontrol=&#8220;true&#8220; scrollwheelcontrol=&#8220;false&#8220; draggable=&#8220;true&#8220; tiltfourtyfive=&#8220;false&#8220; enablegeolocationmarker=&#8220;false&#8220; addmarkermashup=&#8220;false&#8220; addmarkermashupbubble=&#8220;false&#8220; addmarkerlist=&#8220;Mount Falcon Estate{}lodging_0star.png{}54.059832, -9.151961&#8243; bubbleautopan=&#8220;true&#8220; distanceunits=&#8220;miles&#8220; showbike=&#8220;false&#8220; showtraffic=&#8220;false&#8220; showpanoramio=&#8220;false&#8220;]<\/p>\n","protected":false},"excerpt":{"rendered":"<p>Kontakt Details Mount Falcon Estate Foxford road Ballina Co. Mayo Telephone: +353 1 2958900 Email:\u00a0mountfalcon@manorhousehotels.com Homepage:http:\/\/manorhousehotels.com\/de\/hotels\/mount-falcon-estate\/ Beschreibung Herzlich Willkommen im Mount Falcon Estate! Das Mount Falcon Estate wurde von der Automobile Association als Hotel des Jahres 2009-2010 ausgezeichnet und ist<span class=\"ellipsis\">&hellip;<\/span><\/p>\n<div class=\"read-more\"><a href=\"https:\/\/irland-reise-tipps.de\/de\/unterkunft\/hotels-in-mayo\/mount-falcon-estate\/\">Weiterlesen &#8250;<\/a><\/div>\n<p><!-- end of .read-more --><\/p>\n","protected":false},"author":11,"featured_media":0,"parent":3059,"menu_order":0,"comment_status":"closed","ping_status":"closed","template":"","meta":{"footnotes":""},"class_list":["post-3426","page","type-page","status-publish","hentry"],"yoast_head":"<!-- This site is optimized with the Yoast SEO plugin v21.2 - https:\/\/yoast.com\/wordpress\/plugins\/seo\/ -->\n<title>Mount Falcon Estate - Irland Reise Tipps<\/title>\n<meta name=\"description\" content=\"Gemeinsam die gr\u00fcne Insel Irland entdecken. Wir haben ausgew\u00e4hlte Veranstaltungen, Unterk\u00fcnfte und Touren mit den Highlights Irlands zusammengestellt.\" \/>\n<meta name=\"robots\" content=\"index, follow, max-snippet:-1, max-image-preview:large, max-video-preview:-1\" \/>\n<link rel=\"canonical\" href=\"https:\/\/irland-reise-tipps.de\/de\/unterkunft\/hotels-in-mayo\/mount-falcon-estate\/\" \/>\n<meta property=\"og:locale\" content=\"de_DE\" \/>\n<meta property=\"og:type\" content=\"article\" \/>\n<meta property=\"og:title\" content=\"Mount Falcon Estate - Irland Reise Tipps\" \/>\n<meta property=\"og:description\" content=\"Gemeinsam die gr\u00fcne Insel Irland entdecken. Wir haben ausgew\u00e4hlte Veranstaltungen, Unterk\u00fcnfte und Touren mit den Highlights Irlands zusammengestellt.\" \/>\n<meta property=\"og:url\" content=\"https:\/\/irland-reise-tipps.de\/de\/unterkunft\/hotels-in-mayo\/mount-falcon-estate\/\" \/>\n<meta property=\"og:site_name\" content=\"Irland Reise Tipps\" \/>\n<meta property=\"article:modified_time\" content=\"2014-04-25T10:41:52+00:00\" \/>\n<meta name=\"twitter:label1\" content=\"Gesch\u00e4tzte Lesezeit\" \/>\n\t<meta name=\"twitter:data1\" content=\"1\u00a0Minute\" \/>\n<script type=\"application\/ld+json\" class=\"yoast-schema-graph\">{\"@context\":\"https:\/\/schema.org\",\"@graph\":[{\"@type\":\"WebPage\",\"@id\":\"https:\/\/irland-reise-tipps.de\/de\/unterkunft\/hotels-in-mayo\/mount-falcon-estate\/\",\"url\":\"https:\/\/irland-reise-tipps.de\/de\/unterkunft\/hotels-in-mayo\/mount-falcon-estate\/\",\"name\":\"Mount Falcon Estate - Irland Reise Tipps\",\"isPartOf\":{\"@id\":\"https:\/\/irland-reise-tipps.de\/de\/#website\"},\"datePublished\":\"2014-04-25T10:38:13+00:00\",\"dateModified\":\"2014-04-25T10:41:52+00:00\",\"description\":\"Gemeinsam die gr\u00fcne Insel Irland entdecken. Wir haben ausgew\u00e4hlte Veranstaltungen, Unterk\u00fcnfte und Touren mit den Highlights Irlands zusammengestellt.\",\"breadcrumb\":{\"@id\":\"https:\/\/irland-reise-tipps.de\/de\/unterkunft\/hotels-in-mayo\/mount-falcon-estate\/#breadcrumb\"},\"inLanguage\":\"de\",\"potentialAction\":[{\"@type\":\"ReadAction\",\"target\":[\"https:\/\/irland-reise-tipps.de\/de\/unterkunft\/hotels-in-mayo\/mount-falcon-estate\/\"]}]},{\"@type\":\"BreadcrumbList\",\"@id\":\"https:\/\/irland-reise-tipps.de\/de\/unterkunft\/hotels-in-mayo\/mount-falcon-estate\/#breadcrumb\",\"itemListElement\":[{\"@type\":\"ListItem\",\"position\":1,\"name\":\"Home\",\"item\":\"https:\/\/irland-reise-tipps.de\/de\/\"},{\"@type\":\"ListItem\",\"position\":2,\"name\":\"Unterkunft\",\"item\":\"https:\/\/irland-reise-tipps.de\/de\/unterkunft\/\"},{\"@type\":\"ListItem\",\"position\":3,\"name\":\"Hotels in Mayo\",\"item\":\"https:\/\/irland-reise-tipps.de\/de\/unterkunft\/hotels-in-mayo\/\"},{\"@type\":\"ListItem\",\"position\":4,\"name\":\"Mount Falcon Estate\"}]},{\"@type\":\"WebSite\",\"@id\":\"https:\/\/irland-reise-tipps.de\/de\/#website\",\"url\":\"https:\/\/irland-reise-tipps.de\/de\/\",\"name\":\"Irland Reise Tipps\",\"description\":\"Gemeinsam die gr\u00fcne Insel entdecken\",\"potentialAction\":[{\"@type\":\"SearchAction\",\"target\":{\"@type\":\"EntryPoint\",\"urlTemplate\":\"https:\/\/irland-reise-tipps.de\/de\/?s={search_term_string}\"},\"query-input\":\"required name=search_term_string\"}],\"inLanguage\":\"de\"}]}<\/script>\n<!-- \/ Yoast SEO plugin. -->","yoast_head_json":{"title":"Mount Falcon Estate - Irland Reise Tipps","description":"Gemeinsam die gr\u00fcne Insel Irland entdecken. Wir haben ausgew\u00e4hlte Veranstaltungen, Unterk\u00fcnfte und Touren mit den Highlights Irlands zusammengestellt.","robots":{"index":"index","follow":"follow","max-snippet":"max-snippet:-1","max-image-preview":"max-image-preview:large","max-video-preview":"max-video-preview:-1"},"canonical":"https:\/\/irland-reise-tipps.de\/de\/unterkunft\/hotels-in-mayo\/mount-falcon-estate\/","og_locale":"de_DE","og_type":"article","og_title":"Mount Falcon Estate - Irland Reise Tipps","og_description":"Gemeinsam die gr\u00fcne Insel Irland entdecken. Wir haben ausgew\u00e4hlte Veranstaltungen, Unterk\u00fcnfte und Touren mit den Highlights Irlands zusammengestellt.","og_url":"https:\/\/irland-reise-tipps.de\/de\/unterkunft\/hotels-in-mayo\/mount-falcon-estate\/","og_site_name":"Irland Reise Tipps","article_modified_time":"2014-04-25T10:41:52+00:00","twitter_misc":{"Gesch\u00e4tzte Lesezeit":"1\u00a0Minute"},"schema":{"@context":"https:\/\/schema.org","@graph":[{"@type":"WebPage","@id":"https:\/\/irland-reise-tipps.de\/de\/unterkunft\/hotels-in-mayo\/mount-falcon-estate\/","url":"https:\/\/irland-reise-tipps.de\/de\/unterkunft\/hotels-in-mayo\/mount-falcon-estate\/","name":"Mount Falcon Estate - Irland Reise Tipps","isPartOf":{"@id":"https:\/\/irland-reise-tipps.de\/de\/#website"},"datePublished":"2014-04-25T10:38:13+00:00","dateModified":"2014-04-25T10:41:52+00:00","description":"Gemeinsam die gr\u00fcne Insel Irland entdecken. Wir haben ausgew\u00e4hlte Veranstaltungen, Unterk\u00fcnfte und Touren mit den Highlights Irlands zusammengestellt.","breadcrumb":{"@id":"https:\/\/irland-reise-tipps.de\/de\/unterkunft\/hotels-in-mayo\/mount-falcon-estate\/#breadcrumb"},"inLanguage":"de","potentialAction":[{"@type":"ReadAction","target":["https:\/\/irland-reise-tipps.de\/de\/unterkunft\/hotels-in-mayo\/mount-falcon-estate\/"]}]},{"@type":"BreadcrumbList","@id":"https:\/\/irland-reise-tipps.de\/de\/unterkunft\/hotels-in-mayo\/mount-falcon-estate\/#breadcrumb","itemListElement":[{"@type":"ListItem","position":1,"name":"Home","item":"https:\/\/irland-reise-tipps.de\/de\/"},{"@type":"ListItem","position":2,"name":"Unterkunft","item":"https:\/\/irland-reise-tipps.de\/de\/unterkunft\/"},{"@type":"ListItem","position":3,"name":"Hotels in Mayo","item":"https:\/\/irland-reise-tipps.de\/de\/unterkunft\/hotels-in-mayo\/"},{"@type":"ListItem","position":4,"name":"Mount Falcon Estate"}]},{"@type":"WebSite","@id":"https:\/\/irland-reise-tipps.de\/de\/#website","url":"https:\/\/irland-reise-tipps.de\/de\/","name":"Irland Reise Tipps","description":"Gemeinsam die gr\u00fcne Insel entdecken","potentialAction":[{"@type":"SearchAction","target":{"@type":"EntryPoint","urlTemplate":"https:\/\/irland-reise-tipps.de\/de\/?s={search_term_string}"},"query-input":"required name=search_term_string"}],"inLanguage":"de"}]}},"_links":{"self":[{"href":"https:\/\/irland-reise-tipps.de\/de\/wp-json\/wp\/v2\/pages\/3426","targetHints":{"allow":["GET"]}}],"collection":[{"href":"https:\/\/irland-reise-tipps.de\/de\/wp-json\/wp\/v2\/pages"}],"about":[{"href":"https:\/\/irland-reise-tipps.de\/de\/wp-json\/wp\/v2\/types\/page"}],"author":[{"embeddable":true,"href":"https:\/\/irland-reise-tipps.de\/de\/wp-json\/wp\/v2\/users\/11"}],"replies":[{"embeddable":true,"href":"https:\/\/irland-reise-tipps.de\/de\/wp-json\/wp\/v2\/comments?post=3426"}],"version-history":[{"count":3,"href":"https:\/\/irland-reise-tipps.de\/de\/wp-json\/wp\/v2\/pages\/3426\/revisions"}],"predecessor-version":[{"id":3429,"href":"https:\/\/irland-reise-tipps.de\/de\/wp-json\/wp\/v2\/pages\/3426\/revisions\/3429"}],"up":[{"embeddable":true,"href":"https:\/\/irland-reise-tipps.de\/de\/wp-json\/wp\/v2\/pages\/3059"}],"wp:attachment":[{"href":"https:\/\/irland-reise-tipps.de\/de\/wp-json\/wp\/v2\/media?parent=3426"}],"curies":[{"name":"wp","href":"https:\/\/api.w.org\/{rel}","templated":true}]}}