{"id":3423,"date":"2014-04-25T12:34:24","date_gmt":"2014-04-25T10:34:24","guid":{"rendered":"http:\/\/irland-reise-tipps.de\/de\/?page_id=3423"},"modified":"2014-04-25T12:42:05","modified_gmt":"2014-04-25T10:42:05","slug":"headfort-arms-hotel","status":"publish","type":"page","link":"https:\/\/irland-reise-tipps.de\/de\/unterkunft\/hotels-in-meath\/headfort-arms-hotel\/","title":{"rendered":"Headfort Arms Hotel"},"content":{"rendered":"<h4>\n<a href=\"https:\/\/irland-reise-tipps.de\/de\/wp-content\/gallery\/headford-arms-hotel\/headfort-arms-exterior-june-13.jpg\" title=\"\" rel=\"lightbox[singlepic1650]\" >\n\t<img decoding=\"async\" class=\"ngg-singlepic ngg-right\" src=\"https:\/\/irland-reise-tipps.de\/de\/wp-content\/gallery\/cache\/1650__150x150_headfort-arms-exterior-june-13.jpg\" alt=\"headfort-arms-exterior-june-13\" title=\"headfort-arms-exterior-june-13\" \/>\n<\/a>\n<\/h4>\n<h4>Kontakt Details<\/h4>\n<p>Headfort Arms Hotel<\/p>\n<p>Headfort place<\/p>\n<p>Kells<\/p>\n<p>Co. Meath<\/p>\n<p><strong>Telephone: <\/strong>+353 1 2958900<br \/>\n<strong>Email:\u00a0<\/strong>headfortarms@irishcountryhotels.com<\/p>\n<p><strong>Homepage: <\/strong><a href=\"http:\/\/irishcountryhotels.com\/de\/hotels\/headfort-arms-hotel\/\" target=\"_blank\" rel=\"nofollow\">http:\/\/irishcountryhotels.com\/de\/hotels\/headfort-arms-hotel\/<\/a><\/p>\n\n<div class=\"ngg-galleryoverview\" id=\"ngg-gallery-144-3423\">\n\n\n\t\n\t<!-- Thumbnails -->\n\t\t\n\t<div id=\"ngg-image-1642\" class=\"ngg-gallery-thumbnail-box\"  >\n\t\t<div class=\"ngg-gallery-thumbnail\" >\n\t\t\t<a href=\"https:\/\/irland-reise-tipps.de\/de\/wp-content\/gallery\/headford-arms-hotel\/bedroom-3.jpg\" title=\" \" rel=\"lightbox[set_144]\" >\n\t\t\t\t\t\t\t\t<img loading=\"lazy\" decoding=\"async\" title=\"bedroom-3\" alt=\"bedroom-3\" src=\"https:\/\/irland-reise-tipps.de\/de\/wp-content\/gallery\/headford-arms-hotel\/thumbs\/thumbs_bedroom-3.jpg\" width=\"100\" height=\"75\" \/>\n\t\t\t\t\t\t\t<\/a>\n\t\t<\/div>\n\t<\/div>\n\t\n\t\t\n \t\t\n\t<div id=\"ngg-image-1643\" class=\"ngg-gallery-thumbnail-box\"  >\n\t\t<div class=\"ngg-gallery-thumbnail\" >\n\t\t\t<a href=\"https:\/\/irland-reise-tipps.de\/de\/wp-content\/gallery\/headford-arms-hotel\/bedroom1.jpg\" title=\" \" rel=\"lightbox[set_144]\" >\n\t\t\t\t\t\t\t\t<img loading=\"lazy\" decoding=\"async\" title=\"bedroom1\" alt=\"bedroom1\" src=\"https:\/\/irland-reise-tipps.de\/de\/wp-content\/gallery\/headford-arms-hotel\/thumbs\/thumbs_bedroom1.jpg\" width=\"100\" height=\"75\" \/>\n\t\t\t\t\t\t\t<\/a>\n\t\t<\/div>\n\t<\/div>\n\t\n\t\t\n \t\t\n\t<div id=\"ngg-image-1644\" class=\"ngg-gallery-thumbnail-box\"  >\n\t\t<div class=\"ngg-gallery-thumbnail\" >\n\t\t\t<a href=\"https:\/\/irland-reise-tipps.de\/de\/wp-content\/gallery\/headford-arms-hotel\/champagne-fruit.jpg\" title=\" \" rel=\"lightbox[set_144]\" >\n\t\t\t\t\t\t\t\t<img loading=\"lazy\" decoding=\"async\" title=\"champagne-fruit\" alt=\"champagne-fruit\" src=\"https:\/\/irland-reise-tipps.de\/de\/wp-content\/gallery\/headford-arms-hotel\/thumbs\/thumbs_champagne-fruit.jpg\" width=\"100\" height=\"75\" \/>\n\t\t\t\t\t\t\t<\/a>\n\t\t<\/div>\n\t<\/div>\n\t\n\t\t\n \t\t\n\t<div id=\"ngg-image-1645\" class=\"ngg-gallery-thumbnail-box\"  >\n\t\t<div class=\"ngg-gallery-thumbnail\" >\n\t\t\t<a href=\"https:\/\/irland-reise-tipps.de\/de\/wp-content\/gallery\/headford-arms-hotel\/headfort-arms-bar-and-piano-2010.jpg\" title=\" \" rel=\"lightbox[set_144]\" >\n\t\t\t\t\t\t\t\t<img loading=\"lazy\" decoding=\"async\" title=\"headfort-arms-bar-and-piano-2010\" alt=\"headfort-arms-bar-and-piano-2010\" src=\"https:\/\/irland-reise-tipps.de\/de\/wp-content\/gallery\/headford-arms-hotel\/thumbs\/thumbs_headfort-arms-bar-and-piano-2010.jpg\" width=\"100\" height=\"75\" \/>\n\t\t\t\t\t\t\t<\/a>\n\t\t<\/div>\n\t<\/div>\n\t\n\t\t\n \t\t\n\t<div id=\"ngg-image-1646\" class=\"ngg-gallery-thumbnail-box\"  >\n\t\t<div class=\"ngg-gallery-thumbnail\" >\n\t\t\t<a href=\"https:\/\/irland-reise-tipps.de\/de\/wp-content\/gallery\/headford-arms-hotel\/headfort-arms-bedroom.jpg\" title=\" \" rel=\"lightbox[set_144]\" >\n\t\t\t\t\t\t\t\t<img loading=\"lazy\" decoding=\"async\" title=\"headfort-arms-bedroom\" alt=\"headfort-arms-bedroom\" src=\"https:\/\/irland-reise-tipps.de\/de\/wp-content\/gallery\/headford-arms-hotel\/thumbs\/thumbs_headfort-arms-bedroom.jpg\" width=\"100\" height=\"75\" \/>\n\t\t\t\t\t\t\t<\/a>\n\t\t<\/div>\n\t<\/div>\n\t\n\t\t\n \t\t\n\t<div id=\"ngg-image-1647\" class=\"ngg-gallery-thumbnail-box\"  >\n\t\t<div class=\"ngg-gallery-thumbnail\" >\n\t\t\t<a href=\"https:\/\/irland-reise-tipps.de\/de\/wp-content\/gallery\/headford-arms-hotel\/headfort-arms-bridal-suite-2010.jpg\" title=\" \" rel=\"lightbox[set_144]\" >\n\t\t\t\t\t\t\t\t<img loading=\"lazy\" decoding=\"async\" title=\"headfort-arms-bridal-suite-2010\" alt=\"headfort-arms-bridal-suite-2010\" src=\"https:\/\/irland-reise-tipps.de\/de\/wp-content\/gallery\/headford-arms-hotel\/thumbs\/thumbs_headfort-arms-bridal-suite-2010.jpg\" width=\"100\" height=\"75\" \/>\n\t\t\t\t\t\t\t<\/a>\n\t\t<\/div>\n\t<\/div>\n\t\n\t\t\n \t\t\n\t<div id=\"ngg-image-1648\" class=\"ngg-gallery-thumbnail-box\"  >\n\t\t<div class=\"ngg-gallery-thumbnail\" >\n\t\t\t<a href=\"https:\/\/irland-reise-tipps.de\/de\/wp-content\/gallery\/headford-arms-hotel\/headfort-arms-cafe.jpg\" title=\" \" rel=\"lightbox[set_144]\" >\n\t\t\t\t\t\t\t\t<img loading=\"lazy\" decoding=\"async\" title=\"headfort-arms-cafe\" alt=\"headfort-arms-cafe\" src=\"https:\/\/irland-reise-tipps.de\/de\/wp-content\/gallery\/headford-arms-hotel\/thumbs\/thumbs_headfort-arms-cafe.jpg\" width=\"100\" height=\"75\" \/>\n\t\t\t\t\t\t\t<\/a>\n\t\t<\/div>\n\t<\/div>\n\t\n\t\t\n \t\t\n\t<div id=\"ngg-image-1649\" class=\"ngg-gallery-thumbnail-box\"  >\n\t\t<div class=\"ngg-gallery-thumbnail\" >\n\t\t\t<a href=\"https:\/\/irland-reise-tipps.de\/de\/wp-content\/gallery\/headford-arms-hotel\/headfort-arms-champagne-in-room-2010.jpg\" title=\" \" rel=\"lightbox[set_144]\" >\n\t\t\t\t\t\t\t\t<img loading=\"lazy\" decoding=\"async\" title=\"headfort-arms-champagne-in-room-2010\" alt=\"headfort-arms-champagne-in-room-2010\" src=\"https:\/\/irland-reise-tipps.de\/de\/wp-content\/gallery\/headford-arms-hotel\/thumbs\/thumbs_headfort-arms-champagne-in-room-2010.jpg\" width=\"100\" height=\"75\" \/>\n\t\t\t\t\t\t\t<\/a>\n\t\t<\/div>\n\t<\/div>\n\t\n\t\t\n \t\t\n\t<div id=\"ngg-image-1650\" class=\"ngg-gallery-thumbnail-box\"  >\n\t\t<div class=\"ngg-gallery-thumbnail\" >\n\t\t\t<a href=\"https:\/\/irland-reise-tipps.de\/de\/wp-content\/gallery\/headford-arms-hotel\/headfort-arms-exterior-june-13.jpg\" title=\" \" rel=\"lightbox[set_144]\" >\n\t\t\t\t\t\t\t\t<img loading=\"lazy\" decoding=\"async\" title=\"headfort-arms-exterior-june-13\" alt=\"headfort-arms-exterior-june-13\" src=\"https:\/\/irland-reise-tipps.de\/de\/wp-content\/gallery\/headford-arms-hotel\/thumbs\/thumbs_headfort-arms-exterior-june-13.jpg\" width=\"100\" height=\"75\" \/>\n\t\t\t\t\t\t\t<\/a>\n\t\t<\/div>\n\t<\/div>\n\t\n\t\t\n \t\t\n\t<div id=\"ngg-image-1651\" class=\"ngg-gallery-thumbnail-box\"  >\n\t\t<div class=\"ngg-gallery-thumbnail\" >\n\t\t\t<a href=\"https:\/\/irland-reise-tipps.de\/de\/wp-content\/gallery\/headford-arms-hotel\/headfort-arms-family-room-2010.jpg\" title=\" \" rel=\"lightbox[set_144]\" >\n\t\t\t\t\t\t\t\t<img loading=\"lazy\" decoding=\"async\" title=\"headfort-arms-family-room-2010\" alt=\"headfort-arms-family-room-2010\" src=\"https:\/\/irland-reise-tipps.de\/de\/wp-content\/gallery\/headford-arms-hotel\/thumbs\/thumbs_headfort-arms-family-room-2010.jpg\" width=\"100\" height=\"75\" \/>\n\t\t\t\t\t\t\t<\/a>\n\t\t<\/div>\n\t<\/div>\n\t\n\t\t\n \t\t\n\t<div id=\"ngg-image-1652\" class=\"ngg-gallery-thumbnail-box\"  >\n\t\t<div class=\"ngg-gallery-thumbnail\" >\n\t\t\t<a href=\"https:\/\/irland-reise-tipps.de\/de\/wp-content\/gallery\/headford-arms-hotel\/headfort-arms-hotel-18.jpg\" title=\" \" rel=\"lightbox[set_144]\" >\n\t\t\t\t\t\t\t\t<img loading=\"lazy\" decoding=\"async\" title=\"headfort-arms-hotel-18\" alt=\"headfort-arms-hotel-18\" src=\"https:\/\/irland-reise-tipps.de\/de\/wp-content\/gallery\/headford-arms-hotel\/thumbs\/thumbs_headfort-arms-hotel-18.jpg\" width=\"100\" height=\"75\" \/>\n\t\t\t\t\t\t\t<\/a>\n\t\t<\/div>\n\t<\/div>\n\t\n\t\t\n \t\t\n\t<div id=\"ngg-image-1653\" class=\"ngg-gallery-thumbnail-box\"  >\n\t\t<div class=\"ngg-gallery-thumbnail\" >\n\t\t\t<a href=\"https:\/\/irland-reise-tipps.de\/de\/wp-content\/gallery\/headford-arms-hotel\/headfort-arms-hotel-19.jpg\" title=\" \" rel=\"lightbox[set_144]\" >\n\t\t\t\t\t\t\t\t<img loading=\"lazy\" decoding=\"async\" title=\"headfort-arms-hotel-19\" alt=\"headfort-arms-hotel-19\" src=\"https:\/\/irland-reise-tipps.de\/de\/wp-content\/gallery\/headford-arms-hotel\/thumbs\/thumbs_headfort-arms-hotel-19.jpg\" width=\"100\" height=\"75\" \/>\n\t\t\t\t\t\t\t<\/a>\n\t\t<\/div>\n\t<\/div>\n\t\n\t\t\n \t\t\n\t<div id=\"ngg-image-1654\" class=\"ngg-gallery-thumbnail-box\"  >\n\t\t<div class=\"ngg-gallery-thumbnail\" >\n\t\t\t<a href=\"https:\/\/irland-reise-tipps.de\/de\/wp-content\/gallery\/headford-arms-hotel\/headfort-arms-hotel-20.jpg\" title=\" \" rel=\"lightbox[set_144]\" >\n\t\t\t\t\t\t\t\t<img loading=\"lazy\" decoding=\"async\" title=\"headfort-arms-hotel-20\" alt=\"headfort-arms-hotel-20\" src=\"https:\/\/irland-reise-tipps.de\/de\/wp-content\/gallery\/headford-arms-hotel\/thumbs\/thumbs_headfort-arms-hotel-20.jpg\" width=\"100\" height=\"75\" \/>\n\t\t\t\t\t\t\t<\/a>\n\t\t<\/div>\n\t<\/div>\n\t\n\t\t\n \t\t\n\t<div id=\"ngg-image-1655\" class=\"ngg-gallery-thumbnail-box\"  >\n\t\t<div class=\"ngg-gallery-thumbnail\" >\n\t\t\t<a href=\"https:\/\/irland-reise-tipps.de\/de\/wp-content\/gallery\/headford-arms-hotel\/headfort-arms-hotel-3.jpg\" title=\" \" rel=\"lightbox[set_144]\" >\n\t\t\t\t\t\t\t\t<img loading=\"lazy\" decoding=\"async\" title=\"headfort-arms-hotel-3\" alt=\"headfort-arms-hotel-3\" src=\"https:\/\/irland-reise-tipps.de\/de\/wp-content\/gallery\/headford-arms-hotel\/thumbs\/thumbs_headfort-arms-hotel-3.jpg\" width=\"100\" height=\"75\" \/>\n\t\t\t\t\t\t\t<\/a>\n\t\t<\/div>\n\t<\/div>\n\t\n\t\t\n \t\t\n\t<div id=\"ngg-image-1656\" class=\"ngg-gallery-thumbnail-box\"  >\n\t\t<div class=\"ngg-gallery-thumbnail\" >\n\t\t\t<a href=\"https:\/\/irland-reise-tipps.de\/de\/wp-content\/gallery\/headford-arms-hotel\/headfort-arms-hotel-4.jpg\" title=\" \" rel=\"lightbox[set_144]\" >\n\t\t\t\t\t\t\t\t<img loading=\"lazy\" decoding=\"async\" title=\"headfort-arms-hotel-4\" alt=\"headfort-arms-hotel-4\" src=\"https:\/\/irland-reise-tipps.de\/de\/wp-content\/gallery\/headford-arms-hotel\/thumbs\/thumbs_headfort-arms-hotel-4.jpg\" width=\"100\" height=\"75\" \/>\n\t\t\t\t\t\t\t<\/a>\n\t\t<\/div>\n\t<\/div>\n\t\n\t\t\n \t\t\n\t<div id=\"ngg-image-1657\" class=\"ngg-gallery-thumbnail-box\"  >\n\t\t<div class=\"ngg-gallery-thumbnail\" >\n\t\t\t<a href=\"https:\/\/irland-reise-tipps.de\/de\/wp-content\/gallery\/headford-arms-hotel\/headfort-arms-hotel-6.jpg\" title=\" \" rel=\"lightbox[set_144]\" >\n\t\t\t\t\t\t\t\t<img loading=\"lazy\" decoding=\"async\" title=\"headfort-arms-hotel-6\" alt=\"headfort-arms-hotel-6\" src=\"https:\/\/irland-reise-tipps.de\/de\/wp-content\/gallery\/headford-arms-hotel\/thumbs\/thumbs_headfort-arms-hotel-6.jpg\" width=\"100\" height=\"75\" \/>\n\t\t\t\t\t\t\t<\/a>\n\t\t<\/div>\n\t<\/div>\n\t\n\t\t\n \t\t\n\t<div id=\"ngg-image-1658\" class=\"ngg-gallery-thumbnail-box\"  >\n\t\t<div class=\"ngg-gallery-thumbnail\" >\n\t\t\t<a href=\"https:\/\/irland-reise-tipps.de\/de\/wp-content\/gallery\/headford-arms-hotel\/headfort-cafe-2.jpg\" title=\" \" rel=\"lightbox[set_144]\" >\n\t\t\t\t\t\t\t\t<img loading=\"lazy\" decoding=\"async\" title=\"headfort-cafe-2\" alt=\"headfort-cafe-2\" src=\"https:\/\/irland-reise-tipps.de\/de\/wp-content\/gallery\/headford-arms-hotel\/thumbs\/thumbs_headfort-cafe-2.jpg\" width=\"100\" height=\"75\" \/>\n\t\t\t\t\t\t\t<\/a>\n\t\t<\/div>\n\t<\/div>\n\t\n\t\t\n \t \t\n\t<!-- Pagination -->\n \t<div class=\"ngg-clear\"><\/div> \t\n<\/div>\n\n\n<h4 style=\"text-align: left;\">Beschreibung<\/h4>\n<p><strong>Herzlich Willkommen im Headfort Arms Hotel!<\/strong><\/p>\n<p>Das Headfort Arms Hotel ist ein denkmal gesch\u00fctztes Geb\u00e4ude im Herzen von Kells, der Weltkulturerbestadt und demUrsprungsort vom weltbekannten Book of Kells.<\/p>\n<p>&nbsp;<\/p>\n<p>Was G\u00e4ste am Headfort Arms Hotel wertsch\u00e4tzen:<\/p>\n<p>&#8211; den National Hotel &amp; Catering Gold Medal-Preis 2010!<\/p>\n<p>&#8211; die Lage im Herzen des Boyne Valley<\/p>\n<p>&#8211; die N\u00e4he zu Dublin, Flughafen und Hafen<\/p>\n<p>&#8211; das preisgekr\u00f6nte Vanilla Pod Restaurant<\/p>\n<p>&#8211; den malerischen und entspannendenGarten<\/p>\n<p>&#8211; Spa-Zimmer f\u00fcr hervorragende und entspannende Behandlungen<\/p>\n<p>&#8211; die Keltic Bar und Hof f\u00fcr Live-Programme<\/p>\n<p>&#8211; die N\u00e4hezum 36-Loch-Golfplatz in Headfort<\/p>\n<p>&nbsp;<\/p>\n<p>Wir freuen uns auf Ihren Besuch!<\/p>\n<h4>Lage des Hotels und Sehensw\u00fcrdigkeiten in der N\u00e4he<\/h4>\n<p>[google-map-v3 shortcodeid=&#8220;b9749adc&#8220; width=&#8220;600&#8243; height=&#8220;400&#8243; zoom=&#8220;12&#8243; maptype=&#8220;roadmap&#8220; mapalign=&#8220;center&#8220; directionhint=&#8220;false&#8220; language=&#8220;default&#8220; poweredby=&#8220;false&#8220; maptypecontrol=&#8220;true&#8220; pancontrol=&#8220;true&#8220; zoomcontrol=&#8220;true&#8220; scalecontrol=&#8220;true&#8220; streetviewcontrol=&#8220;true&#8220; scrollwheelcontrol=&#8220;false&#8220; draggable=&#8220;true&#8220; tiltfourtyfive=&#8220;false&#8220; enablegeolocationmarker=&#8220;false&#8220; addmarkermashup=&#8220;false&#8220; addmarkermashupbubble=&#8220;false&#8220; addmarkerlist=&#8220;53.726791, -6.874136{}lodging_0star.png{}Headfort Arms Hotel&#8220; bubbleautopan=&#8220;true&#8220; distanceunits=&#8220;miles&#8220; showbike=&#8220;false&#8220; showtraffic=&#8220;false&#8220; showpanoramio=&#8220;false&#8220;]<\/p>\n","protected":false},"excerpt":{"rendered":"<p>Kontakt Details Headfort Arms Hotel Headfort place Kells Co. Meath Telephone: +353 1 2958900 Email:\u00a0headfortarms@irishcountryhotels.com Homepage: http:\/\/irishcountryhotels.com\/de\/hotels\/headfort-arms-hotel\/ Beschreibung Herzlich Willkommen im Headfort Arms Hotel! Das Headfort Arms Hotel ist ein denkmal gesch\u00fctztes Geb\u00e4ude im Herzen von Kells, der Weltkulturerbestadt und<span class=\"ellipsis\">&hellip;<\/span><\/p>\n<div class=\"read-more\"><a href=\"https:\/\/irland-reise-tipps.de\/de\/unterkunft\/hotels-in-meath\/headfort-arms-hotel\/\">Weiterlesen &#8250;<\/a><\/div>\n<p><!-- end of .read-more --><\/p>\n","protected":false},"author":11,"featured_media":0,"parent":2953,"menu_order":0,"comment_status":"closed","ping_status":"closed","template":"","meta":{"footnotes":""},"class_list":["post-3423","page","type-page","status-publish","hentry"],"yoast_head":"<!-- This site is optimized with the Yoast SEO plugin v21.2 - https:\/\/yoast.com\/wordpress\/plugins\/seo\/ -->\n<title>Headfort Arms Hotel - Irland Reise Tipps<\/title>\n<meta name=\"description\" content=\"Gemeinsam die gr\u00fcne Insel Irland entdecken. Wir haben ausgew\u00e4hlte Veranstaltungen, Unterk\u00fcnfte und Touren mit den Highlights Irlands zusammengestellt.\" \/>\n<meta name=\"robots\" content=\"index, follow, max-snippet:-1, max-image-preview:large, max-video-preview:-1\" \/>\n<link rel=\"canonical\" href=\"https:\/\/irland-reise-tipps.de\/de\/unterkunft\/hotels-in-meath\/headfort-arms-hotel\/\" \/>\n<meta property=\"og:locale\" content=\"de_DE\" \/>\n<meta property=\"og:type\" content=\"article\" \/>\n<meta property=\"og:title\" content=\"Headfort Arms Hotel - Irland Reise Tipps\" \/>\n<meta property=\"og:description\" content=\"Gemeinsam die gr\u00fcne Insel Irland entdecken. Wir haben ausgew\u00e4hlte Veranstaltungen, Unterk\u00fcnfte und Touren mit den Highlights Irlands zusammengestellt.\" \/>\n<meta property=\"og:url\" content=\"https:\/\/irland-reise-tipps.de\/de\/unterkunft\/hotels-in-meath\/headfort-arms-hotel\/\" \/>\n<meta property=\"og:site_name\" content=\"Irland Reise Tipps\" \/>\n<meta property=\"article:modified_time\" content=\"2014-04-25T10:42:05+00:00\" \/>\n<meta name=\"twitter:label1\" content=\"Gesch\u00e4tzte Lesezeit\" \/>\n\t<meta name=\"twitter:data1\" content=\"1\u00a0Minute\" \/>\n<script type=\"application\/ld+json\" class=\"yoast-schema-graph\">{\"@context\":\"https:\/\/schema.org\",\"@graph\":[{\"@type\":\"WebPage\",\"@id\":\"https:\/\/irland-reise-tipps.de\/de\/unterkunft\/hotels-in-meath\/headfort-arms-hotel\/\",\"url\":\"https:\/\/irland-reise-tipps.de\/de\/unterkunft\/hotels-in-meath\/headfort-arms-hotel\/\",\"name\":\"Headfort Arms Hotel - Irland Reise Tipps\",\"isPartOf\":{\"@id\":\"https:\/\/irland-reise-tipps.de\/de\/#website\"},\"datePublished\":\"2014-04-25T10:34:24+00:00\",\"dateModified\":\"2014-04-25T10:42:05+00:00\",\"description\":\"Gemeinsam die gr\u00fcne Insel Irland entdecken. Wir haben ausgew\u00e4hlte Veranstaltungen, Unterk\u00fcnfte und Touren mit den Highlights Irlands zusammengestellt.\",\"breadcrumb\":{\"@id\":\"https:\/\/irland-reise-tipps.de\/de\/unterkunft\/hotels-in-meath\/headfort-arms-hotel\/#breadcrumb\"},\"inLanguage\":\"de\",\"potentialAction\":[{\"@type\":\"ReadAction\",\"target\":[\"https:\/\/irland-reise-tipps.de\/de\/unterkunft\/hotels-in-meath\/headfort-arms-hotel\/\"]}]},{\"@type\":\"BreadcrumbList\",\"@id\":\"https:\/\/irland-reise-tipps.de\/de\/unterkunft\/hotels-in-meath\/headfort-arms-hotel\/#breadcrumb\",\"itemListElement\":[{\"@type\":\"ListItem\",\"position\":1,\"name\":\"Home\",\"item\":\"https:\/\/irland-reise-tipps.de\/de\/\"},{\"@type\":\"ListItem\",\"position\":2,\"name\":\"Unterkunft\",\"item\":\"https:\/\/irland-reise-tipps.de\/de\/unterkunft\/\"},{\"@type\":\"ListItem\",\"position\":3,\"name\":\"Hotels in Meath\",\"item\":\"https:\/\/irland-reise-tipps.de\/de\/unterkunft\/hotels-in-meath\/\"},{\"@type\":\"ListItem\",\"position\":4,\"name\":\"Headfort Arms Hotel\"}]},{\"@type\":\"WebSite\",\"@id\":\"https:\/\/irland-reise-tipps.de\/de\/#website\",\"url\":\"https:\/\/irland-reise-tipps.de\/de\/\",\"name\":\"Irland Reise Tipps\",\"description\":\"Gemeinsam die gr\u00fcne Insel entdecken\",\"potentialAction\":[{\"@type\":\"SearchAction\",\"target\":{\"@type\":\"EntryPoint\",\"urlTemplate\":\"https:\/\/irland-reise-tipps.de\/de\/?s={search_term_string}\"},\"query-input\":\"required name=search_term_string\"}],\"inLanguage\":\"de\"}]}<\/script>\n<!-- \/ Yoast SEO plugin. -->","yoast_head_json":{"title":"Headfort Arms Hotel - Irland Reise Tipps","description":"Gemeinsam die gr\u00fcne Insel Irland entdecken. Wir haben ausgew\u00e4hlte Veranstaltungen, Unterk\u00fcnfte und Touren mit den Highlights Irlands zusammengestellt.","robots":{"index":"index","follow":"follow","max-snippet":"max-snippet:-1","max-image-preview":"max-image-preview:large","max-video-preview":"max-video-preview:-1"},"canonical":"https:\/\/irland-reise-tipps.de\/de\/unterkunft\/hotels-in-meath\/headfort-arms-hotel\/","og_locale":"de_DE","og_type":"article","og_title":"Headfort Arms Hotel - Irland Reise Tipps","og_description":"Gemeinsam die gr\u00fcne Insel Irland entdecken. Wir haben ausgew\u00e4hlte Veranstaltungen, Unterk\u00fcnfte und Touren mit den Highlights Irlands zusammengestellt.","og_url":"https:\/\/irland-reise-tipps.de\/de\/unterkunft\/hotels-in-meath\/headfort-arms-hotel\/","og_site_name":"Irland Reise Tipps","article_modified_time":"2014-04-25T10:42:05+00:00","twitter_misc":{"Gesch\u00e4tzte Lesezeit":"1\u00a0Minute"},"schema":{"@context":"https:\/\/schema.org","@graph":[{"@type":"WebPage","@id":"https:\/\/irland-reise-tipps.de\/de\/unterkunft\/hotels-in-meath\/headfort-arms-hotel\/","url":"https:\/\/irland-reise-tipps.de\/de\/unterkunft\/hotels-in-meath\/headfort-arms-hotel\/","name":"Headfort Arms Hotel - Irland Reise Tipps","isPartOf":{"@id":"https:\/\/irland-reise-tipps.de\/de\/#website"},"datePublished":"2014-04-25T10:34:24+00:00","dateModified":"2014-04-25T10:42:05+00:00","description":"Gemeinsam die gr\u00fcne Insel Irland entdecken. Wir haben ausgew\u00e4hlte Veranstaltungen, Unterk\u00fcnfte und Touren mit den Highlights Irlands zusammengestellt.","breadcrumb":{"@id":"https:\/\/irland-reise-tipps.de\/de\/unterkunft\/hotels-in-meath\/headfort-arms-hotel\/#breadcrumb"},"inLanguage":"de","potentialAction":[{"@type":"ReadAction","target":["https:\/\/irland-reise-tipps.de\/de\/unterkunft\/hotels-in-meath\/headfort-arms-hotel\/"]}]},{"@type":"BreadcrumbList","@id":"https:\/\/irland-reise-tipps.de\/de\/unterkunft\/hotels-in-meath\/headfort-arms-hotel\/#breadcrumb","itemListElement":[{"@type":"ListItem","position":1,"name":"Home","item":"https:\/\/irland-reise-tipps.de\/de\/"},{"@type":"ListItem","position":2,"name":"Unterkunft","item":"https:\/\/irland-reise-tipps.de\/de\/unterkunft\/"},{"@type":"ListItem","position":3,"name":"Hotels in Meath","item":"https:\/\/irland-reise-tipps.de\/de\/unterkunft\/hotels-in-meath\/"},{"@type":"ListItem","position":4,"name":"Headfort Arms Hotel"}]},{"@type":"WebSite","@id":"https:\/\/irland-reise-tipps.de\/de\/#website","url":"https:\/\/irland-reise-tipps.de\/de\/","name":"Irland Reise Tipps","description":"Gemeinsam die gr\u00fcne Insel entdecken","potentialAction":[{"@type":"SearchAction","target":{"@type":"EntryPoint","urlTemplate":"https:\/\/irland-reise-tipps.de\/de\/?s={search_term_string}"},"query-input":"required name=search_term_string"}],"inLanguage":"de"}]}},"_links":{"self":[{"href":"https:\/\/irland-reise-tipps.de\/de\/wp-json\/wp\/v2\/pages\/3423","targetHints":{"allow":["GET"]}}],"collection":[{"href":"https:\/\/irland-reise-tipps.de\/de\/wp-json\/wp\/v2\/pages"}],"about":[{"href":"https:\/\/irland-reise-tipps.de\/de\/wp-json\/wp\/v2\/types\/page"}],"author":[{"embeddable":true,"href":"https:\/\/irland-reise-tipps.de\/de\/wp-json\/wp\/v2\/users\/11"}],"replies":[{"embeddable":true,"href":"https:\/\/irland-reise-tipps.de\/de\/wp-json\/wp\/v2\/comments?post=3423"}],"version-history":[{"count":3,"href":"https:\/\/irland-reise-tipps.de\/de\/wp-json\/wp\/v2\/pages\/3423\/revisions"}],"predecessor-version":[{"id":3430,"href":"https:\/\/irland-reise-tipps.de\/de\/wp-json\/wp\/v2\/pages\/3423\/revisions\/3430"}],"up":[{"embeddable":true,"href":"https:\/\/irland-reise-tipps.de\/de\/wp-json\/wp\/v2\/pages\/2953"}],"wp:attachment":[{"href":"https:\/\/irland-reise-tipps.de\/de\/wp-json\/wp\/v2\/media?parent=3423"}],"curies":[{"name":"wp","href":"https:\/\/api.w.org\/{rel}","templated":true}]}}