{"id":3413,"date":"2014-04-25T12:20:32","date_gmt":"2014-04-25T10:20:32","guid":{"rendered":"http:\/\/irland-reise-tipps.de\/de\/?page_id=3413"},"modified":"2014-04-25T12:21:26","modified_gmt":"2014-04-25T10:21:26","slug":"fitzgeralds-vienna-woods-hotel","status":"publish","type":"page","link":"https:\/\/irland-reise-tipps.de\/de\/unterkunft\/hotels-in-limerick\/fitzgeralds-vienna-woods-hotel\/","title":{"rendered":"Fitzgeralds Woodland House Hotel"},"content":{"rendered":"<h4>\n<a href=\"https:\/\/irland-reise-tipps.de\/de\/wp-content\/gallery\/fitzgeralds-woodlands-house-hotel\/entrance-1-final.jpg\" title=\"\" rel=\"lightbox[singlepic1631]\" >\n\t<img decoding=\"async\" class=\"ngg-singlepic ngg-right\" src=\"https:\/\/irland-reise-tipps.de\/de\/wp-content\/gallery\/cache\/1631__150x150_entrance-1-final.jpg\" alt=\"entrance-1-final\" title=\"entrance-1-final\" \/>\n<\/a>\n<\/h4>\n<h4>Kontakt Details<\/h4>\n<p>Fitzgeralds Woodlands House Hotel<\/p>\n<p>Knockanes,<\/p>\n<p>Adare<\/p>\n<p>Co. Limerick.<\/p>\n<p><strong>Telephone:<\/strong>+353 1 2958900<br \/>\n<strong>Email:\u00a0<\/strong>fitzgeralds@irishcountryhotels.com<\/p>\n<p><strong>Homepage: <\/strong><a href=\"http:\/\/irishcountryhotels.com\/de\/hotels\/fitzgeralds-woodlands-house-hotel\/\" target=\"_blank\" rel=\"nofollow\">http:\/\/irishcountryhotels.com\/de\/hotels\/fitzgeralds-woodlands-house-hotel\/<\/a><\/p>\n\n<div class=\"ngg-galleryoverview\" id=\"ngg-gallery-143-3413\">\n\n\n\t\n\t<!-- Thumbnails -->\n\t\t\n\t<div id=\"ngg-image-1622\" class=\"ngg-gallery-thumbnail-box\"  >\n\t\t<div class=\"ngg-gallery-thumbnail\" >\n\t\t\t<a href=\"https:\/\/irland-reise-tipps.de\/de\/wp-content\/gallery\/fitzgeralds-woodlands-house-hotel\/10.jpg\" title=\" \" rel=\"lightbox[set_143]\" >\n\t\t\t\t\t\t\t\t<img loading=\"lazy\" decoding=\"async\" title=\"10\" alt=\"10\" src=\"https:\/\/irland-reise-tipps.de\/de\/wp-content\/gallery\/fitzgeralds-woodlands-house-hotel\/thumbs\/thumbs_10.jpg\" width=\"100\" height=\"75\" \/>\n\t\t\t\t\t\t\t<\/a>\n\t\t<\/div>\n\t<\/div>\n\t\n\t\t\n \t\t\n\t<div id=\"ngg-image-1623\" class=\"ngg-gallery-thumbnail-box\"  >\n\t\t<div class=\"ngg-gallery-thumbnail\" >\n\t\t\t<a href=\"https:\/\/irland-reise-tipps.de\/de\/wp-content\/gallery\/fitzgeralds-woodlands-house-hotel\/11.jpg\" title=\" \" rel=\"lightbox[set_143]\" >\n\t\t\t\t\t\t\t\t<img loading=\"lazy\" decoding=\"async\" title=\"11\" alt=\"11\" src=\"https:\/\/irland-reise-tipps.de\/de\/wp-content\/gallery\/fitzgeralds-woodlands-house-hotel\/thumbs\/thumbs_11.jpg\" width=\"100\" height=\"75\" \/>\n\t\t\t\t\t\t\t<\/a>\n\t\t<\/div>\n\t<\/div>\n\t\n\t\t\n \t\t\n\t<div id=\"ngg-image-1624\" class=\"ngg-gallery-thumbnail-box\"  >\n\t\t<div class=\"ngg-gallery-thumbnail\" >\n\t\t\t<a href=\"https:\/\/irland-reise-tipps.de\/de\/wp-content\/gallery\/fitzgeralds-woodlands-house-hotel\/130114-woodlands-hotel-054.jpg\" title=\" \" rel=\"lightbox[set_143]\" >\n\t\t\t\t\t\t\t\t<img loading=\"lazy\" decoding=\"async\" title=\"130114-woodlands-hotel-054\" alt=\"130114-woodlands-hotel-054\" src=\"https:\/\/irland-reise-tipps.de\/de\/wp-content\/gallery\/fitzgeralds-woodlands-house-hotel\/thumbs\/thumbs_130114-woodlands-hotel-054.jpg\" width=\"100\" height=\"75\" \/>\n\t\t\t\t\t\t\t<\/a>\n\t\t<\/div>\n\t<\/div>\n\t\n\t\t\n \t\t\n\t<div id=\"ngg-image-1625\" class=\"ngg-gallery-thumbnail-box\"  >\n\t\t<div class=\"ngg-gallery-thumbnail\" >\n\t\t\t<a href=\"https:\/\/irland-reise-tipps.de\/de\/wp-content\/gallery\/fitzgeralds-woodlands-house-hotel\/130501-woodlands-646.jpg\" title=\" \" rel=\"lightbox[set_143]\" >\n\t\t\t\t\t\t\t\t<img loading=\"lazy\" decoding=\"async\" title=\"130501-woodlands-646\" alt=\"130501-woodlands-646\" src=\"https:\/\/irland-reise-tipps.de\/de\/wp-content\/gallery\/fitzgeralds-woodlands-house-hotel\/thumbs\/thumbs_130501-woodlands-646.jpg\" width=\"100\" height=\"75\" \/>\n\t\t\t\t\t\t\t<\/a>\n\t\t<\/div>\n\t<\/div>\n\t\n\t\t\n \t\t\n\t<div id=\"ngg-image-1626\" class=\"ngg-gallery-thumbnail-box\"  >\n\t\t<div class=\"ngg-gallery-thumbnail\" >\n\t\t\t<a href=\"https:\/\/irland-reise-tipps.de\/de\/wp-content\/gallery\/fitzgeralds-woodlands-house-hotel\/7.jpg\" title=\" \" rel=\"lightbox[set_143]\" >\n\t\t\t\t\t\t\t\t<img loading=\"lazy\" decoding=\"async\" title=\"7\" alt=\"7\" src=\"https:\/\/irland-reise-tipps.de\/de\/wp-content\/gallery\/fitzgeralds-woodlands-house-hotel\/thumbs\/thumbs_7.jpg\" width=\"100\" height=\"75\" \/>\n\t\t\t\t\t\t\t<\/a>\n\t\t<\/div>\n\t<\/div>\n\t\n\t\t\n \t\t\n\t<div id=\"ngg-image-1627\" class=\"ngg-gallery-thumbnail-box\"  >\n\t\t<div class=\"ngg-gallery-thumbnail\" >\n\t\t\t<a href=\"https:\/\/irland-reise-tipps.de\/de\/wp-content\/gallery\/fitzgeralds-woodlands-house-hotel\/8.jpg\" title=\" \" rel=\"lightbox[set_143]\" >\n\t\t\t\t\t\t\t\t<img loading=\"lazy\" decoding=\"async\" title=\"8\" alt=\"8\" src=\"https:\/\/irland-reise-tipps.de\/de\/wp-content\/gallery\/fitzgeralds-woodlands-house-hotel\/thumbs\/thumbs_8.jpg\" width=\"100\" height=\"75\" \/>\n\t\t\t\t\t\t\t<\/a>\n\t\t<\/div>\n\t<\/div>\n\t\n\t\t\n \t\t\n\t<div id=\"ngg-image-1628\" class=\"ngg-gallery-thumbnail-box\"  >\n\t\t<div class=\"ngg-gallery-thumbnail\" >\n\t\t\t<a href=\"https:\/\/irland-reise-tipps.de\/de\/wp-content\/gallery\/fitzgeralds-woodlands-house-hotel\/bedroom-1.jpg\" title=\" \" rel=\"lightbox[set_143]\" >\n\t\t\t\t\t\t\t\t<img loading=\"lazy\" decoding=\"async\" title=\"bedroom-1\" alt=\"bedroom-1\" src=\"https:\/\/irland-reise-tipps.de\/de\/wp-content\/gallery\/fitzgeralds-woodlands-house-hotel\/thumbs\/thumbs_bedroom-1.jpg\" width=\"100\" height=\"75\" \/>\n\t\t\t\t\t\t\t<\/a>\n\t\t<\/div>\n\t<\/div>\n\t\n\t\t\n \t\t\n\t<div id=\"ngg-image-1629\" class=\"ngg-gallery-thumbnail-box\"  >\n\t\t<div class=\"ngg-gallery-thumbnail\" >\n\t\t\t<a href=\"https:\/\/irland-reise-tipps.de\/de\/wp-content\/gallery\/fitzgeralds-woodlands-house-hotel\/bedroom-2.jpg\" title=\" \" rel=\"lightbox[set_143]\" >\n\t\t\t\t\t\t\t\t<img loading=\"lazy\" decoding=\"async\" title=\"bedroom-2\" alt=\"bedroom-2\" src=\"https:\/\/irland-reise-tipps.de\/de\/wp-content\/gallery\/fitzgeralds-woodlands-house-hotel\/thumbs\/thumbs_bedroom-2.jpg\" width=\"100\" height=\"75\" \/>\n\t\t\t\t\t\t\t<\/a>\n\t\t<\/div>\n\t<\/div>\n\t\n\t\t\n \t\t\n\t<div id=\"ngg-image-1630\" class=\"ngg-gallery-thumbnail-box\"  >\n\t\t<div class=\"ngg-gallery-thumbnail\" >\n\t\t\t<a href=\"https:\/\/irland-reise-tipps.de\/de\/wp-content\/gallery\/fitzgeralds-woodlands-house-hotel\/bridal-panorama.jpg\" title=\" \" rel=\"lightbox[set_143]\" >\n\t\t\t\t\t\t\t\t<img loading=\"lazy\" decoding=\"async\" title=\"bridal-panorama\" alt=\"bridal-panorama\" src=\"https:\/\/irland-reise-tipps.de\/de\/wp-content\/gallery\/fitzgeralds-woodlands-house-hotel\/thumbs\/thumbs_bridal-panorama.jpg\" width=\"100\" height=\"75\" \/>\n\t\t\t\t\t\t\t<\/a>\n\t\t<\/div>\n\t<\/div>\n\t\n\t\t\n \t\t\n\t<div id=\"ngg-image-1631\" class=\"ngg-gallery-thumbnail-box\"  >\n\t\t<div class=\"ngg-gallery-thumbnail\" >\n\t\t\t<a href=\"https:\/\/irland-reise-tipps.de\/de\/wp-content\/gallery\/fitzgeralds-woodlands-house-hotel\/entrance-1-final.jpg\" title=\" \" rel=\"lightbox[set_143]\" >\n\t\t\t\t\t\t\t\t<img loading=\"lazy\" decoding=\"async\" title=\"entrance-1-final\" alt=\"entrance-1-final\" src=\"https:\/\/irland-reise-tipps.de\/de\/wp-content\/gallery\/fitzgeralds-woodlands-house-hotel\/thumbs\/thumbs_entrance-1-final.jpg\" width=\"100\" height=\"75\" \/>\n\t\t\t\t\t\t\t<\/a>\n\t\t<\/div>\n\t<\/div>\n\t\n\t\t\n \t\t\n\t<div id=\"ngg-image-1632\" class=\"ngg-gallery-thumbnail-box\"  >\n\t\t<div class=\"ngg-gallery-thumbnail\" >\n\t\t\t<a href=\"https:\/\/irland-reise-tipps.de\/de\/wp-content\/gallery\/fitzgeralds-woodlands-house-hotel\/fieldings-revised.jpg\" title=\" \" rel=\"lightbox[set_143]\" >\n\t\t\t\t\t\t\t\t<img loading=\"lazy\" decoding=\"async\" title=\"fieldings-revised\" alt=\"fieldings-revised\" src=\"https:\/\/irland-reise-tipps.de\/de\/wp-content\/gallery\/fitzgeralds-woodlands-house-hotel\/thumbs\/thumbs_fieldings-revised.jpg\" width=\"100\" height=\"75\" \/>\n\t\t\t\t\t\t\t<\/a>\n\t\t<\/div>\n\t<\/div>\n\t\n\t\t\n \t\t\n\t<div id=\"ngg-image-1633\" class=\"ngg-gallery-thumbnail-box\"  >\n\t\t<div class=\"ngg-gallery-thumbnail\" >\n\t\t\t<a href=\"https:\/\/irland-reise-tipps.de\/de\/wp-content\/gallery\/fitzgeralds-woodlands-house-hotel\/kenn8502.jpg\" title=\" \" rel=\"lightbox[set_143]\" >\n\t\t\t\t\t\t\t\t<img loading=\"lazy\" decoding=\"async\" title=\"kenn8502\" alt=\"kenn8502\" src=\"https:\/\/irland-reise-tipps.de\/de\/wp-content\/gallery\/fitzgeralds-woodlands-house-hotel\/thumbs\/thumbs_kenn8502.jpg\" width=\"100\" height=\"75\" \/>\n\t\t\t\t\t\t\t<\/a>\n\t\t<\/div>\n\t<\/div>\n\t\n\t\t\n \t\t\n\t<div id=\"ngg-image-1634\" class=\"ngg-gallery-thumbnail-box\"  >\n\t\t<div class=\"ngg-gallery-thumbnail\" >\n\t\t\t<a href=\"https:\/\/irland-reise-tipps.de\/de\/wp-content\/gallery\/fitzgeralds-woodlands-house-hotel\/pool-panorama.jpg\" title=\" \" rel=\"lightbox[set_143]\" >\n\t\t\t\t\t\t\t\t<img loading=\"lazy\" decoding=\"async\" title=\"pool-panorama\" alt=\"pool-panorama\" src=\"https:\/\/irland-reise-tipps.de\/de\/wp-content\/gallery\/fitzgeralds-woodlands-house-hotel\/thumbs\/thumbs_pool-panorama.jpg\" width=\"100\" height=\"75\" \/>\n\t\t\t\t\t\t\t<\/a>\n\t\t<\/div>\n\t<\/div>\n\t\n\t\t\n \t\t\n\t<div id=\"ngg-image-1635\" class=\"ngg-gallery-thumbnail-box\"  >\n\t\t<div class=\"ngg-gallery-thumbnail\" >\n\t\t\t<a href=\"https:\/\/irland-reise-tipps.de\/de\/wp-content\/gallery\/fitzgeralds-woodlands-house-hotel\/pool-panorama2.jpg\" title=\" \" rel=\"lightbox[set_143]\" >\n\t\t\t\t\t\t\t\t<img loading=\"lazy\" decoding=\"async\" title=\"pool-panorama2\" alt=\"pool-panorama2\" src=\"https:\/\/irland-reise-tipps.de\/de\/wp-content\/gallery\/fitzgeralds-woodlands-house-hotel\/thumbs\/thumbs_pool-panorama2.jpg\" width=\"100\" height=\"75\" \/>\n\t\t\t\t\t\t\t<\/a>\n\t\t<\/div>\n\t<\/div>\n\t\n\t\t\n \t\t\n\t<div id=\"ngg-image-1636\" class=\"ngg-gallery-thumbnail-box\"  >\n\t\t<div class=\"ngg-gallery-thumbnail\" >\n\t\t\t<a href=\"https:\/\/irland-reise-tipps.de\/de\/wp-content\/gallery\/fitzgeralds-woodlands-house-hotel\/suite-panorama.jpg\" title=\" \" rel=\"lightbox[set_143]\" >\n\t\t\t\t\t\t\t\t<img loading=\"lazy\" decoding=\"async\" title=\"suite-panorama\" alt=\"suite-panorama\" src=\"https:\/\/irland-reise-tipps.de\/de\/wp-content\/gallery\/fitzgeralds-woodlands-house-hotel\/thumbs\/thumbs_suite-panorama.jpg\" width=\"100\" height=\"75\" \/>\n\t\t\t\t\t\t\t<\/a>\n\t\t<\/div>\n\t<\/div>\n\t\n\t\t\n \t\t\n\t<div id=\"ngg-image-1637\" class=\"ngg-gallery-thumbnail-box\"  >\n\t\t<div class=\"ngg-gallery-thumbnail\" >\n\t\t\t<a href=\"https:\/\/irland-reise-tipps.de\/de\/wp-content\/gallery\/fitzgeralds-woodlands-house-hotel\/woodlands-bedroom-2.jpg\" title=\" \" rel=\"lightbox[set_143]\" >\n\t\t\t\t\t\t\t\t<img loading=\"lazy\" decoding=\"async\" title=\"woodlands-bedroom-2\" alt=\"woodlands-bedroom-2\" src=\"https:\/\/irland-reise-tipps.de\/de\/wp-content\/gallery\/fitzgeralds-woodlands-house-hotel\/thumbs\/thumbs_woodlands-bedroom-2.jpg\" width=\"100\" height=\"75\" \/>\n\t\t\t\t\t\t\t<\/a>\n\t\t<\/div>\n\t<\/div>\n\t\n\t\t\n \t\t\n\t<div id=\"ngg-image-1638\" class=\"ngg-gallery-thumbnail-box\"  >\n\t\t<div class=\"ngg-gallery-thumbnail\" >\n\t\t\t<a href=\"https:\/\/irland-reise-tipps.de\/de\/wp-content\/gallery\/fitzgeralds-woodlands-house-hotel\/woodlands-bedroom-twin.jpg\" title=\" \" rel=\"lightbox[set_143]\" >\n\t\t\t\t\t\t\t\t<img loading=\"lazy\" decoding=\"async\" title=\"woodlands-bedroom-twin\" alt=\"woodlands-bedroom-twin\" src=\"https:\/\/irland-reise-tipps.de\/de\/wp-content\/gallery\/fitzgeralds-woodlands-house-hotel\/thumbs\/thumbs_woodlands-bedroom-twin.jpg\" width=\"100\" height=\"75\" \/>\n\t\t\t\t\t\t\t<\/a>\n\t\t<\/div>\n\t<\/div>\n\t\n\t\t\n \t\t\n\t<div id=\"ngg-image-1639\" class=\"ngg-gallery-thumbnail-box\"  >\n\t\t<div class=\"ngg-gallery-thumbnail\" >\n\t\t\t<a href=\"https:\/\/irland-reise-tipps.de\/de\/wp-content\/gallery\/fitzgeralds-woodlands-house-hotel\/woodlands-bridal-suite-b.jpg\" title=\" \" rel=\"lightbox[set_143]\" >\n\t\t\t\t\t\t\t\t<img loading=\"lazy\" decoding=\"async\" title=\"woodlands-bridal-suite-b\" alt=\"woodlands-bridal-suite-b\" src=\"https:\/\/irland-reise-tipps.de\/de\/wp-content\/gallery\/fitzgeralds-woodlands-house-hotel\/thumbs\/thumbs_woodlands-bridal-suite-b.jpg\" width=\"100\" height=\"75\" \/>\n\t\t\t\t\t\t\t<\/a>\n\t\t<\/div>\n\t<\/div>\n\t\n\t\t\n \t\t\n\t<div id=\"ngg-image-1640\" class=\"ngg-gallery-thumbnail-box\"  >\n\t\t<div class=\"ngg-gallery-thumbnail\" >\n\t\t\t<a href=\"https:\/\/irland-reise-tipps.de\/de\/wp-content\/gallery\/fitzgeralds-woodlands-house-hotel\/woodlands-lobby-panorama.jpg\" title=\" \" rel=\"lightbox[set_143]\" >\n\t\t\t\t\t\t\t\t<img loading=\"lazy\" decoding=\"async\" title=\"woodlands-lobby-panorama\" alt=\"woodlands-lobby-panorama\" src=\"https:\/\/irland-reise-tipps.de\/de\/wp-content\/gallery\/fitzgeralds-woodlands-house-hotel\/thumbs\/thumbs_woodlands-lobby-panorama.jpg\" width=\"100\" height=\"75\" \/>\n\t\t\t\t\t\t\t<\/a>\n\t\t<\/div>\n\t<\/div>\n\t\n\t\t\n \t\t\n\t<div id=\"ngg-image-1641\" class=\"ngg-gallery-thumbnail-box\"  >\n\t\t<div class=\"ngg-gallery-thumbnail\" >\n\t\t\t<a href=\"https:\/\/irland-reise-tipps.de\/de\/wp-content\/gallery\/fitzgeralds-woodlands-house-hotel\/woodlands-revas-external-2010.jpg\" title=\" \" rel=\"lightbox[set_143]\" >\n\t\t\t\t\t\t\t\t<img loading=\"lazy\" decoding=\"async\" title=\"woodlands-revas-external-2010\" alt=\"woodlands-revas-external-2010\" src=\"https:\/\/irland-reise-tipps.de\/de\/wp-content\/gallery\/fitzgeralds-woodlands-house-hotel\/thumbs\/thumbs_woodlands-revas-external-2010.jpg\" width=\"100\" height=\"75\" \/>\n\t\t\t\t\t\t\t<\/a>\n\t\t<\/div>\n\t<\/div>\n\t\n\t\t\n \t \t\n\t<!-- Pagination -->\n \t<div class=\"ngg-clear\"><\/div> \t\n<\/div>\n\n\n<h4 style=\"text-align: left;\">Beschreibung<\/h4>\n<p><strong>Herzlich Willkommen im Fitzgeralds Woodlands House Hotel!<\/strong><\/p>\n<p>Das Fitzgeralds Woodlands House Hotel in Adare ist ein familien gef\u00fchrtes Hotel, das herzliche Gastfreundlichkeit und fantastische Einrichtungen bietet.<\/p>\n<p>&nbsp;<\/p>\n<p>Was G\u00e4ste am Fitzgeralds Woodlands House Hotel in Adare wertsch\u00e4tzen:<\/p>\n<p>&#8211; seine Lage &#8211; lediglich 30 Minutenvom Shannon Airport entfernt<\/p>\n<p>&#8211; das Timmy Mac&#8217;s Bistro &#8211; hervorragendestraditionellirisches Essen<\/p>\n<p>&#8211; das erstklassige Brennan Room Restaurant<\/p>\n<p>&#8211; gem\u00fctliche und komfortableBettenmitBettw\u00e4scheausG\u00e4nsedaunen<\/p>\n<p>&#8211; Freizeitclubmiteinem 20 m langenSwimmingpool, Kinderbecken und Fitnesscenter<\/p>\n<p>&#8211; Reva&#8217;s Spa &amp;Haarsalon<\/p>\n<p>&#8211; Woody&#8217;s Freizeitclubf\u00fcr Kinder<\/p>\n<p>&nbsp;<\/p>\n<p>Wir freuen uns auf Ihren Besuch!<\/p>\n<h4>Lage des Hotels und Sehensw\u00fcrdigkeiten in der N\u00e4he<\/h4>\n<p>[google-map-v3 shortcodeid=&#8220;5375eaed&#8220; width=&#8220;600&#8243; height=&#8220;400&#8243; zoom=&#8220;12&#8243; maptype=&#8220;roadmap&#8220; mapalign=&#8220;center&#8220; directionhint=&#8220;false&#8220; language=&#8220;default&#8220; poweredby=&#8220;false&#8220; maptypecontrol=&#8220;true&#8220; pancontrol=&#8220;true&#8220; zoomcontrol=&#8220;true&#8220; scalecontrol=&#8220;true&#8220; streetviewcontrol=&#8220;true&#8220; scrollwheelcontrol=&#8220;false&#8220; draggable=&#8220;true&#8220; tiltfourtyfive=&#8220;false&#8220; enablegeolocationmarker=&#8220;false&#8220; addmarkermashup=&#8220;false&#8220; addmarkermashupbubble=&#8220;false&#8220; addmarkerlist=&#8220;52.563205, -8.765416{}lodging_0star.png{}Fitzgerald Woodlands House Hotell&#8220; bubbleautopan=&#8220;true&#8220; distanceunits=&#8220;miles&#8220; showbike=&#8220;false&#8220; showtraffic=&#8220;false&#8220; showpanoramio=&#8220;false&#8220;]<\/p>\n","protected":false},"excerpt":{"rendered":"<p>Kontakt Details Fitzgeralds Woodlands House Hotel Knockanes, Adare Co. Limerick. Telephone:+353 1 2958900 Email:\u00a0fitzgeralds@irishcountryhotels.com Homepage: http:\/\/irishcountryhotels.com\/de\/hotels\/fitzgeralds-woodlands-house-hotel\/ Beschreibung Herzlich Willkommen im Fitzgeralds Woodlands House Hotel! Das Fitzgeralds Woodlands House Hotel in Adare ist ein familien gef\u00fchrtes Hotel, das herzliche Gastfreundlichkeit und<span class=\"ellipsis\">&hellip;<\/span><\/p>\n<div class=\"read-more\"><a href=\"https:\/\/irland-reise-tipps.de\/de\/unterkunft\/hotels-in-limerick\/fitzgeralds-vienna-woods-hotel\/\">Weiterlesen &#8250;<\/a><\/div>\n<p><!-- end of .read-more --><\/p>\n","protected":false},"author":11,"featured_media":0,"parent":3067,"menu_order":0,"comment_status":"closed","ping_status":"closed","template":"","meta":{"footnotes":""},"class_list":["post-3413","page","type-page","status-publish","hentry"],"yoast_head":"<!-- This site is optimized with the Yoast SEO plugin v21.2 - https:\/\/yoast.com\/wordpress\/plugins\/seo\/ -->\n<title>Fitzgeralds Woodland House Hotel - Irland Reise Tipps<\/title>\n<meta name=\"description\" content=\"Gemeinsam die gr\u00fcne Insel Irland entdecken. Wir haben ausgew\u00e4hlte Veranstaltungen, Unterk\u00fcnfte und Touren mit den Highlights Irlands zusammengestellt.\" \/>\n<meta name=\"robots\" content=\"index, follow, max-snippet:-1, max-image-preview:large, max-video-preview:-1\" \/>\n<link rel=\"canonical\" href=\"https:\/\/irland-reise-tipps.de\/de\/unterkunft\/hotels-in-limerick\/fitzgeralds-vienna-woods-hotel\/\" \/>\n<meta property=\"og:locale\" content=\"de_DE\" \/>\n<meta property=\"og:type\" content=\"article\" \/>\n<meta property=\"og:title\" content=\"Fitzgeralds Woodland House Hotel - Irland Reise Tipps\" \/>\n<meta property=\"og:description\" content=\"Gemeinsam die gr\u00fcne Insel Irland entdecken. Wir haben ausgew\u00e4hlte Veranstaltungen, Unterk\u00fcnfte und Touren mit den Highlights Irlands zusammengestellt.\" \/>\n<meta property=\"og:url\" content=\"https:\/\/irland-reise-tipps.de\/de\/unterkunft\/hotels-in-limerick\/fitzgeralds-vienna-woods-hotel\/\" \/>\n<meta property=\"og:site_name\" content=\"Irland Reise Tipps\" \/>\n<meta property=\"article:modified_time\" content=\"2014-04-25T10:21:26+00:00\" \/>\n<meta name=\"twitter:label1\" content=\"Gesch\u00e4tzte Lesezeit\" \/>\n\t<meta name=\"twitter:data1\" content=\"1\u00a0Minute\" \/>\n<script type=\"application\/ld+json\" class=\"yoast-schema-graph\">{\"@context\":\"https:\/\/schema.org\",\"@graph\":[{\"@type\":\"WebPage\",\"@id\":\"https:\/\/irland-reise-tipps.de\/de\/unterkunft\/hotels-in-limerick\/fitzgeralds-vienna-woods-hotel\/\",\"url\":\"https:\/\/irland-reise-tipps.de\/de\/unterkunft\/hotels-in-limerick\/fitzgeralds-vienna-woods-hotel\/\",\"name\":\"Fitzgeralds Woodland House Hotel - Irland Reise Tipps\",\"isPartOf\":{\"@id\":\"https:\/\/irland-reise-tipps.de\/de\/#website\"},\"datePublished\":\"2014-04-25T10:20:32+00:00\",\"dateModified\":\"2014-04-25T10:21:26+00:00\",\"description\":\"Gemeinsam die gr\u00fcne Insel Irland entdecken. Wir haben ausgew\u00e4hlte Veranstaltungen, Unterk\u00fcnfte und Touren mit den Highlights Irlands zusammengestellt.\",\"breadcrumb\":{\"@id\":\"https:\/\/irland-reise-tipps.de\/de\/unterkunft\/hotels-in-limerick\/fitzgeralds-vienna-woods-hotel\/#breadcrumb\"},\"inLanguage\":\"de\",\"potentialAction\":[{\"@type\":\"ReadAction\",\"target\":[\"https:\/\/irland-reise-tipps.de\/de\/unterkunft\/hotels-in-limerick\/fitzgeralds-vienna-woods-hotel\/\"]}]},{\"@type\":\"BreadcrumbList\",\"@id\":\"https:\/\/irland-reise-tipps.de\/de\/unterkunft\/hotels-in-limerick\/fitzgeralds-vienna-woods-hotel\/#breadcrumb\",\"itemListElement\":[{\"@type\":\"ListItem\",\"position\":1,\"name\":\"Home\",\"item\":\"https:\/\/irland-reise-tipps.de\/de\/\"},{\"@type\":\"ListItem\",\"position\":2,\"name\":\"Unterkunft\",\"item\":\"https:\/\/irland-reise-tipps.de\/de\/unterkunft\/\"},{\"@type\":\"ListItem\",\"position\":3,\"name\":\"Hotels in Limerick\",\"item\":\"https:\/\/irland-reise-tipps.de\/de\/unterkunft\/hotels-in-limerick\/\"},{\"@type\":\"ListItem\",\"position\":4,\"name\":\"Fitzgeralds Woodland House Hotel\"}]},{\"@type\":\"WebSite\",\"@id\":\"https:\/\/irland-reise-tipps.de\/de\/#website\",\"url\":\"https:\/\/irland-reise-tipps.de\/de\/\",\"name\":\"Irland Reise Tipps\",\"description\":\"Gemeinsam die gr\u00fcne Insel entdecken\",\"potentialAction\":[{\"@type\":\"SearchAction\",\"target\":{\"@type\":\"EntryPoint\",\"urlTemplate\":\"https:\/\/irland-reise-tipps.de\/de\/?s={search_term_string}\"},\"query-input\":\"required name=search_term_string\"}],\"inLanguage\":\"de\"}]}<\/script>\n<!-- \/ Yoast SEO plugin. -->","yoast_head_json":{"title":"Fitzgeralds Woodland House Hotel - Irland Reise Tipps","description":"Gemeinsam die gr\u00fcne Insel Irland entdecken. Wir haben ausgew\u00e4hlte Veranstaltungen, Unterk\u00fcnfte und Touren mit den Highlights Irlands zusammengestellt.","robots":{"index":"index","follow":"follow","max-snippet":"max-snippet:-1","max-image-preview":"max-image-preview:large","max-video-preview":"max-video-preview:-1"},"canonical":"https:\/\/irland-reise-tipps.de\/de\/unterkunft\/hotels-in-limerick\/fitzgeralds-vienna-woods-hotel\/","og_locale":"de_DE","og_type":"article","og_title":"Fitzgeralds Woodland House Hotel - Irland Reise Tipps","og_description":"Gemeinsam die gr\u00fcne Insel Irland entdecken. Wir haben ausgew\u00e4hlte Veranstaltungen, Unterk\u00fcnfte und Touren mit den Highlights Irlands zusammengestellt.","og_url":"https:\/\/irland-reise-tipps.de\/de\/unterkunft\/hotels-in-limerick\/fitzgeralds-vienna-woods-hotel\/","og_site_name":"Irland Reise Tipps","article_modified_time":"2014-04-25T10:21:26+00:00","twitter_misc":{"Gesch\u00e4tzte Lesezeit":"1\u00a0Minute"},"schema":{"@context":"https:\/\/schema.org","@graph":[{"@type":"WebPage","@id":"https:\/\/irland-reise-tipps.de\/de\/unterkunft\/hotels-in-limerick\/fitzgeralds-vienna-woods-hotel\/","url":"https:\/\/irland-reise-tipps.de\/de\/unterkunft\/hotels-in-limerick\/fitzgeralds-vienna-woods-hotel\/","name":"Fitzgeralds Woodland House Hotel - Irland Reise Tipps","isPartOf":{"@id":"https:\/\/irland-reise-tipps.de\/de\/#website"},"datePublished":"2014-04-25T10:20:32+00:00","dateModified":"2014-04-25T10:21:26+00:00","description":"Gemeinsam die gr\u00fcne Insel Irland entdecken. Wir haben ausgew\u00e4hlte Veranstaltungen, Unterk\u00fcnfte und Touren mit den Highlights Irlands zusammengestellt.","breadcrumb":{"@id":"https:\/\/irland-reise-tipps.de\/de\/unterkunft\/hotels-in-limerick\/fitzgeralds-vienna-woods-hotel\/#breadcrumb"},"inLanguage":"de","potentialAction":[{"@type":"ReadAction","target":["https:\/\/irland-reise-tipps.de\/de\/unterkunft\/hotels-in-limerick\/fitzgeralds-vienna-woods-hotel\/"]}]},{"@type":"BreadcrumbList","@id":"https:\/\/irland-reise-tipps.de\/de\/unterkunft\/hotels-in-limerick\/fitzgeralds-vienna-woods-hotel\/#breadcrumb","itemListElement":[{"@type":"ListItem","position":1,"name":"Home","item":"https:\/\/irland-reise-tipps.de\/de\/"},{"@type":"ListItem","position":2,"name":"Unterkunft","item":"https:\/\/irland-reise-tipps.de\/de\/unterkunft\/"},{"@type":"ListItem","position":3,"name":"Hotels in Limerick","item":"https:\/\/irland-reise-tipps.de\/de\/unterkunft\/hotels-in-limerick\/"},{"@type":"ListItem","position":4,"name":"Fitzgeralds Woodland House Hotel"}]},{"@type":"WebSite","@id":"https:\/\/irland-reise-tipps.de\/de\/#website","url":"https:\/\/irland-reise-tipps.de\/de\/","name":"Irland Reise Tipps","description":"Gemeinsam die gr\u00fcne Insel entdecken","potentialAction":[{"@type":"SearchAction","target":{"@type":"EntryPoint","urlTemplate":"https:\/\/irland-reise-tipps.de\/de\/?s={search_term_string}"},"query-input":"required name=search_term_string"}],"inLanguage":"de"}]}},"_links":{"self":[{"href":"https:\/\/irland-reise-tipps.de\/de\/wp-json\/wp\/v2\/pages\/3413","targetHints":{"allow":["GET"]}}],"collection":[{"href":"https:\/\/irland-reise-tipps.de\/de\/wp-json\/wp\/v2\/pages"}],"about":[{"href":"https:\/\/irland-reise-tipps.de\/de\/wp-json\/wp\/v2\/types\/page"}],"author":[{"embeddable":true,"href":"https:\/\/irland-reise-tipps.de\/de\/wp-json\/wp\/v2\/users\/11"}],"replies":[{"embeddable":true,"href":"https:\/\/irland-reise-tipps.de\/de\/wp-json\/wp\/v2\/comments?post=3413"}],"version-history":[{"count":4,"href":"https:\/\/irland-reise-tipps.de\/de\/wp-json\/wp\/v2\/pages\/3413\/revisions"}],"predecessor-version":[{"id":3417,"href":"https:\/\/irland-reise-tipps.de\/de\/wp-json\/wp\/v2\/pages\/3413\/revisions\/3417"}],"up":[{"embeddable":true,"href":"https:\/\/irland-reise-tipps.de\/de\/wp-json\/wp\/v2\/pages\/3067"}],"wp:attachment":[{"href":"https:\/\/irland-reise-tipps.de\/de\/wp-json\/wp\/v2\/media?parent=3413"}],"curies":[{"name":"wp","href":"https:\/\/api.w.org\/{rel}","templated":true}]}}