{"id":3411,"date":"2014-04-25T12:15:30","date_gmt":"2014-04-25T10:15:30","guid":{"rendered":"http:\/\/irland-reise-tipps.de\/de\/?page_id=3411"},"modified":"2014-04-25T12:15:30","modified_gmt":"2014-04-25T10:15:30","slug":"fitzgeralds-vienna-woods-hotel","status":"publish","type":"page","link":"https:\/\/irland-reise-tipps.de\/de\/unterkunft\/hotels-in-cork\/fitzgeralds-vienna-woods-hotel\/","title":{"rendered":"Fitzgeralds Vienna Woods Hotel"},"content":{"rendered":"<h4>\n<a href=\"https:\/\/irland-reise-tipps.de\/de\/wp-content\/gallery\/fitzgeralds-vienna-woods\/1140-0001982-edit-hr.jpg\" title=\"\" rel=\"lightbox[singlepic1610]\" >\n\t<img decoding=\"async\" class=\"ngg-singlepic ngg-right\" src=\"https:\/\/irland-reise-tipps.de\/de\/wp-content\/gallery\/cache\/1610__150x150_1140-0001982-edit-hr.jpg\" alt=\"1140-0001982-edit-hr\" title=\"1140-0001982-edit-hr\" \/>\n<\/a>\n<\/h4>\n<h4>Kontakt Details<\/h4>\n<p>Fitzgeralds Vienna Woods Hotel:<\/p>\n<p>Glanmire<\/p>\n<p>Co. Cork.<\/p>\n<p><strong>Telephone:<\/strong> +353 1 2958900<br \/>\n<strong>Email:\u00a0<\/strong>viennawoods@irishcountryhotels.com<\/p>\n<p><strong>Homepage:<\/strong><a href=\"http:\/\/irishcountryhotels.com\/de\/hotels\/fitzgeralds-vienna-woods-hotel\/\" target=\"_blank\" rel=\"nofollow\">http:\/\/irishcountryhotels.com\/de\/hotels\/fitzgeralds-vienna-woods-hotel\/<\/a><\/p>\n\n<div class=\"ngg-galleryoverview\" id=\"ngg-gallery-142-3411\">\n\n\n\t\n\t<!-- Thumbnails -->\n\t\t\n\t<div id=\"ngg-image-1606\" class=\"ngg-gallery-thumbnail-box\"  >\n\t\t<div class=\"ngg-gallery-thumbnail\" >\n\t\t\t<a href=\"https:\/\/irland-reise-tipps.de\/de\/wp-content\/gallery\/fitzgeralds-vienna-woods\/1140-0001239-edit-hr.jpg\" title=\" \" rel=\"lightbox[set_142]\" >\n\t\t\t\t\t\t\t\t<img loading=\"lazy\" decoding=\"async\" title=\"1140-0001239-edit-hr\" alt=\"1140-0001239-edit-hr\" src=\"https:\/\/irland-reise-tipps.de\/de\/wp-content\/gallery\/fitzgeralds-vienna-woods\/thumbs\/thumbs_1140-0001239-edit-hr.jpg\" width=\"100\" height=\"75\" \/>\n\t\t\t\t\t\t\t<\/a>\n\t\t<\/div>\n\t<\/div>\n\t\n\t\t\n \t\t\n\t<div id=\"ngg-image-1607\" class=\"ngg-gallery-thumbnail-box\"  >\n\t\t<div class=\"ngg-gallery-thumbnail\" >\n\t\t\t<a href=\"https:\/\/irland-reise-tipps.de\/de\/wp-content\/gallery\/fitzgeralds-vienna-woods\/1140-0001281-edit-hr.jpg\" title=\" \" rel=\"lightbox[set_142]\" >\n\t\t\t\t\t\t\t\t<img loading=\"lazy\" decoding=\"async\" title=\"1140-0001281-edit-hr\" alt=\"1140-0001281-edit-hr\" src=\"https:\/\/irland-reise-tipps.de\/de\/wp-content\/gallery\/fitzgeralds-vienna-woods\/thumbs\/thumbs_1140-0001281-edit-hr.jpg\" width=\"100\" height=\"75\" \/>\n\t\t\t\t\t\t\t<\/a>\n\t\t<\/div>\n\t<\/div>\n\t\n\t\t\n \t\t\n\t<div id=\"ngg-image-1608\" class=\"ngg-gallery-thumbnail-box\"  >\n\t\t<div class=\"ngg-gallery-thumbnail\" >\n\t\t\t<a href=\"https:\/\/irland-reise-tipps.de\/de\/wp-content\/gallery\/fitzgeralds-vienna-woods\/1140-0001392-edit-hr.jpg\" title=\" \" rel=\"lightbox[set_142]\" >\n\t\t\t\t\t\t\t\t<img loading=\"lazy\" decoding=\"async\" title=\"1140-0001392-edit-hr\" alt=\"1140-0001392-edit-hr\" src=\"https:\/\/irland-reise-tipps.de\/de\/wp-content\/gallery\/fitzgeralds-vienna-woods\/thumbs\/thumbs_1140-0001392-edit-hr.jpg\" width=\"100\" height=\"75\" \/>\n\t\t\t\t\t\t\t<\/a>\n\t\t<\/div>\n\t<\/div>\n\t\n\t\t\n \t\t\n\t<div id=\"ngg-image-1609\" class=\"ngg-gallery-thumbnail-box\"  >\n\t\t<div class=\"ngg-gallery-thumbnail\" >\n\t\t\t<a href=\"https:\/\/irland-reise-tipps.de\/de\/wp-content\/gallery\/fitzgeralds-vienna-woods\/1140-0001898-edit-2-edit-hr.jpg\" title=\" \" rel=\"lightbox[set_142]\" >\n\t\t\t\t\t\t\t\t<img loading=\"lazy\" decoding=\"async\" title=\"1140-0001898-edit-2-edit-hr\" alt=\"1140-0001898-edit-2-edit-hr\" src=\"https:\/\/irland-reise-tipps.de\/de\/wp-content\/gallery\/fitzgeralds-vienna-woods\/thumbs\/thumbs_1140-0001898-edit-2-edit-hr.jpg\" width=\"100\" height=\"75\" \/>\n\t\t\t\t\t\t\t<\/a>\n\t\t<\/div>\n\t<\/div>\n\t\n\t\t\n \t\t\n\t<div id=\"ngg-image-1610\" class=\"ngg-gallery-thumbnail-box\"  >\n\t\t<div class=\"ngg-gallery-thumbnail\" >\n\t\t\t<a href=\"https:\/\/irland-reise-tipps.de\/de\/wp-content\/gallery\/fitzgeralds-vienna-woods\/1140-0001982-edit-hr.jpg\" title=\" \" rel=\"lightbox[set_142]\" >\n\t\t\t\t\t\t\t\t<img loading=\"lazy\" decoding=\"async\" title=\"1140-0001982-edit-hr\" alt=\"1140-0001982-edit-hr\" src=\"https:\/\/irland-reise-tipps.de\/de\/wp-content\/gallery\/fitzgeralds-vienna-woods\/thumbs\/thumbs_1140-0001982-edit-hr.jpg\" width=\"100\" height=\"75\" \/>\n\t\t\t\t\t\t\t<\/a>\n\t\t<\/div>\n\t<\/div>\n\t\n\t\t\n \t\t\n\t<div id=\"ngg-image-1611\" class=\"ngg-gallery-thumbnail-box\"  >\n\t\t<div class=\"ngg-gallery-thumbnail\" >\n\t\t\t<a href=\"https:\/\/irland-reise-tipps.de\/de\/wp-content\/gallery\/fitzgeralds-vienna-woods\/1162-0002629-edit-hr.jpg\" title=\" \" rel=\"lightbox[set_142]\" >\n\t\t\t\t\t\t\t\t<img loading=\"lazy\" decoding=\"async\" title=\"1162-0002629-edit-hr\" alt=\"1162-0002629-edit-hr\" src=\"https:\/\/irland-reise-tipps.de\/de\/wp-content\/gallery\/fitzgeralds-vienna-woods\/thumbs\/thumbs_1162-0002629-edit-hr.jpg\" width=\"100\" height=\"75\" \/>\n\t\t\t\t\t\t\t<\/a>\n\t\t<\/div>\n\t<\/div>\n\t\n\t\t\n \t\t\n\t<div id=\"ngg-image-1612\" class=\"ngg-gallery-thumbnail-box\"  >\n\t\t<div class=\"ngg-gallery-thumbnail\" >\n\t\t\t<a href=\"https:\/\/irland-reise-tipps.de\/de\/wp-content\/gallery\/fitzgeralds-vienna-woods\/1162-0002645-edit-hr.jpg\" title=\" \" rel=\"lightbox[set_142]\" >\n\t\t\t\t\t\t\t\t<img loading=\"lazy\" decoding=\"async\" title=\"1162-0002645-edit-hr\" alt=\"1162-0002645-edit-hr\" src=\"https:\/\/irland-reise-tipps.de\/de\/wp-content\/gallery\/fitzgeralds-vienna-woods\/thumbs\/thumbs_1162-0002645-edit-hr.jpg\" width=\"100\" height=\"75\" \/>\n\t\t\t\t\t\t\t<\/a>\n\t\t<\/div>\n\t<\/div>\n\t\n\t\t\n \t\t\n\t<div id=\"ngg-image-1613\" class=\"ngg-gallery-thumbnail-box\"  >\n\t\t<div class=\"ngg-gallery-thumbnail\" >\n\t\t\t<a href=\"https:\/\/irland-reise-tipps.de\/de\/wp-content\/gallery\/fitzgeralds-vienna-woods\/bedroom.jpg\" title=\" \" rel=\"lightbox[set_142]\" >\n\t\t\t\t\t\t\t\t<img loading=\"lazy\" decoding=\"async\" title=\"bedroom\" alt=\"bedroom\" src=\"https:\/\/irland-reise-tipps.de\/de\/wp-content\/gallery\/fitzgeralds-vienna-woods\/thumbs\/thumbs_bedroom.jpg\" width=\"100\" height=\"75\" \/>\n\t\t\t\t\t\t\t<\/a>\n\t\t<\/div>\n\t<\/div>\n\t\n\t\t\n \t\t\n\t<div id=\"ngg-image-1614\" class=\"ngg-gallery-thumbnail-box\"  >\n\t\t<div class=\"ngg-gallery-thumbnail\" >\n\t\t\t<a href=\"https:\/\/irland-reise-tipps.de\/de\/wp-content\/gallery\/fitzgeralds-vienna-woods\/double-bedroom.jpg\" title=\" \" rel=\"lightbox[set_142]\" >\n\t\t\t\t\t\t\t\t<img loading=\"lazy\" decoding=\"async\" title=\"double-bedroom\" alt=\"double-bedroom\" src=\"https:\/\/irland-reise-tipps.de\/de\/wp-content\/gallery\/fitzgeralds-vienna-woods\/thumbs\/thumbs_double-bedroom.jpg\" width=\"100\" height=\"75\" \/>\n\t\t\t\t\t\t\t<\/a>\n\t\t<\/div>\n\t<\/div>\n\t\n\t\t\n \t\t\n\t<div id=\"ngg-image-1615\" class=\"ngg-gallery-thumbnail-box\"  >\n\t\t<div class=\"ngg-gallery-thumbnail\" >\n\t\t\t<a href=\"https:\/\/irland-reise-tipps.de\/de\/wp-content\/gallery\/fitzgeralds-vienna-woods\/dscf0336.jpg\" title=\" \" rel=\"lightbox[set_142]\" >\n\t\t\t\t\t\t\t\t<img loading=\"lazy\" decoding=\"async\" title=\"dscf0336\" alt=\"dscf0336\" src=\"https:\/\/irland-reise-tipps.de\/de\/wp-content\/gallery\/fitzgeralds-vienna-woods\/thumbs\/thumbs_dscf0336.jpg\" width=\"100\" height=\"75\" \/>\n\t\t\t\t\t\t\t<\/a>\n\t\t<\/div>\n\t<\/div>\n\t\n\t\t\n \t\t\n\t<div id=\"ngg-image-1616\" class=\"ngg-gallery-thumbnail-box\"  >\n\t\t<div class=\"ngg-gallery-thumbnail\" >\n\t\t\t<a href=\"https:\/\/irland-reise-tipps.de\/de\/wp-content\/gallery\/fitzgeralds-vienna-woods\/fitzgeralds-vienna-bed.jpg\" title=\" \" rel=\"lightbox[set_142]\" >\n\t\t\t\t\t\t\t\t<img loading=\"lazy\" decoding=\"async\" title=\"fitzgeralds-vienna-bed\" alt=\"fitzgeralds-vienna-bed\" src=\"https:\/\/irland-reise-tipps.de\/de\/wp-content\/gallery\/fitzgeralds-vienna-woods\/thumbs\/thumbs_fitzgeralds-vienna-bed.jpg\" width=\"100\" height=\"75\" \/>\n\t\t\t\t\t\t\t<\/a>\n\t\t<\/div>\n\t<\/div>\n\t\n\t\t\n \t\t\n\t<div id=\"ngg-image-1617\" class=\"ngg-gallery-thumbnail-box\"  >\n\t\t<div class=\"ngg-gallery-thumbnail\" >\n\t\t\t<a href=\"https:\/\/irland-reise-tipps.de\/de\/wp-content\/gallery\/fitzgeralds-vienna-woods\/front-of-building-2.jpg\" title=\" \" rel=\"lightbox[set_142]\" >\n\t\t\t\t\t\t\t\t<img loading=\"lazy\" decoding=\"async\" title=\"front-of-building-2\" alt=\"front-of-building-2\" src=\"https:\/\/irland-reise-tipps.de\/de\/wp-content\/gallery\/fitzgeralds-vienna-woods\/thumbs\/thumbs_front-of-building-2.jpg\" width=\"100\" height=\"75\" \/>\n\t\t\t\t\t\t\t<\/a>\n\t\t<\/div>\n\t<\/div>\n\t\n\t\t\n \t\t\n\t<div id=\"ngg-image-1618\" class=\"ngg-gallery-thumbnail-box\"  >\n\t\t<div class=\"ngg-gallery-thumbnail\" >\n\t\t\t<a href=\"https:\/\/irland-reise-tipps.de\/de\/wp-content\/gallery\/fitzgeralds-vienna-woods\/front-of-building.jpg\" title=\" \" rel=\"lightbox[set_142]\" >\n\t\t\t\t\t\t\t\t<img loading=\"lazy\" decoding=\"async\" title=\"front-of-building\" alt=\"front-of-building\" src=\"https:\/\/irland-reise-tipps.de\/de\/wp-content\/gallery\/fitzgeralds-vienna-woods\/thumbs\/thumbs_front-of-building.jpg\" width=\"100\" height=\"75\" \/>\n\t\t\t\t\t\t\t<\/a>\n\t\t<\/div>\n\t<\/div>\n\t\n\t\t\n \t\t\n\t<div id=\"ngg-image-1619\" class=\"ngg-gallery-thumbnail-box\"  >\n\t\t<div class=\"ngg-gallery-thumbnail\" >\n\t\t\t<a href=\"https:\/\/irland-reise-tipps.de\/de\/wp-content\/gallery\/fitzgeralds-vienna-woods\/gallery-area-in-maybel-crawfords-restaurant-smaller.jpg\" title=\" \" rel=\"lightbox[set_142]\" >\n\t\t\t\t\t\t\t\t<img loading=\"lazy\" decoding=\"async\" title=\"gallery-area-in-maybel-crawfords-restaurant-smaller\" alt=\"gallery-area-in-maybel-crawfords-restaurant-smaller\" src=\"https:\/\/irland-reise-tipps.de\/de\/wp-content\/gallery\/fitzgeralds-vienna-woods\/thumbs\/thumbs_gallery-area-in-maybel-crawfords-restaurant-smaller.jpg\" width=\"100\" height=\"75\" \/>\n\t\t\t\t\t\t\t<\/a>\n\t\t<\/div>\n\t<\/div>\n\t\n\t\t\n \t\t\n\t<div id=\"ngg-image-1620\" class=\"ngg-gallery-thumbnail-box\"  >\n\t\t<div class=\"ngg-gallery-thumbnail\" >\n\t\t\t<a href=\"https:\/\/irland-reise-tipps.de\/de\/wp-content\/gallery\/fitzgeralds-vienna-woods\/lobby.jpg\" title=\" \" rel=\"lightbox[set_142]\" >\n\t\t\t\t\t\t\t\t<img loading=\"lazy\" decoding=\"async\" title=\"lobby\" alt=\"lobby\" src=\"https:\/\/irland-reise-tipps.de\/de\/wp-content\/gallery\/fitzgeralds-vienna-woods\/thumbs\/thumbs_lobby.jpg\" width=\"100\" height=\"75\" \/>\n\t\t\t\t\t\t\t<\/a>\n\t\t<\/div>\n\t<\/div>\n\t\n\t\t\n \t\t\n\t<div id=\"ngg-image-1621\" class=\"ngg-gallery-thumbnail-box\"  >\n\t\t<div class=\"ngg-gallery-thumbnail\" >\n\t\t\t<a href=\"https:\/\/irland-reise-tipps.de\/de\/wp-content\/gallery\/fitzgeralds-vienna-woods\/mabel-crawfords-bistro-2.jpg\" title=\" \" rel=\"lightbox[set_142]\" >\n\t\t\t\t\t\t\t\t<img loading=\"lazy\" decoding=\"async\" title=\"mabel-crawfords-bistro-2\" alt=\"mabel-crawfords-bistro-2\" src=\"https:\/\/irland-reise-tipps.de\/de\/wp-content\/gallery\/fitzgeralds-vienna-woods\/thumbs\/thumbs_mabel-crawfords-bistro-2.jpg\" width=\"100\" height=\"75\" \/>\n\t\t\t\t\t\t\t<\/a>\n\t\t<\/div>\n\t<\/div>\n\t\n\t\t\n \t \t\n\t<!-- Pagination -->\n \t<div class=\"ngg-clear\"><\/div> \t\n<\/div>\n\n\n<h4 style=\"text-align: left;\">Beschreibung<\/h4>\n<p><strong>Herzlich Willkommen im Fitzgeralds Vienna Woods Hotel!<\/strong><\/p>\n<p>Das Fitzgeralds Vienna Woods Hotel ist ein historische sLandhaushotel in der Stadt Cork, das vor 150 Jahrenerbautwurde. Bevor das Anwesenzum Hotel umgebautwurde, war es der Wohnsitz von Lord und Lady Crawford, Gr\u00fcnder der Beamish-Brauerei.<\/p>\n<p>Was G\u00e4ste am Fitzgeralds Vienna Woods Hotel wertsch\u00e4tzen:<\/p>\n<p>&#8211; g\u00fcnstigeLage &#8211; nur 7 GehminutenvomStadtzentrum Corks und 15 AutominutenvomFlughafen in Cork entfernt<\/p>\n<p>&#8211; das einzigartigeMaybelCrawfords Restaurant<\/p>\n<p>&#8211; luxuri\u00f6seFerien-Villas f\u00fcreinenverl\u00e4ngertenAufenthaltoderFamiliengruppen<\/p>\n<p>Wir freuen uns auf Ihren Besuch!<\/p>\n<h4>Lage des Hotels und Sehensw\u00fcrdigkeiten in der N\u00e4he<\/h4>\n<p>[google-map-v3 shortcodeid=&#8220;5375eaed&#8220; width=&#8220;600&#8243; height=&#8220;400&#8243; zoom=&#8220;12&#8243; maptype=&#8220;roadmap&#8220; mapalign=&#8220;center&#8220; directionhint=&#8220;false&#8220; language=&#8220;default&#8220; poweredby=&#8220;false&#8220; maptypecontrol=&#8220;true&#8220; pancontrol=&#8220;true&#8220; zoomcontrol=&#8220;true&#8220; scalecontrol=&#8220;true&#8220; streetviewcontrol=&#8220;true&#8220; scrollwheelcontrol=&#8220;false&#8220; draggable=&#8220;true&#8220; tiltfourtyfive=&#8220;false&#8220; enablegeolocationmarker=&#8220;false&#8220; addmarkermashup=&#8220;false&#8220; addmarkermashupbubble=&#8220;false&#8220; addmarkerlist=&#8220;51.912189, -8.403007{}lodging_0star.png{}Fitzgerald Vienna Woods Hotel&#8220; bubbleautopan=&#8220;true&#8220; distanceunits=&#8220;miles&#8220; showbike=&#8220;false&#8220; showtraffic=&#8220;false&#8220; showpanoramio=&#8220;false&#8220;]<\/p>\n","protected":false},"excerpt":{"rendered":"<p>Kontakt Details Fitzgeralds Vienna Woods Hotel: Glanmire Co. Cork. Telephone: +353 1 2958900 Email:\u00a0viennawoods@irishcountryhotels.com Homepage:http:\/\/irishcountryhotels.com\/de\/hotels\/fitzgeralds-vienna-woods-hotel\/ Beschreibung Herzlich Willkommen im Fitzgeralds Vienna Woods Hotel! Das Fitzgeralds Vienna Woods Hotel ist ein historische sLandhaushotel in der Stadt Cork, das vor 150 Jahrenerbautwurde.<span class=\"ellipsis\">&hellip;<\/span><\/p>\n<div class=\"read-more\"><a href=\"https:\/\/irland-reise-tipps.de\/de\/unterkunft\/hotels-in-cork\/fitzgeralds-vienna-woods-hotel\/\">Weiterlesen &#8250;<\/a><\/div>\n<p><!-- end of .read-more --><\/p>\n","protected":false},"author":11,"featured_media":0,"parent":1626,"menu_order":0,"comment_status":"closed","ping_status":"closed","template":"","meta":{"footnotes":""},"class_list":["post-3411","page","type-page","status-publish","hentry"],"yoast_head":"<!-- This site is optimized with the Yoast SEO plugin v21.2 - https:\/\/yoast.com\/wordpress\/plugins\/seo\/ -->\n<title>Fitzgeralds Vienna Woods Hotel - Irland Reise Tipps<\/title>\n<meta name=\"description\" content=\"Gemeinsam die gr\u00fcne Insel Irland entdecken. Wir haben ausgew\u00e4hlte Veranstaltungen, Unterk\u00fcnfte und Touren mit den Highlights Irlands zusammengestellt.\" \/>\n<meta name=\"robots\" content=\"index, follow, max-snippet:-1, max-image-preview:large, max-video-preview:-1\" \/>\n<link rel=\"canonical\" href=\"https:\/\/irland-reise-tipps.de\/de\/unterkunft\/hotels-in-cork\/fitzgeralds-vienna-woods-hotel\/\" \/>\n<meta property=\"og:locale\" content=\"de_DE\" \/>\n<meta property=\"og:type\" content=\"article\" \/>\n<meta property=\"og:title\" content=\"Fitzgeralds Vienna Woods Hotel - Irland Reise Tipps\" \/>\n<meta property=\"og:description\" content=\"Gemeinsam die gr\u00fcne Insel Irland entdecken. Wir haben ausgew\u00e4hlte Veranstaltungen, Unterk\u00fcnfte und Touren mit den Highlights Irlands zusammengestellt.\" \/>\n<meta property=\"og:url\" content=\"https:\/\/irland-reise-tipps.de\/de\/unterkunft\/hotels-in-cork\/fitzgeralds-vienna-woods-hotel\/\" \/>\n<meta property=\"og:site_name\" content=\"Irland Reise Tipps\" \/>\n<meta name=\"twitter:label1\" content=\"Gesch\u00e4tzte Lesezeit\" \/>\n\t<meta name=\"twitter:data1\" content=\"1\u00a0Minute\" \/>\n<script type=\"application\/ld+json\" class=\"yoast-schema-graph\">{\"@context\":\"https:\/\/schema.org\",\"@graph\":[{\"@type\":\"WebPage\",\"@id\":\"https:\/\/irland-reise-tipps.de\/de\/unterkunft\/hotels-in-cork\/fitzgeralds-vienna-woods-hotel\/\",\"url\":\"https:\/\/irland-reise-tipps.de\/de\/unterkunft\/hotels-in-cork\/fitzgeralds-vienna-woods-hotel\/\",\"name\":\"Fitzgeralds Vienna Woods Hotel - Irland Reise Tipps\",\"isPartOf\":{\"@id\":\"https:\/\/irland-reise-tipps.de\/de\/#website\"},\"datePublished\":\"2014-04-25T10:15:30+00:00\",\"dateModified\":\"2014-04-25T10:15:30+00:00\",\"description\":\"Gemeinsam die gr\u00fcne Insel Irland entdecken. Wir haben ausgew\u00e4hlte Veranstaltungen, Unterk\u00fcnfte und Touren mit den Highlights Irlands zusammengestellt.\",\"breadcrumb\":{\"@id\":\"https:\/\/irland-reise-tipps.de\/de\/unterkunft\/hotels-in-cork\/fitzgeralds-vienna-woods-hotel\/#breadcrumb\"},\"inLanguage\":\"de\",\"potentialAction\":[{\"@type\":\"ReadAction\",\"target\":[\"https:\/\/irland-reise-tipps.de\/de\/unterkunft\/hotels-in-cork\/fitzgeralds-vienna-woods-hotel\/\"]}]},{\"@type\":\"BreadcrumbList\",\"@id\":\"https:\/\/irland-reise-tipps.de\/de\/unterkunft\/hotels-in-cork\/fitzgeralds-vienna-woods-hotel\/#breadcrumb\",\"itemListElement\":[{\"@type\":\"ListItem\",\"position\":1,\"name\":\"Home\",\"item\":\"https:\/\/irland-reise-tipps.de\/de\/\"},{\"@type\":\"ListItem\",\"position\":2,\"name\":\"Unterkunft\",\"item\":\"https:\/\/irland-reise-tipps.de\/de\/unterkunft\/\"},{\"@type\":\"ListItem\",\"position\":3,\"name\":\"Hotels in Cork\",\"item\":\"https:\/\/irland-reise-tipps.de\/de\/unterkunft\/hotels-in-cork\/\"},{\"@type\":\"ListItem\",\"position\":4,\"name\":\"Fitzgeralds Vienna Woods Hotel\"}]},{\"@type\":\"WebSite\",\"@id\":\"https:\/\/irland-reise-tipps.de\/de\/#website\",\"url\":\"https:\/\/irland-reise-tipps.de\/de\/\",\"name\":\"Irland Reise Tipps\",\"description\":\"Gemeinsam die gr\u00fcne Insel entdecken\",\"potentialAction\":[{\"@type\":\"SearchAction\",\"target\":{\"@type\":\"EntryPoint\",\"urlTemplate\":\"https:\/\/irland-reise-tipps.de\/de\/?s={search_term_string}\"},\"query-input\":\"required name=search_term_string\"}],\"inLanguage\":\"de\"}]}<\/script>\n<!-- \/ Yoast SEO plugin. -->","yoast_head_json":{"title":"Fitzgeralds Vienna Woods Hotel - Irland Reise Tipps","description":"Gemeinsam die gr\u00fcne Insel Irland entdecken. Wir haben ausgew\u00e4hlte Veranstaltungen, Unterk\u00fcnfte und Touren mit den Highlights Irlands zusammengestellt.","robots":{"index":"index","follow":"follow","max-snippet":"max-snippet:-1","max-image-preview":"max-image-preview:large","max-video-preview":"max-video-preview:-1"},"canonical":"https:\/\/irland-reise-tipps.de\/de\/unterkunft\/hotels-in-cork\/fitzgeralds-vienna-woods-hotel\/","og_locale":"de_DE","og_type":"article","og_title":"Fitzgeralds Vienna Woods Hotel - Irland Reise Tipps","og_description":"Gemeinsam die gr\u00fcne Insel Irland entdecken. Wir haben ausgew\u00e4hlte Veranstaltungen, Unterk\u00fcnfte und Touren mit den Highlights Irlands zusammengestellt.","og_url":"https:\/\/irland-reise-tipps.de\/de\/unterkunft\/hotels-in-cork\/fitzgeralds-vienna-woods-hotel\/","og_site_name":"Irland Reise Tipps","twitter_misc":{"Gesch\u00e4tzte Lesezeit":"1\u00a0Minute"},"schema":{"@context":"https:\/\/schema.org","@graph":[{"@type":"WebPage","@id":"https:\/\/irland-reise-tipps.de\/de\/unterkunft\/hotels-in-cork\/fitzgeralds-vienna-woods-hotel\/","url":"https:\/\/irland-reise-tipps.de\/de\/unterkunft\/hotels-in-cork\/fitzgeralds-vienna-woods-hotel\/","name":"Fitzgeralds Vienna Woods Hotel - Irland Reise Tipps","isPartOf":{"@id":"https:\/\/irland-reise-tipps.de\/de\/#website"},"datePublished":"2014-04-25T10:15:30+00:00","dateModified":"2014-04-25T10:15:30+00:00","description":"Gemeinsam die gr\u00fcne Insel Irland entdecken. Wir haben ausgew\u00e4hlte Veranstaltungen, Unterk\u00fcnfte und Touren mit den Highlights Irlands zusammengestellt.","breadcrumb":{"@id":"https:\/\/irland-reise-tipps.de\/de\/unterkunft\/hotels-in-cork\/fitzgeralds-vienna-woods-hotel\/#breadcrumb"},"inLanguage":"de","potentialAction":[{"@type":"ReadAction","target":["https:\/\/irland-reise-tipps.de\/de\/unterkunft\/hotels-in-cork\/fitzgeralds-vienna-woods-hotel\/"]}]},{"@type":"BreadcrumbList","@id":"https:\/\/irland-reise-tipps.de\/de\/unterkunft\/hotels-in-cork\/fitzgeralds-vienna-woods-hotel\/#breadcrumb","itemListElement":[{"@type":"ListItem","position":1,"name":"Home","item":"https:\/\/irland-reise-tipps.de\/de\/"},{"@type":"ListItem","position":2,"name":"Unterkunft","item":"https:\/\/irland-reise-tipps.de\/de\/unterkunft\/"},{"@type":"ListItem","position":3,"name":"Hotels in Cork","item":"https:\/\/irland-reise-tipps.de\/de\/unterkunft\/hotels-in-cork\/"},{"@type":"ListItem","position":4,"name":"Fitzgeralds Vienna Woods Hotel"}]},{"@type":"WebSite","@id":"https:\/\/irland-reise-tipps.de\/de\/#website","url":"https:\/\/irland-reise-tipps.de\/de\/","name":"Irland Reise Tipps","description":"Gemeinsam die gr\u00fcne Insel entdecken","potentialAction":[{"@type":"SearchAction","target":{"@type":"EntryPoint","urlTemplate":"https:\/\/irland-reise-tipps.de\/de\/?s={search_term_string}"},"query-input":"required name=search_term_string"}],"inLanguage":"de"}]}},"_links":{"self":[{"href":"https:\/\/irland-reise-tipps.de\/de\/wp-json\/wp\/v2\/pages\/3411","targetHints":{"allow":["GET"]}}],"collection":[{"href":"https:\/\/irland-reise-tipps.de\/de\/wp-json\/wp\/v2\/pages"}],"about":[{"href":"https:\/\/irland-reise-tipps.de\/de\/wp-json\/wp\/v2\/types\/page"}],"author":[{"embeddable":true,"href":"https:\/\/irland-reise-tipps.de\/de\/wp-json\/wp\/v2\/users\/11"}],"replies":[{"embeddable":true,"href":"https:\/\/irland-reise-tipps.de\/de\/wp-json\/wp\/v2\/comments?post=3411"}],"version-history":[{"count":1,"href":"https:\/\/irland-reise-tipps.de\/de\/wp-json\/wp\/v2\/pages\/3411\/revisions"}],"predecessor-version":[{"id":3412,"href":"https:\/\/irland-reise-tipps.de\/de\/wp-json\/wp\/v2\/pages\/3411\/revisions\/3412"}],"up":[{"embeddable":true,"href":"https:\/\/irland-reise-tipps.de\/de\/wp-json\/wp\/v2\/pages\/1626"}],"wp:attachment":[{"href":"https:\/\/irland-reise-tipps.de\/de\/wp-json\/wp\/v2\/media?parent=3411"}],"curies":[{"name":"wp","href":"https:\/\/api.w.org\/{rel}","templated":true}]}}