{"id":3406,"date":"2014-04-25T12:08:26","date_gmt":"2014-04-25T10:08:26","guid":{"rendered":"http:\/\/irland-reise-tipps.de\/de\/?page_id=3406"},"modified":"2014-04-25T12:10:19","modified_gmt":"2014-04-25T10:10:19","slug":"caseys-of-baltimore","status":"publish","type":"page","link":"https:\/\/irland-reise-tipps.de\/de\/unterkunft\/hotels-in-cork\/caseys-of-baltimore\/","title":{"rendered":"Casey&#8217;s of Baltimore"},"content":{"rendered":"<h4>\n<a href=\"https:\/\/irland-reise-tipps.de\/de\/wp-content\/gallery\/caseys-of-baltimore\/1146.jpg\" title=\"\" rel=\"lightbox[singlepic1554]\" >\n\t<img decoding=\"async\" class=\"ngg-singlepic ngg-right\" src=\"https:\/\/irland-reise-tipps.de\/de\/wp-content\/gallery\/cache\/1554__150x150_1146.jpg\" alt=\"1146\" title=\"1146\" \/>\n<\/a>\n<\/h4>\n<h4>Kontakt Details<\/h4>\n<p>Casey&#8217;s of Baltimore:<\/p>\n<p>Baltimore<\/p>\n<p>Co. Cork.<\/p>\n<p><strong>Telephone:<\/strong> +353 1 2958900<br \/>\n<strong>Email:\u00a0<\/strong>caseys@irishcountryhotels.com<\/p>\n<p><strong>Homepage:<\/strong><a href=\"http:\/\/irishcountryhotels.com\/de\/hotels\/caseys-of-baltimore\/\" target=\"_blank\" rel=\"nofollow\"> http:\/\/irishcountryhotels.com\/de\/hotels\/caseys-of-baltimore\/<\/a><\/p>\n\n<div class=\"ngg-galleryoverview\" id=\"ngg-gallery-141-3406\">\n\n\n\t\n\t<!-- Thumbnails -->\n\t\t\n\t<div id=\"ngg-image-1552\" class=\"ngg-gallery-thumbnail-box\"  >\n\t\t<div class=\"ngg-gallery-thumbnail\" >\n\t\t\t<a href=\"https:\/\/irland-reise-tipps.de\/de\/wp-content\/gallery\/caseys-of-baltimore\/0370.jpg\" title=\" \" rel=\"lightbox[set_141]\" >\n\t\t\t\t\t\t\t\t<img loading=\"lazy\" decoding=\"async\" title=\"0370\" alt=\"0370\" src=\"https:\/\/irland-reise-tipps.de\/de\/wp-content\/gallery\/caseys-of-baltimore\/thumbs\/thumbs_0370.jpg\" width=\"100\" height=\"75\" \/>\n\t\t\t\t\t\t\t<\/a>\n\t\t<\/div>\n\t<\/div>\n\t\n\t\t\n \t\t\n\t<div id=\"ngg-image-1553\" class=\"ngg-gallery-thumbnail-box\"  >\n\t\t<div class=\"ngg-gallery-thumbnail\" >\n\t\t\t<a href=\"https:\/\/irland-reise-tipps.de\/de\/wp-content\/gallery\/caseys-of-baltimore\/0410.jpg\" title=\" \" rel=\"lightbox[set_141]\" >\n\t\t\t\t\t\t\t\t<img loading=\"lazy\" decoding=\"async\" title=\"0410\" alt=\"0410\" src=\"https:\/\/irland-reise-tipps.de\/de\/wp-content\/gallery\/caseys-of-baltimore\/thumbs\/thumbs_0410.jpg\" width=\"100\" height=\"75\" \/>\n\t\t\t\t\t\t\t<\/a>\n\t\t<\/div>\n\t<\/div>\n\t\n\t\t\n \t\t\n\t<div id=\"ngg-image-1554\" class=\"ngg-gallery-thumbnail-box\"  >\n\t\t<div class=\"ngg-gallery-thumbnail\" >\n\t\t\t<a href=\"https:\/\/irland-reise-tipps.de\/de\/wp-content\/gallery\/caseys-of-baltimore\/1146.jpg\" title=\" \" rel=\"lightbox[set_141]\" >\n\t\t\t\t\t\t\t\t<img loading=\"lazy\" decoding=\"async\" title=\"1146\" alt=\"1146\" src=\"https:\/\/irland-reise-tipps.de\/de\/wp-content\/gallery\/caseys-of-baltimore\/thumbs\/thumbs_1146.jpg\" width=\"100\" height=\"75\" \/>\n\t\t\t\t\t\t\t<\/a>\n\t\t<\/div>\n\t<\/div>\n\t\n\t\t\n \t\t\n\t<div id=\"ngg-image-1555\" class=\"ngg-gallery-thumbnail-box\"  >\n\t\t<div class=\"ngg-gallery-thumbnail\" >\n\t\t\t<a href=\"https:\/\/irland-reise-tipps.de\/de\/wp-content\/gallery\/caseys-of-baltimore\/back-of-hotel.jpg\" title=\" \" rel=\"lightbox[set_141]\" >\n\t\t\t\t\t\t\t\t<img loading=\"lazy\" decoding=\"async\" title=\"back-of-hotel\" alt=\"back-of-hotel\" src=\"https:\/\/irland-reise-tipps.de\/de\/wp-content\/gallery\/caseys-of-baltimore\/thumbs\/thumbs_back-of-hotel.jpg\" width=\"100\" height=\"75\" \/>\n\t\t\t\t\t\t\t<\/a>\n\t\t<\/div>\n\t<\/div>\n\t\n\t\t\n \t\t\n\t<div id=\"ngg-image-1556\" class=\"ngg-gallery-thumbnail-box\"  >\n\t\t<div class=\"ngg-gallery-thumbnail\" >\n\t\t\t<a href=\"https:\/\/irland-reise-tipps.de\/de\/wp-content\/gallery\/caseys-of-baltimore\/baltimore_hotel_aod29.jpg\" title=\" \" rel=\"lightbox[set_141]\" >\n\t\t\t\t\t\t\t\t<img loading=\"lazy\" decoding=\"async\" title=\"baltimore_hotel_aod29\" alt=\"baltimore_hotel_aod29\" src=\"https:\/\/irland-reise-tipps.de\/de\/wp-content\/gallery\/caseys-of-baltimore\/thumbs\/thumbs_baltimore_hotel_aod29.jpg\" width=\"100\" height=\"75\" \/>\n\t\t\t\t\t\t\t<\/a>\n\t\t<\/div>\n\t<\/div>\n\t\n\t\t\n \t\t\n\t<div id=\"ngg-image-1557\" class=\"ngg-gallery-thumbnail-box\"  >\n\t\t<div class=\"ngg-gallery-thumbnail\" >\n\t\t\t<a href=\"https:\/\/irland-reise-tipps.de\/de\/wp-content\/gallery\/caseys-of-baltimore\/baltimore_hotel_aod29b.jpg\" title=\" \" rel=\"lightbox[set_141]\" >\n\t\t\t\t\t\t\t\t<img loading=\"lazy\" decoding=\"async\" title=\"baltimore_hotel_aod29b\" alt=\"baltimore_hotel_aod29b\" src=\"https:\/\/irland-reise-tipps.de\/de\/wp-content\/gallery\/caseys-of-baltimore\/thumbs\/thumbs_baltimore_hotel_aod29b.jpg\" width=\"100\" height=\"75\" \/>\n\t\t\t\t\t\t\t<\/a>\n\t\t<\/div>\n\t<\/div>\n\t\n\t\t\n \t\t\n\t<div id=\"ngg-image-1558\" class=\"ngg-gallery-thumbnail-box\"  >\n\t\t<div class=\"ngg-gallery-thumbnail\" >\n\t\t\t<a href=\"https:\/\/irland-reise-tipps.de\/de\/wp-content\/gallery\/caseys-of-baltimore\/caseys-int2.jpg\" title=\" \" rel=\"lightbox[set_141]\" >\n\t\t\t\t\t\t\t\t<img loading=\"lazy\" decoding=\"async\" title=\"caseys-int2\" alt=\"caseys-int2\" src=\"https:\/\/irland-reise-tipps.de\/de\/wp-content\/gallery\/caseys-of-baltimore\/thumbs\/thumbs_caseys-int2.jpg\" width=\"100\" height=\"75\" \/>\n\t\t\t\t\t\t\t<\/a>\n\t\t<\/div>\n\t<\/div>\n\t\n\t\t\n \t\t\n\t<div id=\"ngg-image-1559\" class=\"ngg-gallery-thumbnail-box\"  >\n\t\t<div class=\"ngg-gallery-thumbnail\" >\n\t\t\t<a href=\"https:\/\/irland-reise-tipps.de\/de\/wp-content\/gallery\/caseys-of-baltimore\/caseys-int3.jpg\" title=\" \" rel=\"lightbox[set_141]\" >\n\t\t\t\t\t\t\t\t<img loading=\"lazy\" decoding=\"async\" title=\"caseys-int3\" alt=\"caseys-int3\" src=\"https:\/\/irland-reise-tipps.de\/de\/wp-content\/gallery\/caseys-of-baltimore\/thumbs\/thumbs_caseys-int3.jpg\" width=\"100\" height=\"75\" \/>\n\t\t\t\t\t\t\t<\/a>\n\t\t<\/div>\n\t<\/div>\n\t\n\t\t\n \t\t\n\t<div id=\"ngg-image-1560\" class=\"ngg-gallery-thumbnail-box\"  >\n\t\t<div class=\"ngg-gallery-thumbnail\" >\n\t\t\t<a href=\"https:\/\/irland-reise-tipps.de\/de\/wp-content\/gallery\/caseys-of-baltimore\/caseys-of-baltimore-bar-2011.jpg\" title=\" \" rel=\"lightbox[set_141]\" >\n\t\t\t\t\t\t\t\t<img loading=\"lazy\" decoding=\"async\" title=\"caseys-of-baltimore-bar-2011\" alt=\"caseys-of-baltimore-bar-2011\" src=\"https:\/\/irland-reise-tipps.de\/de\/wp-content\/gallery\/caseys-of-baltimore\/thumbs\/thumbs_caseys-of-baltimore-bar-2011.jpg\" width=\"100\" height=\"75\" \/>\n\t\t\t\t\t\t\t<\/a>\n\t\t<\/div>\n\t<\/div>\n\t\n\t\t\n \t\t\n\t<div id=\"ngg-image-1561\" class=\"ngg-gallery-thumbnail-box\"  >\n\t\t<div class=\"ngg-gallery-thumbnail\" >\n\t\t\t<a href=\"https:\/\/irland-reise-tipps.de\/de\/wp-content\/gallery\/caseys-of-baltimore\/caseys-of-baltimore-bedroom-1-2011.jpg\" title=\" \" rel=\"lightbox[set_141]\" >\n\t\t\t\t\t\t\t\t<img loading=\"lazy\" decoding=\"async\" title=\"caseys-of-baltimore-bedroom-1-2011\" alt=\"caseys-of-baltimore-bedroom-1-2011\" src=\"https:\/\/irland-reise-tipps.de\/de\/wp-content\/gallery\/caseys-of-baltimore\/thumbs\/thumbs_caseys-of-baltimore-bedroom-1-2011.jpg\" width=\"100\" height=\"75\" \/>\n\t\t\t\t\t\t\t<\/a>\n\t\t<\/div>\n\t<\/div>\n\t\n\t\t\n \t\t\n\t<div id=\"ngg-image-1562\" class=\"ngg-gallery-thumbnail-box\"  >\n\t\t<div class=\"ngg-gallery-thumbnail\" >\n\t\t\t<a href=\"https:\/\/irland-reise-tipps.de\/de\/wp-content\/gallery\/caseys-of-baltimore\/caseys-of-baltimore-exterior-2011.jpg\" title=\" \" rel=\"lightbox[set_141]\" >\n\t\t\t\t\t\t\t\t<img loading=\"lazy\" decoding=\"async\" title=\"caseys-of-baltimore-exterior-2011\" alt=\"caseys-of-baltimore-exterior-2011\" src=\"https:\/\/irland-reise-tipps.de\/de\/wp-content\/gallery\/caseys-of-baltimore\/thumbs\/thumbs_caseys-of-baltimore-exterior-2011.jpg\" width=\"100\" height=\"75\" \/>\n\t\t\t\t\t\t\t<\/a>\n\t\t<\/div>\n\t<\/div>\n\t\n\t\t\n \t\t\n\t<div id=\"ngg-image-1563\" class=\"ngg-gallery-thumbnail-box\"  >\n\t\t<div class=\"ngg-gallery-thumbnail\" >\n\t\t\t<a href=\"https:\/\/irland-reise-tipps.de\/de\/wp-content\/gallery\/caseys-of-baltimore\/caseys-of-baltimore-high-res-2011bedroom.jpg\" title=\" \" rel=\"lightbox[set_141]\" >\n\t\t\t\t\t\t\t\t<img loading=\"lazy\" decoding=\"async\" title=\"caseys-of-baltimore-high-res-2011bedroom\" alt=\"caseys-of-baltimore-high-res-2011bedroom\" src=\"https:\/\/irland-reise-tipps.de\/de\/wp-content\/gallery\/caseys-of-baltimore\/thumbs\/thumbs_caseys-of-baltimore-high-res-2011bedroom.jpg\" width=\"100\" height=\"75\" \/>\n\t\t\t\t\t\t\t<\/a>\n\t\t<\/div>\n\t<\/div>\n\t\n\t\t\n \t\t\n\t<div id=\"ngg-image-1564\" class=\"ngg-gallery-thumbnail-box\"  >\n\t\t<div class=\"ngg-gallery-thumbnail\" >\n\t\t\t<a href=\"https:\/\/irland-reise-tipps.de\/de\/wp-content\/gallery\/caseys-of-baltimore\/caseys-of-baltimore-loughine-room.jpg\" title=\" \" rel=\"lightbox[set_141]\" >\n\t\t\t\t\t\t\t\t<img loading=\"lazy\" decoding=\"async\" title=\"caseys-of-baltimore-loughine-room\" alt=\"caseys-of-baltimore-loughine-room\" src=\"https:\/\/irland-reise-tipps.de\/de\/wp-content\/gallery\/caseys-of-baltimore\/thumbs\/thumbs_caseys-of-baltimore-loughine-room.jpg\" width=\"100\" height=\"75\" \/>\n\t\t\t\t\t\t\t<\/a>\n\t\t<\/div>\n\t<\/div>\n\t\n\t\t\n \t\t\n\t<div id=\"ngg-image-1565\" class=\"ngg-gallery-thumbnail-box\"  >\n\t\t<div class=\"ngg-gallery-thumbnail\" >\n\t\t\t<a href=\"https:\/\/irland-reise-tipps.de\/de\/wp-content\/gallery\/caseys-of-baltimore\/caseys-of-baltimore-side-hotel-shot-2-2011.jpg\" title=\" \" rel=\"lightbox[set_141]\" >\n\t\t\t\t\t\t\t\t<img loading=\"lazy\" decoding=\"async\" title=\"caseys-of-baltimore-side-hotel-shot-2-2011\" alt=\"caseys-of-baltimore-side-hotel-shot-2-2011\" src=\"https:\/\/irland-reise-tipps.de\/de\/wp-content\/gallery\/caseys-of-baltimore\/thumbs\/thumbs_caseys-of-baltimore-side-hotel-shot-2-2011.jpg\" width=\"100\" height=\"75\" \/>\n\t\t\t\t\t\t\t<\/a>\n\t\t<\/div>\n\t<\/div>\n\t\n\t\t\n \t\t\n\t<div id=\"ngg-image-1566\" class=\"ngg-gallery-thumbnail-box\"  >\n\t\t<div class=\"ngg-gallery-thumbnail\" >\n\t\t\t<a href=\"https:\/\/irland-reise-tipps.de\/de\/wp-content\/gallery\/caseys-of-baltimore\/hotel_room_aod27.jpg\" title=\" \" rel=\"lightbox[set_141]\" >\n\t\t\t\t\t\t\t\t<img loading=\"lazy\" decoding=\"async\" title=\"hotel_room_aod27\" alt=\"hotel_room_aod27\" src=\"https:\/\/irland-reise-tipps.de\/de\/wp-content\/gallery\/caseys-of-baltimore\/thumbs\/thumbs_hotel_room_aod27.jpg\" width=\"100\" height=\"75\" \/>\n\t\t\t\t\t\t\t<\/a>\n\t\t<\/div>\n\t<\/div>\n\t\n\t\t\n \t \t\n\t<!-- Pagination -->\n \t<div class=\"ngg-clear\"><\/div> \t\n<\/div>\n\n\n<h4 style=\"text-align: left;\">Beschreibung<\/h4>\n<p><strong>Herzlich Willkommen im Casey&#8217;s of Baltimore!<\/strong><\/p>\n<p>Casey&#8217;s of Baltimore isteincharmantes und familiengef\u00fchrtes Hotel, das sich am Eingang des wundersch\u00f6nenSegel- und Fischerd\u00f6rfchens Baltimore in West Cork befindet. Mitseinemgem\u00fctlichen Pub und qualitativhochwertigen Essen werdenSieim Casey&#8217;s of Baltimore einenerstklassigen und wahrhaftigirischenUrlauberleben.<\/p>\n<p>&nbsp;<\/p>\n<p>Was G\u00e4ste am Casey&#8217;s of Baltimore Hotel wertsch\u00e4tzen:<\/p>\n<p>&#8211; das traditionellirische Pub<\/p>\n<p>&#8211; die wundersch\u00f6neLandschaft West Corks direktvor der Haust\u00fcr des Hotels<\/p>\n<p>&#8211; Casey&#8217;s of Baltimore von Gerogina Campbell&#8217;s Guide und Frommer&#8217;s Travel Guide empfohlen<\/p>\n<p>Wir freuen uns auf Ihren Besuch!<\/p>\n<h4>Lage des Hotels und Sehensw\u00fcrdigkeiten in der N\u00e4he<\/h4>\n<p>[google-map-v3 shortcodeid=&#8220;e840907f&#8220; width=&#8220;600&#8243; height=&#8220;400&#8243; zoom=&#8220;12&#8243; maptype=&#8220;roadmap&#8220; mapalign=&#8220;center&#8220; directionhint=&#8220;false&#8220; language=&#8220;default&#8220; poweredby=&#8220;false&#8220; maptypecontrol=&#8220;true&#8220; pancontrol=&#8220;true&#8220; zoomcontrol=&#8220;true&#8220; scalecontrol=&#8220;true&#8220; streetviewcontrol=&#8220;true&#8220; scrollwheelcontrol=&#8220;false&#8220; draggable=&#8220;true&#8220; tiltfourtyfive=&#8220;false&#8220; enablegeolocationmarker=&#8220;false&#8220; addmarkermashup=&#8220;false&#8220; addmarkermashupbubble=&#8220;false&#8220; addmarkerlist=&#8220;51.484609, -9.362304{}lodging_0star.png{}Casey&#8217;s of Baltimore&#8220; bubbleautopan=&#8220;true&#8220; distanceunits=&#8220;miles&#8220; showbike=&#8220;false&#8220; showtraffic=&#8220;false&#8220; showpanoramio=&#8220;false&#8220;]<\/p>\n","protected":false},"excerpt":{"rendered":"<p>Kontakt Details Casey&#8217;s of Baltimore: Baltimore Co. Cork. Telephone: +353 1 2958900 Email:\u00a0caseys@irishcountryhotels.com Homepage: http:\/\/irishcountryhotels.com\/de\/hotels\/caseys-of-baltimore\/ Beschreibung Herzlich Willkommen im Casey&#8217;s of Baltimore! Casey&#8217;s of Baltimore isteincharmantes und familiengef\u00fchrtes Hotel, das sich am Eingang des wundersch\u00f6nenSegel- und Fischerd\u00f6rfchens Baltimore in West<span class=\"ellipsis\">&hellip;<\/span><\/p>\n<div class=\"read-more\"><a href=\"https:\/\/irland-reise-tipps.de\/de\/unterkunft\/hotels-in-cork\/caseys-of-baltimore\/\">Weiterlesen &#8250;<\/a><\/div>\n<p><!-- end of .read-more --><\/p>\n","protected":false},"author":11,"featured_media":0,"parent":1626,"menu_order":0,"comment_status":"closed","ping_status":"closed","template":"","meta":{"footnotes":""},"class_list":["post-3406","page","type-page","status-publish","hentry"],"yoast_head":"<!-- This site is optimized with the Yoast SEO plugin v21.2 - https:\/\/yoast.com\/wordpress\/plugins\/seo\/ -->\n<title>Casey&#039;s of Baltimore - Irland Reise Tipps<\/title>\n<meta name=\"description\" content=\"Gemeinsam die gr\u00fcne Insel Irland entdecken. Wir haben ausgew\u00e4hlte Veranstaltungen, Unterk\u00fcnfte und Touren mit den Highlights Irlands zusammengestellt.\" \/>\n<meta name=\"robots\" content=\"index, follow, max-snippet:-1, max-image-preview:large, max-video-preview:-1\" \/>\n<link rel=\"canonical\" href=\"https:\/\/irland-reise-tipps.de\/de\/unterkunft\/hotels-in-cork\/caseys-of-baltimore\/\" \/>\n<meta property=\"og:locale\" content=\"de_DE\" \/>\n<meta property=\"og:type\" content=\"article\" \/>\n<meta property=\"og:title\" content=\"Casey&#039;s of Baltimore - Irland Reise Tipps\" \/>\n<meta property=\"og:description\" content=\"Gemeinsam die gr\u00fcne Insel Irland entdecken. Wir haben ausgew\u00e4hlte Veranstaltungen, Unterk\u00fcnfte und Touren mit den Highlights Irlands zusammengestellt.\" \/>\n<meta property=\"og:url\" content=\"https:\/\/irland-reise-tipps.de\/de\/unterkunft\/hotels-in-cork\/caseys-of-baltimore\/\" \/>\n<meta property=\"og:site_name\" content=\"Irland Reise Tipps\" \/>\n<meta property=\"article:modified_time\" content=\"2014-04-25T10:10:19+00:00\" \/>\n<meta name=\"twitter:label1\" content=\"Gesch\u00e4tzte Lesezeit\" \/>\n\t<meta name=\"twitter:data1\" content=\"1\u00a0Minute\" \/>\n<script type=\"application\/ld+json\" class=\"yoast-schema-graph\">{\"@context\":\"https:\/\/schema.org\",\"@graph\":[{\"@type\":\"WebPage\",\"@id\":\"https:\/\/irland-reise-tipps.de\/de\/unterkunft\/hotels-in-cork\/caseys-of-baltimore\/\",\"url\":\"https:\/\/irland-reise-tipps.de\/de\/unterkunft\/hotels-in-cork\/caseys-of-baltimore\/\",\"name\":\"Casey's of Baltimore - Irland Reise Tipps\",\"isPartOf\":{\"@id\":\"https:\/\/irland-reise-tipps.de\/de\/#website\"},\"datePublished\":\"2014-04-25T10:08:26+00:00\",\"dateModified\":\"2014-04-25T10:10:19+00:00\",\"description\":\"Gemeinsam die gr\u00fcne Insel Irland entdecken. Wir haben ausgew\u00e4hlte Veranstaltungen, Unterk\u00fcnfte und Touren mit den Highlights Irlands zusammengestellt.\",\"breadcrumb\":{\"@id\":\"https:\/\/irland-reise-tipps.de\/de\/unterkunft\/hotels-in-cork\/caseys-of-baltimore\/#breadcrumb\"},\"inLanguage\":\"de\",\"potentialAction\":[{\"@type\":\"ReadAction\",\"target\":[\"https:\/\/irland-reise-tipps.de\/de\/unterkunft\/hotels-in-cork\/caseys-of-baltimore\/\"]}]},{\"@type\":\"BreadcrumbList\",\"@id\":\"https:\/\/irland-reise-tipps.de\/de\/unterkunft\/hotels-in-cork\/caseys-of-baltimore\/#breadcrumb\",\"itemListElement\":[{\"@type\":\"ListItem\",\"position\":1,\"name\":\"Home\",\"item\":\"https:\/\/irland-reise-tipps.de\/de\/\"},{\"@type\":\"ListItem\",\"position\":2,\"name\":\"Unterkunft\",\"item\":\"https:\/\/irland-reise-tipps.de\/de\/unterkunft\/\"},{\"@type\":\"ListItem\",\"position\":3,\"name\":\"Hotels in Cork\",\"item\":\"https:\/\/irland-reise-tipps.de\/de\/unterkunft\/hotels-in-cork\/\"},{\"@type\":\"ListItem\",\"position\":4,\"name\":\"Casey&#8217;s of Baltimore\"}]},{\"@type\":\"WebSite\",\"@id\":\"https:\/\/irland-reise-tipps.de\/de\/#website\",\"url\":\"https:\/\/irland-reise-tipps.de\/de\/\",\"name\":\"Irland Reise Tipps\",\"description\":\"Gemeinsam die gr\u00fcne Insel entdecken\",\"potentialAction\":[{\"@type\":\"SearchAction\",\"target\":{\"@type\":\"EntryPoint\",\"urlTemplate\":\"https:\/\/irland-reise-tipps.de\/de\/?s={search_term_string}\"},\"query-input\":\"required name=search_term_string\"}],\"inLanguage\":\"de\"}]}<\/script>\n<!-- \/ Yoast SEO plugin. -->","yoast_head_json":{"title":"Casey's of Baltimore - Irland Reise Tipps","description":"Gemeinsam die gr\u00fcne Insel Irland entdecken. Wir haben ausgew\u00e4hlte Veranstaltungen, Unterk\u00fcnfte und Touren mit den Highlights Irlands zusammengestellt.","robots":{"index":"index","follow":"follow","max-snippet":"max-snippet:-1","max-image-preview":"max-image-preview:large","max-video-preview":"max-video-preview:-1"},"canonical":"https:\/\/irland-reise-tipps.de\/de\/unterkunft\/hotels-in-cork\/caseys-of-baltimore\/","og_locale":"de_DE","og_type":"article","og_title":"Casey's of Baltimore - Irland Reise Tipps","og_description":"Gemeinsam die gr\u00fcne Insel Irland entdecken. Wir haben ausgew\u00e4hlte Veranstaltungen, Unterk\u00fcnfte und Touren mit den Highlights Irlands zusammengestellt.","og_url":"https:\/\/irland-reise-tipps.de\/de\/unterkunft\/hotels-in-cork\/caseys-of-baltimore\/","og_site_name":"Irland Reise Tipps","article_modified_time":"2014-04-25T10:10:19+00:00","twitter_misc":{"Gesch\u00e4tzte Lesezeit":"1\u00a0Minute"},"schema":{"@context":"https:\/\/schema.org","@graph":[{"@type":"WebPage","@id":"https:\/\/irland-reise-tipps.de\/de\/unterkunft\/hotels-in-cork\/caseys-of-baltimore\/","url":"https:\/\/irland-reise-tipps.de\/de\/unterkunft\/hotels-in-cork\/caseys-of-baltimore\/","name":"Casey's of Baltimore - Irland Reise Tipps","isPartOf":{"@id":"https:\/\/irland-reise-tipps.de\/de\/#website"},"datePublished":"2014-04-25T10:08:26+00:00","dateModified":"2014-04-25T10:10:19+00:00","description":"Gemeinsam die gr\u00fcne Insel Irland entdecken. Wir haben ausgew\u00e4hlte Veranstaltungen, Unterk\u00fcnfte und Touren mit den Highlights Irlands zusammengestellt.","breadcrumb":{"@id":"https:\/\/irland-reise-tipps.de\/de\/unterkunft\/hotels-in-cork\/caseys-of-baltimore\/#breadcrumb"},"inLanguage":"de","potentialAction":[{"@type":"ReadAction","target":["https:\/\/irland-reise-tipps.de\/de\/unterkunft\/hotels-in-cork\/caseys-of-baltimore\/"]}]},{"@type":"BreadcrumbList","@id":"https:\/\/irland-reise-tipps.de\/de\/unterkunft\/hotels-in-cork\/caseys-of-baltimore\/#breadcrumb","itemListElement":[{"@type":"ListItem","position":1,"name":"Home","item":"https:\/\/irland-reise-tipps.de\/de\/"},{"@type":"ListItem","position":2,"name":"Unterkunft","item":"https:\/\/irland-reise-tipps.de\/de\/unterkunft\/"},{"@type":"ListItem","position":3,"name":"Hotels in Cork","item":"https:\/\/irland-reise-tipps.de\/de\/unterkunft\/hotels-in-cork\/"},{"@type":"ListItem","position":4,"name":"Casey&#8217;s of Baltimore"}]},{"@type":"WebSite","@id":"https:\/\/irland-reise-tipps.de\/de\/#website","url":"https:\/\/irland-reise-tipps.de\/de\/","name":"Irland Reise Tipps","description":"Gemeinsam die gr\u00fcne Insel entdecken","potentialAction":[{"@type":"SearchAction","target":{"@type":"EntryPoint","urlTemplate":"https:\/\/irland-reise-tipps.de\/de\/?s={search_term_string}"},"query-input":"required name=search_term_string"}],"inLanguage":"de"}]}},"_links":{"self":[{"href":"https:\/\/irland-reise-tipps.de\/de\/wp-json\/wp\/v2\/pages\/3406","targetHints":{"allow":["GET"]}}],"collection":[{"href":"https:\/\/irland-reise-tipps.de\/de\/wp-json\/wp\/v2\/pages"}],"about":[{"href":"https:\/\/irland-reise-tipps.de\/de\/wp-json\/wp\/v2\/types\/page"}],"author":[{"embeddable":true,"href":"https:\/\/irland-reise-tipps.de\/de\/wp-json\/wp\/v2\/users\/11"}],"replies":[{"embeddable":true,"href":"https:\/\/irland-reise-tipps.de\/de\/wp-json\/wp\/v2\/comments?post=3406"}],"version-history":[{"count":4,"href":"https:\/\/irland-reise-tipps.de\/de\/wp-json\/wp\/v2\/pages\/3406\/revisions"}],"predecessor-version":[{"id":3410,"href":"https:\/\/irland-reise-tipps.de\/de\/wp-json\/wp\/v2\/pages\/3406\/revisions\/3410"}],"up":[{"embeddable":true,"href":"https:\/\/irland-reise-tipps.de\/de\/wp-json\/wp\/v2\/pages\/1626"}],"wp:attachment":[{"href":"https:\/\/irland-reise-tipps.de\/de\/wp-json\/wp\/v2\/media?parent=3406"}],"curies":[{"name":"wp","href":"https:\/\/api.w.org\/{rel}","templated":true}]}}