{"id":3394,"date":"2014-04-25T11:51:01","date_gmt":"2014-04-25T09:51:01","guid":{"rendered":"http:\/\/irland-reise-tipps.de\/de\/?page_id=3394"},"modified":"2014-04-25T13:18:41","modified_gmt":"2014-04-25T11:18:41","slug":"hotels-in-kerry","status":"publish","type":"page","link":"https:\/\/irland-reise-tipps.de\/de\/unterkunft\/hotels-in-kerry\/","title":{"rendered":"Hotels in Kerry"},"content":{"rendered":"<h4>Ballyseede Castle<b>\n<a href=\"https:\/\/irland-reise-tipps.de\/de\/wp-content\/gallery\/unterkunft_ballyseede-castle\/k1024_ballyseede-ext1.jpg\" title=\"\" rel=\"lightbox[singlepic738]\" >\n\t<img decoding=\"async\" class=\"ngg-singlepic ngg-left\" src=\"https:\/\/irland-reise-tipps.de\/de\/wp-content\/gallery\/cache\/738__150x150_k1024_ballyseede-ext1.jpg\" alt=\"k1024_ballyseede-ext1\" title=\"k1024_ballyseede-ext1\" \/>\n<\/a>\n<\/b><\/h4>\n<p><b>Herzlich Willkommen im Ballyseede Castle!<br \/>\n<\/b><\/p>\n<p><span style=\"color: #000000;\"><span style=\"color: #000000;\">Ballyseede Castle, eines der bekanntesten Schlosshotels in Irland, hat eine Geschichte, die zur\u00fcck in die 1590er Jahre geht. <\/span><\/span><\/p>\n<p><strong>Wir freuen uns auf Ihren Besuch!<\/strong><\/p>\n<p><a title=\"Ballyseede Castle\" href=\"http:\/\/irland-reise-tipps.de\/de\/unterkunft\/hotels-in-kerry\/ballyseede-castle\/\">Weitere Informationen \u203a<\/a><\/p>\n<h4>Grand Hotel Tralee<b>\n<a href=\"https:\/\/irland-reise-tipps.de\/de\/wp-content\/gallery\/unterkunft_grand-hotel\/k1024_john-cleary-pictures-front-of-hotel-2009-001.jpg\" title=\"Grand 1\" rel=\"lightbox[singlepic791]\" >\n\t<img decoding=\"async\" class=\"ngg-singlepic ngg-left\" src=\"https:\/\/irland-reise-tipps.de\/de\/wp-content\/gallery\/cache\/791__150x150_k1024_john-cleary-pictures-front-of-hotel-2009-001.jpg\" alt=\"k1024_john-cleary-pictures-front-of-hotel-2009-001\" title=\"k1024_john-cleary-pictures-front-of-hotel-2009-001\" \/>\n<\/a>\n<\/b><\/h4>\n<p><b>Herzlich Willkommen im Grand Hotel Tralee!<\/b><\/p>\n<p>Mitten im Herzen von Tralee, nur 2 Gehminuten vom Siamsa Theater entfernt, liegt das traditionsreichste aller Hotels in Tralee und Kerry.<\/p>\n<p><a title=\"The Grand Hotel Tralee\" href=\"http:\/\/irland-reise-tipps.de\/de\/unterkunft\/hotels-in-kerry\/the-grand-hotel-tralee\/\">Weitere Informationen \u203a<\/a><\/p>\n<h4>Cahernane House Hotel\n<a href=\"https:\/\/irland-reise-tipps.de\/de\/wp-content\/gallery\/unterkunft-cahernane-house-hotel\/k1024_cahernane-ext2.jpg\" title=\"\" rel=\"lightbox[singlepic723]\" >\n\t<img decoding=\"async\" class=\"ngg-singlepic ngg-left\" src=\"https:\/\/irland-reise-tipps.de\/de\/wp-content\/gallery\/cache\/723__150x150_k1024_cahernane-ext2.jpg\" alt=\"k1024_cahernane-ext2\" title=\"k1024_cahernane-ext2\" \/>\n<\/a>\n<\/h4>\n<p><strong>Herzlich Willkommen im Cahernane House Hotel!<\/strong><\/p>\n<p>Am Rande des Killarney National Park liegt unser wundersch\u00f6nes Cahernane House Hotel.<br \/>\nZu Fu\u00df ben\u00f6tigen Sie gerade einmal 10 Minuten zum Stadtzentrum von Killarney.<\/p>\n<p><a title=\"Cahernane House Hotel\" href=\"http:\/\/irland-reise-tipps.de\/de\/unterkunft\/hotels-in-kerry\/cahernane-house-hotel\/\">Weitere Informationen \u203a<\/a><\/p>\n<h4>Dingle Benners Hotel \n<a href=\"https:\/\/irland-reise-tipps.de\/de\/wp-content\/gallery\/dingle-benners\/dinglebennersext_1295320525.jpg\" title=\"\" rel=\"lightbox[singlepic1264]\" >\n\t<img decoding=\"async\" class=\"ngg-singlepic ngg-left\" src=\"https:\/\/irland-reise-tipps.de\/de\/wp-content\/gallery\/cache\/1264__150x150_dinglebennersext_1295320525.jpg\" alt=\"dinglebennersext_1295320525\" title=\"dinglebennersext_1295320525\" \/>\n<\/a>\n<\/h4>\n<p><strong>Herzlich Willkommen im Dingle Benners Hotel!<\/strong><\/p>\n<p>Das \u00e4lteste Hotel in Dingle, die ideale Basis f\u00fcr Touren um den Ring of Kerry Dingle ist ein h\u00fcbsches und lebhaftes St\u00e4dtchen an der S\u00fcdk\u00fcste der Dingle-Halbinsel am Ring of Kerry.<\/p>\n<p><a title=\"Dingle Benners Hotel\" href=\"http:\/\/irland-reise-tipps.de\/de\/unterkunft\/hotels-in-kerry\/dingle-benners-hotel\/\">Weitere Informationen \u203a<\/a><\/p>\n<h4>Arbutus Hotel\n<a href=\"https:\/\/irland-reise-tipps.de\/de\/wp-content\/gallery\/arbutus-hotel\/arbutus-014.jpg\" title=\"\" rel=\"lightbox[singlepic1512]\" >\n\t<img decoding=\"async\" class=\"ngg-singlepic ngg-left\" src=\"https:\/\/irland-reise-tipps.de\/de\/wp-content\/gallery\/cache\/1512__150x150_arbutus-014.jpg\" alt=\"arbutus-014\" title=\"arbutus-014\" \/>\n<\/a>\n<\/h4>\n<p><strong>Herzlich Willkommen im Arbutus Hotel!<\/strong><\/p>\n<p>Das Arbutus Hotel befindetsichimHerzen von Killarney und z\u00e4hltzum\u00e4ltesten und beliebtesten Hotel der Stadt.<\/p>\n<p><a title=\"Arbutus Hotel\" href=\"http:\/\/irland-reise-tipps.de\/de\/unterkunft\/hotels-in-kerry\/arbutus-hotel\/\">Weitere Informationen \u203a<\/a><\/p>\n","protected":false},"excerpt":{"rendered":"<p>Ballyseede Castle Herzlich Willkommen im Ballyseede Castle! Ballyseede Castle, eines der bekanntesten Schlosshotels in Irland, hat eine Geschichte, die zur\u00fcck in die 1590er Jahre geht. Wir freuen uns auf Ihren Besuch! Weitere Informationen \u203a Grand Hotel Tralee Herzlich Willkommen im<span class=\"ellipsis\">&hellip;<\/span><\/p>\n<div class=\"read-more\"><a href=\"https:\/\/irland-reise-tipps.de\/de\/unterkunft\/hotels-in-kerry\/\">Weiterlesen &#8250;<\/a><\/div>\n<p><!-- end of .read-more --><\/p>\n","protected":false},"author":11,"featured_media":0,"parent":18,"menu_order":0,"comment_status":"closed","ping_status":"closed","template":"","meta":{"footnotes":""},"class_list":["post-3394","page","type-page","status-publish","hentry"],"yoast_head":"<!-- This site is optimized with the Yoast SEO plugin v21.2 - https:\/\/yoast.com\/wordpress\/plugins\/seo\/ -->\n<title>Hotels in Kerry - Irland Reise Tipps<\/title>\n<meta name=\"description\" content=\"Gemeinsam die gr\u00fcne Insel Irland entdecken. Wir haben ausgew\u00e4hlte Veranstaltungen, Unterk\u00fcnfte und Touren mit den Highlights Irlands zusammengestellt.\" \/>\n<meta name=\"robots\" content=\"index, follow, max-snippet:-1, max-image-preview:large, max-video-preview:-1\" \/>\n<link rel=\"canonical\" href=\"https:\/\/irland-reise-tipps.de\/de\/unterkunft\/hotels-in-kerry\/\" \/>\n<meta property=\"og:locale\" content=\"de_DE\" \/>\n<meta property=\"og:type\" content=\"article\" \/>\n<meta property=\"og:title\" content=\"Hotels in Kerry - Irland Reise Tipps\" \/>\n<meta property=\"og:description\" content=\"Gemeinsam die gr\u00fcne Insel Irland entdecken. Wir haben ausgew\u00e4hlte Veranstaltungen, Unterk\u00fcnfte und Touren mit den Highlights Irlands zusammengestellt.\" \/>\n<meta property=\"og:url\" content=\"https:\/\/irland-reise-tipps.de\/de\/unterkunft\/hotels-in-kerry\/\" \/>\n<meta property=\"og:site_name\" content=\"Irland Reise Tipps\" \/>\n<meta property=\"article:modified_time\" content=\"2014-04-25T11:18:41+00:00\" \/>\n<meta name=\"twitter:label1\" content=\"Gesch\u00e4tzte Lesezeit\" \/>\n\t<meta name=\"twitter:data1\" content=\"1\u00a0Minute\" \/>\n<script type=\"application\/ld+json\" class=\"yoast-schema-graph\">{\"@context\":\"https:\/\/schema.org\",\"@graph\":[{\"@type\":\"WebPage\",\"@id\":\"https:\/\/irland-reise-tipps.de\/de\/unterkunft\/hotels-in-kerry\/\",\"url\":\"https:\/\/irland-reise-tipps.de\/de\/unterkunft\/hotels-in-kerry\/\",\"name\":\"Hotels in Kerry - Irland Reise Tipps\",\"isPartOf\":{\"@id\":\"https:\/\/irland-reise-tipps.de\/de\/#website\"},\"datePublished\":\"2014-04-25T09:51:01+00:00\",\"dateModified\":\"2014-04-25T11:18:41+00:00\",\"description\":\"Gemeinsam die gr\u00fcne Insel Irland entdecken. Wir haben ausgew\u00e4hlte Veranstaltungen, Unterk\u00fcnfte und Touren mit den Highlights Irlands zusammengestellt.\",\"breadcrumb\":{\"@id\":\"https:\/\/irland-reise-tipps.de\/de\/unterkunft\/hotels-in-kerry\/#breadcrumb\"},\"inLanguage\":\"de\",\"potentialAction\":[{\"@type\":\"ReadAction\",\"target\":[\"https:\/\/irland-reise-tipps.de\/de\/unterkunft\/hotels-in-kerry\/\"]}]},{\"@type\":\"BreadcrumbList\",\"@id\":\"https:\/\/irland-reise-tipps.de\/de\/unterkunft\/hotels-in-kerry\/#breadcrumb\",\"itemListElement\":[{\"@type\":\"ListItem\",\"position\":1,\"name\":\"Home\",\"item\":\"https:\/\/irland-reise-tipps.de\/de\/\"},{\"@type\":\"ListItem\",\"position\":2,\"name\":\"Unterkunft\",\"item\":\"https:\/\/irland-reise-tipps.de\/de\/unterkunft\/\"},{\"@type\":\"ListItem\",\"position\":3,\"name\":\"Hotels in Kerry\"}]},{\"@type\":\"WebSite\",\"@id\":\"https:\/\/irland-reise-tipps.de\/de\/#website\",\"url\":\"https:\/\/irland-reise-tipps.de\/de\/\",\"name\":\"Irland Reise Tipps\",\"description\":\"Gemeinsam die gr\u00fcne Insel entdecken\",\"potentialAction\":[{\"@type\":\"SearchAction\",\"target\":{\"@type\":\"EntryPoint\",\"urlTemplate\":\"https:\/\/irland-reise-tipps.de\/de\/?s={search_term_string}\"},\"query-input\":\"required name=search_term_string\"}],\"inLanguage\":\"de\"}]}<\/script>\n<!-- \/ Yoast SEO plugin. -->","yoast_head_json":{"title":"Hotels in Kerry - Irland Reise Tipps","description":"Gemeinsam die gr\u00fcne Insel Irland entdecken. Wir haben ausgew\u00e4hlte Veranstaltungen, Unterk\u00fcnfte und Touren mit den Highlights Irlands zusammengestellt.","robots":{"index":"index","follow":"follow","max-snippet":"max-snippet:-1","max-image-preview":"max-image-preview:large","max-video-preview":"max-video-preview:-1"},"canonical":"https:\/\/irland-reise-tipps.de\/de\/unterkunft\/hotels-in-kerry\/","og_locale":"de_DE","og_type":"article","og_title":"Hotels in Kerry - Irland Reise Tipps","og_description":"Gemeinsam die gr\u00fcne Insel Irland entdecken. Wir haben ausgew\u00e4hlte Veranstaltungen, Unterk\u00fcnfte und Touren mit den Highlights Irlands zusammengestellt.","og_url":"https:\/\/irland-reise-tipps.de\/de\/unterkunft\/hotels-in-kerry\/","og_site_name":"Irland Reise Tipps","article_modified_time":"2014-04-25T11:18:41+00:00","twitter_misc":{"Gesch\u00e4tzte Lesezeit":"1\u00a0Minute"},"schema":{"@context":"https:\/\/schema.org","@graph":[{"@type":"WebPage","@id":"https:\/\/irland-reise-tipps.de\/de\/unterkunft\/hotels-in-kerry\/","url":"https:\/\/irland-reise-tipps.de\/de\/unterkunft\/hotels-in-kerry\/","name":"Hotels in Kerry - Irland Reise Tipps","isPartOf":{"@id":"https:\/\/irland-reise-tipps.de\/de\/#website"},"datePublished":"2014-04-25T09:51:01+00:00","dateModified":"2014-04-25T11:18:41+00:00","description":"Gemeinsam die gr\u00fcne Insel Irland entdecken. Wir haben ausgew\u00e4hlte Veranstaltungen, Unterk\u00fcnfte und Touren mit den Highlights Irlands zusammengestellt.","breadcrumb":{"@id":"https:\/\/irland-reise-tipps.de\/de\/unterkunft\/hotels-in-kerry\/#breadcrumb"},"inLanguage":"de","potentialAction":[{"@type":"ReadAction","target":["https:\/\/irland-reise-tipps.de\/de\/unterkunft\/hotels-in-kerry\/"]}]},{"@type":"BreadcrumbList","@id":"https:\/\/irland-reise-tipps.de\/de\/unterkunft\/hotels-in-kerry\/#breadcrumb","itemListElement":[{"@type":"ListItem","position":1,"name":"Home","item":"https:\/\/irland-reise-tipps.de\/de\/"},{"@type":"ListItem","position":2,"name":"Unterkunft","item":"https:\/\/irland-reise-tipps.de\/de\/unterkunft\/"},{"@type":"ListItem","position":3,"name":"Hotels in Kerry"}]},{"@type":"WebSite","@id":"https:\/\/irland-reise-tipps.de\/de\/#website","url":"https:\/\/irland-reise-tipps.de\/de\/","name":"Irland Reise Tipps","description":"Gemeinsam die gr\u00fcne Insel entdecken","potentialAction":[{"@type":"SearchAction","target":{"@type":"EntryPoint","urlTemplate":"https:\/\/irland-reise-tipps.de\/de\/?s={search_term_string}"},"query-input":"required name=search_term_string"}],"inLanguage":"de"}]}},"_links":{"self":[{"href":"https:\/\/irland-reise-tipps.de\/de\/wp-json\/wp\/v2\/pages\/3394","targetHints":{"allow":["GET"]}}],"collection":[{"href":"https:\/\/irland-reise-tipps.de\/de\/wp-json\/wp\/v2\/pages"}],"about":[{"href":"https:\/\/irland-reise-tipps.de\/de\/wp-json\/wp\/v2\/types\/page"}],"author":[{"embeddable":true,"href":"https:\/\/irland-reise-tipps.de\/de\/wp-json\/wp\/v2\/users\/11"}],"replies":[{"embeddable":true,"href":"https:\/\/irland-reise-tipps.de\/de\/wp-json\/wp\/v2\/comments?post=3394"}],"version-history":[{"count":3,"href":"https:\/\/irland-reise-tipps.de\/de\/wp-json\/wp\/v2\/pages\/3394\/revisions"}],"predecessor-version":[{"id":3443,"href":"https:\/\/irland-reise-tipps.de\/de\/wp-json\/wp\/v2\/pages\/3394\/revisions\/3443"}],"up":[{"embeddable":true,"href":"https:\/\/irland-reise-tipps.de\/de\/wp-json\/wp\/v2\/pages\/18"}],"wp:attachment":[{"href":"https:\/\/irland-reise-tipps.de\/de\/wp-json\/wp\/v2\/media?parent=3394"}],"curies":[{"name":"wp","href":"https:\/\/api.w.org\/{rel}","templated":true}]}}