{"id":3371,"date":"2014-04-25T11:55:01","date_gmt":"2014-04-25T09:55:01","guid":{"rendered":"http:\/\/irland-reise-tipps.de\/de\/?page_id=3371"},"modified":"2014-04-25T11:56:28","modified_gmt":"2014-04-25T09:56:28","slug":"cedar-lodge-hotel","status":"publish","type":"page","link":"https:\/\/irland-reise-tipps.de\/de\/unterkunft\/hotels-in-wexford\/cedar-lodge-hotel\/","title":{"rendered":"Cedar Lodge Hotel"},"content":{"rendered":"\n<a href=\"https:\/\/irland-reise-tipps.de\/de\/wp-content\/gallery\/cedar-lodge-hotel\/front-of-hotel.jpg\" title=\"\" rel=\"lightbox[singlepic1581]\" >\n\t<img decoding=\"async\" class=\"ngg-singlepic ngg-right\" src=\"https:\/\/irland-reise-tipps.de\/de\/wp-content\/gallery\/cache\/1581__150x150_front-of-hotel.jpg\" alt=\"front-of-hotel\" title=\"front-of-hotel\" \/>\n<\/a>\n\n<h4>Kontakt Details<\/h4>\n<p>Cedar Lodge Hotel<\/p>\n<p>Carrigbyrne<\/p>\n<p>Newbaw<\/p>\n<p>New Ross<\/p>\n<p>Co. Wexford.<\/p>\n<p><strong>Telephone:<\/strong> +353 1 2958900<br \/>\n<strong>Email: <\/strong>cedarlodge@irishcountryhotels.com<br \/>\n<strong>Homepage:<\/strong> <a href=\"http:\/\/irishcountryhotels.com\/de\/hotels\/cedar-lodge-hotel\/\" target=\"_blank\" rel=\"nofollow\">http:\/\/irishcountryhotels.com\/de\/hotels\/cedar-lodge-hotel\/<\/a><\/p>\n\n<div class=\"ngg-galleryoverview\" id=\"ngg-gallery-153-3371\">\n\n\n\t\n\t<!-- Thumbnails -->\n\t\t\n\t<div id=\"ngg-image-1567\" class=\"ngg-gallery-thumbnail-box\"  >\n\t\t<div class=\"ngg-gallery-thumbnail\" >\n\t\t\t<a href=\"https:\/\/irland-reise-tipps.de\/de\/wp-content\/gallery\/cedar-lodge-hotel\/2012-bedroom-2-copy.jpg\" title=\" \" rel=\"lightbox[set_153]\" >\n\t\t\t\t\t\t\t\t<img loading=\"lazy\" decoding=\"async\" title=\"2012-bedroom-2-copy\" alt=\"2012-bedroom-2-copy\" src=\"https:\/\/irland-reise-tipps.de\/de\/wp-content\/gallery\/cedar-lodge-hotel\/thumbs\/thumbs_2012-bedroom-2-copy.jpg\" width=\"100\" height=\"75\" \/>\n\t\t\t\t\t\t\t<\/a>\n\t\t<\/div>\n\t<\/div>\n\t\n\t\t\n \t\t\n\t<div id=\"ngg-image-1568\" class=\"ngg-gallery-thumbnail-box\"  >\n\t\t<div class=\"ngg-gallery-thumbnail\" >\n\t\t\t<a href=\"https:\/\/irland-reise-tipps.de\/de\/wp-content\/gallery\/cedar-lodge-hotel\/2012-bedroom-4-copy.jpg\" title=\" \" rel=\"lightbox[set_153]\" >\n\t\t\t\t\t\t\t\t<img loading=\"lazy\" decoding=\"async\" title=\"2012-bedroom-4-copy\" alt=\"2012-bedroom-4-copy\" src=\"https:\/\/irland-reise-tipps.de\/de\/wp-content\/gallery\/cedar-lodge-hotel\/thumbs\/thumbs_2012-bedroom-4-copy.jpg\" width=\"100\" height=\"75\" \/>\n\t\t\t\t\t\t\t<\/a>\n\t\t<\/div>\n\t<\/div>\n\t\n\t\t\n \t\t\n\t<div id=\"ngg-image-1569\" class=\"ngg-gallery-thumbnail-box\"  >\n\t\t<div class=\"ngg-gallery-thumbnail\" >\n\t\t\t<a href=\"https:\/\/irland-reise-tipps.de\/de\/wp-content\/gallery\/cedar-lodge-hotel\/bar75.jpg\" title=\" \" rel=\"lightbox[set_153]\" >\n\t\t\t\t\t\t\t\t<img loading=\"lazy\" decoding=\"async\" title=\"bar75\" alt=\"bar75\" src=\"https:\/\/irland-reise-tipps.de\/de\/wp-content\/gallery\/cedar-lodge-hotel\/thumbs\/thumbs_bar75.jpg\" width=\"100\" height=\"75\" \/>\n\t\t\t\t\t\t\t<\/a>\n\t\t<\/div>\n\t<\/div>\n\t\n\t\t\n \t\t\n\t<div id=\"ngg-image-1570\" class=\"ngg-gallery-thumbnail-box\"  >\n\t\t<div class=\"ngg-gallery-thumbnail\" >\n\t\t\t<a href=\"https:\/\/irland-reise-tipps.de\/de\/wp-content\/gallery\/cedar-lodge-hotel\/cedar-lodge-bedroom-2010-copy.jpg\" title=\" \" rel=\"lightbox[set_153]\" >\n\t\t\t\t\t\t\t\t<img loading=\"lazy\" decoding=\"async\" title=\"cedar-lodge-bedroom-2010-copy\" alt=\"cedar-lodge-bedroom-2010-copy\" src=\"https:\/\/irland-reise-tipps.de\/de\/wp-content\/gallery\/cedar-lodge-hotel\/thumbs\/thumbs_cedar-lodge-bedroom-2010-copy.jpg\" width=\"100\" height=\"75\" \/>\n\t\t\t\t\t\t\t<\/a>\n\t\t<\/div>\n\t<\/div>\n\t\n\t\t\n \t\t\n\t<div id=\"ngg-image-1571\" class=\"ngg-gallery-thumbnail-box\"  >\n\t\t<div class=\"ngg-gallery-thumbnail\" >\n\t\t\t<a href=\"https:\/\/irland-reise-tipps.de\/de\/wp-content\/gallery\/cedar-lodge-hotel\/cedar-lodge-ext2.jpg\" title=\" \" rel=\"lightbox[set_153]\" >\n\t\t\t\t\t\t\t\t<img loading=\"lazy\" decoding=\"async\" title=\"cedar-lodge-ext2\" alt=\"cedar-lodge-ext2\" src=\"https:\/\/irland-reise-tipps.de\/de\/wp-content\/gallery\/cedar-lodge-hotel\/thumbs\/thumbs_cedar-lodge-ext2.jpg\" width=\"100\" height=\"75\" \/>\n\t\t\t\t\t\t\t<\/a>\n\t\t<\/div>\n\t<\/div>\n\t\n\t\t\n \t\t\n\t<div id=\"ngg-image-1572\" class=\"ngg-gallery-thumbnail-box\"  >\n\t\t<div class=\"ngg-gallery-thumbnail\" >\n\t\t\t<a href=\"https:\/\/irland-reise-tipps.de\/de\/wp-content\/gallery\/cedar-lodge-hotel\/cedar-lodge-exterior2-2010-copy.jpg\" title=\" \" rel=\"lightbox[set_153]\" >\n\t\t\t\t\t\t\t\t<img loading=\"lazy\" decoding=\"async\" title=\"cedar-lodge-exterior2-2010-copy\" alt=\"cedar-lodge-exterior2-2010-copy\" src=\"https:\/\/irland-reise-tipps.de\/de\/wp-content\/gallery\/cedar-lodge-hotel\/thumbs\/thumbs_cedar-lodge-exterior2-2010-copy.jpg\" width=\"100\" height=\"75\" \/>\n\t\t\t\t\t\t\t<\/a>\n\t\t<\/div>\n\t<\/div>\n\t\n\t\t\n \t\t\n\t<div id=\"ngg-image-1573\" class=\"ngg-gallery-thumbnail-box\"  >\n\t\t<div class=\"ngg-gallery-thumbnail\" >\n\t\t\t<a href=\"https:\/\/irland-reise-tipps.de\/de\/wp-content\/gallery\/cedar-lodge-hotel\/cedar-lodge-int1.jpg\" title=\" \" rel=\"lightbox[set_153]\" >\n\t\t\t\t\t\t\t\t<img loading=\"lazy\" decoding=\"async\" title=\"cedar-lodge-int1\" alt=\"cedar-lodge-int1\" src=\"https:\/\/irland-reise-tipps.de\/de\/wp-content\/gallery\/cedar-lodge-hotel\/thumbs\/thumbs_cedar-lodge-int1.jpg\" width=\"100\" height=\"75\" \/>\n\t\t\t\t\t\t\t<\/a>\n\t\t<\/div>\n\t<\/div>\n\t\n\t\t\n \t\t\n\t<div id=\"ngg-image-1574\" class=\"ngg-gallery-thumbnail-box\"  >\n\t\t<div class=\"ngg-gallery-thumbnail\" >\n\t\t\t<a href=\"https:\/\/irland-reise-tipps.de\/de\/wp-content\/gallery\/cedar-lodge-hotel\/cedar-lodge-int2.jpg\" title=\" \" rel=\"lightbox[set_153]\" >\n\t\t\t\t\t\t\t\t<img loading=\"lazy\" decoding=\"async\" title=\"cedar-lodge-int2\" alt=\"cedar-lodge-int2\" src=\"https:\/\/irland-reise-tipps.de\/de\/wp-content\/gallery\/cedar-lodge-hotel\/thumbs\/thumbs_cedar-lodge-int2.jpg\" width=\"100\" height=\"75\" \/>\n\t\t\t\t\t\t\t<\/a>\n\t\t<\/div>\n\t<\/div>\n\t\n\t\t\n \t\t\n\t<div id=\"ngg-image-1575\" class=\"ngg-gallery-thumbnail-box\"  >\n\t\t<div class=\"ngg-gallery-thumbnail\" >\n\t\t\t<a href=\"https:\/\/irland-reise-tipps.de\/de\/wp-content\/gallery\/cedar-lodge-hotel\/cedar-lodge-int4.jpg\" title=\" \" rel=\"lightbox[set_153]\" >\n\t\t\t\t\t\t\t\t<img loading=\"lazy\" decoding=\"async\" title=\"cedar-lodge-int4\" alt=\"cedar-lodge-int4\" src=\"https:\/\/irland-reise-tipps.de\/de\/wp-content\/gallery\/cedar-lodge-hotel\/thumbs\/thumbs_cedar-lodge-int4.jpg\" width=\"100\" height=\"75\" \/>\n\t\t\t\t\t\t\t<\/a>\n\t\t<\/div>\n\t<\/div>\n\t\n\t\t\n \t\t\n\t<div id=\"ngg-image-1576\" class=\"ngg-gallery-thumbnail-box\"  >\n\t\t<div class=\"ngg-gallery-thumbnail\" >\n\t\t\t<a href=\"https:\/\/irland-reise-tipps.de\/de\/wp-content\/gallery\/cedar-lodge-hotel\/cedar-lodge-int5.jpg\" title=\" \" rel=\"lightbox[set_153]\" >\n\t\t\t\t\t\t\t\t<img loading=\"lazy\" decoding=\"async\" title=\"cedar-lodge-int5\" alt=\"cedar-lodge-int5\" src=\"https:\/\/irland-reise-tipps.de\/de\/wp-content\/gallery\/cedar-lodge-hotel\/thumbs\/thumbs_cedar-lodge-int5.jpg\" width=\"100\" height=\"75\" \/>\n\t\t\t\t\t\t\t<\/a>\n\t\t<\/div>\n\t<\/div>\n\t\n\t\t\n \t\t\n\t<div id=\"ngg-image-1577\" class=\"ngg-gallery-thumbnail-box\"  >\n\t\t<div class=\"ngg-gallery-thumbnail\" >\n\t\t\t<a href=\"https:\/\/irland-reise-tipps.de\/de\/wp-content\/gallery\/cedar-lodge-hotel\/cedar-lodge-lobby-2010-copy.jpg\" title=\" \" rel=\"lightbox[set_153]\" >\n\t\t\t\t\t\t\t\t<img loading=\"lazy\" decoding=\"async\" title=\"cedar-lodge-lobby-2010-copy\" alt=\"cedar-lodge-lobby-2010-copy\" src=\"https:\/\/irland-reise-tipps.de\/de\/wp-content\/gallery\/cedar-lodge-hotel\/thumbs\/thumbs_cedar-lodge-lobby-2010-copy.jpg\" width=\"100\" height=\"75\" \/>\n\t\t\t\t\t\t\t<\/a>\n\t\t<\/div>\n\t<\/div>\n\t\n\t\t\n \t\t\n\t<div id=\"ngg-image-1578\" class=\"ngg-gallery-thumbnail-box\"  >\n\t\t<div class=\"ngg-gallery-thumbnail\" >\n\t\t\t<a href=\"https:\/\/irland-reise-tipps.de\/de\/wp-content\/gallery\/cedar-lodge-hotel\/champagne.jpg\" title=\" \" rel=\"lightbox[set_153]\" >\n\t\t\t\t\t\t\t\t<img loading=\"lazy\" decoding=\"async\" title=\"champagne\" alt=\"champagne\" src=\"https:\/\/irland-reise-tipps.de\/de\/wp-content\/gallery\/cedar-lodge-hotel\/thumbs\/thumbs_champagne.jpg\" width=\"100\" height=\"75\" \/>\n\t\t\t\t\t\t\t<\/a>\n\t\t<\/div>\n\t<\/div>\n\t\n\t\t\n \t\t\n\t<div id=\"ngg-image-1579\" class=\"ngg-gallery-thumbnail-box\"  >\n\t\t<div class=\"ngg-gallery-thumbnail\" >\n\t\t\t<a href=\"https:\/\/irland-reise-tipps.de\/de\/wp-content\/gallery\/cedar-lodge-hotel\/conservatory.jpg\" title=\" \" rel=\"lightbox[set_153]\" >\n\t\t\t\t\t\t\t\t<img loading=\"lazy\" decoding=\"async\" title=\"conservatory\" alt=\"conservatory\" src=\"https:\/\/irland-reise-tipps.de\/de\/wp-content\/gallery\/cedar-lodge-hotel\/thumbs\/thumbs_conservatory.jpg\" width=\"100\" height=\"75\" \/>\n\t\t\t\t\t\t\t<\/a>\n\t\t<\/div>\n\t<\/div>\n\t\n\t\t\n \t\t\n\t<div id=\"ngg-image-1580\" class=\"ngg-gallery-thumbnail-box\"  >\n\t\t<div class=\"ngg-gallery-thumbnail\" >\n\t\t\t<a href=\"https:\/\/irland-reise-tipps.de\/de\/wp-content\/gallery\/cedar-lodge-hotel\/decking-area.jpg\" title=\" \" rel=\"lightbox[set_153]\" >\n\t\t\t\t\t\t\t\t<img loading=\"lazy\" decoding=\"async\" title=\"decking-area\" alt=\"decking-area\" src=\"https:\/\/irland-reise-tipps.de\/de\/wp-content\/gallery\/cedar-lodge-hotel\/thumbs\/thumbs_decking-area.jpg\" width=\"100\" height=\"75\" \/>\n\t\t\t\t\t\t\t<\/a>\n\t\t<\/div>\n\t<\/div>\n\t\n\t\t\n \t\t\n\t<div id=\"ngg-image-1581\" class=\"ngg-gallery-thumbnail-box\"  >\n\t\t<div class=\"ngg-gallery-thumbnail\" >\n\t\t\t<a href=\"https:\/\/irland-reise-tipps.de\/de\/wp-content\/gallery\/cedar-lodge-hotel\/front-of-hotel.jpg\" title=\" \" rel=\"lightbox[set_153]\" >\n\t\t\t\t\t\t\t\t<img loading=\"lazy\" decoding=\"async\" title=\"front-of-hotel\" alt=\"front-of-hotel\" src=\"https:\/\/irland-reise-tipps.de\/de\/wp-content\/gallery\/cedar-lodge-hotel\/thumbs\/thumbs_front-of-hotel.jpg\" width=\"100\" height=\"75\" \/>\n\t\t\t\t\t\t\t<\/a>\n\t\t<\/div>\n\t<\/div>\n\t\n\t\t\n \t\t\n\t<div id=\"ngg-image-1582\" class=\"ngg-gallery-thumbnail-box\"  >\n\t\t<div class=\"ngg-gallery-thumbnail\" >\n\t\t\t<a href=\"https:\/\/irland-reise-tipps.de\/de\/wp-content\/gallery\/cedar-lodge-hotel\/gardens-2.jpg\" title=\" \" rel=\"lightbox[set_153]\" >\n\t\t\t\t\t\t\t\t<img loading=\"lazy\" decoding=\"async\" title=\"gardens-2\" alt=\"gardens-2\" src=\"https:\/\/irland-reise-tipps.de\/de\/wp-content\/gallery\/cedar-lodge-hotel\/thumbs\/thumbs_gardens-2.jpg\" width=\"100\" height=\"75\" \/>\n\t\t\t\t\t\t\t<\/a>\n\t\t<\/div>\n\t<\/div>\n\t\n\t\t\n \t\t\n\t<div id=\"ngg-image-1583\" class=\"ngg-gallery-thumbnail-box\"  >\n\t\t<div class=\"ngg-gallery-thumbnail\" >\n\t\t\t<a href=\"https:\/\/irland-reise-tipps.de\/de\/wp-content\/gallery\/cedar-lodge-hotel\/seating-area-2.jpg\" title=\" \" rel=\"lightbox[set_153]\" >\n\t\t\t\t\t\t\t\t<img loading=\"lazy\" decoding=\"async\" title=\"seating-area-2\" alt=\"seating-area-2\" src=\"https:\/\/irland-reise-tipps.de\/de\/wp-content\/gallery\/cedar-lodge-hotel\/thumbs\/thumbs_seating-area-2.jpg\" width=\"100\" height=\"75\" \/>\n\t\t\t\t\t\t\t<\/a>\n\t\t<\/div>\n\t<\/div>\n\t\n\t\t\n \t \t\n\t<!-- Pagination -->\n \t<div class=\"ngg-clear\"><\/div> \t\n<\/div>\n\n\n<h4 style=\"text-align: left;\">Beschreibung<\/h4>\n<p><strong>Herzlich Willkommen im Cedar Lodge Hotel!<\/strong><\/p>\n<p>Das Cedar Lodge Hotel &amp; Restaurant isteincharmantesLandhotel, das sichunterhalb der H\u00e4nge des historischenWaldes von Carrigbyrnebefindet. Die Lageistperfektf\u00fcr das Erkunden der 5 umliegendenGrafschaften, insbesonderef\u00fcrdiejenigen, die sichf\u00fcr das Jagenbegeistern.<\/p>\n<p>&nbsp;<\/p>\n<p>Was G\u00e4ste am Cedar Lodge Hotel in New Ross in der Grafschaft Wexford wertsch\u00e4tzen:<\/p>\n<p>&#8211; den Charme des Landhotels in New Ross, imHerzen der Grafschaft Wexford<\/p>\n<p>&#8211; die kurzeEntfernung von 35 MinutenvomF\u00e4hrhafen in Rosslare<\/p>\n<p>&#8211; das erstklassige Restaurant, das f\u00fcrseinhervorragendes Essen, die erlesenenWeine und seinenexzellenten Service angesehenist<\/p>\n<p>&#8211; die idealeLagezumErkunden des \u201esonnigenS\u00fcdostens\u201c<\/p>\n<p>&#8211; die fantastischenWaldspazierg\u00e4ngenaheCarrigbyrne Forest<\/p>\n<p>&#8211; die elegantenG\u00e4rtenmitatemberaubendemBlick auf die Landschaft<\/p>\n<p>&#8211; von Michelin &amp; Good Hotel Guide empfohlen<\/p>\n<p>&nbsp;<\/p>\n<p>Wir freuen uns auf Ihren Besuch!<\/p>\n<h4>Lage des Hotels und Sehensw\u00fcrdigkeiten in der N\u00e4he<\/h4>\n<p>[google-map-v3 shortcodeid=&#8220;55818b8d&#8220; width=&#8220;600&#8243; height=&#8220;400&#8243; zoom=&#8220;12&#8243; maptype=&#8220;roadmap&#8220; mapalign=&#8220;center&#8220; directionhint=&#8220;false&#8220; language=&#8220;default&#8220; poweredby=&#8220;false&#8220; maptypecontrol=&#8220;true&#8220; pancontrol=&#8220;true&#8220; zoomcontrol=&#8220;true&#8220; scalecontrol=&#8220;true&#8220; streetviewcontrol=&#8220;true&#8220; scrollwheelcontrol=&#8220;false&#8220; draggable=&#8220;true&#8220; tiltfourtyfive=&#8220;false&#8220; enablegeolocationmarker=&#8220;false&#8220; addmarkermashup=&#8220;false&#8220; addmarkermashupbubble=&#8220;false&#8220; addmarkerlist=&#8220;52.364430, -6.774165{}lodging_0star.png{}Cedar Losge Hotel&#8220; bubbleautopan=&#8220;true&#8220; distanceunits=&#8220;miles&#8220; showbike=&#8220;false&#8220; showtraffic=&#8220;false&#8220; showpanoramio=&#8220;false&#8220;]<\/p>\n","protected":false},"excerpt":{"rendered":"<p>Kontakt Details Cedar Lodge Hotel Carrigbyrne Newbaw New Ross Co. Wexford. Telephone: +353 1 2958900 Email: cedarlodge@irishcountryhotels.com Homepage: http:\/\/irishcountryhotels.com\/de\/hotels\/cedar-lodge-hotel\/ Beschreibung Herzlich Willkommen im Cedar Lodge Hotel! Das Cedar Lodge Hotel &amp; Restaurant isteincharmantesLandhotel, das sichunterhalb der H\u00e4nge des historischenWaldes von<span class=\"ellipsis\">&hellip;<\/span><\/p>\n<div class=\"read-more\"><a href=\"https:\/\/irland-reise-tipps.de\/de\/unterkunft\/hotels-in-wexford\/cedar-lodge-hotel\/\">Weiterlesen &#8250;<\/a><\/div>\n<p><!-- end of .read-more --><\/p>\n","protected":false},"author":11,"featured_media":0,"parent":3372,"menu_order":0,"comment_status":"closed","ping_status":"closed","template":"","meta":{"footnotes":""},"class_list":["post-3371","page","type-page","status-publish","hentry"],"yoast_head":"<!-- This site is optimized with the Yoast SEO plugin v21.2 - https:\/\/yoast.com\/wordpress\/plugins\/seo\/ -->\n<title>Cedar Lodge Hotel - Irland Reise Tipps<\/title>\n<meta name=\"description\" content=\"Gemeinsam die gr\u00fcne Insel Irland entdecken. Wir haben ausgew\u00e4hlte Veranstaltungen, Unterk\u00fcnfte und Touren mit den Highlights Irlands zusammengestellt.\" \/>\n<meta name=\"robots\" content=\"index, follow, max-snippet:-1, max-image-preview:large, max-video-preview:-1\" \/>\n<link rel=\"canonical\" href=\"https:\/\/irland-reise-tipps.de\/de\/unterkunft\/hotels-in-wexford\/cedar-lodge-hotel\/\" \/>\n<meta property=\"og:locale\" content=\"de_DE\" \/>\n<meta property=\"og:type\" content=\"article\" \/>\n<meta property=\"og:title\" content=\"Cedar Lodge Hotel - Irland Reise Tipps\" \/>\n<meta property=\"og:description\" content=\"Gemeinsam die gr\u00fcne Insel Irland entdecken. Wir haben ausgew\u00e4hlte Veranstaltungen, Unterk\u00fcnfte und Touren mit den Highlights Irlands zusammengestellt.\" \/>\n<meta property=\"og:url\" content=\"https:\/\/irland-reise-tipps.de\/de\/unterkunft\/hotels-in-wexford\/cedar-lodge-hotel\/\" \/>\n<meta property=\"og:site_name\" content=\"Irland Reise Tipps\" \/>\n<meta property=\"article:modified_time\" content=\"2014-04-25T09:56:28+00:00\" \/>\n<meta name=\"twitter:label1\" content=\"Gesch\u00e4tzte Lesezeit\" \/>\n\t<meta name=\"twitter:data1\" content=\"1\u00a0Minute\" \/>\n<script type=\"application\/ld+json\" class=\"yoast-schema-graph\">{\"@context\":\"https:\/\/schema.org\",\"@graph\":[{\"@type\":\"WebPage\",\"@id\":\"https:\/\/irland-reise-tipps.de\/de\/unterkunft\/hotels-in-wexford\/cedar-lodge-hotel\/\",\"url\":\"https:\/\/irland-reise-tipps.de\/de\/unterkunft\/hotels-in-wexford\/cedar-lodge-hotel\/\",\"name\":\"Cedar Lodge Hotel - Irland Reise Tipps\",\"isPartOf\":{\"@id\":\"https:\/\/irland-reise-tipps.de\/de\/#website\"},\"datePublished\":\"2014-04-25T09:55:01+00:00\",\"dateModified\":\"2014-04-25T09:56:28+00:00\",\"description\":\"Gemeinsam die gr\u00fcne Insel Irland entdecken. Wir haben ausgew\u00e4hlte Veranstaltungen, Unterk\u00fcnfte und Touren mit den Highlights Irlands zusammengestellt.\",\"breadcrumb\":{\"@id\":\"https:\/\/irland-reise-tipps.de\/de\/unterkunft\/hotels-in-wexford\/cedar-lodge-hotel\/#breadcrumb\"},\"inLanguage\":\"de\",\"potentialAction\":[{\"@type\":\"ReadAction\",\"target\":[\"https:\/\/irland-reise-tipps.de\/de\/unterkunft\/hotels-in-wexford\/cedar-lodge-hotel\/\"]}]},{\"@type\":\"BreadcrumbList\",\"@id\":\"https:\/\/irland-reise-tipps.de\/de\/unterkunft\/hotels-in-wexford\/cedar-lodge-hotel\/#breadcrumb\",\"itemListElement\":[{\"@type\":\"ListItem\",\"position\":1,\"name\":\"Home\",\"item\":\"https:\/\/irland-reise-tipps.de\/de\/\"},{\"@type\":\"ListItem\",\"position\":2,\"name\":\"Unterkunft\",\"item\":\"https:\/\/irland-reise-tipps.de\/de\/unterkunft\/\"},{\"@type\":\"ListItem\",\"position\":3,\"name\":\"Hotels in Wexford\",\"item\":\"https:\/\/irland-reise-tipps.de\/de\/unterkunft\/hotels-in-wexford\/\"},{\"@type\":\"ListItem\",\"position\":4,\"name\":\"Cedar Lodge Hotel\"}]},{\"@type\":\"WebSite\",\"@id\":\"https:\/\/irland-reise-tipps.de\/de\/#website\",\"url\":\"https:\/\/irland-reise-tipps.de\/de\/\",\"name\":\"Irland Reise Tipps\",\"description\":\"Gemeinsam die gr\u00fcne Insel entdecken\",\"potentialAction\":[{\"@type\":\"SearchAction\",\"target\":{\"@type\":\"EntryPoint\",\"urlTemplate\":\"https:\/\/irland-reise-tipps.de\/de\/?s={search_term_string}\"},\"query-input\":\"required name=search_term_string\"}],\"inLanguage\":\"de\"}]}<\/script>\n<!-- \/ Yoast SEO plugin. -->","yoast_head_json":{"title":"Cedar Lodge Hotel - Irland Reise Tipps","description":"Gemeinsam die gr\u00fcne Insel Irland entdecken. Wir haben ausgew\u00e4hlte Veranstaltungen, Unterk\u00fcnfte und Touren mit den Highlights Irlands zusammengestellt.","robots":{"index":"index","follow":"follow","max-snippet":"max-snippet:-1","max-image-preview":"max-image-preview:large","max-video-preview":"max-video-preview:-1"},"canonical":"https:\/\/irland-reise-tipps.de\/de\/unterkunft\/hotels-in-wexford\/cedar-lodge-hotel\/","og_locale":"de_DE","og_type":"article","og_title":"Cedar Lodge Hotel - Irland Reise Tipps","og_description":"Gemeinsam die gr\u00fcne Insel Irland entdecken. Wir haben ausgew\u00e4hlte Veranstaltungen, Unterk\u00fcnfte und Touren mit den Highlights Irlands zusammengestellt.","og_url":"https:\/\/irland-reise-tipps.de\/de\/unterkunft\/hotels-in-wexford\/cedar-lodge-hotel\/","og_site_name":"Irland Reise Tipps","article_modified_time":"2014-04-25T09:56:28+00:00","twitter_misc":{"Gesch\u00e4tzte Lesezeit":"1\u00a0Minute"},"schema":{"@context":"https:\/\/schema.org","@graph":[{"@type":"WebPage","@id":"https:\/\/irland-reise-tipps.de\/de\/unterkunft\/hotels-in-wexford\/cedar-lodge-hotel\/","url":"https:\/\/irland-reise-tipps.de\/de\/unterkunft\/hotels-in-wexford\/cedar-lodge-hotel\/","name":"Cedar Lodge Hotel - Irland Reise Tipps","isPartOf":{"@id":"https:\/\/irland-reise-tipps.de\/de\/#website"},"datePublished":"2014-04-25T09:55:01+00:00","dateModified":"2014-04-25T09:56:28+00:00","description":"Gemeinsam die gr\u00fcne Insel Irland entdecken. Wir haben ausgew\u00e4hlte Veranstaltungen, Unterk\u00fcnfte und Touren mit den Highlights Irlands zusammengestellt.","breadcrumb":{"@id":"https:\/\/irland-reise-tipps.de\/de\/unterkunft\/hotels-in-wexford\/cedar-lodge-hotel\/#breadcrumb"},"inLanguage":"de","potentialAction":[{"@type":"ReadAction","target":["https:\/\/irland-reise-tipps.de\/de\/unterkunft\/hotels-in-wexford\/cedar-lodge-hotel\/"]}]},{"@type":"BreadcrumbList","@id":"https:\/\/irland-reise-tipps.de\/de\/unterkunft\/hotels-in-wexford\/cedar-lodge-hotel\/#breadcrumb","itemListElement":[{"@type":"ListItem","position":1,"name":"Home","item":"https:\/\/irland-reise-tipps.de\/de\/"},{"@type":"ListItem","position":2,"name":"Unterkunft","item":"https:\/\/irland-reise-tipps.de\/de\/unterkunft\/"},{"@type":"ListItem","position":3,"name":"Hotels in Wexford","item":"https:\/\/irland-reise-tipps.de\/de\/unterkunft\/hotels-in-wexford\/"},{"@type":"ListItem","position":4,"name":"Cedar Lodge Hotel"}]},{"@type":"WebSite","@id":"https:\/\/irland-reise-tipps.de\/de\/#website","url":"https:\/\/irland-reise-tipps.de\/de\/","name":"Irland Reise Tipps","description":"Gemeinsam die gr\u00fcne Insel entdecken","potentialAction":[{"@type":"SearchAction","target":{"@type":"EntryPoint","urlTemplate":"https:\/\/irland-reise-tipps.de\/de\/?s={search_term_string}"},"query-input":"required name=search_term_string"}],"inLanguage":"de"}]}},"_links":{"self":[{"href":"https:\/\/irland-reise-tipps.de\/de\/wp-json\/wp\/v2\/pages\/3371","targetHints":{"allow":["GET"]}}],"collection":[{"href":"https:\/\/irland-reise-tipps.de\/de\/wp-json\/wp\/v2\/pages"}],"about":[{"href":"https:\/\/irland-reise-tipps.de\/de\/wp-json\/wp\/v2\/types\/page"}],"author":[{"embeddable":true,"href":"https:\/\/irland-reise-tipps.de\/de\/wp-json\/wp\/v2\/users\/11"}],"replies":[{"embeddable":true,"href":"https:\/\/irland-reise-tipps.de\/de\/wp-json\/wp\/v2\/comments?post=3371"}],"version-history":[{"count":4,"href":"https:\/\/irland-reise-tipps.de\/de\/wp-json\/wp\/v2\/pages\/3371\/revisions"}],"predecessor-version":[{"id":3403,"href":"https:\/\/irland-reise-tipps.de\/de\/wp-json\/wp\/v2\/pages\/3371\/revisions\/3403"}],"up":[{"embeddable":true,"href":"https:\/\/irland-reise-tipps.de\/de\/wp-json\/wp\/v2\/pages\/3372"}],"wp:attachment":[{"href":"https:\/\/irland-reise-tipps.de\/de\/wp-json\/wp\/v2\/media?parent=3371"}],"curies":[{"name":"wp","href":"https:\/\/api.w.org\/{rel}","templated":true}]}}