{"id":3367,"date":"2014-04-25T09:39:02","date_gmt":"2014-04-25T07:39:02","guid":{"rendered":"http:\/\/irland-reise-tipps.de\/de\/?page_id=3367"},"modified":"2014-04-25T13:17:36","modified_gmt":"2014-04-25T11:17:36","slug":"arbutus-hotel","status":"publish","type":"page","link":"https:\/\/irland-reise-tipps.de\/de\/unterkunft\/hotels-in-kerry\/arbutus-hotel\/","title":{"rendered":"Arbutus Hotel"},"content":{"rendered":"<h4 style=\"text-align: right;\">\n<a href=\"https:\/\/irland-reise-tipps.de\/de\/wp-content\/gallery\/arbutus-hotel\/arbutus-014.jpg\" title=\"\" rel=\"lightbox[singlepic1512]\" >\n\t<img decoding=\"async\" class=\"ngg-singlepic ngg-right\" src=\"https:\/\/irland-reise-tipps.de\/de\/wp-content\/gallery\/cache\/1512__150x150_arbutus-014.jpg\" alt=\"arbutus-014\" title=\"arbutus-014\" \/>\n<\/a>\n<\/h4>\n<h4>Kontakt Details<\/h4>\n<p><b>Arbutus Hotel<\/b><\/p>\n<p><b>Killarney <\/b><\/p>\n<p><b>Co Kerry <\/b><\/p>\n<p><strong>Telephone:<\/strong> +353 1 2958900<\/p>\n<p><strong>Email:<\/strong><a href=\"mailto:arbutus@irishcountryhotels.com\">arbutus@irishcountryhotels.com<\/a><\/p>\n<p><strong>Homepage: <\/strong><a href=\"http:\/\/irishcountryhotels.com\/de\/hotels\/arbutus-hotel\/\" target=\"_blank\" rel=\"nofollow\">http:\/\/irishcountryhotels.com\/de\/hotels\/arbutus-hotel\/<\/a><\/p>\n\n<div class=\"ngg-galleryoverview\" id=\"ngg-gallery-137-3367\">\n\n\n\t\n\t<!-- Thumbnails -->\n\t\t\n\t<div id=\"ngg-image-1512\" class=\"ngg-gallery-thumbnail-box\"  >\n\t\t<div class=\"ngg-gallery-thumbnail\" >\n\t\t\t<a href=\"https:\/\/irland-reise-tipps.de\/de\/wp-content\/gallery\/arbutus-hotel\/arbutus-014.jpg\" title=\" \" rel=\"lightbox[set_137]\" >\n\t\t\t\t\t\t\t\t<img loading=\"lazy\" decoding=\"async\" title=\"arbutus-014\" alt=\"arbutus-014\" src=\"https:\/\/irland-reise-tipps.de\/de\/wp-content\/gallery\/arbutus-hotel\/thumbs\/thumbs_arbutus-014.jpg\" width=\"100\" height=\"75\" \/>\n\t\t\t\t\t\t\t<\/a>\n\t\t<\/div>\n\t<\/div>\n\t\n\t\t\n \t\t\n\t<div id=\"ngg-image-1513\" class=\"ngg-gallery-thumbnail-box\"  >\n\t\t<div class=\"ngg-gallery-thumbnail\" >\n\t\t\t<a href=\"https:\/\/irland-reise-tipps.de\/de\/wp-content\/gallery\/arbutus-hotel\/arbutus-26.jpg\" title=\" \" rel=\"lightbox[set_137]\" >\n\t\t\t\t\t\t\t\t<img loading=\"lazy\" decoding=\"async\" title=\"arbutus-26\" alt=\"arbutus-26\" src=\"https:\/\/irland-reise-tipps.de\/de\/wp-content\/gallery\/arbutus-hotel\/thumbs\/thumbs_arbutus-26.jpg\" width=\"100\" height=\"75\" \/>\n\t\t\t\t\t\t\t<\/a>\n\t\t<\/div>\n\t<\/div>\n\t\n\t\t\n \t\t\n\t<div id=\"ngg-image-1514\" class=\"ngg-gallery-thumbnail-box\"  >\n\t\t<div class=\"ngg-gallery-thumbnail\" >\n\t\t\t<a href=\"https:\/\/irland-reise-tipps.de\/de\/wp-content\/gallery\/arbutus-hotel\/arbutus-278.jpg\" title=\" \" rel=\"lightbox[set_137]\" >\n\t\t\t\t\t\t\t\t<img loading=\"lazy\" decoding=\"async\" title=\"arbutus-278\" alt=\"arbutus-278\" src=\"https:\/\/irland-reise-tipps.de\/de\/wp-content\/gallery\/arbutus-hotel\/thumbs\/thumbs_arbutus-278.jpg\" width=\"100\" height=\"75\" \/>\n\t\t\t\t\t\t\t<\/a>\n\t\t<\/div>\n\t<\/div>\n\t\n\t\t\n \t\t\n\t<div id=\"ngg-image-1515\" class=\"ngg-gallery-thumbnail-box\"  >\n\t\t<div class=\"ngg-gallery-thumbnail\" >\n\t\t\t<a href=\"https:\/\/irland-reise-tipps.de\/de\/wp-content\/gallery\/arbutus-hotel\/arbutus-290s.jpg\" title=\" \" rel=\"lightbox[set_137]\" >\n\t\t\t\t\t\t\t\t<img loading=\"lazy\" decoding=\"async\" title=\"arbutus-290s\" alt=\"arbutus-290s\" src=\"https:\/\/irland-reise-tipps.de\/de\/wp-content\/gallery\/arbutus-hotel\/thumbs\/thumbs_arbutus-290s.jpg\" width=\"100\" height=\"75\" \/>\n\t\t\t\t\t\t\t<\/a>\n\t\t<\/div>\n\t<\/div>\n\t\n\t\t\n \t\t\n\t<div id=\"ngg-image-1516\" class=\"ngg-gallery-thumbnail-box\"  >\n\t\t<div class=\"ngg-gallery-thumbnail\" >\n\t\t\t<a href=\"https:\/\/irland-reise-tipps.de\/de\/wp-content\/gallery\/arbutus-hotel\/arbutus-301.jpg\" title=\" \" rel=\"lightbox[set_137]\" >\n\t\t\t\t\t\t\t\t<img loading=\"lazy\" decoding=\"async\" title=\"arbutus-301\" alt=\"arbutus-301\" src=\"https:\/\/irland-reise-tipps.de\/de\/wp-content\/gallery\/arbutus-hotel\/thumbs\/thumbs_arbutus-301.jpg\" width=\"100\" height=\"75\" \/>\n\t\t\t\t\t\t\t<\/a>\n\t\t<\/div>\n\t<\/div>\n\t\n\t\t\n \t\t\n\t<div id=\"ngg-image-1517\" class=\"ngg-gallery-thumbnail-box\"  >\n\t\t<div class=\"ngg-gallery-thumbnail\" >\n\t\t\t<a href=\"https:\/\/irland-reise-tipps.de\/de\/wp-content\/gallery\/arbutus-hotel\/arbutus-bedside.jpg\" title=\" \" rel=\"lightbox[set_137]\" >\n\t\t\t\t\t\t\t\t<img loading=\"lazy\" decoding=\"async\" title=\"arbutus-bedside\" alt=\"arbutus-bedside\" src=\"https:\/\/irland-reise-tipps.de\/de\/wp-content\/gallery\/arbutus-hotel\/thumbs\/thumbs_arbutus-bedside.jpg\" width=\"100\" height=\"75\" \/>\n\t\t\t\t\t\t\t<\/a>\n\t\t<\/div>\n\t<\/div>\n\t\n\t\t\n \t\t\n\t<div id=\"ngg-image-1518\" class=\"ngg-gallery-thumbnail-box\"  >\n\t\t<div class=\"ngg-gallery-thumbnail\" >\n\t\t\t<a href=\"https:\/\/irland-reise-tipps.de\/de\/wp-content\/gallery\/arbutus-hotel\/arbutus-dining-room5-plain.jpg\" title=\" \" rel=\"lightbox[set_137]\" >\n\t\t\t\t\t\t\t\t<img loading=\"lazy\" decoding=\"async\" title=\"arbutus-dining-room5-plain\" alt=\"arbutus-dining-room5-plain\" src=\"https:\/\/irland-reise-tipps.de\/de\/wp-content\/gallery\/arbutus-hotel\/thumbs\/thumbs_arbutus-dining-room5-plain.jpg\" width=\"100\" height=\"75\" \/>\n\t\t\t\t\t\t\t<\/a>\n\t\t<\/div>\n\t<\/div>\n\t\n\t\t\n \t\t\n\t<div id=\"ngg-image-1519\" class=\"ngg-gallery-thumbnail-box\"  >\n\t\t<div class=\"ngg-gallery-thumbnail\" >\n\t\t\t<a href=\"https:\/\/irland-reise-tipps.de\/de\/wp-content\/gallery\/arbutus-hotel\/arbutus-the-drawing-room.jpg\" title=\"XKILLY1\" rel=\"lightbox[set_137]\" >\n\t\t\t\t\t\t\t\t<img loading=\"lazy\" decoding=\"async\" title=\"XKILLY1\" alt=\"XKILLY1\" src=\"https:\/\/irland-reise-tipps.de\/de\/wp-content\/gallery\/arbutus-hotel\/thumbs\/thumbs_arbutus-the-drawing-room.jpg\" width=\"100\" height=\"75\" \/>\n\t\t\t\t\t\t\t<\/a>\n\t\t<\/div>\n\t<\/div>\n\t\n\t\t\n \t\t\n\t<div id=\"ngg-image-1520\" class=\"ngg-gallery-thumbnail-box\"  >\n\t\t<div class=\"ngg-gallery-thumbnail\" >\n\t\t\t<a href=\"https:\/\/irland-reise-tipps.de\/de\/wp-content\/gallery\/arbutus-hotel\/arbutus-the-drawing-roomedited.jpg\" title=\" \" rel=\"lightbox[set_137]\" >\n\t\t\t\t\t\t\t\t<img loading=\"lazy\" decoding=\"async\" title=\"XKILLY1\" alt=\"XKILLY1\" src=\"https:\/\/irland-reise-tipps.de\/de\/wp-content\/gallery\/arbutus-hotel\/thumbs\/thumbs_arbutus-the-drawing-roomedited.jpg\" width=\"100\" height=\"75\" \/>\n\t\t\t\t\t\t\t<\/a>\n\t\t<\/div>\n\t<\/div>\n\t\n\t\t\n \t\t\n\t<div id=\"ngg-image-1521\" class=\"ngg-gallery-thumbnail-box\"  >\n\t\t<div class=\"ngg-gallery-thumbnail\" >\n\t\t\t<a href=\"https:\/\/irland-reise-tipps.de\/de\/wp-content\/gallery\/arbutus-hotel\/bedroom1.jpg\" title=\" \" rel=\"lightbox[set_137]\" >\n\t\t\t\t\t\t\t\t<img loading=\"lazy\" decoding=\"async\" title=\"bedroom1\" alt=\"bedroom1\" src=\"https:\/\/irland-reise-tipps.de\/de\/wp-content\/gallery\/arbutus-hotel\/thumbs\/thumbs_bedroom1.jpg\" width=\"100\" height=\"75\" \/>\n\t\t\t\t\t\t\t<\/a>\n\t\t<\/div>\n\t<\/div>\n\t\n\t\t\n \t \t\n\t<!-- Pagination -->\n \t<div class=\"ngg-clear\"><\/div> \t\n<\/div>\n\n\n<h4 style=\"text-align: left;\">Beschreibung<\/h4>\n<p><strong>Herzlich Willkommen im Arbutus Hotel!<\/strong><\/p>\n<p>Das Arbutus Hotel befindetsichimHerzen von Killarney und z\u00e4hltzum\u00e4ltesten und beliebtesten Hotel der Stadt.<\/p>\n<p>Das Hotel hat einen historischen Charakter, entspricht jedoch den neuesten Standards und verf\u00fcgt \u00fcber die modernsten Einrichtungen. Es verf\u00fcgt \u00fcber Unterkunft und Service eines gro\u00dfen Hotels zusammen mit pers\u00f6nlicher und intimer Sorgfalt, die nur ein kleines Hotel bietenkann. Das Hotel verf\u00fcgt \u00fcber: kostenlose Parkpl\u00e4tze, gerade mal 250 m vom Hotel entfernt, erstklassige Lage im Zentrum der Stadt Killarney und kostenloses WLAN in allen \u00f6ffentlichen Bereichen. Es ist ein historisches Hotel mit traditionell herzlicher Gastfreundschaft, das von Tripadvisor mit demTravellers&#8216; Choice\u00ae 2013 f\u00fcr besten Service in einem kleinen Hotel ausgezeichnet wurde.<\/p>\n<p>Wir freuen uns auf Ihren Besuch!<\/p>\n<h4>Lage des Hotels und Sehensw\u00fcrdigkeiten in der N\u00e4he<\/h4>\n<p>[google-map-v3 shortcodeid=&#8220;514f350d&#8220; width=&#8220;600&#8243; height=&#8220;400&#8243; zoom=&#8220;12&#8243; maptype=&#8220;roadmap&#8220; mapalign=&#8220;center&#8220; directionhint=&#8220;false&#8220; language=&#8220;default&#8220; poweredby=&#8220;false&#8220; maptypecontrol=&#8220;true&#8220; pancontrol=&#8220;true&#8220; zoomcontrol=&#8220;true&#8220; scalecontrol=&#8220;true&#8220; streetviewcontrol=&#8220;true&#8220; scrollwheelcontrol=&#8220;false&#8220; draggable=&#8220;true&#8220; tiltfourtyfive=&#8220;false&#8220; enablegeolocationmarker=&#8220;false&#8220; addmarkermashup=&#8220;false&#8220; addmarkermashupbubble=&#8220;false&#8220; addmarkerlist=&#8220;52.059569, -9.506177{}lodging_0star.png{}Arbutus Hotel&#8220; bubbleautopan=&#8220;true&#8220; distanceunits=&#8220;miles&#8220; showbike=&#8220;false&#8220; showtraffic=&#8220;false&#8220; showpanoramio=&#8220;false&#8220;]<\/p>\n","protected":false},"excerpt":{"rendered":"<p>Kontakt Details Arbutus Hotel Killarney Co Kerry Telephone: +353 1 2958900 Email:arbutus@irishcountryhotels.com Homepage: http:\/\/irishcountryhotels.com\/de\/hotels\/arbutus-hotel\/ Beschreibung Herzlich Willkommen im Arbutus Hotel! Das Arbutus Hotel befindetsichimHerzen von Killarney und z\u00e4hltzum\u00e4ltesten und beliebtesten Hotel der Stadt. Das Hotel hat einen historischen Charakter, entspricht<span class=\"ellipsis\">&hellip;<\/span><\/p>\n<div class=\"read-more\"><a href=\"https:\/\/irland-reise-tipps.de\/de\/unterkunft\/hotels-in-kerry\/arbutus-hotel\/\">Weiterlesen &#8250;<\/a><\/div>\n<p><!-- end of .read-more --><\/p>\n","protected":false},"author":11,"featured_media":0,"parent":3394,"menu_order":0,"comment_status":"closed","ping_status":"closed","template":"","meta":{"footnotes":""},"class_list":["post-3367","page","type-page","status-publish","hentry"],"yoast_head":"<!-- This site is optimized with the Yoast SEO plugin v21.2 - https:\/\/yoast.com\/wordpress\/plugins\/seo\/ -->\n<title>Arbutus Hotel - Irland Reise Tipps<\/title>\n<meta name=\"description\" content=\"Gemeinsam die gr\u00fcne Insel Irland entdecken. Wir haben ausgew\u00e4hlte Veranstaltungen, Unterk\u00fcnfte und Touren mit den Highlights Irlands zusammengestellt.\" \/>\n<meta name=\"robots\" content=\"index, follow, max-snippet:-1, max-image-preview:large, max-video-preview:-1\" \/>\n<link rel=\"canonical\" href=\"https:\/\/irland-reise-tipps.de\/de\/unterkunft\/hotels-in-kerry\/arbutus-hotel\/\" \/>\n<meta property=\"og:locale\" content=\"de_DE\" \/>\n<meta property=\"og:type\" content=\"article\" \/>\n<meta property=\"og:title\" content=\"Arbutus Hotel - Irland Reise Tipps\" \/>\n<meta property=\"og:description\" content=\"Gemeinsam die gr\u00fcne Insel Irland entdecken. Wir haben ausgew\u00e4hlte Veranstaltungen, Unterk\u00fcnfte und Touren mit den Highlights Irlands zusammengestellt.\" \/>\n<meta property=\"og:url\" content=\"https:\/\/irland-reise-tipps.de\/de\/unterkunft\/hotels-in-kerry\/arbutus-hotel\/\" \/>\n<meta property=\"og:site_name\" content=\"Irland Reise Tipps\" \/>\n<meta property=\"article:modified_time\" content=\"2014-04-25T11:17:36+00:00\" \/>\n<meta name=\"twitter:label1\" content=\"Gesch\u00e4tzte Lesezeit\" \/>\n\t<meta name=\"twitter:data1\" content=\"1\u00a0Minute\" \/>\n<script type=\"application\/ld+json\" class=\"yoast-schema-graph\">{\"@context\":\"https:\/\/schema.org\",\"@graph\":[{\"@type\":\"WebPage\",\"@id\":\"https:\/\/irland-reise-tipps.de\/de\/unterkunft\/hotels-in-kerry\/arbutus-hotel\/\",\"url\":\"https:\/\/irland-reise-tipps.de\/de\/unterkunft\/hotels-in-kerry\/arbutus-hotel\/\",\"name\":\"Arbutus Hotel - Irland Reise Tipps\",\"isPartOf\":{\"@id\":\"https:\/\/irland-reise-tipps.de\/de\/#website\"},\"datePublished\":\"2014-04-25T07:39:02+00:00\",\"dateModified\":\"2014-04-25T11:17:36+00:00\",\"description\":\"Gemeinsam die gr\u00fcne Insel Irland entdecken. Wir haben ausgew\u00e4hlte Veranstaltungen, Unterk\u00fcnfte und Touren mit den Highlights Irlands zusammengestellt.\",\"breadcrumb\":{\"@id\":\"https:\/\/irland-reise-tipps.de\/de\/unterkunft\/hotels-in-kerry\/arbutus-hotel\/#breadcrumb\"},\"inLanguage\":\"de\",\"potentialAction\":[{\"@type\":\"ReadAction\",\"target\":[\"https:\/\/irland-reise-tipps.de\/de\/unterkunft\/hotels-in-kerry\/arbutus-hotel\/\"]}]},{\"@type\":\"BreadcrumbList\",\"@id\":\"https:\/\/irland-reise-tipps.de\/de\/unterkunft\/hotels-in-kerry\/arbutus-hotel\/#breadcrumb\",\"itemListElement\":[{\"@type\":\"ListItem\",\"position\":1,\"name\":\"Home\",\"item\":\"https:\/\/irland-reise-tipps.de\/de\/\"},{\"@type\":\"ListItem\",\"position\":2,\"name\":\"Unterkunft\",\"item\":\"https:\/\/irland-reise-tipps.de\/de\/unterkunft\/\"},{\"@type\":\"ListItem\",\"position\":3,\"name\":\"Hotels in Kerry\",\"item\":\"https:\/\/irland-reise-tipps.de\/de\/unterkunft\/hotels-in-kerry\/\"},{\"@type\":\"ListItem\",\"position\":4,\"name\":\"Arbutus Hotel\"}]},{\"@type\":\"WebSite\",\"@id\":\"https:\/\/irland-reise-tipps.de\/de\/#website\",\"url\":\"https:\/\/irland-reise-tipps.de\/de\/\",\"name\":\"Irland Reise Tipps\",\"description\":\"Gemeinsam die gr\u00fcne Insel entdecken\",\"potentialAction\":[{\"@type\":\"SearchAction\",\"target\":{\"@type\":\"EntryPoint\",\"urlTemplate\":\"https:\/\/irland-reise-tipps.de\/de\/?s={search_term_string}\"},\"query-input\":\"required name=search_term_string\"}],\"inLanguage\":\"de\"}]}<\/script>\n<!-- \/ Yoast SEO plugin. -->","yoast_head_json":{"title":"Arbutus Hotel - Irland Reise Tipps","description":"Gemeinsam die gr\u00fcne Insel Irland entdecken. Wir haben ausgew\u00e4hlte Veranstaltungen, Unterk\u00fcnfte und Touren mit den Highlights Irlands zusammengestellt.","robots":{"index":"index","follow":"follow","max-snippet":"max-snippet:-1","max-image-preview":"max-image-preview:large","max-video-preview":"max-video-preview:-1"},"canonical":"https:\/\/irland-reise-tipps.de\/de\/unterkunft\/hotels-in-kerry\/arbutus-hotel\/","og_locale":"de_DE","og_type":"article","og_title":"Arbutus Hotel - Irland Reise Tipps","og_description":"Gemeinsam die gr\u00fcne Insel Irland entdecken. Wir haben ausgew\u00e4hlte Veranstaltungen, Unterk\u00fcnfte und Touren mit den Highlights Irlands zusammengestellt.","og_url":"https:\/\/irland-reise-tipps.de\/de\/unterkunft\/hotels-in-kerry\/arbutus-hotel\/","og_site_name":"Irland Reise Tipps","article_modified_time":"2014-04-25T11:17:36+00:00","twitter_misc":{"Gesch\u00e4tzte Lesezeit":"1\u00a0Minute"},"schema":{"@context":"https:\/\/schema.org","@graph":[{"@type":"WebPage","@id":"https:\/\/irland-reise-tipps.de\/de\/unterkunft\/hotels-in-kerry\/arbutus-hotel\/","url":"https:\/\/irland-reise-tipps.de\/de\/unterkunft\/hotels-in-kerry\/arbutus-hotel\/","name":"Arbutus Hotel - Irland Reise Tipps","isPartOf":{"@id":"https:\/\/irland-reise-tipps.de\/de\/#website"},"datePublished":"2014-04-25T07:39:02+00:00","dateModified":"2014-04-25T11:17:36+00:00","description":"Gemeinsam die gr\u00fcne Insel Irland entdecken. Wir haben ausgew\u00e4hlte Veranstaltungen, Unterk\u00fcnfte und Touren mit den Highlights Irlands zusammengestellt.","breadcrumb":{"@id":"https:\/\/irland-reise-tipps.de\/de\/unterkunft\/hotels-in-kerry\/arbutus-hotel\/#breadcrumb"},"inLanguage":"de","potentialAction":[{"@type":"ReadAction","target":["https:\/\/irland-reise-tipps.de\/de\/unterkunft\/hotels-in-kerry\/arbutus-hotel\/"]}]},{"@type":"BreadcrumbList","@id":"https:\/\/irland-reise-tipps.de\/de\/unterkunft\/hotels-in-kerry\/arbutus-hotel\/#breadcrumb","itemListElement":[{"@type":"ListItem","position":1,"name":"Home","item":"https:\/\/irland-reise-tipps.de\/de\/"},{"@type":"ListItem","position":2,"name":"Unterkunft","item":"https:\/\/irland-reise-tipps.de\/de\/unterkunft\/"},{"@type":"ListItem","position":3,"name":"Hotels in Kerry","item":"https:\/\/irland-reise-tipps.de\/de\/unterkunft\/hotels-in-kerry\/"},{"@type":"ListItem","position":4,"name":"Arbutus Hotel"}]},{"@type":"WebSite","@id":"https:\/\/irland-reise-tipps.de\/de\/#website","url":"https:\/\/irland-reise-tipps.de\/de\/","name":"Irland Reise Tipps","description":"Gemeinsam die gr\u00fcne Insel entdecken","potentialAction":[{"@type":"SearchAction","target":{"@type":"EntryPoint","urlTemplate":"https:\/\/irland-reise-tipps.de\/de\/?s={search_term_string}"},"query-input":"required name=search_term_string"}],"inLanguage":"de"}]}},"_links":{"self":[{"href":"https:\/\/irland-reise-tipps.de\/de\/wp-json\/wp\/v2\/pages\/3367","targetHints":{"allow":["GET"]}}],"collection":[{"href":"https:\/\/irland-reise-tipps.de\/de\/wp-json\/wp\/v2\/pages"}],"about":[{"href":"https:\/\/irland-reise-tipps.de\/de\/wp-json\/wp\/v2\/types\/page"}],"author":[{"embeddable":true,"href":"https:\/\/irland-reise-tipps.de\/de\/wp-json\/wp\/v2\/users\/11"}],"replies":[{"embeddable":true,"href":"https:\/\/irland-reise-tipps.de\/de\/wp-json\/wp\/v2\/comments?post=3367"}],"version-history":[{"count":5,"href":"https:\/\/irland-reise-tipps.de\/de\/wp-json\/wp\/v2\/pages\/3367\/revisions"}],"predecessor-version":[{"id":3442,"href":"https:\/\/irland-reise-tipps.de\/de\/wp-json\/wp\/v2\/pages\/3367\/revisions\/3442"}],"up":[{"embeddable":true,"href":"https:\/\/irland-reise-tipps.de\/de\/wp-json\/wp\/v2\/pages\/3394"}],"wp:attachment":[{"href":"https:\/\/irland-reise-tipps.de\/de\/wp-json\/wp\/v2\/media?parent=3367"}],"curies":[{"name":"wp","href":"https:\/\/api.w.org\/{rel}","templated":true}]}}