{"id":3192,"date":"2013-11-27T13:34:03","date_gmt":"2013-11-27T12:34:03","guid":{"rendered":"http:\/\/irland-reise-tipps.de\/de\/?page_id=3192"},"modified":"2013-11-28T10:09:10","modified_gmt":"2013-11-28T09:09:10","slug":"killyhevlin-hotel","status":"publish","type":"page","link":"https:\/\/irland-reise-tipps.de\/de\/unterkunft\/hotels-in-fermanagh\/killyhevlin-hotel\/","title":{"rendered":"Killyhevlin Hotel &#038; Health Club"},"content":{"rendered":"<h4 style=\"text-align: right;\">\n<a href=\"https:\/\/irland-reise-tipps.de\/de\/wp-content\/gallery\/killyhevlin-hotel\/lakeview_1310985257.jpg\" title=\"\" rel=\"lightbox[singlepic1461]\" >\n\t<img decoding=\"async\" class=\"ngg-singlepic ngg-right\" src=\"https:\/\/irland-reise-tipps.de\/de\/wp-content\/gallery\/cache\/1461__150x150_lakeview_1310985257.jpg\" alt=\"lakeview_1310985257\" title=\"lakeview_1310985257\" \/>\n<\/a>\n<\/h4>\n<h4>Kontakt Details<\/h4>\n<p>Killyhevlin Hotel &amp; Health Club<br \/>\nKillyhevlin<br \/>\nEnniskillen<br \/>\nBT74 6RW.<\/p>\n<p><strong>Telephone:<\/strong> +353 1 2958900<br \/>\n<strong>Email:<\/strong> <span class=\"fs\"><a href=\"mailto:killyhevlin@irishcountryhotels.com\">killyhevlin@irishcountryhotels.com<\/a><\/span><br \/>\n<strong>Homepage:<\/strong> <a href=\"http:\/\/irishcountryhotels.com\/de\/hotels\/killyhevlin-hotel-and-health-club\/\" target=\"_blank\" rel=\"nofollow\">http:\/\/irishcountryhotels.com\/de\/hotels\/killyhevlin-hotel-and-health-club\/<\/a><\/p>\n\n<div class=\"ngg-galleryoverview\" id=\"ngg-gallery-129-3192\">\n\n\n\t\n\t<!-- Thumbnails -->\n\t\t\n\t<div id=\"ngg-image-1460\" class=\"ngg-gallery-thumbnail-box\"  >\n\t\t<div class=\"ngg-gallery-thumbnail\" >\n\t\t\t<a href=\"https:\/\/irland-reise-tipps.de\/de\/wp-content\/gallery\/killyhevlin-hotel\/familybedroom_1310984776.jpg\" title=\" \" rel=\"lightbox[set_129]\" >\n\t\t\t\t\t\t\t\t<img loading=\"lazy\" decoding=\"async\" title=\"familybedroom_1310984776\" alt=\"familybedroom_1310984776\" src=\"https:\/\/irland-reise-tipps.de\/de\/wp-content\/gallery\/killyhevlin-hotel\/thumbs\/thumbs_familybedroom_1310984776.jpg\" width=\"100\" height=\"75\" \/>\n\t\t\t\t\t\t\t<\/a>\n\t\t<\/div>\n\t<\/div>\n\t\n\t\t\n \t\t\n\t<div id=\"ngg-image-1461\" class=\"ngg-gallery-thumbnail-box\"  >\n\t\t<div class=\"ngg-gallery-thumbnail\" >\n\t\t\t<a href=\"https:\/\/irland-reise-tipps.de\/de\/wp-content\/gallery\/killyhevlin-hotel\/lakeview_1310985257.jpg\" title=\" \" rel=\"lightbox[set_129]\" >\n\t\t\t\t\t\t\t\t<img loading=\"lazy\" decoding=\"async\" title=\"lakeview_1310985257\" alt=\"lakeview_1310985257\" src=\"https:\/\/irland-reise-tipps.de\/de\/wp-content\/gallery\/killyhevlin-hotel\/thumbs\/thumbs_lakeview_1310985257.jpg\" width=\"100\" height=\"75\" \/>\n\t\t\t\t\t\t\t<\/a>\n\t\t<\/div>\n\t<\/div>\n\t\n\t\t\n \t\t\n\t<div id=\"ngg-image-1462\" class=\"ngg-gallery-thumbnail-box\"  >\n\t\t<div class=\"ngg-gallery-thumbnail\" >\n\t\t\t<a href=\"https:\/\/irland-reise-tipps.de\/de\/wp-content\/gallery\/killyhevlin-hotel\/lakeviewbedroom_1310984995.jpg\" title=\" \" rel=\"lightbox[set_129]\" >\n\t\t\t\t\t\t\t\t<img loading=\"lazy\" decoding=\"async\" title=\"lakeviewbedroom_1310984995\" alt=\"lakeviewbedroom_1310984995\" src=\"https:\/\/irland-reise-tipps.de\/de\/wp-content\/gallery\/killyhevlin-hotel\/thumbs\/thumbs_lakeviewbedroom_1310984995.jpg\" width=\"100\" height=\"75\" \/>\n\t\t\t\t\t\t\t<\/a>\n\t\t<\/div>\n\t<\/div>\n\t\n\t\t\n \t\t\n\t<div id=\"ngg-image-1463\" class=\"ngg-gallery-thumbnail-box\"  >\n\t\t<div class=\"ngg-gallery-thumbnail\" >\n\t\t\t<a href=\"https:\/\/irland-reise-tipps.de\/de\/wp-content\/gallery\/killyhevlin-hotel\/leisurecentre_1310989561.jpg\" title=\" \" rel=\"lightbox[set_129]\" >\n\t\t\t\t\t\t\t\t<img loading=\"lazy\" decoding=\"async\" title=\"leisurecentre_1310989561\" alt=\"leisurecentre_1310989561\" src=\"https:\/\/irland-reise-tipps.de\/de\/wp-content\/gallery\/killyhevlin-hotel\/thumbs\/thumbs_leisurecentre_1310989561.jpg\" width=\"100\" height=\"75\" \/>\n\t\t\t\t\t\t\t<\/a>\n\t\t<\/div>\n\t<\/div>\n\t\n\t\t\n \t\t\n\t<div id=\"ngg-image-1464\" class=\"ngg-gallery-thumbnail-box\"  >\n\t\t<div class=\"ngg-gallery-thumbnail\" >\n\t\t\t<a href=\"https:\/\/irland-reise-tipps.de\/de\/wp-content\/gallery\/killyhevlin-hotel\/lobby_1310985032.jpg\" title=\" \" rel=\"lightbox[set_129]\" >\n\t\t\t\t\t\t\t\t<img loading=\"lazy\" decoding=\"async\" title=\"lobby_1310985032\" alt=\"lobby_1310985032\" src=\"https:\/\/irland-reise-tipps.de\/de\/wp-content\/gallery\/killyhevlin-hotel\/thumbs\/thumbs_lobby_1310985032.jpg\" width=\"100\" height=\"75\" \/>\n\t\t\t\t\t\t\t<\/a>\n\t\t<\/div>\n\t<\/div>\n\t\n\t\t\n \t\t\n\t<div id=\"ngg-image-1465\" class=\"ngg-gallery-thumbnail-box\"  >\n\t\t<div class=\"ngg-gallery-thumbnail\" >\n\t\t\t<a href=\"https:\/\/irland-reise-tipps.de\/de\/wp-content\/gallery\/killyhevlin-hotel\/restaurant_1310984857.jpg\" title=\" \" rel=\"lightbox[set_129]\" >\n\t\t\t\t\t\t\t\t<img loading=\"lazy\" decoding=\"async\" title=\"restaurant_1310984857\" alt=\"restaurant_1310984857\" src=\"https:\/\/irland-reise-tipps.de\/de\/wp-content\/gallery\/killyhevlin-hotel\/thumbs\/thumbs_restaurant_1310984857.jpg\" width=\"100\" height=\"75\" \/>\n\t\t\t\t\t\t\t<\/a>\n\t\t<\/div>\n\t<\/div>\n\t\n\t\t\n \t\t\n\t<div id=\"ngg-image-1466\" class=\"ngg-gallery-thumbnail-box\"  >\n\t\t<div class=\"ngg-gallery-thumbnail\" >\n\t\t\t<a href=\"https:\/\/irland-reise-tipps.de\/de\/wp-content\/gallery\/killyhevlin-hotel\/standardbedroom_1310984914.jpg\" title=\" \" rel=\"lightbox[set_129]\" >\n\t\t\t\t\t\t\t\t<img loading=\"lazy\" decoding=\"async\" title=\"standardbedroom_1310984914\" alt=\"standardbedroom_1310984914\" src=\"https:\/\/irland-reise-tipps.de\/de\/wp-content\/gallery\/killyhevlin-hotel\/thumbs\/thumbs_standardbedroom_1310984914.jpg\" width=\"100\" height=\"75\" \/>\n\t\t\t\t\t\t\t<\/a>\n\t\t<\/div>\n\t<\/div>\n\t\n\t\t\n \t \t\n\t<!-- Pagination -->\n \t<div class=\"ngg-clear\"><\/div> \t\n<\/div>\n\n\n<h4 style=\"text-align: left;\">Beschreibung<\/h4>\n<p><strong>Herzlich Willkommen im Killyhevlin Hotel!<\/strong><\/p>\n<p>4-Sterne-Luxushotel am Seeufer in Enniskillen<\/p>\n<p>Das Killyhevlin Hotel befindet sich lediglich 1 km au\u00dferhalb der Stadt Enniskillen und z\u00e4hlt zu den Tophotels in Nordirland und genie\u00dft einen hervorragenden Ruf.<\/p>\n<h4>Was G\u00e4ste am Killyhevlin Hotel in Enniskillen wertsch\u00e4tzen:<\/h4>\n<ul>\n<li>die erstklassige Lage am Seeufer mit malerischen G\u00e4rten<\/li>\n<li>das moderne Fitnesscenter mit Outdoor-Whirlpool aus Zedernholz<\/li>\n<li>die luxuri\u00f6sen Spa-Behandlungen mit Produkten von Elemis<\/li>\n<li>die Ferienh\u00e4user mit Blick auf den See f\u00fcr l\u00e4ngere Aufenthalte<\/li>\n<\/ul>\n<p>Ihr Irish Country Hotel-Gutschein kann im Killyhevlin Hotel eingel\u00f6st werden<\/p>\n<p>Wir freuen uns auf Ihren Besuch!<\/p>\n<h4>Lage des Hotels und Sehensw\u00fcrdigkeiten in der N\u00e4he<\/h4>\n<p>[google-map-v3 width=&#8220;600&#8243; height=&#8220;400&#8243; zoom=&#8220;12&#8243; maptype=&#8220;roadmap&#8220; mapalign=&#8220;center&#8220; directionhint=&#8220;false&#8220; language=&#8220;default&#8220; poweredby=&#8220;false&#8220; maptypecontrol=&#8220;true&#8220; pancontrol=&#8220;true&#8220; zoomcontrol=&#8220;true&#8220; scalecontrol=&#8220;true&#8220; streetviewcontrol=&#8220;true&#8220; scrollwheelcontrol=&#8220;false&#8220; draggable=&#8220;true&#8220; tiltfourtyfive=&#8220;false&#8220; addmarkermashupbubble=&#8220;false&#8220; addmarkermashupbubble=&#8220;false&#8220; addmarkerlist=&#8220;54.329388,-7.61946{}lodging_0star.png{}Killyhevlin Hotel &amp; Health Club&#8220; bubbleautopan=&#8220;true&#8220; showbike=&#8220;false&#8220; showtraffic=&#8220;false&#8220; showpanoramio=&#8220;false&#8220;]<\/p>\n","protected":false},"excerpt":{"rendered":"<p>Kontakt Details Killyhevlin Hotel &amp; Health Club Killyhevlin Enniskillen BT74 6RW. Telephone: +353 1 2958900 Email: killyhevlin@irishcountryhotels.com Homepage: http:\/\/irishcountryhotels.com\/de\/hotels\/killyhevlin-hotel-and-health-club\/ Beschreibung Herzlich Willkommen im Killyhevlin Hotel! 4-Sterne-Luxushotel am Seeufer in Enniskillen Das Killyhevlin Hotel befindet sich lediglich 1 km au\u00dferhalb der<span class=\"ellipsis\">&hellip;<\/span><\/p>\n<div class=\"read-more\"><a href=\"https:\/\/irland-reise-tipps.de\/de\/unterkunft\/hotels-in-fermanagh\/killyhevlin-hotel\/\">Weiterlesen &#8250;<\/a><\/div>\n<p><!-- end of .read-more --><\/p>\n","protected":false},"author":11,"featured_media":0,"parent":3053,"menu_order":0,"comment_status":"closed","ping_status":"closed","template":"","meta":{"footnotes":""},"class_list":["post-3192","page","type-page","status-publish","hentry"],"yoast_head":"<!-- This site is optimized with the Yoast SEO plugin v21.2 - https:\/\/yoast.com\/wordpress\/plugins\/seo\/ -->\n<title>Killyhevlin Hotel &amp; Health Club - Irland Reise Tipps<\/title>\n<meta name=\"description\" content=\"Gemeinsam die gr\u00fcne Insel Irland entdecken. Wir haben ausgew\u00e4hlte Veranstaltungen, Unterk\u00fcnfte und Touren mit den Highlights Irlands zusammengestellt.\" \/>\n<meta name=\"robots\" content=\"index, follow, max-snippet:-1, max-image-preview:large, max-video-preview:-1\" \/>\n<link rel=\"canonical\" href=\"https:\/\/irland-reise-tipps.de\/de\/unterkunft\/hotels-in-fermanagh\/killyhevlin-hotel\/\" \/>\n<meta property=\"og:locale\" content=\"de_DE\" \/>\n<meta property=\"og:type\" content=\"article\" \/>\n<meta property=\"og:title\" content=\"Killyhevlin Hotel &amp; Health Club - Irland Reise Tipps\" \/>\n<meta property=\"og:description\" content=\"Gemeinsam die gr\u00fcne Insel Irland entdecken. Wir haben ausgew\u00e4hlte Veranstaltungen, Unterk\u00fcnfte und Touren mit den Highlights Irlands zusammengestellt.\" \/>\n<meta property=\"og:url\" content=\"https:\/\/irland-reise-tipps.de\/de\/unterkunft\/hotels-in-fermanagh\/killyhevlin-hotel\/\" \/>\n<meta property=\"og:site_name\" content=\"Irland Reise Tipps\" \/>\n<meta property=\"article:modified_time\" content=\"2013-11-28T09:09:10+00:00\" \/>\n<meta name=\"twitter:label1\" content=\"Gesch\u00e4tzte Lesezeit\" \/>\n\t<meta name=\"twitter:data1\" content=\"1\u00a0Minute\" \/>\n<script type=\"application\/ld+json\" class=\"yoast-schema-graph\">{\"@context\":\"https:\/\/schema.org\",\"@graph\":[{\"@type\":\"WebPage\",\"@id\":\"https:\/\/irland-reise-tipps.de\/de\/unterkunft\/hotels-in-fermanagh\/killyhevlin-hotel\/\",\"url\":\"https:\/\/irland-reise-tipps.de\/de\/unterkunft\/hotels-in-fermanagh\/killyhevlin-hotel\/\",\"name\":\"Killyhevlin Hotel & Health Club - Irland Reise Tipps\",\"isPartOf\":{\"@id\":\"https:\/\/irland-reise-tipps.de\/de\/#website\"},\"datePublished\":\"2013-11-27T12:34:03+00:00\",\"dateModified\":\"2013-11-28T09:09:10+00:00\",\"description\":\"Gemeinsam die gr\u00fcne Insel Irland entdecken. Wir haben ausgew\u00e4hlte Veranstaltungen, Unterk\u00fcnfte und Touren mit den Highlights Irlands zusammengestellt.\",\"breadcrumb\":{\"@id\":\"https:\/\/irland-reise-tipps.de\/de\/unterkunft\/hotels-in-fermanagh\/killyhevlin-hotel\/#breadcrumb\"},\"inLanguage\":\"de\",\"potentialAction\":[{\"@type\":\"ReadAction\",\"target\":[\"https:\/\/irland-reise-tipps.de\/de\/unterkunft\/hotels-in-fermanagh\/killyhevlin-hotel\/\"]}]},{\"@type\":\"BreadcrumbList\",\"@id\":\"https:\/\/irland-reise-tipps.de\/de\/unterkunft\/hotels-in-fermanagh\/killyhevlin-hotel\/#breadcrumb\",\"itemListElement\":[{\"@type\":\"ListItem\",\"position\":1,\"name\":\"Home\",\"item\":\"https:\/\/irland-reise-tipps.de\/de\/\"},{\"@type\":\"ListItem\",\"position\":2,\"name\":\"Unterkunft\",\"item\":\"https:\/\/irland-reise-tipps.de\/de\/unterkunft\/\"},{\"@type\":\"ListItem\",\"position\":3,\"name\":\"Hotels in Fermanagh\",\"item\":\"https:\/\/irland-reise-tipps.de\/de\/unterkunft\/hotels-in-fermanagh\/\"},{\"@type\":\"ListItem\",\"position\":4,\"name\":\"Killyhevlin Hotel &#038; Health Club\"}]},{\"@type\":\"WebSite\",\"@id\":\"https:\/\/irland-reise-tipps.de\/de\/#website\",\"url\":\"https:\/\/irland-reise-tipps.de\/de\/\",\"name\":\"Irland Reise Tipps\",\"description\":\"Gemeinsam die gr\u00fcne Insel entdecken\",\"potentialAction\":[{\"@type\":\"SearchAction\",\"target\":{\"@type\":\"EntryPoint\",\"urlTemplate\":\"https:\/\/irland-reise-tipps.de\/de\/?s={search_term_string}\"},\"query-input\":\"required name=search_term_string\"}],\"inLanguage\":\"de\"}]}<\/script>\n<!-- \/ Yoast SEO plugin. -->","yoast_head_json":{"title":"Killyhevlin Hotel & Health Club - Irland Reise Tipps","description":"Gemeinsam die gr\u00fcne Insel Irland entdecken. Wir haben ausgew\u00e4hlte Veranstaltungen, Unterk\u00fcnfte und Touren mit den Highlights Irlands zusammengestellt.","robots":{"index":"index","follow":"follow","max-snippet":"max-snippet:-1","max-image-preview":"max-image-preview:large","max-video-preview":"max-video-preview:-1"},"canonical":"https:\/\/irland-reise-tipps.de\/de\/unterkunft\/hotels-in-fermanagh\/killyhevlin-hotel\/","og_locale":"de_DE","og_type":"article","og_title":"Killyhevlin Hotel & Health Club - Irland Reise Tipps","og_description":"Gemeinsam die gr\u00fcne Insel Irland entdecken. Wir haben ausgew\u00e4hlte Veranstaltungen, Unterk\u00fcnfte und Touren mit den Highlights Irlands zusammengestellt.","og_url":"https:\/\/irland-reise-tipps.de\/de\/unterkunft\/hotels-in-fermanagh\/killyhevlin-hotel\/","og_site_name":"Irland Reise Tipps","article_modified_time":"2013-11-28T09:09:10+00:00","twitter_misc":{"Gesch\u00e4tzte Lesezeit":"1\u00a0Minute"},"schema":{"@context":"https:\/\/schema.org","@graph":[{"@type":"WebPage","@id":"https:\/\/irland-reise-tipps.de\/de\/unterkunft\/hotels-in-fermanagh\/killyhevlin-hotel\/","url":"https:\/\/irland-reise-tipps.de\/de\/unterkunft\/hotels-in-fermanagh\/killyhevlin-hotel\/","name":"Killyhevlin Hotel & Health Club - Irland Reise Tipps","isPartOf":{"@id":"https:\/\/irland-reise-tipps.de\/de\/#website"},"datePublished":"2013-11-27T12:34:03+00:00","dateModified":"2013-11-28T09:09:10+00:00","description":"Gemeinsam die gr\u00fcne Insel Irland entdecken. Wir haben ausgew\u00e4hlte Veranstaltungen, Unterk\u00fcnfte und Touren mit den Highlights Irlands zusammengestellt.","breadcrumb":{"@id":"https:\/\/irland-reise-tipps.de\/de\/unterkunft\/hotels-in-fermanagh\/killyhevlin-hotel\/#breadcrumb"},"inLanguage":"de","potentialAction":[{"@type":"ReadAction","target":["https:\/\/irland-reise-tipps.de\/de\/unterkunft\/hotels-in-fermanagh\/killyhevlin-hotel\/"]}]},{"@type":"BreadcrumbList","@id":"https:\/\/irland-reise-tipps.de\/de\/unterkunft\/hotels-in-fermanagh\/killyhevlin-hotel\/#breadcrumb","itemListElement":[{"@type":"ListItem","position":1,"name":"Home","item":"https:\/\/irland-reise-tipps.de\/de\/"},{"@type":"ListItem","position":2,"name":"Unterkunft","item":"https:\/\/irland-reise-tipps.de\/de\/unterkunft\/"},{"@type":"ListItem","position":3,"name":"Hotels in Fermanagh","item":"https:\/\/irland-reise-tipps.de\/de\/unterkunft\/hotels-in-fermanagh\/"},{"@type":"ListItem","position":4,"name":"Killyhevlin Hotel &#038; Health Club"}]},{"@type":"WebSite","@id":"https:\/\/irland-reise-tipps.de\/de\/#website","url":"https:\/\/irland-reise-tipps.de\/de\/","name":"Irland Reise Tipps","description":"Gemeinsam die gr\u00fcne Insel entdecken","potentialAction":[{"@type":"SearchAction","target":{"@type":"EntryPoint","urlTemplate":"https:\/\/irland-reise-tipps.de\/de\/?s={search_term_string}"},"query-input":"required name=search_term_string"}],"inLanguage":"de"}]}},"_links":{"self":[{"href":"https:\/\/irland-reise-tipps.de\/de\/wp-json\/wp\/v2\/pages\/3192","targetHints":{"allow":["GET"]}}],"collection":[{"href":"https:\/\/irland-reise-tipps.de\/de\/wp-json\/wp\/v2\/pages"}],"about":[{"href":"https:\/\/irland-reise-tipps.de\/de\/wp-json\/wp\/v2\/types\/page"}],"author":[{"embeddable":true,"href":"https:\/\/irland-reise-tipps.de\/de\/wp-json\/wp\/v2\/users\/11"}],"replies":[{"embeddable":true,"href":"https:\/\/irland-reise-tipps.de\/de\/wp-json\/wp\/v2\/comments?post=3192"}],"version-history":[{"count":3,"href":"https:\/\/irland-reise-tipps.de\/de\/wp-json\/wp\/v2\/pages\/3192\/revisions"}],"predecessor-version":[{"id":3229,"href":"https:\/\/irland-reise-tipps.de\/de\/wp-json\/wp\/v2\/pages\/3192\/revisions\/3229"}],"up":[{"embeddable":true,"href":"https:\/\/irland-reise-tipps.de\/de\/wp-json\/wp\/v2\/pages\/3053"}],"wp:attachment":[{"href":"https:\/\/irland-reise-tipps.de\/de\/wp-json\/wp\/v2\/media?parent=3192"}],"curies":[{"name":"wp","href":"https:\/\/api.w.org\/{rel}","templated":true}]}}