{"id":3183,"date":"2013-11-27T13:05:06","date_gmt":"2013-11-27T12:05:06","guid":{"rendered":"http:\/\/irland-reise-tipps.de\/de\/?page_id=3183"},"modified":"2013-11-28T09:59:22","modified_gmt":"2013-11-28T08:59:22","slug":"errigal-country-house-hotel","status":"publish","type":"page","link":"https:\/\/irland-reise-tipps.de\/de\/unterkunft\/hotels-in-cavan\/errigal-country-house-hotel\/","title":{"rendered":"Errigal Country House Hotel"},"content":{"rendered":"<h4 style=\"text-align: right;\">\n<a href=\"https:\/\/irland-reise-tipps.de\/de\/wp-content\/gallery\/errigal-country-house-hotel\/picture439_1343125556.jpg\" title=\"\" rel=\"lightbox[singlepic1443]\" >\n\t<img decoding=\"async\" class=\"ngg-singlepic ngg-right\" src=\"https:\/\/irland-reise-tipps.de\/de\/wp-content\/gallery\/cache\/1443__150x150_picture439_1343125556.jpg\" alt=\"picture439_1343125556\" title=\"picture439_1343125556\" \/>\n<\/a>\n<\/h4>\n<h4>Kontakt Details<\/h4>\n<p>Errigal Country House Hotel<br \/>\nCavan Road<br \/>\nCootehill<\/p>\n<p><strong>Telephone:<\/strong> +353 1 2958900<br \/>\n<strong>Email:<\/strong> <span class=\"fs\"><a href=\"mailto:reservations@irishcountryhotels.com\">reservations@irishcountryhotels.com<\/a><\/span><br \/>\n<strong>Homepage:<\/strong><a href=\" http:\/\/irishcountryhotels.com\/de\/hotels\/errigal-country-house-hotel\/\" target=\"_blank\" rel=\"nofollow\"> http:\/\/irishcountryhotels.com\/de\/hotels\/errigal-country-house-hotel\/<\/a><\/p>\n\n<div class=\"ngg-galleryoverview\" id=\"ngg-gallery-126-3183\">\n\n\n\t\n\t<!-- Thumbnails -->\n\t\t\n\t<div id=\"ngg-image-1436\" class=\"ngg-gallery-thumbnail-box\"  >\n\t\t<div class=\"ngg-gallery-thumbnail\" >\n\t\t\t<a href=\"https:\/\/irland-reise-tipps.de\/de\/wp-content\/gallery\/errigal-country-house-hotel\/20100825img_6606_1343125596.jpg\" title=\" \" rel=\"lightbox[set_126]\" >\n\t\t\t\t\t\t\t\t<img loading=\"lazy\" decoding=\"async\" title=\"20100825img_6606_1343125596\" alt=\"20100825img_6606_1343125596\" src=\"https:\/\/irland-reise-tipps.de\/de\/wp-content\/gallery\/errigal-country-house-hotel\/thumbs\/thumbs_20100825img_6606_1343125596.jpg\" width=\"100\" height=\"75\" \/>\n\t\t\t\t\t\t\t<\/a>\n\t\t<\/div>\n\t<\/div>\n\t\n\t\t\n \t\t\n\t<div id=\"ngg-image-1437\" class=\"ngg-gallery-thumbnail-box\"  >\n\t\t<div class=\"ngg-gallery-thumbnail\" >\n\t\t\t<a href=\"https:\/\/irland-reise-tipps.de\/de\/wp-content\/gallery\/errigal-country-house-hotel\/errigalchampagne_1299604766.jpg\" title=\" \" rel=\"lightbox[set_126]\" >\n\t\t\t\t\t\t\t\t<img loading=\"lazy\" decoding=\"async\" title=\"errigalchampagne_1299604766\" alt=\"errigalchampagne_1299604766\" src=\"https:\/\/irland-reise-tipps.de\/de\/wp-content\/gallery\/errigal-country-house-hotel\/thumbs\/thumbs_errigalchampagne_1299604766.jpg\" width=\"100\" height=\"75\" \/>\n\t\t\t\t\t\t\t<\/a>\n\t\t<\/div>\n\t<\/div>\n\t\n\t\t\n \t\t\n\t<div id=\"ngg-image-1438\" class=\"ngg-gallery-thumbnail-box\"  >\n\t\t<div class=\"ngg-gallery-thumbnail\" >\n\t\t\t<a href=\"https:\/\/irland-reise-tipps.de\/de\/wp-content\/gallery\/errigal-country-house-hotel\/errigaldeluxeroom_1299604780.jpg\" title=\" \" rel=\"lightbox[set_126]\" >\n\t\t\t\t\t\t\t\t<img loading=\"lazy\" decoding=\"async\" title=\"errigaldeluxeroom_1299604780\" alt=\"errigaldeluxeroom_1299604780\" src=\"https:\/\/irland-reise-tipps.de\/de\/wp-content\/gallery\/errigal-country-house-hotel\/thumbs\/thumbs_errigaldeluxeroom_1299604780.jpg\" width=\"100\" height=\"75\" \/>\n\t\t\t\t\t\t\t<\/a>\n\t\t<\/div>\n\t<\/div>\n\t\n\t\t\n \t\t\n\t<div id=\"ngg-image-1439\" class=\"ngg-gallery-thumbnail-box\"  >\n\t\t<div class=\"ngg-gallery-thumbnail\" >\n\t\t\t<a href=\"https:\/\/irland-reise-tipps.de\/de\/wp-content\/gallery\/errigal-country-house-hotel\/errigalhotelnewfoyer_1299604902.jpg\" title=\" \" rel=\"lightbox[set_126]\" >\n\t\t\t\t\t\t\t\t<img loading=\"lazy\" decoding=\"async\" title=\"errigalhotelnewfoyer_1299604902\" alt=\"errigalhotelnewfoyer_1299604902\" src=\"https:\/\/irland-reise-tipps.de\/de\/wp-content\/gallery\/errigal-country-house-hotel\/thumbs\/thumbs_errigalhotelnewfoyer_1299604902.jpg\" width=\"100\" height=\"75\" \/>\n\t\t\t\t\t\t\t<\/a>\n\t\t<\/div>\n\t<\/div>\n\t\n\t\t\n \t\t\n\t<div id=\"ngg-image-1440\" class=\"ngg-gallery-thumbnail-box\"  >\n\t\t<div class=\"ngg-gallery-thumbnail\" >\n\t\t\t<a href=\"https:\/\/irland-reise-tipps.de\/de\/wp-content\/gallery\/errigal-country-house-hotel\/errigalint1_1299604925.jpg\" title=\" \" rel=\"lightbox[set_126]\" >\n\t\t\t\t\t\t\t\t<img loading=\"lazy\" decoding=\"async\" title=\"errigalint1_1299604925\" alt=\"errigalint1_1299604925\" src=\"https:\/\/irland-reise-tipps.de\/de\/wp-content\/gallery\/errigal-country-house-hotel\/thumbs\/thumbs_errigalint1_1299604925.jpg\" width=\"100\" height=\"75\" \/>\n\t\t\t\t\t\t\t<\/a>\n\t\t<\/div>\n\t<\/div>\n\t\n\t\t\n \t\t\n\t<div id=\"ngg-image-1441\" class=\"ngg-gallery-thumbnail-box\"  >\n\t\t<div class=\"ngg-gallery-thumbnail\" >\n\t\t\t<a href=\"https:\/\/irland-reise-tipps.de\/de\/wp-content\/gallery\/errigal-country-house-hotel\/errigallounge_1299604861.jpg\" title=\" \" rel=\"lightbox[set_126]\" >\n\t\t\t\t\t\t\t\t<img loading=\"lazy\" decoding=\"async\" title=\"errigallounge_1299604861\" alt=\"errigallounge_1299604861\" src=\"https:\/\/irland-reise-tipps.de\/de\/wp-content\/gallery\/errigal-country-house-hotel\/thumbs\/thumbs_errigallounge_1299604861.jpg\" width=\"100\" height=\"75\" \/>\n\t\t\t\t\t\t\t<\/a>\n\t\t<\/div>\n\t<\/div>\n\t\n\t\t\n \t\t\n\t<div id=\"ngg-image-1442\" class=\"ngg-gallery-thumbnail-box\"  >\n\t\t<div class=\"ngg-gallery-thumbnail\" >\n\t\t\t<a href=\"https:\/\/irland-reise-tipps.de\/de\/wp-content\/gallery\/errigal-country-house-hotel\/errigalnewbridalsuitemay09_1299604834.jpg\" title=\" \" rel=\"lightbox[set_126]\" >\n\t\t\t\t\t\t\t\t<img loading=\"lazy\" decoding=\"async\" title=\"errigalnewbridalsuitemay09_1299604834\" alt=\"errigalnewbridalsuitemay09_1299604834\" src=\"https:\/\/irland-reise-tipps.de\/de\/wp-content\/gallery\/errigal-country-house-hotel\/thumbs\/thumbs_errigalnewbridalsuitemay09_1299604834.jpg\" width=\"100\" height=\"75\" \/>\n\t\t\t\t\t\t\t<\/a>\n\t\t<\/div>\n\t<\/div>\n\t\n\t\t\n \t\t\n\t<div id=\"ngg-image-1443\" class=\"ngg-gallery-thumbnail-box\"  >\n\t\t<div class=\"ngg-gallery-thumbnail\" >\n\t\t\t<a href=\"https:\/\/irland-reise-tipps.de\/de\/wp-content\/gallery\/errigal-country-house-hotel\/picture439_1343125556.jpg\" title=\" \" rel=\"lightbox[set_126]\" >\n\t\t\t\t\t\t\t\t<img loading=\"lazy\" decoding=\"async\" title=\"picture439_1343125556\" alt=\"picture439_1343125556\" src=\"https:\/\/irland-reise-tipps.de\/de\/wp-content\/gallery\/errigal-country-house-hotel\/thumbs\/thumbs_picture439_1343125556.jpg\" width=\"100\" height=\"75\" \/>\n\t\t\t\t\t\t\t<\/a>\n\t\t<\/div>\n\t<\/div>\n\t\n\t\t\n \t \t\n\t<!-- Pagination -->\n \t<div class=\"ngg-clear\"><\/div> \t\n<\/div>\n\n\n<h4 style=\"text-align: left;\">Beschreibung<\/h4>\n<p><strong>Herzlich Willkommen im Errigal Court House Hotel!<\/strong><\/p>\n<p>Elegantes Landhaushotel in der malerischen Landschaft Cavans<\/p>\n<p>Das Errigal Country House Hotel befindet sich gerade mal 1,6 km au\u00dferhalb der Stadt Cootehill und liegt zwischen den Grafschaften Monaghan und Cavan. Dieses Anwesen aus dem 18. Jahrhundert wurde in ein elegantes und modernes Hotel, das traditionell irische Gastfreundlichkeit bietet, umgebaut.<\/p>\n<h4>Was G\u00e4ste am Errigal Country House Hotel wertsch\u00e4tzen:<\/h4>\n<ul>\n<li>die luxuri\u00f6sen 4-Sterne-Unterk\u00fcnfte<\/li>\n<li>die Eden Health und Wellness-Suite<\/li>\n<li>die preisgekr\u00f6nte K\u00fcche im Reynards Restaurant<\/li>\n<\/ul>\n<p>Ihr Irish Country Hotel-Gutschein kann im Errigal Country House Hotel eingel\u00f6st werden<\/p>\n<p>Wir freuen uns auf Ihren Besuch!<\/p>\n<h4>Lage des Hotels und Sehensw\u00fcrdigkeiten in der N\u00e4he<\/h4>\n<p>[google-map-v3 width=&#8220;600&#8243; height=&#8220;400&#8243; zoom=&#8220;12&#8243; maptype=&#8220;roadmap&#8220; mapalign=&#8220;center&#8220; directionhint=&#8220;false&#8220; language=&#8220;default&#8220; poweredby=&#8220;false&#8220; maptypecontrol=&#8220;true&#8220; pancontrol=&#8220;true&#8220; zoomcontrol=&#8220;true&#8220; scalecontrol=&#8220;true&#8220; streetviewcontrol=&#8220;true&#8220; scrollwheelcontrol=&#8220;false&#8220; draggable=&#8220;true&#8220; tiltfourtyfive=&#8220;false&#8220; addmarkermashupbubble=&#8220;false&#8220; addmarkermashupbubble=&#8220;false&#8220; addmarkerlist=&#8220;54.064778,-7.102944{}lodging_0star.png{}Errigal Court House Hotel&#8220; bubbleautopan=&#8220;true&#8220; showbike=&#8220;false&#8220; showtraffic=&#8220;false&#8220; showpanoramio=&#8220;false&#8220;]<\/p>\n","protected":false},"excerpt":{"rendered":"<p>Kontakt Details Errigal Country House Hotel Cavan Road Cootehill Telephone: +353 1 2958900 Email: reservations@irishcountryhotels.com Homepage: http:\/\/irishcountryhotels.com\/de\/hotels\/errigal-country-house-hotel\/ Beschreibung Herzlich Willkommen im Errigal Court House Hotel! Elegantes Landhaushotel in der malerischen Landschaft Cavans Das Errigal Country House Hotel befindet sich gerade<span class=\"ellipsis\">&hellip;<\/span><\/p>\n<div class=\"read-more\"><a href=\"https:\/\/irland-reise-tipps.de\/de\/unterkunft\/hotels-in-cavan\/errigal-country-house-hotel\/\">Weiterlesen &#8250;<\/a><\/div>\n<p><!-- end of .read-more --><\/p>\n","protected":false},"author":11,"featured_media":0,"parent":3051,"menu_order":0,"comment_status":"closed","ping_status":"closed","template":"","meta":{"footnotes":""},"class_list":["post-3183","page","type-page","status-publish","hentry"],"yoast_head":"<!-- This site is optimized with the Yoast SEO plugin v21.2 - https:\/\/yoast.com\/wordpress\/plugins\/seo\/ -->\n<title>Errigal Country House Hotel - Irland Reise Tipps<\/title>\n<meta name=\"description\" content=\"Gemeinsam die gr\u00fcne Insel Irland entdecken. Wir haben ausgew\u00e4hlte Veranstaltungen, Unterk\u00fcnfte und Touren mit den Highlights Irlands zusammengestellt.\" \/>\n<meta name=\"robots\" content=\"index, follow, max-snippet:-1, max-image-preview:large, max-video-preview:-1\" \/>\n<link rel=\"canonical\" href=\"https:\/\/irland-reise-tipps.de\/de\/unterkunft\/hotels-in-cavan\/errigal-country-house-hotel\/\" \/>\n<meta property=\"og:locale\" content=\"de_DE\" \/>\n<meta property=\"og:type\" content=\"article\" \/>\n<meta property=\"og:title\" content=\"Errigal Country House Hotel - Irland Reise Tipps\" \/>\n<meta property=\"og:description\" content=\"Gemeinsam die gr\u00fcne Insel Irland entdecken. Wir haben ausgew\u00e4hlte Veranstaltungen, Unterk\u00fcnfte und Touren mit den Highlights Irlands zusammengestellt.\" \/>\n<meta property=\"og:url\" content=\"https:\/\/irland-reise-tipps.de\/de\/unterkunft\/hotels-in-cavan\/errigal-country-house-hotel\/\" \/>\n<meta property=\"og:site_name\" content=\"Irland Reise Tipps\" \/>\n<meta property=\"article:modified_time\" content=\"2013-11-28T08:59:22+00:00\" \/>\n<meta name=\"twitter:label1\" content=\"Gesch\u00e4tzte Lesezeit\" \/>\n\t<meta name=\"twitter:data1\" content=\"1\u00a0Minute\" \/>\n<script type=\"application\/ld+json\" class=\"yoast-schema-graph\">{\"@context\":\"https:\/\/schema.org\",\"@graph\":[{\"@type\":\"WebPage\",\"@id\":\"https:\/\/irland-reise-tipps.de\/de\/unterkunft\/hotels-in-cavan\/errigal-country-house-hotel\/\",\"url\":\"https:\/\/irland-reise-tipps.de\/de\/unterkunft\/hotels-in-cavan\/errigal-country-house-hotel\/\",\"name\":\"Errigal Country House Hotel - Irland Reise Tipps\",\"isPartOf\":{\"@id\":\"https:\/\/irland-reise-tipps.de\/de\/#website\"},\"datePublished\":\"2013-11-27T12:05:06+00:00\",\"dateModified\":\"2013-11-28T08:59:22+00:00\",\"description\":\"Gemeinsam die gr\u00fcne Insel Irland entdecken. Wir haben ausgew\u00e4hlte Veranstaltungen, Unterk\u00fcnfte und Touren mit den Highlights Irlands zusammengestellt.\",\"breadcrumb\":{\"@id\":\"https:\/\/irland-reise-tipps.de\/de\/unterkunft\/hotels-in-cavan\/errigal-country-house-hotel\/#breadcrumb\"},\"inLanguage\":\"de\",\"potentialAction\":[{\"@type\":\"ReadAction\",\"target\":[\"https:\/\/irland-reise-tipps.de\/de\/unterkunft\/hotels-in-cavan\/errigal-country-house-hotel\/\"]}]},{\"@type\":\"BreadcrumbList\",\"@id\":\"https:\/\/irland-reise-tipps.de\/de\/unterkunft\/hotels-in-cavan\/errigal-country-house-hotel\/#breadcrumb\",\"itemListElement\":[{\"@type\":\"ListItem\",\"position\":1,\"name\":\"Home\",\"item\":\"https:\/\/irland-reise-tipps.de\/de\/\"},{\"@type\":\"ListItem\",\"position\":2,\"name\":\"Unterkunft\",\"item\":\"https:\/\/irland-reise-tipps.de\/de\/unterkunft\/\"},{\"@type\":\"ListItem\",\"position\":3,\"name\":\"Hotels in Cavan\",\"item\":\"https:\/\/irland-reise-tipps.de\/de\/unterkunft\/hotels-in-cavan\/\"},{\"@type\":\"ListItem\",\"position\":4,\"name\":\"Errigal Country House Hotel\"}]},{\"@type\":\"WebSite\",\"@id\":\"https:\/\/irland-reise-tipps.de\/de\/#website\",\"url\":\"https:\/\/irland-reise-tipps.de\/de\/\",\"name\":\"Irland Reise Tipps\",\"description\":\"Gemeinsam die gr\u00fcne Insel entdecken\",\"potentialAction\":[{\"@type\":\"SearchAction\",\"target\":{\"@type\":\"EntryPoint\",\"urlTemplate\":\"https:\/\/irland-reise-tipps.de\/de\/?s={search_term_string}\"},\"query-input\":\"required name=search_term_string\"}],\"inLanguage\":\"de\"}]}<\/script>\n<!-- \/ Yoast SEO plugin. -->","yoast_head_json":{"title":"Errigal Country House Hotel - Irland Reise Tipps","description":"Gemeinsam die gr\u00fcne Insel Irland entdecken. Wir haben ausgew\u00e4hlte Veranstaltungen, Unterk\u00fcnfte und Touren mit den Highlights Irlands zusammengestellt.","robots":{"index":"index","follow":"follow","max-snippet":"max-snippet:-1","max-image-preview":"max-image-preview:large","max-video-preview":"max-video-preview:-1"},"canonical":"https:\/\/irland-reise-tipps.de\/de\/unterkunft\/hotels-in-cavan\/errigal-country-house-hotel\/","og_locale":"de_DE","og_type":"article","og_title":"Errigal Country House Hotel - Irland Reise Tipps","og_description":"Gemeinsam die gr\u00fcne Insel Irland entdecken. Wir haben ausgew\u00e4hlte Veranstaltungen, Unterk\u00fcnfte und Touren mit den Highlights Irlands zusammengestellt.","og_url":"https:\/\/irland-reise-tipps.de\/de\/unterkunft\/hotels-in-cavan\/errigal-country-house-hotel\/","og_site_name":"Irland Reise Tipps","article_modified_time":"2013-11-28T08:59:22+00:00","twitter_misc":{"Gesch\u00e4tzte Lesezeit":"1\u00a0Minute"},"schema":{"@context":"https:\/\/schema.org","@graph":[{"@type":"WebPage","@id":"https:\/\/irland-reise-tipps.de\/de\/unterkunft\/hotels-in-cavan\/errigal-country-house-hotel\/","url":"https:\/\/irland-reise-tipps.de\/de\/unterkunft\/hotels-in-cavan\/errigal-country-house-hotel\/","name":"Errigal Country House Hotel - Irland Reise Tipps","isPartOf":{"@id":"https:\/\/irland-reise-tipps.de\/de\/#website"},"datePublished":"2013-11-27T12:05:06+00:00","dateModified":"2013-11-28T08:59:22+00:00","description":"Gemeinsam die gr\u00fcne Insel Irland entdecken. Wir haben ausgew\u00e4hlte Veranstaltungen, Unterk\u00fcnfte und Touren mit den Highlights Irlands zusammengestellt.","breadcrumb":{"@id":"https:\/\/irland-reise-tipps.de\/de\/unterkunft\/hotels-in-cavan\/errigal-country-house-hotel\/#breadcrumb"},"inLanguage":"de","potentialAction":[{"@type":"ReadAction","target":["https:\/\/irland-reise-tipps.de\/de\/unterkunft\/hotels-in-cavan\/errigal-country-house-hotel\/"]}]},{"@type":"BreadcrumbList","@id":"https:\/\/irland-reise-tipps.de\/de\/unterkunft\/hotels-in-cavan\/errigal-country-house-hotel\/#breadcrumb","itemListElement":[{"@type":"ListItem","position":1,"name":"Home","item":"https:\/\/irland-reise-tipps.de\/de\/"},{"@type":"ListItem","position":2,"name":"Unterkunft","item":"https:\/\/irland-reise-tipps.de\/de\/unterkunft\/"},{"@type":"ListItem","position":3,"name":"Hotels in Cavan","item":"https:\/\/irland-reise-tipps.de\/de\/unterkunft\/hotels-in-cavan\/"},{"@type":"ListItem","position":4,"name":"Errigal Country House Hotel"}]},{"@type":"WebSite","@id":"https:\/\/irland-reise-tipps.de\/de\/#website","url":"https:\/\/irland-reise-tipps.de\/de\/","name":"Irland Reise Tipps","description":"Gemeinsam die gr\u00fcne Insel entdecken","potentialAction":[{"@type":"SearchAction","target":{"@type":"EntryPoint","urlTemplate":"https:\/\/irland-reise-tipps.de\/de\/?s={search_term_string}"},"query-input":"required name=search_term_string"}],"inLanguage":"de"}]}},"_links":{"self":[{"href":"https:\/\/irland-reise-tipps.de\/de\/wp-json\/wp\/v2\/pages\/3183","targetHints":{"allow":["GET"]}}],"collection":[{"href":"https:\/\/irland-reise-tipps.de\/de\/wp-json\/wp\/v2\/pages"}],"about":[{"href":"https:\/\/irland-reise-tipps.de\/de\/wp-json\/wp\/v2\/types\/page"}],"author":[{"embeddable":true,"href":"https:\/\/irland-reise-tipps.de\/de\/wp-json\/wp\/v2\/users\/11"}],"replies":[{"embeddable":true,"href":"https:\/\/irland-reise-tipps.de\/de\/wp-json\/wp\/v2\/comments?post=3183"}],"version-history":[{"count":3,"href":"https:\/\/irland-reise-tipps.de\/de\/wp-json\/wp\/v2\/pages\/3183\/revisions"}],"predecessor-version":[{"id":3223,"href":"https:\/\/irland-reise-tipps.de\/de\/wp-json\/wp\/v2\/pages\/3183\/revisions\/3223"}],"up":[{"embeddable":true,"href":"https:\/\/irland-reise-tipps.de\/de\/wp-json\/wp\/v2\/pages\/3051"}],"wp:attachment":[{"href":"https:\/\/irland-reise-tipps.de\/de\/wp-json\/wp\/v2\/media?parent=3183"}],"curies":[{"name":"wp","href":"https:\/\/api.w.org\/{rel}","templated":true}]}}