{"id":3181,"date":"2013-11-27T13:00:15","date_gmt":"2013-11-27T12:00:15","guid":{"rendered":"http:\/\/irland-reise-tipps.de\/de\/?page_id=3181"},"modified":"2013-11-28T10:23:09","modified_gmt":"2013-11-28T09:23:09","slug":"clew-bay-hotel","status":"publish","type":"page","link":"https:\/\/irland-reise-tipps.de\/de\/unterkunft\/hotels-in-mayo\/clew-bay-hotel\/","title":{"rendered":"Clew Bay Hotel"},"content":{"rendered":"<h4 style=\"text-align: right;\">\n<a href=\"https:\/\/irland-reise-tipps.de\/de\/wp-content\/gallery\/clewbay-hotel\/clewbayext1_1299605090.jpg\" title=\"\" rel=\"lightbox[singlepic1429]\" >\n\t<img decoding=\"async\" class=\"ngg-singlepic ngg-right\" src=\"https:\/\/irland-reise-tipps.de\/de\/wp-content\/gallery\/cache\/1429__150x150_clewbayext1_1299605090.jpg\" alt=\"clewbayext1_1299605090\" title=\"clewbayext1_1299605090\" \/>\n<\/a>\n<\/h4>\n<h4>Kontakt Details<\/h4>\n<p>Clew Bay Hotel<br \/>\nWestport<\/p>\n<p><strong>Telephone:<\/strong> +353 1 2958900<br \/>\n<strong>Email:<\/strong> <a href=\"mailto:clewbay@irishcountryhotels.com\">clewbay@irishcountryhotels.com<\/a><br \/>\n<strong>Homepage:<\/strong> <a href=\"http:\/\/irishcountryhotels.com\/de\/hotels\/clew-bay-hotel\/\" target=\"_blank\" rel=\"nofollow\">http:\/\/irishcountryhotels.com\/de\/hotels\/clew-bay-hotel\/<\/a><\/p>\n\n<div class=\"ngg-galleryoverview\" id=\"ngg-gallery-125-3181\">\n\n\n\t\n\t<!-- Thumbnails -->\n\t\t\n\t<div id=\"ngg-image-1427\" class=\"ngg-gallery-thumbnail-box\"  >\n\t\t<div class=\"ngg-gallery-thumbnail\" >\n\t\t\t<a href=\"https:\/\/irland-reise-tipps.de\/de\/wp-content\/gallery\/clewbay-hotel\/bedroom2012_1349195525.jpg\" title=\" \" rel=\"lightbox[set_125]\" >\n\t\t\t\t\t\t\t\t<img loading=\"lazy\" decoding=\"async\" title=\"bedroom2012_1349195525\" alt=\"bedroom2012_1349195525\" src=\"https:\/\/irland-reise-tipps.de\/de\/wp-content\/gallery\/clewbay-hotel\/thumbs\/thumbs_bedroom2012_1349195525.jpg\" width=\"100\" height=\"75\" \/>\n\t\t\t\t\t\t\t<\/a>\n\t\t<\/div>\n\t<\/div>\n\t\n\t\t\n \t\t\n\t<div id=\"ngg-image-1428\" class=\"ngg-gallery-thumbnail-box\"  >\n\t\t<div class=\"ngg-gallery-thumbnail\" >\n\t\t\t<a href=\"https:\/\/irland-reise-tipps.de\/de\/wp-content\/gallery\/clewbay-hotel\/bedroom3_1349195412.jpg\" title=\" \" rel=\"lightbox[set_125]\" >\n\t\t\t\t\t\t\t\t<img loading=\"lazy\" decoding=\"async\" title=\"bedroom3_1349195412\" alt=\"bedroom3_1349195412\" src=\"https:\/\/irland-reise-tipps.de\/de\/wp-content\/gallery\/clewbay-hotel\/thumbs\/thumbs_bedroom3_1349195412.jpg\" width=\"100\" height=\"75\" \/>\n\t\t\t\t\t\t\t<\/a>\n\t\t<\/div>\n\t<\/div>\n\t\n\t\t\n \t\t\n\t<div id=\"ngg-image-1429\" class=\"ngg-gallery-thumbnail-box\"  >\n\t\t<div class=\"ngg-gallery-thumbnail\" >\n\t\t\t<a href=\"https:\/\/irland-reise-tipps.de\/de\/wp-content\/gallery\/clewbay-hotel\/clewbayext1_1299605090.jpg\" title=\" \" rel=\"lightbox[set_125]\" >\n\t\t\t\t\t\t\t\t<img loading=\"lazy\" decoding=\"async\" title=\"clewbayext1_1299605090\" alt=\"clewbayext1_1299605090\" src=\"https:\/\/irland-reise-tipps.de\/de\/wp-content\/gallery\/clewbay-hotel\/thumbs\/thumbs_clewbayext1_1299605090.jpg\" width=\"100\" height=\"75\" \/>\n\t\t\t\t\t\t\t<\/a>\n\t\t<\/div>\n\t<\/div>\n\t\n\t\t\n \t\t\n\t<div id=\"ngg-image-1430\" class=\"ngg-gallery-thumbnail-box\"  >\n\t\t<div class=\"ngg-gallery-thumbnail\" >\n\t\t\t<a href=\"https:\/\/irland-reise-tipps.de\/de\/wp-content\/gallery\/clewbay-hotel\/clewbayext2_1299605060.jpg\" title=\" \" rel=\"lightbox[set_125]\" >\n\t\t\t\t\t\t\t\t<img loading=\"lazy\" decoding=\"async\" title=\"clewbayext2_1299605060\" alt=\"clewbayext2_1299605060\" src=\"https:\/\/irland-reise-tipps.de\/de\/wp-content\/gallery\/clewbay-hotel\/thumbs\/thumbs_clewbayext2_1299605060.jpg\" width=\"100\" height=\"75\" \/>\n\t\t\t\t\t\t\t<\/a>\n\t\t<\/div>\n\t<\/div>\n\t\n\t\t\n \t\t\n\t<div id=\"ngg-image-1431\" class=\"ngg-gallery-thumbnail-box\"  >\n\t\t<div class=\"ngg-gallery-thumbnail\" >\n\t\t\t<a href=\"https:\/\/irland-reise-tipps.de\/de\/wp-content\/gallery\/clewbay-hotel\/clewbaygallery1_1349195458.jpg\" title=\" \" rel=\"lightbox[set_125]\" >\n\t\t\t\t\t\t\t\t<img loading=\"lazy\" decoding=\"async\" title=\"clewbaygallery1_1349195458\" alt=\"clewbaygallery1_1349195458\" src=\"https:\/\/irland-reise-tipps.de\/de\/wp-content\/gallery\/clewbay-hotel\/thumbs\/thumbs_clewbaygallery1_1349195458.jpg\" width=\"100\" height=\"75\" \/>\n\t\t\t\t\t\t\t<\/a>\n\t\t<\/div>\n\t<\/div>\n\t\n\t\t\n \t\t\n\t<div id=\"ngg-image-1432\" class=\"ngg-gallery-thumbnail-box\"  >\n\t\t<div class=\"ngg-gallery-thumbnail\" >\n\t\t\t<a href=\"https:\/\/irland-reise-tipps.de\/de\/wp-content\/gallery\/clewbay-hotel\/clewbayint4_1299605146.jpg\" title=\" \" rel=\"lightbox[set_125]\" >\n\t\t\t\t\t\t\t\t<img loading=\"lazy\" decoding=\"async\" title=\"clewbayint4_1299605146\" alt=\"clewbayint4_1299605146\" src=\"https:\/\/irland-reise-tipps.de\/de\/wp-content\/gallery\/clewbay-hotel\/thumbs\/thumbs_clewbayint4_1299605146.jpg\" width=\"100\" height=\"75\" \/>\n\t\t\t\t\t\t\t<\/a>\n\t\t<\/div>\n\t<\/div>\n\t\n\t\t\n \t\t\n\t<div id=\"ngg-image-1433\" class=\"ngg-gallery-thumbnail-box\"  >\n\t\t<div class=\"ngg-gallery-thumbnail\" >\n\t\t\t<a href=\"https:\/\/irland-reise-tipps.de\/de\/wp-content\/gallery\/clewbay-hotel\/croaghpatricksunset_1349195548.jpg\" title=\" \" rel=\"lightbox[set_125]\" >\n\t\t\t\t\t\t\t\t<img loading=\"lazy\" decoding=\"async\" title=\"croaghpatricksunset_1349195548\" alt=\"croaghpatricksunset_1349195548\" src=\"https:\/\/irland-reise-tipps.de\/de\/wp-content\/gallery\/clewbay-hotel\/thumbs\/thumbs_croaghpatricksunset_1349195548.jpg\" width=\"100\" height=\"75\" \/>\n\t\t\t\t\t\t\t<\/a>\n\t\t<\/div>\n\t<\/div>\n\t\n\t\t\n \t\t\n\t<div id=\"ngg-image-1434\" class=\"ngg-gallery-thumbnail-box\"  >\n\t\t<div class=\"ngg-gallery-thumbnail\" >\n\t\t\t<a href=\"https:\/\/irland-reise-tipps.de\/de\/wp-content\/gallery\/clewbay-hotel\/riverside2_1349195367.jpg\" title=\" \" rel=\"lightbox[set_125]\" >\n\t\t\t\t\t\t\t\t<img loading=\"lazy\" decoding=\"async\" title=\"riverside2_1349195367\" alt=\"riverside2_1349195367\" src=\"https:\/\/irland-reise-tipps.de\/de\/wp-content\/gallery\/clewbay-hotel\/thumbs\/thumbs_riverside2_1349195367.jpg\" width=\"100\" height=\"75\" \/>\n\t\t\t\t\t\t\t<\/a>\n\t\t<\/div>\n\t<\/div>\n\t\n\t\t\n \t\t\n\t<div id=\"ngg-image-1435\" class=\"ngg-gallery-thumbnail-box\"  >\n\t\t<div class=\"ngg-gallery-thumbnail\" >\n\t\t\t<a href=\"https:\/\/irland-reise-tipps.de\/de\/wp-content\/gallery\/clewbay-hotel\/twinroom2012_1349195325.jpg\" title=\" \" rel=\"lightbox[set_125]\" >\n\t\t\t\t\t\t\t\t<img loading=\"lazy\" decoding=\"async\" title=\"twinroom2012_1349195325\" alt=\"twinroom2012_1349195325\" src=\"https:\/\/irland-reise-tipps.de\/de\/wp-content\/gallery\/clewbay-hotel\/thumbs\/thumbs_twinroom2012_1349195325.jpg\" width=\"100\" height=\"75\" \/>\n\t\t\t\t\t\t\t<\/a>\n\t\t<\/div>\n\t<\/div>\n\t\n\t\t\n \t \t\n\t<!-- Pagination -->\n \t<div class=\"ngg-clear\"><\/div> \t\n<\/div>\n\n\n<h4 style=\"text-align: left;\">Beschreibung<\/h4>\n<p><strong>Herzlich Willkommen im Clew Bay Hotel!<\/strong><\/p>\n<p>Gastfreundliches Boutique-Hotel in der Stadtmitte von Westport<\/p>\n<p>Das Clew Bay Hotel ist ein erstklassiges und familiengef\u00fchrtes Hotel im Herzen der lebhaften Stadt Westport. Westport ist ein sehr beliebtes Reiseziel im Westen Irlands. Buchen Sie Ihren Aufenthalt im Clew Bay Hotel und seien Sie mittendrin im Get\u00fcmmel der Stadt Westport &#8211; sei es Angeln, Wandern, Shopping-Touren oder Galerie-Besuche.<\/p>\n<h4>Was G\u00e4ste am Clew Bay Hotel wertsch\u00e4tzen:<\/h4>\n<ul>\n<li>die Hotellage direkt in der Stadtmitte von Westport<\/li>\n<li>Madden&#8217;s Bar &amp; Bistro &#8211; ein lebendiges Pub mit gutem Essen<\/li>\n<li>kostenloser Zugang f\u00fcr Hotelg\u00e4ste zum Westport Freizeitpark in der N\u00e4he<\/li>\n<li>kostenloses WLAN in \u00f6ffentlichen Bereichen<\/li>\n<li>das Naturheilkundezentrum im Clew Bay Hotel mit einer gro\u00dfen Auswahl an Behandlungen<\/li>\n<\/ul>\n<p>Ihr Irish Country Hotel-Gutschein kann im Clew Bay Hotel eingel\u00f6st werden<\/p>\n<p>Wir freuen uns auf Ihren Besuch!<\/p>\n<h4>Lage des Hotels und Sehensw\u00fcrdigkeiten in der N\u00e4he<\/h4>\n<p>[google-map-v3 width=&#8220;600&#8243; height=&#8220;400&#8243; zoom=&#8220;12&#8243; maptype=&#8220;roadmap&#8220; mapalign=&#8220;center&#8220; directionhint=&#8220;false&#8220; language=&#8220;default&#8220; poweredby=&#8220;false&#8220; maptypecontrol=&#8220;true&#8220; pancontrol=&#8220;true&#8220; zoomcontrol=&#8220;true&#8220; scalecontrol=&#8220;true&#8220; streetviewcontrol=&#8220;true&#8220; scrollwheelcontrol=&#8220;false&#8220; draggable=&#8220;true&#8220; tiltfourtyfive=&#8220;false&#8220; addmarkermashupbubble=&#8220;false&#8220; addmarkermashupbubble=&#8220;false&#8220; addmarkerlist=&#8220;53.800359,-9.523614{}lodging_0star.png{}Clew Bay Hotel&#8220; bubbleautopan=&#8220;true&#8220; showbike=&#8220;false&#8220; showtraffic=&#8220;false&#8220; showpanoramio=&#8220;false&#8220;]<\/p>\n","protected":false},"excerpt":{"rendered":"<p>Kontakt Details Clew Bay Hotel Westport Telephone: +353 1 2958900 Email: clewbay@irishcountryhotels.com Homepage: http:\/\/irishcountryhotels.com\/de\/hotels\/clew-bay-hotel\/ Beschreibung Herzlich Willkommen im Clew Bay Hotel! Gastfreundliches Boutique-Hotel in der Stadtmitte von Westport Das Clew Bay Hotel ist ein erstklassiges und familiengef\u00fchrtes Hotel im Herzen<span class=\"ellipsis\">&hellip;<\/span><\/p>\n<div class=\"read-more\"><a href=\"https:\/\/irland-reise-tipps.de\/de\/unterkunft\/hotels-in-mayo\/clew-bay-hotel\/\">Weiterlesen &#8250;<\/a><\/div>\n<p><!-- end of .read-more --><\/p>\n","protected":false},"author":11,"featured_media":0,"parent":3059,"menu_order":0,"comment_status":"closed","ping_status":"closed","template":"","meta":{"footnotes":""},"class_list":["post-3181","page","type-page","status-publish","hentry"],"yoast_head":"<!-- This site is optimized with the Yoast SEO plugin v21.2 - https:\/\/yoast.com\/wordpress\/plugins\/seo\/ -->\n<title>Clew Bay Hotel - Irland Reise Tipps<\/title>\n<meta name=\"description\" content=\"Gemeinsam die gr\u00fcne Insel Irland entdecken. Wir haben ausgew\u00e4hlte Veranstaltungen, Unterk\u00fcnfte und Touren mit den Highlights Irlands zusammengestellt.\" \/>\n<meta name=\"robots\" content=\"index, follow, max-snippet:-1, max-image-preview:large, max-video-preview:-1\" \/>\n<link rel=\"canonical\" href=\"https:\/\/irland-reise-tipps.de\/de\/unterkunft\/hotels-in-mayo\/clew-bay-hotel\/\" \/>\n<meta property=\"og:locale\" content=\"de_DE\" \/>\n<meta property=\"og:type\" content=\"article\" \/>\n<meta property=\"og:title\" content=\"Clew Bay Hotel - Irland Reise Tipps\" \/>\n<meta property=\"og:description\" content=\"Gemeinsam die gr\u00fcne Insel Irland entdecken. Wir haben ausgew\u00e4hlte Veranstaltungen, Unterk\u00fcnfte und Touren mit den Highlights Irlands zusammengestellt.\" \/>\n<meta property=\"og:url\" content=\"https:\/\/irland-reise-tipps.de\/de\/unterkunft\/hotels-in-mayo\/clew-bay-hotel\/\" \/>\n<meta property=\"og:site_name\" content=\"Irland Reise Tipps\" \/>\n<meta property=\"article:modified_time\" content=\"2013-11-28T09:23:09+00:00\" \/>\n<meta name=\"twitter:label1\" content=\"Gesch\u00e4tzte Lesezeit\" \/>\n\t<meta name=\"twitter:data1\" content=\"1\u00a0Minute\" \/>\n<script type=\"application\/ld+json\" class=\"yoast-schema-graph\">{\"@context\":\"https:\/\/schema.org\",\"@graph\":[{\"@type\":\"WebPage\",\"@id\":\"https:\/\/irland-reise-tipps.de\/de\/unterkunft\/hotels-in-mayo\/clew-bay-hotel\/\",\"url\":\"https:\/\/irland-reise-tipps.de\/de\/unterkunft\/hotels-in-mayo\/clew-bay-hotel\/\",\"name\":\"Clew Bay Hotel - Irland Reise Tipps\",\"isPartOf\":{\"@id\":\"https:\/\/irland-reise-tipps.de\/de\/#website\"},\"datePublished\":\"2013-11-27T12:00:15+00:00\",\"dateModified\":\"2013-11-28T09:23:09+00:00\",\"description\":\"Gemeinsam die gr\u00fcne Insel Irland entdecken. Wir haben ausgew\u00e4hlte Veranstaltungen, Unterk\u00fcnfte und Touren mit den Highlights Irlands zusammengestellt.\",\"breadcrumb\":{\"@id\":\"https:\/\/irland-reise-tipps.de\/de\/unterkunft\/hotels-in-mayo\/clew-bay-hotel\/#breadcrumb\"},\"inLanguage\":\"de\",\"potentialAction\":[{\"@type\":\"ReadAction\",\"target\":[\"https:\/\/irland-reise-tipps.de\/de\/unterkunft\/hotels-in-mayo\/clew-bay-hotel\/\"]}]},{\"@type\":\"BreadcrumbList\",\"@id\":\"https:\/\/irland-reise-tipps.de\/de\/unterkunft\/hotels-in-mayo\/clew-bay-hotel\/#breadcrumb\",\"itemListElement\":[{\"@type\":\"ListItem\",\"position\":1,\"name\":\"Home\",\"item\":\"https:\/\/irland-reise-tipps.de\/de\/\"},{\"@type\":\"ListItem\",\"position\":2,\"name\":\"Unterkunft\",\"item\":\"https:\/\/irland-reise-tipps.de\/de\/unterkunft\/\"},{\"@type\":\"ListItem\",\"position\":3,\"name\":\"Hotels in Mayo\",\"item\":\"https:\/\/irland-reise-tipps.de\/de\/unterkunft\/hotels-in-mayo\/\"},{\"@type\":\"ListItem\",\"position\":4,\"name\":\"Clew Bay Hotel\"}]},{\"@type\":\"WebSite\",\"@id\":\"https:\/\/irland-reise-tipps.de\/de\/#website\",\"url\":\"https:\/\/irland-reise-tipps.de\/de\/\",\"name\":\"Irland Reise Tipps\",\"description\":\"Gemeinsam die gr\u00fcne Insel entdecken\",\"potentialAction\":[{\"@type\":\"SearchAction\",\"target\":{\"@type\":\"EntryPoint\",\"urlTemplate\":\"https:\/\/irland-reise-tipps.de\/de\/?s={search_term_string}\"},\"query-input\":\"required name=search_term_string\"}],\"inLanguage\":\"de\"}]}<\/script>\n<!-- \/ Yoast SEO plugin. -->","yoast_head_json":{"title":"Clew Bay Hotel - Irland Reise Tipps","description":"Gemeinsam die gr\u00fcne Insel Irland entdecken. Wir haben ausgew\u00e4hlte Veranstaltungen, Unterk\u00fcnfte und Touren mit den Highlights Irlands zusammengestellt.","robots":{"index":"index","follow":"follow","max-snippet":"max-snippet:-1","max-image-preview":"max-image-preview:large","max-video-preview":"max-video-preview:-1"},"canonical":"https:\/\/irland-reise-tipps.de\/de\/unterkunft\/hotels-in-mayo\/clew-bay-hotel\/","og_locale":"de_DE","og_type":"article","og_title":"Clew Bay Hotel - Irland Reise Tipps","og_description":"Gemeinsam die gr\u00fcne Insel Irland entdecken. Wir haben ausgew\u00e4hlte Veranstaltungen, Unterk\u00fcnfte und Touren mit den Highlights Irlands zusammengestellt.","og_url":"https:\/\/irland-reise-tipps.de\/de\/unterkunft\/hotels-in-mayo\/clew-bay-hotel\/","og_site_name":"Irland Reise Tipps","article_modified_time":"2013-11-28T09:23:09+00:00","twitter_misc":{"Gesch\u00e4tzte Lesezeit":"1\u00a0Minute"},"schema":{"@context":"https:\/\/schema.org","@graph":[{"@type":"WebPage","@id":"https:\/\/irland-reise-tipps.de\/de\/unterkunft\/hotels-in-mayo\/clew-bay-hotel\/","url":"https:\/\/irland-reise-tipps.de\/de\/unterkunft\/hotels-in-mayo\/clew-bay-hotel\/","name":"Clew Bay Hotel - Irland Reise Tipps","isPartOf":{"@id":"https:\/\/irland-reise-tipps.de\/de\/#website"},"datePublished":"2013-11-27T12:00:15+00:00","dateModified":"2013-11-28T09:23:09+00:00","description":"Gemeinsam die gr\u00fcne Insel Irland entdecken. Wir haben ausgew\u00e4hlte Veranstaltungen, Unterk\u00fcnfte und Touren mit den Highlights Irlands zusammengestellt.","breadcrumb":{"@id":"https:\/\/irland-reise-tipps.de\/de\/unterkunft\/hotels-in-mayo\/clew-bay-hotel\/#breadcrumb"},"inLanguage":"de","potentialAction":[{"@type":"ReadAction","target":["https:\/\/irland-reise-tipps.de\/de\/unterkunft\/hotels-in-mayo\/clew-bay-hotel\/"]}]},{"@type":"BreadcrumbList","@id":"https:\/\/irland-reise-tipps.de\/de\/unterkunft\/hotels-in-mayo\/clew-bay-hotel\/#breadcrumb","itemListElement":[{"@type":"ListItem","position":1,"name":"Home","item":"https:\/\/irland-reise-tipps.de\/de\/"},{"@type":"ListItem","position":2,"name":"Unterkunft","item":"https:\/\/irland-reise-tipps.de\/de\/unterkunft\/"},{"@type":"ListItem","position":3,"name":"Hotels in Mayo","item":"https:\/\/irland-reise-tipps.de\/de\/unterkunft\/hotels-in-mayo\/"},{"@type":"ListItem","position":4,"name":"Clew Bay Hotel"}]},{"@type":"WebSite","@id":"https:\/\/irland-reise-tipps.de\/de\/#website","url":"https:\/\/irland-reise-tipps.de\/de\/","name":"Irland Reise Tipps","description":"Gemeinsam die gr\u00fcne Insel entdecken","potentialAction":[{"@type":"SearchAction","target":{"@type":"EntryPoint","urlTemplate":"https:\/\/irland-reise-tipps.de\/de\/?s={search_term_string}"},"query-input":"required name=search_term_string"}],"inLanguage":"de"}]}},"_links":{"self":[{"href":"https:\/\/irland-reise-tipps.de\/de\/wp-json\/wp\/v2\/pages\/3181","targetHints":{"allow":["GET"]}}],"collection":[{"href":"https:\/\/irland-reise-tipps.de\/de\/wp-json\/wp\/v2\/pages"}],"about":[{"href":"https:\/\/irland-reise-tipps.de\/de\/wp-json\/wp\/v2\/types\/page"}],"author":[{"embeddable":true,"href":"https:\/\/irland-reise-tipps.de\/de\/wp-json\/wp\/v2\/users\/11"}],"replies":[{"embeddable":true,"href":"https:\/\/irland-reise-tipps.de\/de\/wp-json\/wp\/v2\/comments?post=3181"}],"version-history":[{"count":2,"href":"https:\/\/irland-reise-tipps.de\/de\/wp-json\/wp\/v2\/pages\/3181\/revisions"}],"predecessor-version":[{"id":3240,"href":"https:\/\/irland-reise-tipps.de\/de\/wp-json\/wp\/v2\/pages\/3181\/revisions\/3240"}],"up":[{"embeddable":true,"href":"https:\/\/irland-reise-tipps.de\/de\/wp-json\/wp\/v2\/pages\/3059"}],"wp:attachment":[{"href":"https:\/\/irland-reise-tipps.de\/de\/wp-json\/wp\/v2\/media?parent=3181"}],"curies":[{"name":"wp","href":"https:\/\/api.w.org\/{rel}","templated":true}]}}