{"id":3169,"date":"2013-11-27T12:34:59","date_gmt":"2013-11-27T11:34:59","guid":{"rendered":"http:\/\/irland-reise-tipps.de\/de\/?page_id=3169"},"modified":"2013-11-28T10:04:06","modified_gmt":"2013-11-28T09:04:06","slug":"arnolds-hotel","status":"publish","type":"page","link":"https:\/\/irland-reise-tipps.de\/de\/unterkunft\/hotels-in-donegal\/arnolds-hotel\/","title":{"rendered":"Arnolds Hotel"},"content":{"rendered":"<h4 style=\"text-align: right;\">\n<a href=\"https:\/\/irland-reise-tipps.de\/de\/wp-content\/gallery\/arnolds-hotel\/arnoldshoteldunfanaghyexreriorshotcropped_1341394847.jpg\" title=\"\" rel=\"lightbox[singlepic1405]\" >\n\t<img decoding=\"async\" class=\"ngg-singlepic ngg-right\" src=\"https:\/\/irland-reise-tipps.de\/de\/wp-content\/gallery\/cache\/1405__150x150_arnoldshoteldunfanaghyexreriorshotcropped_1341394847.jpg\" alt=\"arnoldshoteldunfanaghyexreriorshotcropped_1341394847\" title=\"arnoldshoteldunfanaghyexreriorshotcropped_1341394847\" \/>\n<\/a>\n<\/h4>\n<h4>Kontakt Details<\/h4>\n<p>Arnolds Hotel<br \/>\nDunfanaghy<\/p>\n<p><strong>Telephone:<\/strong> +353 1 2958900<br \/>\n<strong>Email:<\/strong> <span class=\"fs\"><a href=\"mailto:arnolds@irishcountryhotels.com\">arnolds@irishcountryhotels.com<\/a><\/span><br \/>\n<strong>Homepage:<\/strong> <a href=\"http:\/\/irishcountryhotels.com\/de\/hotels\/arnolds-hotel\/\" target=\"_blank\" rel=\"nofollow\">http:\/\/irishcountryhotels.com\/de\/hotels\/arnolds-hotel\/<\/a><\/p>\n\n<div class=\"ngg-galleryoverview\" id=\"ngg-gallery-122-3169\">\n\n\n\t\n\t<!-- Thumbnails -->\n\t\t\n\t<div id=\"ngg-image-1403\" class=\"ngg-gallery-thumbnail-box\"  >\n\t\t<div class=\"ngg-gallery-thumbnail\" >\n\t\t\t<a href=\"https:\/\/irland-reise-tipps.de\/de\/wp-content\/gallery\/arnolds-hotel\/arnoldsbed2_1299606355.jpg\" title=\" \" rel=\"lightbox[set_122]\" >\n\t\t\t\t\t\t\t\t<img loading=\"lazy\" decoding=\"async\" title=\"arnoldsbed2_1299606355\" alt=\"arnoldsbed2_1299606355\" src=\"https:\/\/irland-reise-tipps.de\/de\/wp-content\/gallery\/arnolds-hotel\/thumbs\/thumbs_arnoldsbed2_1299606355.jpg\" width=\"100\" height=\"75\" \/>\n\t\t\t\t\t\t\t<\/a>\n\t\t<\/div>\n\t<\/div>\n\t\n\t\t\n \t\t\n\t<div id=\"ngg-image-1404\" class=\"ngg-gallery-thumbnail-box\"  >\n\t\t<div class=\"ngg-gallery-thumbnail\" >\n\t\t\t<a href=\"https:\/\/irland-reise-tipps.de\/de\/wp-content\/gallery\/arnolds-hotel\/arnoldsbedroomnew2011_1310138512.jpg\" title=\" \" rel=\"lightbox[set_122]\" >\n\t\t\t\t\t\t\t\t<img loading=\"lazy\" decoding=\"async\" title=\"arnoldsbedroomnew2011_1310138512\" alt=\"arnoldsbedroomnew2011_1310138512\" src=\"https:\/\/irland-reise-tipps.de\/de\/wp-content\/gallery\/arnolds-hotel\/thumbs\/thumbs_arnoldsbedroomnew2011_1310138512.jpg\" width=\"100\" height=\"75\" \/>\n\t\t\t\t\t\t\t<\/a>\n\t\t<\/div>\n\t<\/div>\n\t\n\t\t\n \t\t\n\t<div id=\"ngg-image-1405\" class=\"ngg-gallery-thumbnail-box\"  >\n\t\t<div class=\"ngg-gallery-thumbnail\" >\n\t\t\t<a href=\"https:\/\/irland-reise-tipps.de\/de\/wp-content\/gallery\/arnolds-hotel\/arnoldshoteldunfanaghyexreriorshotcropped_1341394847.jpg\" title=\" \" rel=\"lightbox[set_122]\" >\n\t\t\t\t\t\t\t\t<img loading=\"lazy\" decoding=\"async\" title=\"arnoldshoteldunfanaghyexreriorshotcropped_1341394847\" alt=\"arnoldshoteldunfanaghyexreriorshotcropped_1341394847\" src=\"https:\/\/irland-reise-tipps.de\/de\/wp-content\/gallery\/arnolds-hotel\/thumbs\/thumbs_arnoldshoteldunfanaghyexreriorshotcropped_1341394847.jpg\" width=\"100\" height=\"75\" \/>\n\t\t\t\t\t\t\t<\/a>\n\t\t<\/div>\n\t<\/div>\n\t\n\t\t\n \t\t\n\t<div id=\"ngg-image-1406\" class=\"ngg-gallery-thumbnail-box\"  >\n\t\t<div class=\"ngg-gallery-thumbnail\" >\n\t\t\t<a href=\"https:\/\/irland-reise-tipps.de\/de\/wp-content\/gallery\/arnolds-hotel\/arnoldsint1_1299606372.jpg\" title=\" \" rel=\"lightbox[set_122]\" >\n\t\t\t\t\t\t\t\t<img loading=\"lazy\" decoding=\"async\" title=\"arnoldsint1_1299606372\" alt=\"arnoldsint1_1299606372\" src=\"https:\/\/irland-reise-tipps.de\/de\/wp-content\/gallery\/arnolds-hotel\/thumbs\/thumbs_arnoldsint1_1299606372.jpg\" width=\"100\" height=\"75\" \/>\n\t\t\t\t\t\t\t<\/a>\n\t\t<\/div>\n\t<\/div>\n\t\n\t\t\n \t\t\n\t<div id=\"ngg-image-1407\" class=\"ngg-gallery-thumbnail-box\"  >\n\t\t<div class=\"ngg-gallery-thumbnail\" >\n\t\t\t<a href=\"https:\/\/irland-reise-tipps.de\/de\/wp-content\/gallery\/arnolds-hotel\/arnoldsint2_1299606414.jpg\" title=\" \" rel=\"lightbox[set_122]\" >\n\t\t\t\t\t\t\t\t<img loading=\"lazy\" decoding=\"async\" title=\"arnoldsint2_1299606414\" alt=\"arnoldsint2_1299606414\" src=\"https:\/\/irland-reise-tipps.de\/de\/wp-content\/gallery\/arnolds-hotel\/thumbs\/thumbs_arnoldsint2_1299606414.jpg\" width=\"100\" height=\"75\" \/>\n\t\t\t\t\t\t\t<\/a>\n\t\t<\/div>\n\t<\/div>\n\t\n\t\t\n \t\t\n\t<div id=\"ngg-image-1408\" class=\"ngg-gallery-thumbnail-box\"  >\n\t\t<div class=\"ngg-gallery-thumbnail\" >\n\t\t\t<a href=\"https:\/\/irland-reise-tipps.de\/de\/wp-content\/gallery\/arnolds-hotel\/arnoldsint3_1299606441.jpg\" title=\" \" rel=\"lightbox[set_122]\" >\n\t\t\t\t\t\t\t\t<img loading=\"lazy\" decoding=\"async\" title=\"arnoldsint3_1299606441\" alt=\"arnoldsint3_1299606441\" src=\"https:\/\/irland-reise-tipps.de\/de\/wp-content\/gallery\/arnolds-hotel\/thumbs\/thumbs_arnoldsint3_1299606441.jpg\" width=\"100\" height=\"75\" \/>\n\t\t\t\t\t\t\t<\/a>\n\t\t<\/div>\n\t<\/div>\n\t\n\t\t\n \t\t\n\t<div id=\"ngg-image-1409\" class=\"ngg-gallery-thumbnail-box\"  >\n\t\t<div class=\"ngg-gallery-thumbnail\" >\n\t\t\t<a href=\"https:\/\/irland-reise-tipps.de\/de\/wp-content\/gallery\/arnolds-hotel\/arnoldsint5_1299606385.jpg\" title=\" \" rel=\"lightbox[set_122]\" >\n\t\t\t\t\t\t\t\t<img loading=\"lazy\" decoding=\"async\" title=\"arnoldsint5_1299606385\" alt=\"arnoldsint5_1299606385\" src=\"https:\/\/irland-reise-tipps.de\/de\/wp-content\/gallery\/arnolds-hotel\/thumbs\/thumbs_arnoldsint5_1299606385.jpg\" width=\"100\" height=\"75\" \/>\n\t\t\t\t\t\t\t<\/a>\n\t\t<\/div>\n\t<\/div>\n\t\n\t\t\n \t\t\n\t<div id=\"ngg-image-1410\" class=\"ngg-gallery-thumbnail-box\"  >\n\t\t<div class=\"ngg-gallery-thumbnail\" >\n\t\t\t<a href=\"https:\/\/irland-reise-tipps.de\/de\/wp-content\/gallery\/arnolds-hotel\/themarinetrailwalkardsforestparknearcreesloughcodonegalsmall_1339603545.jpg\" title=\" \" rel=\"lightbox[set_122]\" >\n\t\t\t\t\t\t\t\t<img loading=\"lazy\" decoding=\"async\" title=\"themarinetrailwalkardsforestparknearcreesloughcodonegalsmall_1339603545\" alt=\"themarinetrailwalkardsforestparknearcreesloughcodonegalsmall_1339603545\" src=\"https:\/\/irland-reise-tipps.de\/de\/wp-content\/gallery\/arnolds-hotel\/thumbs\/thumbs_themarinetrailwalkardsforestparknearcreesloughcodonegalsmall_1339603545.jpg\" width=\"100\" height=\"75\" \/>\n\t\t\t\t\t\t\t<\/a>\n\t\t<\/div>\n\t<\/div>\n\t\n\t\t\n \t \t\n\t<!-- Pagination -->\n \t<div class=\"ngg-clear\"><\/div> \t\n<\/div>\n\n\n<h4 style=\"text-align: left;\">Beschreibung<\/h4>\n<p><strong>Herzlich Willkommen im Arnolds Hotel!<\/strong><\/p>\n<p>Familiengef\u00fchrtes Hotel im Norden der Grafschaft Donegal<\/p>\n<p>Das Arnolds Hotel in der Grafschaft Donegal ist ein familiengef\u00fchrtes Hotel im Herzen des malerischen St\u00e4dtchens Dunfanaghy, das in der weitl\u00e4ufigen Landschaft im Norden der Grafschaft liegt. Das Arnold&#8217;s bietet Golfspielen, Angeln, Wandern, Reiten und andere Aktivit\u00e4ten an.<\/p>\n<h4>Was G\u00e4ste am Arnolds Hotel wertsch\u00e4tzen:<\/h4>\n<ul>\n<li>Preistr\u00e4ger des TripAdvisor\u00ae Certificate of Excellence Award 2011 &amp; 2012<\/li>\n<li>das Hotel bietet eine gro\u00dfe Auswahl an Aktivit\u00e4ten f\u00fcr Ihren Urlaub, darunter Autoren-Seminare, Mal- und Photographiekurse an Wochenenden<\/li>\n<li>das mit einer AA-Rosette ausgezeichnete Seascapes Restaurant<\/li>\n<li>den atemberaubenden Ausblick \u00fcber Sheephaven Bay und den Norden Donegals<\/li>\n<li>Live-Musik in den Sommermonaten<\/li>\n<\/ul>\n<p>Ihr Irish Country Hotel-Gutschein kann im Arnolds Hotel eingel\u00f6st werden<\/p>\n<p>Wir freuen uns auf Ihren Besuch!<\/p>\n<h4>Lage des Hotels und Sehensw\u00fcrdigkeiten in der N\u00e4he<\/h4>\n<p>[google-map-v3 width=&#8220;600&#8243; height=&#8220;400&#8243; zoom=&#8220;12&#8243; maptype=&#8220;roadmap&#8220; mapalign=&#8220;center&#8220; directionhint=&#8220;false&#8220; language=&#8220;default&#8220; poweredby=&#8220;false&#8220; maptypecontrol=&#8220;true&#8220; pancontrol=&#8220;true&#8220; zoomcontrol=&#8220;true&#8220; scalecontrol=&#8220;true&#8220; streetviewcontrol=&#8220;true&#8220; scrollwheelcontrol=&#8220;false&#8220; draggable=&#8220;true&#8220; tiltfourtyfive=&#8220;false&#8220; addmarkermashupbubble=&#8220;false&#8220; addmarkermashupbubble=&#8220;false&#8220; addmarkerlist=&#8220;55.18345,-7.964323{}lodging_0star.png{}Arnolds Hotel&#8220; bubbleautopan=&#8220;true&#8220; showbike=&#8220;false&#8220; showtraffic=&#8220;false&#8220; showpanoramio=&#8220;false&#8220;]<\/p>\n","protected":false},"excerpt":{"rendered":"<p>Kontakt Details Arnolds Hotel Dunfanaghy Telephone: +353 1 2958900 Email: arnolds@irishcountryhotels.com Homepage: http:\/\/irishcountryhotels.com\/de\/hotels\/arnolds-hotel\/ Beschreibung Herzlich Willkommen im Arnolds Hotel! Familiengef\u00fchrtes Hotel im Norden der Grafschaft Donegal Das Arnolds Hotel in der Grafschaft Donegal ist ein familiengef\u00fchrtes Hotel im Herzen des<span class=\"ellipsis\">&hellip;<\/span><\/p>\n<div class=\"read-more\"><a href=\"https:\/\/irland-reise-tipps.de\/de\/unterkunft\/hotels-in-donegal\/arnolds-hotel\/\">Weiterlesen &#8250;<\/a><\/div>\n<p><!-- end of .read-more --><\/p>\n","protected":false},"author":11,"featured_media":0,"parent":3057,"menu_order":0,"comment_status":"closed","ping_status":"closed","template":"","meta":{"footnotes":""},"class_list":["post-3169","page","type-page","status-publish","hentry"],"yoast_head":"<!-- This site is optimized with the Yoast SEO plugin v21.2 - https:\/\/yoast.com\/wordpress\/plugins\/seo\/ -->\n<title>Arnolds Hotel - Irland Reise Tipps<\/title>\n<meta name=\"description\" content=\"Gemeinsam die gr\u00fcne Insel Irland entdecken. Wir haben ausgew\u00e4hlte Veranstaltungen, Unterk\u00fcnfte und Touren mit den Highlights Irlands zusammengestellt.\" \/>\n<meta name=\"robots\" content=\"index, follow, max-snippet:-1, max-image-preview:large, max-video-preview:-1\" \/>\n<link rel=\"canonical\" href=\"https:\/\/irland-reise-tipps.de\/de\/unterkunft\/hotels-in-donegal\/arnolds-hotel\/\" \/>\n<meta property=\"og:locale\" content=\"de_DE\" \/>\n<meta property=\"og:type\" content=\"article\" \/>\n<meta property=\"og:title\" content=\"Arnolds Hotel - Irland Reise Tipps\" \/>\n<meta property=\"og:description\" content=\"Gemeinsam die gr\u00fcne Insel Irland entdecken. Wir haben ausgew\u00e4hlte Veranstaltungen, Unterk\u00fcnfte und Touren mit den Highlights Irlands zusammengestellt.\" \/>\n<meta property=\"og:url\" content=\"https:\/\/irland-reise-tipps.de\/de\/unterkunft\/hotels-in-donegal\/arnolds-hotel\/\" \/>\n<meta property=\"og:site_name\" content=\"Irland Reise Tipps\" \/>\n<meta property=\"article:modified_time\" content=\"2013-11-28T09:04:06+00:00\" \/>\n<meta name=\"twitter:label1\" content=\"Gesch\u00e4tzte Lesezeit\" \/>\n\t<meta name=\"twitter:data1\" content=\"1\u00a0Minute\" \/>\n<script type=\"application\/ld+json\" class=\"yoast-schema-graph\">{\"@context\":\"https:\/\/schema.org\",\"@graph\":[{\"@type\":\"WebPage\",\"@id\":\"https:\/\/irland-reise-tipps.de\/de\/unterkunft\/hotels-in-donegal\/arnolds-hotel\/\",\"url\":\"https:\/\/irland-reise-tipps.de\/de\/unterkunft\/hotels-in-donegal\/arnolds-hotel\/\",\"name\":\"Arnolds Hotel - Irland Reise Tipps\",\"isPartOf\":{\"@id\":\"https:\/\/irland-reise-tipps.de\/de\/#website\"},\"datePublished\":\"2013-11-27T11:34:59+00:00\",\"dateModified\":\"2013-11-28T09:04:06+00:00\",\"description\":\"Gemeinsam die gr\u00fcne Insel Irland entdecken. Wir haben ausgew\u00e4hlte Veranstaltungen, Unterk\u00fcnfte und Touren mit den Highlights Irlands zusammengestellt.\",\"breadcrumb\":{\"@id\":\"https:\/\/irland-reise-tipps.de\/de\/unterkunft\/hotels-in-donegal\/arnolds-hotel\/#breadcrumb\"},\"inLanguage\":\"de\",\"potentialAction\":[{\"@type\":\"ReadAction\",\"target\":[\"https:\/\/irland-reise-tipps.de\/de\/unterkunft\/hotels-in-donegal\/arnolds-hotel\/\"]}]},{\"@type\":\"BreadcrumbList\",\"@id\":\"https:\/\/irland-reise-tipps.de\/de\/unterkunft\/hotels-in-donegal\/arnolds-hotel\/#breadcrumb\",\"itemListElement\":[{\"@type\":\"ListItem\",\"position\":1,\"name\":\"Home\",\"item\":\"https:\/\/irland-reise-tipps.de\/de\/\"},{\"@type\":\"ListItem\",\"position\":2,\"name\":\"Unterkunft\",\"item\":\"https:\/\/irland-reise-tipps.de\/de\/unterkunft\/\"},{\"@type\":\"ListItem\",\"position\":3,\"name\":\"Hotels in Donegal\",\"item\":\"https:\/\/irland-reise-tipps.de\/de\/unterkunft\/hotels-in-donegal\/\"},{\"@type\":\"ListItem\",\"position\":4,\"name\":\"Arnolds Hotel\"}]},{\"@type\":\"WebSite\",\"@id\":\"https:\/\/irland-reise-tipps.de\/de\/#website\",\"url\":\"https:\/\/irland-reise-tipps.de\/de\/\",\"name\":\"Irland Reise Tipps\",\"description\":\"Gemeinsam die gr\u00fcne Insel entdecken\",\"potentialAction\":[{\"@type\":\"SearchAction\",\"target\":{\"@type\":\"EntryPoint\",\"urlTemplate\":\"https:\/\/irland-reise-tipps.de\/de\/?s={search_term_string}\"},\"query-input\":\"required name=search_term_string\"}],\"inLanguage\":\"de\"}]}<\/script>\n<!-- \/ Yoast SEO plugin. -->","yoast_head_json":{"title":"Arnolds Hotel - Irland Reise Tipps","description":"Gemeinsam die gr\u00fcne Insel Irland entdecken. Wir haben ausgew\u00e4hlte Veranstaltungen, Unterk\u00fcnfte und Touren mit den Highlights Irlands zusammengestellt.","robots":{"index":"index","follow":"follow","max-snippet":"max-snippet:-1","max-image-preview":"max-image-preview:large","max-video-preview":"max-video-preview:-1"},"canonical":"https:\/\/irland-reise-tipps.de\/de\/unterkunft\/hotels-in-donegal\/arnolds-hotel\/","og_locale":"de_DE","og_type":"article","og_title":"Arnolds Hotel - Irland Reise Tipps","og_description":"Gemeinsam die gr\u00fcne Insel Irland entdecken. Wir haben ausgew\u00e4hlte Veranstaltungen, Unterk\u00fcnfte und Touren mit den Highlights Irlands zusammengestellt.","og_url":"https:\/\/irland-reise-tipps.de\/de\/unterkunft\/hotels-in-donegal\/arnolds-hotel\/","og_site_name":"Irland Reise Tipps","article_modified_time":"2013-11-28T09:04:06+00:00","twitter_misc":{"Gesch\u00e4tzte Lesezeit":"1\u00a0Minute"},"schema":{"@context":"https:\/\/schema.org","@graph":[{"@type":"WebPage","@id":"https:\/\/irland-reise-tipps.de\/de\/unterkunft\/hotels-in-donegal\/arnolds-hotel\/","url":"https:\/\/irland-reise-tipps.de\/de\/unterkunft\/hotels-in-donegal\/arnolds-hotel\/","name":"Arnolds Hotel - Irland Reise Tipps","isPartOf":{"@id":"https:\/\/irland-reise-tipps.de\/de\/#website"},"datePublished":"2013-11-27T11:34:59+00:00","dateModified":"2013-11-28T09:04:06+00:00","description":"Gemeinsam die gr\u00fcne Insel Irland entdecken. Wir haben ausgew\u00e4hlte Veranstaltungen, Unterk\u00fcnfte und Touren mit den Highlights Irlands zusammengestellt.","breadcrumb":{"@id":"https:\/\/irland-reise-tipps.de\/de\/unterkunft\/hotels-in-donegal\/arnolds-hotel\/#breadcrumb"},"inLanguage":"de","potentialAction":[{"@type":"ReadAction","target":["https:\/\/irland-reise-tipps.de\/de\/unterkunft\/hotels-in-donegal\/arnolds-hotel\/"]}]},{"@type":"BreadcrumbList","@id":"https:\/\/irland-reise-tipps.de\/de\/unterkunft\/hotels-in-donegal\/arnolds-hotel\/#breadcrumb","itemListElement":[{"@type":"ListItem","position":1,"name":"Home","item":"https:\/\/irland-reise-tipps.de\/de\/"},{"@type":"ListItem","position":2,"name":"Unterkunft","item":"https:\/\/irland-reise-tipps.de\/de\/unterkunft\/"},{"@type":"ListItem","position":3,"name":"Hotels in Donegal","item":"https:\/\/irland-reise-tipps.de\/de\/unterkunft\/hotels-in-donegal\/"},{"@type":"ListItem","position":4,"name":"Arnolds Hotel"}]},{"@type":"WebSite","@id":"https:\/\/irland-reise-tipps.de\/de\/#website","url":"https:\/\/irland-reise-tipps.de\/de\/","name":"Irland Reise Tipps","description":"Gemeinsam die gr\u00fcne Insel entdecken","potentialAction":[{"@type":"SearchAction","target":{"@type":"EntryPoint","urlTemplate":"https:\/\/irland-reise-tipps.de\/de\/?s={search_term_string}"},"query-input":"required name=search_term_string"}],"inLanguage":"de"}]}},"_links":{"self":[{"href":"https:\/\/irland-reise-tipps.de\/de\/wp-json\/wp\/v2\/pages\/3169","targetHints":{"allow":["GET"]}}],"collection":[{"href":"https:\/\/irland-reise-tipps.de\/de\/wp-json\/wp\/v2\/pages"}],"about":[{"href":"https:\/\/irland-reise-tipps.de\/de\/wp-json\/wp\/v2\/types\/page"}],"author":[{"embeddable":true,"href":"https:\/\/irland-reise-tipps.de\/de\/wp-json\/wp\/v2\/users\/11"}],"replies":[{"embeddable":true,"href":"https:\/\/irland-reise-tipps.de\/de\/wp-json\/wp\/v2\/comments?post=3169"}],"version-history":[{"count":3,"href":"https:\/\/irland-reise-tipps.de\/de\/wp-json\/wp\/v2\/pages\/3169\/revisions"}],"predecessor-version":[{"id":3227,"href":"https:\/\/irland-reise-tipps.de\/de\/wp-json\/wp\/v2\/pages\/3169\/revisions\/3227"}],"up":[{"embeddable":true,"href":"https:\/\/irland-reise-tipps.de\/de\/wp-json\/wp\/v2\/pages\/3057"}],"wp:attachment":[{"href":"https:\/\/irland-reise-tipps.de\/de\/wp-json\/wp\/v2\/media?parent=3169"}],"curies":[{"name":"wp","href":"https:\/\/api.w.org\/{rel}","templated":true}]}}