{"id":3123,"date":"2013-11-26T11:46:59","date_gmt":"2013-11-26T10:46:59","guid":{"rendered":"http:\/\/irland-reise-tipps.de\/de\/?page_id=3123"},"modified":"2013-11-28T10:19:49","modified_gmt":"2013-11-28T09:19:49","slug":"dunraven-arms-hotel","status":"publish","type":"page","link":"https:\/\/irland-reise-tipps.de\/de\/unterkunft\/hotels-in-limerick\/dunraven-arms-hotel\/","title":{"rendered":"Dunraven Arms Hotel"},"content":{"rendered":"<h4 style=\"text-align: right;\">\n<a href=\"https:\/\/irland-reise-tipps.de\/de\/wp-content\/gallery\/dunraven-arms-hotel\/dunravenexternal2013_1371638691.jpg\" title=\"\" rel=\"lightbox[singlepic1272]\" >\n\t<img decoding=\"async\" class=\"ngg-singlepic ngg-right\" src=\"https:\/\/irland-reise-tipps.de\/de\/wp-content\/gallery\/cache\/1272__150x150_dunravenexternal2013_1371638691.jpg\" alt=\"dunravenexternal2013_1371638691\" title=\"dunravenexternal2013_1371638691\" \/>\n<\/a>\n<\/h4>\n<h4>Kontakt Details<\/h4>\n<p>Dunraven Arms Hotel<br \/>\nAdare<\/p>\n<p><strong>Telephone:<\/strong> +353 1 2958900<\/p>\n<p><strong>Email:<\/strong> <span class=\"fs\"><a href=\"mailto:dunravenarms@manorhousehotels.com\">dunravenarms@manorhousehotels.com<\/a><\/span><br \/>\n<strong>Homepage: <\/strong><a href=\"http:\/\/manorhousehotels.com\/de\/hotels\/dunraven-arms-hotel\/\" target=\"_blank\" rel=\"nofollow\">http:\/\/manorhousehotels.com\/de\/hotels\/dunraven-arms-hotel\/<\/a><\/p>\n\n<div class=\"ngg-galleryoverview\" id=\"ngg-gallery-108-3123\">\n\n\n\t\n\t<!-- Thumbnails -->\n\t\t\n\t<div id=\"ngg-image-1270\" class=\"ngg-gallery-thumbnail-box\"  >\n\t\t<div class=\"ngg-gallery-thumbnail\" >\n\t\t\t<a href=\"https:\/\/irland-reise-tipps.de\/de\/wp-content\/gallery\/dunraven-arms-hotel\/dunravenarmsfamilyjsuite2011_1319554814.jpg\" title=\" \" rel=\"lightbox[set_108]\" >\n\t\t\t\t\t\t\t\t<img loading=\"lazy\" decoding=\"async\" title=\"dunravenarmsfamilyjsuite2011_1319554814\" alt=\"dunravenarmsfamilyjsuite2011_1319554814\" src=\"https:\/\/irland-reise-tipps.de\/de\/wp-content\/gallery\/dunraven-arms-hotel\/thumbs\/thumbs_dunravenarmsfamilyjsuite2011_1319554814.jpg\" width=\"100\" height=\"75\" \/>\n\t\t\t\t\t\t\t<\/a>\n\t\t<\/div>\n\t<\/div>\n\t\n\t\t\n \t\t\n\t<div id=\"ngg-image-1271\" class=\"ngg-gallery-thumbnail-box\"  >\n\t\t<div class=\"ngg-gallery-thumbnail\" >\n\t\t\t<a href=\"https:\/\/irland-reise-tipps.de\/de\/wp-content\/gallery\/dunraven-arms-hotel\/dunravenarmsgarden22011sm_1343829843.jpg\" title=\" \" rel=\"lightbox[set_108]\" >\n\t\t\t\t\t\t\t\t<img loading=\"lazy\" decoding=\"async\" title=\"dunravenarmsgarden22011sm_1343829843\" alt=\"dunravenarmsgarden22011sm_1343829843\" src=\"https:\/\/irland-reise-tipps.de\/de\/wp-content\/gallery\/dunraven-arms-hotel\/thumbs\/thumbs_dunravenarmsgarden22011sm_1343829843.jpg\" width=\"100\" height=\"75\" \/>\n\t\t\t\t\t\t\t<\/a>\n\t\t<\/div>\n\t<\/div>\n\t\n\t\t\n \t\t\n\t<div id=\"ngg-image-1272\" class=\"ngg-gallery-thumbnail-box\"  >\n\t\t<div class=\"ngg-gallery-thumbnail\" >\n\t\t\t<a href=\"https:\/\/irland-reise-tipps.de\/de\/wp-content\/gallery\/dunraven-arms-hotel\/dunravenexternal2013_1371638691.jpg\" title=\" \" rel=\"lightbox[set_108]\" >\n\t\t\t\t\t\t\t\t<img loading=\"lazy\" decoding=\"async\" title=\"dunravenexternal2013_1371638691\" alt=\"dunravenexternal2013_1371638691\" src=\"https:\/\/irland-reise-tipps.de\/de\/wp-content\/gallery\/dunraven-arms-hotel\/thumbs\/thumbs_dunravenexternal2013_1371638691.jpg\" width=\"100\" height=\"75\" \/>\n\t\t\t\t\t\t\t<\/a>\n\t\t<\/div>\n\t<\/div>\n\t\n\t\t\n \t\t\n\t<div id=\"ngg-image-1273\" class=\"ngg-gallery-thumbnail-box\"  >\n\t\t<div class=\"ngg-gallery-thumbnail\" >\n\t\t\t<a href=\"https:\/\/irland-reise-tipps.de\/de\/wp-content\/gallery\/dunraven-arms-hotel\/dunravengarden_1371638756.jpg\" title=\" \" rel=\"lightbox[set_108]\" >\n\t\t\t\t\t\t\t\t<img loading=\"lazy\" decoding=\"async\" title=\"dunravengarden_1371638756\" alt=\"dunravengarden_1371638756\" src=\"https:\/\/irland-reise-tipps.de\/de\/wp-content\/gallery\/dunraven-arms-hotel\/thumbs\/thumbs_dunravengarden_1371638756.jpg\" width=\"100\" height=\"75\" \/>\n\t\t\t\t\t\t\t<\/a>\n\t\t<\/div>\n\t<\/div>\n\t\n\t\t\n \t\t\n\t<div id=\"ngg-image-1274\" class=\"ngg-gallery-thumbnail-box\"  >\n\t\t<div class=\"ngg-gallery-thumbnail\" >\n\t\t\t<a href=\"https:\/\/irland-reise-tipps.de\/de\/wp-content\/gallery\/dunraven-arms-hotel\/dunravenint1_1295347620.jpg\" title=\" \" rel=\"lightbox[set_108]\" >\n\t\t\t\t\t\t\t\t<img loading=\"lazy\" decoding=\"async\" title=\"dunravenint1_1295347620\" alt=\"dunravenint1_1295347620\" src=\"https:\/\/irland-reise-tipps.de\/de\/wp-content\/gallery\/dunraven-arms-hotel\/thumbs\/thumbs_dunravenint1_1295347620.jpg\" width=\"100\" height=\"75\" \/>\n\t\t\t\t\t\t\t<\/a>\n\t\t<\/div>\n\t<\/div>\n\t\n\t\t\n \t\t\n\t<div id=\"ngg-image-1275\" class=\"ngg-gallery-thumbnail-box\"  >\n\t\t<div class=\"ngg-gallery-thumbnail\" >\n\t\t\t<a href=\"https:\/\/irland-reise-tipps.de\/de\/wp-content\/gallery\/dunraven-arms-hotel\/dunravenint2_1295347661.jpg\" title=\" \" rel=\"lightbox[set_108]\" >\n\t\t\t\t\t\t\t\t<img loading=\"lazy\" decoding=\"async\" title=\"dunravenint2_1295347661\" alt=\"dunravenint2_1295347661\" src=\"https:\/\/irland-reise-tipps.de\/de\/wp-content\/gallery\/dunraven-arms-hotel\/thumbs\/thumbs_dunravenint2_1295347661.jpg\" width=\"100\" height=\"75\" \/>\n\t\t\t\t\t\t\t<\/a>\n\t\t<\/div>\n\t<\/div>\n\t\n\t\t\n \t\t\n\t<div id=\"ngg-image-1276\" class=\"ngg-gallery-thumbnail-box\"  >\n\t\t<div class=\"ngg-gallery-thumbnail\" >\n\t\t\t<a href=\"https:\/\/irland-reise-tipps.de\/de\/wp-content\/gallery\/dunraven-arms-hotel\/dunravenint3_1295347678.jpg\" title=\" \" rel=\"lightbox[set_108]\" >\n\t\t\t\t\t\t\t\t<img loading=\"lazy\" decoding=\"async\" title=\"dunravenint3_1295347678\" alt=\"dunravenint3_1295347678\" src=\"https:\/\/irland-reise-tipps.de\/de\/wp-content\/gallery\/dunraven-arms-hotel\/thumbs\/thumbs_dunravenint3_1295347678.jpg\" width=\"100\" height=\"75\" \/>\n\t\t\t\t\t\t\t<\/a>\n\t\t<\/div>\n\t<\/div>\n\t\n\t\t\n \t\t\n\t<div id=\"ngg-image-1277\" class=\"ngg-gallery-thumbnail-box\"  >\n\t\t<div class=\"ngg-gallery-thumbnail\" >\n\t\t\t<a href=\"https:\/\/irland-reise-tipps.de\/de\/wp-content\/gallery\/dunraven-arms-hotel\/dunravenint5_1295347692.jpg\" title=\" \" rel=\"lightbox[set_108]\" >\n\t\t\t\t\t\t\t\t<img loading=\"lazy\" decoding=\"async\" title=\"dunravenint5_1295347692\" alt=\"dunravenint5_1295347692\" src=\"https:\/\/irland-reise-tipps.de\/de\/wp-content\/gallery\/dunraven-arms-hotel\/thumbs\/thumbs_dunravenint5_1295347692.jpg\" width=\"100\" height=\"75\" \/>\n\t\t\t\t\t\t\t<\/a>\n\t\t<\/div>\n\t<\/div>\n\t\n\t\t\n \t\t\n\t<div id=\"ngg-image-1278\" class=\"ngg-gallery-thumbnail-box\"  >\n\t\t<div class=\"ngg-gallery-thumbnail\" >\n\t\t\t<a href=\"https:\/\/irland-reise-tipps.de\/de\/wp-content\/gallery\/dunraven-arms-hotel\/dunravenint6_1295347707.jpg\" title=\" \" rel=\"lightbox[set_108]\" >\n\t\t\t\t\t\t\t\t<img loading=\"lazy\" decoding=\"async\" title=\"dunravenint6_1295347707\" alt=\"dunravenint6_1295347707\" src=\"https:\/\/irland-reise-tipps.de\/de\/wp-content\/gallery\/dunraven-arms-hotel\/thumbs\/thumbs_dunravenint6_1295347707.jpg\" width=\"100\" height=\"75\" \/>\n\t\t\t\t\t\t\t<\/a>\n\t\t<\/div>\n\t<\/div>\n\t\n\t\t\n \t\t\n\t<div id=\"ngg-image-1279\" class=\"ngg-gallery-thumbnail-box\"  >\n\t\t<div class=\"ngg-gallery-thumbnail\" >\n\t\t\t<a href=\"https:\/\/irland-reise-tipps.de\/de\/wp-content\/gallery\/dunraven-arms-hotel\/roomjunior01sm_1371638894.jpg\" title=\" \" rel=\"lightbox[set_108]\" >\n\t\t\t\t\t\t\t\t<img loading=\"lazy\" decoding=\"async\" title=\"roomjunior01sm_1371638894\" alt=\"roomjunior01sm_1371638894\" src=\"https:\/\/irland-reise-tipps.de\/de\/wp-content\/gallery\/dunraven-arms-hotel\/thumbs\/thumbs_roomjunior01sm_1371638894.jpg\" width=\"100\" height=\"75\" \/>\n\t\t\t\t\t\t\t<\/a>\n\t\t<\/div>\n\t<\/div>\n\t\n\t\t\n \t \t\n\t<!-- Pagination -->\n \t<div class=\"ngg-clear\"><\/div> \t\n<\/div>\n\n\n<h4 style=\"text-align: left;\">Beschreibung<\/h4>\n<p><strong>Herzlich Willkommen im Dunraven Arms Hotel!<\/strong><\/p>\n<p>Luxuri\u00f6ses Landhaushotel im historischen Adare in der Grafschaft Limerick<\/p>\n<p>Das Dunraven Arms Hotel ist ein elegantes, luxuri\u00f6ses Landhaus im Dorf Adare in der Grafschaft Limerick. Dieses efeubedeckte Manor House Hotel ist von alten, mit Reet gedeckten Cottages umgeben und stellt eine Oase an Luxus und Ruhe im lebhaften Dorf Adare dar.<\/p>\n<h4>G\u00e4ste lieben am Dunraven Arms Hotel:<\/h4>\n<ul>\n<li>Den von der Automobile Association verliehenen Preis \u201eCourtesy &amp; Care\u201c f\u00fcr das Jahr 2010-2011<\/li>\n<li>Das preisgekr\u00f6nte Maigue Restaurant<\/li>\n<li>Die luxuri\u00f6se, eichenget\u00e4felte Bar<\/li>\n<li>Die offenen Kaminfeuer, die eine gem\u00fctliche Atmosph\u00e4re schaffen<\/li>\n<li>Die gem\u00fctlichen Lounges mit Aussicht auf die preisgekr\u00f6nten G\u00e4rten<\/li>\n<li>Das Wellness- und Freizeitzentrum mit R\u00e4umen f\u00fcr Sch\u00f6nheits- und Massagetherapie<\/li>\n<\/ul>\n<p>Ihre Manor House Hotels Geschenkkarte kann im Dunraven Arms Hotel eingel\u00f6st werden<\/p>\n<p>Wir freuen uns auf Ihren Besuch!<\/p>\n<h4>Lage des Hotels und Sehensw\u00fcrdigkeiten in der N\u00e4he<\/h4>\n<p>[google-map-v3 width=&#8220;600&#8243; height=&#8220;400&#8243; zoom=&#8220;12&#8243; maptype=&#8220;roadmap&#8220; mapalign=&#8220;center&#8220; directionhint=&#8220;false&#8220; language=&#8220;default&#8220; poweredby=&#8220;false&#8220; maptypecontrol=&#8220;true&#8220; pancontrol=&#8220;true&#8220; zoomcontrol=&#8220;true&#8220; scalecontrol=&#8220;true&#8220; streetviewcontrol=&#8220;true&#8220; scrollwheelcontrol=&#8220;false&#8220; draggable=&#8220;true&#8220; tiltfourtyfive=&#8220;false&#8220; addmarkermashupbubble=&#8220;false&#8220; addmarkermashupbubble=&#8220;false&#8220; addmarkerlist=&#8220;52.565245,-8.78673{}lodging_0star.png{}Dunraven Arms Hotel&#8220; bubbleautopan=&#8220;true&#8220; showbike=&#8220;false&#8220; showtraffic=&#8220;false&#8220; showpanoramio=&#8220;false&#8220;]<\/p>\n","protected":false},"excerpt":{"rendered":"<p>Kontakt Details Dunraven Arms Hotel Adare Telephone: +353 1 2958900 Email: dunravenarms@manorhousehotels.com Homepage: http:\/\/manorhousehotels.com\/de\/hotels\/dunraven-arms-hotel\/ Beschreibung Herzlich Willkommen im Dunraven Arms Hotel! Luxuri\u00f6ses Landhaushotel im historischen Adare in der Grafschaft Limerick Das Dunraven Arms Hotel ist ein elegantes, luxuri\u00f6ses Landhaus im<span class=\"ellipsis\">&hellip;<\/span><\/p>\n<div class=\"read-more\"><a href=\"https:\/\/irland-reise-tipps.de\/de\/unterkunft\/hotels-in-limerick\/dunraven-arms-hotel\/\">Weiterlesen &#8250;<\/a><\/div>\n<p><!-- end of .read-more --><\/p>\n","protected":false},"author":11,"featured_media":0,"parent":3067,"menu_order":0,"comment_status":"closed","ping_status":"closed","template":"","meta":{"footnotes":""},"class_list":["post-3123","page","type-page","status-publish","hentry"],"yoast_head":"<!-- This site is optimized with the Yoast SEO plugin v21.2 - https:\/\/yoast.com\/wordpress\/plugins\/seo\/ -->\n<title>Dunraven Arms Hotel - Irland Reise Tipps<\/title>\n<meta name=\"description\" content=\"Gemeinsam die gr\u00fcne Insel Irland entdecken. Wir haben ausgew\u00e4hlte Veranstaltungen, Unterk\u00fcnfte und Touren mit den Highlights Irlands zusammengestellt.\" \/>\n<meta name=\"robots\" content=\"index, follow, max-snippet:-1, max-image-preview:large, max-video-preview:-1\" \/>\n<link rel=\"canonical\" href=\"https:\/\/irland-reise-tipps.de\/de\/unterkunft\/hotels-in-limerick\/dunraven-arms-hotel\/\" \/>\n<meta property=\"og:locale\" content=\"de_DE\" \/>\n<meta property=\"og:type\" content=\"article\" \/>\n<meta property=\"og:title\" content=\"Dunraven Arms Hotel - Irland Reise Tipps\" \/>\n<meta property=\"og:description\" content=\"Gemeinsam die gr\u00fcne Insel Irland entdecken. Wir haben ausgew\u00e4hlte Veranstaltungen, Unterk\u00fcnfte und Touren mit den Highlights Irlands zusammengestellt.\" \/>\n<meta property=\"og:url\" content=\"https:\/\/irland-reise-tipps.de\/de\/unterkunft\/hotels-in-limerick\/dunraven-arms-hotel\/\" \/>\n<meta property=\"og:site_name\" content=\"Irland Reise Tipps\" \/>\n<meta property=\"article:modified_time\" content=\"2013-11-28T09:19:49+00:00\" \/>\n<meta name=\"twitter:label1\" content=\"Gesch\u00e4tzte Lesezeit\" \/>\n\t<meta name=\"twitter:data1\" content=\"1\u00a0Minute\" \/>\n<script type=\"application\/ld+json\" class=\"yoast-schema-graph\">{\"@context\":\"https:\/\/schema.org\",\"@graph\":[{\"@type\":\"WebPage\",\"@id\":\"https:\/\/irland-reise-tipps.de\/de\/unterkunft\/hotels-in-limerick\/dunraven-arms-hotel\/\",\"url\":\"https:\/\/irland-reise-tipps.de\/de\/unterkunft\/hotels-in-limerick\/dunraven-arms-hotel\/\",\"name\":\"Dunraven Arms Hotel - Irland Reise Tipps\",\"isPartOf\":{\"@id\":\"https:\/\/irland-reise-tipps.de\/de\/#website\"},\"datePublished\":\"2013-11-26T10:46:59+00:00\",\"dateModified\":\"2013-11-28T09:19:49+00:00\",\"description\":\"Gemeinsam die gr\u00fcne Insel Irland entdecken. Wir haben ausgew\u00e4hlte Veranstaltungen, Unterk\u00fcnfte und Touren mit den Highlights Irlands zusammengestellt.\",\"breadcrumb\":{\"@id\":\"https:\/\/irland-reise-tipps.de\/de\/unterkunft\/hotels-in-limerick\/dunraven-arms-hotel\/#breadcrumb\"},\"inLanguage\":\"de\",\"potentialAction\":[{\"@type\":\"ReadAction\",\"target\":[\"https:\/\/irland-reise-tipps.de\/de\/unterkunft\/hotels-in-limerick\/dunraven-arms-hotel\/\"]}]},{\"@type\":\"BreadcrumbList\",\"@id\":\"https:\/\/irland-reise-tipps.de\/de\/unterkunft\/hotels-in-limerick\/dunraven-arms-hotel\/#breadcrumb\",\"itemListElement\":[{\"@type\":\"ListItem\",\"position\":1,\"name\":\"Home\",\"item\":\"https:\/\/irland-reise-tipps.de\/de\/\"},{\"@type\":\"ListItem\",\"position\":2,\"name\":\"Unterkunft\",\"item\":\"https:\/\/irland-reise-tipps.de\/de\/unterkunft\/\"},{\"@type\":\"ListItem\",\"position\":3,\"name\":\"Hotels in Limerick\",\"item\":\"https:\/\/irland-reise-tipps.de\/de\/unterkunft\/hotels-in-limerick\/\"},{\"@type\":\"ListItem\",\"position\":4,\"name\":\"Dunraven Arms Hotel\"}]},{\"@type\":\"WebSite\",\"@id\":\"https:\/\/irland-reise-tipps.de\/de\/#website\",\"url\":\"https:\/\/irland-reise-tipps.de\/de\/\",\"name\":\"Irland Reise Tipps\",\"description\":\"Gemeinsam die gr\u00fcne Insel entdecken\",\"potentialAction\":[{\"@type\":\"SearchAction\",\"target\":{\"@type\":\"EntryPoint\",\"urlTemplate\":\"https:\/\/irland-reise-tipps.de\/de\/?s={search_term_string}\"},\"query-input\":\"required name=search_term_string\"}],\"inLanguage\":\"de\"}]}<\/script>\n<!-- \/ Yoast SEO plugin. -->","yoast_head_json":{"title":"Dunraven Arms Hotel - Irland Reise Tipps","description":"Gemeinsam die gr\u00fcne Insel Irland entdecken. Wir haben ausgew\u00e4hlte Veranstaltungen, Unterk\u00fcnfte und Touren mit den Highlights Irlands zusammengestellt.","robots":{"index":"index","follow":"follow","max-snippet":"max-snippet:-1","max-image-preview":"max-image-preview:large","max-video-preview":"max-video-preview:-1"},"canonical":"https:\/\/irland-reise-tipps.de\/de\/unterkunft\/hotels-in-limerick\/dunraven-arms-hotel\/","og_locale":"de_DE","og_type":"article","og_title":"Dunraven Arms Hotel - Irland Reise Tipps","og_description":"Gemeinsam die gr\u00fcne Insel Irland entdecken. Wir haben ausgew\u00e4hlte Veranstaltungen, Unterk\u00fcnfte und Touren mit den Highlights Irlands zusammengestellt.","og_url":"https:\/\/irland-reise-tipps.de\/de\/unterkunft\/hotels-in-limerick\/dunraven-arms-hotel\/","og_site_name":"Irland Reise Tipps","article_modified_time":"2013-11-28T09:19:49+00:00","twitter_misc":{"Gesch\u00e4tzte Lesezeit":"1\u00a0Minute"},"schema":{"@context":"https:\/\/schema.org","@graph":[{"@type":"WebPage","@id":"https:\/\/irland-reise-tipps.de\/de\/unterkunft\/hotels-in-limerick\/dunraven-arms-hotel\/","url":"https:\/\/irland-reise-tipps.de\/de\/unterkunft\/hotels-in-limerick\/dunraven-arms-hotel\/","name":"Dunraven Arms Hotel - Irland Reise Tipps","isPartOf":{"@id":"https:\/\/irland-reise-tipps.de\/de\/#website"},"datePublished":"2013-11-26T10:46:59+00:00","dateModified":"2013-11-28T09:19:49+00:00","description":"Gemeinsam die gr\u00fcne Insel Irland entdecken. Wir haben ausgew\u00e4hlte Veranstaltungen, Unterk\u00fcnfte und Touren mit den Highlights Irlands zusammengestellt.","breadcrumb":{"@id":"https:\/\/irland-reise-tipps.de\/de\/unterkunft\/hotels-in-limerick\/dunraven-arms-hotel\/#breadcrumb"},"inLanguage":"de","potentialAction":[{"@type":"ReadAction","target":["https:\/\/irland-reise-tipps.de\/de\/unterkunft\/hotels-in-limerick\/dunraven-arms-hotel\/"]}]},{"@type":"BreadcrumbList","@id":"https:\/\/irland-reise-tipps.de\/de\/unterkunft\/hotels-in-limerick\/dunraven-arms-hotel\/#breadcrumb","itemListElement":[{"@type":"ListItem","position":1,"name":"Home","item":"https:\/\/irland-reise-tipps.de\/de\/"},{"@type":"ListItem","position":2,"name":"Unterkunft","item":"https:\/\/irland-reise-tipps.de\/de\/unterkunft\/"},{"@type":"ListItem","position":3,"name":"Hotels in Limerick","item":"https:\/\/irland-reise-tipps.de\/de\/unterkunft\/hotels-in-limerick\/"},{"@type":"ListItem","position":4,"name":"Dunraven Arms Hotel"}]},{"@type":"WebSite","@id":"https:\/\/irland-reise-tipps.de\/de\/#website","url":"https:\/\/irland-reise-tipps.de\/de\/","name":"Irland Reise Tipps","description":"Gemeinsam die gr\u00fcne Insel entdecken","potentialAction":[{"@type":"SearchAction","target":{"@type":"EntryPoint","urlTemplate":"https:\/\/irland-reise-tipps.de\/de\/?s={search_term_string}"},"query-input":"required name=search_term_string"}],"inLanguage":"de"}]}},"_links":{"self":[{"href":"https:\/\/irland-reise-tipps.de\/de\/wp-json\/wp\/v2\/pages\/3123","targetHints":{"allow":["GET"]}}],"collection":[{"href":"https:\/\/irland-reise-tipps.de\/de\/wp-json\/wp\/v2\/pages"}],"about":[{"href":"https:\/\/irland-reise-tipps.de\/de\/wp-json\/wp\/v2\/types\/page"}],"author":[{"embeddable":true,"href":"https:\/\/irland-reise-tipps.de\/de\/wp-json\/wp\/v2\/users\/11"}],"replies":[{"embeddable":true,"href":"https:\/\/irland-reise-tipps.de\/de\/wp-json\/wp\/v2\/comments?post=3123"}],"version-history":[{"count":2,"href":"https:\/\/irland-reise-tipps.de\/de\/wp-json\/wp\/v2\/pages\/3123\/revisions"}],"predecessor-version":[{"id":3237,"href":"https:\/\/irland-reise-tipps.de\/de\/wp-json\/wp\/v2\/pages\/3123\/revisions\/3237"}],"up":[{"embeddable":true,"href":"https:\/\/irland-reise-tipps.de\/de\/wp-json\/wp\/v2\/pages\/3067"}],"wp:attachment":[{"href":"https:\/\/irland-reise-tipps.de\/de\/wp-json\/wp\/v2\/media?parent=3123"}],"curies":[{"name":"wp","href":"https:\/\/api.w.org\/{rel}","templated":true}]}}