{"id":3120,"date":"2013-11-26T11:42:20","date_gmt":"2013-11-26T10:42:20","guid":{"rendered":"http:\/\/irland-reise-tipps.de\/de\/?page_id=3120"},"modified":"2013-11-26T11:42:48","modified_gmt":"2013-11-26T10:42:48","slug":"harrington-hall","status":"publish","type":"page","link":"https:\/\/irland-reise-tipps.de\/de\/unterkunft\/hotels-in-dublin\/harrington-hall\/","title":{"rendered":"Harrington Hall"},"content":{"rendered":"<h4 style=\"text-align: right;\">\n<a href=\"https:\/\/irland-reise-tipps.de\/de\/wp-content\/gallery\/harrington-hall\/harringtonext1_1295348011.jpg\" title=\"\" rel=\"lightbox[singlepic1285]\" >\n\t<img decoding=\"async\" class=\"ngg-singlepic ngg-right\" src=\"https:\/\/irland-reise-tipps.de\/de\/wp-content\/gallery\/cache\/1285__150x150_harringtonext1_1295348011.jpg\" alt=\"harringtonext1_1295348011\" title=\"harringtonext1_1295348011\" \/>\n<\/a>\n<\/h4>\n<h4>Kontakt Details<\/h4>\n<p>Harrington Hall<br \/>\n69-70 Harcourt Street<br \/>\nDublin 2<\/p>\n<p><strong>Telephone:<\/strong> +353 1 2958900<\/p>\n<p><strong>Email:<\/strong> <span class=\"fs\"><a href=\"mailto:harringtonhall@manorhousehotels.com\">harringtonhall@manorhousehotels.com<\/a><\/span><br \/>\n<strong>Homepage: <\/strong><a href=\"http:\/\/manorhousehotels.com\/de\/hotels\/harrington-hall\/\" target=\"_blank\" rel=\"nofollow\">http:\/\/manorhousehotels.com\/de\/hotels\/harrington-hall\/<\/a><\/p>\n\n<div class=\"ngg-galleryoverview\" id=\"ngg-gallery-109-3120\">\n\n\n\t\n\t<!-- Thumbnails -->\n\t\t\n\t<div id=\"ngg-image-1280\" class=\"ngg-gallery-thumbnail-box\"  >\n\t\t<div class=\"ngg-gallery-thumbnail\" >\n\t\t\t<a href=\"https:\/\/irland-reise-tipps.de\/de\/wp-content\/gallery\/harrington-hall\/doublebedroom_1295347928.jpg\" title=\" \" rel=\"lightbox[set_109]\" >\n\t\t\t\t\t\t\t\t<img loading=\"lazy\" decoding=\"async\" title=\"doublebedroom_1295347928\" alt=\"doublebedroom_1295347928\" src=\"https:\/\/irland-reise-tipps.de\/de\/wp-content\/gallery\/harrington-hall\/thumbs\/thumbs_doublebedroom_1295347928.jpg\" width=\"100\" height=\"75\" \/>\n\t\t\t\t\t\t\t<\/a>\n\t\t<\/div>\n\t<\/div>\n\t\n\t\t\n \t\t\n\t<div id=\"ngg-image-1281\" class=\"ngg-gallery-thumbnail-box\"  >\n\t\t<div class=\"ngg-gallery-thumbnail\" >\n\t\t\t<a href=\"https:\/\/irland-reise-tipps.de\/de\/wp-content\/gallery\/harrington-hall\/exterior_1295230652.jpg\" title=\" \" rel=\"lightbox[set_109]\" >\n\t\t\t\t\t\t\t\t<img loading=\"lazy\" decoding=\"async\" title=\"exterior_1295230652\" alt=\"exterior_1295230652\" src=\"https:\/\/irland-reise-tipps.de\/de\/wp-content\/gallery\/harrington-hall\/thumbs\/thumbs_exterior_1295230652.jpg\" width=\"100\" height=\"75\" \/>\n\t\t\t\t\t\t\t<\/a>\n\t\t<\/div>\n\t<\/div>\n\t\n\t\t\n \t\t\n\t<div id=\"ngg-image-1282\" class=\"ngg-gallery-thumbnail-box\"  >\n\t\t<div class=\"ngg-gallery-thumbnail\" >\n\t\t\t<a href=\"https:\/\/irland-reise-tipps.de\/de\/wp-content\/gallery\/harrington-hall\/hallway_1295347945.jpg\" title=\" \" rel=\"lightbox[set_109]\" >\n\t\t\t\t\t\t\t\t<img loading=\"lazy\" decoding=\"async\" title=\"hallway_1295347945\" alt=\"hallway_1295347945\" src=\"https:\/\/irland-reise-tipps.de\/de\/wp-content\/gallery\/harrington-hall\/thumbs\/thumbs_hallway_1295347945.jpg\" width=\"100\" height=\"75\" \/>\n\t\t\t\t\t\t\t<\/a>\n\t\t<\/div>\n\t<\/div>\n\t\n\t\t\n \t\t\n\t<div id=\"ngg-image-1283\" class=\"ngg-gallery-thumbnail-box\"  >\n\t\t<div class=\"ngg-gallery-thumbnail\" >\n\t\t\t<a href=\"https:\/\/irland-reise-tipps.de\/de\/wp-content\/gallery\/harrington-hall\/harringtonbed1_1295347973.jpg\" title=\" \" rel=\"lightbox[set_109]\" >\n\t\t\t\t\t\t\t\t<img loading=\"lazy\" decoding=\"async\" title=\"harringtonbed1_1295347973\" alt=\"harringtonbed1_1295347973\" src=\"https:\/\/irland-reise-tipps.de\/de\/wp-content\/gallery\/harrington-hall\/thumbs\/thumbs_harringtonbed1_1295347973.jpg\" width=\"100\" height=\"75\" \/>\n\t\t\t\t\t\t\t<\/a>\n\t\t<\/div>\n\t<\/div>\n\t\n\t\t\n \t\t\n\t<div id=\"ngg-image-1284\" class=\"ngg-gallery-thumbnail-box\"  >\n\t\t<div class=\"ngg-gallery-thumbnail\" >\n\t\t\t<a href=\"https:\/\/irland-reise-tipps.de\/de\/wp-content\/gallery\/harrington-hall\/harringtonbed3_1295347997.jpg\" title=\" \" rel=\"lightbox[set_109]\" >\n\t\t\t\t\t\t\t\t<img loading=\"lazy\" decoding=\"async\" title=\"harringtonbed3_1295347997\" alt=\"harringtonbed3_1295347997\" src=\"https:\/\/irland-reise-tipps.de\/de\/wp-content\/gallery\/harrington-hall\/thumbs\/thumbs_harringtonbed3_1295347997.jpg\" width=\"100\" height=\"75\" \/>\n\t\t\t\t\t\t\t<\/a>\n\t\t<\/div>\n\t<\/div>\n\t\n\t\t\n \t\t\n\t<div id=\"ngg-image-1285\" class=\"ngg-gallery-thumbnail-box\"  >\n\t\t<div class=\"ngg-gallery-thumbnail\" >\n\t\t\t<a href=\"https:\/\/irland-reise-tipps.de\/de\/wp-content\/gallery\/harrington-hall\/harringtonext1_1295348011.jpg\" title=\" \" rel=\"lightbox[set_109]\" >\n\t\t\t\t\t\t\t\t<img loading=\"lazy\" decoding=\"async\" title=\"harringtonext1_1295348011\" alt=\"harringtonext1_1295348011\" src=\"https:\/\/irland-reise-tipps.de\/de\/wp-content\/gallery\/harrington-hall\/thumbs\/thumbs_harringtonext1_1295348011.jpg\" width=\"100\" height=\"75\" \/>\n\t\t\t\t\t\t\t<\/a>\n\t\t<\/div>\n\t<\/div>\n\t\n\t\t\n \t\t\n\t<div id=\"ngg-image-1286\" class=\"ngg-gallery-thumbnail-box\"  >\n\t\t<div class=\"ngg-gallery-thumbnail\" >\n\t\t\t<a href=\"https:\/\/irland-reise-tipps.de\/de\/wp-content\/gallery\/harrington-hall\/harringtonint1_1295348027.jpg\" title=\" \" rel=\"lightbox[set_109]\" >\n\t\t\t\t\t\t\t\t<img loading=\"lazy\" decoding=\"async\" title=\"harringtonint1_1295348027\" alt=\"harringtonint1_1295348027\" src=\"https:\/\/irland-reise-tipps.de\/de\/wp-content\/gallery\/harrington-hall\/thumbs\/thumbs_harringtonint1_1295348027.jpg\" width=\"100\" height=\"75\" \/>\n\t\t\t\t\t\t\t<\/a>\n\t\t<\/div>\n\t<\/div>\n\t\n\t\t\n \t \t\n\t<!-- Pagination -->\n \t<div class=\"ngg-clear\"><\/div> \t\n<\/div>\n\n\n<h4 style=\"text-align: left;\">Beschreibung<\/h4>\n<p><strong>Herzlich Willkommen im Harrington Hall!<\/strong><\/p>\n<p>Boutique-Hotel der Manor Hotels-Kette im Herzen Dublins<\/p>\n<p>Harrington Hall ist ein Boutique-Stadthaushotel mit einer hervorragenden Lage in einer eleganten H\u00e4userreihe aus der georgianischen Zeit ganz in der N\u00e4he des Parks St Stephen&#8217;s Green im Dubliner Stadtzentrum.<\/p>\n<p>Der urspr\u00fcngliche Stil und die Originalarchitektur dieses Boutique-Hotels der Manor House Hotels-Kette wurden sorgf\u00e4ltig erhalten und werden durch die Annehmlichkeiten eines modernen Hotels im Dubliner Stadtzentrum erg\u00e4nzt.<\/p>\n<h4>G\u00e4ste lieben an Harrington Hall:<\/h4>\n<ul>\n<li>Die zentrale Lage mitten im pulsierenden Dublin<\/li>\n<li>Das georgianische Ambiente mit Originalarchitektur<\/li>\n<li>Die eleganten G\u00e4stezimmer, einschlie\u00dflich der ger\u00e4umigen Familienzimmer<\/li>\n<li>Die kostenlosen, privaten Parkpl\u00e4tze nur f\u00fcr Hotelg\u00e4ste<\/li>\n<li>Die LUAS-Stra\u00dfenbahn gleich bei Harrington Hall<\/li>\n<\/ul>\n<p>Ihre Manor House Hotels Geschenkkarte kann in Harrington Hall eingel\u00f6st werden<\/p>\n<p>Wir freuen uns auf Ihren Besuch!<\/p>\n<h4>Lage des Hotels und Sehensw\u00fcrdigkeiten in der N\u00e4he<\/h4>\n<p>[google-map-v3 width=&#8220;600&#8243; height=&#8220;400&#8243; zoom=&#8220;12&#8243; maptype=&#8220;roadmap&#8220; mapalign=&#8220;center&#8220; directionhint=&#8220;false&#8220; language=&#8220;default&#8220; poweredby=&#8220;false&#8220; maptypecontrol=&#8220;true&#8220; pancontrol=&#8220;true&#8220; zoomcontrol=&#8220;true&#8220; scalecontrol=&#8220;true&#8220; streetviewcontrol=&#8220;true&#8220; scrollwheelcontrol=&#8220;false&#8220; draggable=&#8220;true&#8220; tiltfourtyfive=&#8220;false&#8220; addmarkermashupbubble=&#8220;false&#8220; addmarkermashupbubble=&#8220;false&#8220; addmarkerlist=&#8220;53.334973,-6.262992{}lodging_0star.png{}Harrington Hall&#8220; bubbleautopan=&#8220;true&#8220; showbike=&#8220;false&#8220; showtraffic=&#8220;false&#8220; showpanoramio=&#8220;false&#8220;]<\/p>\n","protected":false},"excerpt":{"rendered":"<p>Kontakt Details Harrington Hall 69-70 Harcourt Street Dublin 2 Telephone: +353 1 2958900 Email: harringtonhall@manorhousehotels.com Homepage: http:\/\/manorhousehotels.com\/de\/hotels\/harrington-hall\/ Beschreibung Herzlich Willkommen im Harrington Hall! Boutique-Hotel der Manor Hotels-Kette im Herzen Dublins Harrington Hall ist ein Boutique-Stadthaushotel mit einer hervorragenden Lage in<span class=\"ellipsis\">&hellip;<\/span><\/p>\n<div class=\"read-more\"><a href=\"https:\/\/irland-reise-tipps.de\/de\/unterkunft\/hotels-in-dublin\/harrington-hall\/\">Weiterlesen &#8250;<\/a><\/div>\n<p><!-- end of .read-more --><\/p>\n","protected":false},"author":11,"featured_media":0,"parent":689,"menu_order":0,"comment_status":"closed","ping_status":"closed","template":"","meta":{"footnotes":""},"class_list":["post-3120","page","type-page","status-publish","hentry"],"yoast_head":"<!-- This site is optimized with the Yoast SEO plugin v21.2 - https:\/\/yoast.com\/wordpress\/plugins\/seo\/ -->\n<title>Harrington Hall - Irland Reise Tipps<\/title>\n<meta name=\"description\" content=\"Gemeinsam die gr\u00fcne Insel Irland entdecken. Wir haben ausgew\u00e4hlte Veranstaltungen, Unterk\u00fcnfte und Touren mit den Highlights Irlands zusammengestellt.\" \/>\n<meta name=\"robots\" content=\"index, follow, max-snippet:-1, max-image-preview:large, max-video-preview:-1\" \/>\n<link rel=\"canonical\" href=\"https:\/\/irland-reise-tipps.de\/de\/unterkunft\/hotels-in-dublin\/harrington-hall\/\" \/>\n<meta property=\"og:locale\" content=\"de_DE\" \/>\n<meta property=\"og:type\" content=\"article\" \/>\n<meta property=\"og:title\" content=\"Harrington Hall - Irland Reise Tipps\" \/>\n<meta property=\"og:description\" content=\"Gemeinsam die gr\u00fcne Insel Irland entdecken. Wir haben ausgew\u00e4hlte Veranstaltungen, Unterk\u00fcnfte und Touren mit den Highlights Irlands zusammengestellt.\" \/>\n<meta property=\"og:url\" content=\"https:\/\/irland-reise-tipps.de\/de\/unterkunft\/hotels-in-dublin\/harrington-hall\/\" \/>\n<meta property=\"og:site_name\" content=\"Irland Reise Tipps\" \/>\n<meta property=\"article:modified_time\" content=\"2013-11-26T10:42:48+00:00\" \/>\n<meta name=\"twitter:label1\" content=\"Gesch\u00e4tzte Lesezeit\" \/>\n\t<meta name=\"twitter:data1\" content=\"1\u00a0Minute\" \/>\n<script type=\"application\/ld+json\" class=\"yoast-schema-graph\">{\"@context\":\"https:\/\/schema.org\",\"@graph\":[{\"@type\":\"WebPage\",\"@id\":\"https:\/\/irland-reise-tipps.de\/de\/unterkunft\/hotels-in-dublin\/harrington-hall\/\",\"url\":\"https:\/\/irland-reise-tipps.de\/de\/unterkunft\/hotels-in-dublin\/harrington-hall\/\",\"name\":\"Harrington Hall - Irland Reise Tipps\",\"isPartOf\":{\"@id\":\"https:\/\/irland-reise-tipps.de\/de\/#website\"},\"datePublished\":\"2013-11-26T10:42:20+00:00\",\"dateModified\":\"2013-11-26T10:42:48+00:00\",\"description\":\"Gemeinsam die gr\u00fcne Insel Irland entdecken. Wir haben ausgew\u00e4hlte Veranstaltungen, Unterk\u00fcnfte und Touren mit den Highlights Irlands zusammengestellt.\",\"breadcrumb\":{\"@id\":\"https:\/\/irland-reise-tipps.de\/de\/unterkunft\/hotels-in-dublin\/harrington-hall\/#breadcrumb\"},\"inLanguage\":\"de\",\"potentialAction\":[{\"@type\":\"ReadAction\",\"target\":[\"https:\/\/irland-reise-tipps.de\/de\/unterkunft\/hotels-in-dublin\/harrington-hall\/\"]}]},{\"@type\":\"BreadcrumbList\",\"@id\":\"https:\/\/irland-reise-tipps.de\/de\/unterkunft\/hotels-in-dublin\/harrington-hall\/#breadcrumb\",\"itemListElement\":[{\"@type\":\"ListItem\",\"position\":1,\"name\":\"Home\",\"item\":\"https:\/\/irland-reise-tipps.de\/de\/\"},{\"@type\":\"ListItem\",\"position\":2,\"name\":\"Unterkunft\",\"item\":\"https:\/\/irland-reise-tipps.de\/de\/unterkunft\/\"},{\"@type\":\"ListItem\",\"position\":3,\"name\":\"Hotels in Dublin\",\"item\":\"https:\/\/irland-reise-tipps.de\/de\/unterkunft\/hotels-in-dublin\/\"},{\"@type\":\"ListItem\",\"position\":4,\"name\":\"Harrington Hall\"}]},{\"@type\":\"WebSite\",\"@id\":\"https:\/\/irland-reise-tipps.de\/de\/#website\",\"url\":\"https:\/\/irland-reise-tipps.de\/de\/\",\"name\":\"Irland Reise Tipps\",\"description\":\"Gemeinsam die gr\u00fcne Insel entdecken\",\"potentialAction\":[{\"@type\":\"SearchAction\",\"target\":{\"@type\":\"EntryPoint\",\"urlTemplate\":\"https:\/\/irland-reise-tipps.de\/de\/?s={search_term_string}\"},\"query-input\":\"required name=search_term_string\"}],\"inLanguage\":\"de\"}]}<\/script>\n<!-- \/ Yoast SEO plugin. -->","yoast_head_json":{"title":"Harrington Hall - Irland Reise Tipps","description":"Gemeinsam die gr\u00fcne Insel Irland entdecken. Wir haben ausgew\u00e4hlte Veranstaltungen, Unterk\u00fcnfte und Touren mit den Highlights Irlands zusammengestellt.","robots":{"index":"index","follow":"follow","max-snippet":"max-snippet:-1","max-image-preview":"max-image-preview:large","max-video-preview":"max-video-preview:-1"},"canonical":"https:\/\/irland-reise-tipps.de\/de\/unterkunft\/hotels-in-dublin\/harrington-hall\/","og_locale":"de_DE","og_type":"article","og_title":"Harrington Hall - Irland Reise Tipps","og_description":"Gemeinsam die gr\u00fcne Insel Irland entdecken. Wir haben ausgew\u00e4hlte Veranstaltungen, Unterk\u00fcnfte und Touren mit den Highlights Irlands zusammengestellt.","og_url":"https:\/\/irland-reise-tipps.de\/de\/unterkunft\/hotels-in-dublin\/harrington-hall\/","og_site_name":"Irland Reise Tipps","article_modified_time":"2013-11-26T10:42:48+00:00","twitter_misc":{"Gesch\u00e4tzte Lesezeit":"1\u00a0Minute"},"schema":{"@context":"https:\/\/schema.org","@graph":[{"@type":"WebPage","@id":"https:\/\/irland-reise-tipps.de\/de\/unterkunft\/hotels-in-dublin\/harrington-hall\/","url":"https:\/\/irland-reise-tipps.de\/de\/unterkunft\/hotels-in-dublin\/harrington-hall\/","name":"Harrington Hall - Irland Reise Tipps","isPartOf":{"@id":"https:\/\/irland-reise-tipps.de\/de\/#website"},"datePublished":"2013-11-26T10:42:20+00:00","dateModified":"2013-11-26T10:42:48+00:00","description":"Gemeinsam die gr\u00fcne Insel Irland entdecken. Wir haben ausgew\u00e4hlte Veranstaltungen, Unterk\u00fcnfte und Touren mit den Highlights Irlands zusammengestellt.","breadcrumb":{"@id":"https:\/\/irland-reise-tipps.de\/de\/unterkunft\/hotels-in-dublin\/harrington-hall\/#breadcrumb"},"inLanguage":"de","potentialAction":[{"@type":"ReadAction","target":["https:\/\/irland-reise-tipps.de\/de\/unterkunft\/hotels-in-dublin\/harrington-hall\/"]}]},{"@type":"BreadcrumbList","@id":"https:\/\/irland-reise-tipps.de\/de\/unterkunft\/hotels-in-dublin\/harrington-hall\/#breadcrumb","itemListElement":[{"@type":"ListItem","position":1,"name":"Home","item":"https:\/\/irland-reise-tipps.de\/de\/"},{"@type":"ListItem","position":2,"name":"Unterkunft","item":"https:\/\/irland-reise-tipps.de\/de\/unterkunft\/"},{"@type":"ListItem","position":3,"name":"Hotels in Dublin","item":"https:\/\/irland-reise-tipps.de\/de\/unterkunft\/hotels-in-dublin\/"},{"@type":"ListItem","position":4,"name":"Harrington Hall"}]},{"@type":"WebSite","@id":"https:\/\/irland-reise-tipps.de\/de\/#website","url":"https:\/\/irland-reise-tipps.de\/de\/","name":"Irland Reise Tipps","description":"Gemeinsam die gr\u00fcne Insel entdecken","potentialAction":[{"@type":"SearchAction","target":{"@type":"EntryPoint","urlTemplate":"https:\/\/irland-reise-tipps.de\/de\/?s={search_term_string}"},"query-input":"required name=search_term_string"}],"inLanguage":"de"}]}},"_links":{"self":[{"href":"https:\/\/irland-reise-tipps.de\/de\/wp-json\/wp\/v2\/pages\/3120","targetHints":{"allow":["GET"]}}],"collection":[{"href":"https:\/\/irland-reise-tipps.de\/de\/wp-json\/wp\/v2\/pages"}],"about":[{"href":"https:\/\/irland-reise-tipps.de\/de\/wp-json\/wp\/v2\/types\/page"}],"author":[{"embeddable":true,"href":"https:\/\/irland-reise-tipps.de\/de\/wp-json\/wp\/v2\/users\/11"}],"replies":[{"embeddable":true,"href":"https:\/\/irland-reise-tipps.de\/de\/wp-json\/wp\/v2\/comments?post=3120"}],"version-history":[{"count":2,"href":"https:\/\/irland-reise-tipps.de\/de\/wp-json\/wp\/v2\/pages\/3120\/revisions"}],"predecessor-version":[{"id":3122,"href":"https:\/\/irland-reise-tipps.de\/de\/wp-json\/wp\/v2\/pages\/3120\/revisions\/3122"}],"up":[{"embeddable":true,"href":"https:\/\/irland-reise-tipps.de\/de\/wp-json\/wp\/v2\/pages\/689"}],"wp:attachment":[{"href":"https:\/\/irland-reise-tipps.de\/de\/wp-json\/wp\/v2\/media?parent=3120"}],"curies":[{"name":"wp","href":"https:\/\/api.w.org\/{rel}","templated":true}]}}