{"id":3117,"date":"2013-11-26T11:35:58","date_gmt":"2013-11-26T10:35:58","guid":{"rendered":"http:\/\/irland-reise-tipps.de\/de\/?page_id=3117"},"modified":"2013-11-28T10:23:11","modified_gmt":"2013-11-28T09:23:11","slug":"hotel-minella","status":"publish","type":"page","link":"https:\/\/irland-reise-tipps.de\/de\/unterkunft\/hotels-in-tipperary\/hotel-minella\/","title":{"rendered":"Hotel Minella"},"content":{"rendered":"<h4 style=\"text-align: right;\">\n<a href=\"https:\/\/irland-reise-tipps.de\/de\/wp-content\/gallery\/hotel-minella\/hotelminellaext_1295230734_0.jpg\" title=\"\" rel=\"lightbox[singlepic1385]\" >\n\t<img decoding=\"async\" class=\"ngg-singlepic ngg-right\" src=\"https:\/\/irland-reise-tipps.de\/de\/wp-content\/gallery\/cache\/1385__150x150_hotelminellaext_1295230734_0.jpg\" alt=\"hotelminellaext_1295230734_0\" title=\"hotelminellaext_1295230734_0\" \/>\n<\/a>\n<\/h4>\n<h4>Kontakt Details<\/h4>\n<p>Hotel Minella<br \/>\nColeville Road<br \/>\nClonmel<\/p>\n<p><strong>Telephone:<\/strong> +353 1 2958900<\/p>\n<p><strong>Email:<\/strong> <span class=\"fs\"><a href=\"mailto:minella@manorhousehotels.com\">minella@manorhousehotels.com<\/a><\/span><br \/>\n<strong>Homepage: <\/strong><a href=\"http:\/\/manorhousehotels.com\/de\/hotels\/hotel-minella\/\" target=\"_blank\" rel=\"nofollow\">http:\/\/manorhousehotels.com\/de\/hotels\/hotel-minella\/<\/a><\/p>\n\n<div class=\"ngg-galleryoverview\" id=\"ngg-gallery-110-3117\">\n\n\n\t\n\t<!-- Thumbnails -->\n\t\t\n\t<div id=\"ngg-image-1371\" class=\"ngg-gallery-thumbnail-box\"  >\n\t\t<div class=\"ngg-gallery-thumbnail\" >\n\t\t\t<a href=\"https:\/\/irland-reise-tipps.de\/de\/wp-content\/gallery\/hotel-minella\/1g2b0312_1372067687_0.jpg\" title=\" \" rel=\"lightbox[set_110]\" >\n\t\t\t\t\t\t\t\t<img loading=\"lazy\" decoding=\"async\" title=\"1g2b0312_1372067687_0\" alt=\"1g2b0312_1372067687_0\" src=\"https:\/\/irland-reise-tipps.de\/de\/wp-content\/gallery\/hotel-minella\/thumbs\/thumbs_1g2b0312_1372067687_0.jpg\" width=\"100\" height=\"75\" \/>\n\t\t\t\t\t\t\t<\/a>\n\t\t<\/div>\n\t<\/div>\n\t\n\t\t\n \t\t\n\t<div id=\"ngg-image-1373\" class=\"ngg-gallery-thumbnail-box\"  >\n\t\t<div class=\"ngg-gallery-thumbnail\" >\n\t\t\t<a href=\"https:\/\/irland-reise-tipps.de\/de\/wp-content\/gallery\/hotel-minella\/1g2b9385_1372067868_0.jpg\" title=\" \" rel=\"lightbox[set_110]\" >\n\t\t\t\t\t\t\t\t<img loading=\"lazy\" decoding=\"async\" title=\"1g2b9385_1372067868_0\" alt=\"1g2b9385_1372067868_0\" src=\"https:\/\/irland-reise-tipps.de\/de\/wp-content\/gallery\/hotel-minella\/thumbs\/thumbs_1g2b9385_1372067868_0.jpg\" width=\"100\" height=\"75\" \/>\n\t\t\t\t\t\t\t<\/a>\n\t\t<\/div>\n\t<\/div>\n\t\n\t\t\n \t\t\n\t<div id=\"ngg-image-1375\" class=\"ngg-gallery-thumbnail-box\"  >\n\t\t<div class=\"ngg-gallery-thumbnail\" >\n\t\t\t<a href=\"https:\/\/irland-reise-tipps.de\/de\/wp-content\/gallery\/hotel-minella\/1g2b9396_1372067709_0.jpg\" title=\" \" rel=\"lightbox[set_110]\" >\n\t\t\t\t\t\t\t\t<img loading=\"lazy\" decoding=\"async\" title=\"1g2b9396_1372067709_0\" alt=\"1g2b9396_1372067709_0\" src=\"https:\/\/irland-reise-tipps.de\/de\/wp-content\/gallery\/hotel-minella\/thumbs\/thumbs_1g2b9396_1372067709_0.jpg\" width=\"100\" height=\"75\" \/>\n\t\t\t\t\t\t\t<\/a>\n\t\t<\/div>\n\t<\/div>\n\t\n\t\t\n \t\t\n\t<div id=\"ngg-image-1377\" class=\"ngg-gallery-thumbnail-box\"  >\n\t\t<div class=\"ngg-gallery-thumbnail\" >\n\t\t\t<a href=\"https:\/\/irland-reise-tipps.de\/de\/wp-content\/gallery\/hotel-minella\/1g2b9398_1372067789_0.jpg\" title=\" \" rel=\"lightbox[set_110]\" >\n\t\t\t\t\t\t\t\t<img loading=\"lazy\" decoding=\"async\" title=\"1g2b9398_1372067789_0\" alt=\"1g2b9398_1372067789_0\" src=\"https:\/\/irland-reise-tipps.de\/de\/wp-content\/gallery\/hotel-minella\/thumbs\/thumbs_1g2b9398_1372067789_0.jpg\" width=\"100\" height=\"75\" \/>\n\t\t\t\t\t\t\t<\/a>\n\t\t<\/div>\n\t<\/div>\n\t\n\t\t\n \t\t\n\t<div id=\"ngg-image-1379\" class=\"ngg-gallery-thumbnail-box\"  >\n\t\t<div class=\"ngg-gallery-thumbnail\" >\n\t\t\t<a href=\"https:\/\/irland-reise-tipps.de\/de\/wp-content\/gallery\/hotel-minella\/familyinterconnecting1sm_1372068297_0.jpg\" title=\" \" rel=\"lightbox[set_110]\" >\n\t\t\t\t\t\t\t\t<img loading=\"lazy\" decoding=\"async\" title=\"familyinterconnecting1sm_1372068297_0\" alt=\"familyinterconnecting1sm_1372068297_0\" src=\"https:\/\/irland-reise-tipps.de\/de\/wp-content\/gallery\/hotel-minella\/thumbs\/thumbs_familyinterconnecting1sm_1372068297_0.jpg\" width=\"100\" height=\"75\" \/>\n\t\t\t\t\t\t\t<\/a>\n\t\t<\/div>\n\t<\/div>\n\t\n\t\t\n \t\t\n\t<div id=\"ngg-image-1381\" class=\"ngg-gallery-thumbnail-box\"  >\n\t\t<div class=\"ngg-gallery-thumbnail\" >\n\t\t\t<a href=\"https:\/\/irland-reise-tipps.de\/de\/wp-content\/gallery\/hotel-minella\/hotelminellabed1_1295348083_0.jpg\" title=\" \" rel=\"lightbox[set_110]\" >\n\t\t\t\t\t\t\t\t<img loading=\"lazy\" decoding=\"async\" title=\"hotelminellabed1_1295348083_0\" alt=\"hotelminellabed1_1295348083_0\" src=\"https:\/\/irland-reise-tipps.de\/de\/wp-content\/gallery\/hotel-minella\/thumbs\/thumbs_hotelminellabed1_1295348083_0.jpg\" width=\"100\" height=\"75\" \/>\n\t\t\t\t\t\t\t<\/a>\n\t\t<\/div>\n\t<\/div>\n\t\n\t\t\n \t\t\n\t<div id=\"ngg-image-1383\" class=\"ngg-gallery-thumbnail-box\"  >\n\t\t<div class=\"ngg-gallery-thumbnail\" >\n\t\t\t<a href=\"https:\/\/irland-reise-tipps.de\/de\/wp-content\/gallery\/hotel-minella\/hotelminellabed2_1295348098_0.jpg\" title=\" \" rel=\"lightbox[set_110]\" >\n\t\t\t\t\t\t\t\t<img loading=\"lazy\" decoding=\"async\" title=\"hotelminellabed2_1295348098_0\" alt=\"hotelminellabed2_1295348098_0\" src=\"https:\/\/irland-reise-tipps.de\/de\/wp-content\/gallery\/hotel-minella\/thumbs\/thumbs_hotelminellabed2_1295348098_0.jpg\" width=\"100\" height=\"75\" \/>\n\t\t\t\t\t\t\t<\/a>\n\t\t<\/div>\n\t<\/div>\n\t\n\t\t\n \t\t\n\t<div id=\"ngg-image-1385\" class=\"ngg-gallery-thumbnail-box\"  >\n\t\t<div class=\"ngg-gallery-thumbnail\" >\n\t\t\t<a href=\"https:\/\/irland-reise-tipps.de\/de\/wp-content\/gallery\/hotel-minella\/hotelminellaext_1295230734_0.jpg\" title=\" \" rel=\"lightbox[set_110]\" >\n\t\t\t\t\t\t\t\t<img loading=\"lazy\" decoding=\"async\" title=\"hotelminellaext_1295230734_0\" alt=\"hotelminellaext_1295230734_0\" src=\"https:\/\/irland-reise-tipps.de\/de\/wp-content\/gallery\/hotel-minella\/thumbs\/thumbs_hotelminellaext_1295230734_0.jpg\" width=\"100\" height=\"75\" \/>\n\t\t\t\t\t\t\t<\/a>\n\t\t<\/div>\n\t<\/div>\n\t\n\t\t\n \t\t\n\t<div id=\"ngg-image-1387\" class=\"ngg-gallery-thumbnail-box\"  >\n\t\t<div class=\"ngg-gallery-thumbnail\" >\n\t\t\t<a href=\"https:\/\/irland-reise-tipps.de\/de\/wp-content\/gallery\/hotel-minella\/hotelminellaswimmingpool12009sm_1372067976_0.jpg\" title=\" \" rel=\"lightbox[set_110]\" >\n\t\t\t\t\t\t\t\t<img loading=\"lazy\" decoding=\"async\" title=\"hotelminellaswimmingpool12009sm_1372067976_0\" alt=\"hotelminellaswimmingpool12009sm_1372067976_0\" src=\"https:\/\/irland-reise-tipps.de\/de\/wp-content\/gallery\/hotel-minella\/thumbs\/thumbs_hotelminellaswimmingpool12009sm_1372067976_0.jpg\" width=\"100\" height=\"75\" \/>\n\t\t\t\t\t\t\t<\/a>\n\t\t<\/div>\n\t<\/div>\n\t\n\t\t\n \t\t\n\t<div id=\"ngg-image-1389\" class=\"ngg-gallery-thumbnail-box\"  >\n\t\t<div class=\"ngg-gallery-thumbnail\" >\n\t\t\t<a href=\"https:\/\/irland-reise-tipps.de\/de\/wp-content\/gallery\/hotel-minella\/minellagarden_1372067745_0.jpg\" title=\" \" rel=\"lightbox[set_110]\" >\n\t\t\t\t\t\t\t\t<img loading=\"lazy\" decoding=\"async\" title=\"minellagarden_1372067745_0\" alt=\"minellagarden_1372067745_0\" src=\"https:\/\/irland-reise-tipps.de\/de\/wp-content\/gallery\/hotel-minella\/thumbs\/thumbs_minellagarden_1372067745_0.jpg\" width=\"100\" height=\"75\" \/>\n\t\t\t\t\t\t\t<\/a>\n\t\t<\/div>\n\t<\/div>\n\t\n\t\t\n \t \t\n\t<!-- Pagination -->\n \t<div class=\"ngg-clear\"><\/div> \t\n<\/div>\n\n\n<h4 style=\"text-align: left;\">Beschreibung<\/h4>\n<p><strong>Herzlich Willkommen im Hotel Minella!<\/strong><\/p>\n<p>Erholungsurlaub in einem wundersch\u00f6n gelegenen, zeitgen\u00f6ssischen Hotel am Fluss<\/p>\n<p>Das Hotel Minella bietet den perfekten Erholungsurlaub. Es liegt zwischen den Comeragh Mountains und dem Fluss Suir und ist nur wenige Autominuten von der lebhaften Stadt Clonmel in der Grafschaft Tipperary entfernt. Das Haus stammt aus dem Jahr\u00a01863. Heutzutage wird dieses elegante, zeitgen\u00f6ssische Manor House Hotel auf pers\u00f6nliche und aufmerksame Weise von seinen Besitzern, der Familie Nallen, gef\u00fchrt.<\/p>\n<p>Club Minella befindet sich auf dem Hotelgrundst\u00fcck und bietet ein 20-m-Schwimmbecken, einen Whirlpool, einen Dampfbad- und Saunaraum, einen Whirlpool im Freien, Behandlungsr\u00e4ume und eine gro\u00dfe Auswahl an Fitnessger\u00e4ten.<\/p>\n<h4>G\u00e4ste lieben am Hotel Minella:<\/h4>\n<ul>\n<li>Club Minella mit preisgekr\u00f6ntem 20-m-Schwimmbecken auf Deckh\u00f6he<\/li>\n<li>Den kanadischen Whirlpool im Freien mit Blick auf den Fluss Suir<\/li>\n<li>Sch\u00f6nheitsbehandlungen, einschlie\u00dflich Massage und K\u00f6rperpackungen<\/li>\n<li>Allwetter-Tennisplatz (Schl\u00e4ger k\u00f6nnen gestellt werden)<\/li>\n<li>Die Zweizimmerapartments \u201eThe Courtyard\u201c im Landschaftsgarten des Hotels eignen sich hervorragend f\u00fcr einen l\u00e4ngeren Aufenthalt.<\/li>\n<\/ul>\n<p>Ihre Manor House Hotels Geschenkkarte kann im Hotel Minella eingel\u00f6st werden<\/p>\n<p>Wir freuen uns auf Ihren Besuch!<\/p>\n<h4>Lage des Hotels und Sehensw\u00fcrdigkeiten in der N\u00e4he<\/h4>\n<p>[google-map-v3 width=&#8220;600&#8243; height=&#8220;400&#8243; zoom=&#8220;12&#8243; maptype=&#8220;roadmap&#8220; mapalign=&#8220;center&#8220; directionhint=&#8220;false&#8220; language=&#8220;default&#8220; poweredby=&#8220;false&#8220; maptypecontrol=&#8220;true&#8220; pancontrol=&#8220;true&#8220; zoomcontrol=&#8220;true&#8220; scalecontrol=&#8220;true&#8220; streetviewcontrol=&#8220;true&#8220; scrollwheelcontrol=&#8220;false&#8220; draggable=&#8220;true&#8220; tiltfourtyfive=&#8220;false&#8220; addmarkermashupbubble=&#8220;false&#8220; addmarkermashupbubble=&#8220;false&#8220; addmarkerlist=&#8220;52.353118,-7.684632{}lodging_0star.png{}Hotel Minella&#8220; bubbleautopan=&#8220;true&#8220; showbike=&#8220;false&#8220; showtraffic=&#8220;false&#8220; showpanoramio=&#8220;false&#8220;]<\/p>\n","protected":false},"excerpt":{"rendered":"<p>Kontakt Details Hotel Minella Coleville Road Clonmel Telephone: +353 1 2958900 Email: minella@manorhousehotels.com Homepage: http:\/\/manorhousehotels.com\/de\/hotels\/hotel-minella\/ Beschreibung Herzlich Willkommen im Hotel Minella! Erholungsurlaub in einem wundersch\u00f6n gelegenen, zeitgen\u00f6ssischen Hotel am Fluss Das Hotel Minella bietet den perfekten Erholungsurlaub. Es liegt zwischen<span class=\"ellipsis\">&hellip;<\/span><\/p>\n<div class=\"read-more\"><a href=\"https:\/\/irland-reise-tipps.de\/de\/unterkunft\/hotels-in-tipperary\/hotel-minella\/\">Weiterlesen &#8250;<\/a><\/div>\n<p><!-- end of .read-more --><\/p>\n","protected":false},"author":11,"featured_media":0,"parent":3065,"menu_order":0,"comment_status":"closed","ping_status":"closed","template":"","meta":{"footnotes":""},"class_list":["post-3117","page","type-page","status-publish","hentry"],"yoast_head":"<!-- This site is optimized with the Yoast SEO plugin v21.2 - https:\/\/yoast.com\/wordpress\/plugins\/seo\/ -->\n<title>Hotel Minella - Irland Reise Tipps<\/title>\n<meta name=\"description\" content=\"Gemeinsam die gr\u00fcne Insel Irland entdecken. Wir haben ausgew\u00e4hlte Veranstaltungen, Unterk\u00fcnfte und Touren mit den Highlights Irlands zusammengestellt.\" \/>\n<meta name=\"robots\" content=\"index, follow, max-snippet:-1, max-image-preview:large, max-video-preview:-1\" \/>\n<link rel=\"canonical\" href=\"https:\/\/irland-reise-tipps.de\/de\/unterkunft\/hotels-in-tipperary\/hotel-minella\/\" \/>\n<meta property=\"og:locale\" content=\"de_DE\" \/>\n<meta property=\"og:type\" content=\"article\" \/>\n<meta property=\"og:title\" content=\"Hotel Minella - Irland Reise Tipps\" \/>\n<meta property=\"og:description\" content=\"Gemeinsam die gr\u00fcne Insel Irland entdecken. Wir haben ausgew\u00e4hlte Veranstaltungen, Unterk\u00fcnfte und Touren mit den Highlights Irlands zusammengestellt.\" \/>\n<meta property=\"og:url\" content=\"https:\/\/irland-reise-tipps.de\/de\/unterkunft\/hotels-in-tipperary\/hotel-minella\/\" \/>\n<meta property=\"og:site_name\" content=\"Irland Reise Tipps\" \/>\n<meta property=\"article:modified_time\" content=\"2013-11-28T09:23:11+00:00\" \/>\n<meta name=\"twitter:label1\" content=\"Gesch\u00e4tzte Lesezeit\" \/>\n\t<meta name=\"twitter:data1\" content=\"1\u00a0Minute\" \/>\n<script type=\"application\/ld+json\" class=\"yoast-schema-graph\">{\"@context\":\"https:\/\/schema.org\",\"@graph\":[{\"@type\":\"WebPage\",\"@id\":\"https:\/\/irland-reise-tipps.de\/de\/unterkunft\/hotels-in-tipperary\/hotel-minella\/\",\"url\":\"https:\/\/irland-reise-tipps.de\/de\/unterkunft\/hotels-in-tipperary\/hotel-minella\/\",\"name\":\"Hotel Minella - Irland Reise Tipps\",\"isPartOf\":{\"@id\":\"https:\/\/irland-reise-tipps.de\/de\/#website\"},\"datePublished\":\"2013-11-26T10:35:58+00:00\",\"dateModified\":\"2013-11-28T09:23:11+00:00\",\"description\":\"Gemeinsam die gr\u00fcne Insel Irland entdecken. Wir haben ausgew\u00e4hlte Veranstaltungen, Unterk\u00fcnfte und Touren mit den Highlights Irlands zusammengestellt.\",\"breadcrumb\":{\"@id\":\"https:\/\/irland-reise-tipps.de\/de\/unterkunft\/hotels-in-tipperary\/hotel-minella\/#breadcrumb\"},\"inLanguage\":\"de\",\"potentialAction\":[{\"@type\":\"ReadAction\",\"target\":[\"https:\/\/irland-reise-tipps.de\/de\/unterkunft\/hotels-in-tipperary\/hotel-minella\/\"]}]},{\"@type\":\"BreadcrumbList\",\"@id\":\"https:\/\/irland-reise-tipps.de\/de\/unterkunft\/hotels-in-tipperary\/hotel-minella\/#breadcrumb\",\"itemListElement\":[{\"@type\":\"ListItem\",\"position\":1,\"name\":\"Home\",\"item\":\"https:\/\/irland-reise-tipps.de\/de\/\"},{\"@type\":\"ListItem\",\"position\":2,\"name\":\"Unterkunft\",\"item\":\"https:\/\/irland-reise-tipps.de\/de\/unterkunft\/\"},{\"@type\":\"ListItem\",\"position\":3,\"name\":\"Hotels in Tipperary\",\"item\":\"https:\/\/irland-reise-tipps.de\/de\/unterkunft\/hotels-in-tipperary\/\"},{\"@type\":\"ListItem\",\"position\":4,\"name\":\"Hotel Minella\"}]},{\"@type\":\"WebSite\",\"@id\":\"https:\/\/irland-reise-tipps.de\/de\/#website\",\"url\":\"https:\/\/irland-reise-tipps.de\/de\/\",\"name\":\"Irland Reise Tipps\",\"description\":\"Gemeinsam die gr\u00fcne Insel entdecken\",\"potentialAction\":[{\"@type\":\"SearchAction\",\"target\":{\"@type\":\"EntryPoint\",\"urlTemplate\":\"https:\/\/irland-reise-tipps.de\/de\/?s={search_term_string}\"},\"query-input\":\"required name=search_term_string\"}],\"inLanguage\":\"de\"}]}<\/script>\n<!-- \/ Yoast SEO plugin. -->","yoast_head_json":{"title":"Hotel Minella - Irland Reise Tipps","description":"Gemeinsam die gr\u00fcne Insel Irland entdecken. Wir haben ausgew\u00e4hlte Veranstaltungen, Unterk\u00fcnfte und Touren mit den Highlights Irlands zusammengestellt.","robots":{"index":"index","follow":"follow","max-snippet":"max-snippet:-1","max-image-preview":"max-image-preview:large","max-video-preview":"max-video-preview:-1"},"canonical":"https:\/\/irland-reise-tipps.de\/de\/unterkunft\/hotels-in-tipperary\/hotel-minella\/","og_locale":"de_DE","og_type":"article","og_title":"Hotel Minella - Irland Reise Tipps","og_description":"Gemeinsam die gr\u00fcne Insel Irland entdecken. Wir haben ausgew\u00e4hlte Veranstaltungen, Unterk\u00fcnfte und Touren mit den Highlights Irlands zusammengestellt.","og_url":"https:\/\/irland-reise-tipps.de\/de\/unterkunft\/hotels-in-tipperary\/hotel-minella\/","og_site_name":"Irland Reise Tipps","article_modified_time":"2013-11-28T09:23:11+00:00","twitter_misc":{"Gesch\u00e4tzte Lesezeit":"1\u00a0Minute"},"schema":{"@context":"https:\/\/schema.org","@graph":[{"@type":"WebPage","@id":"https:\/\/irland-reise-tipps.de\/de\/unterkunft\/hotels-in-tipperary\/hotel-minella\/","url":"https:\/\/irland-reise-tipps.de\/de\/unterkunft\/hotels-in-tipperary\/hotel-minella\/","name":"Hotel Minella - Irland Reise Tipps","isPartOf":{"@id":"https:\/\/irland-reise-tipps.de\/de\/#website"},"datePublished":"2013-11-26T10:35:58+00:00","dateModified":"2013-11-28T09:23:11+00:00","description":"Gemeinsam die gr\u00fcne Insel Irland entdecken. Wir haben ausgew\u00e4hlte Veranstaltungen, Unterk\u00fcnfte und Touren mit den Highlights Irlands zusammengestellt.","breadcrumb":{"@id":"https:\/\/irland-reise-tipps.de\/de\/unterkunft\/hotels-in-tipperary\/hotel-minella\/#breadcrumb"},"inLanguage":"de","potentialAction":[{"@type":"ReadAction","target":["https:\/\/irland-reise-tipps.de\/de\/unterkunft\/hotels-in-tipperary\/hotel-minella\/"]}]},{"@type":"BreadcrumbList","@id":"https:\/\/irland-reise-tipps.de\/de\/unterkunft\/hotels-in-tipperary\/hotel-minella\/#breadcrumb","itemListElement":[{"@type":"ListItem","position":1,"name":"Home","item":"https:\/\/irland-reise-tipps.de\/de\/"},{"@type":"ListItem","position":2,"name":"Unterkunft","item":"https:\/\/irland-reise-tipps.de\/de\/unterkunft\/"},{"@type":"ListItem","position":3,"name":"Hotels in Tipperary","item":"https:\/\/irland-reise-tipps.de\/de\/unterkunft\/hotels-in-tipperary\/"},{"@type":"ListItem","position":4,"name":"Hotel Minella"}]},{"@type":"WebSite","@id":"https:\/\/irland-reise-tipps.de\/de\/#website","url":"https:\/\/irland-reise-tipps.de\/de\/","name":"Irland Reise Tipps","description":"Gemeinsam die gr\u00fcne Insel entdecken","potentialAction":[{"@type":"SearchAction","target":{"@type":"EntryPoint","urlTemplate":"https:\/\/irland-reise-tipps.de\/de\/?s={search_term_string}"},"query-input":"required name=search_term_string"}],"inLanguage":"de"}]}},"_links":{"self":[{"href":"https:\/\/irland-reise-tipps.de\/de\/wp-json\/wp\/v2\/pages\/3117","targetHints":{"allow":["GET"]}}],"collection":[{"href":"https:\/\/irland-reise-tipps.de\/de\/wp-json\/wp\/v2\/pages"}],"about":[{"href":"https:\/\/irland-reise-tipps.de\/de\/wp-json\/wp\/v2\/types\/page"}],"author":[{"embeddable":true,"href":"https:\/\/irland-reise-tipps.de\/de\/wp-json\/wp\/v2\/users\/11"}],"replies":[{"embeddable":true,"href":"https:\/\/irland-reise-tipps.de\/de\/wp-json\/wp\/v2\/comments?post=3117"}],"version-history":[{"count":4,"href":"https:\/\/irland-reise-tipps.de\/de\/wp-json\/wp\/v2\/pages\/3117\/revisions"}],"predecessor-version":[{"id":3241,"href":"https:\/\/irland-reise-tipps.de\/de\/wp-json\/wp\/v2\/pages\/3117\/revisions\/3241"}],"up":[{"embeddable":true,"href":"https:\/\/irland-reise-tipps.de\/de\/wp-json\/wp\/v2\/pages\/3065"}],"wp:attachment":[{"href":"https:\/\/irland-reise-tipps.de\/de\/wp-json\/wp\/v2\/media?parent=3117"}],"curies":[{"name":"wp","href":"https:\/\/api.w.org\/{rel}","templated":true}]}}