{"id":3114,"date":"2013-11-26T11:30:21","date_gmt":"2013-11-26T10:30:21","guid":{"rendered":"http:\/\/irland-reise-tipps.de\/de\/?page_id=3114"},"modified":"2013-11-26T11:30:39","modified_gmt":"2013-11-26T10:30:39","slug":"knockranny-house-hotel","status":"publish","type":"page","link":"https:\/\/irland-reise-tipps.de\/de\/unterkunft\/hotels-in-mayo\/knockranny-house-hotel\/","title":{"rendered":"Knockranny House Hotel &#038; Spa"},"content":{"rendered":"<h4 style=\"text-align: right;\">\n<a href=\"https:\/\/irland-reise-tipps.de\/de\/wp-content\/gallery\/knockranny-house-hotel\/knockrannyext_1295230753.jpg\" title=\"\" rel=\"lightbox[singlepic1292]\" >\n\t<img decoding=\"async\" class=\"ngg-singlepic ngg-right\" src=\"https:\/\/irland-reise-tipps.de\/de\/wp-content\/gallery\/cache\/1292__150x150_knockrannyext_1295230753.jpg\" alt=\"knockrannyext_1295230753\" title=\"knockrannyext_1295230753\" \/>\n<\/a>\n<\/h4>\n<h4>Kontakt Details<\/h4>\n<p>Knockranny House Hotel &amp; Spa<br \/>\nCastlebar Road<br \/>\nWestport<\/p>\n<p><strong>Telephone:<\/strong> +353 1 2958900<br \/>\n<strong>Email:<\/strong> <span class=\"fs\"><a href=\"mailto:knockranny@manorhousehotels.com\">knockranny@manorhousehotels.com<\/a><\/span><br \/>\n<strong>Homepage: <\/strong><a href=\"http:\/\/manorhousehotels.com\/de\/hotels\/knockranny-house-hotel-and-spa\/\" target=\"_blank\" rel=\"nofollow\">http:\/\/manorhousehotels.com\/de\/hotels\/knockranny-house-hotel-and-spa\/<\/a><\/p>\n\n<div class=\"ngg-galleryoverview\" id=\"ngg-gallery-111-3114\">\n\n\n\t\n\t<!-- Thumbnails -->\n\t\t\n\t<div id=\"ngg-image-1287\" class=\"ngg-gallery-thumbnail-box\"  >\n\t\t<div class=\"ngg-gallery-thumbnail\" >\n\t\t\t<a href=\"https:\/\/irland-reise-tipps.de\/de\/wp-content\/gallery\/knockranny-house-hotel\/10resized_1311603328.jpg\" title=\" \" rel=\"lightbox[set_111]\" >\n\t\t\t\t\t\t\t\t<img loading=\"lazy\" decoding=\"async\" title=\"10resized_1311603328\" alt=\"10resized_1311603328\" src=\"https:\/\/irland-reise-tipps.de\/de\/wp-content\/gallery\/knockranny-house-hotel\/thumbs\/thumbs_10resized_1311603328.jpg\" width=\"100\" height=\"75\" \/>\n\t\t\t\t\t\t\t<\/a>\n\t\t<\/div>\n\t<\/div>\n\t\n\t\t\n \t\t\n\t<div id=\"ngg-image-1288\" class=\"ngg-gallery-thumbnail-box\"  >\n\t\t<div class=\"ngg-gallery-thumbnail\" >\n\t\t\t<a href=\"https:\/\/irland-reise-tipps.de\/de\/wp-content\/gallery\/knockranny-house-hotel\/8resized_1311603060.jpg\" title=\" \" rel=\"lightbox[set_111]\" >\n\t\t\t\t\t\t\t\t<img loading=\"lazy\" decoding=\"async\" title=\"8resized_1311603060\" alt=\"8resized_1311603060\" src=\"https:\/\/irland-reise-tipps.de\/de\/wp-content\/gallery\/knockranny-house-hotel\/thumbs\/thumbs_8resized_1311603060.jpg\" width=\"100\" height=\"75\" \/>\n\t\t\t\t\t\t\t<\/a>\n\t\t<\/div>\n\t<\/div>\n\t\n\t\t\n \t\t\n\t<div id=\"ngg-image-1289\" class=\"ngg-gallery-thumbnail-box\"  >\n\t\t<div class=\"ngg-gallery-thumbnail\" >\n\t\t\t<a href=\"https:\/\/irland-reise-tipps.de\/de\/wp-content\/gallery\/knockranny-house-hotel\/9resized_1311603089.jpg\" title=\" \" rel=\"lightbox[set_111]\" >\n\t\t\t\t\t\t\t\t<img loading=\"lazy\" decoding=\"async\" title=\"9resized_1311603089\" alt=\"9resized_1311603089\" src=\"https:\/\/irland-reise-tipps.de\/de\/wp-content\/gallery\/knockranny-house-hotel\/thumbs\/thumbs_9resized_1311603089.jpg\" width=\"100\" height=\"75\" \/>\n\t\t\t\t\t\t\t<\/a>\n\t\t<\/div>\n\t<\/div>\n\t\n\t\t\n \t\t\n\t<div id=\"ngg-image-1290\" class=\"ngg-gallery-thumbnail-box\"  >\n\t\t<div class=\"ngg-gallery-thumbnail\" >\n\t\t\t<a href=\"https:\/\/irland-reise-tipps.de\/de\/wp-content\/gallery\/knockranny-house-hotel\/knockrannybed1_1295348330.jpg\" title=\" \" rel=\"lightbox[set_111]\" >\n\t\t\t\t\t\t\t\t<img loading=\"lazy\" decoding=\"async\" title=\"knockrannybed1_1295348330\" alt=\"knockrannybed1_1295348330\" src=\"https:\/\/irland-reise-tipps.de\/de\/wp-content\/gallery\/knockranny-house-hotel\/thumbs\/thumbs_knockrannybed1_1295348330.jpg\" width=\"100\" height=\"75\" \/>\n\t\t\t\t\t\t\t<\/a>\n\t\t<\/div>\n\t<\/div>\n\t\n\t\t\n \t\t\n\t<div id=\"ngg-image-1291\" class=\"ngg-gallery-thumbnail-box\"  >\n\t\t<div class=\"ngg-gallery-thumbnail\" >\n\t\t\t<a href=\"https:\/\/irland-reise-tipps.de\/de\/wp-content\/gallery\/knockranny-house-hotel\/knockrannybed5_1295348426.jpg\" title=\" \" rel=\"lightbox[set_111]\" >\n\t\t\t\t\t\t\t\t<img loading=\"lazy\" decoding=\"async\" title=\"knockrannybed5_1295348426\" alt=\"knockrannybed5_1295348426\" src=\"https:\/\/irland-reise-tipps.de\/de\/wp-content\/gallery\/knockranny-house-hotel\/thumbs\/thumbs_knockrannybed5_1295348426.jpg\" width=\"100\" height=\"75\" \/>\n\t\t\t\t\t\t\t<\/a>\n\t\t<\/div>\n\t<\/div>\n\t\n\t\t\n \t\t\n\t<div id=\"ngg-image-1292\" class=\"ngg-gallery-thumbnail-box\"  >\n\t\t<div class=\"ngg-gallery-thumbnail\" >\n\t\t\t<a href=\"https:\/\/irland-reise-tipps.de\/de\/wp-content\/gallery\/knockranny-house-hotel\/knockrannyext_1295230753.jpg\" title=\" \" rel=\"lightbox[set_111]\" >\n\t\t\t\t\t\t\t\t<img loading=\"lazy\" decoding=\"async\" title=\"knockrannyext_1295230753\" alt=\"knockrannyext_1295230753\" src=\"https:\/\/irland-reise-tipps.de\/de\/wp-content\/gallery\/knockranny-house-hotel\/thumbs\/thumbs_knockrannyext_1295230753.jpg\" width=\"100\" height=\"75\" \/>\n\t\t\t\t\t\t\t<\/a>\n\t\t<\/div>\n\t<\/div>\n\t\n\t\t\n \t\t\n\t<div id=\"ngg-image-1293\" class=\"ngg-gallery-thumbnail-box\"  >\n\t\t<div class=\"ngg-gallery-thumbnail\" >\n\t\t\t<a href=\"https:\/\/irland-reise-tipps.de\/de\/wp-content\/gallery\/knockranny-house-hotel\/knockrannyint1_1295348448.jpg\" title=\" \" rel=\"lightbox[set_111]\" >\n\t\t\t\t\t\t\t\t<img loading=\"lazy\" decoding=\"async\" title=\"knockrannyint1_1295348448\" alt=\"knockrannyint1_1295348448\" src=\"https:\/\/irland-reise-tipps.de\/de\/wp-content\/gallery\/knockranny-house-hotel\/thumbs\/thumbs_knockrannyint1_1295348448.jpg\" width=\"100\" height=\"75\" \/>\n\t\t\t\t\t\t\t<\/a>\n\t\t<\/div>\n\t<\/div>\n\t\n\t\t\n \t\t\n\t<div id=\"ngg-image-1294\" class=\"ngg-gallery-thumbnail-box\"  >\n\t\t<div class=\"ngg-gallery-thumbnail\" >\n\t\t\t<a href=\"https:\/\/irland-reise-tipps.de\/de\/wp-content\/gallery\/knockranny-house-hotel\/knockrannyint3_1295348346.jpg\" title=\" \" rel=\"lightbox[set_111]\" >\n\t\t\t\t\t\t\t\t<img loading=\"lazy\" decoding=\"async\" title=\"knockrannyint3_1295348346\" alt=\"knockrannyint3_1295348346\" src=\"https:\/\/irland-reise-tipps.de\/de\/wp-content\/gallery\/knockranny-house-hotel\/thumbs\/thumbs_knockrannyint3_1295348346.jpg\" width=\"100\" height=\"75\" \/>\n\t\t\t\t\t\t\t<\/a>\n\t\t<\/div>\n\t<\/div>\n\t\n\t\t\n \t\t\n\t<div id=\"ngg-image-1295\" class=\"ngg-gallery-thumbnail-box\"  >\n\t\t<div class=\"ngg-gallery-thumbnail\" >\n\t\t\t<a href=\"https:\/\/irland-reise-tipps.de\/de\/wp-content\/gallery\/knockranny-house-hotel\/knockrannyint8_1295348485.jpg\" title=\" \" rel=\"lightbox[set_111]\" >\n\t\t\t\t\t\t\t\t<img loading=\"lazy\" decoding=\"async\" title=\"knockrannyint8_1295348485\" alt=\"knockrannyint8_1295348485\" src=\"https:\/\/irland-reise-tipps.de\/de\/wp-content\/gallery\/knockranny-house-hotel\/thumbs\/thumbs_knockrannyint8_1295348485.jpg\" width=\"100\" height=\"75\" \/>\n\t\t\t\t\t\t\t<\/a>\n\t\t<\/div>\n\t<\/div>\n\t\n\t\t\n \t\t\n\t<div id=\"ngg-image-1296\" class=\"ngg-gallery-thumbnail-box\"  >\n\t\t<div class=\"ngg-gallery-thumbnail\" >\n\t\t\t<a href=\"https:\/\/irland-reise-tipps.de\/de\/wp-content\/gallery\/knockranny-house-hotel\/knockrannyint9_1295348564.jpg\" title=\" \" rel=\"lightbox[set_111]\" >\n\t\t\t\t\t\t\t\t<img loading=\"lazy\" decoding=\"async\" title=\"knockrannyint9_1295348564\" alt=\"knockrannyint9_1295348564\" src=\"https:\/\/irland-reise-tipps.de\/de\/wp-content\/gallery\/knockranny-house-hotel\/thumbs\/thumbs_knockrannyint9_1295348564.jpg\" width=\"100\" height=\"75\" \/>\n\t\t\t\t\t\t\t<\/a>\n\t\t<\/div>\n\t<\/div>\n\t\n\t\t\n \t \t\n\t<!-- Pagination -->\n \t<div class=\"ngg-clear\"><\/div> \t\n<\/div>\n\n\n<h4 style=\"text-align: left;\">Beschreibung<\/h4>\n<p><strong>Herzlich Willkommen im Knockranny House Hotel &amp; Spa!<\/strong><\/p>\n<p>Luxushotel und Wellnesszentrum nahe Westport in der Grafschaft Mayo<\/p>\n<p>Das Luxushotel Knockranny House mit Wellnesszentrum ist von einer lauschigen und abgeschiedenen Gartenanlage mit Blick auf die malerische Stadt Westport umgeben. Mit seiner einzigartigen Aussicht auf den Berg Croagh Patrick, die Clew Bay und den Atlantik stellt dieses Manor House Hotel den idealen Ort f\u00fcr einen luxuri\u00f6sen Hotel- und Wellnessurlaub in Westport dar.<\/p>\n<p>Das \u201eSpa Salveo\u201c des Hotels ist als eins der besten Wellnesszentren Irlands bekannt. Wenn Sie einen Wellnessurlaub in Westport w\u00fcnschen, lohnt sich ein Besuch des Spa Salveo. Hotelg\u00e4ste haben kostenlosen Zugang zum Vitalbad, zu den Thermal-Suiten und zum Fitnessraum.<\/p>\n<h4>G\u00e4ste lieben am Knockranny House Hotel:<\/h4>\n<ul>\n<li>Das preisgekr\u00f6nte Restaurant La Foug\u00e8re: Bestes Speiserestaurant 2011 (Hotel &amp; Catering Review), bestes Hotelrestaurant in Irland 2010 und zwei von der Automobile Association verliehene Rosetten<\/li>\n<li>Das Spa Salveo, eins der besten Wellnesszentren in Irland<\/li>\n<li>Den Landhausstil mit offenen Kaminfeuern und antiken M\u00f6beln<\/li>\n<li>Die einzigartige Aussicht auf Croagh Patrick, die Clew Bay und den Atlantik<\/li>\n<\/ul>\n<p>Ihre Manor House Hotels Geschenkkarte kann im Knockranny House Hotel eingel\u00f6st werden<\/p>\n<p>Wir freuen uns auf Ihren Besuch!<\/p>\n<h4>Lage des Hotels und Sehensw\u00fcrdigkeiten in der N\u00e4he<\/h4>\n<p>[google-map-v3 width=&#8220;600&#8243; height=&#8220;400&#8243; zoom=&#8220;12&#8243; maptype=&#8220;roadmap&#8220; mapalign=&#8220;center&#8220; directionhint=&#8220;false&#8220; language=&#8220;default&#8220; poweredby=&#8220;false&#8220; maptypecontrol=&#8220;true&#8220; pancontrol=&#8220;true&#8220; zoomcontrol=&#8220;true&#8220; scalecontrol=&#8220;true&#8220; streetviewcontrol=&#8220;true&#8220; scrollwheelcontrol=&#8220;false&#8220; draggable=&#8220;true&#8220; tiltfourtyfive=&#8220;false&#8220; addmarkermashupbubble=&#8220;false&#8220; addmarkermashupbubble=&#8220;false&#8220; addmarkerlist=&#8220;53.802108,-9.508018{}lodging_0star.png{}Knockranny House Hotel &amp; Spa&#8220; bubbleautopan=&#8220;true&#8220; showbike=&#8220;false&#8220; showtraffic=&#8220;false&#8220; showpanoramio=&#8220;false&#8220;]<\/p>\n","protected":false},"excerpt":{"rendered":"<p>Kontakt Details Knockranny House Hotel &amp; Spa Castlebar Road Westport Telephone: +353 1 2958900 Email: knockranny@manorhousehotels.com Homepage: http:\/\/manorhousehotels.com\/de\/hotels\/knockranny-house-hotel-and-spa\/ Beschreibung Herzlich Willkommen im Knockranny House Hotel &amp; Spa! Luxushotel und Wellnesszentrum nahe Westport in der Grafschaft Mayo Das Luxushotel Knockranny House<span class=\"ellipsis\">&hellip;<\/span><\/p>\n<div class=\"read-more\"><a href=\"https:\/\/irland-reise-tipps.de\/de\/unterkunft\/hotels-in-mayo\/knockranny-house-hotel\/\">Weiterlesen &#8250;<\/a><\/div>\n<p><!-- end of .read-more --><\/p>\n","protected":false},"author":11,"featured_media":0,"parent":3059,"menu_order":0,"comment_status":"closed","ping_status":"closed","template":"","meta":{"footnotes":""},"class_list":["post-3114","page","type-page","status-publish","hentry"],"yoast_head":"<!-- This site is optimized with the Yoast SEO plugin v21.2 - https:\/\/yoast.com\/wordpress\/plugins\/seo\/ -->\n<title>Knockranny House Hotel &amp; Spa - Irland Reise Tipps<\/title>\n<meta name=\"description\" content=\"Gemeinsam die gr\u00fcne Insel Irland entdecken. Wir haben ausgew\u00e4hlte Veranstaltungen, Unterk\u00fcnfte und Touren mit den Highlights Irlands zusammengestellt.\" \/>\n<meta name=\"robots\" content=\"index, follow, max-snippet:-1, max-image-preview:large, max-video-preview:-1\" \/>\n<link rel=\"canonical\" href=\"https:\/\/irland-reise-tipps.de\/de\/unterkunft\/hotels-in-mayo\/knockranny-house-hotel\/\" \/>\n<meta property=\"og:locale\" content=\"de_DE\" \/>\n<meta property=\"og:type\" content=\"article\" \/>\n<meta property=\"og:title\" content=\"Knockranny House Hotel &amp; Spa - Irland Reise Tipps\" \/>\n<meta property=\"og:description\" content=\"Gemeinsam die gr\u00fcne Insel Irland entdecken. Wir haben ausgew\u00e4hlte Veranstaltungen, Unterk\u00fcnfte und Touren mit den Highlights Irlands zusammengestellt.\" \/>\n<meta property=\"og:url\" content=\"https:\/\/irland-reise-tipps.de\/de\/unterkunft\/hotels-in-mayo\/knockranny-house-hotel\/\" \/>\n<meta property=\"og:site_name\" content=\"Irland Reise Tipps\" \/>\n<meta property=\"article:modified_time\" content=\"2013-11-26T10:30:39+00:00\" \/>\n<meta name=\"twitter:label1\" content=\"Gesch\u00e4tzte Lesezeit\" \/>\n\t<meta name=\"twitter:data1\" content=\"1\u00a0Minute\" \/>\n<script type=\"application\/ld+json\" class=\"yoast-schema-graph\">{\"@context\":\"https:\/\/schema.org\",\"@graph\":[{\"@type\":\"WebPage\",\"@id\":\"https:\/\/irland-reise-tipps.de\/de\/unterkunft\/hotels-in-mayo\/knockranny-house-hotel\/\",\"url\":\"https:\/\/irland-reise-tipps.de\/de\/unterkunft\/hotels-in-mayo\/knockranny-house-hotel\/\",\"name\":\"Knockranny House Hotel & Spa - Irland Reise Tipps\",\"isPartOf\":{\"@id\":\"https:\/\/irland-reise-tipps.de\/de\/#website\"},\"datePublished\":\"2013-11-26T10:30:21+00:00\",\"dateModified\":\"2013-11-26T10:30:39+00:00\",\"description\":\"Gemeinsam die gr\u00fcne Insel Irland entdecken. Wir haben ausgew\u00e4hlte Veranstaltungen, Unterk\u00fcnfte und Touren mit den Highlights Irlands zusammengestellt.\",\"breadcrumb\":{\"@id\":\"https:\/\/irland-reise-tipps.de\/de\/unterkunft\/hotels-in-mayo\/knockranny-house-hotel\/#breadcrumb\"},\"inLanguage\":\"de\",\"potentialAction\":[{\"@type\":\"ReadAction\",\"target\":[\"https:\/\/irland-reise-tipps.de\/de\/unterkunft\/hotels-in-mayo\/knockranny-house-hotel\/\"]}]},{\"@type\":\"BreadcrumbList\",\"@id\":\"https:\/\/irland-reise-tipps.de\/de\/unterkunft\/hotels-in-mayo\/knockranny-house-hotel\/#breadcrumb\",\"itemListElement\":[{\"@type\":\"ListItem\",\"position\":1,\"name\":\"Home\",\"item\":\"https:\/\/irland-reise-tipps.de\/de\/\"},{\"@type\":\"ListItem\",\"position\":2,\"name\":\"Unterkunft\",\"item\":\"https:\/\/irland-reise-tipps.de\/de\/unterkunft\/\"},{\"@type\":\"ListItem\",\"position\":3,\"name\":\"Hotels in Mayo\",\"item\":\"https:\/\/irland-reise-tipps.de\/de\/unterkunft\/hotels-in-mayo\/\"},{\"@type\":\"ListItem\",\"position\":4,\"name\":\"Knockranny House Hotel &#038; Spa\"}]},{\"@type\":\"WebSite\",\"@id\":\"https:\/\/irland-reise-tipps.de\/de\/#website\",\"url\":\"https:\/\/irland-reise-tipps.de\/de\/\",\"name\":\"Irland Reise Tipps\",\"description\":\"Gemeinsam die gr\u00fcne Insel entdecken\",\"potentialAction\":[{\"@type\":\"SearchAction\",\"target\":{\"@type\":\"EntryPoint\",\"urlTemplate\":\"https:\/\/irland-reise-tipps.de\/de\/?s={search_term_string}\"},\"query-input\":\"required name=search_term_string\"}],\"inLanguage\":\"de\"}]}<\/script>\n<!-- \/ Yoast SEO plugin. -->","yoast_head_json":{"title":"Knockranny House Hotel & Spa - Irland Reise Tipps","description":"Gemeinsam die gr\u00fcne Insel Irland entdecken. Wir haben ausgew\u00e4hlte Veranstaltungen, Unterk\u00fcnfte und Touren mit den Highlights Irlands zusammengestellt.","robots":{"index":"index","follow":"follow","max-snippet":"max-snippet:-1","max-image-preview":"max-image-preview:large","max-video-preview":"max-video-preview:-1"},"canonical":"https:\/\/irland-reise-tipps.de\/de\/unterkunft\/hotels-in-mayo\/knockranny-house-hotel\/","og_locale":"de_DE","og_type":"article","og_title":"Knockranny House Hotel & Spa - Irland Reise Tipps","og_description":"Gemeinsam die gr\u00fcne Insel Irland entdecken. Wir haben ausgew\u00e4hlte Veranstaltungen, Unterk\u00fcnfte und Touren mit den Highlights Irlands zusammengestellt.","og_url":"https:\/\/irland-reise-tipps.de\/de\/unterkunft\/hotels-in-mayo\/knockranny-house-hotel\/","og_site_name":"Irland Reise Tipps","article_modified_time":"2013-11-26T10:30:39+00:00","twitter_misc":{"Gesch\u00e4tzte Lesezeit":"1\u00a0Minute"},"schema":{"@context":"https:\/\/schema.org","@graph":[{"@type":"WebPage","@id":"https:\/\/irland-reise-tipps.de\/de\/unterkunft\/hotels-in-mayo\/knockranny-house-hotel\/","url":"https:\/\/irland-reise-tipps.de\/de\/unterkunft\/hotels-in-mayo\/knockranny-house-hotel\/","name":"Knockranny House Hotel & Spa - Irland Reise Tipps","isPartOf":{"@id":"https:\/\/irland-reise-tipps.de\/de\/#website"},"datePublished":"2013-11-26T10:30:21+00:00","dateModified":"2013-11-26T10:30:39+00:00","description":"Gemeinsam die gr\u00fcne Insel Irland entdecken. Wir haben ausgew\u00e4hlte Veranstaltungen, Unterk\u00fcnfte und Touren mit den Highlights Irlands zusammengestellt.","breadcrumb":{"@id":"https:\/\/irland-reise-tipps.de\/de\/unterkunft\/hotels-in-mayo\/knockranny-house-hotel\/#breadcrumb"},"inLanguage":"de","potentialAction":[{"@type":"ReadAction","target":["https:\/\/irland-reise-tipps.de\/de\/unterkunft\/hotels-in-mayo\/knockranny-house-hotel\/"]}]},{"@type":"BreadcrumbList","@id":"https:\/\/irland-reise-tipps.de\/de\/unterkunft\/hotels-in-mayo\/knockranny-house-hotel\/#breadcrumb","itemListElement":[{"@type":"ListItem","position":1,"name":"Home","item":"https:\/\/irland-reise-tipps.de\/de\/"},{"@type":"ListItem","position":2,"name":"Unterkunft","item":"https:\/\/irland-reise-tipps.de\/de\/unterkunft\/"},{"@type":"ListItem","position":3,"name":"Hotels in Mayo","item":"https:\/\/irland-reise-tipps.de\/de\/unterkunft\/hotels-in-mayo\/"},{"@type":"ListItem","position":4,"name":"Knockranny House Hotel &#038; Spa"}]},{"@type":"WebSite","@id":"https:\/\/irland-reise-tipps.de\/de\/#website","url":"https:\/\/irland-reise-tipps.de\/de\/","name":"Irland Reise Tipps","description":"Gemeinsam die gr\u00fcne Insel entdecken","potentialAction":[{"@type":"SearchAction","target":{"@type":"EntryPoint","urlTemplate":"https:\/\/irland-reise-tipps.de\/de\/?s={search_term_string}"},"query-input":"required name=search_term_string"}],"inLanguage":"de"}]}},"_links":{"self":[{"href":"https:\/\/irland-reise-tipps.de\/de\/wp-json\/wp\/v2\/pages\/3114","targetHints":{"allow":["GET"]}}],"collection":[{"href":"https:\/\/irland-reise-tipps.de\/de\/wp-json\/wp\/v2\/pages"}],"about":[{"href":"https:\/\/irland-reise-tipps.de\/de\/wp-json\/wp\/v2\/types\/page"}],"author":[{"embeddable":true,"href":"https:\/\/irland-reise-tipps.de\/de\/wp-json\/wp\/v2\/users\/11"}],"replies":[{"embeddable":true,"href":"https:\/\/irland-reise-tipps.de\/de\/wp-json\/wp\/v2\/comments?post=3114"}],"version-history":[{"count":2,"href":"https:\/\/irland-reise-tipps.de\/de\/wp-json\/wp\/v2\/pages\/3114\/revisions"}],"predecessor-version":[{"id":3116,"href":"https:\/\/irland-reise-tipps.de\/de\/wp-json\/wp\/v2\/pages\/3114\/revisions\/3116"}],"up":[{"embeddable":true,"href":"https:\/\/irland-reise-tipps.de\/de\/wp-json\/wp\/v2\/pages\/3059"}],"wp:attachment":[{"href":"https:\/\/irland-reise-tipps.de\/de\/wp-json\/wp\/v2\/media?parent=3114"}],"curies":[{"name":"wp","href":"https:\/\/api.w.org\/{rel}","templated":true}]}}