{"id":3111,"date":"2013-11-26T11:25:41","date_gmt":"2013-11-26T10:25:41","guid":{"rendered":"http:\/\/irland-reise-tipps.de\/de\/?page_id=3111"},"modified":"2013-11-26T11:26:00","modified_gmt":"2013-11-26T10:26:00","slug":"lough-inagh-lodge-hotel","status":"publish","type":"page","link":"https:\/\/irland-reise-tipps.de\/de\/unterkunft\/hotels-in-galway\/lough-inagh-lodge-hotel\/","title":{"rendered":"Lough Inagh Lodge Hotel"},"content":{"rendered":"<h4 style=\"text-align: right;\">\n<a href=\"https:\/\/irland-reise-tipps.de\/de\/wp-content\/gallery\/loch-inagh-lodge\/inagh_newexterior_1295349354.jpg\" title=\"\" rel=\"lightbox[singlepic1300]\" >\n\t<img decoding=\"async\" class=\"ngg-singlepic ngg-right\" src=\"https:\/\/irland-reise-tipps.de\/de\/wp-content\/gallery\/cache\/1300__150x150_inagh_newexterior_1295349354.jpg\" alt=\"inagh_newexterior_1295349354\" title=\"inagh_newexterior_1295349354\" \/>\n<\/a>\n<\/h4>\n<h4>Kontakt Details<\/h4>\n<p>Lough Inagh Lodge Hotel<br \/>\nRecess<br \/>\nConnemara<\/p>\n<p><strong>Telephone:<\/strong> +353 1 2958900<br \/>\n<strong>Email:<\/strong> <span class=\"fs\"><a href=\"mailto:loughinagh@manorhousehotels.com\">loughinagh@manorhousehotels.com<\/a><\/span><br \/>\n<strong>Homepage: <\/strong><a href=\"http:\/\/manorhousehotels.com\/de\/hotels\/lough-inagh-lodge-hotel\/\" target=\"_blank\" rel=\"nofollow\">http:\/\/manorhousehotels.com\/de\/hotels\/lough-inagh-lodge-hotel\/<\/a><\/p>\n\n<div class=\"ngg-galleryoverview\" id=\"ngg-gallery-112-3111\">\n\n\n\t\n\t<!-- Thumbnails -->\n\t\t\n\t<div id=\"ngg-image-1297\" class=\"ngg-gallery-thumbnail-box\"  >\n\t\t<div class=\"ngg-gallery-thumbnail\" >\n\t\t\t<a href=\"https:\/\/irland-reise-tipps.de\/de\/wp-content\/gallery\/loch-inagh-lodge\/inagh2882_1295230804.jpg\" title=\" \" rel=\"lightbox[set_112]\" >\n\t\t\t\t\t\t\t\t<img loading=\"lazy\" decoding=\"async\" title=\"inagh2882_1295230804\" alt=\"inagh2882_1295230804\" src=\"https:\/\/irland-reise-tipps.de\/de\/wp-content\/gallery\/loch-inagh-lodge\/thumbs\/thumbs_inagh2882_1295230804.jpg\" width=\"100\" height=\"75\" \/>\n\t\t\t\t\t\t\t<\/a>\n\t\t<\/div>\n\t<\/div>\n\t\n\t\t\n \t\t\n\t<div id=\"ngg-image-1298\" class=\"ngg-gallery-thumbnail-box\"  >\n\t\t<div class=\"ngg-gallery-thumbnail\" >\n\t\t\t<a href=\"https:\/\/irland-reise-tipps.de\/de\/wp-content\/gallery\/loch-inagh-lodge\/inagh_bedroomwithnewcanopy_1295349322.jpg\" title=\" \" rel=\"lightbox[set_112]\" >\n\t\t\t\t\t\t\t\t<img loading=\"lazy\" decoding=\"async\" title=\"inagh_bedroomwithnewcanopy_1295349322\" alt=\"inagh_bedroomwithnewcanopy_1295349322\" src=\"https:\/\/irland-reise-tipps.de\/de\/wp-content\/gallery\/loch-inagh-lodge\/thumbs\/thumbs_inagh_bedroomwithnewcanopy_1295349322.jpg\" width=\"100\" height=\"75\" \/>\n\t\t\t\t\t\t\t<\/a>\n\t\t<\/div>\n\t<\/div>\n\t\n\t\t\n \t\t\n\t<div id=\"ngg-image-1299\" class=\"ngg-gallery-thumbnail-box\"  >\n\t\t<div class=\"ngg-gallery-thumbnail\" >\n\t\t\t<a href=\"https:\/\/irland-reise-tipps.de\/de\/wp-content\/gallery\/loch-inagh-lodge\/inagh_fishingloughinagh_1295349340.jpg\" title=\" \" rel=\"lightbox[set_112]\" >\n\t\t\t\t\t\t\t\t<img loading=\"lazy\" decoding=\"async\" title=\"inagh_fishingloughinagh_1295349340\" alt=\"inagh_fishingloughinagh_1295349340\" src=\"https:\/\/irland-reise-tipps.de\/de\/wp-content\/gallery\/loch-inagh-lodge\/thumbs\/thumbs_inagh_fishingloughinagh_1295349340.jpg\" width=\"100\" height=\"75\" \/>\n\t\t\t\t\t\t\t<\/a>\n\t\t<\/div>\n\t<\/div>\n\t\n\t\t\n \t\t\n\t<div id=\"ngg-image-1300\" class=\"ngg-gallery-thumbnail-box\"  >\n\t\t<div class=\"ngg-gallery-thumbnail\" >\n\t\t\t<a href=\"https:\/\/irland-reise-tipps.de\/de\/wp-content\/gallery\/loch-inagh-lodge\/inagh_newexterior_1295349354.jpg\" title=\" \" rel=\"lightbox[set_112]\" >\n\t\t\t\t\t\t\t\t<img loading=\"lazy\" decoding=\"async\" title=\"inagh_newexterior_1295349354\" alt=\"inagh_newexterior_1295349354\" src=\"https:\/\/irland-reise-tipps.de\/de\/wp-content\/gallery\/loch-inagh-lodge\/thumbs\/thumbs_inagh_newexterior_1295349354.jpg\" width=\"100\" height=\"75\" \/>\n\t\t\t\t\t\t\t<\/a>\n\t\t<\/div>\n\t<\/div>\n\t\n\t\t\n \t\t\n\t<div id=\"ngg-image-1301\" class=\"ngg-gallery-thumbnail-box\"  >\n\t\t<div class=\"ngg-gallery-thumbnail\" >\n\t\t\t<a href=\"https:\/\/irland-reise-tipps.de\/de\/wp-content\/gallery\/loch-inagh-lodge\/inagh_restaurant_1295349369.jpg\" title=\" \" rel=\"lightbox[set_112]\" >\n\t\t\t\t\t\t\t\t<img loading=\"lazy\" decoding=\"async\" title=\"inagh_restaurant_1295349369\" alt=\"inagh_restaurant_1295349369\" src=\"https:\/\/irland-reise-tipps.de\/de\/wp-content\/gallery\/loch-inagh-lodge\/thumbs\/thumbs_inagh_restaurant_1295349369.jpg\" width=\"100\" height=\"75\" \/>\n\t\t\t\t\t\t\t<\/a>\n\t\t<\/div>\n\t<\/div>\n\t\n\t\t\n \t\t\n\t<div id=\"ngg-image-1302\" class=\"ngg-gallery-thumbnail-box\"  >\n\t\t<div class=\"ngg-gallery-thumbnail\" >\n\t\t\t<a href=\"https:\/\/irland-reise-tipps.de\/de\/wp-content\/gallery\/loch-inagh-lodge\/inaghchair_1295349385.jpg\" title=\" \" rel=\"lightbox[set_112]\" >\n\t\t\t\t\t\t\t\t<img loading=\"lazy\" decoding=\"async\" title=\"inaghchair_1295349385\" alt=\"inaghchair_1295349385\" src=\"https:\/\/irland-reise-tipps.de\/de\/wp-content\/gallery\/loch-inagh-lodge\/thumbs\/thumbs_inaghchair_1295349385.jpg\" width=\"100\" height=\"75\" \/>\n\t\t\t\t\t\t\t<\/a>\n\t\t<\/div>\n\t<\/div>\n\t\n\t\t\n \t\t\n\t<div id=\"ngg-image-1303\" class=\"ngg-gallery-thumbnail-box\"  >\n\t\t<div class=\"ngg-gallery-thumbnail\" >\n\t\t\t<a href=\"https:\/\/irland-reise-tipps.de\/de\/wp-content\/gallery\/loch-inagh-lodge\/inaghlounge_1295349403.jpg\" title=\" \" rel=\"lightbox[set_112]\" >\n\t\t\t\t\t\t\t\t<img loading=\"lazy\" decoding=\"async\" title=\"inaghlounge_1295349403\" alt=\"inaghlounge_1295349403\" src=\"https:\/\/irland-reise-tipps.de\/de\/wp-content\/gallery\/loch-inagh-lodge\/thumbs\/thumbs_inaghlounge_1295349403.jpg\" width=\"100\" height=\"75\" \/>\n\t\t\t\t\t\t\t<\/a>\n\t\t<\/div>\n\t<\/div>\n\t\n\t\t\n \t\t\n\t<div id=\"ngg-image-1304\" class=\"ngg-gallery-thumbnail-box\"  >\n\t\t<div class=\"ngg-gallery-thumbnail\" >\n\t\t\t<a href=\"https:\/\/irland-reise-tipps.de\/de\/wp-content\/gallery\/loch-inagh-lodge\/inaghpurplebedroom_1295349417.jpg\" title=\" \" rel=\"lightbox[set_112]\" >\n\t\t\t\t\t\t\t\t<img loading=\"lazy\" decoding=\"async\" title=\"inaghpurplebedroom_1295349417\" alt=\"inaghpurplebedroom_1295349417\" src=\"https:\/\/irland-reise-tipps.de\/de\/wp-content\/gallery\/loch-inagh-lodge\/thumbs\/thumbs_inaghpurplebedroom_1295349417.jpg\" width=\"100\" height=\"75\" \/>\n\t\t\t\t\t\t\t<\/a>\n\t\t<\/div>\n\t<\/div>\n\t\n\t\t\n \t\t\n\t<div id=\"ngg-image-1305\" class=\"ngg-gallery-thumbnail-box\"  >\n\t\t<div class=\"ngg-gallery-thumbnail\" >\n\t\t\t<a href=\"https:\/\/irland-reise-tipps.de\/de\/wp-content\/gallery\/loch-inagh-lodge\/inaghvintagecar1_1295349434.jpg\" title=\" \" rel=\"lightbox[set_112]\" >\n\t\t\t\t\t\t\t\t<img loading=\"lazy\" decoding=\"async\" title=\"inaghvintagecar1_1295349434\" alt=\"inaghvintagecar1_1295349434\" src=\"https:\/\/irland-reise-tipps.de\/de\/wp-content\/gallery\/loch-inagh-lodge\/thumbs\/thumbs_inaghvintagecar1_1295349434.jpg\" width=\"100\" height=\"75\" \/>\n\t\t\t\t\t\t\t<\/a>\n\t\t<\/div>\n\t<\/div>\n\t\n\t\t\n \t \t\n\t<!-- Pagination -->\n \t<div class=\"ngg-clear\"><\/div> \t\n<\/div>\n\n\n<h4 style=\"text-align: left;\">Beschreibung<\/h4>\n<p><strong>Herzlich Willkommen im Lough Inagh Lodge Hotel!<\/strong><\/p>\n<p>Romantischer Urlaub im Herzen Connemaras in der Grafschaft Galway<\/p>\n<p>Die Lough Inagh Lodge ist ein bezauberndes, romantisches Landhaushotel inmitten der Ortschaft Recess in Connemara. Die Lough Inagh Lodge ist keineswegs ein kleines Haus, wirkt jedoch so gegen das Panorama der majest\u00e4tischen und wundersch\u00f6nen Landschaft von Connemara.<\/p>\n<p>Bei einer so friedlichen Lage in einem stillen Tal mit einem See vor der T\u00fcr und einem Berg im R\u00fccken stellt die Lough Inagh Lodge einen idealen Ort f\u00fcr einen romantischen Aufenthalt in der Grafschaft Galway dar. Mit den nahe gelegenen M\u00f6glichkeiten zum Angeln, Klettern, Fahrradfahren und Golfen ist sie der perfekte Zufluchtsort auf dem Lande.<\/p>\n<h4>G\u00e4ste lieben an der Lough Inagh Lodge:<\/h4>\n<ul>\n<li>LANDHAUS DES JAHRES sowohl 2011 als auch 2012 (Goldmedaille der Hotel &amp; Catering Review, 24.10.2011 und 25.09.2012)<\/li>\n<li>Die atemberaubende, romantische Lage<\/li>\n<li>Die gem\u00fctliche Landhausatmosph\u00e4re mit offenen Kaminfeuern und eichenget\u00e4felter Bar<\/li>\n<li>Die \u00fcberragende Landhausunterkunft<\/li>\n<li>Die gro\u00dfe Vielfalt an Outdoor-Aktivit\u00e4ten: Wandern, Fliegenfischen, Fahrradfahren und Golfen sind in der Umgebung m\u00f6glich<\/li>\n<\/ul>\n<p>Ihre Manor House Hotels Geschenkkarte kann in der Lough Inagh Lodge eingel\u00f6st werden<\/p>\n<p>Wir freuen uns auf Ihren Besuch!<\/p>\n<h4>Lage des Hotels und Sehensw\u00fcrdigkeiten in der N\u00e4he<\/h4>\n<p>[google-map-v3 width=&#8220;600&#8243; height=&#8220;400&#8243; zoom=&#8220;12&#8243; maptype=&#8220;roadmap&#8220; mapalign=&#8220;center&#8220; directionhint=&#8220;false&#8220; language=&#8220;default&#8220; poweredby=&#8220;false&#8220; maptypecontrol=&#8220;true&#8220; pancontrol=&#8220;true&#8220; zoomcontrol=&#8220;true&#8220; scalecontrol=&#8220;true&#8220; streetviewcontrol=&#8220;true&#8220; scrollwheelcontrol=&#8220;false&#8220; draggable=&#8220;true&#8220; tiltfourtyfive=&#8220;false&#8220; addmarkermashupbubble=&#8220;false&#8220; addmarkermashupbubble=&#8220;false&#8220; addmarkerlist=&#8220;53.520789,-9.742004{}lodging_0star.png{}Lough Inagh Lodge Hotel&#8220; bubbleautopan=&#8220;true&#8220; showbike=&#8220;false&#8220; showtraffic=&#8220;false&#8220; showpanoramio=&#8220;false&#8220;]<\/p>\n","protected":false},"excerpt":{"rendered":"<p>Kontakt Details Lough Inagh Lodge Hotel Recess Connemara Telephone: +353 1 2958900 Email: loughinagh@manorhousehotels.com Homepage: http:\/\/manorhousehotels.com\/de\/hotels\/lough-inagh-lodge-hotel\/ Beschreibung Herzlich Willkommen im Lough Inagh Lodge Hotel! Romantischer Urlaub im Herzen Connemaras in der Grafschaft Galway Die Lough Inagh Lodge ist ein bezauberndes,<span class=\"ellipsis\">&hellip;<\/span><\/p>\n<div class=\"read-more\"><a href=\"https:\/\/irland-reise-tipps.de\/de\/unterkunft\/hotels-in-galway\/lough-inagh-lodge-hotel\/\">Weiterlesen &#8250;<\/a><\/div>\n<p><!-- end of .read-more --><\/p>\n","protected":false},"author":11,"featured_media":0,"parent":1218,"menu_order":0,"comment_status":"closed","ping_status":"closed","template":"","meta":{"footnotes":""},"class_list":["post-3111","page","type-page","status-publish","hentry"],"yoast_head":"<!-- This site is optimized with the Yoast SEO plugin v21.2 - https:\/\/yoast.com\/wordpress\/plugins\/seo\/ -->\n<title>Lough Inagh Lodge Hotel - Irland Reise Tipps<\/title>\n<meta name=\"description\" content=\"Gemeinsam die gr\u00fcne Insel Irland entdecken. Wir haben ausgew\u00e4hlte Veranstaltungen, Unterk\u00fcnfte und Touren mit den Highlights Irlands zusammengestellt.\" \/>\n<meta name=\"robots\" content=\"index, follow, max-snippet:-1, max-image-preview:large, max-video-preview:-1\" \/>\n<link rel=\"canonical\" href=\"https:\/\/irland-reise-tipps.de\/de\/unterkunft\/hotels-in-galway\/lough-inagh-lodge-hotel\/\" \/>\n<meta property=\"og:locale\" content=\"de_DE\" \/>\n<meta property=\"og:type\" content=\"article\" \/>\n<meta property=\"og:title\" content=\"Lough Inagh Lodge Hotel - Irland Reise Tipps\" \/>\n<meta property=\"og:description\" content=\"Gemeinsam die gr\u00fcne Insel Irland entdecken. Wir haben ausgew\u00e4hlte Veranstaltungen, Unterk\u00fcnfte und Touren mit den Highlights Irlands zusammengestellt.\" \/>\n<meta property=\"og:url\" content=\"https:\/\/irland-reise-tipps.de\/de\/unterkunft\/hotels-in-galway\/lough-inagh-lodge-hotel\/\" \/>\n<meta property=\"og:site_name\" content=\"Irland Reise Tipps\" \/>\n<meta property=\"article:modified_time\" content=\"2013-11-26T10:26:00+00:00\" \/>\n<meta name=\"twitter:label1\" content=\"Gesch\u00e4tzte Lesezeit\" \/>\n\t<meta name=\"twitter:data1\" content=\"1\u00a0Minute\" \/>\n<script type=\"application\/ld+json\" class=\"yoast-schema-graph\">{\"@context\":\"https:\/\/schema.org\",\"@graph\":[{\"@type\":\"WebPage\",\"@id\":\"https:\/\/irland-reise-tipps.de\/de\/unterkunft\/hotels-in-galway\/lough-inagh-lodge-hotel\/\",\"url\":\"https:\/\/irland-reise-tipps.de\/de\/unterkunft\/hotels-in-galway\/lough-inagh-lodge-hotel\/\",\"name\":\"Lough Inagh Lodge Hotel - Irland Reise Tipps\",\"isPartOf\":{\"@id\":\"https:\/\/irland-reise-tipps.de\/de\/#website\"},\"datePublished\":\"2013-11-26T10:25:41+00:00\",\"dateModified\":\"2013-11-26T10:26:00+00:00\",\"description\":\"Gemeinsam die gr\u00fcne Insel Irland entdecken. Wir haben ausgew\u00e4hlte Veranstaltungen, Unterk\u00fcnfte und Touren mit den Highlights Irlands zusammengestellt.\",\"breadcrumb\":{\"@id\":\"https:\/\/irland-reise-tipps.de\/de\/unterkunft\/hotels-in-galway\/lough-inagh-lodge-hotel\/#breadcrumb\"},\"inLanguage\":\"de\",\"potentialAction\":[{\"@type\":\"ReadAction\",\"target\":[\"https:\/\/irland-reise-tipps.de\/de\/unterkunft\/hotels-in-galway\/lough-inagh-lodge-hotel\/\"]}]},{\"@type\":\"BreadcrumbList\",\"@id\":\"https:\/\/irland-reise-tipps.de\/de\/unterkunft\/hotels-in-galway\/lough-inagh-lodge-hotel\/#breadcrumb\",\"itemListElement\":[{\"@type\":\"ListItem\",\"position\":1,\"name\":\"Home\",\"item\":\"https:\/\/irland-reise-tipps.de\/de\/\"},{\"@type\":\"ListItem\",\"position\":2,\"name\":\"Unterkunft\",\"item\":\"https:\/\/irland-reise-tipps.de\/de\/unterkunft\/\"},{\"@type\":\"ListItem\",\"position\":3,\"name\":\"Hotels in Galway\",\"item\":\"https:\/\/irland-reise-tipps.de\/de\/unterkunft\/hotels-in-galway\/\"},{\"@type\":\"ListItem\",\"position\":4,\"name\":\"Lough Inagh Lodge Hotel\"}]},{\"@type\":\"WebSite\",\"@id\":\"https:\/\/irland-reise-tipps.de\/de\/#website\",\"url\":\"https:\/\/irland-reise-tipps.de\/de\/\",\"name\":\"Irland Reise Tipps\",\"description\":\"Gemeinsam die gr\u00fcne Insel entdecken\",\"potentialAction\":[{\"@type\":\"SearchAction\",\"target\":{\"@type\":\"EntryPoint\",\"urlTemplate\":\"https:\/\/irland-reise-tipps.de\/de\/?s={search_term_string}\"},\"query-input\":\"required name=search_term_string\"}],\"inLanguage\":\"de\"}]}<\/script>\n<!-- \/ Yoast SEO plugin. -->","yoast_head_json":{"title":"Lough Inagh Lodge Hotel - Irland Reise Tipps","description":"Gemeinsam die gr\u00fcne Insel Irland entdecken. Wir haben ausgew\u00e4hlte Veranstaltungen, Unterk\u00fcnfte und Touren mit den Highlights Irlands zusammengestellt.","robots":{"index":"index","follow":"follow","max-snippet":"max-snippet:-1","max-image-preview":"max-image-preview:large","max-video-preview":"max-video-preview:-1"},"canonical":"https:\/\/irland-reise-tipps.de\/de\/unterkunft\/hotels-in-galway\/lough-inagh-lodge-hotel\/","og_locale":"de_DE","og_type":"article","og_title":"Lough Inagh Lodge Hotel - Irland Reise Tipps","og_description":"Gemeinsam die gr\u00fcne Insel Irland entdecken. Wir haben ausgew\u00e4hlte Veranstaltungen, Unterk\u00fcnfte und Touren mit den Highlights Irlands zusammengestellt.","og_url":"https:\/\/irland-reise-tipps.de\/de\/unterkunft\/hotels-in-galway\/lough-inagh-lodge-hotel\/","og_site_name":"Irland Reise Tipps","article_modified_time":"2013-11-26T10:26:00+00:00","twitter_misc":{"Gesch\u00e4tzte Lesezeit":"1\u00a0Minute"},"schema":{"@context":"https:\/\/schema.org","@graph":[{"@type":"WebPage","@id":"https:\/\/irland-reise-tipps.de\/de\/unterkunft\/hotels-in-galway\/lough-inagh-lodge-hotel\/","url":"https:\/\/irland-reise-tipps.de\/de\/unterkunft\/hotels-in-galway\/lough-inagh-lodge-hotel\/","name":"Lough Inagh Lodge Hotel - Irland Reise Tipps","isPartOf":{"@id":"https:\/\/irland-reise-tipps.de\/de\/#website"},"datePublished":"2013-11-26T10:25:41+00:00","dateModified":"2013-11-26T10:26:00+00:00","description":"Gemeinsam die gr\u00fcne Insel Irland entdecken. Wir haben ausgew\u00e4hlte Veranstaltungen, Unterk\u00fcnfte und Touren mit den Highlights Irlands zusammengestellt.","breadcrumb":{"@id":"https:\/\/irland-reise-tipps.de\/de\/unterkunft\/hotels-in-galway\/lough-inagh-lodge-hotel\/#breadcrumb"},"inLanguage":"de","potentialAction":[{"@type":"ReadAction","target":["https:\/\/irland-reise-tipps.de\/de\/unterkunft\/hotels-in-galway\/lough-inagh-lodge-hotel\/"]}]},{"@type":"BreadcrumbList","@id":"https:\/\/irland-reise-tipps.de\/de\/unterkunft\/hotels-in-galway\/lough-inagh-lodge-hotel\/#breadcrumb","itemListElement":[{"@type":"ListItem","position":1,"name":"Home","item":"https:\/\/irland-reise-tipps.de\/de\/"},{"@type":"ListItem","position":2,"name":"Unterkunft","item":"https:\/\/irland-reise-tipps.de\/de\/unterkunft\/"},{"@type":"ListItem","position":3,"name":"Hotels in Galway","item":"https:\/\/irland-reise-tipps.de\/de\/unterkunft\/hotels-in-galway\/"},{"@type":"ListItem","position":4,"name":"Lough Inagh Lodge Hotel"}]},{"@type":"WebSite","@id":"https:\/\/irland-reise-tipps.de\/de\/#website","url":"https:\/\/irland-reise-tipps.de\/de\/","name":"Irland Reise Tipps","description":"Gemeinsam die gr\u00fcne Insel entdecken","potentialAction":[{"@type":"SearchAction","target":{"@type":"EntryPoint","urlTemplate":"https:\/\/irland-reise-tipps.de\/de\/?s={search_term_string}"},"query-input":"required name=search_term_string"}],"inLanguage":"de"}]}},"_links":{"self":[{"href":"https:\/\/irland-reise-tipps.de\/de\/wp-json\/wp\/v2\/pages\/3111","targetHints":{"allow":["GET"]}}],"collection":[{"href":"https:\/\/irland-reise-tipps.de\/de\/wp-json\/wp\/v2\/pages"}],"about":[{"href":"https:\/\/irland-reise-tipps.de\/de\/wp-json\/wp\/v2\/types\/page"}],"author":[{"embeddable":true,"href":"https:\/\/irland-reise-tipps.de\/de\/wp-json\/wp\/v2\/users\/11"}],"replies":[{"embeddable":true,"href":"https:\/\/irland-reise-tipps.de\/de\/wp-json\/wp\/v2\/comments?post=3111"}],"version-history":[{"count":2,"href":"https:\/\/irland-reise-tipps.de\/de\/wp-json\/wp\/v2\/pages\/3111\/revisions"}],"predecessor-version":[{"id":3113,"href":"https:\/\/irland-reise-tipps.de\/de\/wp-json\/wp\/v2\/pages\/3111\/revisions\/3113"}],"up":[{"embeddable":true,"href":"https:\/\/irland-reise-tipps.de\/de\/wp-json\/wp\/v2\/pages\/1218"}],"wp:attachment":[{"href":"https:\/\/irland-reise-tipps.de\/de\/wp-json\/wp\/v2\/media?parent=3111"}],"curies":[{"name":"wp","href":"https:\/\/api.w.org\/{rel}","templated":true}]}}