{"id":3108,"date":"2013-11-26T11:20:24","date_gmt":"2013-11-26T10:20:24","guid":{"rendered":"http:\/\/irland-reise-tipps.de\/de\/?page_id=3108"},"modified":"2013-11-28T10:18:38","modified_gmt":"2013-11-28T09:18:38","slug":"lough-rynn-castle","status":"publish","type":"page","link":"https:\/\/irland-reise-tipps.de\/de\/unterkunft\/hotels-in-leitrim\/lough-rynn-castle\/","title":{"rendered":"Lough Rynn Castle"},"content":{"rendered":"<h4 style=\"text-align: right;\">\n<a href=\"https:\/\/irland-reise-tipps.de\/de\/wp-content\/gallery\/loch-rynn-castle\/loughrynnext1_1295349560.jpg\" title=\"\" rel=\"lightbox[singlepic1309]\" >\n\t<img decoding=\"async\" class=\"ngg-singlepic ngg-right\" src=\"https:\/\/irland-reise-tipps.de\/de\/wp-content\/gallery\/cache\/1309__150x150_loughrynnext1_1295349560.jpg\" alt=\"loughrynnext1_1295349560\" title=\"loughrynnext1_1295349560\" \/>\n<\/a>\n<\/h4>\n<h4>Kontakt Details<\/h4>\n<p>Lough Rynn Castle<br \/>\nMohill<\/p>\n<p><strong>Telephone:<\/strong> +353 1 2958900<br \/>\n<strong>Email:<\/strong> <span class=\"fs\"><a href=\"mailto:loughrynn@manorhousehotels.com\">loughrynn@manorhousehotels.com<\/a><\/span><br \/>\n<strong>Homepage: <\/strong><a href=\" http:\/\/manorhousehotels.com\/de\/hotels\/lough-rynn-castle\/\" target=\"_blank\" rel=\"nofollow\">http:\/\/manorhousehotels.com\/de\/hotels\/lough-rynn-castle\/<\/a><\/p>\n\n<div class=\"ngg-galleryoverview\" id=\"ngg-gallery-113-3108\">\n\n\n\t\n\t<!-- Thumbnails -->\n\t\t\n\t<div id=\"ngg-image-1306\" class=\"ngg-gallery-thumbnail-box\"  >\n\t\t<div class=\"ngg-gallery-thumbnail\" >\n\t\t\t<a href=\"https:\/\/irland-reise-tipps.de\/de\/wp-content\/gallery\/loch-rynn-castle\/bridalsuiteclementssuite2011resized_1329220114.jpg\" title=\" \" rel=\"lightbox[set_113]\" >\n\t\t\t\t\t\t\t\t<img loading=\"lazy\" decoding=\"async\" title=\"bridalsuiteclementssuite2011resized_1329220114\" alt=\"bridalsuiteclementssuite2011resized_1329220114\" src=\"https:\/\/irland-reise-tipps.de\/de\/wp-content\/gallery\/loch-rynn-castle\/thumbs\/thumbs_bridalsuiteclementssuite2011resized_1329220114.jpg\" width=\"100\" height=\"75\" \/>\n\t\t\t\t\t\t\t<\/a>\n\t\t<\/div>\n\t<\/div>\n\t\n\t\t\n \t\t\n\t<div id=\"ngg-image-1307\" class=\"ngg-gallery-thumbnail-box\"  >\n\t\t<div class=\"ngg-gallery-thumbnail\" >\n\t\t\t<a href=\"https:\/\/irland-reise-tipps.de\/de\/wp-content\/gallery\/loch-rynn-castle\/frenchstablesbedroom2011_1329220330.jpg\" title=\" \" rel=\"lightbox[set_113]\" >\n\t\t\t\t\t\t\t\t<img loading=\"lazy\" decoding=\"async\" title=\"frenchstablesbedroom2011_1329220330\" alt=\"frenchstablesbedroom2011_1329220330\" src=\"https:\/\/irland-reise-tipps.de\/de\/wp-content\/gallery\/loch-rynn-castle\/thumbs\/thumbs_frenchstablesbedroom2011_1329220330.jpg\" width=\"100\" height=\"75\" \/>\n\t\t\t\t\t\t\t<\/a>\n\t\t<\/div>\n\t<\/div>\n\t\n\t\t\n \t\t\n\t<div id=\"ngg-image-1308\" class=\"ngg-gallery-thumbnail-box\"  >\n\t\t<div class=\"ngg-gallery-thumbnail\" >\n\t\t\t<a href=\"https:\/\/irland-reise-tipps.de\/de\/wp-content\/gallery\/loch-rynn-castle\/loughrynnbed1_1295349542.jpg\" title=\" \" rel=\"lightbox[set_113]\" >\n\t\t\t\t\t\t\t\t<img loading=\"lazy\" decoding=\"async\" title=\"loughrynnbed1_1295349542\" alt=\"loughrynnbed1_1295349542\" src=\"https:\/\/irland-reise-tipps.de\/de\/wp-content\/gallery\/loch-rynn-castle\/thumbs\/thumbs_loughrynnbed1_1295349542.jpg\" width=\"100\" height=\"75\" \/>\n\t\t\t\t\t\t\t<\/a>\n\t\t<\/div>\n\t<\/div>\n\t\n\t\t\n \t\t\n\t<div id=\"ngg-image-1309\" class=\"ngg-gallery-thumbnail-box\"  >\n\t\t<div class=\"ngg-gallery-thumbnail\" >\n\t\t\t<a href=\"https:\/\/irland-reise-tipps.de\/de\/wp-content\/gallery\/loch-rynn-castle\/loughrynnext1_1295349560.jpg\" title=\" \" rel=\"lightbox[set_113]\" >\n\t\t\t\t\t\t\t\t<img loading=\"lazy\" decoding=\"async\" title=\"loughrynnext1_1295349560\" alt=\"loughrynnext1_1295349560\" src=\"https:\/\/irland-reise-tipps.de\/de\/wp-content\/gallery\/loch-rynn-castle\/thumbs\/thumbs_loughrynnext1_1295349560.jpg\" width=\"100\" height=\"75\" \/>\n\t\t\t\t\t\t\t<\/a>\n\t\t<\/div>\n\t<\/div>\n\t\n\t\t\n \t\t\n\t<div id=\"ngg-image-1310\" class=\"ngg-gallery-thumbnail-box\"  >\n\t\t<div class=\"ngg-gallery-thumbnail\" >\n\t\t\t<a href=\"https:\/\/irland-reise-tipps.de\/de\/wp-content\/gallery\/loch-rynn-castle\/loughrynnext2_1295230905.jpg\" title=\" \" rel=\"lightbox[set_113]\" >\n\t\t\t\t\t\t\t\t<img loading=\"lazy\" decoding=\"async\" title=\"loughrynnext2_1295230905\" alt=\"loughrynnext2_1295230905\" src=\"https:\/\/irland-reise-tipps.de\/de\/wp-content\/gallery\/loch-rynn-castle\/thumbs\/thumbs_loughrynnext2_1295230905.jpg\" width=\"100\" height=\"75\" \/>\n\t\t\t\t\t\t\t<\/a>\n\t\t<\/div>\n\t<\/div>\n\t\n\t\t\n \t\t\n\t<div id=\"ngg-image-1311\" class=\"ngg-gallery-thumbnail-box\"  >\n\t\t<div class=\"ngg-gallery-thumbnail\" >\n\t\t\t<a href=\"https:\/\/irland-reise-tipps.de\/de\/wp-content\/gallery\/loch-rynn-castle\/loughrynnint1_1295349589.jpg\" title=\" \" rel=\"lightbox[set_113]\" >\n\t\t\t\t\t\t\t\t<img loading=\"lazy\" decoding=\"async\" title=\"loughrynnint1_1295349589\" alt=\"loughrynnint1_1295349589\" src=\"https:\/\/irland-reise-tipps.de\/de\/wp-content\/gallery\/loch-rynn-castle\/thumbs\/thumbs_loughrynnint1_1295349589.jpg\" width=\"100\" height=\"75\" \/>\n\t\t\t\t\t\t\t<\/a>\n\t\t<\/div>\n\t<\/div>\n\t\n\t\t\n \t\t\n\t<div id=\"ngg-image-1312\" class=\"ngg-gallery-thumbnail-box\"  >\n\t\t<div class=\"ngg-gallery-thumbnail\" >\n\t\t\t<a href=\"https:\/\/irland-reise-tipps.de\/de\/wp-content\/gallery\/loch-rynn-castle\/loughrynnint3_1295349609.jpg\" title=\" \" rel=\"lightbox[set_113]\" >\n\t\t\t\t\t\t\t\t<img loading=\"lazy\" decoding=\"async\" title=\"loughrynnint3_1295349609\" alt=\"loughrynnint3_1295349609\" src=\"https:\/\/irland-reise-tipps.de\/de\/wp-content\/gallery\/loch-rynn-castle\/thumbs\/thumbs_loughrynnint3_1295349609.jpg\" width=\"100\" height=\"75\" \/>\n\t\t\t\t\t\t\t<\/a>\n\t\t<\/div>\n\t<\/div>\n\t\n\t\t\n \t\t\n\t<div id=\"ngg-image-1313\" class=\"ngg-gallery-thumbnail-box\"  >\n\t\t<div class=\"ngg-gallery-thumbnail\" >\n\t\t\t<a href=\"https:\/\/irland-reise-tipps.de\/de\/wp-content\/gallery\/loch-rynn-castle\/loughrynnint4_1295349626.jpg\" title=\" \" rel=\"lightbox[set_113]\" >\n\t\t\t\t\t\t\t\t<img loading=\"lazy\" decoding=\"async\" title=\"loughrynnint4_1295349626\" alt=\"loughrynnint4_1295349626\" src=\"https:\/\/irland-reise-tipps.de\/de\/wp-content\/gallery\/loch-rynn-castle\/thumbs\/thumbs_loughrynnint4_1295349626.jpg\" width=\"100\" height=\"75\" \/>\n\t\t\t\t\t\t\t<\/a>\n\t\t<\/div>\n\t<\/div>\n\t\n\t\t\n \t\t\n\t<div id=\"ngg-image-1314\" class=\"ngg-gallery-thumbnail-box\"  >\n\t\t<div class=\"ngg-gallery-thumbnail\" >\n\t\t\t<a href=\"https:\/\/irland-reise-tipps.de\/de\/wp-content\/gallery\/loch-rynn-castle\/loughrynnint5_1295349643.jpg\" title=\" \" rel=\"lightbox[set_113]\" >\n\t\t\t\t\t\t\t\t<img loading=\"lazy\" decoding=\"async\" title=\"loughrynnint5_1295349643\" alt=\"loughrynnint5_1295349643\" src=\"https:\/\/irland-reise-tipps.de\/de\/wp-content\/gallery\/loch-rynn-castle\/thumbs\/thumbs_loughrynnint5_1295349643.jpg\" width=\"100\" height=\"75\" \/>\n\t\t\t\t\t\t\t<\/a>\n\t\t<\/div>\n\t<\/div>\n\t\n\t\t\n \t\t\n\t<div id=\"ngg-image-1315\" class=\"ngg-gallery-thumbnail-box\"  >\n\t\t<div class=\"ngg-gallery-thumbnail\" >\n\t\t\t<a href=\"https:\/\/irland-reise-tipps.de\/de\/wp-content\/gallery\/loch-rynn-castle\/walledgardensaerial2sm_1369391257.jpg\" title=\" \" rel=\"lightbox[set_113]\" >\n\t\t\t\t\t\t\t\t<img loading=\"lazy\" decoding=\"async\" title=\"walledgardensaerial2sm_1369391257\" alt=\"walledgardensaerial2sm_1369391257\" src=\"https:\/\/irland-reise-tipps.de\/de\/wp-content\/gallery\/loch-rynn-castle\/thumbs\/thumbs_walledgardensaerial2sm_1369391257.jpg\" width=\"100\" height=\"75\" \/>\n\t\t\t\t\t\t\t<\/a>\n\t\t<\/div>\n\t<\/div>\n\t\n\t\t\n \t \t\n\t<!-- Pagination -->\n \t<div class=\"ngg-clear\"><\/div> \t\n<\/div>\n\n\n<h4 style=\"text-align: left;\">Beschreibung<\/h4>\n<p><strong>Herzlich Willkommen im Lough Rynn Castle!<\/strong><\/p>\n<p>Lough Rynn Castle: Ein luxuri\u00f6ses Schlosshotel in atemberaubender Landschaft<\/p>\n<p>Lough Rynn Castle ist eins der luxuri\u00f6sesten Schlosshotels in Irland. Dieses historische irische Schloss liegt am Ufer von Lough Rynn in der Grafschaft Leitrim und ist von mehr als 140\u00a0ha an natursch\u00f6ner Landschaft, \u00fcppigen gr\u00fcnen Wiesen, uralten W\u00e4ldern und historisch interessanten Sehensw\u00fcrdigkeiten umgeben.<\/p>\n<p>Auf den wundersch\u00f6nen Pfaden durch den herrlichen, ummauerten viktorianischen Garten k\u00f6nnen Sie den Luxus und die Pracht vergangener Zeiten genie\u00dfen, die noch immer im Lough Rynn Castle bewahrt werden.<\/p>\n<h4>G\u00e4ste lieben am Lough Rynn Castle Hotel:<\/h4>\n<ul>\n<li>Das preisgekr\u00f6nte Sandstone Restaurant, das von der Automobile Association mit einer AA-Rosette ausgezeichnet wurde<\/li>\n<li>Die perfekt gepflegten Anlagen und den ummauerten viktorianischen Garten<\/li>\n<li>Das gem\u00fctliche Pianozimmer mit wundersch\u00f6nem Blick \u00fcber den gepflegten Rasen und den See<\/li>\n<li>Die John McGahern-Bibliothek mit einer gro\u00dfen Vielfalt an irischen Romanen und Biografien, in denen G\u00e4ste schm\u00f6kern k\u00f6nnen<\/li>\n<\/ul>\n<p>Ihre Manor House Hotels Geschenkkarte kann im Lough Rynn Castle eingel\u00f6st werden<\/p>\n<p>Wir freuen uns auf Ihren Besuch!<\/p>\n<h4>Lage des Hotels und Sehensw\u00fcrdigkeiten in der N\u00e4he<\/h4>\n<p>[google-map-v3 width=&#8220;600&#8243; height=&#8220;400&#8243; zoom=&#8220;12&#8243; maptype=&#8220;roadmap&#8220; mapalign=&#8220;center&#8220; directionhint=&#8220;false&#8220; language=&#8220;default&#8220; poweredby=&#8220;false&#8220; maptypecontrol=&#8220;true&#8220; pancontrol=&#8220;true&#8220; zoomcontrol=&#8220;true&#8220; scalecontrol=&#8220;true&#8220; streetviewcontrol=&#8220;true&#8220; scrollwheelcontrol=&#8220;false&#8220; draggable=&#8220;true&#8220; tiltfourtyfive=&#8220;false&#8220; addmarkermashupbubble=&#8220;false&#8220; addmarkermashupbubble=&#8220;false&#8220; addmarkerlist=&#8220;53.89374,-7.846937{}lodging_0star.png{}Lough Rynn Castle&#8220; bubbleautopan=&#8220;true&#8220; showbike=&#8220;false&#8220; showtraffic=&#8220;false&#8220; showpanoramio=&#8220;false&#8220;]<\/p>\n","protected":false},"excerpt":{"rendered":"<p>Kontakt Details Lough Rynn Castle Mohill Telephone: +353 1 2958900 Email: loughrynn@manorhousehotels.com Homepage: http:\/\/manorhousehotels.com\/de\/hotels\/lough-rynn-castle\/ Beschreibung Herzlich Willkommen im Lough Rynn Castle! Lough Rynn Castle: Ein luxuri\u00f6ses Schlosshotel in atemberaubender Landschaft Lough Rynn Castle ist eins der luxuri\u00f6sesten Schlosshotels in Irland.<span class=\"ellipsis\">&hellip;<\/span><\/p>\n<div class=\"read-more\"><a href=\"https:\/\/irland-reise-tipps.de\/de\/unterkunft\/hotels-in-leitrim\/lough-rynn-castle\/\">Weiterlesen &#8250;<\/a><\/div>\n<p><!-- end of .read-more --><\/p>\n","protected":false},"author":11,"featured_media":0,"parent":3061,"menu_order":0,"comment_status":"closed","ping_status":"closed","template":"","meta":{"footnotes":""},"class_list":["post-3108","page","type-page","status-publish","hentry"],"yoast_head":"<!-- This site is optimized with the Yoast SEO plugin v21.2 - https:\/\/yoast.com\/wordpress\/plugins\/seo\/ -->\n<title>Lough Rynn Castle - Irland Reise Tipps<\/title>\n<meta name=\"description\" content=\"Gemeinsam die gr\u00fcne Insel Irland entdecken. Wir haben ausgew\u00e4hlte Veranstaltungen, Unterk\u00fcnfte und Touren mit den Highlights Irlands zusammengestellt.\" \/>\n<meta name=\"robots\" content=\"index, follow, max-snippet:-1, max-image-preview:large, max-video-preview:-1\" \/>\n<link rel=\"canonical\" href=\"https:\/\/irland-reise-tipps.de\/de\/unterkunft\/hotels-in-leitrim\/lough-rynn-castle\/\" \/>\n<meta property=\"og:locale\" content=\"de_DE\" \/>\n<meta property=\"og:type\" content=\"article\" \/>\n<meta property=\"og:title\" content=\"Lough Rynn Castle - Irland Reise Tipps\" \/>\n<meta property=\"og:description\" content=\"Gemeinsam die gr\u00fcne Insel Irland entdecken. Wir haben ausgew\u00e4hlte Veranstaltungen, Unterk\u00fcnfte und Touren mit den Highlights Irlands zusammengestellt.\" \/>\n<meta property=\"og:url\" content=\"https:\/\/irland-reise-tipps.de\/de\/unterkunft\/hotels-in-leitrim\/lough-rynn-castle\/\" \/>\n<meta property=\"og:site_name\" content=\"Irland Reise Tipps\" \/>\n<meta property=\"article:modified_time\" content=\"2013-11-28T09:18:38+00:00\" \/>\n<meta name=\"twitter:label1\" content=\"Gesch\u00e4tzte Lesezeit\" \/>\n\t<meta name=\"twitter:data1\" content=\"1\u00a0Minute\" \/>\n<script type=\"application\/ld+json\" class=\"yoast-schema-graph\">{\"@context\":\"https:\/\/schema.org\",\"@graph\":[{\"@type\":\"WebPage\",\"@id\":\"https:\/\/irland-reise-tipps.de\/de\/unterkunft\/hotels-in-leitrim\/lough-rynn-castle\/\",\"url\":\"https:\/\/irland-reise-tipps.de\/de\/unterkunft\/hotels-in-leitrim\/lough-rynn-castle\/\",\"name\":\"Lough Rynn Castle - Irland Reise Tipps\",\"isPartOf\":{\"@id\":\"https:\/\/irland-reise-tipps.de\/de\/#website\"},\"datePublished\":\"2013-11-26T10:20:24+00:00\",\"dateModified\":\"2013-11-28T09:18:38+00:00\",\"description\":\"Gemeinsam die gr\u00fcne Insel Irland entdecken. Wir haben ausgew\u00e4hlte Veranstaltungen, Unterk\u00fcnfte und Touren mit den Highlights Irlands zusammengestellt.\",\"breadcrumb\":{\"@id\":\"https:\/\/irland-reise-tipps.de\/de\/unterkunft\/hotels-in-leitrim\/lough-rynn-castle\/#breadcrumb\"},\"inLanguage\":\"de\",\"potentialAction\":[{\"@type\":\"ReadAction\",\"target\":[\"https:\/\/irland-reise-tipps.de\/de\/unterkunft\/hotels-in-leitrim\/lough-rynn-castle\/\"]}]},{\"@type\":\"BreadcrumbList\",\"@id\":\"https:\/\/irland-reise-tipps.de\/de\/unterkunft\/hotels-in-leitrim\/lough-rynn-castle\/#breadcrumb\",\"itemListElement\":[{\"@type\":\"ListItem\",\"position\":1,\"name\":\"Home\",\"item\":\"https:\/\/irland-reise-tipps.de\/de\/\"},{\"@type\":\"ListItem\",\"position\":2,\"name\":\"Unterkunft\",\"item\":\"https:\/\/irland-reise-tipps.de\/de\/unterkunft\/\"},{\"@type\":\"ListItem\",\"position\":3,\"name\":\"Hotels in Leitrim\",\"item\":\"https:\/\/irland-reise-tipps.de\/de\/unterkunft\/hotels-in-leitrim\/\"},{\"@type\":\"ListItem\",\"position\":4,\"name\":\"Lough Rynn Castle\"}]},{\"@type\":\"WebSite\",\"@id\":\"https:\/\/irland-reise-tipps.de\/de\/#website\",\"url\":\"https:\/\/irland-reise-tipps.de\/de\/\",\"name\":\"Irland Reise Tipps\",\"description\":\"Gemeinsam die gr\u00fcne Insel entdecken\",\"potentialAction\":[{\"@type\":\"SearchAction\",\"target\":{\"@type\":\"EntryPoint\",\"urlTemplate\":\"https:\/\/irland-reise-tipps.de\/de\/?s={search_term_string}\"},\"query-input\":\"required name=search_term_string\"}],\"inLanguage\":\"de\"}]}<\/script>\n<!-- \/ Yoast SEO plugin. -->","yoast_head_json":{"title":"Lough Rynn Castle - Irland Reise Tipps","description":"Gemeinsam die gr\u00fcne Insel Irland entdecken. Wir haben ausgew\u00e4hlte Veranstaltungen, Unterk\u00fcnfte und Touren mit den Highlights Irlands zusammengestellt.","robots":{"index":"index","follow":"follow","max-snippet":"max-snippet:-1","max-image-preview":"max-image-preview:large","max-video-preview":"max-video-preview:-1"},"canonical":"https:\/\/irland-reise-tipps.de\/de\/unterkunft\/hotels-in-leitrim\/lough-rynn-castle\/","og_locale":"de_DE","og_type":"article","og_title":"Lough Rynn Castle - Irland Reise Tipps","og_description":"Gemeinsam die gr\u00fcne Insel Irland entdecken. Wir haben ausgew\u00e4hlte Veranstaltungen, Unterk\u00fcnfte und Touren mit den Highlights Irlands zusammengestellt.","og_url":"https:\/\/irland-reise-tipps.de\/de\/unterkunft\/hotels-in-leitrim\/lough-rynn-castle\/","og_site_name":"Irland Reise Tipps","article_modified_time":"2013-11-28T09:18:38+00:00","twitter_misc":{"Gesch\u00e4tzte Lesezeit":"1\u00a0Minute"},"schema":{"@context":"https:\/\/schema.org","@graph":[{"@type":"WebPage","@id":"https:\/\/irland-reise-tipps.de\/de\/unterkunft\/hotels-in-leitrim\/lough-rynn-castle\/","url":"https:\/\/irland-reise-tipps.de\/de\/unterkunft\/hotels-in-leitrim\/lough-rynn-castle\/","name":"Lough Rynn Castle - Irland Reise Tipps","isPartOf":{"@id":"https:\/\/irland-reise-tipps.de\/de\/#website"},"datePublished":"2013-11-26T10:20:24+00:00","dateModified":"2013-11-28T09:18:38+00:00","description":"Gemeinsam die gr\u00fcne Insel Irland entdecken. Wir haben ausgew\u00e4hlte Veranstaltungen, Unterk\u00fcnfte und Touren mit den Highlights Irlands zusammengestellt.","breadcrumb":{"@id":"https:\/\/irland-reise-tipps.de\/de\/unterkunft\/hotels-in-leitrim\/lough-rynn-castle\/#breadcrumb"},"inLanguage":"de","potentialAction":[{"@type":"ReadAction","target":["https:\/\/irland-reise-tipps.de\/de\/unterkunft\/hotels-in-leitrim\/lough-rynn-castle\/"]}]},{"@type":"BreadcrumbList","@id":"https:\/\/irland-reise-tipps.de\/de\/unterkunft\/hotels-in-leitrim\/lough-rynn-castle\/#breadcrumb","itemListElement":[{"@type":"ListItem","position":1,"name":"Home","item":"https:\/\/irland-reise-tipps.de\/de\/"},{"@type":"ListItem","position":2,"name":"Unterkunft","item":"https:\/\/irland-reise-tipps.de\/de\/unterkunft\/"},{"@type":"ListItem","position":3,"name":"Hotels in Leitrim","item":"https:\/\/irland-reise-tipps.de\/de\/unterkunft\/hotels-in-leitrim\/"},{"@type":"ListItem","position":4,"name":"Lough Rynn Castle"}]},{"@type":"WebSite","@id":"https:\/\/irland-reise-tipps.de\/de\/#website","url":"https:\/\/irland-reise-tipps.de\/de\/","name":"Irland Reise Tipps","description":"Gemeinsam die gr\u00fcne Insel entdecken","potentialAction":[{"@type":"SearchAction","target":{"@type":"EntryPoint","urlTemplate":"https:\/\/irland-reise-tipps.de\/de\/?s={search_term_string}"},"query-input":"required name=search_term_string"}],"inLanguage":"de"}]}},"_links":{"self":[{"href":"https:\/\/irland-reise-tipps.de\/de\/wp-json\/wp\/v2\/pages\/3108","targetHints":{"allow":["GET"]}}],"collection":[{"href":"https:\/\/irland-reise-tipps.de\/de\/wp-json\/wp\/v2\/pages"}],"about":[{"href":"https:\/\/irland-reise-tipps.de\/de\/wp-json\/wp\/v2\/types\/page"}],"author":[{"embeddable":true,"href":"https:\/\/irland-reise-tipps.de\/de\/wp-json\/wp\/v2\/users\/11"}],"replies":[{"embeddable":true,"href":"https:\/\/irland-reise-tipps.de\/de\/wp-json\/wp\/v2\/comments?post=3108"}],"version-history":[{"count":3,"href":"https:\/\/irland-reise-tipps.de\/de\/wp-json\/wp\/v2\/pages\/3108\/revisions"}],"predecessor-version":[{"id":3236,"href":"https:\/\/irland-reise-tipps.de\/de\/wp-json\/wp\/v2\/pages\/3108\/revisions\/3236"}],"up":[{"embeddable":true,"href":"https:\/\/irland-reise-tipps.de\/de\/wp-json\/wp\/v2\/pages\/3061"}],"wp:attachment":[{"href":"https:\/\/irland-reise-tipps.de\/de\/wp-json\/wp\/v2\/media?parent=3108"}],"curies":[{"name":"wp","href":"https:\/\/api.w.org\/{rel}","templated":true}]}}