{"id":3105,"date":"2013-11-26T11:16:14","date_gmt":"2013-11-26T10:16:14","guid":{"rendered":"http:\/\/irland-reise-tipps.de\/de\/?page_id=3105"},"modified":"2013-11-26T11:16:35","modified_gmt":"2013-11-26T10:16:35","slug":"makree-castle","status":"publish","type":"page","link":"https:\/\/irland-reise-tipps.de\/de\/unterkunft\/hotels-in-sligo\/makree-castle\/","title":{"rendered":"Makree Castle"},"content":{"rendered":"<h4 style=\"text-align: right;\">\n<a href=\"https:\/\/irland-reise-tipps.de\/de\/wp-content\/gallery\/markree-castle\/markreeext1_1295230929.jpg\" title=\"\" rel=\"lightbox[singlepic1333]\" >\n\t<img decoding=\"async\" class=\"ngg-singlepic ngg-right\" src=\"https:\/\/irland-reise-tipps.de\/de\/wp-content\/gallery\/cache\/1333__150x150_markreeext1_1295230929.jpg\" alt=\"markreeext1_1295230929\" title=\"markreeext1_1295230929\" \/>\n<\/a>\n<\/h4>\n<h4>Kontakt Details<\/h4>\n<p>Markree Castle<br \/>\nCollooney<\/p>\n<p><strong>Telephone:<\/strong> +353 1 2958900<br \/>\n<strong>Email:<\/strong> <span class=\"fs\"><a href=\"mailto:markree@manorhousehotels.com\">markree@manorhousehotels.com<\/a><\/span><br \/>\n<strong>Homepage: <\/strong><a href=\"http:\/\/manorhousehotels.com\/de\/hotels\/markree-castle\/\" target=\"_blank\" rel=\"nofollow\">http:\/\/manorhousehotels.com\/de\/hotels\/markree-castle\/<\/a><\/p>\n\n<div class=\"ngg-galleryoverview\" id=\"ngg-gallery-115-3105\">\n\n\n\t\n\t<!-- Thumbnails -->\n\t\t\n\t<div id=\"ngg-image-1326\" class=\"ngg-gallery-thumbnail-box\"  >\n\t\t<div class=\"ngg-gallery-thumbnail\" >\n\t\t\t<a href=\"https:\/\/irland-reise-tipps.de\/de\/wp-content\/gallery\/markree-castle\/165889a_1311606964.jpg\" title=\" \" rel=\"lightbox[set_115]\" >\n\t\t\t\t\t\t\t\t<img loading=\"lazy\" decoding=\"async\" title=\"165889a_1311606964\" alt=\"165889a_1311606964\" src=\"https:\/\/irland-reise-tipps.de\/de\/wp-content\/gallery\/markree-castle\/thumbs\/thumbs_165889a_1311606964.jpg\" width=\"100\" height=\"75\" \/>\n\t\t\t\t\t\t\t<\/a>\n\t\t<\/div>\n\t<\/div>\n\t\n\t\t\n \t\t\n\t<div id=\"ngg-image-1327\" class=\"ngg-gallery-thumbnail-box\"  >\n\t\t<div class=\"ngg-gallery-thumbnail\" >\n\t\t\t<a href=\"https:\/\/irland-reise-tipps.de\/de\/wp-content\/gallery\/markree-castle\/17e8ee4_1311607217.jpg\" title=\" \" rel=\"lightbox[set_115]\" >\n\t\t\t\t\t\t\t\t<img loading=\"lazy\" decoding=\"async\" title=\"17e8ee4_1311607217\" alt=\"17e8ee4_1311607217\" src=\"https:\/\/irland-reise-tipps.de\/de\/wp-content\/gallery\/markree-castle\/thumbs\/thumbs_17e8ee4_1311607217.jpg\" width=\"100\" height=\"75\" \/>\n\t\t\t\t\t\t\t<\/a>\n\t\t<\/div>\n\t<\/div>\n\t\n\t\t\n \t\t\n\t<div id=\"ngg-image-1328\" class=\"ngg-gallery-thumbnail-box\"  >\n\t\t<div class=\"ngg-gallery-thumbnail\" >\n\t\t\t<a href=\"https:\/\/irland-reise-tipps.de\/de\/wp-content\/gallery\/markree-castle\/52556df_1311606506.jpg\" title=\" \" rel=\"lightbox[set_115]\" >\n\t\t\t\t\t\t\t\t<img loading=\"lazy\" decoding=\"async\" title=\"52556df_1311606506\" alt=\"52556df_1311606506\" src=\"https:\/\/irland-reise-tipps.de\/de\/wp-content\/gallery\/markree-castle\/thumbs\/thumbs_52556df_1311606506.jpg\" width=\"100\" height=\"75\" \/>\n\t\t\t\t\t\t\t<\/a>\n\t\t<\/div>\n\t<\/div>\n\t\n\t\t\n \t\t\n\t<div id=\"ngg-image-1329\" class=\"ngg-gallery-thumbnail-box\"  >\n\t\t<div class=\"ngg-gallery-thumbnail\" >\n\t\t\t<a href=\"https:\/\/irland-reise-tipps.de\/de\/wp-content\/gallery\/markree-castle\/5bcdd58_1311607527.jpg\" title=\" \" rel=\"lightbox[set_115]\" >\n\t\t\t\t\t\t\t\t<img loading=\"lazy\" decoding=\"async\" title=\"5bcdd58_1311607527\" alt=\"5bcdd58_1311607527\" src=\"https:\/\/irland-reise-tipps.de\/de\/wp-content\/gallery\/markree-castle\/thumbs\/thumbs_5bcdd58_1311607527.jpg\" width=\"100\" height=\"75\" \/>\n\t\t\t\t\t\t\t<\/a>\n\t\t<\/div>\n\t<\/div>\n\t\n\t\t\n \t\t\n\t<div id=\"ngg-image-1330\" class=\"ngg-gallery-thumbnail-box\"  >\n\t\t<div class=\"ngg-gallery-thumbnail\" >\n\t\t\t<a href=\"https:\/\/irland-reise-tipps.de\/de\/wp-content\/gallery\/markree-castle\/7ffe192_1311607304.jpg\" title=\" \" rel=\"lightbox[set_115]\" >\n\t\t\t\t\t\t\t\t<img loading=\"lazy\" decoding=\"async\" title=\"7ffe192_1311607304\" alt=\"7ffe192_1311607304\" src=\"https:\/\/irland-reise-tipps.de\/de\/wp-content\/gallery\/markree-castle\/thumbs\/thumbs_7ffe192_1311607304.jpg\" width=\"100\" height=\"75\" \/>\n\t\t\t\t\t\t\t<\/a>\n\t\t<\/div>\n\t<\/div>\n\t\n\t\t\n \t\t\n\t<div id=\"ngg-image-1331\" class=\"ngg-gallery-thumbnail-box\"  >\n\t\t<div class=\"ngg-gallery-thumbnail\" >\n\t\t\t<a href=\"https:\/\/irland-reise-tipps.de\/de\/wp-content\/gallery\/markree-castle\/8daab82web_1311606904.jpg\" title=\" \" rel=\"lightbox[set_115]\" >\n\t\t\t\t\t\t\t\t<img loading=\"lazy\" decoding=\"async\" title=\"8daab82web_1311606904\" alt=\"8daab82web_1311606904\" src=\"https:\/\/irland-reise-tipps.de\/de\/wp-content\/gallery\/markree-castle\/thumbs\/thumbs_8daab82web_1311606904.jpg\" width=\"100\" height=\"75\" \/>\n\t\t\t\t\t\t\t<\/a>\n\t\t<\/div>\n\t<\/div>\n\t\n\t\t\n \t\t\n\t<div id=\"ngg-image-1332\" class=\"ngg-gallery-thumbnail-box\"  >\n\t\t<div class=\"ngg-gallery-thumbnail\" >\n\t\t\t<a href=\"https:\/\/irland-reise-tipps.de\/de\/wp-content\/gallery\/markree-castle\/markreecastleenteranceweb_1311606802.jpg\" title=\" \" rel=\"lightbox[set_115]\" >\n\t\t\t\t\t\t\t\t<img loading=\"lazy\" decoding=\"async\" title=\"markreecastleenteranceweb_1311606802\" alt=\"markreecastleenteranceweb_1311606802\" src=\"https:\/\/irland-reise-tipps.de\/de\/wp-content\/gallery\/markree-castle\/thumbs\/thumbs_markreecastleenteranceweb_1311606802.jpg\" width=\"100\" height=\"75\" \/>\n\t\t\t\t\t\t\t<\/a>\n\t\t<\/div>\n\t<\/div>\n\t\n\t\t\n \t\t\n\t<div id=\"ngg-image-1333\" class=\"ngg-gallery-thumbnail-box\"  >\n\t\t<div class=\"ngg-gallery-thumbnail\" >\n\t\t\t<a href=\"https:\/\/irland-reise-tipps.de\/de\/wp-content\/gallery\/markree-castle\/markreeext1_1295230929.jpg\" title=\" \" rel=\"lightbox[set_115]\" >\n\t\t\t\t\t\t\t\t<img loading=\"lazy\" decoding=\"async\" title=\"markreeext1_1295230929\" alt=\"markreeext1_1295230929\" src=\"https:\/\/irland-reise-tipps.de\/de\/wp-content\/gallery\/markree-castle\/thumbs\/thumbs_markreeext1_1295230929.jpg\" width=\"100\" height=\"75\" \/>\n\t\t\t\t\t\t\t<\/a>\n\t\t<\/div>\n\t<\/div>\n\t\n\t\t\n \t \t\n\t<!-- Pagination -->\n \t<div class=\"ngg-clear\"><\/div> \t\n<\/div>\n\n\n<h4 style=\"text-align: left;\">Beschreibung<\/h4>\n<p><strong>Herzlich Willkommen im Markree Castle!<\/strong><\/p>\n<p>Ein authentisches irisches und geschichtstr\u00e4chtiges Schlosshotel in der Grafschaft Sligo<\/p>\n<p>Markree Castle ist die perfekte Basis, um den Nordwesten Irlands zu erkunden. Dieses bezaubernde, historische Schloss liegt inmitten der wundersch\u00f6nen Landschaft Sligos, die die Inspiration f\u00fcr viele Werke des ber\u00fchmten Dichters W. B. Yeats war.<\/p>\n<p>Markree Castle steht auf einem abgeschiedenen 202\u00a0ha gro\u00dfen Grundst\u00fcck und ist somit perfekt f\u00fcr einen geruhsamen und entspannenden Urlaub im herrlichen Nordwesten Irlands.<\/p>\n<h4>G\u00e4ste lieben an Markree Castle:<\/h4>\n<ul>\n<li>Das authentische, irische, geschichtstr\u00e4chtige Schloss<\/li>\n<li>Die anheimelnde Atmosph\u00e4re f\u00fcr einen vollkommen entspannten Urlaub in Sligo<\/li>\n<li>Den exquisiten, romantischen Speisesaal im Stil Ludwig XIV<\/li>\n<li>Die wundersch\u00f6ne Aussicht von den Schlafzimmern in Markree Castle<\/li>\n<li>Die Aktivit\u00e4ten vor Ort, einschlie\u00dflich Reiten, Tontauben- und Bogenschie\u00dfen<\/li>\n<\/ul>\n<p>Ihre Manor House Hotels Geschenkkarte kann in Markree Castle eingel\u00f6st werden<\/p>\n<p>Wir freuen uns auf Ihren Besuch!<\/p>\n<h4>Lage des Hotels und Sehensw\u00fcrdigkeiten in der N\u00e4he<\/h4>\n<p>[google-map-v3 width=&#8220;600&#8243; height=&#8220;400&#8243; zoom=&#8220;12&#8243; maptype=&#8220;roadmap&#8220; mapalign=&#8220;center&#8220; directionhint=&#8220;false&#8220; language=&#8220;default&#8220; poweredby=&#8220;false&#8220; maptypecontrol=&#8220;true&#8220; pancontrol=&#8220;true&#8220; zoomcontrol=&#8220;true&#8220; scalecontrol=&#8220;true&#8220; streetviewcontrol=&#8220;true&#8220; scrollwheelcontrol=&#8220;false&#8220; draggable=&#8220;true&#8220; tiltfourtyfive=&#8220;false&#8220; addmarkermashupbubble=&#8220;false&#8220; addmarkermashupbubble=&#8220;false&#8220; addmarkerlist=&#8220;54.17417,-8.461512{}lodging_0star.png{}Markree Castle&#8220; bubbleautopan=&#8220;true&#8220; showbike=&#8220;false&#8220; showtraffic=&#8220;false&#8220; showpanoramio=&#8220;false&#8220;]<\/p>\n","protected":false},"excerpt":{"rendered":"<p>Kontakt Details Markree Castle Collooney Telephone: +353 1 2958900 Email: markree@manorhousehotels.com Homepage: http:\/\/manorhousehotels.com\/de\/hotels\/markree-castle\/ Beschreibung Herzlich Willkommen im Markree Castle! Ein authentisches irisches und geschichtstr\u00e4chtiges Schlosshotel in der Grafschaft Sligo Markree Castle ist die perfekte Basis, um den Nordwesten Irlands zu<span class=\"ellipsis\">&hellip;<\/span><\/p>\n<div class=\"read-more\"><a href=\"https:\/\/irland-reise-tipps.de\/de\/unterkunft\/hotels-in-sligo\/makree-castle\/\">Weiterlesen &#8250;<\/a><\/div>\n<p><!-- end of .read-more --><\/p>\n","protected":false},"author":11,"featured_media":0,"parent":3063,"menu_order":0,"comment_status":"closed","ping_status":"closed","template":"","meta":{"footnotes":""},"class_list":["post-3105","page","type-page","status-publish","hentry"],"yoast_head":"<!-- This site is optimized with the Yoast SEO plugin v21.2 - https:\/\/yoast.com\/wordpress\/plugins\/seo\/ -->\n<title>Makree Castle - Irland Reise Tipps<\/title>\n<meta name=\"description\" content=\"Gemeinsam die gr\u00fcne Insel Irland entdecken. Wir haben ausgew\u00e4hlte Veranstaltungen, Unterk\u00fcnfte und Touren mit den Highlights Irlands zusammengestellt.\" \/>\n<meta name=\"robots\" content=\"index, follow, max-snippet:-1, max-image-preview:large, max-video-preview:-1\" \/>\n<link rel=\"canonical\" href=\"https:\/\/irland-reise-tipps.de\/de\/unterkunft\/hotels-in-sligo\/makree-castle\/\" \/>\n<meta property=\"og:locale\" content=\"de_DE\" \/>\n<meta property=\"og:type\" content=\"article\" \/>\n<meta property=\"og:title\" content=\"Makree Castle - Irland Reise Tipps\" \/>\n<meta property=\"og:description\" content=\"Gemeinsam die gr\u00fcne Insel Irland entdecken. Wir haben ausgew\u00e4hlte Veranstaltungen, Unterk\u00fcnfte und Touren mit den Highlights Irlands zusammengestellt.\" \/>\n<meta property=\"og:url\" content=\"https:\/\/irland-reise-tipps.de\/de\/unterkunft\/hotels-in-sligo\/makree-castle\/\" \/>\n<meta property=\"og:site_name\" content=\"Irland Reise Tipps\" \/>\n<meta property=\"article:modified_time\" content=\"2013-11-26T10:16:35+00:00\" \/>\n<meta name=\"twitter:label1\" content=\"Gesch\u00e4tzte Lesezeit\" \/>\n\t<meta name=\"twitter:data1\" content=\"1\u00a0Minute\" \/>\n<script type=\"application\/ld+json\" class=\"yoast-schema-graph\">{\"@context\":\"https:\/\/schema.org\",\"@graph\":[{\"@type\":\"WebPage\",\"@id\":\"https:\/\/irland-reise-tipps.de\/de\/unterkunft\/hotels-in-sligo\/makree-castle\/\",\"url\":\"https:\/\/irland-reise-tipps.de\/de\/unterkunft\/hotels-in-sligo\/makree-castle\/\",\"name\":\"Makree Castle - Irland Reise Tipps\",\"isPartOf\":{\"@id\":\"https:\/\/irland-reise-tipps.de\/de\/#website\"},\"datePublished\":\"2013-11-26T10:16:14+00:00\",\"dateModified\":\"2013-11-26T10:16:35+00:00\",\"description\":\"Gemeinsam die gr\u00fcne Insel Irland entdecken. Wir haben ausgew\u00e4hlte Veranstaltungen, Unterk\u00fcnfte und Touren mit den Highlights Irlands zusammengestellt.\",\"breadcrumb\":{\"@id\":\"https:\/\/irland-reise-tipps.de\/de\/unterkunft\/hotels-in-sligo\/makree-castle\/#breadcrumb\"},\"inLanguage\":\"de\",\"potentialAction\":[{\"@type\":\"ReadAction\",\"target\":[\"https:\/\/irland-reise-tipps.de\/de\/unterkunft\/hotels-in-sligo\/makree-castle\/\"]}]},{\"@type\":\"BreadcrumbList\",\"@id\":\"https:\/\/irland-reise-tipps.de\/de\/unterkunft\/hotels-in-sligo\/makree-castle\/#breadcrumb\",\"itemListElement\":[{\"@type\":\"ListItem\",\"position\":1,\"name\":\"Home\",\"item\":\"https:\/\/irland-reise-tipps.de\/de\/\"},{\"@type\":\"ListItem\",\"position\":2,\"name\":\"Unterkunft\",\"item\":\"https:\/\/irland-reise-tipps.de\/de\/unterkunft\/\"},{\"@type\":\"ListItem\",\"position\":3,\"name\":\"Hotels in Sligo\",\"item\":\"https:\/\/irland-reise-tipps.de\/de\/unterkunft\/hotels-in-sligo\/\"},{\"@type\":\"ListItem\",\"position\":4,\"name\":\"Makree Castle\"}]},{\"@type\":\"WebSite\",\"@id\":\"https:\/\/irland-reise-tipps.de\/de\/#website\",\"url\":\"https:\/\/irland-reise-tipps.de\/de\/\",\"name\":\"Irland Reise Tipps\",\"description\":\"Gemeinsam die gr\u00fcne Insel entdecken\",\"potentialAction\":[{\"@type\":\"SearchAction\",\"target\":{\"@type\":\"EntryPoint\",\"urlTemplate\":\"https:\/\/irland-reise-tipps.de\/de\/?s={search_term_string}\"},\"query-input\":\"required name=search_term_string\"}],\"inLanguage\":\"de\"}]}<\/script>\n<!-- \/ Yoast SEO plugin. -->","yoast_head_json":{"title":"Makree Castle - Irland Reise Tipps","description":"Gemeinsam die gr\u00fcne Insel Irland entdecken. Wir haben ausgew\u00e4hlte Veranstaltungen, Unterk\u00fcnfte und Touren mit den Highlights Irlands zusammengestellt.","robots":{"index":"index","follow":"follow","max-snippet":"max-snippet:-1","max-image-preview":"max-image-preview:large","max-video-preview":"max-video-preview:-1"},"canonical":"https:\/\/irland-reise-tipps.de\/de\/unterkunft\/hotels-in-sligo\/makree-castle\/","og_locale":"de_DE","og_type":"article","og_title":"Makree Castle - Irland Reise Tipps","og_description":"Gemeinsam die gr\u00fcne Insel Irland entdecken. Wir haben ausgew\u00e4hlte Veranstaltungen, Unterk\u00fcnfte und Touren mit den Highlights Irlands zusammengestellt.","og_url":"https:\/\/irland-reise-tipps.de\/de\/unterkunft\/hotels-in-sligo\/makree-castle\/","og_site_name":"Irland Reise Tipps","article_modified_time":"2013-11-26T10:16:35+00:00","twitter_misc":{"Gesch\u00e4tzte Lesezeit":"1\u00a0Minute"},"schema":{"@context":"https:\/\/schema.org","@graph":[{"@type":"WebPage","@id":"https:\/\/irland-reise-tipps.de\/de\/unterkunft\/hotels-in-sligo\/makree-castle\/","url":"https:\/\/irland-reise-tipps.de\/de\/unterkunft\/hotels-in-sligo\/makree-castle\/","name":"Makree Castle - Irland Reise Tipps","isPartOf":{"@id":"https:\/\/irland-reise-tipps.de\/de\/#website"},"datePublished":"2013-11-26T10:16:14+00:00","dateModified":"2013-11-26T10:16:35+00:00","description":"Gemeinsam die gr\u00fcne Insel Irland entdecken. Wir haben ausgew\u00e4hlte Veranstaltungen, Unterk\u00fcnfte und Touren mit den Highlights Irlands zusammengestellt.","breadcrumb":{"@id":"https:\/\/irland-reise-tipps.de\/de\/unterkunft\/hotels-in-sligo\/makree-castle\/#breadcrumb"},"inLanguage":"de","potentialAction":[{"@type":"ReadAction","target":["https:\/\/irland-reise-tipps.de\/de\/unterkunft\/hotels-in-sligo\/makree-castle\/"]}]},{"@type":"BreadcrumbList","@id":"https:\/\/irland-reise-tipps.de\/de\/unterkunft\/hotels-in-sligo\/makree-castle\/#breadcrumb","itemListElement":[{"@type":"ListItem","position":1,"name":"Home","item":"https:\/\/irland-reise-tipps.de\/de\/"},{"@type":"ListItem","position":2,"name":"Unterkunft","item":"https:\/\/irland-reise-tipps.de\/de\/unterkunft\/"},{"@type":"ListItem","position":3,"name":"Hotels in Sligo","item":"https:\/\/irland-reise-tipps.de\/de\/unterkunft\/hotels-in-sligo\/"},{"@type":"ListItem","position":4,"name":"Makree Castle"}]},{"@type":"WebSite","@id":"https:\/\/irland-reise-tipps.de\/de\/#website","url":"https:\/\/irland-reise-tipps.de\/de\/","name":"Irland Reise Tipps","description":"Gemeinsam die gr\u00fcne Insel entdecken","potentialAction":[{"@type":"SearchAction","target":{"@type":"EntryPoint","urlTemplate":"https:\/\/irland-reise-tipps.de\/de\/?s={search_term_string}"},"query-input":"required name=search_term_string"}],"inLanguage":"de"}]}},"_links":{"self":[{"href":"https:\/\/irland-reise-tipps.de\/de\/wp-json\/wp\/v2\/pages\/3105","targetHints":{"allow":["GET"]}}],"collection":[{"href":"https:\/\/irland-reise-tipps.de\/de\/wp-json\/wp\/v2\/pages"}],"about":[{"href":"https:\/\/irland-reise-tipps.de\/de\/wp-json\/wp\/v2\/types\/page"}],"author":[{"embeddable":true,"href":"https:\/\/irland-reise-tipps.de\/de\/wp-json\/wp\/v2\/users\/11"}],"replies":[{"embeddable":true,"href":"https:\/\/irland-reise-tipps.de\/de\/wp-json\/wp\/v2\/comments?post=3105"}],"version-history":[{"count":2,"href":"https:\/\/irland-reise-tipps.de\/de\/wp-json\/wp\/v2\/pages\/3105\/revisions"}],"predecessor-version":[{"id":3107,"href":"https:\/\/irland-reise-tipps.de\/de\/wp-json\/wp\/v2\/pages\/3105\/revisions\/3107"}],"up":[{"embeddable":true,"href":"https:\/\/irland-reise-tipps.de\/de\/wp-json\/wp\/v2\/pages\/3063"}],"wp:attachment":[{"href":"https:\/\/irland-reise-tipps.de\/de\/wp-json\/wp\/v2\/media?parent=3105"}],"curies":[{"name":"wp","href":"https:\/\/api.w.org\/{rel}","templated":true}]}}