{"id":3103,"date":"2013-11-26T11:11:46","date_gmt":"2013-11-26T10:11:46","guid":{"rendered":"http:\/\/irland-reise-tipps.de\/de\/?page_id=3103"},"modified":"2013-11-26T11:11:46","modified_gmt":"2013-11-26T10:11:46","slug":"sandhouse-hotel","status":"publish","type":"page","link":"https:\/\/irland-reise-tipps.de\/de\/unterkunft\/hotels-in-donegal\/sandhouse-hotel\/","title":{"rendered":"Sandhouse Hotel"},"content":{"rendered":"<h4 style=\"text-align: right;\">\n<a href=\"https:\/\/irland-reise-tipps.de\/de\/wp-content\/gallery\/sandhouse-hotel\/sandhouseext1_1295231023.jpg\" title=\"\" rel=\"lightbox[singlepic1356]\" >\n\t<img decoding=\"async\" class=\"ngg-singlepic ngg-right\" src=\"https:\/\/irland-reise-tipps.de\/de\/wp-content\/gallery\/cache\/1356__150x150_sandhouseext1_1295231023.jpg\" alt=\"sandhouseext1_1295231023\" title=\"sandhouseext1_1295231023\" \/>\n<\/a>\n<\/h4>\n<h4>Kontakt Details<\/h4>\n<p>Sandhouse Hotel<br \/>\nRossnowlagh<br \/>\nDonegal Bay<\/p>\n<p><strong>Telephone:<\/strong> +353 1 2958900<br \/>\n<strong>Email:<\/strong> <span class=\"fs\"><a href=\"mailto:sandhouse@manorhousehotels.com\">sandhouse@manorhousehotels.com<\/a><\/span><br \/>\n<strong>Homepage: <\/strong><a href=\"http:\/\/manorhousehotels.com\/de\/hotels\/sandhouse-hotel\/\" target=\"_blank\" rel=\"nofollow\">http:\/\/manorhousehotels.com\/de\/hotels\/sandhouse-hotel\/<\/a><\/p>\n\n<div class=\"ngg-galleryoverview\" id=\"ngg-gallery-118-3103\">\n\n\n\t\n\t<!-- Thumbnails -->\n\t\t\n\t<div id=\"ngg-image-1354\" class=\"ngg-gallery-thumbnail-box\"  >\n\t\t<div class=\"ngg-gallery-thumbnail\" >\n\t\t\t<a href=\"https:\/\/irland-reise-tipps.de\/de\/wp-content\/gallery\/sandhouse-hotel\/sandhousebed2_1295350460.jpg\" title=\" \" rel=\"lightbox[set_118]\" >\n\t\t\t\t\t\t\t\t<img loading=\"lazy\" decoding=\"async\" title=\"sandhousebed2_1295350460\" alt=\"sandhousebed2_1295350460\" src=\"https:\/\/irland-reise-tipps.de\/de\/wp-content\/gallery\/sandhouse-hotel\/thumbs\/thumbs_sandhousebed2_1295350460.jpg\" width=\"100\" height=\"75\" \/>\n\t\t\t\t\t\t\t<\/a>\n\t\t<\/div>\n\t<\/div>\n\t\n\t\t\n \t\t\n\t<div id=\"ngg-image-1355\" class=\"ngg-gallery-thumbnail-box\"  >\n\t\t<div class=\"ngg-gallery-thumbnail\" >\n\t\t\t<a href=\"https:\/\/irland-reise-tipps.de\/de\/wp-content\/gallery\/sandhouse-hotel\/sandhousebed3_1295350476.jpg\" title=\" \" rel=\"lightbox[set_118]\" >\n\t\t\t\t\t\t\t\t<img loading=\"lazy\" decoding=\"async\" title=\"sandhousebed3_1295350476\" alt=\"sandhousebed3_1295350476\" src=\"https:\/\/irland-reise-tipps.de\/de\/wp-content\/gallery\/sandhouse-hotel\/thumbs\/thumbs_sandhousebed3_1295350476.jpg\" width=\"100\" height=\"75\" \/>\n\t\t\t\t\t\t\t<\/a>\n\t\t<\/div>\n\t<\/div>\n\t\n\t\t\n \t\t\n\t<div id=\"ngg-image-1356\" class=\"ngg-gallery-thumbnail-box\"  >\n\t\t<div class=\"ngg-gallery-thumbnail\" >\n\t\t\t<a href=\"https:\/\/irland-reise-tipps.de\/de\/wp-content\/gallery\/sandhouse-hotel\/sandhouseext1_1295231023.jpg\" title=\" \" rel=\"lightbox[set_118]\" >\n\t\t\t\t\t\t\t\t<img loading=\"lazy\" decoding=\"async\" title=\"sandhouseext1_1295231023\" alt=\"sandhouseext1_1295231023\" src=\"https:\/\/irland-reise-tipps.de\/de\/wp-content\/gallery\/sandhouse-hotel\/thumbs\/thumbs_sandhouseext1_1295231023.jpg\" width=\"100\" height=\"75\" \/>\n\t\t\t\t\t\t\t<\/a>\n\t\t<\/div>\n\t<\/div>\n\t\n\t\t\n \t\t\n\t<div id=\"ngg-image-1357\" class=\"ngg-gallery-thumbnail-box\"  >\n\t\t<div class=\"ngg-gallery-thumbnail\" >\n\t\t\t<a href=\"https:\/\/irland-reise-tipps.de\/de\/wp-content\/gallery\/sandhouse-hotel\/sandhouseext2_1295350492.jpg\" title=\" \" rel=\"lightbox[set_118]\" >\n\t\t\t\t\t\t\t\t<img loading=\"lazy\" decoding=\"async\" title=\"sandhouseext2_1295350492\" alt=\"sandhouseext2_1295350492\" src=\"https:\/\/irland-reise-tipps.de\/de\/wp-content\/gallery\/sandhouse-hotel\/thumbs\/thumbs_sandhouseext2_1295350492.jpg\" width=\"100\" height=\"75\" \/>\n\t\t\t\t\t\t\t<\/a>\n\t\t<\/div>\n\t<\/div>\n\t\n\t\t\n \t\t\n\t<div id=\"ngg-image-1358\" class=\"ngg-gallery-thumbnail-box\"  >\n\t\t<div class=\"ngg-gallery-thumbnail\" >\n\t\t\t<a href=\"https:\/\/irland-reise-tipps.de\/de\/wp-content\/gallery\/sandhouse-hotel\/sandhousehotelbed42009_1366118955.jpg\" title=\" \" rel=\"lightbox[set_118]\" >\n\t\t\t\t\t\t\t\t<img loading=\"lazy\" decoding=\"async\" title=\"sandhousehotelbed42009_1366118955\" alt=\"sandhousehotelbed42009_1366118955\" src=\"https:\/\/irland-reise-tipps.de\/de\/wp-content\/gallery\/sandhouse-hotel\/thumbs\/thumbs_sandhousehotelbed42009_1366118955.jpg\" width=\"100\" height=\"75\" \/>\n\t\t\t\t\t\t\t<\/a>\n\t\t<\/div>\n\t<\/div>\n\t\n\t\t\n \t\t\n\t<div id=\"ngg-image-1359\" class=\"ngg-gallery-thumbnail-box\"  >\n\t\t<div class=\"ngg-gallery-thumbnail\" >\n\t\t\t<a href=\"https:\/\/irland-reise-tipps.de\/de\/wp-content\/gallery\/sandhouse-hotel\/sandhousehotelsurfcamp2009copy_1366119446.jpg\" title=\" \" rel=\"lightbox[set_118]\" >\n\t\t\t\t\t\t\t\t<img loading=\"lazy\" decoding=\"async\" title=\"sandhousehotelsurfcamp2009copy_1366119446\" alt=\"sandhousehotelsurfcamp2009copy_1366119446\" src=\"https:\/\/irland-reise-tipps.de\/de\/wp-content\/gallery\/sandhouse-hotel\/thumbs\/thumbs_sandhousehotelsurfcamp2009copy_1366119446.jpg\" width=\"100\" height=\"75\" \/>\n\t\t\t\t\t\t\t<\/a>\n\t\t<\/div>\n\t<\/div>\n\t\n\t\t\n \t\t\n\t<div id=\"ngg-image-1360\" class=\"ngg-gallery-thumbnail-box\"  >\n\t\t<div class=\"ngg-gallery-thumbnail\" >\n\t\t\t<a href=\"https:\/\/irland-reise-tipps.de\/de\/wp-content\/gallery\/sandhouse-hotel\/sandhousehotelsurfcamp22010_1366119062.jpg\" title=\" \" rel=\"lightbox[set_118]\" >\n\t\t\t\t\t\t\t\t<img loading=\"lazy\" decoding=\"async\" title=\"sandhousehotelsurfcamp22010_1366119062\" alt=\"sandhousehotelsurfcamp22010_1366119062\" src=\"https:\/\/irland-reise-tipps.de\/de\/wp-content\/gallery\/sandhouse-hotel\/thumbs\/thumbs_sandhousehotelsurfcamp22010_1366119062.jpg\" width=\"100\" height=\"75\" \/>\n\t\t\t\t\t\t\t<\/a>\n\t\t<\/div>\n\t<\/div>\n\t\n\t\t\n \t\t\n\t<div id=\"ngg-image-1361\" class=\"ngg-gallery-thumbnail-box\"  >\n\t\t<div class=\"ngg-gallery-thumbnail\" >\n\t\t\t<a href=\"https:\/\/irland-reise-tipps.de\/de\/wp-content\/gallery\/sandhouse-hotel\/sandhouseint1_1295350508.jpg\" title=\" \" rel=\"lightbox[set_118]\" >\n\t\t\t\t\t\t\t\t<img loading=\"lazy\" decoding=\"async\" title=\"sandhouseint1_1295350508\" alt=\"sandhouseint1_1295350508\" src=\"https:\/\/irland-reise-tipps.de\/de\/wp-content\/gallery\/sandhouse-hotel\/thumbs\/thumbs_sandhouseint1_1295350508.jpg\" width=\"100\" height=\"75\" \/>\n\t\t\t\t\t\t\t<\/a>\n\t\t<\/div>\n\t<\/div>\n\t\n\t\t\n \t\t\n\t<div id=\"ngg-image-1362\" class=\"ngg-gallery-thumbnail-box\"  >\n\t\t<div class=\"ngg-gallery-thumbnail\" >\n\t\t\t<a href=\"https:\/\/irland-reise-tipps.de\/de\/wp-content\/gallery\/sandhouse-hotel\/sandhouseint2_1295350524.jpg\" title=\" \" rel=\"lightbox[set_118]\" >\n\t\t\t\t\t\t\t\t<img loading=\"lazy\" decoding=\"async\" title=\"sandhouseint2_1295350524\" alt=\"sandhouseint2_1295350524\" src=\"https:\/\/irland-reise-tipps.de\/de\/wp-content\/gallery\/sandhouse-hotel\/thumbs\/thumbs_sandhouseint2_1295350524.jpg\" width=\"100\" height=\"75\" \/>\n\t\t\t\t\t\t\t<\/a>\n\t\t<\/div>\n\t<\/div>\n\t\n\t\t\n \t \t\n\t<!-- Pagination -->\n \t<div class=\"ngg-clear\"><\/div> \t\n<\/div>\n\n\n<h4 style=\"text-align: left;\">Beschreibung<\/h4>\n<p><strong>Herzlich Willkommen im Sandhouse Hotel!<\/strong><\/p>\n<p>Ein entspannender Hotelaufenthalt mit Meeresblick in der Grafschaft Donegal<\/p>\n<p>Im Sandhouse Hotel &amp; Marine Spa am Rande des Atlantiks mit kilometerlangen, einsamen Sandstr\u00e4nden k\u00f6nnen Sie sich entspannen und eine Pause vom Alltag machen.<\/p>\n<p>Diese ehemalige Fischerlodge aus dem sp\u00e4ten 19.\u00a0Jahrhundert an einer der malerischsten Lagen in Irland mit atemberaubender Aussicht \u00fcber die Donegal Bay wurde in ein sch\u00f6nes Manor House Hotel umgebaut.<\/p>\n<p>Das Sandhouse Hotel ist perfekt f\u00fcr einen erholsamen Hotelaufenthalt in Donegal.<\/p>\n<h4>G\u00e4ste lieben am Sandhouse Hotel:<\/h4>\n<ul>\n<li>Die atemberaubende Aussicht \u00fcber den Atlantik<\/li>\n<li>Die sch\u00f6ne Lage am Strand<\/li>\n<li>Die Surfers Bar, wo sich die Surfer nach dem Reiten auf den erstklassigen Wellen von Rossnowlagh entspannen<\/li>\n<li>Das Marine Spa mit weltweit f\u00fchrenden Thalgo Marine-Produkten<\/li>\n<\/ul>\n<p>Ihre Manor House Hotels Geschenkkarte kann im Sandhouse Hotel eingel\u00f6st werden<\/p>\n<p>Wir freuen uns auf Ihren Besuch!<\/p>\n<h4>Lage des Hotels und Sehensw\u00fcrdigkeiten in der N\u00e4he<\/h4>\n<p>[google-map-v3 width=&#8220;600&#8243; height=&#8220;400&#8243; zoom=&#8220;12&#8243; maptype=&#8220;roadmap&#8220; mapalign=&#8220;center&#8220; directionhint=&#8220;false&#8220; language=&#8220;default&#8220; poweredby=&#8220;false&#8220; maptypecontrol=&#8220;true&#8220; pancontrol=&#8220;true&#8220; zoomcontrol=&#8220;true&#8220; scalecontrol=&#8220;true&#8220; streetviewcontrol=&#8220;true&#8220; scrollwheelcontrol=&#8220;false&#8220; draggable=&#8220;true&#8220; tiltfourtyfive=&#8220;false&#8220; addmarkermashupbubble=&#8220;false&#8220; addmarkermashupbubble=&#8220;false&#8220; addmarkerlist=&#8220;54.553848,-8.210138{}lodging_0star.png{}Sandhouse Hotel&#8220; bubbleautopan=&#8220;true&#8220; showbike=&#8220;false&#8220; showtraffic=&#8220;false&#8220; showpanoramio=&#8220;false&#8220;]<\/p>\n","protected":false},"excerpt":{"rendered":"<p>Kontakt Details Sandhouse Hotel Rossnowlagh Donegal Bay Telephone: +353 1 2958900 Email: sandhouse@manorhousehotels.com Homepage: http:\/\/manorhousehotels.com\/de\/hotels\/sandhouse-hotel\/ Beschreibung Herzlich Willkommen im Sandhouse Hotel! Ein entspannender Hotelaufenthalt mit Meeresblick in der Grafschaft Donegal Im Sandhouse Hotel &amp; Marine Spa am Rande des Atlantiks<span class=\"ellipsis\">&hellip;<\/span><\/p>\n<div class=\"read-more\"><a href=\"https:\/\/irland-reise-tipps.de\/de\/unterkunft\/hotels-in-donegal\/sandhouse-hotel\/\">Weiterlesen &#8250;<\/a><\/div>\n<p><!-- end of .read-more --><\/p>\n","protected":false},"author":11,"featured_media":0,"parent":3057,"menu_order":0,"comment_status":"closed","ping_status":"closed","template":"","meta":{"footnotes":""},"class_list":["post-3103","page","type-page","status-publish","hentry"],"yoast_head":"<!-- This site is optimized with the Yoast SEO plugin v21.2 - https:\/\/yoast.com\/wordpress\/plugins\/seo\/ -->\n<title>Sandhouse Hotel - Irland Reise Tipps<\/title>\n<meta name=\"description\" content=\"Gemeinsam die gr\u00fcne Insel Irland entdecken. Wir haben ausgew\u00e4hlte Veranstaltungen, Unterk\u00fcnfte und Touren mit den Highlights Irlands zusammengestellt.\" \/>\n<meta name=\"robots\" content=\"index, follow, max-snippet:-1, max-image-preview:large, max-video-preview:-1\" \/>\n<link rel=\"canonical\" href=\"https:\/\/irland-reise-tipps.de\/de\/unterkunft\/hotels-in-donegal\/sandhouse-hotel\/\" \/>\n<meta property=\"og:locale\" content=\"de_DE\" \/>\n<meta property=\"og:type\" content=\"article\" \/>\n<meta property=\"og:title\" content=\"Sandhouse Hotel - Irland Reise Tipps\" \/>\n<meta property=\"og:description\" content=\"Gemeinsam die gr\u00fcne Insel Irland entdecken. Wir haben ausgew\u00e4hlte Veranstaltungen, Unterk\u00fcnfte und Touren mit den Highlights Irlands zusammengestellt.\" \/>\n<meta property=\"og:url\" content=\"https:\/\/irland-reise-tipps.de\/de\/unterkunft\/hotels-in-donegal\/sandhouse-hotel\/\" \/>\n<meta property=\"og:site_name\" content=\"Irland Reise Tipps\" \/>\n<meta name=\"twitter:label1\" content=\"Gesch\u00e4tzte Lesezeit\" \/>\n\t<meta name=\"twitter:data1\" content=\"1\u00a0Minute\" \/>\n<script type=\"application\/ld+json\" class=\"yoast-schema-graph\">{\"@context\":\"https:\/\/schema.org\",\"@graph\":[{\"@type\":\"WebPage\",\"@id\":\"https:\/\/irland-reise-tipps.de\/de\/unterkunft\/hotels-in-donegal\/sandhouse-hotel\/\",\"url\":\"https:\/\/irland-reise-tipps.de\/de\/unterkunft\/hotels-in-donegal\/sandhouse-hotel\/\",\"name\":\"Sandhouse Hotel - Irland Reise Tipps\",\"isPartOf\":{\"@id\":\"https:\/\/irland-reise-tipps.de\/de\/#website\"},\"datePublished\":\"2013-11-26T10:11:46+00:00\",\"dateModified\":\"2013-11-26T10:11:46+00:00\",\"description\":\"Gemeinsam die gr\u00fcne Insel Irland entdecken. Wir haben ausgew\u00e4hlte Veranstaltungen, Unterk\u00fcnfte und Touren mit den Highlights Irlands zusammengestellt.\",\"breadcrumb\":{\"@id\":\"https:\/\/irland-reise-tipps.de\/de\/unterkunft\/hotels-in-donegal\/sandhouse-hotel\/#breadcrumb\"},\"inLanguage\":\"de\",\"potentialAction\":[{\"@type\":\"ReadAction\",\"target\":[\"https:\/\/irland-reise-tipps.de\/de\/unterkunft\/hotels-in-donegal\/sandhouse-hotel\/\"]}]},{\"@type\":\"BreadcrumbList\",\"@id\":\"https:\/\/irland-reise-tipps.de\/de\/unterkunft\/hotels-in-donegal\/sandhouse-hotel\/#breadcrumb\",\"itemListElement\":[{\"@type\":\"ListItem\",\"position\":1,\"name\":\"Home\",\"item\":\"https:\/\/irland-reise-tipps.de\/de\/\"},{\"@type\":\"ListItem\",\"position\":2,\"name\":\"Unterkunft\",\"item\":\"https:\/\/irland-reise-tipps.de\/de\/unterkunft\/\"},{\"@type\":\"ListItem\",\"position\":3,\"name\":\"Hotels in Donegal\",\"item\":\"https:\/\/irland-reise-tipps.de\/de\/unterkunft\/hotels-in-donegal\/\"},{\"@type\":\"ListItem\",\"position\":4,\"name\":\"Sandhouse Hotel\"}]},{\"@type\":\"WebSite\",\"@id\":\"https:\/\/irland-reise-tipps.de\/de\/#website\",\"url\":\"https:\/\/irland-reise-tipps.de\/de\/\",\"name\":\"Irland Reise Tipps\",\"description\":\"Gemeinsam die gr\u00fcne Insel entdecken\",\"potentialAction\":[{\"@type\":\"SearchAction\",\"target\":{\"@type\":\"EntryPoint\",\"urlTemplate\":\"https:\/\/irland-reise-tipps.de\/de\/?s={search_term_string}\"},\"query-input\":\"required name=search_term_string\"}],\"inLanguage\":\"de\"}]}<\/script>\n<!-- \/ Yoast SEO plugin. -->","yoast_head_json":{"title":"Sandhouse Hotel - Irland Reise Tipps","description":"Gemeinsam die gr\u00fcne Insel Irland entdecken. Wir haben ausgew\u00e4hlte Veranstaltungen, Unterk\u00fcnfte und Touren mit den Highlights Irlands zusammengestellt.","robots":{"index":"index","follow":"follow","max-snippet":"max-snippet:-1","max-image-preview":"max-image-preview:large","max-video-preview":"max-video-preview:-1"},"canonical":"https:\/\/irland-reise-tipps.de\/de\/unterkunft\/hotels-in-donegal\/sandhouse-hotel\/","og_locale":"de_DE","og_type":"article","og_title":"Sandhouse Hotel - Irland Reise Tipps","og_description":"Gemeinsam die gr\u00fcne Insel Irland entdecken. Wir haben ausgew\u00e4hlte Veranstaltungen, Unterk\u00fcnfte und Touren mit den Highlights Irlands zusammengestellt.","og_url":"https:\/\/irland-reise-tipps.de\/de\/unterkunft\/hotels-in-donegal\/sandhouse-hotel\/","og_site_name":"Irland Reise Tipps","twitter_misc":{"Gesch\u00e4tzte Lesezeit":"1\u00a0Minute"},"schema":{"@context":"https:\/\/schema.org","@graph":[{"@type":"WebPage","@id":"https:\/\/irland-reise-tipps.de\/de\/unterkunft\/hotels-in-donegal\/sandhouse-hotel\/","url":"https:\/\/irland-reise-tipps.de\/de\/unterkunft\/hotels-in-donegal\/sandhouse-hotel\/","name":"Sandhouse Hotel - Irland Reise Tipps","isPartOf":{"@id":"https:\/\/irland-reise-tipps.de\/de\/#website"},"datePublished":"2013-11-26T10:11:46+00:00","dateModified":"2013-11-26T10:11:46+00:00","description":"Gemeinsam die gr\u00fcne Insel Irland entdecken. Wir haben ausgew\u00e4hlte Veranstaltungen, Unterk\u00fcnfte und Touren mit den Highlights Irlands zusammengestellt.","breadcrumb":{"@id":"https:\/\/irland-reise-tipps.de\/de\/unterkunft\/hotels-in-donegal\/sandhouse-hotel\/#breadcrumb"},"inLanguage":"de","potentialAction":[{"@type":"ReadAction","target":["https:\/\/irland-reise-tipps.de\/de\/unterkunft\/hotels-in-donegal\/sandhouse-hotel\/"]}]},{"@type":"BreadcrumbList","@id":"https:\/\/irland-reise-tipps.de\/de\/unterkunft\/hotels-in-donegal\/sandhouse-hotel\/#breadcrumb","itemListElement":[{"@type":"ListItem","position":1,"name":"Home","item":"https:\/\/irland-reise-tipps.de\/de\/"},{"@type":"ListItem","position":2,"name":"Unterkunft","item":"https:\/\/irland-reise-tipps.de\/de\/unterkunft\/"},{"@type":"ListItem","position":3,"name":"Hotels in Donegal","item":"https:\/\/irland-reise-tipps.de\/de\/unterkunft\/hotels-in-donegal\/"},{"@type":"ListItem","position":4,"name":"Sandhouse Hotel"}]},{"@type":"WebSite","@id":"https:\/\/irland-reise-tipps.de\/de\/#website","url":"https:\/\/irland-reise-tipps.de\/de\/","name":"Irland Reise Tipps","description":"Gemeinsam die gr\u00fcne Insel entdecken","potentialAction":[{"@type":"SearchAction","target":{"@type":"EntryPoint","urlTemplate":"https:\/\/irland-reise-tipps.de\/de\/?s={search_term_string}"},"query-input":"required name=search_term_string"}],"inLanguage":"de"}]}},"_links":{"self":[{"href":"https:\/\/irland-reise-tipps.de\/de\/wp-json\/wp\/v2\/pages\/3103","targetHints":{"allow":["GET"]}}],"collection":[{"href":"https:\/\/irland-reise-tipps.de\/de\/wp-json\/wp\/v2\/pages"}],"about":[{"href":"https:\/\/irland-reise-tipps.de\/de\/wp-json\/wp\/v2\/types\/page"}],"author":[{"embeddable":true,"href":"https:\/\/irland-reise-tipps.de\/de\/wp-json\/wp\/v2\/users\/11"}],"replies":[{"embeddable":true,"href":"https:\/\/irland-reise-tipps.de\/de\/wp-json\/wp\/v2\/comments?post=3103"}],"version-history":[{"count":1,"href":"https:\/\/irland-reise-tipps.de\/de\/wp-json\/wp\/v2\/pages\/3103\/revisions"}],"predecessor-version":[{"id":3104,"href":"https:\/\/irland-reise-tipps.de\/de\/wp-json\/wp\/v2\/pages\/3103\/revisions\/3104"}],"up":[{"embeddable":true,"href":"https:\/\/irland-reise-tipps.de\/de\/wp-json\/wp\/v2\/pages\/3057"}],"wp:attachment":[{"href":"https:\/\/irland-reise-tipps.de\/de\/wp-json\/wp\/v2\/media?parent=3103"}],"curies":[{"name":"wp","href":"https:\/\/api.w.org\/{rel}","templated":true}]}}