{"id":3101,"date":"2013-11-26T11:06:04","date_gmt":"2013-11-26T10:06:04","guid":{"rendered":"http:\/\/irland-reise-tipps.de\/de\/?page_id=3101"},"modified":"2013-11-26T11:06:04","modified_gmt":"2013-11-26T10:06:04","slug":"manor-house-country-hotel","status":"publish","type":"page","link":"https:\/\/irland-reise-tipps.de\/de\/unterkunft\/hotels-in-fermanagh\/manor-house-country-hotel\/","title":{"rendered":"Manor House Country Hotel"},"content":{"rendered":"<h4 style=\"text-align: right;\">\n<a href=\"https:\/\/irland-reise-tipps.de\/de\/wp-content\/gallery\/manor-house-country-hotel\/exterioredited_1328179165.jpg\" title=\"\" rel=\"lightbox[singlepic1318]\" >\n\t<img decoding=\"async\" class=\"ngg-singlepic ngg-right\" src=\"https:\/\/irland-reise-tipps.de\/de\/wp-content\/gallery\/cache\/1318__150x150_exterioredited_1328179165.jpg\" alt=\"exterioredited_1328179165\" title=\"exterioredited_1328179165\" \/>\n<\/a>\n<\/h4>\n<h4>Kontakt Details<\/h4>\n<p>Manor House Country Hotel<br \/>\nKilladeas<br \/>\nEnniskillen<br \/>\nBT94 1NY<br \/>\nNordirland<\/p>\n<p>&nbsp;<\/p>\n<p>&nbsp;<\/p>\n<p><strong>Telephone:<\/strong> +353 1 2958900<br \/>\n<strong>Email:<\/strong> <span class=\"fs\"><a href=\"mailto:manorhouse@manorhousehotel.com\">manorhouse@manorhousehotel.com<\/a><\/span><br \/>\n<strong>Homepage: <\/strong><a href=\"http:\/\/manorhousehotels.com\/de\/hotels\/manor-house-country-hotel\/\" target=\"_blank\" rel=\"nofollow\">http:\/\/manorhousehotels.com\/de\/hotels\/manor-house-country-hotel\/<\/a><\/p>\n\n<div class=\"ngg-galleryoverview\" id=\"ngg-gallery-114-3101\">\n\n\n\t\n\t<!-- Thumbnails -->\n\t\t\n\t<div id=\"ngg-image-1316\" class=\"ngg-gallery-thumbnail-box\"  >\n\t\t<div class=\"ngg-gallery-thumbnail\" >\n\t\t\t<a href=\"https:\/\/irland-reise-tipps.de\/de\/wp-content\/gallery\/manor-house-country-hotel\/belleekrestaurantresized_1328176557.jpg\" title=\" \" rel=\"lightbox[set_114]\" >\n\t\t\t\t\t\t\t\t<img loading=\"lazy\" decoding=\"async\" title=\"belleekrestaurantresized_1328176557\" alt=\"belleekrestaurantresized_1328176557\" src=\"https:\/\/irland-reise-tipps.de\/de\/wp-content\/gallery\/manor-house-country-hotel\/thumbs\/thumbs_belleekrestaurantresized_1328176557.jpg\" width=\"100\" height=\"75\" \/>\n\t\t\t\t\t\t\t<\/a>\n\t\t<\/div>\n\t<\/div>\n\t\n\t\t\n \t\t\n\t<div id=\"ngg-image-1317\" class=\"ngg-gallery-thumbnail-box\"  >\n\t\t<div class=\"ngg-gallery-thumbnail\" >\n\t\t\t<a href=\"https:\/\/irland-reise-tipps.de\/de\/wp-content\/gallery\/manor-house-country-hotel\/cellardoorbistro_restaurantsenniskillen_1328178829.jpg\" title=\" \" rel=\"lightbox[set_114]\" >\n\t\t\t\t\t\t\t\t<img loading=\"lazy\" decoding=\"async\" title=\"cellardoorbistro_restaurantsenniskillen_1328178829\" alt=\"cellardoorbistro_restaurantsenniskillen_1328178829\" src=\"https:\/\/irland-reise-tipps.de\/de\/wp-content\/gallery\/manor-house-country-hotel\/thumbs\/thumbs_cellardoorbistro_restaurantsenniskillen_1328178829.jpg\" width=\"100\" height=\"75\" \/>\n\t\t\t\t\t\t\t<\/a>\n\t\t<\/div>\n\t<\/div>\n\t\n\t\t\n \t\t\n\t<div id=\"ngg-image-1318\" class=\"ngg-gallery-thumbnail-box\"  >\n\t\t<div class=\"ngg-gallery-thumbnail\" >\n\t\t\t<a href=\"https:\/\/irland-reise-tipps.de\/de\/wp-content\/gallery\/manor-house-country-hotel\/exterioredited_1328179165.jpg\" title=\" \" rel=\"lightbox[set_114]\" >\n\t\t\t\t\t\t\t\t<img loading=\"lazy\" decoding=\"async\" title=\"exterioredited_1328179165\" alt=\"exterioredited_1328179165\" src=\"https:\/\/irland-reise-tipps.de\/de\/wp-content\/gallery\/manor-house-country-hotel\/thumbs\/thumbs_exterioredited_1328179165.jpg\" width=\"100\" height=\"75\" \/>\n\t\t\t\t\t\t\t<\/a>\n\t\t<\/div>\n\t<\/div>\n\t\n\t\t\n \t\t\n\t<div id=\"ngg-image-1319\" class=\"ngg-gallery-thumbnail-box\"  >\n\t\t<div class=\"ngg-gallery-thumbnail\" >\n\t\t\t<a href=\"https:\/\/irland-reise-tipps.de\/de\/wp-content\/gallery\/manor-house-country-hotel\/leisurefacilities_manorhousecountryhotel_1328179369.jpg\" title=\" \" rel=\"lightbox[set_114]\" >\n\t\t\t\t\t\t\t\t<img loading=\"lazy\" decoding=\"async\" title=\"leisurefacilities_manorhousecountryhotel_1328179369\" alt=\"leisurefacilities_manorhousecountryhotel_1328179369\" src=\"https:\/\/irland-reise-tipps.de\/de\/wp-content\/gallery\/manor-house-country-hotel\/thumbs\/thumbs_leisurefacilities_manorhousecountryhotel_1328179369.jpg\" width=\"100\" height=\"75\" \/>\n\t\t\t\t\t\t\t<\/a>\n\t\t<\/div>\n\t<\/div>\n\t\n\t\t\n \t\t\n\t<div id=\"ngg-image-1320\" class=\"ngg-gallery-thumbnail-box\"  >\n\t\t<div class=\"ngg-gallery-thumbnail\" >\n\t\t\t<a href=\"https:\/\/irland-reise-tipps.de\/de\/wp-content\/gallery\/manor-house-country-hotel\/loungearea_luxuryhotelbreaknorthernireland_1328178883.jpg\" title=\" \" rel=\"lightbox[set_114]\" >\n\t\t\t\t\t\t\t\t<img loading=\"lazy\" decoding=\"async\" title=\"loungearea_luxuryhotelbreaknorthernireland_1328178883\" alt=\"loungearea_luxuryhotelbreaknorthernireland_1328178883\" src=\"https:\/\/irland-reise-tipps.de\/de\/wp-content\/gallery\/manor-house-country-hotel\/thumbs\/thumbs_loungearea_luxuryhotelbreaknorthernireland_1328178883.jpg\" width=\"100\" height=\"75\" \/>\n\t\t\t\t\t\t\t<\/a>\n\t\t<\/div>\n\t<\/div>\n\t\n\t\t\n \t\t\n\t<div id=\"ngg-image-1321\" class=\"ngg-gallery-thumbnail-box\"  >\n\t\t<div class=\"ngg-gallery-thumbnail\" >\n\t\t\t<a href=\"https:\/\/irland-reise-tipps.de\/de\/wp-content\/gallery\/manor-house-country-hotel\/manorhousebedroom_1328178743.jpg\" title=\" \" rel=\"lightbox[set_114]\" >\n\t\t\t\t\t\t\t\t<img loading=\"lazy\" decoding=\"async\" title=\"manorhousebedroom_1328178743\" alt=\"manorhousebedroom_1328178743\" src=\"https:\/\/irland-reise-tipps.de\/de\/wp-content\/gallery\/manor-house-country-hotel\/thumbs\/thumbs_manorhousebedroom_1328178743.jpg\" width=\"100\" height=\"75\" \/>\n\t\t\t\t\t\t\t<\/a>\n\t\t<\/div>\n\t<\/div>\n\t\n\t\t\n \t\t\n\t<div id=\"ngg-image-1322\" class=\"ngg-gallery-thumbnail-box\"  >\n\t\t<div class=\"ngg-gallery-thumbnail\" >\n\t\t\t<a href=\"https:\/\/irland-reise-tipps.de\/de\/wp-content\/gallery\/manor-house-country-hotel\/manorhousecountryhotel_luxuryhotelnorthernireland_1328178934.jpg\" title=\" \" rel=\"lightbox[set_114]\" >\n\t\t\t\t\t\t\t\t<img loading=\"lazy\" decoding=\"async\" title=\"manorhousecountryhotel_luxuryhotelnorthernireland_1328178934\" alt=\"manorhousecountryhotel_luxuryhotelnorthernireland_1328178934\" src=\"https:\/\/irland-reise-tipps.de\/de\/wp-content\/gallery\/manor-house-country-hotel\/thumbs\/thumbs_manorhousecountryhotel_luxuryhotelnorthernireland_1328178934.jpg\" width=\"100\" height=\"75\" \/>\n\t\t\t\t\t\t\t<\/a>\n\t\t<\/div>\n\t<\/div>\n\t\n\t\t\n \t\t\n\t<div id=\"ngg-image-1323\" class=\"ngg-gallery-thumbnail-box\"  >\n\t\t<div class=\"ngg-gallery-thumbnail\" >\n\t\t\t<a href=\"https:\/\/irland-reise-tipps.de\/de\/wp-content\/gallery\/manor-house-country-hotel\/onsitemarina_manorhousecountryhotelresized_1328176506.jpg\" title=\" \" rel=\"lightbox[set_114]\" >\n\t\t\t\t\t\t\t\t<img loading=\"lazy\" decoding=\"async\" title=\"onsitemarina_manorhousecountryhotelresized_1328176506\" alt=\"onsitemarina_manorhousecountryhotelresized_1328176506\" src=\"https:\/\/irland-reise-tipps.de\/de\/wp-content\/gallery\/manor-house-country-hotel\/thumbs\/thumbs_onsitemarina_manorhousecountryhotelresized_1328176506.jpg\" width=\"100\" height=\"75\" \/>\n\t\t\t\t\t\t\t<\/a>\n\t\t<\/div>\n\t<\/div>\n\t\n\t\t\n \t\t\n\t<div id=\"ngg-image-1324\" class=\"ngg-gallery-thumbnail-box\"  >\n\t\t<div class=\"ngg-gallery-thumbnail\" >\n\t\t\t<a href=\"https:\/\/irland-reise-tipps.de\/de\/wp-content\/gallery\/manor-house-country-hotel\/swimmingpool_manorleisure_1328176851.jpg\" title=\" \" rel=\"lightbox[set_114]\" >\n\t\t\t\t\t\t\t\t<img loading=\"lazy\" decoding=\"async\" title=\"swimmingpool_manorleisure_1328176851\" alt=\"swimmingpool_manorleisure_1328176851\" src=\"https:\/\/irland-reise-tipps.de\/de\/wp-content\/gallery\/manor-house-country-hotel\/thumbs\/thumbs_swimmingpool_manorleisure_1328176851.jpg\" width=\"100\" height=\"75\" \/>\n\t\t\t\t\t\t\t<\/a>\n\t\t<\/div>\n\t<\/div>\n\t\n\t\t\n \t\t\n\t<div id=\"ngg-image-1325\" class=\"ngg-gallery-thumbnail-box\"  >\n\t\t<div class=\"ngg-gallery-thumbnail\" >\n\t\t\t<a href=\"https:\/\/irland-reise-tipps.de\/de\/wp-content\/gallery\/manor-house-country-hotel\/watergatebar_mhgroupresized_1328179037.jpg\" title=\" \" rel=\"lightbox[set_114]\" >\n\t\t\t\t\t\t\t\t<img loading=\"lazy\" decoding=\"async\" title=\"watergatebar_mhgroupresized_1328179037\" alt=\"watergatebar_mhgroupresized_1328179037\" src=\"https:\/\/irland-reise-tipps.de\/de\/wp-content\/gallery\/manor-house-country-hotel\/thumbs\/thumbs_watergatebar_mhgroupresized_1328179037.jpg\" width=\"100\" height=\"75\" \/>\n\t\t\t\t\t\t\t<\/a>\n\t\t<\/div>\n\t<\/div>\n\t\n\t\t\n \t \t\n\t<!-- Pagination -->\n \t<div class=\"ngg-clear\"><\/div> \t\n<\/div>\n\n\n<h4 style=\"text-align: left;\">Beschreibung<\/h4>\n<p><strong>Herzlich Willkommen im Manor House Country Hotel!<\/strong><\/p>\n<p>Das Manor House Hotel liegt inmitten der Seenplatte von Fermanagh am Ufer von Lough Erne in der N\u00e4he der Stadt Enniskillen. Dieses Hotel ist das perfekte Refugium auf dem Lande, denn es verbindet den Charme vergangener Zeiten mit modernem Hotelluxus und der f\u00fcr die Grafschaft Fermanagh typischen herzlichen Gastfreundschaft.<\/p>\n<p>Wir freuen uns auf Ihren Besuch!<\/p>\n<h4>Lage des Hotels und Sehensw\u00fcrdigkeiten in der N\u00e4he<\/h4>\n<p>[google-map-v3 width=&#8220;600&#8243; height=&#8220;400&#8243; zoom=&#8220;12&#8243; maptype=&#8220;roadmap&#8220; mapalign=&#8220;center&#8220; directionhint=&#8220;false&#8220; language=&#8220;default&#8220; poweredby=&#8220;false&#8220; maptypecontrol=&#8220;true&#8220; pancontrol=&#8220;true&#8220; zoomcontrol=&#8220;true&#8220; scalecontrol=&#8220;true&#8220; streetviewcontrol=&#8220;true&#8220; scrollwheelcontrol=&#8220;false&#8220; draggable=&#8220;true&#8220; tiltfourtyfive=&#8220;false&#8220; addmarkermashupbubble=&#8220;false&#8220; addmarkermashupbubble=&#8220;false&#8220; addmarkerlist=&#8220;54.429866,-7.680404{}lodging_0star.png{}Manor House Country Hotel&#8220; bubbleautopan=&#8220;true&#8220; showbike=&#8220;false&#8220; showtraffic=&#8220;false&#8220; showpanoramio=&#8220;false&#8220;]<\/p>\n","protected":false},"excerpt":{"rendered":"<p>Kontakt Details Manor House Country Hotel Killadeas Enniskillen BT94 1NY Nordirland &nbsp; &nbsp; Telephone: +353 1 2958900 Email: manorhouse@manorhousehotel.com Homepage: http:\/\/manorhousehotels.com\/de\/hotels\/manor-house-country-hotel\/ Beschreibung Herzlich Willkommen im Manor House Country Hotel! Das Manor House Hotel liegt inmitten der Seenplatte von Fermanagh am<span class=\"ellipsis\">&hellip;<\/span><\/p>\n<div class=\"read-more\"><a href=\"https:\/\/irland-reise-tipps.de\/de\/unterkunft\/hotels-in-fermanagh\/manor-house-country-hotel\/\">Weiterlesen &#8250;<\/a><\/div>\n<p><!-- end of .read-more --><\/p>\n","protected":false},"author":11,"featured_media":0,"parent":3053,"menu_order":0,"comment_status":"closed","ping_status":"closed","template":"","meta":{"footnotes":""},"class_list":["post-3101","page","type-page","status-publish","hentry"],"yoast_head":"<!-- This site is optimized with the Yoast SEO plugin v21.2 - https:\/\/yoast.com\/wordpress\/plugins\/seo\/ -->\n<title>Manor House Country Hotel - Irland Reise Tipps<\/title>\n<meta name=\"description\" content=\"Gemeinsam die gr\u00fcne Insel Irland entdecken. Wir haben ausgew\u00e4hlte Veranstaltungen, Unterk\u00fcnfte und Touren mit den Highlights Irlands zusammengestellt.\" \/>\n<meta name=\"robots\" content=\"index, follow, max-snippet:-1, max-image-preview:large, max-video-preview:-1\" \/>\n<link rel=\"canonical\" href=\"https:\/\/irland-reise-tipps.de\/de\/unterkunft\/hotels-in-fermanagh\/manor-house-country-hotel\/\" \/>\n<meta property=\"og:locale\" content=\"de_DE\" \/>\n<meta property=\"og:type\" content=\"article\" \/>\n<meta property=\"og:title\" content=\"Manor House Country Hotel - Irland Reise Tipps\" \/>\n<meta property=\"og:description\" content=\"Gemeinsam die gr\u00fcne Insel Irland entdecken. Wir haben ausgew\u00e4hlte Veranstaltungen, Unterk\u00fcnfte und Touren mit den Highlights Irlands zusammengestellt.\" \/>\n<meta property=\"og:url\" content=\"https:\/\/irland-reise-tipps.de\/de\/unterkunft\/hotels-in-fermanagh\/manor-house-country-hotel\/\" \/>\n<meta property=\"og:site_name\" content=\"Irland Reise Tipps\" \/>\n<meta name=\"twitter:label1\" content=\"Gesch\u00e4tzte Lesezeit\" \/>\n\t<meta name=\"twitter:data1\" content=\"1\u00a0Minute\" \/>\n<script type=\"application\/ld+json\" class=\"yoast-schema-graph\">{\"@context\":\"https:\/\/schema.org\",\"@graph\":[{\"@type\":\"WebPage\",\"@id\":\"https:\/\/irland-reise-tipps.de\/de\/unterkunft\/hotels-in-fermanagh\/manor-house-country-hotel\/\",\"url\":\"https:\/\/irland-reise-tipps.de\/de\/unterkunft\/hotels-in-fermanagh\/manor-house-country-hotel\/\",\"name\":\"Manor House Country Hotel - Irland Reise Tipps\",\"isPartOf\":{\"@id\":\"https:\/\/irland-reise-tipps.de\/de\/#website\"},\"datePublished\":\"2013-11-26T10:06:04+00:00\",\"dateModified\":\"2013-11-26T10:06:04+00:00\",\"description\":\"Gemeinsam die gr\u00fcne Insel Irland entdecken. Wir haben ausgew\u00e4hlte Veranstaltungen, Unterk\u00fcnfte und Touren mit den Highlights Irlands zusammengestellt.\",\"breadcrumb\":{\"@id\":\"https:\/\/irland-reise-tipps.de\/de\/unterkunft\/hotels-in-fermanagh\/manor-house-country-hotel\/#breadcrumb\"},\"inLanguage\":\"de\",\"potentialAction\":[{\"@type\":\"ReadAction\",\"target\":[\"https:\/\/irland-reise-tipps.de\/de\/unterkunft\/hotels-in-fermanagh\/manor-house-country-hotel\/\"]}]},{\"@type\":\"BreadcrumbList\",\"@id\":\"https:\/\/irland-reise-tipps.de\/de\/unterkunft\/hotels-in-fermanagh\/manor-house-country-hotel\/#breadcrumb\",\"itemListElement\":[{\"@type\":\"ListItem\",\"position\":1,\"name\":\"Home\",\"item\":\"https:\/\/irland-reise-tipps.de\/de\/\"},{\"@type\":\"ListItem\",\"position\":2,\"name\":\"Unterkunft\",\"item\":\"https:\/\/irland-reise-tipps.de\/de\/unterkunft\/\"},{\"@type\":\"ListItem\",\"position\":3,\"name\":\"Hotels in Fermanagh\",\"item\":\"https:\/\/irland-reise-tipps.de\/de\/unterkunft\/hotels-in-fermanagh\/\"},{\"@type\":\"ListItem\",\"position\":4,\"name\":\"Manor House Country Hotel\"}]},{\"@type\":\"WebSite\",\"@id\":\"https:\/\/irland-reise-tipps.de\/de\/#website\",\"url\":\"https:\/\/irland-reise-tipps.de\/de\/\",\"name\":\"Irland Reise Tipps\",\"description\":\"Gemeinsam die gr\u00fcne Insel entdecken\",\"potentialAction\":[{\"@type\":\"SearchAction\",\"target\":{\"@type\":\"EntryPoint\",\"urlTemplate\":\"https:\/\/irland-reise-tipps.de\/de\/?s={search_term_string}\"},\"query-input\":\"required name=search_term_string\"}],\"inLanguage\":\"de\"}]}<\/script>\n<!-- \/ Yoast SEO plugin. -->","yoast_head_json":{"title":"Manor House Country Hotel - Irland Reise Tipps","description":"Gemeinsam die gr\u00fcne Insel Irland entdecken. Wir haben ausgew\u00e4hlte Veranstaltungen, Unterk\u00fcnfte und Touren mit den Highlights Irlands zusammengestellt.","robots":{"index":"index","follow":"follow","max-snippet":"max-snippet:-1","max-image-preview":"max-image-preview:large","max-video-preview":"max-video-preview:-1"},"canonical":"https:\/\/irland-reise-tipps.de\/de\/unterkunft\/hotels-in-fermanagh\/manor-house-country-hotel\/","og_locale":"de_DE","og_type":"article","og_title":"Manor House Country Hotel - Irland Reise Tipps","og_description":"Gemeinsam die gr\u00fcne Insel Irland entdecken. Wir haben ausgew\u00e4hlte Veranstaltungen, Unterk\u00fcnfte und Touren mit den Highlights Irlands zusammengestellt.","og_url":"https:\/\/irland-reise-tipps.de\/de\/unterkunft\/hotels-in-fermanagh\/manor-house-country-hotel\/","og_site_name":"Irland Reise Tipps","twitter_misc":{"Gesch\u00e4tzte Lesezeit":"1\u00a0Minute"},"schema":{"@context":"https:\/\/schema.org","@graph":[{"@type":"WebPage","@id":"https:\/\/irland-reise-tipps.de\/de\/unterkunft\/hotels-in-fermanagh\/manor-house-country-hotel\/","url":"https:\/\/irland-reise-tipps.de\/de\/unterkunft\/hotels-in-fermanagh\/manor-house-country-hotel\/","name":"Manor House Country Hotel - Irland Reise Tipps","isPartOf":{"@id":"https:\/\/irland-reise-tipps.de\/de\/#website"},"datePublished":"2013-11-26T10:06:04+00:00","dateModified":"2013-11-26T10:06:04+00:00","description":"Gemeinsam die gr\u00fcne Insel Irland entdecken. Wir haben ausgew\u00e4hlte Veranstaltungen, Unterk\u00fcnfte und Touren mit den Highlights Irlands zusammengestellt.","breadcrumb":{"@id":"https:\/\/irland-reise-tipps.de\/de\/unterkunft\/hotels-in-fermanagh\/manor-house-country-hotel\/#breadcrumb"},"inLanguage":"de","potentialAction":[{"@type":"ReadAction","target":["https:\/\/irland-reise-tipps.de\/de\/unterkunft\/hotels-in-fermanagh\/manor-house-country-hotel\/"]}]},{"@type":"BreadcrumbList","@id":"https:\/\/irland-reise-tipps.de\/de\/unterkunft\/hotels-in-fermanagh\/manor-house-country-hotel\/#breadcrumb","itemListElement":[{"@type":"ListItem","position":1,"name":"Home","item":"https:\/\/irland-reise-tipps.de\/de\/"},{"@type":"ListItem","position":2,"name":"Unterkunft","item":"https:\/\/irland-reise-tipps.de\/de\/unterkunft\/"},{"@type":"ListItem","position":3,"name":"Hotels in Fermanagh","item":"https:\/\/irland-reise-tipps.de\/de\/unterkunft\/hotels-in-fermanagh\/"},{"@type":"ListItem","position":4,"name":"Manor House Country Hotel"}]},{"@type":"WebSite","@id":"https:\/\/irland-reise-tipps.de\/de\/#website","url":"https:\/\/irland-reise-tipps.de\/de\/","name":"Irland Reise Tipps","description":"Gemeinsam die gr\u00fcne Insel entdecken","potentialAction":[{"@type":"SearchAction","target":{"@type":"EntryPoint","urlTemplate":"https:\/\/irland-reise-tipps.de\/de\/?s={search_term_string}"},"query-input":"required name=search_term_string"}],"inLanguage":"de"}]}},"_links":{"self":[{"href":"https:\/\/irland-reise-tipps.de\/de\/wp-json\/wp\/v2\/pages\/3101","targetHints":{"allow":["GET"]}}],"collection":[{"href":"https:\/\/irland-reise-tipps.de\/de\/wp-json\/wp\/v2\/pages"}],"about":[{"href":"https:\/\/irland-reise-tipps.de\/de\/wp-json\/wp\/v2\/types\/page"}],"author":[{"embeddable":true,"href":"https:\/\/irland-reise-tipps.de\/de\/wp-json\/wp\/v2\/users\/11"}],"replies":[{"embeddable":true,"href":"https:\/\/irland-reise-tipps.de\/de\/wp-json\/wp\/v2\/comments?post=3101"}],"version-history":[{"count":1,"href":"https:\/\/irland-reise-tipps.de\/de\/wp-json\/wp\/v2\/pages\/3101\/revisions"}],"predecessor-version":[{"id":3102,"href":"https:\/\/irland-reise-tipps.de\/de\/wp-json\/wp\/v2\/pages\/3101\/revisions\/3102"}],"up":[{"embeddable":true,"href":"https:\/\/irland-reise-tipps.de\/de\/wp-json\/wp\/v2\/pages\/3053"}],"wp:attachment":[{"href":"https:\/\/irland-reise-tipps.de\/de\/wp-json\/wp\/v2\/media?parent=3101"}],"curies":[{"name":"wp","href":"https:\/\/api.w.org\/{rel}","templated":true}]}}