{"id":3095,"date":"2013-11-26T10:55:07","date_gmt":"2013-11-26T09:55:07","guid":{"rendered":"http:\/\/irland-reise-tipps.de\/de\/?page_id=3095"},"modified":"2013-11-28T10:13:18","modified_gmt":"2013-11-28T09:13:18","slug":"ross-lake-house-hotel","status":"publish","type":"page","link":"https:\/\/irland-reise-tipps.de\/de\/unterkunft\/hotels-in-galway\/ross-lake-house-hotel\/","title":{"rendered":"Ross Lake House Hotel"},"content":{"rendered":"<h4 style=\"text-align: right;\">\n<a href=\"https:\/\/irland-reise-tipps.de\/de\/wp-content\/gallery\/ross-lake-house-hotel\/exterior2_1326215649.jpg\" title=\"\" rel=\"lightbox[singlepic1349]\" >\n\t<img decoding=\"async\" class=\"ngg-singlepic ngg-right\" src=\"https:\/\/irland-reise-tipps.de\/de\/wp-content\/gallery\/cache\/1349__150x150_exterior2_1326215649.jpg\" alt=\"exterior2_1326215649\" title=\"exterior2_1326215649\" \/>\n<\/a>\n<\/h4>\n<h4>Kontakt Details<\/h4>\n<p>Ross Lake House Hotel<br \/>\nRosscahill<br \/>\nOughterard<\/p>\n<p><strong>Telephone:<\/strong> +353 1 295 8900<br \/>\n<strong>Email:<\/strong> <span class=\"fs\"><a href=\"mailto:rosslake@manorhousehotels.com\">rosslake@manorhousehotels.com<\/a><\/span><br \/>\n<strong>Homepage:<\/strong><a href=\" http:\/\/manorhousehotels.com\/de\/hotels\/ross-lake-house-hotel\/\" target=\"_blank\" rel=\"nofollow\"> http:\/\/manorhousehotels.com\/de\/hotels\/ross-lake-house-hotel\/<\/a><\/p>\n\n<div class=\"ngg-galleryoverview\" id=\"ngg-gallery-117-3095\">\n\n\n\t\n\t<!-- Thumbnails -->\n\t\t\n\t<div id=\"ngg-image-1344\" class=\"ngg-gallery-thumbnail-box\"  >\n\t\t<div class=\"ngg-gallery-thumbnail\" >\n\t\t\t<a href=\"https:\/\/irland-reise-tipps.de\/de\/wp-content\/gallery\/ross-lake-house-hotel\/4poster2_1326215772.jpg\" title=\" \" rel=\"lightbox[set_117]\" >\n\t\t\t\t\t\t\t\t<img loading=\"lazy\" decoding=\"async\" title=\"4poster2_1326215772\" alt=\"4poster2_1326215772\" src=\"https:\/\/irland-reise-tipps.de\/de\/wp-content\/gallery\/ross-lake-house-hotel\/thumbs\/thumbs_4poster2_1326215772.jpg\" width=\"100\" height=\"75\" \/>\n\t\t\t\t\t\t\t<\/a>\n\t\t<\/div>\n\t<\/div>\n\t\n\t\t\n \t\t\n\t<div id=\"ngg-image-1345\" class=\"ngg-gallery-thumbnail-box\"  >\n\t\t<div class=\"ngg-gallery-thumbnail\" >\n\t\t\t<a href=\"https:\/\/irland-reise-tipps.de\/de\/wp-content\/gallery\/ross-lake-house-hotel\/bedroom1_1325696214.jpg\" title=\" \" rel=\"lightbox[set_117]\" >\n\t\t\t\t\t\t\t\t<img loading=\"lazy\" decoding=\"async\" title=\"bedroom1_1325696214\" alt=\"bedroom1_1325696214\" src=\"https:\/\/irland-reise-tipps.de\/de\/wp-content\/gallery\/ross-lake-house-hotel\/thumbs\/thumbs_bedroom1_1325696214.jpg\" width=\"100\" height=\"75\" \/>\n\t\t\t\t\t\t\t<\/a>\n\t\t<\/div>\n\t<\/div>\n\t\n\t\t\n \t\t\n\t<div id=\"ngg-image-1346\" class=\"ngg-gallery-thumbnail-box\"  >\n\t\t<div class=\"ngg-gallery-thumbnail\" >\n\t\t\t<a href=\"https:\/\/irland-reise-tipps.de\/de\/wp-content\/gallery\/ross-lake-house-hotel\/bedroom2_1325696250.jpg\" title=\" \" rel=\"lightbox[set_117]\" >\n\t\t\t\t\t\t\t\t<img loading=\"lazy\" decoding=\"async\" title=\"bedroom2_1325696250\" alt=\"bedroom2_1325696250\" src=\"https:\/\/irland-reise-tipps.de\/de\/wp-content\/gallery\/ross-lake-house-hotel\/thumbs\/thumbs_bedroom2_1325696250.jpg\" width=\"100\" height=\"75\" \/>\n\t\t\t\t\t\t\t<\/a>\n\t\t<\/div>\n\t<\/div>\n\t\n\t\t\n \t\t\n\t<div id=\"ngg-image-1347\" class=\"ngg-gallery-thumbnail-box\"  >\n\t\t<div class=\"ngg-gallery-thumbnail\" >\n\t\t\t<a href=\"https:\/\/irland-reise-tipps.de\/de\/wp-content\/gallery\/ross-lake-house-hotel\/bedsitelamp_1326215346.jpg\" title=\" \" rel=\"lightbox[set_117]\" >\n\t\t\t\t\t\t\t\t<img loading=\"lazy\" decoding=\"async\" title=\"bedsitelamp_1326215346\" alt=\"bedsitelamp_1326215346\" src=\"https:\/\/irland-reise-tipps.de\/de\/wp-content\/gallery\/ross-lake-house-hotel\/thumbs\/thumbs_bedsitelamp_1326215346.jpg\" width=\"100\" height=\"75\" \/>\n\t\t\t\t\t\t\t<\/a>\n\t\t<\/div>\n\t<\/div>\n\t\n\t\t\n \t\t\n\t<div id=\"ngg-image-1348\" class=\"ngg-gallery-thumbnail-box\"  >\n\t\t<div class=\"ngg-gallery-thumbnail\" >\n\t\t\t<a href=\"https:\/\/irland-reise-tipps.de\/de\/wp-content\/gallery\/ross-lake-house-hotel\/boats2_1326215724.jpg\" title=\" \" rel=\"lightbox[set_117]\" >\n\t\t\t\t\t\t\t\t<img loading=\"lazy\" decoding=\"async\" title=\"boats2_1326215724\" alt=\"boats2_1326215724\" src=\"https:\/\/irland-reise-tipps.de\/de\/wp-content\/gallery\/ross-lake-house-hotel\/thumbs\/thumbs_boats2_1326215724.jpg\" width=\"100\" height=\"75\" \/>\n\t\t\t\t\t\t\t<\/a>\n\t\t<\/div>\n\t<\/div>\n\t\n\t\t\n \t\t\n\t<div id=\"ngg-image-1349\" class=\"ngg-gallery-thumbnail-box\"  >\n\t\t<div class=\"ngg-gallery-thumbnail\" >\n\t\t\t<a href=\"https:\/\/irland-reise-tipps.de\/de\/wp-content\/gallery\/ross-lake-house-hotel\/exterior2_1326215649.jpg\" title=\" \" rel=\"lightbox[set_117]\" >\n\t\t\t\t\t\t\t\t<img loading=\"lazy\" decoding=\"async\" title=\"exterior2_1326215649\" alt=\"exterior2_1326215649\" src=\"https:\/\/irland-reise-tipps.de\/de\/wp-content\/gallery\/ross-lake-house-hotel\/thumbs\/thumbs_exterior2_1326215649.jpg\" width=\"100\" height=\"75\" \/>\n\t\t\t\t\t\t\t<\/a>\n\t\t<\/div>\n\t<\/div>\n\t\n\t\t\n \t\t\n\t<div id=\"ngg-image-1350\" class=\"ngg-gallery-thumbnail-box\"  >\n\t\t<div class=\"ngg-gallery-thumbnail\" >\n\t\t\t<a href=\"https:\/\/irland-reise-tipps.de\/de\/wp-content\/gallery\/ross-lake-house-hotel\/garden2_1326215541.jpg\" title=\" \" rel=\"lightbox[set_117]\" >\n\t\t\t\t\t\t\t\t<img loading=\"lazy\" decoding=\"async\" title=\"garden2_1326215541\" alt=\"garden2_1326215541\" src=\"https:\/\/irland-reise-tipps.de\/de\/wp-content\/gallery\/ross-lake-house-hotel\/thumbs\/thumbs_garden2_1326215541.jpg\" width=\"100\" height=\"75\" \/>\n\t\t\t\t\t\t\t<\/a>\n\t\t<\/div>\n\t<\/div>\n\t\n\t\t\n \t\t\n\t<div id=\"ngg-image-1351\" class=\"ngg-gallery-thumbnail-box\"  >\n\t\t<div class=\"ngg-gallery-thumbnail\" >\n\t\t\t<a href=\"https:\/\/irland-reise-tipps.de\/de\/wp-content\/gallery\/ross-lake-house-hotel\/lounge22_1326215608.jpg\" title=\" \" rel=\"lightbox[set_117]\" >\n\t\t\t\t\t\t\t\t<img loading=\"lazy\" decoding=\"async\" title=\"lounge22_1326215608\" alt=\"lounge22_1326215608\" src=\"https:\/\/irland-reise-tipps.de\/de\/wp-content\/gallery\/ross-lake-house-hotel\/thumbs\/thumbs_lounge22_1326215608.jpg\" width=\"100\" height=\"75\" \/>\n\t\t\t\t\t\t\t<\/a>\n\t\t<\/div>\n\t<\/div>\n\t\n\t\t\n \t\t\n\t<div id=\"ngg-image-1352\" class=\"ngg-gallery-thumbnail-box\"  >\n\t\t<div class=\"ngg-gallery-thumbnail\" >\n\t\t\t<a href=\"https:\/\/irland-reise-tipps.de\/de\/wp-content\/gallery\/ross-lake-house-hotel\/rosslakeext1_1326289196.jpg\" title=\" \" rel=\"lightbox[set_117]\" >\n\t\t\t\t\t\t\t\t<img loading=\"lazy\" decoding=\"async\" title=\"rosslakeext1_1326289196\" alt=\"rosslakeext1_1326289196\" src=\"https:\/\/irland-reise-tipps.de\/de\/wp-content\/gallery\/ross-lake-house-hotel\/thumbs\/thumbs_rosslakeext1_1326289196.jpg\" width=\"100\" height=\"75\" \/>\n\t\t\t\t\t\t\t<\/a>\n\t\t<\/div>\n\t<\/div>\n\t\n\t\t\n \t\t\n\t<div id=\"ngg-image-1353\" class=\"ngg-gallery-thumbnail-box\"  >\n\t\t<div class=\"ngg-gallery-thumbnail\" >\n\t\t\t<a href=\"https:\/\/irland-reise-tipps.de\/de\/wp-content\/gallery\/ross-lake-house-hotel\/rosslakeinterior_1322001228.jpg\" title=\" \" rel=\"lightbox[set_117]\" >\n\t\t\t\t\t\t\t\t<img loading=\"lazy\" decoding=\"async\" title=\"rosslakeinterior_1322001228\" alt=\"rosslakeinterior_1322001228\" src=\"https:\/\/irland-reise-tipps.de\/de\/wp-content\/gallery\/ross-lake-house-hotel\/thumbs\/thumbs_rosslakeinterior_1322001228.jpg\" width=\"100\" height=\"75\" \/>\n\t\t\t\t\t\t\t<\/a>\n\t\t<\/div>\n\t<\/div>\n\t\n\t\t\n \t \t\n\t<!-- Pagination -->\n \t<div class=\"ngg-clear\"><\/div> \t\n<\/div>\n\n\n<h4 style=\"text-align: left;\">Beschreibung<\/h4>\n<p><strong>Herzlich Willkommen im Ross Lake House Hotel!<\/strong><\/p>\n<p>Ein elegantes georgianisches Haus aus dem 19. Jahrhundert am Tor zu Connemara<\/p>\n<p>Das Ross Lake House Hotel ist ein elegantes georgianisches Haus aus dem 19. Jahrhundert inmitten eines fast 3\u00a0ha gro\u00dfen Grundst\u00fccks mit weitl\u00e4ufigen W\u00e4ldern und sanft h\u00fcgeligen Rasenanlagen. Es liegt am Tor zu Connemara, das f\u00fcr seine zerkl\u00fcftete Landschaft mit Bergen und Seen ber\u00fchmt ist. Ruhe und Gelassenheit sind die charakteristischen Merkmale dieses Landhauses, das vom Verlauf der Zeit unber\u00fchrt blieb.<\/p>\n<h4>G\u00e4ste lieben am Ross Lake House Hotel:<\/h4>\n<ul>\n<li>Die Oase der Ruhe und Entspannung<\/li>\n<li>Den Hauch vergangener Zeiten<\/li>\n<li>Das sch\u00f6ne, elegante Herrenhaus<\/li>\n<li>Die echte irische Gastfreundschaft in diesem Hotel<\/li>\n<\/ul>\n<p>Ihre Manor House Hotels Geschenkkarte kann im Ross Lake House Hotel eingel\u00f6st werden<\/p>\n<p>Wir freuen uns auf Ihren Besuch!<\/p>\n<h4>Lage des Hotels und Sehensw\u00fcrdigkeiten in der N\u00e4he<\/h4>\n<p>[google-map-v3 width=&#8220;600&#8243; height=&#8220;400&#8243; zoom=&#8220;12&#8243; maptype=&#8220;roadmap&#8220; mapalign=&#8220;center&#8220; directionhint=&#8220;false&#8220; language=&#8220;default&#8220; poweredby=&#8220;false&#8220; maptypecontrol=&#8220;true&#8220; pancontrol=&#8220;true&#8220; zoomcontrol=&#8220;true&#8220; scalecontrol=&#8220;true&#8220; streetviewcontrol=&#8220;true&#8220; scrollwheelcontrol=&#8220;false&#8220; draggable=&#8220;true&#8220; tiltfourtyfive=&#8220;false&#8220; addmarkermashupbubble=&#8220;false&#8220; addmarkermashupbubble=&#8220;false&#8220; addmarkerlist=&#8220;53.393739,-9.276711{}lodging_0star.png{}Ross Lake House Hotel&#8220; bubbleautopan=&#8220;true&#8220; showbike=&#8220;false&#8220; showtraffic=&#8220;false&#8220; showpanoramio=&#8220;false&#8220;]<\/p>\n","protected":false},"excerpt":{"rendered":"<p>Kontakt Details Ross Lake House Hotel Rosscahill Oughterard Telephone: +353 1 295 8900 Email: rosslake@manorhousehotels.com Homepage: http:\/\/manorhousehotels.com\/de\/hotels\/ross-lake-house-hotel\/ Beschreibung Herzlich Willkommen im Ross Lake House Hotel! Ein elegantes georgianisches Haus aus dem 19. Jahrhundert am Tor zu Connemara Das Ross Lake<span class=\"ellipsis\">&hellip;<\/span><\/p>\n<div class=\"read-more\"><a href=\"https:\/\/irland-reise-tipps.de\/de\/unterkunft\/hotels-in-galway\/ross-lake-house-hotel\/\">Weiterlesen &#8250;<\/a><\/div>\n<p><!-- end of .read-more --><\/p>\n","protected":false},"author":11,"featured_media":0,"parent":1218,"menu_order":0,"comment_status":"closed","ping_status":"closed","template":"","meta":{"footnotes":""},"class_list":["post-3095","page","type-page","status-publish","hentry"],"yoast_head":"<!-- This site is optimized with the Yoast SEO plugin v21.2 - https:\/\/yoast.com\/wordpress\/plugins\/seo\/ -->\n<title>Ross Lake House Hotel - Irland Reise Tipps<\/title>\n<meta name=\"description\" content=\"Gemeinsam die gr\u00fcne Insel Irland entdecken. Wir haben ausgew\u00e4hlte Veranstaltungen, Unterk\u00fcnfte und Touren mit den Highlights Irlands zusammengestellt.\" \/>\n<meta name=\"robots\" content=\"index, follow, max-snippet:-1, max-image-preview:large, max-video-preview:-1\" \/>\n<link rel=\"canonical\" href=\"https:\/\/irland-reise-tipps.de\/de\/unterkunft\/hotels-in-galway\/ross-lake-house-hotel\/\" \/>\n<meta property=\"og:locale\" content=\"de_DE\" \/>\n<meta property=\"og:type\" content=\"article\" \/>\n<meta property=\"og:title\" content=\"Ross Lake House Hotel - Irland Reise Tipps\" \/>\n<meta property=\"og:description\" content=\"Gemeinsam die gr\u00fcne Insel Irland entdecken. Wir haben ausgew\u00e4hlte Veranstaltungen, Unterk\u00fcnfte und Touren mit den Highlights Irlands zusammengestellt.\" \/>\n<meta property=\"og:url\" content=\"https:\/\/irland-reise-tipps.de\/de\/unterkunft\/hotels-in-galway\/ross-lake-house-hotel\/\" \/>\n<meta property=\"og:site_name\" content=\"Irland Reise Tipps\" \/>\n<meta property=\"article:modified_time\" content=\"2013-11-28T09:13:18+00:00\" \/>\n<meta name=\"twitter:label1\" content=\"Gesch\u00e4tzte Lesezeit\" \/>\n\t<meta name=\"twitter:data1\" content=\"1\u00a0Minute\" \/>\n<script type=\"application\/ld+json\" class=\"yoast-schema-graph\">{\"@context\":\"https:\/\/schema.org\",\"@graph\":[{\"@type\":\"WebPage\",\"@id\":\"https:\/\/irland-reise-tipps.de\/de\/unterkunft\/hotels-in-galway\/ross-lake-house-hotel\/\",\"url\":\"https:\/\/irland-reise-tipps.de\/de\/unterkunft\/hotels-in-galway\/ross-lake-house-hotel\/\",\"name\":\"Ross Lake House Hotel - Irland Reise Tipps\",\"isPartOf\":{\"@id\":\"https:\/\/irland-reise-tipps.de\/de\/#website\"},\"datePublished\":\"2013-11-26T09:55:07+00:00\",\"dateModified\":\"2013-11-28T09:13:18+00:00\",\"description\":\"Gemeinsam die gr\u00fcne Insel Irland entdecken. Wir haben ausgew\u00e4hlte Veranstaltungen, Unterk\u00fcnfte und Touren mit den Highlights Irlands zusammengestellt.\",\"breadcrumb\":{\"@id\":\"https:\/\/irland-reise-tipps.de\/de\/unterkunft\/hotels-in-galway\/ross-lake-house-hotel\/#breadcrumb\"},\"inLanguage\":\"de\",\"potentialAction\":[{\"@type\":\"ReadAction\",\"target\":[\"https:\/\/irland-reise-tipps.de\/de\/unterkunft\/hotels-in-galway\/ross-lake-house-hotel\/\"]}]},{\"@type\":\"BreadcrumbList\",\"@id\":\"https:\/\/irland-reise-tipps.de\/de\/unterkunft\/hotels-in-galway\/ross-lake-house-hotel\/#breadcrumb\",\"itemListElement\":[{\"@type\":\"ListItem\",\"position\":1,\"name\":\"Home\",\"item\":\"https:\/\/irland-reise-tipps.de\/de\/\"},{\"@type\":\"ListItem\",\"position\":2,\"name\":\"Unterkunft\",\"item\":\"https:\/\/irland-reise-tipps.de\/de\/unterkunft\/\"},{\"@type\":\"ListItem\",\"position\":3,\"name\":\"Hotels in Galway\",\"item\":\"https:\/\/irland-reise-tipps.de\/de\/unterkunft\/hotels-in-galway\/\"},{\"@type\":\"ListItem\",\"position\":4,\"name\":\"Ross Lake House Hotel\"}]},{\"@type\":\"WebSite\",\"@id\":\"https:\/\/irland-reise-tipps.de\/de\/#website\",\"url\":\"https:\/\/irland-reise-tipps.de\/de\/\",\"name\":\"Irland Reise Tipps\",\"description\":\"Gemeinsam die gr\u00fcne Insel entdecken\",\"potentialAction\":[{\"@type\":\"SearchAction\",\"target\":{\"@type\":\"EntryPoint\",\"urlTemplate\":\"https:\/\/irland-reise-tipps.de\/de\/?s={search_term_string}\"},\"query-input\":\"required name=search_term_string\"}],\"inLanguage\":\"de\"}]}<\/script>\n<!-- \/ Yoast SEO plugin. -->","yoast_head_json":{"title":"Ross Lake House Hotel - Irland Reise Tipps","description":"Gemeinsam die gr\u00fcne Insel Irland entdecken. Wir haben ausgew\u00e4hlte Veranstaltungen, Unterk\u00fcnfte und Touren mit den Highlights Irlands zusammengestellt.","robots":{"index":"index","follow":"follow","max-snippet":"max-snippet:-1","max-image-preview":"max-image-preview:large","max-video-preview":"max-video-preview:-1"},"canonical":"https:\/\/irland-reise-tipps.de\/de\/unterkunft\/hotels-in-galway\/ross-lake-house-hotel\/","og_locale":"de_DE","og_type":"article","og_title":"Ross Lake House Hotel - Irland Reise Tipps","og_description":"Gemeinsam die gr\u00fcne Insel Irland entdecken. Wir haben ausgew\u00e4hlte Veranstaltungen, Unterk\u00fcnfte und Touren mit den Highlights Irlands zusammengestellt.","og_url":"https:\/\/irland-reise-tipps.de\/de\/unterkunft\/hotels-in-galway\/ross-lake-house-hotel\/","og_site_name":"Irland Reise Tipps","article_modified_time":"2013-11-28T09:13:18+00:00","twitter_misc":{"Gesch\u00e4tzte Lesezeit":"1\u00a0Minute"},"schema":{"@context":"https:\/\/schema.org","@graph":[{"@type":"WebPage","@id":"https:\/\/irland-reise-tipps.de\/de\/unterkunft\/hotels-in-galway\/ross-lake-house-hotel\/","url":"https:\/\/irland-reise-tipps.de\/de\/unterkunft\/hotels-in-galway\/ross-lake-house-hotel\/","name":"Ross Lake House Hotel - Irland Reise Tipps","isPartOf":{"@id":"https:\/\/irland-reise-tipps.de\/de\/#website"},"datePublished":"2013-11-26T09:55:07+00:00","dateModified":"2013-11-28T09:13:18+00:00","description":"Gemeinsam die gr\u00fcne Insel Irland entdecken. Wir haben ausgew\u00e4hlte Veranstaltungen, Unterk\u00fcnfte und Touren mit den Highlights Irlands zusammengestellt.","breadcrumb":{"@id":"https:\/\/irland-reise-tipps.de\/de\/unterkunft\/hotels-in-galway\/ross-lake-house-hotel\/#breadcrumb"},"inLanguage":"de","potentialAction":[{"@type":"ReadAction","target":["https:\/\/irland-reise-tipps.de\/de\/unterkunft\/hotels-in-galway\/ross-lake-house-hotel\/"]}]},{"@type":"BreadcrumbList","@id":"https:\/\/irland-reise-tipps.de\/de\/unterkunft\/hotels-in-galway\/ross-lake-house-hotel\/#breadcrumb","itemListElement":[{"@type":"ListItem","position":1,"name":"Home","item":"https:\/\/irland-reise-tipps.de\/de\/"},{"@type":"ListItem","position":2,"name":"Unterkunft","item":"https:\/\/irland-reise-tipps.de\/de\/unterkunft\/"},{"@type":"ListItem","position":3,"name":"Hotels in Galway","item":"https:\/\/irland-reise-tipps.de\/de\/unterkunft\/hotels-in-galway\/"},{"@type":"ListItem","position":4,"name":"Ross Lake House Hotel"}]},{"@type":"WebSite","@id":"https:\/\/irland-reise-tipps.de\/de\/#website","url":"https:\/\/irland-reise-tipps.de\/de\/","name":"Irland Reise Tipps","description":"Gemeinsam die gr\u00fcne Insel entdecken","potentialAction":[{"@type":"SearchAction","target":{"@type":"EntryPoint","urlTemplate":"https:\/\/irland-reise-tipps.de\/de\/?s={search_term_string}"},"query-input":"required name=search_term_string"}],"inLanguage":"de"}]}},"_links":{"self":[{"href":"https:\/\/irland-reise-tipps.de\/de\/wp-json\/wp\/v2\/pages\/3095","targetHints":{"allow":["GET"]}}],"collection":[{"href":"https:\/\/irland-reise-tipps.de\/de\/wp-json\/wp\/v2\/pages"}],"about":[{"href":"https:\/\/irland-reise-tipps.de\/de\/wp-json\/wp\/v2\/types\/page"}],"author":[{"embeddable":true,"href":"https:\/\/irland-reise-tipps.de\/de\/wp-json\/wp\/v2\/users\/11"}],"replies":[{"embeddable":true,"href":"https:\/\/irland-reise-tipps.de\/de\/wp-json\/wp\/v2\/comments?post=3095"}],"version-history":[{"count":3,"href":"https:\/\/irland-reise-tipps.de\/de\/wp-json\/wp\/v2\/pages\/3095\/revisions"}],"predecessor-version":[{"id":3233,"href":"https:\/\/irland-reise-tipps.de\/de\/wp-json\/wp\/v2\/pages\/3095\/revisions\/3233"}],"up":[{"embeddable":true,"href":"https:\/\/irland-reise-tipps.de\/de\/wp-json\/wp\/v2\/pages\/1218"}],"wp:attachment":[{"href":"https:\/\/irland-reise-tipps.de\/de\/wp-json\/wp\/v2\/media?parent=3095"}],"curies":[{"name":"wp","href":"https:\/\/api.w.org\/{rel}","templated":true}]}}