{"id":3092,"date":"2013-11-26T10:49:24","date_gmt":"2013-11-26T09:49:24","guid":{"rendered":"http:\/\/irland-reise-tipps.de\/de\/?page_id=3092"},"modified":"2013-11-28T09:58:26","modified_gmt":"2013-11-28T08:58:26","slug":"cabra-castle","status":"publish","type":"page","link":"https:\/\/irland-reise-tipps.de\/de\/unterkunft\/hotels-in-cavan\/cabra-castle\/","title":{"rendered":"Cabra Castle"},"content":{"rendered":"<h4 style=\"text-align: right;\">\n<a href=\"https:\/\/irland-reise-tipps.de\/de\/wp-content\/gallery\/cabr-castle\/2012exterior50_1334659864.jpg\" title=\"\" rel=\"lightbox[singlepic1258]\" >\n\t<img decoding=\"async\" class=\"ngg-singlepic ngg-right\" src=\"https:\/\/irland-reise-tipps.de\/de\/wp-content\/gallery\/cache\/1258__150x150_2012exterior50_1334659864.jpg\" alt=\"2012exterior50_1334659864\" title=\"2012exterior50_1334659864\" \/>\n<\/a>\n<\/h4>\n<h4>Kontakt Details<\/h4>\n<p>Cabra Castle Hotel<br \/>\nKingscourt<\/p>\n<p><strong>Telephone:<\/strong> +353 1 2958900<br \/>\n<strong>Email:<\/strong> <span class=\"fs\"><a href=\"mailto:cabracastle@manorhousehotels.com\">cabracastle@manorhousehotels.com<\/a><\/span><br \/>\n<strong>Homepage:<\/strong> <a href=\"http:\/\/manorhousehotels.com\/de\/hotels\/cabra-castle-hotel\/\" target=\"_blank\" rel=\"nofollow\">http:\/\/manorhousehotels.com\/de\/hotels\/cabra-castle-hotel\/<\/a><\/p>\n\n<div class=\"ngg-galleryoverview\" id=\"ngg-gallery-106-3092\">\n\n\n\t\n\t<!-- Thumbnails -->\n\t\t\n\t<div id=\"ngg-image-1253\" class=\"ngg-gallery-thumbnail-box\"  >\n\t\t<div class=\"ngg-gallery-thumbnail\" >\n\t\t\t<a href=\"https:\/\/irland-reise-tipps.de\/de\/wp-content\/gallery\/cabr-castle\/2011goldroom20_1334659011.jpg\" title=\" \" rel=\"lightbox[set_106]\" >\n\t\t\t\t\t\t\t\t<img loading=\"lazy\" decoding=\"async\" title=\"2011goldroom20_1334659011\" alt=\"2011goldroom20_1334659011\" src=\"https:\/\/irland-reise-tipps.de\/de\/wp-content\/gallery\/cabr-castle\/thumbs\/thumbs_2011goldroom20_1334659011.jpg\" width=\"100\" height=\"75\" \/>\n\t\t\t\t\t\t\t<\/a>\n\t\t<\/div>\n\t<\/div>\n\t\n\t\t\n \t\t\n\t<div id=\"ngg-image-1254\" class=\"ngg-gallery-thumbnail-box\"  >\n\t\t<div class=\"ngg-gallery-thumbnail\" >\n\t\t\t<a href=\"https:\/\/irland-reise-tipps.de\/de\/wp-content\/gallery\/cabr-castle\/2011landing20_1334659741.jpg\" title=\" \" rel=\"lightbox[set_106]\" >\n\t\t\t\t\t\t\t\t<img loading=\"lazy\" decoding=\"async\" title=\"2011landing20_1334659741\" alt=\"2011landing20_1334659741\" src=\"https:\/\/irland-reise-tipps.de\/de\/wp-content\/gallery\/cabr-castle\/thumbs\/thumbs_2011landing20_1334659741.jpg\" width=\"100\" height=\"75\" \/>\n\t\t\t\t\t\t\t<\/a>\n\t\t<\/div>\n\t<\/div>\n\t\n\t\t\n \t\t\n\t<div id=\"ngg-image-1255\" class=\"ngg-gallery-thumbnail-box\"  >\n\t\t<div class=\"ngg-gallery-thumbnail\" >\n\t\t\t<a href=\"https:\/\/irland-reise-tipps.de\/de\/wp-content\/gallery\/cabr-castle\/2012bedroom20oforiginal_1334658786.jpg\" title=\" \" rel=\"lightbox[set_106]\" >\n\t\t\t\t\t\t\t\t<img loading=\"lazy\" decoding=\"async\" title=\"2012bedroom20oforiginal_1334658786\" alt=\"2012bedroom20oforiginal_1334658786\" src=\"https:\/\/irland-reise-tipps.de\/de\/wp-content\/gallery\/cabr-castle\/thumbs\/thumbs_2012bedroom20oforiginal_1334658786.jpg\" width=\"100\" height=\"75\" \/>\n\t\t\t\t\t\t\t<\/a>\n\t\t<\/div>\n\t<\/div>\n\t\n\t\t\n \t\t\n\t<div id=\"ngg-image-1256\" class=\"ngg-gallery-thumbnail-box\"  >\n\t\t<div class=\"ngg-gallery-thumbnail\" >\n\t\t\t<a href=\"https:\/\/irland-reise-tipps.de\/de\/wp-content\/gallery\/cabr-castle\/2012bedroom220_1334659367.jpg\" title=\" \" rel=\"lightbox[set_106]\" >\n\t\t\t\t\t\t\t\t<img loading=\"lazy\" decoding=\"async\" title=\"2012bedroom220_1334659367\" alt=\"2012bedroom220_1334659367\" src=\"https:\/\/irland-reise-tipps.de\/de\/wp-content\/gallery\/cabr-castle\/thumbs\/thumbs_2012bedroom220_1334659367.jpg\" width=\"100\" height=\"75\" \/>\n\t\t\t\t\t\t\t<\/a>\n\t\t<\/div>\n\t<\/div>\n\t\n\t\t\n \t\t\n\t<div id=\"ngg-image-1257\" class=\"ngg-gallery-thumbnail-box\"  >\n\t\t<div class=\"ngg-gallery-thumbnail\" >\n\t\t\t<a href=\"https:\/\/irland-reise-tipps.de\/de\/wp-content\/gallery\/cabr-castle\/2012entrancehall20_1334660598.jpg\" title=\" \" rel=\"lightbox[set_106]\" >\n\t\t\t\t\t\t\t\t<img loading=\"lazy\" decoding=\"async\" title=\"2012entrancehall20_1334660598\" alt=\"2012entrancehall20_1334660598\" src=\"https:\/\/irland-reise-tipps.de\/de\/wp-content\/gallery\/cabr-castle\/thumbs\/thumbs_2012entrancehall20_1334660598.jpg\" width=\"100\" height=\"75\" \/>\n\t\t\t\t\t\t\t<\/a>\n\t\t<\/div>\n\t<\/div>\n\t\n\t\t\n \t\t\n\t<div id=\"ngg-image-1258\" class=\"ngg-gallery-thumbnail-box\"  >\n\t\t<div class=\"ngg-gallery-thumbnail\" >\n\t\t\t<a href=\"https:\/\/irland-reise-tipps.de\/de\/wp-content\/gallery\/cabr-castle\/2012exterior50_1334659864.jpg\" title=\" \" rel=\"lightbox[set_106]\" >\n\t\t\t\t\t\t\t\t<img loading=\"lazy\" decoding=\"async\" title=\"2012exterior50_1334659864\" alt=\"2012exterior50_1334659864\" src=\"https:\/\/irland-reise-tipps.de\/de\/wp-content\/gallery\/cabr-castle\/thumbs\/thumbs_2012exterior50_1334659864.jpg\" width=\"100\" height=\"75\" \/>\n\t\t\t\t\t\t\t<\/a>\n\t\t<\/div>\n\t<\/div>\n\t\n\t\t\n \t\t\n\t<div id=\"ngg-image-1259\" class=\"ngg-gallery-thumbnail-box\"  >\n\t\t<div class=\"ngg-gallery-thumbnail\" >\n\t\t\t<a href=\"https:\/\/irland-reise-tipps.de\/de\/wp-content\/gallery\/cabr-castle\/2012garden_1334659791.jpg\" title=\" \" rel=\"lightbox[set_106]\" >\n\t\t\t\t\t\t\t\t<img loading=\"lazy\" decoding=\"async\" title=\"2012garden_1334659791\" alt=\"2012garden_1334659791\" src=\"https:\/\/irland-reise-tipps.de\/de\/wp-content\/gallery\/cabr-castle\/thumbs\/thumbs_2012garden_1334659791.jpg\" width=\"100\" height=\"75\" \/>\n\t\t\t\t\t\t\t<\/a>\n\t\t<\/div>\n\t<\/div>\n\t\n\t\t\n \t\t\n\t<div id=\"ngg-image-1260\" class=\"ngg-gallery-thumbnail-box\"  >\n\t\t<div class=\"ngg-gallery-thumbnail\" >\n\t\t\t<a href=\"https:\/\/irland-reise-tipps.de\/de\/wp-content\/gallery\/cabr-castle\/2012interiorgardenview20_1334660017.jpg\" title=\" \" rel=\"lightbox[set_106]\" >\n\t\t\t\t\t\t\t\t<img loading=\"lazy\" decoding=\"async\" title=\"2012interiorgardenview20_1334660017\" alt=\"2012interiorgardenview20_1334660017\" src=\"https:\/\/irland-reise-tipps.de\/de\/wp-content\/gallery\/cabr-castle\/thumbs\/thumbs_2012interiorgardenview20_1334660017.jpg\" width=\"100\" height=\"75\" \/>\n\t\t\t\t\t\t\t<\/a>\n\t\t<\/div>\n\t<\/div>\n\t\n\t\t\n \t\t\n\t<div id=\"ngg-image-1261\" class=\"ngg-gallery-thumbnail-box\"  >\n\t\t<div class=\"ngg-gallery-thumbnail\" >\n\t\t\t<a href=\"https:\/\/irland-reise-tipps.de\/de\/wp-content\/gallery\/cabr-castle\/cabrahill28x10jun11resized_1309172051.jpg\" title=\" \" rel=\"lightbox[set_106]\" >\n\t\t\t\t\t\t\t\t<img loading=\"lazy\" decoding=\"async\" title=\"cabrahill28x10jun11resized_1309172051\" alt=\"cabrahill28x10jun11resized_1309172051\" src=\"https:\/\/irland-reise-tipps.de\/de\/wp-content\/gallery\/cabr-castle\/thumbs\/thumbs_cabrahill28x10jun11resized_1309172051.jpg\" width=\"100\" height=\"75\" \/>\n\t\t\t\t\t\t\t<\/a>\n\t\t<\/div>\n\t<\/div>\n\t\n\t\t\n \t \t\n\t<!-- Pagination -->\n \t<div class=\"ngg-clear\"><\/div> \t\n<\/div>\n\n\n<h4 style=\"text-align: left;\">Beschreibung<\/h4>\n<p><strong>Herzlich Willkommen im Cabra Castle!<\/strong><\/p>\n<p>Cabra Castle Hotel in Cavan: Der perfekte Urlaub<\/p>\n<p>Verbringen Sie den perfekten Urlaub im Cabra Castle Hotel in Cavan, dessen Hallen und H\u00f6fe einst von Oliver Cromwell und James II betreten wurden.<\/p>\n<p>Das Cabra Castle liegt inmitten einer 40 Hektar gro\u00dfen Parklandschaft. Die unmittelbare Umgebung ist heute Teil des wundersch\u00f6nen D\u00fan a R\u00ed National Forest Park. Besuchen Sie den Lady\u2019s Lake, die ummauerten G\u00e4rten, oder folgen Sie den Naturlehrpfaden durch die W\u00e4lder, die Ihr Wissen herausfordern. Einzigartige Antiquit\u00e4ten und Gem\u00e4lde schm\u00fccken die Innenr\u00e4ume in Harmonie mit einer Atmosph\u00e4re vergangener Zeiten.<\/p>\n<p>Lediglich 1,5 Stunden von Dublin und Belfast entfernt. Ideal f\u00fcr Ihren Urlaub in einem irischen Schloss!<\/p>\n<h4>G\u00e4ste lieben am Cabra Castle:<\/h4>\n<ul>\n<li>Das Court Room Restaurant<\/li>\n<li>Die Derby Bar<\/li>\n<li>Den 9-Loch-Golfplatz &amp; Tennisplatz vor Ort<\/li>\n<li>Den eigenen ummauerten Garten. Die Umgebung des Schlosses ist Teil des D\u00fan a Ri National Forest Park.<\/li>\n<\/ul>\n<p>Ihre Manor House Hotels Geschenkkarte kann im Cabra Castle eingel\u00f6st werden.<\/p>\n<p>Wir freuen uns auf Ihren Besuch!<\/p>\n<h4>Lage des Hotels und Sehensw\u00fcrdigkeiten in der N\u00e4he<\/h4>\n<p>[google-map-v3 width=&#8220;600&#8243; height=&#8220;400&#8243; zoom=&#8220;12&#8243; maptype=&#8220;roadmap&#8220; mapalign=&#8220;center&#8220; directionhint=&#8220;false&#8220; language=&#8220;default&#8220; poweredby=&#8220;false&#8220; maptypecontrol=&#8220;true&#8220; pancontrol=&#8220;true&#8220; zoomcontrol=&#8220;true&#8220; scalecontrol=&#8220;true&#8220; streetviewcontrol=&#8220;true&#8220; scrollwheelcontrol=&#8220;false&#8220; draggable=&#8220;true&#8220; tiltfourtyfive=&#8220;false&#8220; addmarkermashupbubble=&#8220;false&#8220; addmarkermashupbubble=&#8220;false&#8220; addmarkerlist=&#8220;53.913752,-6.775025{}lodging_0star.png{}Cabra Castle&#8220; bubbleautopan=&#8220;true&#8220; showbike=&#8220;false&#8220; showtraffic=&#8220;false&#8220; showpanoramio=&#8220;false&#8220;]<\/p>\n","protected":false},"excerpt":{"rendered":"<p>Kontakt Details Cabra Castle Hotel Kingscourt Telephone: +353 1 2958900 Email: cabracastle@manorhousehotels.com Homepage: http:\/\/manorhousehotels.com\/de\/hotels\/cabra-castle-hotel\/ Beschreibung Herzlich Willkommen im Cabra Castle! Cabra Castle Hotel in Cavan: Der perfekte Urlaub Verbringen Sie den perfekten Urlaub im Cabra Castle Hotel in Cavan, dessen<span class=\"ellipsis\">&hellip;<\/span><\/p>\n<div class=\"read-more\"><a href=\"https:\/\/irland-reise-tipps.de\/de\/unterkunft\/hotels-in-cavan\/cabra-castle\/\">Weiterlesen &#8250;<\/a><\/div>\n<p><!-- end of .read-more --><\/p>\n","protected":false},"author":11,"featured_media":0,"parent":3051,"menu_order":0,"comment_status":"closed","ping_status":"closed","template":"","meta":{"footnotes":""},"class_list":["post-3092","page","type-page","status-publish","hentry"],"yoast_head":"<!-- This site is optimized with the Yoast SEO plugin v21.2 - https:\/\/yoast.com\/wordpress\/plugins\/seo\/ -->\n<title>Cabra Castle - Irland Reise Tipps<\/title>\n<meta name=\"description\" content=\"Gemeinsam die gr\u00fcne Insel Irland entdecken. Wir haben ausgew\u00e4hlte Veranstaltungen, Unterk\u00fcnfte und Touren mit den Highlights Irlands zusammengestellt.\" \/>\n<meta name=\"robots\" content=\"index, follow, max-snippet:-1, max-image-preview:large, max-video-preview:-1\" \/>\n<link rel=\"canonical\" href=\"https:\/\/irland-reise-tipps.de\/de\/unterkunft\/hotels-in-cavan\/cabra-castle\/\" \/>\n<meta property=\"og:locale\" content=\"de_DE\" \/>\n<meta property=\"og:type\" content=\"article\" \/>\n<meta property=\"og:title\" content=\"Cabra Castle - Irland Reise Tipps\" \/>\n<meta property=\"og:description\" content=\"Gemeinsam die gr\u00fcne Insel Irland entdecken. Wir haben ausgew\u00e4hlte Veranstaltungen, Unterk\u00fcnfte und Touren mit den Highlights Irlands zusammengestellt.\" \/>\n<meta property=\"og:url\" content=\"https:\/\/irland-reise-tipps.de\/de\/unterkunft\/hotels-in-cavan\/cabra-castle\/\" \/>\n<meta property=\"og:site_name\" content=\"Irland Reise Tipps\" \/>\n<meta property=\"article:modified_time\" content=\"2013-11-28T08:58:26+00:00\" \/>\n<meta name=\"twitter:label1\" content=\"Gesch\u00e4tzte Lesezeit\" \/>\n\t<meta name=\"twitter:data1\" content=\"1\u00a0Minute\" \/>\n<script type=\"application\/ld+json\" class=\"yoast-schema-graph\">{\"@context\":\"https:\/\/schema.org\",\"@graph\":[{\"@type\":\"WebPage\",\"@id\":\"https:\/\/irland-reise-tipps.de\/de\/unterkunft\/hotels-in-cavan\/cabra-castle\/\",\"url\":\"https:\/\/irland-reise-tipps.de\/de\/unterkunft\/hotels-in-cavan\/cabra-castle\/\",\"name\":\"Cabra Castle - Irland Reise Tipps\",\"isPartOf\":{\"@id\":\"https:\/\/irland-reise-tipps.de\/de\/#website\"},\"datePublished\":\"2013-11-26T09:49:24+00:00\",\"dateModified\":\"2013-11-28T08:58:26+00:00\",\"description\":\"Gemeinsam die gr\u00fcne Insel Irland entdecken. Wir haben ausgew\u00e4hlte Veranstaltungen, Unterk\u00fcnfte und Touren mit den Highlights Irlands zusammengestellt.\",\"breadcrumb\":{\"@id\":\"https:\/\/irland-reise-tipps.de\/de\/unterkunft\/hotels-in-cavan\/cabra-castle\/#breadcrumb\"},\"inLanguage\":\"de\",\"potentialAction\":[{\"@type\":\"ReadAction\",\"target\":[\"https:\/\/irland-reise-tipps.de\/de\/unterkunft\/hotels-in-cavan\/cabra-castle\/\"]}]},{\"@type\":\"BreadcrumbList\",\"@id\":\"https:\/\/irland-reise-tipps.de\/de\/unterkunft\/hotels-in-cavan\/cabra-castle\/#breadcrumb\",\"itemListElement\":[{\"@type\":\"ListItem\",\"position\":1,\"name\":\"Home\",\"item\":\"https:\/\/irland-reise-tipps.de\/de\/\"},{\"@type\":\"ListItem\",\"position\":2,\"name\":\"Unterkunft\",\"item\":\"https:\/\/irland-reise-tipps.de\/de\/unterkunft\/\"},{\"@type\":\"ListItem\",\"position\":3,\"name\":\"Hotels in Cavan\",\"item\":\"https:\/\/irland-reise-tipps.de\/de\/unterkunft\/hotels-in-cavan\/\"},{\"@type\":\"ListItem\",\"position\":4,\"name\":\"Cabra Castle\"}]},{\"@type\":\"WebSite\",\"@id\":\"https:\/\/irland-reise-tipps.de\/de\/#website\",\"url\":\"https:\/\/irland-reise-tipps.de\/de\/\",\"name\":\"Irland Reise Tipps\",\"description\":\"Gemeinsam die gr\u00fcne Insel entdecken\",\"potentialAction\":[{\"@type\":\"SearchAction\",\"target\":{\"@type\":\"EntryPoint\",\"urlTemplate\":\"https:\/\/irland-reise-tipps.de\/de\/?s={search_term_string}\"},\"query-input\":\"required name=search_term_string\"}],\"inLanguage\":\"de\"}]}<\/script>\n<!-- \/ Yoast SEO plugin. -->","yoast_head_json":{"title":"Cabra Castle - Irland Reise Tipps","description":"Gemeinsam die gr\u00fcne Insel Irland entdecken. Wir haben ausgew\u00e4hlte Veranstaltungen, Unterk\u00fcnfte und Touren mit den Highlights Irlands zusammengestellt.","robots":{"index":"index","follow":"follow","max-snippet":"max-snippet:-1","max-image-preview":"max-image-preview:large","max-video-preview":"max-video-preview:-1"},"canonical":"https:\/\/irland-reise-tipps.de\/de\/unterkunft\/hotels-in-cavan\/cabra-castle\/","og_locale":"de_DE","og_type":"article","og_title":"Cabra Castle - Irland Reise Tipps","og_description":"Gemeinsam die gr\u00fcne Insel Irland entdecken. Wir haben ausgew\u00e4hlte Veranstaltungen, Unterk\u00fcnfte und Touren mit den Highlights Irlands zusammengestellt.","og_url":"https:\/\/irland-reise-tipps.de\/de\/unterkunft\/hotels-in-cavan\/cabra-castle\/","og_site_name":"Irland Reise Tipps","article_modified_time":"2013-11-28T08:58:26+00:00","twitter_misc":{"Gesch\u00e4tzte Lesezeit":"1\u00a0Minute"},"schema":{"@context":"https:\/\/schema.org","@graph":[{"@type":"WebPage","@id":"https:\/\/irland-reise-tipps.de\/de\/unterkunft\/hotels-in-cavan\/cabra-castle\/","url":"https:\/\/irland-reise-tipps.de\/de\/unterkunft\/hotels-in-cavan\/cabra-castle\/","name":"Cabra Castle - Irland Reise Tipps","isPartOf":{"@id":"https:\/\/irland-reise-tipps.de\/de\/#website"},"datePublished":"2013-11-26T09:49:24+00:00","dateModified":"2013-11-28T08:58:26+00:00","description":"Gemeinsam die gr\u00fcne Insel Irland entdecken. Wir haben ausgew\u00e4hlte Veranstaltungen, Unterk\u00fcnfte und Touren mit den Highlights Irlands zusammengestellt.","breadcrumb":{"@id":"https:\/\/irland-reise-tipps.de\/de\/unterkunft\/hotels-in-cavan\/cabra-castle\/#breadcrumb"},"inLanguage":"de","potentialAction":[{"@type":"ReadAction","target":["https:\/\/irland-reise-tipps.de\/de\/unterkunft\/hotels-in-cavan\/cabra-castle\/"]}]},{"@type":"BreadcrumbList","@id":"https:\/\/irland-reise-tipps.de\/de\/unterkunft\/hotels-in-cavan\/cabra-castle\/#breadcrumb","itemListElement":[{"@type":"ListItem","position":1,"name":"Home","item":"https:\/\/irland-reise-tipps.de\/de\/"},{"@type":"ListItem","position":2,"name":"Unterkunft","item":"https:\/\/irland-reise-tipps.de\/de\/unterkunft\/"},{"@type":"ListItem","position":3,"name":"Hotels in Cavan","item":"https:\/\/irland-reise-tipps.de\/de\/unterkunft\/hotels-in-cavan\/"},{"@type":"ListItem","position":4,"name":"Cabra Castle"}]},{"@type":"WebSite","@id":"https:\/\/irland-reise-tipps.de\/de\/#website","url":"https:\/\/irland-reise-tipps.de\/de\/","name":"Irland Reise Tipps","description":"Gemeinsam die gr\u00fcne Insel entdecken","potentialAction":[{"@type":"SearchAction","target":{"@type":"EntryPoint","urlTemplate":"https:\/\/irland-reise-tipps.de\/de\/?s={search_term_string}"},"query-input":"required name=search_term_string"}],"inLanguage":"de"}]}},"_links":{"self":[{"href":"https:\/\/irland-reise-tipps.de\/de\/wp-json\/wp\/v2\/pages\/3092","targetHints":{"allow":["GET"]}}],"collection":[{"href":"https:\/\/irland-reise-tipps.de\/de\/wp-json\/wp\/v2\/pages"}],"about":[{"href":"https:\/\/irland-reise-tipps.de\/de\/wp-json\/wp\/v2\/types\/page"}],"author":[{"embeddable":true,"href":"https:\/\/irland-reise-tipps.de\/de\/wp-json\/wp\/v2\/users\/11"}],"replies":[{"embeddable":true,"href":"https:\/\/irland-reise-tipps.de\/de\/wp-json\/wp\/v2\/comments?post=3092"}],"version-history":[{"count":2,"href":"https:\/\/irland-reise-tipps.de\/de\/wp-json\/wp\/v2\/pages\/3092\/revisions"}],"predecessor-version":[{"id":3094,"href":"https:\/\/irland-reise-tipps.de\/de\/wp-json\/wp\/v2\/pages\/3092\/revisions\/3094"}],"up":[{"embeddable":true,"href":"https:\/\/irland-reise-tipps.de\/de\/wp-json\/wp\/v2\/pages\/3051"}],"wp:attachment":[{"href":"https:\/\/irland-reise-tipps.de\/de\/wp-json\/wp\/v2\/media?parent=3092"}],"curies":[{"name":"wp","href":"https:\/\/api.w.org\/{rel}","templated":true}]}}