{"id":3087,"date":"2013-11-26T10:39:50","date_gmt":"2013-11-26T09:39:50","guid":{"rendered":"http:\/\/irland-reise-tipps.de\/de\/?page_id=3087"},"modified":"2013-11-28T10:05:47","modified_gmt":"2013-11-28T09:05:47","slug":"brooks-hotel","status":"publish","type":"page","link":"https:\/\/irland-reise-tipps.de\/de\/unterkunft\/hotels-in-dublin\/brooks-hotel\/","title":{"rendered":"Brooks Hotel"},"content":{"rendered":"<h4 style=\"text-align: right;\">\n<a href=\"https:\/\/irland-reise-tipps.de\/de\/wp-content\/gallery\/brooks-hotel\/brooksext1_1295230113.jpg\" title=\"\" rel=\"lightbox[singlepic1241]\" >\n\t<img decoding=\"async\" class=\"ngg-singlepic ngg-right\" src=\"https:\/\/irland-reise-tipps.de\/de\/wp-content\/gallery\/cache\/1241__150x150_brooksext1_1295230113.jpg\" alt=\"brooksext1_1295230113\" title=\"brooksext1_1295230113\" \/>\n<\/a>\n<\/h4>\n<h4>Kontakt Details<\/h4>\n<p>Brooks Hotel<br \/>\n59 &#8211; 62 Drury Street<br \/>\nDublin 2<\/p>\n<p><strong>Telephone:<\/strong> +353 1 2958900<br \/>\n<strong>Email:<\/strong> <a href=\"mailto:brooks@manorhousehotels.com\">brooks@manorhousehotels.com<\/a><br \/>\n<strong>Homepage: <\/strong><a href=\"http:\/\/manorhousehotels.com\/de\/hotels\/brooks-hotel\/\" target=\"_blank\" rel=\"nofollow\">http:\/\/manorhousehotels.com\/de\/hotels\/brooks-hotel\/<\/a><\/p>\n\n<div class=\"ngg-galleryoverview\" id=\"ngg-gallery-104-3087\">\n\n\n\t\n\t<!-- Thumbnails -->\n\t\t\n\t<div id=\"ngg-image-1239\" class=\"ngg-gallery-thumbnail-box\"  >\n\t\t<div class=\"ngg-gallery-thumbnail\" >\n\t\t\t<a href=\"https:\/\/irland-reise-tipps.de\/de\/wp-content\/gallery\/brooks-hotel\/bed511_1295319234.jpg\" title=\" \" rel=\"lightbox[set_104]\" >\n\t\t\t\t\t\t\t\t<img loading=\"lazy\" decoding=\"async\" title=\"bed511_1295319234\" alt=\"bed511_1295319234\" src=\"https:\/\/irland-reise-tipps.de\/de\/wp-content\/gallery\/brooks-hotel\/thumbs\/thumbs_bed511_1295319234.jpg\" width=\"100\" height=\"75\" \/>\n\t\t\t\t\t\t\t<\/a>\n\t\t<\/div>\n\t<\/div>\n\t\n\t\t\n \t\t\n\t<div id=\"ngg-image-1240\" class=\"ngg-gallery-thumbnail-box\"  >\n\t\t<div class=\"ngg-gallery-thumbnail\" >\n\t\t\t<a href=\"https:\/\/irland-reise-tipps.de\/de\/wp-content\/gallery\/brooks-hotel\/breakfast07_1364908223.jpg\" title=\" \" rel=\"lightbox[set_104]\" >\n\t\t\t\t\t\t\t\t<img loading=\"lazy\" decoding=\"async\" title=\"breakfast07_1364908223\" alt=\"breakfast07_1364908223\" src=\"https:\/\/irland-reise-tipps.de\/de\/wp-content\/gallery\/brooks-hotel\/thumbs\/thumbs_breakfast07_1364908223.jpg\" width=\"100\" height=\"75\" \/>\n\t\t\t\t\t\t\t<\/a>\n\t\t<\/div>\n\t<\/div>\n\t\n\t\t\n \t\t\n\t<div id=\"ngg-image-1241\" class=\"ngg-gallery-thumbnail-box\"  >\n\t\t<div class=\"ngg-gallery-thumbnail\" >\n\t\t\t<a href=\"https:\/\/irland-reise-tipps.de\/de\/wp-content\/gallery\/brooks-hotel\/brooksext1_1295230113.jpg\" title=\" \" rel=\"lightbox[set_104]\" >\n\t\t\t\t\t\t\t\t<img loading=\"lazy\" decoding=\"async\" title=\"brooksext1_1295230113\" alt=\"brooksext1_1295230113\" src=\"https:\/\/irland-reise-tipps.de\/de\/wp-content\/gallery\/brooks-hotel\/thumbs\/thumbs_brooksext1_1295230113.jpg\" width=\"100\" height=\"75\" \/>\n\t\t\t\t\t\t\t<\/a>\n\t\t<\/div>\n\t<\/div>\n\t\n\t\t\n \t\t\n\t<div id=\"ngg-image-1242\" class=\"ngg-gallery-thumbnail-box\"  >\n\t\t<div class=\"ngg-gallery-thumbnail\" >\n\t\t\t<a href=\"https:\/\/irland-reise-tipps.de\/de\/wp-content\/gallery\/brooks-hotel\/brooksjasminebar72_1297344159.jpg\" title=\" \" rel=\"lightbox[set_104]\" >\n\t\t\t\t\t\t\t\t<img loading=\"lazy\" decoding=\"async\" title=\"brooksjasminebar72_1297344159\" alt=\"brooksjasminebar72_1297344159\" src=\"https:\/\/irland-reise-tipps.de\/de\/wp-content\/gallery\/brooks-hotel\/thumbs\/thumbs_brooksjasminebar72_1297344159.jpg\" width=\"100\" height=\"75\" \/>\n\t\t\t\t\t\t\t<\/a>\n\t\t<\/div>\n\t<\/div>\n\t\n\t\t\n \t\t\n\t<div id=\"ngg-image-1243\" class=\"ngg-gallery-thumbnail-box\"  >\n\t\t<div class=\"ngg-gallery-thumbnail\" >\n\t\t\t<a href=\"https:\/\/irland-reise-tipps.de\/de\/wp-content\/gallery\/brooks-hotel\/cafelounge_1295319280.jpg\" title=\" \" rel=\"lightbox[set_104]\" >\n\t\t\t\t\t\t\t\t<img loading=\"lazy\" decoding=\"async\" title=\"cafelounge_1295319280\" alt=\"cafelounge_1295319280\" src=\"https:\/\/irland-reise-tipps.de\/de\/wp-content\/gallery\/brooks-hotel\/thumbs\/thumbs_cafelounge_1295319280.jpg\" width=\"100\" height=\"75\" \/>\n\t\t\t\t\t\t\t<\/a>\n\t\t<\/div>\n\t<\/div>\n\t\n\t\t\n \t\t\n\t<div id=\"ngg-image-1244\" class=\"ngg-gallery-thumbnail-box\"  >\n\t\t<div class=\"ngg-gallery-thumbnail\" >\n\t\t\t<a href=\"https:\/\/irland-reise-tipps.de\/de\/wp-content\/gallery\/brooks-hotel\/deluxe2_1364907905.jpg\" title=\" \" rel=\"lightbox[set_104]\" >\n\t\t\t\t\t\t\t\t<img loading=\"lazy\" decoding=\"async\" title=\"deluxe2_1364907905\" alt=\"deluxe2_1364907905\" src=\"https:\/\/irland-reise-tipps.de\/de\/wp-content\/gallery\/brooks-hotel\/thumbs\/thumbs_deluxe2_1364907905.jpg\" width=\"100\" height=\"75\" \/>\n\t\t\t\t\t\t\t<\/a>\n\t\t<\/div>\n\t<\/div>\n\t\n\t\t\n \t\t\n\t<div id=\"ngg-image-1245\" class=\"ngg-gallery-thumbnail-box\"  >\n\t\t<div class=\"ngg-gallery-thumbnail\" >\n\t\t\t<a href=\"https:\/\/irland-reise-tipps.de\/de\/wp-content\/gallery\/brooks-hotel\/francescas13_1364908121.jpg\" title=\" \" rel=\"lightbox[set_104]\" >\n\t\t\t\t\t\t\t\t<img loading=\"lazy\" decoding=\"async\" title=\"francescas13_1364908121\" alt=\"francescas13_1364908121\" src=\"https:\/\/irland-reise-tipps.de\/de\/wp-content\/gallery\/brooks-hotel\/thumbs\/thumbs_francescas13_1364908121.jpg\" width=\"100\" height=\"75\" \/>\n\t\t\t\t\t\t\t<\/a>\n\t\t<\/div>\n\t<\/div>\n\t\n\t\t\n \t\t\n\t<div id=\"ngg-image-1246\" class=\"ngg-gallery-thumbnail-box\"  >\n\t\t<div class=\"ngg-gallery-thumbnail\" >\n\t\t\t<a href=\"https:\/\/irland-reise-tipps.de\/de\/wp-content\/gallery\/brooks-hotel\/jasmine01_1364908066.jpg\" title=\" \" rel=\"lightbox[set_104]\" >\n\t\t\t\t\t\t\t\t<img loading=\"lazy\" decoding=\"async\" title=\"jasmine01_1364908066\" alt=\"jasmine01_1364908066\" src=\"https:\/\/irland-reise-tipps.de\/de\/wp-content\/gallery\/brooks-hotel\/thumbs\/thumbs_jasmine01_1364908066.jpg\" width=\"100\" height=\"75\" \/>\n\t\t\t\t\t\t\t<\/a>\n\t\t<\/div>\n\t<\/div>\n\t\n\t\t\n \t\t\n\t<div id=\"ngg-image-1247\" class=\"ngg-gallery-thumbnail-box\"  >\n\t\t<div class=\"ngg-gallery-thumbnail\" >\n\t\t\t<a href=\"https:\/\/irland-reise-tipps.de\/de\/wp-content\/gallery\/brooks-hotel\/juniorsuitebed_1297343341.jpg\" title=\" \" rel=\"lightbox[set_104]\" >\n\t\t\t\t\t\t\t\t<img loading=\"lazy\" decoding=\"async\" title=\"juniorsuitebed_1297343341\" alt=\"juniorsuitebed_1297343341\" src=\"https:\/\/irland-reise-tipps.de\/de\/wp-content\/gallery\/brooks-hotel\/thumbs\/thumbs_juniorsuitebed_1297343341.jpg\" width=\"100\" height=\"75\" \/>\n\t\t\t\t\t\t\t<\/a>\n\t\t<\/div>\n\t<\/div>\n\t\n\t\t\n \t\t\n\t<div id=\"ngg-image-1248\" class=\"ngg-gallery-thumbnail-box\"  >\n\t\t<div class=\"ngg-gallery-thumbnail\" >\n\t\t\t<a href=\"https:\/\/irland-reise-tipps.de\/de\/wp-content\/gallery\/brooks-hotel\/screeningroom_1297343305.jpg\" title=\" \" rel=\"lightbox[set_104]\" >\n\t\t\t\t\t\t\t\t<img loading=\"lazy\" decoding=\"async\" title=\"screeningroom_1297343305\" alt=\"screeningroom_1297343305\" src=\"https:\/\/irland-reise-tipps.de\/de\/wp-content\/gallery\/brooks-hotel\/thumbs\/thumbs_screeningroom_1297343305.jpg\" width=\"100\" height=\"75\" \/>\n\t\t\t\t\t\t\t<\/a>\n\t\t<\/div>\n\t<\/div>\n\t\n\t\t\n \t \t\n\t<!-- Pagination -->\n \t<div class=\"ngg-clear\"><\/div> \t\n<\/div>\n\n\n<h4 style=\"text-align: left;\">Beschreibung<\/h4>\n<p><strong>Herzlich Willkommen im Brooks Hotel!<\/strong><\/p>\n<p>Luxushotel in Dubliner Stadtzentrum<\/p>\n<p>Das Brooks Hotel liegt direkt in Dublins Innenstadt, nur einige Minuten von der Grafton Street entfernt und gilt als eines der besten Luxushotels in Dublin City.<\/p>\n<p>Das Brooks Boutique-Hotel bietet hervorragende Einrichtungen und eine gehobene Ausstattung. Hier werden Sie einen ruhigen R\u00fcckzugsort inmitten der belebten Innenstadt von Dublin finden. Das Francesca\u2019s Restaurant serviert erstklassiges Essen, w\u00e4hrend das Jasmine eine gro\u00dfartige stimmungsvolle Bar ist \u2013 eine \u201eGreat Whisky Bar of the World\u201c.<\/p>\n<p>Dieses luxuri\u00f6se Boutique-Hotel verf\u00fcgt sogar \u00fcber ein eigenes Heimkino. Der Besuchersalon ist eine echte Oase in Dublins Stadtzentrum. Franz\u00f6sische Eichenvert\u00e4felung, komfortables Mobiliar und eine beeindruckende Bibliothek machen dieses Hotel zum perfekten Ort, um bei einem Cocktail zu entspannen oder sich einfach mit einem guten Buch zur\u00fcckzuziehen. Ideal f\u00fcr Ihren Aufenthalt in Dublin, egal ob privat oder gesch\u00e4ftlich.<\/p>\n<h4>G\u00e4ste lieben am Brooks Hotel:<\/h4>\n<ul>\n<li>Die zentrale Lage \u2013 das Brooks liegt im Herzen von Dublin, und die Grafton Street ist gleich um die Ecke<\/li>\n<li>Das Francesca\u2019s Restaurant<\/li>\n<li>Die moderne Caf\u00e9 Lounge<\/li>\n<li>Das Jasmine \u2013 eine \u2018Great Whiskey Bar of the World\u2019<\/li>\n<li>Die eichenget\u00e4felte Besucherlounge<\/li>\n<li>Das Heimkino<\/li>\n<li>Das \u00f6ffentliche Parkhaus gegen\u00fcber vom Brooks Hotel<\/li>\n<li>Das Fitnesscenter \u2013 eine High-Tech-Suite mit Sauna<\/li>\n<\/ul>\n<p>Ihre Manor House Hotels Geschenkkarte kann im Brooks Hotel eingel\u00f6st werden.<\/p>\n<p>Wir freuen uns auf Ihren Besuch!<\/p>\n<h4>Lage des Hotels und Sehensw\u00fcrdigkeiten in der N\u00e4he<\/h4>\n<p>[google-map-v3 width=&#8220;600&#8243; height=&#8220;400&#8243; zoom=&#8220;12&#8243; maptype=&#8220;roadmap&#8220; mapalign=&#8220;center&#8220; directionhint=&#8220;false&#8220; language=&#8220;default&#8220; poweredby=&#8220;false&#8220; maptypecontrol=&#8220;true&#8220; pancontrol=&#8220;true&#8220; zoomcontrol=&#8220;true&#8220; scalecontrol=&#8220;true&#8220; streetviewcontrol=&#8220;true&#8220; scrollwheelcontrol=&#8220;false&#8220; draggable=&#8220;true&#8220; tiltfourtyfive=&#8220;false&#8220; addmarkermashupbubble=&#8220;false&#8220; addmarkermashupbubble=&#8220;false&#8220; addmarkerlist=&#8220;53.341613, -6.263664{}lodging_0star.png{}Brooks Hotel&#8220; bubbleautopan=&#8220;true&#8220; showbike=&#8220;false&#8220; showtraffic=&#8220;false&#8220; showpanoramio=&#8220;false&#8220;]<\/p>\n","protected":false},"excerpt":{"rendered":"<p>Kontakt Details Brooks Hotel 59 &#8211; 62 Drury Street Dublin 2 Telephone: +353 1 2958900 Email: brooks@manorhousehotels.com Homepage: http:\/\/manorhousehotels.com\/de\/hotels\/brooks-hotel\/ Beschreibung Herzlich Willkommen im Brooks Hotel! Luxushotel in Dubliner Stadtzentrum Das Brooks Hotel liegt direkt in Dublins Innenstadt, nur einige Minuten<span class=\"ellipsis\">&hellip;<\/span><\/p>\n<div class=\"read-more\"><a href=\"https:\/\/irland-reise-tipps.de\/de\/unterkunft\/hotels-in-dublin\/brooks-hotel\/\">Weiterlesen &#8250;<\/a><\/div>\n<p><!-- end of .read-more --><\/p>\n","protected":false},"author":11,"featured_media":0,"parent":689,"menu_order":0,"comment_status":"closed","ping_status":"closed","template":"","meta":{"footnotes":""},"class_list":["post-3087","page","type-page","status-publish","hentry"],"yoast_head":"<!-- This site is optimized with the Yoast SEO plugin v21.2 - https:\/\/yoast.com\/wordpress\/plugins\/seo\/ -->\n<title>Brooks Hotel - Irland Reise Tipps<\/title>\n<meta name=\"description\" content=\"Gemeinsam die gr\u00fcne Insel Irland entdecken. Wir haben ausgew\u00e4hlte Veranstaltungen, Unterk\u00fcnfte und Touren mit den Highlights Irlands zusammengestellt.\" \/>\n<meta name=\"robots\" content=\"index, follow, max-snippet:-1, max-image-preview:large, max-video-preview:-1\" \/>\n<link rel=\"canonical\" href=\"https:\/\/irland-reise-tipps.de\/de\/unterkunft\/hotels-in-dublin\/brooks-hotel\/\" \/>\n<meta property=\"og:locale\" content=\"de_DE\" \/>\n<meta property=\"og:type\" content=\"article\" \/>\n<meta property=\"og:title\" content=\"Brooks Hotel - Irland Reise Tipps\" \/>\n<meta property=\"og:description\" content=\"Gemeinsam die gr\u00fcne Insel Irland entdecken. Wir haben ausgew\u00e4hlte Veranstaltungen, Unterk\u00fcnfte und Touren mit den Highlights Irlands zusammengestellt.\" \/>\n<meta property=\"og:url\" content=\"https:\/\/irland-reise-tipps.de\/de\/unterkunft\/hotels-in-dublin\/brooks-hotel\/\" \/>\n<meta property=\"og:site_name\" content=\"Irland Reise Tipps\" \/>\n<meta property=\"article:modified_time\" content=\"2013-11-28T09:05:47+00:00\" \/>\n<meta name=\"twitter:label1\" content=\"Gesch\u00e4tzte Lesezeit\" \/>\n\t<meta name=\"twitter:data1\" content=\"2\u00a0Minuten\" \/>\n<script type=\"application\/ld+json\" class=\"yoast-schema-graph\">{\"@context\":\"https:\/\/schema.org\",\"@graph\":[{\"@type\":\"WebPage\",\"@id\":\"https:\/\/irland-reise-tipps.de\/de\/unterkunft\/hotels-in-dublin\/brooks-hotel\/\",\"url\":\"https:\/\/irland-reise-tipps.de\/de\/unterkunft\/hotels-in-dublin\/brooks-hotel\/\",\"name\":\"Brooks Hotel - Irland Reise Tipps\",\"isPartOf\":{\"@id\":\"https:\/\/irland-reise-tipps.de\/de\/#website\"},\"datePublished\":\"2013-11-26T09:39:50+00:00\",\"dateModified\":\"2013-11-28T09:05:47+00:00\",\"description\":\"Gemeinsam die gr\u00fcne Insel Irland entdecken. Wir haben ausgew\u00e4hlte Veranstaltungen, Unterk\u00fcnfte und Touren mit den Highlights Irlands zusammengestellt.\",\"breadcrumb\":{\"@id\":\"https:\/\/irland-reise-tipps.de\/de\/unterkunft\/hotels-in-dublin\/brooks-hotel\/#breadcrumb\"},\"inLanguage\":\"de\",\"potentialAction\":[{\"@type\":\"ReadAction\",\"target\":[\"https:\/\/irland-reise-tipps.de\/de\/unterkunft\/hotels-in-dublin\/brooks-hotel\/\"]}]},{\"@type\":\"BreadcrumbList\",\"@id\":\"https:\/\/irland-reise-tipps.de\/de\/unterkunft\/hotels-in-dublin\/brooks-hotel\/#breadcrumb\",\"itemListElement\":[{\"@type\":\"ListItem\",\"position\":1,\"name\":\"Home\",\"item\":\"https:\/\/irland-reise-tipps.de\/de\/\"},{\"@type\":\"ListItem\",\"position\":2,\"name\":\"Unterkunft\",\"item\":\"https:\/\/irland-reise-tipps.de\/de\/unterkunft\/\"},{\"@type\":\"ListItem\",\"position\":3,\"name\":\"Hotels in Dublin\",\"item\":\"https:\/\/irland-reise-tipps.de\/de\/unterkunft\/hotels-in-dublin\/\"},{\"@type\":\"ListItem\",\"position\":4,\"name\":\"Brooks Hotel\"}]},{\"@type\":\"WebSite\",\"@id\":\"https:\/\/irland-reise-tipps.de\/de\/#website\",\"url\":\"https:\/\/irland-reise-tipps.de\/de\/\",\"name\":\"Irland Reise Tipps\",\"description\":\"Gemeinsam die gr\u00fcne Insel entdecken\",\"potentialAction\":[{\"@type\":\"SearchAction\",\"target\":{\"@type\":\"EntryPoint\",\"urlTemplate\":\"https:\/\/irland-reise-tipps.de\/de\/?s={search_term_string}\"},\"query-input\":\"required name=search_term_string\"}],\"inLanguage\":\"de\"}]}<\/script>\n<!-- \/ Yoast SEO plugin. -->","yoast_head_json":{"title":"Brooks Hotel - Irland Reise Tipps","description":"Gemeinsam die gr\u00fcne Insel Irland entdecken. Wir haben ausgew\u00e4hlte Veranstaltungen, Unterk\u00fcnfte und Touren mit den Highlights Irlands zusammengestellt.","robots":{"index":"index","follow":"follow","max-snippet":"max-snippet:-1","max-image-preview":"max-image-preview:large","max-video-preview":"max-video-preview:-1"},"canonical":"https:\/\/irland-reise-tipps.de\/de\/unterkunft\/hotels-in-dublin\/brooks-hotel\/","og_locale":"de_DE","og_type":"article","og_title":"Brooks Hotel - Irland Reise Tipps","og_description":"Gemeinsam die gr\u00fcne Insel Irland entdecken. Wir haben ausgew\u00e4hlte Veranstaltungen, Unterk\u00fcnfte und Touren mit den Highlights Irlands zusammengestellt.","og_url":"https:\/\/irland-reise-tipps.de\/de\/unterkunft\/hotels-in-dublin\/brooks-hotel\/","og_site_name":"Irland Reise Tipps","article_modified_time":"2013-11-28T09:05:47+00:00","twitter_misc":{"Gesch\u00e4tzte Lesezeit":"2\u00a0Minuten"},"schema":{"@context":"https:\/\/schema.org","@graph":[{"@type":"WebPage","@id":"https:\/\/irland-reise-tipps.de\/de\/unterkunft\/hotels-in-dublin\/brooks-hotel\/","url":"https:\/\/irland-reise-tipps.de\/de\/unterkunft\/hotels-in-dublin\/brooks-hotel\/","name":"Brooks Hotel - Irland Reise Tipps","isPartOf":{"@id":"https:\/\/irland-reise-tipps.de\/de\/#website"},"datePublished":"2013-11-26T09:39:50+00:00","dateModified":"2013-11-28T09:05:47+00:00","description":"Gemeinsam die gr\u00fcne Insel Irland entdecken. Wir haben ausgew\u00e4hlte Veranstaltungen, Unterk\u00fcnfte und Touren mit den Highlights Irlands zusammengestellt.","breadcrumb":{"@id":"https:\/\/irland-reise-tipps.de\/de\/unterkunft\/hotels-in-dublin\/brooks-hotel\/#breadcrumb"},"inLanguage":"de","potentialAction":[{"@type":"ReadAction","target":["https:\/\/irland-reise-tipps.de\/de\/unterkunft\/hotels-in-dublin\/brooks-hotel\/"]}]},{"@type":"BreadcrumbList","@id":"https:\/\/irland-reise-tipps.de\/de\/unterkunft\/hotels-in-dublin\/brooks-hotel\/#breadcrumb","itemListElement":[{"@type":"ListItem","position":1,"name":"Home","item":"https:\/\/irland-reise-tipps.de\/de\/"},{"@type":"ListItem","position":2,"name":"Unterkunft","item":"https:\/\/irland-reise-tipps.de\/de\/unterkunft\/"},{"@type":"ListItem","position":3,"name":"Hotels in Dublin","item":"https:\/\/irland-reise-tipps.de\/de\/unterkunft\/hotels-in-dublin\/"},{"@type":"ListItem","position":4,"name":"Brooks Hotel"}]},{"@type":"WebSite","@id":"https:\/\/irland-reise-tipps.de\/de\/#website","url":"https:\/\/irland-reise-tipps.de\/de\/","name":"Irland Reise Tipps","description":"Gemeinsam die gr\u00fcne Insel entdecken","potentialAction":[{"@type":"SearchAction","target":{"@type":"EntryPoint","urlTemplate":"https:\/\/irland-reise-tipps.de\/de\/?s={search_term_string}"},"query-input":"required name=search_term_string"}],"inLanguage":"de"}]}},"_links":{"self":[{"href":"https:\/\/irland-reise-tipps.de\/de\/wp-json\/wp\/v2\/pages\/3087","targetHints":{"allow":["GET"]}}],"collection":[{"href":"https:\/\/irland-reise-tipps.de\/de\/wp-json\/wp\/v2\/pages"}],"about":[{"href":"https:\/\/irland-reise-tipps.de\/de\/wp-json\/wp\/v2\/types\/page"}],"author":[{"embeddable":true,"href":"https:\/\/irland-reise-tipps.de\/de\/wp-json\/wp\/v2\/users\/11"}],"replies":[{"embeddable":true,"href":"https:\/\/irland-reise-tipps.de\/de\/wp-json\/wp\/v2\/comments?post=3087"}],"version-history":[{"count":2,"href":"https:\/\/irland-reise-tipps.de\/de\/wp-json\/wp\/v2\/pages\/3087\/revisions"}],"predecessor-version":[{"id":3228,"href":"https:\/\/irland-reise-tipps.de\/de\/wp-json\/wp\/v2\/pages\/3087\/revisions\/3228"}],"up":[{"embeddable":true,"href":"https:\/\/irland-reise-tipps.de\/de\/wp-json\/wp\/v2\/pages\/689"}],"wp:attachment":[{"href":"https:\/\/irland-reise-tipps.de\/de\/wp-json\/wp\/v2\/media?parent=3087"}],"curies":[{"name":"wp","href":"https:\/\/api.w.org\/{rel}","templated":true}]}}