{"id":3082,"date":"2013-11-26T10:33:05","date_gmt":"2013-11-26T09:33:05","guid":{"rendered":"http:\/\/irland-reise-tipps.de\/de\/?page_id=3082"},"modified":"2013-11-26T10:35:31","modified_gmt":"2013-11-26T09:35:31","slug":"brooklodge-hotel","status":"publish","type":"page","link":"https:\/\/irland-reise-tipps.de\/de\/unterkunft\/hotels-in-wicklow\/brooklodge-hotel\/","title":{"rendered":"Brooklodge Hotel"},"content":{"rendered":"<h4 style=\"text-align: right;\">\n<a href=\"https:\/\/irland-reise-tipps.de\/de\/wp-content\/gallery\/brooklodge-hotel\/brkexteriorsmaller_1329741454.jpg\" title=\"\" rel=\"lightbox[singlepic1229]\" >\n\t<img decoding=\"async\" class=\"ngg-singlepic ngg-right\" src=\"https:\/\/irland-reise-tipps.de\/de\/wp-content\/gallery\/cache\/1229__150x150_brkexteriorsmaller_1329741454.jpg\" alt=\"brkexteriorsmaller_1329741454\" title=\"brkexteriorsmaller_1329741454\" \/>\n<\/a>\n<\/h4>\n<h4>Kontakt Details<\/h4>\n<p>Brooklodge Hotel &amp; Wells Spa<br \/>\nMacreddin Village<\/p>\n<p><strong>Telephone:<\/strong> +353 1 2958900<br \/>\n<strong>Email:<\/strong> <span class=\"fs\"><a href=\"mailto:brooklodge@manorhousehotels.com\">brooklodge@manorhousehotels.com<\/a><\/span><br \/>\n<strong>Homepage: <\/strong><a href=\"http:\/\/manorhousehotels.com\/de\/hotels\/brooklodge-hotel-and-wells-spa\/\" target=\"_blank\" rel=\"nofollow\">http:\/\/manorhousehotels.com\/de\/hotels\/brooklodge-hotel-and-wells-spa\/<\/a><\/p>\n\n<div class=\"ngg-galleryoverview\" id=\"ngg-gallery-103-3082\">\n\n\n\t\n\t<!-- Thumbnails -->\n\t\t\n\t<div id=\"ngg-image-1229\" class=\"ngg-gallery-thumbnail-box\"  >\n\t\t<div class=\"ngg-gallery-thumbnail\" >\n\t\t\t<a href=\"https:\/\/irland-reise-tipps.de\/de\/wp-content\/gallery\/brooklodge-hotel\/brkexteriorsmaller_1329741454.jpg\" title=\" \" rel=\"lightbox[set_103]\" >\n\t\t\t\t\t\t\t\t<img loading=\"lazy\" decoding=\"async\" title=\"brkexteriorsmaller_1329741454\" alt=\"brkexteriorsmaller_1329741454\" src=\"https:\/\/irland-reise-tipps.de\/de\/wp-content\/gallery\/brooklodge-hotel\/thumbs\/thumbs_brkexteriorsmaller_1329741454.jpg\" width=\"100\" height=\"75\" \/>\n\t\t\t\t\t\t\t<\/a>\n\t\t<\/div>\n\t<\/div>\n\t\n\t\t\n \t\t\n\t<div id=\"ngg-image-1230\" class=\"ngg-gallery-thumbnail-box\"  >\n\t\t<div class=\"ngg-gallery-thumbnail\" >\n\t\t\t<a href=\"https:\/\/irland-reise-tipps.de\/de\/wp-content\/gallery\/brooklodge-hotel\/brooklodgebed1_1295319021.jpg\" title=\" \" rel=\"lightbox[set_103]\" >\n\t\t\t\t\t\t\t\t<img loading=\"lazy\" decoding=\"async\" title=\"brooklodgebed1_1295319021\" alt=\"brooklodgebed1_1295319021\" src=\"https:\/\/irland-reise-tipps.de\/de\/wp-content\/gallery\/brooklodge-hotel\/thumbs\/thumbs_brooklodgebed1_1295319021.jpg\" width=\"100\" height=\"75\" \/>\n\t\t\t\t\t\t\t<\/a>\n\t\t<\/div>\n\t<\/div>\n\t\n\t\t\n \t\t\n\t<div id=\"ngg-image-1231\" class=\"ngg-gallery-thumbnail-box\"  >\n\t\t<div class=\"ngg-gallery-thumbnail\" >\n\t\t\t<a href=\"https:\/\/irland-reise-tipps.de\/de\/wp-content\/gallery\/brooklodge-hotel\/brooklodgehorseridingonbridgesmaller_1329741809.jpg\" title=\" \" rel=\"lightbox[set_103]\" >\n\t\t\t\t\t\t\t\t<img loading=\"lazy\" decoding=\"async\" title=\"brooklodgehorseridingonbridgesmaller_1329741809\" alt=\"brooklodgehorseridingonbridgesmaller_1329741809\" src=\"https:\/\/irland-reise-tipps.de\/de\/wp-content\/gallery\/brooklodge-hotel\/thumbs\/thumbs_brooklodgehorseridingonbridgesmaller_1329741809.jpg\" width=\"100\" height=\"75\" \/>\n\t\t\t\t\t\t\t<\/a>\n\t\t<\/div>\n\t<\/div>\n\t\n\t\t\n \t\t\n\t<div id=\"ngg-image-1232\" class=\"ngg-gallery-thumbnail-box\"  >\n\t\t<div class=\"ngg-gallery-thumbnail\" >\n\t\t\t<a href=\"https:\/\/irland-reise-tipps.de\/de\/wp-content\/gallery\/brooklodge-hotel\/brooklodgeint1_1295319076.jpg\" title=\" \" rel=\"lightbox[set_103]\" >\n\t\t\t\t\t\t\t\t<img loading=\"lazy\" decoding=\"async\" title=\"brooklodgeint1_1295319076\" alt=\"brooklodgeint1_1295319076\" src=\"https:\/\/irland-reise-tipps.de\/de\/wp-content\/gallery\/brooklodge-hotel\/thumbs\/thumbs_brooklodgeint1_1295319076.jpg\" width=\"100\" height=\"75\" \/>\n\t\t\t\t\t\t\t<\/a>\n\t\t<\/div>\n\t<\/div>\n\t\n\t\t\n \t\t\n\t<div id=\"ngg-image-1233\" class=\"ngg-gallery-thumbnail-box\"  >\n\t\t<div class=\"ngg-gallery-thumbnail\" >\n\t\t\t<a href=\"https:\/\/irland-reise-tipps.de\/de\/wp-content\/gallery\/brooklodge-hotel\/brooklodgeint4_1295319124.jpg\" title=\" \" rel=\"lightbox[set_103]\" >\n\t\t\t\t\t\t\t\t<img loading=\"lazy\" decoding=\"async\" title=\"brooklodgeint4_1295319124\" alt=\"brooklodgeint4_1295319124\" src=\"https:\/\/irland-reise-tipps.de\/de\/wp-content\/gallery\/brooklodge-hotel\/thumbs\/thumbs_brooklodgeint4_1295319124.jpg\" width=\"100\" height=\"75\" \/>\n\t\t\t\t\t\t\t<\/a>\n\t\t<\/div>\n\t<\/div>\n\t\n\t\t\n \t\t\n\t<div id=\"ngg-image-1234\" class=\"ngg-gallery-thumbnail-box\"  >\n\t\t<div class=\"ngg-gallery-thumbnail\" >\n\t\t\t<a href=\"https:\/\/irland-reise-tipps.de\/de\/wp-content\/gallery\/brooklodge-hotel\/exteriorback_1367399502.jpg\" title=\" \" rel=\"lightbox[set_103]\" >\n\t\t\t\t\t\t\t\t<img loading=\"lazy\" decoding=\"async\" title=\"exteriorback_1367399502\" alt=\"exteriorback_1367399502\" src=\"https:\/\/irland-reise-tipps.de\/de\/wp-content\/gallery\/brooklodge-hotel\/thumbs\/thumbs_exteriorback_1367399502.jpg\" width=\"100\" height=\"75\" \/>\n\t\t\t\t\t\t\t<\/a>\n\t\t<\/div>\n\t<\/div>\n\t\n\t\t\n \t\t\n\t<div id=\"ngg-image-1235\" class=\"ngg-gallery-thumbnail-box\"  >\n\t\t<div class=\"ngg-gallery-thumbnail\" >\n\t\t\t<a href=\"https:\/\/irland-reise-tipps.de\/de\/wp-content\/gallery\/brooklodge-hotel\/juniorsuite_1358267199.jpg\" title=\" \" rel=\"lightbox[set_103]\" >\n\t\t\t\t\t\t\t\t<img loading=\"lazy\" decoding=\"async\" title=\"juniorsuite_1358267199\" alt=\"juniorsuite_1358267199\" src=\"https:\/\/irland-reise-tipps.de\/de\/wp-content\/gallery\/brooklodge-hotel\/thumbs\/thumbs_juniorsuite_1358267199.jpg\" width=\"100\" height=\"75\" \/>\n\t\t\t\t\t\t\t<\/a>\n\t\t<\/div>\n\t<\/div>\n\t\n\t\t\n \t\t\n\t<div id=\"ngg-image-1236\" class=\"ngg-gallery-thumbnail-box\"  >\n\t\t<div class=\"ngg-gallery-thumbnail\" >\n\t\t\t<a href=\"https:\/\/irland-reise-tipps.de\/de\/wp-content\/gallery\/brooklodge-hotel\/singledouble_1358267339.jpg\" title=\" \" rel=\"lightbox[set_103]\" >\n\t\t\t\t\t\t\t\t<img loading=\"lazy\" decoding=\"async\" title=\"singledouble_1358267339\" alt=\"singledouble_1358267339\" src=\"https:\/\/irland-reise-tipps.de\/de\/wp-content\/gallery\/brooklodge-hotel\/thumbs\/thumbs_singledouble_1358267339.jpg\" width=\"100\" height=\"75\" \/>\n\t\t\t\t\t\t\t<\/a>\n\t\t<\/div>\n\t<\/div>\n\t\n\t\t\n \t\t\n\t<div id=\"ngg-image-1237\" class=\"ngg-gallery-thumbnail-box\"  >\n\t\t<div class=\"ngg-gallery-thumbnail\" >\n\t\t\t<a href=\"https:\/\/irland-reise-tipps.de\/de\/wp-content\/gallery\/brooklodge-hotel\/suite_1358267419.jpg\" title=\" \" rel=\"lightbox[set_103]\" >\n\t\t\t\t\t\t\t\t<img loading=\"lazy\" decoding=\"async\" title=\"suite_1358267419\" alt=\"suite_1358267419\" src=\"https:\/\/irland-reise-tipps.de\/de\/wp-content\/gallery\/brooklodge-hotel\/thumbs\/thumbs_suite_1358267419.jpg\" width=\"100\" height=\"75\" \/>\n\t\t\t\t\t\t\t<\/a>\n\t\t<\/div>\n\t<\/div>\n\t\n\t\t\n \t\t\n\t<div id=\"ngg-image-1238\" class=\"ngg-gallery-thumbnail-box\"  >\n\t\t<div class=\"ngg-gallery-thumbnail\" >\n\t\t\t<a href=\"https:\/\/irland-reise-tipps.de\/de\/wp-content\/gallery\/brooklodge-hotel\/thechapel_1358339222.jpg\" title=\" \" rel=\"lightbox[set_103]\" >\n\t\t\t\t\t\t\t\t<img loading=\"lazy\" decoding=\"async\" title=\"thechapel_1358339222\" alt=\"thechapel_1358339222\" src=\"https:\/\/irland-reise-tipps.de\/de\/wp-content\/gallery\/brooklodge-hotel\/thumbs\/thumbs_thechapel_1358339222.jpg\" width=\"100\" height=\"75\" \/>\n\t\t\t\t\t\t\t<\/a>\n\t\t<\/div>\n\t<\/div>\n\t\n\t\t\n \t \t\n\t<!-- Pagination -->\n \t<div class=\"ngg-clear\"><\/div> \t\n<\/div>\n\n\n<h4 style=\"text-align: left;\">Beschreibung<\/h4>\n<p><strong>Herzlich Willkommen im Brooklodge Hotell!<\/strong><\/p>\n<p>Urlaub in einem luxuri\u00f6sen Spa-Hotel im preisgekr\u00f6nten BrookLodge Hotel &amp; Wells Spa<\/p>\n<p>Das BrookLodge Hotel &amp; Wells Spa liegt in einem spektakul\u00e4ren Tal in Wicklow und ist nur eine Stunde Fahrtzeit von Dublin entfernt. Es bietet ein ultimatives luxuri\u00f6ses Spa-Erlebnis. Entspannter Landhaus-Stil und modernste Ausstattung sorgen f\u00fcr einen einzigartigen Hotelaufenthalt.<\/p>\n<p>Der Obstgarten vor dem Acton&#8217;s Country Pub ist der ideale Ort f\u00fcr ein Pint. Dort gibt es au\u00dferdem eine Bio-B\u00e4ckerei, Feinkostl\u00e4den, Vinotheken, Kunsthandwerksgesch\u00e4fte, eine Reitschule, einen Championship 18-Loch-Golfplatz und Tontaubenschie\u00dfen im hoteleigenen Macreddin Village.<\/p>\n<h4>G\u00e4ste lieben am BrookLodge Hotel in Wicklow:<\/h4>\n<ul>\n<li>Preisgekr\u00f6nt mit der Failte Ireland-Auszeichnung f\u00fcr \u201eOptimale Kundenzufriedenheit\u201c im prestigetr\u00e4chtigen Hotel &amp; Catering Review Gold Medals 2012<\/li>\n<li>Bei den 2012 Spa Awards der Zeitschrift RVSP als Sieger in der Kategorie \u201eBest Resort Spa&#8220; ausgezeichnet<\/li>\n<li>\u201eRestaurant des Monats\u201c in der von Bord Bia initiierten Just Ask Campaign f\u00fcr den Monat Oktober 2012<\/li>\n<li>Georgina Campbells Hotel des Jahres 2010; AA-Hotel des Jahres 2008\/2009<\/li>\n<li>Georgina Campbell Business Hotel des Jahres 2012<\/li>\n<li>Das Wells Spa \u2013 ein Resort-Spa nur f\u00fcr Erwachsene<\/li>\n<li>Das Strawberry Tree \u2013 Irlands einziges zertifiziertes Bio-Restaurant<\/li>\n<li>La Taverna Armento \u2013 das zweite Restaurant im Macreddin Village bietet ein komplettes s\u00fcditalienisches Men\u00fc<\/li>\n<li>Der Country Pub Acton&#8217;s und die Micro-Brauerei<\/li>\n<li>Das Macreddin Village \u2013 Bio-B\u00e4ckerei, R\u00e4ucherkammer und Fachgesch\u00e4fte<\/li>\n<li>Der Macreddin Golfclub \u2013 entworfen von dem irischen Ryder-Cup-Helden Paul McGinley<\/li>\n<li>Das Macreddin Reitsportzentrum<\/li>\n<\/ul>\n<p>Ihre Manor House Hotels Geschenkkarte kann im BrookLodge Hotel eingel\u00f6st werden.<\/p>\n<p>Wir freuen uns auf Ihren Besuch!<\/p>\n<h4>Lage des Hotels und Sehensw\u00fcrdigkeiten in der N\u00e4he<\/h4>\n<p>[google-map-v3 width=&#8220;600&#8243; height=&#8220;400&#8243; zoom=&#8220;12&#8243; maptype=&#8220;roadmap&#8220; mapalign=&#8220;center&#8220; directionhint=&#8220;false&#8220; language=&#8220;default&#8220; poweredby=&#8220;false&#8220; maptypecontrol=&#8220;true&#8220; pancontrol=&#8220;true&#8220; zoomcontrol=&#8220;true&#8220; scalecontrol=&#8220;true&#8220; streetviewcontrol=&#8220;true&#8220; scrollwheelcontrol=&#8220;false&#8220; draggable=&#8220;true&#8220; tiltfourtyfive=&#8220;false&#8220; addmarkermashupbubble=&#8220;false&#8220; addmarkermashupbubble=&#8220;false&#8220; addmarkerlist=&#8220;52.880371, -6.330800{}lodging_0star.png{}Brooklodge Hotel&#8220; bubbleautopan=&#8220;true&#8220; showbike=&#8220;false&#8220; showtraffic=&#8220;false&#8220; showpanoramio=&#8220;false&#8220;]<\/p>\n","protected":false},"excerpt":{"rendered":"<p>Kontakt Details Brooklodge Hotel &amp; Wells Spa Macreddin Village Telephone: +353 1 2958900 Email: brooklodge@manorhousehotels.com Homepage: http:\/\/manorhousehotels.com\/de\/hotels\/brooklodge-hotel-and-wells-spa\/ Beschreibung Herzlich Willkommen im Brooklodge Hotell! Urlaub in einem luxuri\u00f6sen Spa-Hotel im preisgekr\u00f6nten BrookLodge Hotel &amp; Wells Spa Das BrookLodge Hotel &amp; Wells<span class=\"ellipsis\">&hellip;<\/span><\/p>\n<div class=\"read-more\"><a href=\"https:\/\/irland-reise-tipps.de\/de\/unterkunft\/hotels-in-wicklow\/brooklodge-hotel\/\">Weiterlesen &#8250;<\/a><\/div>\n<p><!-- end of .read-more --><\/p>\n","protected":false},"author":11,"featured_media":0,"parent":3071,"menu_order":0,"comment_status":"closed","ping_status":"closed","template":"","meta":{"footnotes":""},"class_list":["post-3082","page","type-page","status-publish","hentry"],"yoast_head":"<!-- This site is optimized with the Yoast SEO plugin v21.2 - https:\/\/yoast.com\/wordpress\/plugins\/seo\/ -->\n<title>Brooklodge Hotel - Irland Reise Tipps<\/title>\n<meta name=\"description\" content=\"Gemeinsam die gr\u00fcne Insel Irland entdecken. Wir haben ausgew\u00e4hlte Veranstaltungen, Unterk\u00fcnfte und Touren mit den Highlights Irlands zusammengestellt.\" \/>\n<meta name=\"robots\" content=\"index, follow, max-snippet:-1, max-image-preview:large, max-video-preview:-1\" \/>\n<link rel=\"canonical\" href=\"https:\/\/irland-reise-tipps.de\/de\/unterkunft\/hotels-in-wicklow\/brooklodge-hotel\/\" \/>\n<meta property=\"og:locale\" content=\"de_DE\" \/>\n<meta property=\"og:type\" content=\"article\" \/>\n<meta property=\"og:title\" content=\"Brooklodge Hotel - Irland Reise Tipps\" \/>\n<meta property=\"og:description\" content=\"Gemeinsam die gr\u00fcne Insel Irland entdecken. Wir haben ausgew\u00e4hlte Veranstaltungen, Unterk\u00fcnfte und Touren mit den Highlights Irlands zusammengestellt.\" \/>\n<meta property=\"og:url\" content=\"https:\/\/irland-reise-tipps.de\/de\/unterkunft\/hotels-in-wicklow\/brooklodge-hotel\/\" \/>\n<meta property=\"og:site_name\" content=\"Irland Reise Tipps\" \/>\n<meta property=\"article:modified_time\" content=\"2013-11-26T09:35:31+00:00\" \/>\n<meta name=\"twitter:label1\" content=\"Gesch\u00e4tzte Lesezeit\" \/>\n\t<meta name=\"twitter:data1\" content=\"2\u00a0Minuten\" \/>\n<script type=\"application\/ld+json\" class=\"yoast-schema-graph\">{\"@context\":\"https:\/\/schema.org\",\"@graph\":[{\"@type\":\"WebPage\",\"@id\":\"https:\/\/irland-reise-tipps.de\/de\/unterkunft\/hotels-in-wicklow\/brooklodge-hotel\/\",\"url\":\"https:\/\/irland-reise-tipps.de\/de\/unterkunft\/hotels-in-wicklow\/brooklodge-hotel\/\",\"name\":\"Brooklodge Hotel - Irland Reise Tipps\",\"isPartOf\":{\"@id\":\"https:\/\/irland-reise-tipps.de\/de\/#website\"},\"datePublished\":\"2013-11-26T09:33:05+00:00\",\"dateModified\":\"2013-11-26T09:35:31+00:00\",\"description\":\"Gemeinsam die gr\u00fcne Insel Irland entdecken. Wir haben ausgew\u00e4hlte Veranstaltungen, Unterk\u00fcnfte und Touren mit den Highlights Irlands zusammengestellt.\",\"breadcrumb\":{\"@id\":\"https:\/\/irland-reise-tipps.de\/de\/unterkunft\/hotels-in-wicklow\/brooklodge-hotel\/#breadcrumb\"},\"inLanguage\":\"de\",\"potentialAction\":[{\"@type\":\"ReadAction\",\"target\":[\"https:\/\/irland-reise-tipps.de\/de\/unterkunft\/hotels-in-wicklow\/brooklodge-hotel\/\"]}]},{\"@type\":\"BreadcrumbList\",\"@id\":\"https:\/\/irland-reise-tipps.de\/de\/unterkunft\/hotels-in-wicklow\/brooklodge-hotel\/#breadcrumb\",\"itemListElement\":[{\"@type\":\"ListItem\",\"position\":1,\"name\":\"Home\",\"item\":\"https:\/\/irland-reise-tipps.de\/de\/\"},{\"@type\":\"ListItem\",\"position\":2,\"name\":\"Unterkunft\",\"item\":\"https:\/\/irland-reise-tipps.de\/de\/unterkunft\/\"},{\"@type\":\"ListItem\",\"position\":3,\"name\":\"Hotels in Wicklow\",\"item\":\"https:\/\/irland-reise-tipps.de\/de\/unterkunft\/hotels-in-wicklow\/\"},{\"@type\":\"ListItem\",\"position\":4,\"name\":\"Brooklodge Hotel\"}]},{\"@type\":\"WebSite\",\"@id\":\"https:\/\/irland-reise-tipps.de\/de\/#website\",\"url\":\"https:\/\/irland-reise-tipps.de\/de\/\",\"name\":\"Irland Reise Tipps\",\"description\":\"Gemeinsam die gr\u00fcne Insel entdecken\",\"potentialAction\":[{\"@type\":\"SearchAction\",\"target\":{\"@type\":\"EntryPoint\",\"urlTemplate\":\"https:\/\/irland-reise-tipps.de\/de\/?s={search_term_string}\"},\"query-input\":\"required name=search_term_string\"}],\"inLanguage\":\"de\"}]}<\/script>\n<!-- \/ Yoast SEO plugin. -->","yoast_head_json":{"title":"Brooklodge Hotel - Irland Reise Tipps","description":"Gemeinsam die gr\u00fcne Insel Irland entdecken. Wir haben ausgew\u00e4hlte Veranstaltungen, Unterk\u00fcnfte und Touren mit den Highlights Irlands zusammengestellt.","robots":{"index":"index","follow":"follow","max-snippet":"max-snippet:-1","max-image-preview":"max-image-preview:large","max-video-preview":"max-video-preview:-1"},"canonical":"https:\/\/irland-reise-tipps.de\/de\/unterkunft\/hotels-in-wicklow\/brooklodge-hotel\/","og_locale":"de_DE","og_type":"article","og_title":"Brooklodge Hotel - Irland Reise Tipps","og_description":"Gemeinsam die gr\u00fcne Insel Irland entdecken. Wir haben ausgew\u00e4hlte Veranstaltungen, Unterk\u00fcnfte und Touren mit den Highlights Irlands zusammengestellt.","og_url":"https:\/\/irland-reise-tipps.de\/de\/unterkunft\/hotels-in-wicklow\/brooklodge-hotel\/","og_site_name":"Irland Reise Tipps","article_modified_time":"2013-11-26T09:35:31+00:00","twitter_misc":{"Gesch\u00e4tzte Lesezeit":"2\u00a0Minuten"},"schema":{"@context":"https:\/\/schema.org","@graph":[{"@type":"WebPage","@id":"https:\/\/irland-reise-tipps.de\/de\/unterkunft\/hotels-in-wicklow\/brooklodge-hotel\/","url":"https:\/\/irland-reise-tipps.de\/de\/unterkunft\/hotels-in-wicklow\/brooklodge-hotel\/","name":"Brooklodge Hotel - Irland Reise Tipps","isPartOf":{"@id":"https:\/\/irland-reise-tipps.de\/de\/#website"},"datePublished":"2013-11-26T09:33:05+00:00","dateModified":"2013-11-26T09:35:31+00:00","description":"Gemeinsam die gr\u00fcne Insel Irland entdecken. Wir haben ausgew\u00e4hlte Veranstaltungen, Unterk\u00fcnfte und Touren mit den Highlights Irlands zusammengestellt.","breadcrumb":{"@id":"https:\/\/irland-reise-tipps.de\/de\/unterkunft\/hotels-in-wicklow\/brooklodge-hotel\/#breadcrumb"},"inLanguage":"de","potentialAction":[{"@type":"ReadAction","target":["https:\/\/irland-reise-tipps.de\/de\/unterkunft\/hotels-in-wicklow\/brooklodge-hotel\/"]}]},{"@type":"BreadcrumbList","@id":"https:\/\/irland-reise-tipps.de\/de\/unterkunft\/hotels-in-wicklow\/brooklodge-hotel\/#breadcrumb","itemListElement":[{"@type":"ListItem","position":1,"name":"Home","item":"https:\/\/irland-reise-tipps.de\/de\/"},{"@type":"ListItem","position":2,"name":"Unterkunft","item":"https:\/\/irland-reise-tipps.de\/de\/unterkunft\/"},{"@type":"ListItem","position":3,"name":"Hotels in Wicklow","item":"https:\/\/irland-reise-tipps.de\/de\/unterkunft\/hotels-in-wicklow\/"},{"@type":"ListItem","position":4,"name":"Brooklodge Hotel"}]},{"@type":"WebSite","@id":"https:\/\/irland-reise-tipps.de\/de\/#website","url":"https:\/\/irland-reise-tipps.de\/de\/","name":"Irland Reise Tipps","description":"Gemeinsam die gr\u00fcne Insel entdecken","potentialAction":[{"@type":"SearchAction","target":{"@type":"EntryPoint","urlTemplate":"https:\/\/irland-reise-tipps.de\/de\/?s={search_term_string}"},"query-input":"required name=search_term_string"}],"inLanguage":"de"}]}},"_links":{"self":[{"href":"https:\/\/irland-reise-tipps.de\/de\/wp-json\/wp\/v2\/pages\/3082","targetHints":{"allow":["GET"]}}],"collection":[{"href":"https:\/\/irland-reise-tipps.de\/de\/wp-json\/wp\/v2\/pages"}],"about":[{"href":"https:\/\/irland-reise-tipps.de\/de\/wp-json\/wp\/v2\/types\/page"}],"author":[{"embeddable":true,"href":"https:\/\/irland-reise-tipps.de\/de\/wp-json\/wp\/v2\/users\/11"}],"replies":[{"embeddable":true,"href":"https:\/\/irland-reise-tipps.de\/de\/wp-json\/wp\/v2\/comments?post=3082"}],"version-history":[{"count":4,"href":"https:\/\/irland-reise-tipps.de\/de\/wp-json\/wp\/v2\/pages\/3082\/revisions"}],"predecessor-version":[{"id":3086,"href":"https:\/\/irland-reise-tipps.de\/de\/wp-json\/wp\/v2\/pages\/3082\/revisions\/3086"}],"up":[{"embeddable":true,"href":"https:\/\/irland-reise-tipps.de\/de\/wp-json\/wp\/v2\/pages\/3071"}],"wp:attachment":[{"href":"https:\/\/irland-reise-tipps.de\/de\/wp-json\/wp\/v2\/media?parent=3082"}],"curies":[{"name":"wp","href":"https:\/\/api.w.org\/{rel}","templated":true}]}}