{"id":3078,"date":"2013-11-26T10:24:41","date_gmt":"2013-11-26T09:24:41","guid":{"rendered":"http:\/\/irland-reise-tipps.de\/de\/?page_id=3078"},"modified":"2013-11-28T10:21:26","modified_gmt":"2013-11-28T09:21:26","slug":"beech-hill","status":"publish","type":"page","link":"https:\/\/irland-reise-tipps.de\/de\/unterkunft\/hotels-in-londonderry\/beech-hill\/","title":{"rendered":"Beech Hill Country House Hotel"},"content":{"rendered":"<h4 style=\"text-align: right;\">\n<a href=\"https:\/\/irland-reise-tipps.de\/de\/wp-content\/gallery\/beech-hill\/may2_1315306076.jpg\" title=\"\" rel=\"lightbox[singlepic1226]\" >\n\t<img decoding=\"async\" class=\"ngg-singlepic ngg-right\" src=\"https:\/\/irland-reise-tipps.de\/de\/wp-content\/gallery\/cache\/1226__150x150_may2_1315306076.jpg\" alt=\"may2_1315306076\" title=\"may2_1315306076\" \/>\n<\/a>\n<\/h4>\n<h4>Kontakt Details<\/h4>\n<p>Beech Hill Country House Hotel<br \/>\n32 Ardmore Road<br \/>\nLondonderry<br \/>\nBT47 3QP<br \/>\nNordirland<\/p>\n<p><strong>Telephone:<\/strong> +353 1 2958900<br \/>\n<strong>Email:<\/strong> <a href=\"mailto:beechhill@manorhousehotels.com\">beechhill@manorhousehotels.com<\/a><br \/>\n<strong>Homepage:<\/strong> <a href=\"http:\/\/manorhousehotels.com\/de\/hotels\/beech-hill-country-house-hotel\/\" target=\"_blank\" rel=\"nofollow\">http:\/\/manorhousehotels.com\/de\/hotels\/beech-hill-country-house-hotel\/<\/a><\/p>\n\n<div class=\"ngg-galleryoverview\" id=\"ngg-gallery-102-3078\">\n\n\n\t\n\t<!-- Thumbnails -->\n\t\t\n\t<div id=\"ngg-image-1219\" class=\"ngg-gallery-thumbnail-box\"  >\n\t\t<div class=\"ngg-gallery-thumbnail\" >\n\t\t\t<a href=\"https:\/\/irland-reise-tipps.de\/de\/wp-content\/gallery\/beech-hill\/beechhillext1horse2011_1315306238.jpg\" title=\" \" rel=\"lightbox[set_102]\" >\n\t\t\t\t\t\t\t\t<img loading=\"lazy\" decoding=\"async\" title=\"beechhillext1horse2011_1315306238\" alt=\"beechhillext1horse2011_1315306238\" src=\"https:\/\/irland-reise-tipps.de\/de\/wp-content\/gallery\/beech-hill\/thumbs\/thumbs_beechhillext1horse2011_1315306238.jpg\" width=\"100\" height=\"75\" \/>\n\t\t\t\t\t\t\t<\/a>\n\t\t<\/div>\n\t<\/div>\n\t\n\t\t\n \t\t\n\t<div id=\"ngg-image-1220\" class=\"ngg-gallery-thumbnail-box\"  >\n\t\t<div class=\"ngg-gallery-thumbnail\" >\n\t\t\t<a href=\"https:\/\/irland-reise-tipps.de\/de\/wp-content\/gallery\/beech-hill\/beechhillint12011_1315308917.jpg\" title=\" \" rel=\"lightbox[set_102]\" >\n\t\t\t\t\t\t\t\t<img loading=\"lazy\" decoding=\"async\" title=\"beechhillint12011_1315308917\" alt=\"beechhillint12011_1315308917\" src=\"https:\/\/irland-reise-tipps.de\/de\/wp-content\/gallery\/beech-hill\/thumbs\/thumbs_beechhillint12011_1315308917.jpg\" width=\"100\" height=\"75\" \/>\n\t\t\t\t\t\t\t<\/a>\n\t\t<\/div>\n\t<\/div>\n\t\n\t\t\n \t\t\n\t<div id=\"ngg-image-1221\" class=\"ngg-gallery-thumbnail-box\"  >\n\t\t<div class=\"ngg-gallery-thumbnail\" >\n\t\t\t<a href=\"https:\/\/irland-reise-tipps.de\/de\/wp-content\/gallery\/beech-hill\/beechhillint3_1295318783.jpg\" title=\" \" rel=\"lightbox[set_102]\" >\n\t\t\t\t\t\t\t\t<img loading=\"lazy\" decoding=\"async\" title=\"beechhillint3_1295318783\" alt=\"beechhillint3_1295318783\" src=\"https:\/\/irland-reise-tipps.de\/de\/wp-content\/gallery\/beech-hill\/thumbs\/thumbs_beechhillint3_1295318783.jpg\" width=\"100\" height=\"75\" \/>\n\t\t\t\t\t\t\t<\/a>\n\t\t<\/div>\n\t<\/div>\n\t\n\t\t\n \t\t\n\t<div id=\"ngg-image-1222\" class=\"ngg-gallery-thumbnail-box\"  >\n\t\t<div class=\"ngg-gallery-thumbnail\" >\n\t\t\t<a href=\"https:\/\/irland-reise-tipps.de\/de\/wp-content\/gallery\/beech-hill\/beechhilljuniorsuite12011_1315306832.jpg\" title=\" \" rel=\"lightbox[set_102]\" >\n\t\t\t\t\t\t\t\t<img loading=\"lazy\" decoding=\"async\" title=\"beechhilljuniorsuite12011_1315306832\" alt=\"beechhilljuniorsuite12011_1315306832\" src=\"https:\/\/irland-reise-tipps.de\/de\/wp-content\/gallery\/beech-hill\/thumbs\/thumbs_beechhilljuniorsuite12011_1315306832.jpg\" width=\"100\" height=\"75\" \/>\n\t\t\t\t\t\t\t<\/a>\n\t\t<\/div>\n\t<\/div>\n\t\n\t\t\n \t\t\n\t<div id=\"ngg-image-1223\" class=\"ngg-gallery-thumbnail-box\"  >\n\t\t<div class=\"ngg-gallery-thumbnail\" >\n\t\t\t<a href=\"https:\/\/irland-reise-tipps.de\/de\/wp-content\/gallery\/beech-hill\/beechhilllake2011_1315307014.jpg\" title=\" \" rel=\"lightbox[set_102]\" >\n\t\t\t\t\t\t\t\t<img loading=\"lazy\" decoding=\"async\" title=\"beechhilllake2011_1315307014\" alt=\"beechhilllake2011_1315307014\" src=\"https:\/\/irland-reise-tipps.de\/de\/wp-content\/gallery\/beech-hill\/thumbs\/thumbs_beechhilllake2011_1315307014.jpg\" width=\"100\" height=\"75\" \/>\n\t\t\t\t\t\t\t<\/a>\n\t\t<\/div>\n\t<\/div>\n\t\n\t\t\n \t\t\n\t<div id=\"ngg-image-1224\" class=\"ngg-gallery-thumbnail-box\"  >\n\t\t<div class=\"ngg-gallery-thumbnail\" >\n\t\t\t<a href=\"https:\/\/irland-reise-tipps.de\/de\/wp-content\/gallery\/beech-hill\/beechhilltwin22011_1315309067.jpg\" title=\" \" rel=\"lightbox[set_102]\" >\n\t\t\t\t\t\t\t\t<img loading=\"lazy\" decoding=\"async\" title=\"beechhilltwin22011_1315309067\" alt=\"beechhilltwin22011_1315309067\" src=\"https:\/\/irland-reise-tipps.de\/de\/wp-content\/gallery\/beech-hill\/thumbs\/thumbs_beechhilltwin22011_1315309067.jpg\" width=\"100\" height=\"75\" \/>\n\t\t\t\t\t\t\t<\/a>\n\t\t<\/div>\n\t<\/div>\n\t\n\t\t\n \t\t\n\t<div id=\"ngg-image-1225\" class=\"ngg-gallery-thumbnail-box\"  >\n\t\t<div class=\"ngg-gallery-thumbnail\" >\n\t\t\t<a href=\"https:\/\/irland-reise-tipps.de\/de\/wp-content\/gallery\/beech-hill\/beechillsuperiorroom2011_1315306636.jpg\" title=\" \" rel=\"lightbox[set_102]\" >\n\t\t\t\t\t\t\t\t<img loading=\"lazy\" decoding=\"async\" title=\"beechillsuperiorroom2011_1315306636\" alt=\"beechillsuperiorroom2011_1315306636\" src=\"https:\/\/irland-reise-tipps.de\/de\/wp-content\/gallery\/beech-hill\/thumbs\/thumbs_beechillsuperiorroom2011_1315306636.jpg\" width=\"100\" height=\"75\" \/>\n\t\t\t\t\t\t\t<\/a>\n\t\t<\/div>\n\t<\/div>\n\t\n\t\t\n \t\t\n\t<div id=\"ngg-image-1226\" class=\"ngg-gallery-thumbnail-box\"  >\n\t\t<div class=\"ngg-gallery-thumbnail\" >\n\t\t\t<a href=\"https:\/\/irland-reise-tipps.de\/de\/wp-content\/gallery\/beech-hill\/may2_1315306076.jpg\" title=\" \" rel=\"lightbox[set_102]\" >\n\t\t\t\t\t\t\t\t<img loading=\"lazy\" decoding=\"async\" title=\"may2_1315306076\" alt=\"may2_1315306076\" src=\"https:\/\/irland-reise-tipps.de\/de\/wp-content\/gallery\/beech-hill\/thumbs\/thumbs_may2_1315306076.jpg\" width=\"100\" height=\"75\" \/>\n\t\t\t\t\t\t\t<\/a>\n\t\t<\/div>\n\t<\/div>\n\t\n\t\t\n \t\t\n\t<div id=\"ngg-image-1227\" class=\"ngg-gallery-thumbnail-box\"  >\n\t\t<div class=\"ngg-gallery-thumbnail\" >\n\t\t\t<a href=\"https:\/\/irland-reise-tipps.de\/de\/wp-content\/gallery\/beech-hill\/room26bjuniorsuite_1315305995.jpg\" title=\" \" rel=\"lightbox[set_102]\" >\n\t\t\t\t\t\t\t\t<img loading=\"lazy\" decoding=\"async\" title=\"room26bjuniorsuite_1315305995\" alt=\"room26bjuniorsuite_1315305995\" src=\"https:\/\/irland-reise-tipps.de\/de\/wp-content\/gallery\/beech-hill\/thumbs\/thumbs_room26bjuniorsuite_1315305995.jpg\" width=\"100\" height=\"75\" \/>\n\t\t\t\t\t\t\t<\/a>\n\t\t<\/div>\n\t<\/div>\n\t\n\t\t\n \t\t\n\t<div id=\"ngg-image-1228\" class=\"ngg-gallery-thumbnail-box\"  >\n\t\t<div class=\"ngg-gallery-thumbnail\" >\n\t\t\t<a href=\"https:\/\/irland-reise-tipps.de\/de\/wp-content\/gallery\/beech-hill\/room51mastersuite_1315309387.jpg\" title=\" \" rel=\"lightbox[set_102]\" >\n\t\t\t\t\t\t\t\t<img loading=\"lazy\" decoding=\"async\" title=\"room51mastersuite_1315309387\" alt=\"room51mastersuite_1315309387\" src=\"https:\/\/irland-reise-tipps.de\/de\/wp-content\/gallery\/beech-hill\/thumbs\/thumbs_room51mastersuite_1315309387.jpg\" width=\"100\" height=\"75\" \/>\n\t\t\t\t\t\t\t<\/a>\n\t\t<\/div>\n\t<\/div>\n\t\n\t\t\n \t \t\n\t<!-- Pagination -->\n \t<div class=\"ngg-clear\"><\/div> \t\n<\/div>\n\n\n<h4 style=\"text-align: left;\">Beschreibung<\/h4>\n<p><strong>Herzlich Willkommen im Beech Hill Country House Hotel!<\/strong><\/p>\n<p>Elegantes l\u00e4ndliches Country House Hotel in der N\u00e4he der Stadt Derry<\/p>\n<p>Das Beech Hill Country House Hotel liegt in einer perfekten l\u00e4ndlichen Umgebung und ist doch nur ein paar Fahrminuten von Derrys Innenstadt entfernt.<\/p>\n<p>Der Besitzer Patsy O\u2019Kane liebt die Gastfreundschaft und hat schon hochkar\u00e4tige G\u00e4ste wie den ehemaligen US-Pr\u00e4sidenten Bill Clinton und Ehefrau Hilary willkommen gehei\u00dfen.<\/p>\n<p>Das Beech Hill war die Basis der US-Marine im 2. Weltkrieg. Im Garten steht ein Denkmal f\u00fcr die Marine Corps, und jedes Jahr kommen Marinesoldaten aus den USA und Europa, um ihre Verbindung mit dem Beech Hill Country House Hotel und der Stadt Derry lebendig zu halten.<\/p>\n<h4>G\u00e4ste lieben am Beech Hill Country House:<\/h4>\n<ul>\n<li>Das Beech Hill ist umgeben von idyllischen, gepflegten G\u00e4rten inmitten eines ausgedehnten Wald- und Flussgebiets<\/li>\n<li>Das Freizeitzentrum verf\u00fcgt \u00fcber eine Sauna und ein Dampfbad, einen Whirlpool und Fitnessger\u00e4te<\/li>\n<li>Es stehen Ihnen Entspannungs- und Sch\u00f6nheitsbehandlungen zur Verf\u00fcgung<\/li>\n<li>Preisgekr\u00f6ntes Ardmore Restaurant, 1 AA-Rosette<\/li>\n<li>F\u00fchrungen durch die Stadt Derry k\u00f6nnen im Hotel arrangiert werden<\/li>\n<li>Die dramatische Landschaft der Grafschaft Donegal und die Sperrin Berge sind leicht zu erreichen<\/li>\n<\/ul>\n<p>Ihre Manor House Hotels Geschenkkarte kann im Beech Hill Country House eingel\u00f6st werden.<\/p>\n<p>Wir freuen uns auf Ihren Besuch!<\/p>\n<h4>Lage des Hotels und Sehensw\u00fcrdigkeiten in der N\u00e4he<\/h4>\n<p>[google-map-v3 width=&#8220;600&#8243; height=&#8220;400&#8243; zoom=&#8220;12&#8243; maptype=&#8220;roadmap&#8220; mapalign=&#8220;center&#8220; directionhint=&#8220;false&#8220; language=&#8220;default&#8220; poweredby=&#8220;false&#8220; maptypecontrol=&#8220;true&#8220; pancontrol=&#8220;true&#8220; zoomcontrol=&#8220;true&#8220; scalecontrol=&#8220;true&#8220; streetviewcontrol=&#8220;true&#8220; scrollwheelcontrol=&#8220;false&#8220; draggable=&#8220;true&#8220; tiltfourtyfive=&#8220;false&#8220; addmarkermashupbubble=&#8220;false&#8220; addmarkermashupbubble=&#8220;false&#8220; addmarkerlist=&#8220;54.968549, -7.272978{}lodging_0star.png{}Beech Hill Country House Hotel&#8220; bubbleautopan=&#8220;true&#8220; showbike=&#8220;false&#8220; showtraffic=&#8220;false&#8220; showpanoramio=&#8220;false&#8220;]<\/p>\n","protected":false},"excerpt":{"rendered":"<p>Kontakt Details Beech Hill Country House Hotel 32 Ardmore Road Londonderry BT47 3QP Nordirland Telephone: +353 1 2958900 Email: beechhill@manorhousehotels.com Homepage: http:\/\/manorhousehotels.com\/de\/hotels\/beech-hill-country-house-hotel\/ Beschreibung Herzlich Willkommen im Beech Hill Country House Hotel! Elegantes l\u00e4ndliches Country House Hotel in der N\u00e4he der<span class=\"ellipsis\">&hellip;<\/span><\/p>\n<div class=\"read-more\"><a href=\"https:\/\/irland-reise-tipps.de\/de\/unterkunft\/hotels-in-londonderry\/beech-hill\/\">Weiterlesen &#8250;<\/a><\/div>\n<p><!-- end of .read-more --><\/p>\n","protected":false},"author":11,"featured_media":0,"parent":3049,"menu_order":0,"comment_status":"closed","ping_status":"closed","template":"","meta":{"footnotes":""},"class_list":["post-3078","page","type-page","status-publish","hentry"],"yoast_head":"<!-- This site is optimized with the Yoast SEO plugin v21.2 - https:\/\/yoast.com\/wordpress\/plugins\/seo\/ -->\n<title>Beech Hill Country House Hotel - Irland Reise Tipps<\/title>\n<meta name=\"description\" content=\"Gemeinsam die gr\u00fcne Insel Irland entdecken. Wir haben ausgew\u00e4hlte Veranstaltungen, Unterk\u00fcnfte und Touren mit den Highlights Irlands zusammengestellt.\" \/>\n<meta name=\"robots\" content=\"index, follow, max-snippet:-1, max-image-preview:large, max-video-preview:-1\" \/>\n<link rel=\"canonical\" href=\"https:\/\/irland-reise-tipps.de\/de\/unterkunft\/hotels-in-londonderry\/beech-hill\/\" \/>\n<meta property=\"og:locale\" content=\"de_DE\" \/>\n<meta property=\"og:type\" content=\"article\" \/>\n<meta property=\"og:title\" content=\"Beech Hill Country House Hotel - Irland Reise Tipps\" \/>\n<meta property=\"og:description\" content=\"Gemeinsam die gr\u00fcne Insel Irland entdecken. Wir haben ausgew\u00e4hlte Veranstaltungen, Unterk\u00fcnfte und Touren mit den Highlights Irlands zusammengestellt.\" \/>\n<meta property=\"og:url\" content=\"https:\/\/irland-reise-tipps.de\/de\/unterkunft\/hotels-in-londonderry\/beech-hill\/\" \/>\n<meta property=\"og:site_name\" content=\"Irland Reise Tipps\" \/>\n<meta property=\"article:modified_time\" content=\"2013-11-28T09:21:26+00:00\" \/>\n<meta name=\"twitter:label1\" content=\"Gesch\u00e4tzte Lesezeit\" \/>\n\t<meta name=\"twitter:data1\" content=\"2\u00a0Minuten\" \/>\n<script type=\"application\/ld+json\" class=\"yoast-schema-graph\">{\"@context\":\"https:\/\/schema.org\",\"@graph\":[{\"@type\":\"WebPage\",\"@id\":\"https:\/\/irland-reise-tipps.de\/de\/unterkunft\/hotels-in-londonderry\/beech-hill\/\",\"url\":\"https:\/\/irland-reise-tipps.de\/de\/unterkunft\/hotels-in-londonderry\/beech-hill\/\",\"name\":\"Beech Hill Country House Hotel - Irland Reise Tipps\",\"isPartOf\":{\"@id\":\"https:\/\/irland-reise-tipps.de\/de\/#website\"},\"datePublished\":\"2013-11-26T09:24:41+00:00\",\"dateModified\":\"2013-11-28T09:21:26+00:00\",\"description\":\"Gemeinsam die gr\u00fcne Insel Irland entdecken. Wir haben ausgew\u00e4hlte Veranstaltungen, Unterk\u00fcnfte und Touren mit den Highlights Irlands zusammengestellt.\",\"breadcrumb\":{\"@id\":\"https:\/\/irland-reise-tipps.de\/de\/unterkunft\/hotels-in-londonderry\/beech-hill\/#breadcrumb\"},\"inLanguage\":\"de\",\"potentialAction\":[{\"@type\":\"ReadAction\",\"target\":[\"https:\/\/irland-reise-tipps.de\/de\/unterkunft\/hotels-in-londonderry\/beech-hill\/\"]}]},{\"@type\":\"BreadcrumbList\",\"@id\":\"https:\/\/irland-reise-tipps.de\/de\/unterkunft\/hotels-in-londonderry\/beech-hill\/#breadcrumb\",\"itemListElement\":[{\"@type\":\"ListItem\",\"position\":1,\"name\":\"Home\",\"item\":\"https:\/\/irland-reise-tipps.de\/de\/\"},{\"@type\":\"ListItem\",\"position\":2,\"name\":\"Unterkunft\",\"item\":\"https:\/\/irland-reise-tipps.de\/de\/unterkunft\/\"},{\"@type\":\"ListItem\",\"position\":3,\"name\":\"Hotels in Londonderry\",\"item\":\"https:\/\/irland-reise-tipps.de\/de\/unterkunft\/hotels-in-londonderry\/\"},{\"@type\":\"ListItem\",\"position\":4,\"name\":\"Beech Hill Country House Hotel\"}]},{\"@type\":\"WebSite\",\"@id\":\"https:\/\/irland-reise-tipps.de\/de\/#website\",\"url\":\"https:\/\/irland-reise-tipps.de\/de\/\",\"name\":\"Irland Reise Tipps\",\"description\":\"Gemeinsam die gr\u00fcne Insel entdecken\",\"potentialAction\":[{\"@type\":\"SearchAction\",\"target\":{\"@type\":\"EntryPoint\",\"urlTemplate\":\"https:\/\/irland-reise-tipps.de\/de\/?s={search_term_string}\"},\"query-input\":\"required name=search_term_string\"}],\"inLanguage\":\"de\"}]}<\/script>\n<!-- \/ Yoast SEO plugin. -->","yoast_head_json":{"title":"Beech Hill Country House Hotel - Irland Reise Tipps","description":"Gemeinsam die gr\u00fcne Insel Irland entdecken. Wir haben ausgew\u00e4hlte Veranstaltungen, Unterk\u00fcnfte und Touren mit den Highlights Irlands zusammengestellt.","robots":{"index":"index","follow":"follow","max-snippet":"max-snippet:-1","max-image-preview":"max-image-preview:large","max-video-preview":"max-video-preview:-1"},"canonical":"https:\/\/irland-reise-tipps.de\/de\/unterkunft\/hotels-in-londonderry\/beech-hill\/","og_locale":"de_DE","og_type":"article","og_title":"Beech Hill Country House Hotel - Irland Reise Tipps","og_description":"Gemeinsam die gr\u00fcne Insel Irland entdecken. Wir haben ausgew\u00e4hlte Veranstaltungen, Unterk\u00fcnfte und Touren mit den Highlights Irlands zusammengestellt.","og_url":"https:\/\/irland-reise-tipps.de\/de\/unterkunft\/hotels-in-londonderry\/beech-hill\/","og_site_name":"Irland Reise Tipps","article_modified_time":"2013-11-28T09:21:26+00:00","twitter_misc":{"Gesch\u00e4tzte Lesezeit":"2\u00a0Minuten"},"schema":{"@context":"https:\/\/schema.org","@graph":[{"@type":"WebPage","@id":"https:\/\/irland-reise-tipps.de\/de\/unterkunft\/hotels-in-londonderry\/beech-hill\/","url":"https:\/\/irland-reise-tipps.de\/de\/unterkunft\/hotels-in-londonderry\/beech-hill\/","name":"Beech Hill Country House Hotel - Irland Reise Tipps","isPartOf":{"@id":"https:\/\/irland-reise-tipps.de\/de\/#website"},"datePublished":"2013-11-26T09:24:41+00:00","dateModified":"2013-11-28T09:21:26+00:00","description":"Gemeinsam die gr\u00fcne Insel Irland entdecken. Wir haben ausgew\u00e4hlte Veranstaltungen, Unterk\u00fcnfte und Touren mit den Highlights Irlands zusammengestellt.","breadcrumb":{"@id":"https:\/\/irland-reise-tipps.de\/de\/unterkunft\/hotels-in-londonderry\/beech-hill\/#breadcrumb"},"inLanguage":"de","potentialAction":[{"@type":"ReadAction","target":["https:\/\/irland-reise-tipps.de\/de\/unterkunft\/hotels-in-londonderry\/beech-hill\/"]}]},{"@type":"BreadcrumbList","@id":"https:\/\/irland-reise-tipps.de\/de\/unterkunft\/hotels-in-londonderry\/beech-hill\/#breadcrumb","itemListElement":[{"@type":"ListItem","position":1,"name":"Home","item":"https:\/\/irland-reise-tipps.de\/de\/"},{"@type":"ListItem","position":2,"name":"Unterkunft","item":"https:\/\/irland-reise-tipps.de\/de\/unterkunft\/"},{"@type":"ListItem","position":3,"name":"Hotels in Londonderry","item":"https:\/\/irland-reise-tipps.de\/de\/unterkunft\/hotels-in-londonderry\/"},{"@type":"ListItem","position":4,"name":"Beech Hill Country House Hotel"}]},{"@type":"WebSite","@id":"https:\/\/irland-reise-tipps.de\/de\/#website","url":"https:\/\/irland-reise-tipps.de\/de\/","name":"Irland Reise Tipps","description":"Gemeinsam die gr\u00fcne Insel entdecken","potentialAction":[{"@type":"SearchAction","target":{"@type":"EntryPoint","urlTemplate":"https:\/\/irland-reise-tipps.de\/de\/?s={search_term_string}"},"query-input":"required name=search_term_string"}],"inLanguage":"de"}]}},"_links":{"self":[{"href":"https:\/\/irland-reise-tipps.de\/de\/wp-json\/wp\/v2\/pages\/3078","targetHints":{"allow":["GET"]}}],"collection":[{"href":"https:\/\/irland-reise-tipps.de\/de\/wp-json\/wp\/v2\/pages"}],"about":[{"href":"https:\/\/irland-reise-tipps.de\/de\/wp-json\/wp\/v2\/types\/page"}],"author":[{"embeddable":true,"href":"https:\/\/irland-reise-tipps.de\/de\/wp-json\/wp\/v2\/users\/11"}],"replies":[{"embeddable":true,"href":"https:\/\/irland-reise-tipps.de\/de\/wp-json\/wp\/v2\/comments?post=3078"}],"version-history":[{"count":4,"href":"https:\/\/irland-reise-tipps.de\/de\/wp-json\/wp\/v2\/pages\/3078\/revisions"}],"predecessor-version":[{"id":3239,"href":"https:\/\/irland-reise-tipps.de\/de\/wp-json\/wp\/v2\/pages\/3078\/revisions\/3239"}],"up":[{"embeddable":true,"href":"https:\/\/irland-reise-tipps.de\/de\/wp-json\/wp\/v2\/pages\/3049"}],"wp:attachment":[{"href":"https:\/\/irland-reise-tipps.de\/de\/wp-json\/wp\/v2\/media?parent=3078"}],"curies":[{"name":"wp","href":"https:\/\/api.w.org\/{rel}","templated":true}]}}