{"id":3073,"date":"2013-11-26T10:15:29","date_gmt":"2013-11-26T09:15:29","guid":{"rendered":"http:\/\/irland-reise-tipps.de\/de\/?page_id=3073"},"modified":"2013-11-26T10:19:27","modified_gmt":"2013-11-26T09:19:27","slug":"bayview-hotel","status":"publish","type":"page","link":"https:\/\/irland-reise-tipps.de\/de\/unterkunft\/hotels-in-cork\/bayview-hotel\/","title":{"rendered":"Bayview Hotel"},"content":{"rendered":"<h4 style=\"text-align: right;\">\n<a href=\"https:\/\/irland-reise-tipps.de\/de\/wp-content\/gallery\/bayview-hotel\/bayviewexterior_1299156507.jpg\" title=\"\" rel=\"lightbox[singlepic1216]\" >\n\t<img decoding=\"async\" class=\"ngg-singlepic ngg-right\" src=\"https:\/\/irland-reise-tipps.de\/de\/wp-content\/gallery\/cache\/1216__150x150_bayviewexterior_1299156507.jpg\" alt=\"bayviewexterior_1299156507\" title=\"bayviewexterior_1299156507\" \/>\n<\/a>\n<\/h4>\n<h4>Kontakt Details<\/h4>\n<p>Bayview Hotel<\/p>\n<p>Ballycotton, Co. Cork<\/p>\n<p><strong>Telephone:<\/strong> +353 1 2958900<br \/>\n<strong>Email:<\/strong> <a href=\"mailto:bayview@manorhousehotels.com\">bayview@manorhousehotels.com<br \/>\n<\/a><strong>Homepage:<\/strong><a href=\"http:\/\/manorhousehotels.com\/de\/hotels\/bayview-hotel\/\" target=\"_blank\" rel=\"nofollow\"> http:\/\/manorhousehotels.com\/de\/hotels\/bayview-hotel\/<\/a><\/p>\n\n<div class=\"ngg-galleryoverview\" id=\"ngg-gallery-101-3073\">\n\n\n\t\n\t<!-- Thumbnails -->\n\t\t\n\t<div id=\"ngg-image-1213\" class=\"ngg-gallery-thumbnail-box\"  >\n\t\t<div class=\"ngg-gallery-thumbnail\" >\n\t\t\t<a href=\"https:\/\/irland-reise-tipps.de\/de\/wp-content\/gallery\/bayview-hotel\/bayview5_1299156466.jpg\" title=\" \" rel=\"lightbox[set_101]\" >\n\t\t\t\t\t\t\t\t<img loading=\"lazy\" decoding=\"async\" title=\"bayview5_1299156466\" alt=\"bayview5_1299156466\" src=\"https:\/\/irland-reise-tipps.de\/de\/wp-content\/gallery\/bayview-hotel\/thumbs\/thumbs_bayview5_1299156466.jpg\" width=\"100\" height=\"75\" \/>\n\t\t\t\t\t\t\t<\/a>\n\t\t<\/div>\n\t<\/div>\n\t\n\t\t\n \t\t\n\t<div id=\"ngg-image-1214\" class=\"ngg-gallery-thumbnail-box\"  >\n\t\t<div class=\"ngg-gallery-thumbnail\" >\n\t\t\t<a href=\"https:\/\/irland-reise-tipps.de\/de\/wp-content\/gallery\/bayview-hotel\/bayviewbed1_1295318547.jpg\" title=\" \" rel=\"lightbox[set_101]\" >\n\t\t\t\t\t\t\t\t<img loading=\"lazy\" decoding=\"async\" title=\"bayviewbed1_1295318547\" alt=\"bayviewbed1_1295318547\" src=\"https:\/\/irland-reise-tipps.de\/de\/wp-content\/gallery\/bayview-hotel\/thumbs\/thumbs_bayviewbed1_1295318547.jpg\" width=\"100\" height=\"75\" \/>\n\t\t\t\t\t\t\t<\/a>\n\t\t<\/div>\n\t<\/div>\n\t\n\t\t\n \t\t\n\t<div id=\"ngg-image-1215\" class=\"ngg-gallery-thumbnail-box\"  >\n\t\t<div class=\"ngg-gallery-thumbnail\" >\n\t\t\t<a href=\"https:\/\/irland-reise-tipps.de\/de\/wp-content\/gallery\/bayview-hotel\/bayviewext_1295229995.jpg\" title=\" \" rel=\"lightbox[set_101]\" >\n\t\t\t\t\t\t\t\t<img loading=\"lazy\" decoding=\"async\" title=\"bayviewext_1295229995\" alt=\"bayviewext_1295229995\" src=\"https:\/\/irland-reise-tipps.de\/de\/wp-content\/gallery\/bayview-hotel\/thumbs\/thumbs_bayviewext_1295229995.jpg\" width=\"100\" height=\"75\" \/>\n\t\t\t\t\t\t\t<\/a>\n\t\t<\/div>\n\t<\/div>\n\t\n\t\t\n \t\t\n\t<div id=\"ngg-image-1216\" class=\"ngg-gallery-thumbnail-box\"  >\n\t\t<div class=\"ngg-gallery-thumbnail\" >\n\t\t\t<a href=\"https:\/\/irland-reise-tipps.de\/de\/wp-content\/gallery\/bayview-hotel\/bayviewexterior_1299156507.jpg\" title=\" \" rel=\"lightbox[set_101]\" >\n\t\t\t\t\t\t\t\t<img loading=\"lazy\" decoding=\"async\" title=\"bayviewexterior_1299156507\" alt=\"bayviewexterior_1299156507\" src=\"https:\/\/irland-reise-tipps.de\/de\/wp-content\/gallery\/bayview-hotel\/thumbs\/thumbs_bayviewexterior_1299156507.jpg\" width=\"100\" height=\"75\" \/>\n\t\t\t\t\t\t\t<\/a>\n\t\t<\/div>\n\t<\/div>\n\t\n\t\t\n \t\t\n\t<div id=\"ngg-image-1217\" class=\"ngg-gallery-thumbnail-box\"  >\n\t\t<div class=\"ngg-gallery-thumbnail\" >\n\t\t\t<a href=\"https:\/\/irland-reise-tipps.de\/de\/wp-content\/gallery\/bayview-hotel\/bayviewrestaurant2_1299156638.jpg\" title=\" \" rel=\"lightbox[set_101]\" >\n\t\t\t\t\t\t\t\t<img loading=\"lazy\" decoding=\"async\" title=\"bayviewrestaurant2_1299156638\" alt=\"bayviewrestaurant2_1299156638\" src=\"https:\/\/irland-reise-tipps.de\/de\/wp-content\/gallery\/bayview-hotel\/thumbs\/thumbs_bayviewrestaurant2_1299156638.jpg\" width=\"100\" height=\"75\" \/>\n\t\t\t\t\t\t\t<\/a>\n\t\t<\/div>\n\t<\/div>\n\t\n\t\t\n \t\t\n\t<div id=\"ngg-image-1218\" class=\"ngg-gallery-thumbnail-box\"  >\n\t\t<div class=\"ngg-gallery-thumbnail\" >\n\t\t\t<a href=\"https:\/\/irland-reise-tipps.de\/de\/wp-content\/gallery\/bayview-hotel\/bayviewtableimage_1299156655.jpg\" title=\" \" rel=\"lightbox[set_101]\" >\n\t\t\t\t\t\t\t\t<img loading=\"lazy\" decoding=\"async\" title=\"bayviewtableimage_1299156655\" alt=\"bayviewtableimage_1299156655\" src=\"https:\/\/irland-reise-tipps.de\/de\/wp-content\/gallery\/bayview-hotel\/thumbs\/thumbs_bayviewtableimage_1299156655.jpg\" width=\"100\" height=\"75\" \/>\n\t\t\t\t\t\t\t<\/a>\n\t\t<\/div>\n\t<\/div>\n\t\n\t\t\n \t \t\n\t<!-- Pagination -->\n \t<div class=\"ngg-clear\"><\/div> \t\n<\/div>\n\n\n<h4 style=\"text-align: left;\">Beschreibung<\/h4>\n<p><strong>Herzlich Willkommen im Bayview Hotel!<\/strong><\/p>\n<p>Elegantes Manor House Hotel mit Ausblick auf den wundersch\u00f6nen Hafen in Ballycotton im \u00f6stlichen Teil der Grafschaft Cork<\/p>\n<p>Das Bayview Hotel in Ballycotton ist ein elegantes Gutshaus in einer herrlichen Lage im \u00f6stlichen Teil der Grafschaft Cork mit atemberaubenden Aussichten auf die K\u00fcste und ein perfekter R\u00fcckzugsort vom t\u00e4glichen Trubel. Sie k\u00f6nnen in den urspr\u00fcnglichen Gartenanlagen des Hotels entspannen, einen Spaziergang zum kleinen Hafen von Ballycotton unternehmen und den Fischern bei ihrer Arbeit zusehen.<\/p>\n<h4>G\u00e4ste lieben am Bayview Hotel:<\/h4>\n<ul>\n<li>Den wundersch\u00f6nen Meerblick von allen Zimmern<\/li>\n<li>Das ausgezeichnete und preisgekr\u00f6nte Restaurant<\/li>\n<li>Die gem\u00fctliche Bar mit Bibliothek und offenem Kamin<\/li>\n<li>Kilometerlange Sandstr\u00e4nde in der N\u00e4he; der mit der blauen Flagge ausgezeichnete Strand Garryvoe liegt nur 5 Fahrminuten entfernt<\/li>\n<li>Golfclubs in der N\u00e4he: Cork, Youghal, Fota Island, East Cork und Water Rock<\/li>\n<li>Unsere G\u00e4ste k\u00f6nnen den Leisure and Health Club im nahegelegenen Garryvoe Hotel frei nutzen<\/li>\n<\/ul>\n<p>Ihre Manor House Hotels Geschenkkarte kann im Bayview Hotel eingel\u00f6st werden<\/p>\n<p>Wir freuen uns auf Ihren Besuch!<\/p>\n<h4>Lage des Hotels und Sehensw\u00fcrdigkeiten in der N\u00e4he<\/h4>\n<p>[google-map-v3 width=&#8220;600&#8243; height=&#8220;400&#8243; zoom=&#8220;12&#8243; maptype=&#8220;roadmap&#8220; mapalign=&#8220;center&#8220; directionhint=&#8220;false&#8220; language=&#8220;de&#8220; poweredby=&#8220;false&#8220; maptypecontrol=&#8220;true&#8220; pancontrol=&#8220;true&#8220; zoomcontrol=&#8220;true&#8220; scalecontrol=&#8220;true&#8220; streetviewcontrol=&#8220;true&#8220; scrollwheelcontrol=&#8220;false&#8220; draggable=&#8220;true&#8220; tiltfourtyfive=&#8220;false&#8220; addmarkermashupbubble=&#8220;false&#8220; addmarkermashupbubble=&#8220;false&#8220; addmarkerlist=&#8220;Main Street,Ballycotton,Ireland{}lodging_0star.png&#8220; bubbleautopan=&#8220;true&#8220; showbike=&#8220;false&#8220; showtraffic=&#8220;false&#8220; showpanoramio=&#8220;false&#8220;]<\/p>\n","protected":false},"excerpt":{"rendered":"<p>Kontakt Details Bayview Hotel Ballycotton, Co. Cork Telephone: +353 1 2958900 Email: bayview@manorhousehotels.com Homepage: http:\/\/manorhousehotels.com\/de\/hotels\/bayview-hotel\/ Beschreibung Herzlich Willkommen im Bayview Hotel! Elegantes Manor House Hotel mit Ausblick auf den wundersch\u00f6nen Hafen in Ballycotton im \u00f6stlichen Teil der Grafschaft Cork Das<span class=\"ellipsis\">&hellip;<\/span><\/p>\n<div class=\"read-more\"><a href=\"https:\/\/irland-reise-tipps.de\/de\/unterkunft\/hotels-in-cork\/bayview-hotel\/\">Weiterlesen &#8250;<\/a><\/div>\n<p><!-- end of .read-more --><\/p>\n","protected":false},"author":11,"featured_media":0,"parent":1626,"menu_order":0,"comment_status":"closed","ping_status":"closed","template":"","meta":{"footnotes":""},"class_list":["post-3073","page","type-page","status-publish","hentry"],"yoast_head":"<!-- This site is optimized with the Yoast SEO plugin v21.2 - https:\/\/yoast.com\/wordpress\/plugins\/seo\/ -->\n<title>Bayview Hotel - Irland Reise Tipps<\/title>\n<meta name=\"description\" content=\"Gemeinsam die gr\u00fcne Insel Irland entdecken. Wir haben ausgew\u00e4hlte Veranstaltungen, Unterk\u00fcnfte und Touren mit den Highlights Irlands zusammengestellt.\" \/>\n<meta name=\"robots\" content=\"index, follow, max-snippet:-1, max-image-preview:large, max-video-preview:-1\" \/>\n<link rel=\"canonical\" href=\"https:\/\/irland-reise-tipps.de\/de\/unterkunft\/hotels-in-cork\/bayview-hotel\/\" \/>\n<meta property=\"og:locale\" content=\"de_DE\" \/>\n<meta property=\"og:type\" content=\"article\" \/>\n<meta property=\"og:title\" content=\"Bayview Hotel - Irland Reise Tipps\" \/>\n<meta property=\"og:description\" content=\"Gemeinsam die gr\u00fcne Insel Irland entdecken. Wir haben ausgew\u00e4hlte Veranstaltungen, Unterk\u00fcnfte und Touren mit den Highlights Irlands zusammengestellt.\" \/>\n<meta property=\"og:url\" content=\"https:\/\/irland-reise-tipps.de\/de\/unterkunft\/hotels-in-cork\/bayview-hotel\/\" \/>\n<meta property=\"og:site_name\" content=\"Irland Reise Tipps\" \/>\n<meta property=\"article:modified_time\" content=\"2013-11-26T09:19:27+00:00\" \/>\n<meta name=\"twitter:label1\" content=\"Gesch\u00e4tzte Lesezeit\" \/>\n\t<meta name=\"twitter:data1\" content=\"1\u00a0Minute\" \/>\n<script type=\"application\/ld+json\" class=\"yoast-schema-graph\">{\"@context\":\"https:\/\/schema.org\",\"@graph\":[{\"@type\":\"WebPage\",\"@id\":\"https:\/\/irland-reise-tipps.de\/de\/unterkunft\/hotels-in-cork\/bayview-hotel\/\",\"url\":\"https:\/\/irland-reise-tipps.de\/de\/unterkunft\/hotels-in-cork\/bayview-hotel\/\",\"name\":\"Bayview Hotel - Irland Reise Tipps\",\"isPartOf\":{\"@id\":\"https:\/\/irland-reise-tipps.de\/de\/#website\"},\"datePublished\":\"2013-11-26T09:15:29+00:00\",\"dateModified\":\"2013-11-26T09:19:27+00:00\",\"description\":\"Gemeinsam die gr\u00fcne Insel Irland entdecken. Wir haben ausgew\u00e4hlte Veranstaltungen, Unterk\u00fcnfte und Touren mit den Highlights Irlands zusammengestellt.\",\"breadcrumb\":{\"@id\":\"https:\/\/irland-reise-tipps.de\/de\/unterkunft\/hotels-in-cork\/bayview-hotel\/#breadcrumb\"},\"inLanguage\":\"de\",\"potentialAction\":[{\"@type\":\"ReadAction\",\"target\":[\"https:\/\/irland-reise-tipps.de\/de\/unterkunft\/hotels-in-cork\/bayview-hotel\/\"]}]},{\"@type\":\"BreadcrumbList\",\"@id\":\"https:\/\/irland-reise-tipps.de\/de\/unterkunft\/hotels-in-cork\/bayview-hotel\/#breadcrumb\",\"itemListElement\":[{\"@type\":\"ListItem\",\"position\":1,\"name\":\"Home\",\"item\":\"https:\/\/irland-reise-tipps.de\/de\/\"},{\"@type\":\"ListItem\",\"position\":2,\"name\":\"Unterkunft\",\"item\":\"https:\/\/irland-reise-tipps.de\/de\/unterkunft\/\"},{\"@type\":\"ListItem\",\"position\":3,\"name\":\"Hotels in Cork\",\"item\":\"https:\/\/irland-reise-tipps.de\/de\/unterkunft\/hotels-in-cork\/\"},{\"@type\":\"ListItem\",\"position\":4,\"name\":\"Bayview Hotel\"}]},{\"@type\":\"WebSite\",\"@id\":\"https:\/\/irland-reise-tipps.de\/de\/#website\",\"url\":\"https:\/\/irland-reise-tipps.de\/de\/\",\"name\":\"Irland Reise Tipps\",\"description\":\"Gemeinsam die gr\u00fcne Insel entdecken\",\"potentialAction\":[{\"@type\":\"SearchAction\",\"target\":{\"@type\":\"EntryPoint\",\"urlTemplate\":\"https:\/\/irland-reise-tipps.de\/de\/?s={search_term_string}\"},\"query-input\":\"required name=search_term_string\"}],\"inLanguage\":\"de\"}]}<\/script>\n<!-- \/ Yoast SEO plugin. -->","yoast_head_json":{"title":"Bayview Hotel - Irland Reise Tipps","description":"Gemeinsam die gr\u00fcne Insel Irland entdecken. Wir haben ausgew\u00e4hlte Veranstaltungen, Unterk\u00fcnfte und Touren mit den Highlights Irlands zusammengestellt.","robots":{"index":"index","follow":"follow","max-snippet":"max-snippet:-1","max-image-preview":"max-image-preview:large","max-video-preview":"max-video-preview:-1"},"canonical":"https:\/\/irland-reise-tipps.de\/de\/unterkunft\/hotels-in-cork\/bayview-hotel\/","og_locale":"de_DE","og_type":"article","og_title":"Bayview Hotel - Irland Reise Tipps","og_description":"Gemeinsam die gr\u00fcne Insel Irland entdecken. Wir haben ausgew\u00e4hlte Veranstaltungen, Unterk\u00fcnfte und Touren mit den Highlights Irlands zusammengestellt.","og_url":"https:\/\/irland-reise-tipps.de\/de\/unterkunft\/hotels-in-cork\/bayview-hotel\/","og_site_name":"Irland Reise Tipps","article_modified_time":"2013-11-26T09:19:27+00:00","twitter_misc":{"Gesch\u00e4tzte Lesezeit":"1\u00a0Minute"},"schema":{"@context":"https:\/\/schema.org","@graph":[{"@type":"WebPage","@id":"https:\/\/irland-reise-tipps.de\/de\/unterkunft\/hotels-in-cork\/bayview-hotel\/","url":"https:\/\/irland-reise-tipps.de\/de\/unterkunft\/hotels-in-cork\/bayview-hotel\/","name":"Bayview Hotel - Irland Reise Tipps","isPartOf":{"@id":"https:\/\/irland-reise-tipps.de\/de\/#website"},"datePublished":"2013-11-26T09:15:29+00:00","dateModified":"2013-11-26T09:19:27+00:00","description":"Gemeinsam die gr\u00fcne Insel Irland entdecken. Wir haben ausgew\u00e4hlte Veranstaltungen, Unterk\u00fcnfte und Touren mit den Highlights Irlands zusammengestellt.","breadcrumb":{"@id":"https:\/\/irland-reise-tipps.de\/de\/unterkunft\/hotels-in-cork\/bayview-hotel\/#breadcrumb"},"inLanguage":"de","potentialAction":[{"@type":"ReadAction","target":["https:\/\/irland-reise-tipps.de\/de\/unterkunft\/hotels-in-cork\/bayview-hotel\/"]}]},{"@type":"BreadcrumbList","@id":"https:\/\/irland-reise-tipps.de\/de\/unterkunft\/hotels-in-cork\/bayview-hotel\/#breadcrumb","itemListElement":[{"@type":"ListItem","position":1,"name":"Home","item":"https:\/\/irland-reise-tipps.de\/de\/"},{"@type":"ListItem","position":2,"name":"Unterkunft","item":"https:\/\/irland-reise-tipps.de\/de\/unterkunft\/"},{"@type":"ListItem","position":3,"name":"Hotels in Cork","item":"https:\/\/irland-reise-tipps.de\/de\/unterkunft\/hotels-in-cork\/"},{"@type":"ListItem","position":4,"name":"Bayview Hotel"}]},{"@type":"WebSite","@id":"https:\/\/irland-reise-tipps.de\/de\/#website","url":"https:\/\/irland-reise-tipps.de\/de\/","name":"Irland Reise Tipps","description":"Gemeinsam die gr\u00fcne Insel entdecken","potentialAction":[{"@type":"SearchAction","target":{"@type":"EntryPoint","urlTemplate":"https:\/\/irland-reise-tipps.de\/de\/?s={search_term_string}"},"query-input":"required name=search_term_string"}],"inLanguage":"de"}]}},"_links":{"self":[{"href":"https:\/\/irland-reise-tipps.de\/de\/wp-json\/wp\/v2\/pages\/3073","targetHints":{"allow":["GET"]}}],"collection":[{"href":"https:\/\/irland-reise-tipps.de\/de\/wp-json\/wp\/v2\/pages"}],"about":[{"href":"https:\/\/irland-reise-tipps.de\/de\/wp-json\/wp\/v2\/types\/page"}],"author":[{"embeddable":true,"href":"https:\/\/irland-reise-tipps.de\/de\/wp-json\/wp\/v2\/users\/11"}],"replies":[{"embeddable":true,"href":"https:\/\/irland-reise-tipps.de\/de\/wp-json\/wp\/v2\/comments?post=3073"}],"version-history":[{"count":4,"href":"https:\/\/irland-reise-tipps.de\/de\/wp-json\/wp\/v2\/pages\/3073\/revisions"}],"predecessor-version":[{"id":3077,"href":"https:\/\/irland-reise-tipps.de\/de\/wp-json\/wp\/v2\/pages\/3073\/revisions\/3077"}],"up":[{"embeddable":true,"href":"https:\/\/irland-reise-tipps.de\/de\/wp-json\/wp\/v2\/pages\/1626"}],"wp:attachment":[{"href":"https:\/\/irland-reise-tipps.de\/de\/wp-json\/wp\/v2\/media?parent=3073"}],"curies":[{"name":"wp","href":"https:\/\/api.w.org\/{rel}","templated":true}]}}