{"id":307,"date":"2013-01-26T16:20:25","date_gmt":"2013-01-26T15:20:25","guid":{"rendered":"http:\/\/irland-reise-tipps.de\/de\/?page_id=307"},"modified":"2018-07-25T21:27:13","modified_gmt":"2018-07-25T19:27:13","slug":"regionen","status":"publish","type":"page","link":"https:\/\/irland-reise-tipps.de\/de\/counties-und-regionen\/regionen\/","title":{"rendered":"Regionen"},"content":{"rendered":"<p>Irland ist in 4 Provinzen (Regionen)\u00a0aufgeteilt:<\/p>\n<p>&nbsp;<\/p>\n<h4><span style=\"color: #008000;\">Connacht<\/span><\/h4>\n<p>Connacht befindet sich im Nordwesten und hat ca. 542.039 Einwohner auf einer Fl\u00e4che von 17.713 km\u00b2. Die Provinz umfasst die Graftschaften:<span style=\"color: #008000;\"><img loading=\"lazy\" decoding=\"async\" class=\" wp-image-312 alignright\" title=\"Connacht\" alt=\"Karte Irland Region Connacht\" src=\"https:\/\/irland-reise-tipps.de\/de\/wp-content\/uploads\/2013\/01\/Karte_Irland_Region_Connacht.png\" width=\"160\" height=\"199\" \/><\/span><\/p>\n<ul>\n<li><a title=\"County Galway\" href=\"https:\/\/irland-reise-tipps.de\/de\/counties-und-regionen\/county-galway\/\">Galway<\/a><\/li>\n<li><a title=\"County Mayo\" href=\"https:\/\/irland-reise-tipps.de\/de\/counties-und-regionen\/county-mayo\/\">Mayo<\/a><\/li>\n<li><a title=\"County Sligo\" href=\"https:\/\/irland-reise-tipps.de\/de\/counties-und-regionen\/county-sligo\/\">Sligo<\/a><\/li>\n<li><a title=\"County Leitrim\" href=\"https:\/\/irland-reise-tipps.de\/de\/counties-und-regionen\/county-leitrim\/\">Leitrim<\/a><\/li>\n<li><a title=\"County Roscommon\" href=\"https:\/\/irland-reise-tipps.de\/de\/counties-und-regionen\/county-roscommon\/\">Roscommon<\/a><\/li>\n<\/ul>\n<p>&nbsp;<\/p>\n<p>&nbsp;<\/p>\n<h4><span style=\"color: #008000;\">Leinster<\/span><\/h4>\n<p>Leinster 2.501.208 Menschen leben in dieser 19.775 km\u00b2 gro\u00dfen Provinz. Sie umfasst die Grafschaften:<img loading=\"lazy\" decoding=\"async\" class=\"alignright  wp-image-313\" title=\"Leinster\" alt=\"Karte Irland Region Leinste\" src=\"https:\/\/irland-reise-tipps.de\/de\/wp-content\/uploads\/2013\/01\/Karte_Irland_Region_Leinster.png\" width=\"160\" height=\"199\" \/><\/p>\n<ul>\n<li><a title=\"County Louth\" href=\"https:\/\/irland-reise-tipps.de\/de\/counties-und-regionen\/county-louth\/\">Louth<\/a><\/li>\n<li><a title=\"County Meath\" href=\"https:\/\/irland-reise-tipps.de\/de\/counties-und-regionen\/county-meath\/\">Meath<\/a><\/li>\n<li><a title=\"County Dublin\" href=\"https:\/\/irland-reise-tipps.de\/de\/counties-und-regionen\/county-dublin\/\">Dublin<\/a><\/li>\n<li><a title=\"County Wicklow\" href=\"https:\/\/irland-reise-tipps.de\/de\/counties-und-regionen\/county-wicklow\/\">Wicklow<\/a><\/li>\n<li><a title=\"County Wexford\" href=\"https:\/\/irland-reise-tipps.de\/de\/counties-und-regionen\/county-wexford\/\">Wexford<\/a><\/li>\n<li><a title=\"County Kilkenny\" href=\"https:\/\/irland-reise-tipps.de\/de\/counties-und-regionen\/county-kilkenny\/\">Kilkenny<\/a><\/li>\n<li><a title=\"County Carlow\" href=\"https:\/\/irland-reise-tipps.de\/de\/counties-und-regionen\/county-carlow\/\">Carlow<\/a><\/li>\n<li><a title=\"County Laois\" href=\"https:\/\/irland-reise-tipps.de\/de\/counties-und-regionen\/county-laois\/\">Laois<\/a><\/li>\n<li><a title=\"County Offaly\" href=\"https:\/\/irland-reise-tipps.de\/de\/counties-und-regionen\/county-offaly\/\">Offaly<\/a><\/li>\n<li><a title=\"County Kildare\" href=\"https:\/\/irland-reise-tipps.de\/de\/counties-und-regionen\/county-kildare\/\">Kildare<\/a><\/li>\n<li><a title=\"County Westmeath\" href=\"https:\/\/irland-reise-tipps.de\/de\/counties-und-regionen\/county-westmeath\/\">Westmeath<\/a><\/li>\n<li><a title=\"County Longford\" href=\"https:\/\/irland-reise-tipps.de\/de\/counties-und-regionen\/county-longford\/\">Longford<\/a><\/li>\n<\/ul>\n<p>&nbsp;<\/p>\n<h4><span style=\"color: #008000;\">Munster<\/span><\/h4>\n<p>Munster ist die s\u00fcdlichste der Provinzen und beherbergt auf einer Fl\u00e4che von 14.680 km\u00b2 ca. 1.243.726 Einwohner. Sie umfasst die Grafschaften:<img loading=\"lazy\" decoding=\"async\" class=\"alignright  wp-image-314\" title=\"Munster\" alt=\"Karte Irland Region Munster\" src=\"https:\/\/irland-reise-tipps.de\/de\/wp-content\/uploads\/2013\/01\/Karte_Irland_Region_Munster.png\" width=\"160\" height=\"199\" \/><\/p>\n<ul>\n<li><a title=\"County Clare\" href=\"https:\/\/irland-reise-tipps.de\/de\/counties-und-regionen\/county-clare\/\">Clare<\/a><\/li>\n<li><a title=\"County Cork\" href=\"https:\/\/irland-reise-tipps.de\/de\/counties-und-regionen\/county-cork\/\">Cork<\/a><\/li>\n<li><a title=\"County Kerry\" href=\"https:\/\/irland-reise-tipps.de\/de\/counties-und-regionen\/county-kerry\/\">Kerry<\/a><\/li>\n<li><a title=\"County Limerick\" href=\"https:\/\/irland-reise-tipps.de\/de\/counties-und-regionen\/county-limerick\/\">Limerick<\/a><\/li>\n<li><a title=\"County Tipperary\" href=\"https:\/\/irland-reise-tipps.de\/de\/counties-und-regionen\/county-tipperary\/\">Tippery<\/a><\/li>\n<li><a title=\"County Waterford\" href=\"https:\/\/irland-reise-tipps.de\/de\/counties-und-regionen\/county-waterford\/\">Waterford<\/a><\/li>\n<\/ul>\n<p>&nbsp;<\/p>\n<h4><span style=\"color: #008000;\">Ulster<\/span><\/h4>\n<p>Ulster, welches gr\u00f6\u00dftenteils zu Nordirland geh\u00f6rt und mit einer Fl\u00e4che von 21.532 km\u00b2 ca. 2 Millionen Menschen beherbergt. Die Provinz umfasst die Graftschaften:<img loading=\"lazy\" decoding=\"async\" class=\"alignright  wp-image-315\" title=\"Ulster\" alt=\"Karte Irland Region Ulster\" src=\"https:\/\/irland-reise-tipps.de\/de\/wp-content\/uploads\/2013\/01\/Karte_Irland_Region_Ulster.png\" width=\"160\" height=\"199\" \/><\/p>\n<ul>\n<li><a title=\"County Antrim\" href=\"https:\/\/irland-reise-tipps.de\/de\/counties-und-regionen\/county-antrim\/\">Antrim<\/a><\/li>\n<li><a title=\"County Armagh\" href=\"https:\/\/irland-reise-tipps.de\/de\/counties-und-regionen\/county-armagh\/\">Armagh<\/a><\/li>\n<li><a title=\"County Down\" href=\"https:\/\/irland-reise-tipps.de\/de\/counties-und-regionen\/county-down\/\">Down<\/a><\/li>\n<li><a title=\"County Fermanagh\" href=\"https:\/\/irland-reise-tipps.de\/de\/counties-und-regionen\/county-fermanagh\/\">Fermanagh<\/a><\/li>\n<li><a title=\"County Londonderry\" href=\"https:\/\/irland-reise-tipps.de\/de\/counties-und-regionen\/county-londonderry\/\">Londonderry<\/a><\/li>\n<li><a title=\"County Tyrone\" href=\"https:\/\/irland-reise-tipps.de\/de\/counties-und-regionen\/county-tyrone\/\">Tyrone<\/a><\/li>\n<li><a title=\"County Cavan\" href=\"https:\/\/irland-reise-tipps.de\/de\/counties-und-regionen\/county-cavan\/\">Cavan<\/a><\/li>\n<li><a title=\"County Donegal\" href=\"https:\/\/irland-reise-tipps.de\/de\/counties-und-regionen\/county-donegal\/\">Donegal<\/a><\/li>\n<li><a title=\"County Monaghan\" href=\"https:\/\/irland-reise-tipps.de\/de\/counties-und-regionen\/county-monaghan\/\">Monaghan<\/a><\/li>\n<\/ul>\n<p>&nbsp;<\/p>\n","protected":false},"excerpt":{"rendered":"<p>Irland ist in 4 Provinzen (Regionen)\u00a0aufgeteilt: &nbsp; Connacht Connacht befindet sich im Nordwesten und hat ca. 542.039 Einwohner auf einer Fl\u00e4che von 17.713 km\u00b2. Die Provinz umfasst die Graftschaften: Galway Mayo Sligo Leitrim Roscommon &nbsp; &nbsp; Leinster Leinster 2.501.208 Menschen<span class=\"ellipsis\">&hellip;<\/span><\/p>\n<div class=\"read-more\"><a href=\"https:\/\/irland-reise-tipps.de\/de\/counties-und-regionen\/regionen\/\">Weiterlesen &#8250;<\/a><\/div>\n<p><!-- end of .read-more --><\/p>\n","protected":false},"author":5,"featured_media":0,"parent":13,"menu_order":1,"comment_status":"closed","ping_status":"closed","template":"","meta":{"footnotes":""},"class_list":["post-307","page","type-page","status-publish","hentry"],"yoast_head":"<!-- This site is optimized with the Yoast SEO plugin v21.2 - https:\/\/yoast.com\/wordpress\/plugins\/seo\/ -->\n<title>Regionen und Provinzen Irlands - Irland Reise Tipps<\/title>\n<meta name=\"description\" content=\"Irland ist in 4 Regionen und 32 Counties aufgeteilt und diese Provinzen haben einiges zu bieten. Informieren Sie sich \u00fcber Highlights und Sehenswertes.\" \/>\n<meta name=\"robots\" content=\"index, follow, max-snippet:-1, max-image-preview:large, max-video-preview:-1\" \/>\n<link rel=\"canonical\" href=\"https:\/\/irland-reise-tipps.de\/de\/counties-und-regionen\/regionen\/\" \/>\n<meta property=\"og:locale\" content=\"de_DE\" \/>\n<meta property=\"og:type\" content=\"article\" \/>\n<meta property=\"og:title\" content=\"Regionen und Provinzen Irlands - Irland Reise Tipps\" \/>\n<meta property=\"og:description\" content=\"Irland ist in 4 Regionen und 32 Counties aufgeteilt und diese Provinzen haben einiges zu bieten. Informieren Sie sich \u00fcber Highlights und Sehenswertes.\" \/>\n<meta property=\"og:url\" content=\"https:\/\/irland-reise-tipps.de\/de\/counties-und-regionen\/regionen\/\" \/>\n<meta property=\"og:site_name\" content=\"Irland Reise Tipps\" \/>\n<meta property=\"article:modified_time\" content=\"2018-07-25T19:27:13+00:00\" \/>\n<meta property=\"og:image\" content=\"https:\/\/irland-reise-tipps.de\/de\/wp-content\/uploads\/2013\/01\/Karte_Irland_Region_Connacht.png\" \/>\n<meta name=\"twitter:label1\" content=\"Gesch\u00e4tzte Lesezeit\" \/>\n\t<meta name=\"twitter:data1\" content=\"1\u00a0Minute\" \/>\n<script type=\"application\/ld+json\" class=\"yoast-schema-graph\">{\"@context\":\"https:\/\/schema.org\",\"@graph\":[{\"@type\":\"WebPage\",\"@id\":\"https:\/\/irland-reise-tipps.de\/de\/counties-und-regionen\/regionen\/\",\"url\":\"https:\/\/irland-reise-tipps.de\/de\/counties-und-regionen\/regionen\/\",\"name\":\"Regionen und Provinzen Irlands - Irland Reise Tipps\",\"isPartOf\":{\"@id\":\"https:\/\/irland-reise-tipps.de\/de\/#website\"},\"datePublished\":\"2013-01-26T15:20:25+00:00\",\"dateModified\":\"2018-07-25T19:27:13+00:00\",\"description\":\"Irland ist in 4 Regionen und 32 Counties aufgeteilt und diese Provinzen haben einiges zu bieten. Informieren Sie sich \u00fcber Highlights und Sehenswertes.\",\"breadcrumb\":{\"@id\":\"https:\/\/irland-reise-tipps.de\/de\/counties-und-regionen\/regionen\/#breadcrumb\"},\"inLanguage\":\"de\",\"potentialAction\":[{\"@type\":\"ReadAction\",\"target\":[\"https:\/\/irland-reise-tipps.de\/de\/counties-und-regionen\/regionen\/\"]}]},{\"@type\":\"BreadcrumbList\",\"@id\":\"https:\/\/irland-reise-tipps.de\/de\/counties-und-regionen\/regionen\/#breadcrumb\",\"itemListElement\":[{\"@type\":\"ListItem\",\"position\":1,\"name\":\"Home\",\"item\":\"https:\/\/irland-reise-tipps.de\/de\/\"},{\"@type\":\"ListItem\",\"position\":2,\"name\":\"Counties und Regionen\",\"item\":\"https:\/\/irland-reise-tipps.de\/de\/counties-und-regionen\/\"},{\"@type\":\"ListItem\",\"position\":3,\"name\":\"Regionen\"}]},{\"@type\":\"WebSite\",\"@id\":\"https:\/\/irland-reise-tipps.de\/de\/#website\",\"url\":\"https:\/\/irland-reise-tipps.de\/de\/\",\"name\":\"Irland Reise Tipps\",\"description\":\"Gemeinsam die gr\u00fcne Insel entdecken\",\"potentialAction\":[{\"@type\":\"SearchAction\",\"target\":{\"@type\":\"EntryPoint\",\"urlTemplate\":\"https:\/\/irland-reise-tipps.de\/de\/?s={search_term_string}\"},\"query-input\":\"required name=search_term_string\"}],\"inLanguage\":\"de\"}]}<\/script>\n<!-- \/ Yoast SEO plugin. -->","yoast_head_json":{"title":"Regionen und Provinzen Irlands - Irland Reise Tipps","description":"Irland ist in 4 Regionen und 32 Counties aufgeteilt und diese Provinzen haben einiges zu bieten. Informieren Sie sich \u00fcber Highlights und Sehenswertes.","robots":{"index":"index","follow":"follow","max-snippet":"max-snippet:-1","max-image-preview":"max-image-preview:large","max-video-preview":"max-video-preview:-1"},"canonical":"https:\/\/irland-reise-tipps.de\/de\/counties-und-regionen\/regionen\/","og_locale":"de_DE","og_type":"article","og_title":"Regionen und Provinzen Irlands - Irland Reise Tipps","og_description":"Irland ist in 4 Regionen und 32 Counties aufgeteilt und diese Provinzen haben einiges zu bieten. Informieren Sie sich \u00fcber Highlights und Sehenswertes.","og_url":"https:\/\/irland-reise-tipps.de\/de\/counties-und-regionen\/regionen\/","og_site_name":"Irland Reise Tipps","article_modified_time":"2018-07-25T19:27:13+00:00","og_image":[{"url":"https:\/\/irland-reise-tipps.de\/de\/wp-content\/uploads\/2013\/01\/Karte_Irland_Region_Connacht.png"}],"twitter_misc":{"Gesch\u00e4tzte Lesezeit":"1\u00a0Minute"},"schema":{"@context":"https:\/\/schema.org","@graph":[{"@type":"WebPage","@id":"https:\/\/irland-reise-tipps.de\/de\/counties-und-regionen\/regionen\/","url":"https:\/\/irland-reise-tipps.de\/de\/counties-und-regionen\/regionen\/","name":"Regionen und Provinzen Irlands - Irland Reise Tipps","isPartOf":{"@id":"https:\/\/irland-reise-tipps.de\/de\/#website"},"datePublished":"2013-01-26T15:20:25+00:00","dateModified":"2018-07-25T19:27:13+00:00","description":"Irland ist in 4 Regionen und 32 Counties aufgeteilt und diese Provinzen haben einiges zu bieten. Informieren Sie sich \u00fcber Highlights und Sehenswertes.","breadcrumb":{"@id":"https:\/\/irland-reise-tipps.de\/de\/counties-und-regionen\/regionen\/#breadcrumb"},"inLanguage":"de","potentialAction":[{"@type":"ReadAction","target":["https:\/\/irland-reise-tipps.de\/de\/counties-und-regionen\/regionen\/"]}]},{"@type":"BreadcrumbList","@id":"https:\/\/irland-reise-tipps.de\/de\/counties-und-regionen\/regionen\/#breadcrumb","itemListElement":[{"@type":"ListItem","position":1,"name":"Home","item":"https:\/\/irland-reise-tipps.de\/de\/"},{"@type":"ListItem","position":2,"name":"Counties und Regionen","item":"https:\/\/irland-reise-tipps.de\/de\/counties-und-regionen\/"},{"@type":"ListItem","position":3,"name":"Regionen"}]},{"@type":"WebSite","@id":"https:\/\/irland-reise-tipps.de\/de\/#website","url":"https:\/\/irland-reise-tipps.de\/de\/","name":"Irland Reise Tipps","description":"Gemeinsam die gr\u00fcne Insel entdecken","potentialAction":[{"@type":"SearchAction","target":{"@type":"EntryPoint","urlTemplate":"https:\/\/irland-reise-tipps.de\/de\/?s={search_term_string}"},"query-input":"required name=search_term_string"}],"inLanguage":"de"}]}},"_links":{"self":[{"href":"https:\/\/irland-reise-tipps.de\/de\/wp-json\/wp\/v2\/pages\/307","targetHints":{"allow":["GET"]}}],"collection":[{"href":"https:\/\/irland-reise-tipps.de\/de\/wp-json\/wp\/v2\/pages"}],"about":[{"href":"https:\/\/irland-reise-tipps.de\/de\/wp-json\/wp\/v2\/types\/page"}],"author":[{"embeddable":true,"href":"https:\/\/irland-reise-tipps.de\/de\/wp-json\/wp\/v2\/users\/5"}],"replies":[{"embeddable":true,"href":"https:\/\/irland-reise-tipps.de\/de\/wp-json\/wp\/v2\/comments?post=307"}],"version-history":[{"count":20,"href":"https:\/\/irland-reise-tipps.de\/de\/wp-json\/wp\/v2\/pages\/307\/revisions"}],"predecessor-version":[{"id":4223,"href":"https:\/\/irland-reise-tipps.de\/de\/wp-json\/wp\/v2\/pages\/307\/revisions\/4223"}],"up":[{"embeddable":true,"href":"https:\/\/irland-reise-tipps.de\/de\/wp-json\/wp\/v2\/pages\/13"}],"wp:attachment":[{"href":"https:\/\/irland-reise-tipps.de\/de\/wp-json\/wp\/v2\/media?parent=307"}],"curies":[{"name":"wp","href":"https:\/\/api.w.org\/{rel}","templated":true}]}}