{"id":3053,"date":"2013-11-26T09:53:28","date_gmt":"2013-11-26T08:53:28","guid":{"rendered":"http:\/\/irland-reise-tipps.de\/de\/?page_id=3053"},"modified":"2013-11-27T14:05:47","modified_gmt":"2013-11-27T13:05:47","slug":"hotels-in-fermanagh","status":"publish","type":"page","link":"https:\/\/irland-reise-tipps.de\/de\/unterkunft\/hotels-in-fermanagh\/","title":{"rendered":"Hotels in Fermanagh"},"content":{"rendered":"<h4>Manor House Country Hotel<b>\n<a href=\"https:\/\/irland-reise-tipps.de\/de\/wp-content\/gallery\/manor-house-country-hotel\/exterioredited_1328179165.jpg\" title=\"\" rel=\"lightbox[singlepic1318]\" >\n\t<img decoding=\"async\" class=\"ngg-singlepic ngg-left\" src=\"https:\/\/irland-reise-tipps.de\/de\/wp-content\/gallery\/cache\/1318__150x150_exterioredited_1328179165.jpg\" alt=\"exterioredited_1328179165\" title=\"exterioredited_1328179165\" \/>\n<\/a>\n<\/b><\/h4>\n<p><b>Herzlich Willkommen im Manor House Country Hotel!<\/b><\/p>\n<p>Das Manor House Hotel liegt inmitten der Seenplatte von Fermanagh am Ufer von Lough Erne in der N\u00e4he der Stadt Enniskillen.<\/p>\n<p><strong>Wir freuen uns auf Ihren Besuch!<\/strong><\/p>\n<p><a title=\"Manor House Country Hotel\" href=\"http:\/\/irland-reise-tipps.de\/de\/unterkunft\/hotels-in-fermanagh\/manor-house-country-hotel\/\">Weitere Informationen \u203a<\/a><\/p>\n<h4>Killyhevlin Hotel &amp; Leisure Centre \n<a href=\"https:\/\/irland-reise-tipps.de\/de\/wp-content\/gallery\/killyhevlin-hotel\/lakeview_1310985257.jpg\" title=\"\" rel=\"lightbox[singlepic1461]\" >\n\t<img decoding=\"async\" class=\"ngg-singlepic ngg-left\" src=\"https:\/\/irland-reise-tipps.de\/de\/wp-content\/gallery\/cache\/1461__150x150_lakeview_1310985257.jpg\" alt=\"lakeview_1310985257\" title=\"lakeview_1310985257\" \/>\n<\/a>\n<\/h4>\n<p><strong>Herzlich Willkommen im Killyhevlin Hotel!<\/strong><\/p>\n<p>4-Sterne-Luxushotel am Seeufer in Enniskillen<\/p>\n<p>Das Killyhevlin Hotel befindet sich lediglich 1 km au\u00dferhalb der Stadt Enniskillen und z\u00e4hlt zu den Tophotels in Nordirland und genie\u00dft einen hervorragenden Ruf.<\/p>\n<p><strong>Wir freuen uns auf Ihren Besuch!<\/strong><\/p>\n<p><a title=\"Killyhevlin Hotel &amp; Health Club\" href=\"http:\/\/irland-reise-tipps.de\/de\/unterkunft\/hotels-in-fermanagh\/killyhevlin-hotel\/\">Weitere Informationen \u203a<\/a><\/p>\n","protected":false},"excerpt":{"rendered":"<p>Manor House Country Hotel Herzlich Willkommen im Manor House Country Hotel! Das Manor House Hotel liegt inmitten der Seenplatte von Fermanagh am Ufer von Lough Erne in der N\u00e4he der Stadt Enniskillen. Wir freuen uns auf Ihren Besuch! Weitere Informationen<span class=\"ellipsis\">&hellip;<\/span><\/p>\n<div class=\"read-more\"><a href=\"https:\/\/irland-reise-tipps.de\/de\/unterkunft\/hotels-in-fermanagh\/\">Weiterlesen &#8250;<\/a><\/div>\n<p><!-- end of .read-more --><\/p>\n","protected":false},"author":11,"featured_media":0,"parent":18,"menu_order":0,"comment_status":"closed","ping_status":"closed","template":"","meta":{"footnotes":""},"class_list":["post-3053","page","type-page","status-publish","hentry"],"yoast_head":"<!-- This site is optimized with the Yoast SEO plugin v21.2 - https:\/\/yoast.com\/wordpress\/plugins\/seo\/ -->\n<title>Hotels in Fermanagh - Irland Reise Tipps<\/title>\n<meta name=\"description\" content=\"Gemeinsam die gr\u00fcne Insel Irland entdecken. Wir haben ausgew\u00e4hlte Veranstaltungen, Unterk\u00fcnfte und Touren mit den Highlights Irlands zusammengestellt.\" \/>\n<meta name=\"robots\" content=\"index, follow, max-snippet:-1, max-image-preview:large, max-video-preview:-1\" \/>\n<link rel=\"canonical\" href=\"https:\/\/irland-reise-tipps.de\/de\/unterkunft\/hotels-in-fermanagh\/\" \/>\n<meta property=\"og:locale\" content=\"de_DE\" \/>\n<meta property=\"og:type\" content=\"article\" \/>\n<meta property=\"og:title\" content=\"Hotels in Fermanagh - Irland Reise Tipps\" \/>\n<meta property=\"og:description\" content=\"Gemeinsam die gr\u00fcne Insel Irland entdecken. Wir haben ausgew\u00e4hlte Veranstaltungen, Unterk\u00fcnfte und Touren mit den Highlights Irlands zusammengestellt.\" \/>\n<meta property=\"og:url\" content=\"https:\/\/irland-reise-tipps.de\/de\/unterkunft\/hotels-in-fermanagh\/\" \/>\n<meta property=\"og:site_name\" content=\"Irland Reise Tipps\" \/>\n<meta property=\"article:modified_time\" content=\"2013-11-27T13:05:47+00:00\" \/>\n<meta name=\"twitter:label1\" content=\"Gesch\u00e4tzte Lesezeit\" \/>\n\t<meta name=\"twitter:data1\" content=\"1\u00a0Minute\" \/>\n<script type=\"application\/ld+json\" class=\"yoast-schema-graph\">{\"@context\":\"https:\/\/schema.org\",\"@graph\":[{\"@type\":\"WebPage\",\"@id\":\"https:\/\/irland-reise-tipps.de\/de\/unterkunft\/hotels-in-fermanagh\/\",\"url\":\"https:\/\/irland-reise-tipps.de\/de\/unterkunft\/hotels-in-fermanagh\/\",\"name\":\"Hotels in Fermanagh - Irland Reise Tipps\",\"isPartOf\":{\"@id\":\"https:\/\/irland-reise-tipps.de\/de\/#website\"},\"datePublished\":\"2013-11-26T08:53:28+00:00\",\"dateModified\":\"2013-11-27T13:05:47+00:00\",\"description\":\"Gemeinsam die gr\u00fcne Insel Irland entdecken. Wir haben ausgew\u00e4hlte Veranstaltungen, Unterk\u00fcnfte und Touren mit den Highlights Irlands zusammengestellt.\",\"breadcrumb\":{\"@id\":\"https:\/\/irland-reise-tipps.de\/de\/unterkunft\/hotels-in-fermanagh\/#breadcrumb\"},\"inLanguage\":\"de\",\"potentialAction\":[{\"@type\":\"ReadAction\",\"target\":[\"https:\/\/irland-reise-tipps.de\/de\/unterkunft\/hotels-in-fermanagh\/\"]}]},{\"@type\":\"BreadcrumbList\",\"@id\":\"https:\/\/irland-reise-tipps.de\/de\/unterkunft\/hotels-in-fermanagh\/#breadcrumb\",\"itemListElement\":[{\"@type\":\"ListItem\",\"position\":1,\"name\":\"Home\",\"item\":\"https:\/\/irland-reise-tipps.de\/de\/\"},{\"@type\":\"ListItem\",\"position\":2,\"name\":\"Unterkunft\",\"item\":\"https:\/\/irland-reise-tipps.de\/de\/unterkunft\/\"},{\"@type\":\"ListItem\",\"position\":3,\"name\":\"Hotels in Fermanagh\"}]},{\"@type\":\"WebSite\",\"@id\":\"https:\/\/irland-reise-tipps.de\/de\/#website\",\"url\":\"https:\/\/irland-reise-tipps.de\/de\/\",\"name\":\"Irland Reise Tipps\",\"description\":\"Gemeinsam die gr\u00fcne Insel entdecken\",\"potentialAction\":[{\"@type\":\"SearchAction\",\"target\":{\"@type\":\"EntryPoint\",\"urlTemplate\":\"https:\/\/irland-reise-tipps.de\/de\/?s={search_term_string}\"},\"query-input\":\"required name=search_term_string\"}],\"inLanguage\":\"de\"}]}<\/script>\n<!-- \/ Yoast SEO plugin. -->","yoast_head_json":{"title":"Hotels in Fermanagh - Irland Reise Tipps","description":"Gemeinsam die gr\u00fcne Insel Irland entdecken. Wir haben ausgew\u00e4hlte Veranstaltungen, Unterk\u00fcnfte und Touren mit den Highlights Irlands zusammengestellt.","robots":{"index":"index","follow":"follow","max-snippet":"max-snippet:-1","max-image-preview":"max-image-preview:large","max-video-preview":"max-video-preview:-1"},"canonical":"https:\/\/irland-reise-tipps.de\/de\/unterkunft\/hotels-in-fermanagh\/","og_locale":"de_DE","og_type":"article","og_title":"Hotels in Fermanagh - Irland Reise Tipps","og_description":"Gemeinsam die gr\u00fcne Insel Irland entdecken. Wir haben ausgew\u00e4hlte Veranstaltungen, Unterk\u00fcnfte und Touren mit den Highlights Irlands zusammengestellt.","og_url":"https:\/\/irland-reise-tipps.de\/de\/unterkunft\/hotels-in-fermanagh\/","og_site_name":"Irland Reise Tipps","article_modified_time":"2013-11-27T13:05:47+00:00","twitter_misc":{"Gesch\u00e4tzte Lesezeit":"1\u00a0Minute"},"schema":{"@context":"https:\/\/schema.org","@graph":[{"@type":"WebPage","@id":"https:\/\/irland-reise-tipps.de\/de\/unterkunft\/hotels-in-fermanagh\/","url":"https:\/\/irland-reise-tipps.de\/de\/unterkunft\/hotels-in-fermanagh\/","name":"Hotels in Fermanagh - Irland Reise Tipps","isPartOf":{"@id":"https:\/\/irland-reise-tipps.de\/de\/#website"},"datePublished":"2013-11-26T08:53:28+00:00","dateModified":"2013-11-27T13:05:47+00:00","description":"Gemeinsam die gr\u00fcne Insel Irland entdecken. Wir haben ausgew\u00e4hlte Veranstaltungen, Unterk\u00fcnfte und Touren mit den Highlights Irlands zusammengestellt.","breadcrumb":{"@id":"https:\/\/irland-reise-tipps.de\/de\/unterkunft\/hotels-in-fermanagh\/#breadcrumb"},"inLanguage":"de","potentialAction":[{"@type":"ReadAction","target":["https:\/\/irland-reise-tipps.de\/de\/unterkunft\/hotels-in-fermanagh\/"]}]},{"@type":"BreadcrumbList","@id":"https:\/\/irland-reise-tipps.de\/de\/unterkunft\/hotels-in-fermanagh\/#breadcrumb","itemListElement":[{"@type":"ListItem","position":1,"name":"Home","item":"https:\/\/irland-reise-tipps.de\/de\/"},{"@type":"ListItem","position":2,"name":"Unterkunft","item":"https:\/\/irland-reise-tipps.de\/de\/unterkunft\/"},{"@type":"ListItem","position":3,"name":"Hotels in Fermanagh"}]},{"@type":"WebSite","@id":"https:\/\/irland-reise-tipps.de\/de\/#website","url":"https:\/\/irland-reise-tipps.de\/de\/","name":"Irland Reise Tipps","description":"Gemeinsam die gr\u00fcne Insel entdecken","potentialAction":[{"@type":"SearchAction","target":{"@type":"EntryPoint","urlTemplate":"https:\/\/irland-reise-tipps.de\/de\/?s={search_term_string}"},"query-input":"required name=search_term_string"}],"inLanguage":"de"}]}},"_links":{"self":[{"href":"https:\/\/irland-reise-tipps.de\/de\/wp-json\/wp\/v2\/pages\/3053","targetHints":{"allow":["GET"]}}],"collection":[{"href":"https:\/\/irland-reise-tipps.de\/de\/wp-json\/wp\/v2\/pages"}],"about":[{"href":"https:\/\/irland-reise-tipps.de\/de\/wp-json\/wp\/v2\/types\/page"}],"author":[{"embeddable":true,"href":"https:\/\/irland-reise-tipps.de\/de\/wp-json\/wp\/v2\/users\/11"}],"replies":[{"embeddable":true,"href":"https:\/\/irland-reise-tipps.de\/de\/wp-json\/wp\/v2\/comments?post=3053"}],"version-history":[{"count":4,"href":"https:\/\/irland-reise-tipps.de\/de\/wp-json\/wp\/v2\/pages\/3053\/revisions"}],"predecessor-version":[{"id":3204,"href":"https:\/\/irland-reise-tipps.de\/de\/wp-json\/wp\/v2\/pages\/3053\/revisions\/3204"}],"up":[{"embeddable":true,"href":"https:\/\/irland-reise-tipps.de\/de\/wp-json\/wp\/v2\/pages\/18"}],"wp:attachment":[{"href":"https:\/\/irland-reise-tipps.de\/de\/wp-json\/wp\/v2\/media?parent=3053"}],"curies":[{"name":"wp","href":"https:\/\/api.w.org\/{rel}","templated":true}]}}