{"id":3044,"date":"2013-11-25T13:05:24","date_gmt":"2013-11-25T12:05:24","guid":{"rendered":"http:\/\/irland-reise-tipps.de\/de\/?page_id=3044"},"modified":"2013-11-28T10:12:25","modified_gmt":"2013-11-28T09:12:25","slug":"ballynahinch-castle","status":"publish","type":"page","link":"https:\/\/irland-reise-tipps.de\/de\/unterkunft\/hotels-in-galway\/ballynahinch-castle\/","title":{"rendered":"Ballynahinch Castle"},"content":{"rendered":"<h4>Kontaktdetails\n<a href=\"https:\/\/irland-reise-tipps.de\/de\/wp-content\/gallery\/ballynahinch-castle\/ballynahinchext_1295229512.jpg\" title=\"\" rel=\"lightbox[singlepic1206]\" >\n\t<img decoding=\"async\" class=\"ngg-singlepic ngg-right\" src=\"https:\/\/irland-reise-tipps.de\/de\/wp-content\/gallery\/cache\/1206__150x150_ballynahinchext_1295229512.jpg\" alt=\"ballynahinchext_1295229512\" title=\"ballynahinchext_1295229512\" \/>\n<\/a>\n<\/h4>\n<p>Ballynahinch Castle Hotel<\/p>\n<p>Recess<\/p>\n<p>Connemara<\/p>\n<p><strong><span class=\"h4i\">Telephone:<\/span> <\/strong>+353 1 2958900<strong><\/strong><\/p>\n<p><strong><span class=\"h4i\">Email:<\/span> <\/strong><span class=\"fs\"><a href=\"mailto:ballynahinch@manorhousehotels.com\">ballynahinch@manorhousehotels.com<\/a><\/span><\/p>\n<p><strong>Homepage:<\/strong><a href=\"http:\/\/manorhousehotels.com\/hotels\/ballynahinch-castle-hotel\/\" target=\"_blank\" rel=\"nofollow\">manorhousehotels.com\/de\/hotels\/ballynahinch-castle-hotel\/<\/a><\/p>\n\n<div class=\"ngg-galleryoverview\" id=\"ngg-gallery-100-3044\">\n\n\n\t\n\t<!-- Thumbnails -->\n\t\t\n\t<div id=\"ngg-image-1205\" class=\"ngg-gallery-thumbnail-box\"  >\n\t\t<div class=\"ngg-gallery-thumbnail\" >\n\t\t\t<a href=\"https:\/\/irland-reise-tipps.de\/de\/wp-content\/gallery\/ballynahinch-castle\/ballynahinchcastledinning2010_1366098932.jpg\" title=\" \" rel=\"lightbox[set_100]\" >\n\t\t\t\t\t\t\t\t<img loading=\"lazy\" decoding=\"async\" title=\"ballynahinchcastledinning2010_1366098932\" alt=\"ballynahinchcastledinning2010_1366098932\" src=\"https:\/\/irland-reise-tipps.de\/de\/wp-content\/gallery\/ballynahinch-castle\/thumbs\/thumbs_ballynahinchcastledinning2010_1366098932.jpg\" width=\"100\" height=\"75\" \/>\n\t\t\t\t\t\t\t<\/a>\n\t\t<\/div>\n\t<\/div>\n\t\n\t\t\n \t\t\n\t<div id=\"ngg-image-1206\" class=\"ngg-gallery-thumbnail-box\"  >\n\t\t<div class=\"ngg-gallery-thumbnail\" >\n\t\t\t<a href=\"https:\/\/irland-reise-tipps.de\/de\/wp-content\/gallery\/ballynahinch-castle\/ballynahinchext_1295229512.jpg\" title=\" \" rel=\"lightbox[set_100]\" >\n\t\t\t\t\t\t\t\t<img loading=\"lazy\" decoding=\"async\" title=\"ballynahinchext_1295229512\" alt=\"ballynahinchext_1295229512\" src=\"https:\/\/irland-reise-tipps.de\/de\/wp-content\/gallery\/ballynahinch-castle\/thumbs\/thumbs_ballynahinchext_1295229512.jpg\" width=\"100\" height=\"75\" \/>\n\t\t\t\t\t\t\t<\/a>\n\t\t<\/div>\n\t<\/div>\n\t\n\t\t\n \t\t\n\t<div id=\"ngg-image-1207\" class=\"ngg-gallery-thumbnail-box\"  >\n\t\t<div class=\"ngg-gallery-thumbnail\" >\n\t\t\t<a href=\"https:\/\/irland-reise-tipps.de\/de\/wp-content\/gallery\/ballynahinch-castle\/bbballynahinchcastlefishermanspub2011_1343659886.jpg\" title=\" \" rel=\"lightbox[set_100]\" >\n\t\t\t\t\t\t\t\t<img loading=\"lazy\" decoding=\"async\" title=\"bbballynahinchcastlefishermanspub2011_1343659886\" alt=\"bbballynahinchcastlefishermanspub2011_1343659886\" src=\"https:\/\/irland-reise-tipps.de\/de\/wp-content\/gallery\/ballynahinch-castle\/thumbs\/thumbs_bbballynahinchcastlefishermanspub2011_1343659886.jpg\" width=\"100\" height=\"75\" \/>\n\t\t\t\t\t\t\t<\/a>\n\t\t<\/div>\n\t<\/div>\n\t\n\t\t\n \t\t\n\t<div id=\"ngg-image-1208\" class=\"ngg-gallery-thumbnail-box\"  >\n\t\t<div class=\"ngg-gallery-thumbnail\" >\n\t\t\t<a href=\"https:\/\/irland-reise-tipps.de\/de\/wp-content\/gallery\/ballynahinch-castle\/classicroomwithariverviews_1366100070.jpg\" title=\" \" rel=\"lightbox[set_100]\" >\n\t\t\t\t\t\t\t\t<img loading=\"lazy\" decoding=\"async\" title=\"classicroomwithariverviews_1366100070\" alt=\"classicroomwithariverviews_1366100070\" src=\"https:\/\/irland-reise-tipps.de\/de\/wp-content\/gallery\/ballynahinch-castle\/thumbs\/thumbs_classicroomwithariverviews_1366100070.jpg\" width=\"100\" height=\"75\" \/>\n\t\t\t\t\t\t\t<\/a>\n\t\t<\/div>\n\t<\/div>\n\t\n\t\t\n \t\t\n\t<div id=\"ngg-image-1209\" class=\"ngg-gallery-thumbnail-box\"  >\n\t\t<div class=\"ngg-gallery-thumbnail\" >\n\t\t\t<a href=\"https:\/\/irland-reise-tipps.de\/de\/wp-content\/gallery\/ballynahinch-castle\/flyfishingontheestate_1297356958.jpg\" title=\" \" rel=\"lightbox[set_100]\" >\n\t\t\t\t\t\t\t\t<img loading=\"lazy\" decoding=\"async\" title=\"flyfishingontheestate_1297356958\" alt=\"flyfishingontheestate_1297356958\" src=\"https:\/\/irland-reise-tipps.de\/de\/wp-content\/gallery\/ballynahinch-castle\/thumbs\/thumbs_flyfishingontheestate_1297356958.jpg\" width=\"100\" height=\"75\" \/>\n\t\t\t\t\t\t\t<\/a>\n\t\t<\/div>\n\t<\/div>\n\t\n\t\t\n \t\t\n\t<div id=\"ngg-image-1210\" class=\"ngg-gallery-thumbnail-box\"  >\n\t\t<div class=\"ngg-gallery-thumbnail\" >\n\t\t\t<a href=\"https:\/\/irland-reise-tipps.de\/de\/wp-content\/gallery\/ballynahinch-castle\/library_1297356986.jpg\" title=\" \" rel=\"lightbox[set_100]\" >\n\t\t\t\t\t\t\t\t<img loading=\"lazy\" decoding=\"async\" title=\"library_1297356986\" alt=\"library_1297356986\" src=\"https:\/\/irland-reise-tipps.de\/de\/wp-content\/gallery\/ballynahinch-castle\/thumbs\/thumbs_library_1297356986.jpg\" width=\"100\" height=\"75\" \/>\n\t\t\t\t\t\t\t<\/a>\n\t\t<\/div>\n\t<\/div>\n\t\n\t\t\n \t\t\n\t<div id=\"ngg-image-1211\" class=\"ngg-gallery-thumbnail-box\"  >\n\t\t<div class=\"ngg-gallery-thumbnail\" >\n\t\t\t<a href=\"https:\/\/irland-reise-tipps.de\/de\/wp-content\/gallery\/ballynahinch-castle\/sittingroomofariversidesuitesm_1366099171.jpg\" title=\" \" rel=\"lightbox[set_100]\" >\n\t\t\t\t\t\t\t\t<img loading=\"lazy\" decoding=\"async\" title=\"sittingroomofariversidesuitesm_1366099171\" alt=\"sittingroomofariversidesuitesm_1366099171\" src=\"https:\/\/irland-reise-tipps.de\/de\/wp-content\/gallery\/ballynahinch-castle\/thumbs\/thumbs_sittingroomofariversidesuitesm_1366099171.jpg\" width=\"100\" height=\"75\" \/>\n\t\t\t\t\t\t\t<\/a>\n\t\t<\/div>\n\t<\/div>\n\t\n\t\t\n \t\t\n\t<div id=\"ngg-image-1212\" class=\"ngg-gallery-thumbnail-box\"  >\n\t\t<div class=\"ngg-gallery-thumbnail\" >\n\t\t\t<a href=\"https:\/\/irland-reise-tipps.de\/de\/wp-content\/gallery\/ballynahinch-castle\/superiordoublesm_1366099354.jpg\" title=\" \" rel=\"lightbox[set_100]\" >\n\t\t\t\t\t\t\t\t<img loading=\"lazy\" decoding=\"async\" title=\"superiordoublesm_1366099354\" alt=\"superiordoublesm_1366099354\" src=\"https:\/\/irland-reise-tipps.de\/de\/wp-content\/gallery\/ballynahinch-castle\/thumbs\/thumbs_superiordoublesm_1366099354.jpg\" width=\"100\" height=\"75\" \/>\n\t\t\t\t\t\t\t<\/a>\n\t\t<\/div>\n\t<\/div>\n\t\n\t\t\n \t \t\n\t<!-- Pagination -->\n \t<div class=\"ngg-clear\"><\/div> \t\n<\/div>\n\n\n<h4 style=\"text-align: left;\">Beschreibung<\/h4>\n<p><strong>Herzlich Willkommen im Athenaeum House Hotel!<\/strong><\/p>\n<p>Luxuri\u00f6ses Schlosshotel im landschaftlich sch\u00f6nen Connemara, Grafschaft Galway<\/p>\n<p>Das Ballynahinch Castle in Connemara ist ein luxuri\u00f6ses Schlosshotel in einer der landschaftlich reizvollsten Gegenden der Grafschaft Galway und liegt inmitten eines ausgedehnten, wundersch\u00f6nen bewaldeten Gel\u00e4ndes mit zahlreichen Wanderwegen.\u00a0 Das Rittergutschloss stammt aus dem 18. Jahrhundert und bietet alle Attraktionen eines gro\u00dfen privaten Anwesens.<\/p>\n<p>Heutzutage bietet das sch\u00f6ne und international bekannte Hotel und Sportclub Ballynahinch Castle echte irische Gastfreundschaft mit erstklassigen Unterkunftsm\u00f6glichkeiten, einschlie\u00dflich des luxuri\u00f6sen Riverside-Seitentrakts, eines preisgekr\u00f6nten Restaurants und des authentischen Country-Pub.<\/p>\n<p>Dieses Manor House Hotel war einst die Residenz von \u201eHumanity Dick\u201d Martin und des Maharajah Ranjitsinhji und hat eine lange Tradition, Besucher in Connemara willkommen zu hei\u00dfen.<\/p>\n<h4>G\u00e4ste lieben am Ballynahinch Castle:<\/h4>\n<ul>\n<li>HOTEL DES JAHRES 2012, ausgezeichnet am 11.10.2011<\/li>\n<li>Das AA-preisgekr\u00f6nte Restaurant, zwei AA-Rosetten<\/li>\n<li>Den Fisherman\u2019s Pub \u2013 eine stilvolle traditionelle Bar<\/li>\n<li>Die offenen Kaminfeuer, die eine gem\u00fctliche Atmosph\u00e4re schaffen<\/li>\n<li>Die Ballynahinch Fischerei \u2013 auf der ganzen Welt ber\u00fchmt als einer der besten Lachs- und Forellenfl\u00fcsse Irlands<\/li>\n<li>F\u00fchrungen durch das Ballynahinch-Grundst\u00fcck<\/li>\n<li>Den ummauerten Garten<\/li>\n<li>Den Tennisplatz<\/li>\n<\/ul>\n<p>Ihre Manor House Hotels Geschenkkarte kann im Ballynahinch Castle eingel\u00f6st werden.<\/p>\n<p>Wir freuen uns auf Ihren Besuch!<\/p>\n<h4>Lage des Hotels und Sehensw\u00fcrdigkeiten in der N\u00e4he<\/h4>\n<p>[google-map-v3 width=&#8220;600&#8243; height=&#8220;400&#8243; zoom=&#8220;12&#8243; maptype=&#8220;roadmap&#8220; mapalign=&#8220;center&#8220; directionhint=&#8220;false&#8220; language=&#8220;de&#8220; poweredby=&#8220;false&#8220; maptypecontrol=&#8220;true&#8220; pancontrol=&#8220;true&#8220; zoomcontrol=&#8220;true&#8220; scalecontrol=&#8220;true&#8220; streetviewcontrol=&#8220;true&#8220; scrollwheelcontrol=&#8220;false&#8220; draggable=&#8220;true&#8220; tiltfourtyfive=&#8220;false&#8220; addmarkermashupbubble=&#8220;false&#8220; addmarkermashupbubble=&#8220;false&#8220; addmarkerlist=&#8220;Recess,Ireland{}lodging_0star.png&#8220; bubbleautopan=&#8220;true&#8220; showbike=&#8220;false&#8220; showtraffic=&#8220;false&#8220; showpanoramio=&#8220;false&#8220;]<\/p>\n","protected":false},"excerpt":{"rendered":"<p>Kontaktdetails Ballynahinch Castle Hotel Recess Connemara Telephone: +353 1 2958900 Email: ballynahinch@manorhousehotels.com Homepage:manorhousehotels.com\/de\/hotels\/ballynahinch-castle-hotel\/ Beschreibung Herzlich Willkommen im Athenaeum House Hotel! Luxuri\u00f6ses Schlosshotel im landschaftlich sch\u00f6nen Connemara, Grafschaft Galway Das Ballynahinch Castle in Connemara ist ein luxuri\u00f6ses Schlosshotel in einer der<span class=\"ellipsis\">&hellip;<\/span><\/p>\n<div class=\"read-more\"><a href=\"https:\/\/irland-reise-tipps.de\/de\/unterkunft\/hotels-in-galway\/ballynahinch-castle\/\">Weiterlesen &#8250;<\/a><\/div>\n<p><!-- end of .read-more --><\/p>\n","protected":false},"author":11,"featured_media":0,"parent":1218,"menu_order":0,"comment_status":"closed","ping_status":"closed","template":"","meta":{"footnotes":""},"class_list":["post-3044","page","type-page","status-publish","hentry"],"yoast_head":"<!-- This site is optimized with the Yoast SEO plugin v21.2 - https:\/\/yoast.com\/wordpress\/plugins\/seo\/ -->\n<title>Ballynahinch Castle - Irland Reise Tipps<\/title>\n<meta name=\"description\" content=\"Gemeinsam die gr\u00fcne Insel Irland entdecken. Wir haben ausgew\u00e4hlte Veranstaltungen, Unterk\u00fcnfte und Touren mit den Highlights Irlands zusammengestellt.\" \/>\n<meta name=\"robots\" content=\"index, follow, max-snippet:-1, max-image-preview:large, max-video-preview:-1\" \/>\n<link rel=\"canonical\" href=\"https:\/\/irland-reise-tipps.de\/de\/unterkunft\/hotels-in-galway\/ballynahinch-castle\/\" \/>\n<meta property=\"og:locale\" content=\"de_DE\" \/>\n<meta property=\"og:type\" content=\"article\" \/>\n<meta property=\"og:title\" content=\"Ballynahinch Castle - Irland Reise Tipps\" \/>\n<meta property=\"og:description\" content=\"Gemeinsam die gr\u00fcne Insel Irland entdecken. Wir haben ausgew\u00e4hlte Veranstaltungen, Unterk\u00fcnfte und Touren mit den Highlights Irlands zusammengestellt.\" \/>\n<meta property=\"og:url\" content=\"https:\/\/irland-reise-tipps.de\/de\/unterkunft\/hotels-in-galway\/ballynahinch-castle\/\" \/>\n<meta property=\"og:site_name\" content=\"Irland Reise Tipps\" \/>\n<meta property=\"article:modified_time\" content=\"2013-11-28T09:12:25+00:00\" \/>\n<meta name=\"twitter:label1\" content=\"Gesch\u00e4tzte Lesezeit\" \/>\n\t<meta name=\"twitter:data1\" content=\"1\u00a0Minute\" \/>\n<script type=\"application\/ld+json\" class=\"yoast-schema-graph\">{\"@context\":\"https:\/\/schema.org\",\"@graph\":[{\"@type\":\"WebPage\",\"@id\":\"https:\/\/irland-reise-tipps.de\/de\/unterkunft\/hotels-in-galway\/ballynahinch-castle\/\",\"url\":\"https:\/\/irland-reise-tipps.de\/de\/unterkunft\/hotels-in-galway\/ballynahinch-castle\/\",\"name\":\"Ballynahinch Castle - Irland Reise Tipps\",\"isPartOf\":{\"@id\":\"https:\/\/irland-reise-tipps.de\/de\/#website\"},\"datePublished\":\"2013-11-25T12:05:24+00:00\",\"dateModified\":\"2013-11-28T09:12:25+00:00\",\"description\":\"Gemeinsam die gr\u00fcne Insel Irland entdecken. Wir haben ausgew\u00e4hlte Veranstaltungen, Unterk\u00fcnfte und Touren mit den Highlights Irlands zusammengestellt.\",\"breadcrumb\":{\"@id\":\"https:\/\/irland-reise-tipps.de\/de\/unterkunft\/hotels-in-galway\/ballynahinch-castle\/#breadcrumb\"},\"inLanguage\":\"de\",\"potentialAction\":[{\"@type\":\"ReadAction\",\"target\":[\"https:\/\/irland-reise-tipps.de\/de\/unterkunft\/hotels-in-galway\/ballynahinch-castle\/\"]}]},{\"@type\":\"BreadcrumbList\",\"@id\":\"https:\/\/irland-reise-tipps.de\/de\/unterkunft\/hotels-in-galway\/ballynahinch-castle\/#breadcrumb\",\"itemListElement\":[{\"@type\":\"ListItem\",\"position\":1,\"name\":\"Home\",\"item\":\"https:\/\/irland-reise-tipps.de\/de\/\"},{\"@type\":\"ListItem\",\"position\":2,\"name\":\"Unterkunft\",\"item\":\"https:\/\/irland-reise-tipps.de\/de\/unterkunft\/\"},{\"@type\":\"ListItem\",\"position\":3,\"name\":\"Hotels in Galway\",\"item\":\"https:\/\/irland-reise-tipps.de\/de\/unterkunft\/hotels-in-galway\/\"},{\"@type\":\"ListItem\",\"position\":4,\"name\":\"Ballynahinch Castle\"}]},{\"@type\":\"WebSite\",\"@id\":\"https:\/\/irland-reise-tipps.de\/de\/#website\",\"url\":\"https:\/\/irland-reise-tipps.de\/de\/\",\"name\":\"Irland Reise Tipps\",\"description\":\"Gemeinsam die gr\u00fcne Insel entdecken\",\"potentialAction\":[{\"@type\":\"SearchAction\",\"target\":{\"@type\":\"EntryPoint\",\"urlTemplate\":\"https:\/\/irland-reise-tipps.de\/de\/?s={search_term_string}\"},\"query-input\":\"required name=search_term_string\"}],\"inLanguage\":\"de\"}]}<\/script>\n<!-- \/ Yoast SEO plugin. -->","yoast_head_json":{"title":"Ballynahinch Castle - Irland Reise Tipps","description":"Gemeinsam die gr\u00fcne Insel Irland entdecken. Wir haben ausgew\u00e4hlte Veranstaltungen, Unterk\u00fcnfte und Touren mit den Highlights Irlands zusammengestellt.","robots":{"index":"index","follow":"follow","max-snippet":"max-snippet:-1","max-image-preview":"max-image-preview:large","max-video-preview":"max-video-preview:-1"},"canonical":"https:\/\/irland-reise-tipps.de\/de\/unterkunft\/hotels-in-galway\/ballynahinch-castle\/","og_locale":"de_DE","og_type":"article","og_title":"Ballynahinch Castle - Irland Reise Tipps","og_description":"Gemeinsam die gr\u00fcne Insel Irland entdecken. Wir haben ausgew\u00e4hlte Veranstaltungen, Unterk\u00fcnfte und Touren mit den Highlights Irlands zusammengestellt.","og_url":"https:\/\/irland-reise-tipps.de\/de\/unterkunft\/hotels-in-galway\/ballynahinch-castle\/","og_site_name":"Irland Reise Tipps","article_modified_time":"2013-11-28T09:12:25+00:00","twitter_misc":{"Gesch\u00e4tzte Lesezeit":"1\u00a0Minute"},"schema":{"@context":"https:\/\/schema.org","@graph":[{"@type":"WebPage","@id":"https:\/\/irland-reise-tipps.de\/de\/unterkunft\/hotels-in-galway\/ballynahinch-castle\/","url":"https:\/\/irland-reise-tipps.de\/de\/unterkunft\/hotels-in-galway\/ballynahinch-castle\/","name":"Ballynahinch Castle - Irland Reise Tipps","isPartOf":{"@id":"https:\/\/irland-reise-tipps.de\/de\/#website"},"datePublished":"2013-11-25T12:05:24+00:00","dateModified":"2013-11-28T09:12:25+00:00","description":"Gemeinsam die gr\u00fcne Insel Irland entdecken. Wir haben ausgew\u00e4hlte Veranstaltungen, Unterk\u00fcnfte und Touren mit den Highlights Irlands zusammengestellt.","breadcrumb":{"@id":"https:\/\/irland-reise-tipps.de\/de\/unterkunft\/hotels-in-galway\/ballynahinch-castle\/#breadcrumb"},"inLanguage":"de","potentialAction":[{"@type":"ReadAction","target":["https:\/\/irland-reise-tipps.de\/de\/unterkunft\/hotels-in-galway\/ballynahinch-castle\/"]}]},{"@type":"BreadcrumbList","@id":"https:\/\/irland-reise-tipps.de\/de\/unterkunft\/hotels-in-galway\/ballynahinch-castle\/#breadcrumb","itemListElement":[{"@type":"ListItem","position":1,"name":"Home","item":"https:\/\/irland-reise-tipps.de\/de\/"},{"@type":"ListItem","position":2,"name":"Unterkunft","item":"https:\/\/irland-reise-tipps.de\/de\/unterkunft\/"},{"@type":"ListItem","position":3,"name":"Hotels in Galway","item":"https:\/\/irland-reise-tipps.de\/de\/unterkunft\/hotels-in-galway\/"},{"@type":"ListItem","position":4,"name":"Ballynahinch Castle"}]},{"@type":"WebSite","@id":"https:\/\/irland-reise-tipps.de\/de\/#website","url":"https:\/\/irland-reise-tipps.de\/de\/","name":"Irland Reise Tipps","description":"Gemeinsam die gr\u00fcne Insel entdecken","potentialAction":[{"@type":"SearchAction","target":{"@type":"EntryPoint","urlTemplate":"https:\/\/irland-reise-tipps.de\/de\/?s={search_term_string}"},"query-input":"required name=search_term_string"}],"inLanguage":"de"}]}},"_links":{"self":[{"href":"https:\/\/irland-reise-tipps.de\/de\/wp-json\/wp\/v2\/pages\/3044","targetHints":{"allow":["GET"]}}],"collection":[{"href":"https:\/\/irland-reise-tipps.de\/de\/wp-json\/wp\/v2\/pages"}],"about":[{"href":"https:\/\/irland-reise-tipps.de\/de\/wp-json\/wp\/v2\/types\/page"}],"author":[{"embeddable":true,"href":"https:\/\/irland-reise-tipps.de\/de\/wp-json\/wp\/v2\/users\/11"}],"replies":[{"embeddable":true,"href":"https:\/\/irland-reise-tipps.de\/de\/wp-json\/wp\/v2\/comments?post=3044"}],"version-history":[{"count":5,"href":"https:\/\/irland-reise-tipps.de\/de\/wp-json\/wp\/v2\/pages\/3044\/revisions"}],"predecessor-version":[{"id":3232,"href":"https:\/\/irland-reise-tipps.de\/de\/wp-json\/wp\/v2\/pages\/3044\/revisions\/3232"}],"up":[{"embeddable":true,"href":"https:\/\/irland-reise-tipps.de\/de\/wp-json\/wp\/v2\/pages\/1218"}],"wp:attachment":[{"href":"https:\/\/irland-reise-tipps.de\/de\/wp-json\/wp\/v2\/media?parent=3044"}],"curies":[{"name":"wp","href":"https:\/\/api.w.org\/{rel}","templated":true}]}}