{"id":3037,"date":"2013-11-25T12:55:20","date_gmt":"2013-11-25T11:55:20","guid":{"rendered":"http:\/\/irland-reise-tipps.de\/de\/?page_id=3037"},"modified":"2013-11-25T12:58:44","modified_gmt":"2013-11-25T11:58:44","slug":"athenaeum-house-hotel","status":"publish","type":"page","link":"https:\/\/irland-reise-tipps.de\/de\/unterkunft\/hotels-in-waterford\/athenaeum-house-hotel\/","title":{"rendered":"Athenaeum House Hotel"},"content":{"rendered":"<h4>Kontaktdetails\n<a href=\"https:\/\/irland-reise-tipps.de\/de\/wp-content\/gallery\/athenaeum-house\/extath_1342449216.jpg\" title=\"\" rel=\"lightbox[singlepic1203]\" >\n\t<img decoding=\"async\" class=\"ngg-singlepic ngg-right\" src=\"https:\/\/irland-reise-tipps.de\/de\/wp-content\/gallery\/cache\/1203__150x150_extath_1342449216.jpg\" alt=\"extath_1342449216\" title=\"extath_1342449216\" \/>\n<\/a>\n<\/h4>\n<p>Athenaeum House Hotel<\/p>\n<p>Christendom<\/p>\n<p>Co. Waterford<\/p>\n<p><strong><span class=\"h4i\">Telephone:<\/span> +353 1 2958900<\/strong><\/p>\n<p><strong><span class=\"h4i\">Email:<\/span> <span class=\"fs\"><a href=\"mailto:athenaeum@manorhousehotels.com\">athenaeum@manorhousehotels.com<\/a><\/span><\/strong><\/p>\n<p><strong>Homepage: <a href=\"http:\/\/manorhousehotels.com\/de\/hotels\/athenaeum-house-hotel\/\" target=\"_blank\" rel=\"nofollow\">http:\/\/manorhousehotels.com\/de\/hotels\/athenaeum-house-hotel\/<\/a><\/strong><\/p>\n\n<div class=\"ngg-galleryoverview\" id=\"ngg-gallery-99-3037\">\n\n\n\t\n\t<!-- Thumbnails -->\n\t\t\n\t<div id=\"ngg-image-1198\" class=\"ngg-gallery-thumbnail-box\"  >\n\t\t<div class=\"ngg-gallery-thumbnail\" >\n\t\t\t<a href=\"https:\/\/irland-reise-tipps.de\/de\/wp-content\/gallery\/athenaeum-house\/328highres2_1295317849.jpg\" title=\" \" rel=\"lightbox[set_99]\" >\n\t\t\t\t\t\t\t\t<img loading=\"lazy\" decoding=\"async\" title=\"328highres2_1295317849\" alt=\"328highres2_1295317849\" src=\"https:\/\/irland-reise-tipps.de\/de\/wp-content\/gallery\/athenaeum-house\/thumbs\/thumbs_328highres2_1295317849.jpg\" width=\"100\" height=\"75\" \/>\n\t\t\t\t\t\t\t<\/a>\n\t\t<\/div>\n\t<\/div>\n\t\n\t\t\n \t\t\n\t<div id=\"ngg-image-1199\" class=\"ngg-gallery-thumbnail-box\"  >\n\t\t<div class=\"ngg-gallery-thumbnail\" >\n\t\t\t<a href=\"https:\/\/irland-reise-tipps.de\/de\/wp-content\/gallery\/athenaeum-house\/athenaeumbed1_1295317864.jpg\" title=\" \" rel=\"lightbox[set_99]\" >\n\t\t\t\t\t\t\t\t<img loading=\"lazy\" decoding=\"async\" title=\"athenaeumbed1_1295317864\" alt=\"athenaeumbed1_1295317864\" src=\"https:\/\/irland-reise-tipps.de\/de\/wp-content\/gallery\/athenaeum-house\/thumbs\/thumbs_athenaeumbed1_1295317864.jpg\" width=\"100\" height=\"75\" \/>\n\t\t\t\t\t\t\t<\/a>\n\t\t<\/div>\n\t<\/div>\n\t\n\t\t\n \t\t\n\t<div id=\"ngg-image-1200\" class=\"ngg-gallery-thumbnail-box\"  >\n\t\t<div class=\"ngg-gallery-thumbnail\" >\n\t\t\t<a href=\"https:\/\/irland-reise-tipps.de\/de\/wp-content\/gallery\/athenaeum-house\/athenaeumbed2_1295317901.jpg\" title=\" \" rel=\"lightbox[set_99]\" >\n\t\t\t\t\t\t\t\t<img loading=\"lazy\" decoding=\"async\" title=\"athenaeumbed2_1295317901\" alt=\"athenaeumbed2_1295317901\" src=\"https:\/\/irland-reise-tipps.de\/de\/wp-content\/gallery\/athenaeum-house\/thumbs\/thumbs_athenaeumbed2_1295317901.jpg\" width=\"100\" height=\"75\" \/>\n\t\t\t\t\t\t\t<\/a>\n\t\t<\/div>\n\t<\/div>\n\t\n\t\t\n \t\t\n\t<div id=\"ngg-image-1201\" class=\"ngg-gallery-thumbnail-box\"  >\n\t\t<div class=\"ngg-gallery-thumbnail\" >\n\t\t\t<a href=\"https:\/\/irland-reise-tipps.de\/de\/wp-content\/gallery\/athenaeum-house\/athenaeumint1_1295317923.jpg\" title=\" \" rel=\"lightbox[set_99]\" >\n\t\t\t\t\t\t\t\t<img loading=\"lazy\" decoding=\"async\" title=\"athenaeumint1_1295317923\" alt=\"athenaeumint1_1295317923\" src=\"https:\/\/irland-reise-tipps.de\/de\/wp-content\/gallery\/athenaeum-house\/thumbs\/thumbs_athenaeumint1_1295317923.jpg\" width=\"100\" height=\"75\" \/>\n\t\t\t\t\t\t\t<\/a>\n\t\t<\/div>\n\t<\/div>\n\t\n\t\t\n \t\t\n\t<div id=\"ngg-image-1202\" class=\"ngg-gallery-thumbnail-box\"  >\n\t\t<div class=\"ngg-gallery-thumbnail\" >\n\t\t\t<a href=\"https:\/\/irland-reise-tipps.de\/de\/wp-content\/gallery\/athenaeum-house\/athenaeumint2_1295317933.jpg\" title=\" \" rel=\"lightbox[set_99]\" >\n\t\t\t\t\t\t\t\t<img loading=\"lazy\" decoding=\"async\" title=\"athenaeumint2_1295317933\" alt=\"athenaeumint2_1295317933\" src=\"https:\/\/irland-reise-tipps.de\/de\/wp-content\/gallery\/athenaeum-house\/thumbs\/thumbs_athenaeumint2_1295317933.jpg\" width=\"100\" height=\"75\" \/>\n\t\t\t\t\t\t\t<\/a>\n\t\t<\/div>\n\t<\/div>\n\t\n\t\t\n \t\t\n\t<div id=\"ngg-image-1203\" class=\"ngg-gallery-thumbnail-box\"  >\n\t\t<div class=\"ngg-gallery-thumbnail\" >\n\t\t\t<a href=\"https:\/\/irland-reise-tipps.de\/de\/wp-content\/gallery\/athenaeum-house\/extath_1342449216.jpg\" title=\" \" rel=\"lightbox[set_99]\" >\n\t\t\t\t\t\t\t\t<img loading=\"lazy\" decoding=\"async\" title=\"extath_1342449216\" alt=\"extath_1342449216\" src=\"https:\/\/irland-reise-tipps.de\/de\/wp-content\/gallery\/athenaeum-house\/thumbs\/thumbs_extath_1342449216.jpg\" width=\"100\" height=\"75\" \/>\n\t\t\t\t\t\t\t<\/a>\n\t\t<\/div>\n\t<\/div>\n\t\n\t\t\n \t\t\n\t<div id=\"ngg-image-1204\" class=\"ngg-gallery-thumbnail-box\"  >\n\t\t<div class=\"ngg-gallery-thumbnail\" >\n\t\t\t<a href=\"https:\/\/irland-reise-tipps.de\/de\/wp-content\/gallery\/athenaeum-house\/terracesm_1363878357.jpg\" title=\" \" rel=\"lightbox[set_99]\" >\n\t\t\t\t\t\t\t\t<img loading=\"lazy\" decoding=\"async\" title=\"terracesm_1363878357\" alt=\"terracesm_1363878357\" src=\"https:\/\/irland-reise-tipps.de\/de\/wp-content\/gallery\/athenaeum-house\/thumbs\/thumbs_terracesm_1363878357.jpg\" width=\"100\" height=\"75\" \/>\n\t\t\t\t\t\t\t<\/a>\n\t\t<\/div>\n\t<\/div>\n\t\n\t\t\n \t \t\n\t<!-- Pagination -->\n \t<div class=\"ngg-clear\"><\/div> \t\n<\/div>\n\n\n<h4 style=\"text-align: left;\">Beschreibung<\/h4>\n<p><strong>Herzlich Willkommen im Athenaeum House Hotel!<\/strong><\/p>\n<p>Unterkunft im Boutique-Hotel mit Ausblick auf die Stadt Waterford<\/p>\n<p>&nbsp;<\/p>\n<p>Das Athenaeum House Hotel ist ein georgianisches Haus aus dem 17. Jahrhundert, das liebevoll in ein stilvolles Boutique-Hotel umgebaut wurde. Mit 2 Hektar Parklandschaft und Blick auf die Stadt Waterford bietet das Athenaeum House das Beste beider Welten \u2013 eine ruhige l\u00e4ndliche Umgebung nur einen kurzen Spaziergang von der belebten Stadt Waterford entfernt.<\/p>\n<p>&nbsp;<\/p>\n<p>Die Schlafzimmer sind alle individuell eingerichtet und bieten alle modernen Annehmlichkeiten, die Sie von einem luxuri\u00f6sen Boutique-Hotel erwarten w\u00fcrden.<\/p>\n<p>&nbsp;<\/p>\n<p>Das Athenaeum House ist elegant, schick und ideal f\u00fcr eine St\u00e4dtereise in Waterford. Besuchen Sie das erst k\u00fcrzlich er\u00f6ffnete House of Waterford Crystal, oder spielen Sie Golf auf einem unserer zahlreichen Golfpl\u00e4tze im S\u00fcdosten Irlands \u2013 Mount Juliet, Faithlegg und Tramore sind alle ganz in Ihrer N\u00e4he.<\/p>\n<p>&nbsp;<\/p>\n<h4>G\u00e4ste lieben am Athenaeum House:<\/h4>\n<p>&nbsp;<\/p>\n<ul>\n<li>Das preisgekr\u00f6nte Restaurant Zak\u2019s Restaurant, 1 AA-Rosette<\/li>\n<li>Den hauseigenen Pianisten im Zak\u2019s immer Freitag &amp; Samstagnacht<\/li>\n<li>Das Hotel ist wunderbar gelegen inmitten einer 2 Hektar gro\u00dfen Parklandschaft am Ufer des Flusses Suir<\/li>\n<li>Die Suiten bieten einen sch\u00f6nen Ausblick \u00fcber den Fluss Suir und die Stadt Waterford<\/li>\n<li>Das House of Waterford Crystal befindet sich ganz in der N\u00e4he<\/li>\n<\/ul>\n<p>&nbsp;<\/p>\n<p>Ihre Manor House Hotels Geschenkkarte kann im Athenaeum House eingel\u00f6st werden<\/p>\n<p>Wir freuen uns auf Ihren Besuch!<\/p>\n<h4>Lage des Hotels und Sehensw\u00fcrdigkeiten in der N\u00e4he<\/h4>\n<p>[google-map-v3 width=&#8220;600&#8243; height=&#8220;400&#8243; zoom=&#8220;12&#8243; maptype=&#8220;roadmap&#8220; mapalign=&#8220;center&#8220; directionhint=&#8220;false&#8220; language=&#8220;de&#8220; poweredby=&#8220;false&#8220; maptypecontrol=&#8220;true&#8220; pancontrol=&#8220;true&#8220; zoomcontrol=&#8220;true&#8220; scalecontrol=&#8220;true&#8220; streetviewcontrol=&#8220;true&#8220; scrollwheelcontrol=&#8220;false&#8220; draggable=&#8220;true&#8220; tiltfourtyfive=&#8220;false&#8220; addmarkermashupbubble=&#8220;false&#8220; addmarkermashupbubble=&#8220;false&#8220; addmarkerlist=&#8220;Christendom,Ireland{}lodging_0star.png&#8220; bubbleautopan=&#8220;true&#8220; showbike=&#8220;false&#8220; showtraffic=&#8220;false&#8220; showpanoramio=&#8220;false&#8220;]<\/p>\n","protected":false},"excerpt":{"rendered":"<p>Kontaktdetails Athenaeum House Hotel Christendom Co. Waterford Telephone: +353 1 2958900 Email: athenaeum@manorhousehotels.com Homepage: http:\/\/manorhousehotels.com\/de\/hotels\/athenaeum-house-hotel\/ Beschreibung Herzlich Willkommen im Athenaeum House Hotel! Unterkunft im Boutique-Hotel mit Ausblick auf die Stadt Waterford &nbsp; Das Athenaeum House Hotel ist ein georgianisches Haus<span class=\"ellipsis\">&hellip;<\/span><\/p>\n<div class=\"read-more\"><a href=\"https:\/\/irland-reise-tipps.de\/de\/unterkunft\/hotels-in-waterford\/athenaeum-house-hotel\/\">Weiterlesen &#8250;<\/a><\/div>\n<p><!-- end of .read-more --><\/p>\n","protected":false},"author":11,"featured_media":0,"parent":3038,"menu_order":0,"comment_status":"closed","ping_status":"closed","template":"","meta":{"footnotes":""},"class_list":["post-3037","page","type-page","status-publish","hentry"],"yoast_head":"<!-- This site is optimized with the Yoast SEO plugin v21.2 - https:\/\/yoast.com\/wordpress\/plugins\/seo\/ -->\n<title>Athenaeum House Hotel - Irland Reise Tipps<\/title>\n<meta name=\"description\" content=\"Gemeinsam die gr\u00fcne Insel Irland entdecken. Wir haben ausgew\u00e4hlte Veranstaltungen, Unterk\u00fcnfte und Touren mit den Highlights Irlands zusammengestellt.\" \/>\n<meta name=\"robots\" content=\"index, follow, max-snippet:-1, max-image-preview:large, max-video-preview:-1\" \/>\n<link rel=\"canonical\" href=\"https:\/\/irland-reise-tipps.de\/de\/unterkunft\/hotels-in-waterford\/athenaeum-house-hotel\/\" \/>\n<meta property=\"og:locale\" content=\"de_DE\" \/>\n<meta property=\"og:type\" content=\"article\" \/>\n<meta property=\"og:title\" content=\"Athenaeum House Hotel - Irland Reise Tipps\" \/>\n<meta property=\"og:description\" content=\"Gemeinsam die gr\u00fcne Insel Irland entdecken. Wir haben ausgew\u00e4hlte Veranstaltungen, Unterk\u00fcnfte und Touren mit den Highlights Irlands zusammengestellt.\" \/>\n<meta property=\"og:url\" content=\"https:\/\/irland-reise-tipps.de\/de\/unterkunft\/hotels-in-waterford\/athenaeum-house-hotel\/\" \/>\n<meta property=\"og:site_name\" content=\"Irland Reise Tipps\" \/>\n<meta property=\"article:modified_time\" content=\"2013-11-25T11:58:44+00:00\" \/>\n<meta name=\"twitter:label1\" content=\"Gesch\u00e4tzte Lesezeit\" \/>\n\t<meta name=\"twitter:data1\" content=\"2\u00a0Minuten\" \/>\n<script type=\"application\/ld+json\" class=\"yoast-schema-graph\">{\"@context\":\"https:\/\/schema.org\",\"@graph\":[{\"@type\":\"WebPage\",\"@id\":\"https:\/\/irland-reise-tipps.de\/de\/unterkunft\/hotels-in-waterford\/athenaeum-house-hotel\/\",\"url\":\"https:\/\/irland-reise-tipps.de\/de\/unterkunft\/hotels-in-waterford\/athenaeum-house-hotel\/\",\"name\":\"Athenaeum House Hotel - Irland Reise Tipps\",\"isPartOf\":{\"@id\":\"https:\/\/irland-reise-tipps.de\/de\/#website\"},\"datePublished\":\"2013-11-25T11:55:20+00:00\",\"dateModified\":\"2013-11-25T11:58:44+00:00\",\"description\":\"Gemeinsam die gr\u00fcne Insel Irland entdecken. Wir haben ausgew\u00e4hlte Veranstaltungen, Unterk\u00fcnfte und Touren mit den Highlights Irlands zusammengestellt.\",\"breadcrumb\":{\"@id\":\"https:\/\/irland-reise-tipps.de\/de\/unterkunft\/hotels-in-waterford\/athenaeum-house-hotel\/#breadcrumb\"},\"inLanguage\":\"de\",\"potentialAction\":[{\"@type\":\"ReadAction\",\"target\":[\"https:\/\/irland-reise-tipps.de\/de\/unterkunft\/hotels-in-waterford\/athenaeum-house-hotel\/\"]}]},{\"@type\":\"BreadcrumbList\",\"@id\":\"https:\/\/irland-reise-tipps.de\/de\/unterkunft\/hotels-in-waterford\/athenaeum-house-hotel\/#breadcrumb\",\"itemListElement\":[{\"@type\":\"ListItem\",\"position\":1,\"name\":\"Home\",\"item\":\"https:\/\/irland-reise-tipps.de\/de\/\"},{\"@type\":\"ListItem\",\"position\":2,\"name\":\"Unterkunft\",\"item\":\"https:\/\/irland-reise-tipps.de\/de\/unterkunft\/\"},{\"@type\":\"ListItem\",\"position\":3,\"name\":\"Hotels in Waterford\",\"item\":\"https:\/\/irland-reise-tipps.de\/de\/unterkunft\/hotels-in-waterford\/\"},{\"@type\":\"ListItem\",\"position\":4,\"name\":\"Athenaeum House Hotel\"}]},{\"@type\":\"WebSite\",\"@id\":\"https:\/\/irland-reise-tipps.de\/de\/#website\",\"url\":\"https:\/\/irland-reise-tipps.de\/de\/\",\"name\":\"Irland Reise Tipps\",\"description\":\"Gemeinsam die gr\u00fcne Insel entdecken\",\"potentialAction\":[{\"@type\":\"SearchAction\",\"target\":{\"@type\":\"EntryPoint\",\"urlTemplate\":\"https:\/\/irland-reise-tipps.de\/de\/?s={search_term_string}\"},\"query-input\":\"required name=search_term_string\"}],\"inLanguage\":\"de\"}]}<\/script>\n<!-- \/ Yoast SEO plugin. -->","yoast_head_json":{"title":"Athenaeum House Hotel - Irland Reise Tipps","description":"Gemeinsam die gr\u00fcne Insel Irland entdecken. Wir haben ausgew\u00e4hlte Veranstaltungen, Unterk\u00fcnfte und Touren mit den Highlights Irlands zusammengestellt.","robots":{"index":"index","follow":"follow","max-snippet":"max-snippet:-1","max-image-preview":"max-image-preview:large","max-video-preview":"max-video-preview:-1"},"canonical":"https:\/\/irland-reise-tipps.de\/de\/unterkunft\/hotels-in-waterford\/athenaeum-house-hotel\/","og_locale":"de_DE","og_type":"article","og_title":"Athenaeum House Hotel - Irland Reise Tipps","og_description":"Gemeinsam die gr\u00fcne Insel Irland entdecken. Wir haben ausgew\u00e4hlte Veranstaltungen, Unterk\u00fcnfte und Touren mit den Highlights Irlands zusammengestellt.","og_url":"https:\/\/irland-reise-tipps.de\/de\/unterkunft\/hotels-in-waterford\/athenaeum-house-hotel\/","og_site_name":"Irland Reise Tipps","article_modified_time":"2013-11-25T11:58:44+00:00","twitter_misc":{"Gesch\u00e4tzte Lesezeit":"2\u00a0Minuten"},"schema":{"@context":"https:\/\/schema.org","@graph":[{"@type":"WebPage","@id":"https:\/\/irland-reise-tipps.de\/de\/unterkunft\/hotels-in-waterford\/athenaeum-house-hotel\/","url":"https:\/\/irland-reise-tipps.de\/de\/unterkunft\/hotels-in-waterford\/athenaeum-house-hotel\/","name":"Athenaeum House Hotel - Irland Reise Tipps","isPartOf":{"@id":"https:\/\/irland-reise-tipps.de\/de\/#website"},"datePublished":"2013-11-25T11:55:20+00:00","dateModified":"2013-11-25T11:58:44+00:00","description":"Gemeinsam die gr\u00fcne Insel Irland entdecken. Wir haben ausgew\u00e4hlte Veranstaltungen, Unterk\u00fcnfte und Touren mit den Highlights Irlands zusammengestellt.","breadcrumb":{"@id":"https:\/\/irland-reise-tipps.de\/de\/unterkunft\/hotels-in-waterford\/athenaeum-house-hotel\/#breadcrumb"},"inLanguage":"de","potentialAction":[{"@type":"ReadAction","target":["https:\/\/irland-reise-tipps.de\/de\/unterkunft\/hotels-in-waterford\/athenaeum-house-hotel\/"]}]},{"@type":"BreadcrumbList","@id":"https:\/\/irland-reise-tipps.de\/de\/unterkunft\/hotels-in-waterford\/athenaeum-house-hotel\/#breadcrumb","itemListElement":[{"@type":"ListItem","position":1,"name":"Home","item":"https:\/\/irland-reise-tipps.de\/de\/"},{"@type":"ListItem","position":2,"name":"Unterkunft","item":"https:\/\/irland-reise-tipps.de\/de\/unterkunft\/"},{"@type":"ListItem","position":3,"name":"Hotels in Waterford","item":"https:\/\/irland-reise-tipps.de\/de\/unterkunft\/hotels-in-waterford\/"},{"@type":"ListItem","position":4,"name":"Athenaeum House Hotel"}]},{"@type":"WebSite","@id":"https:\/\/irland-reise-tipps.de\/de\/#website","url":"https:\/\/irland-reise-tipps.de\/de\/","name":"Irland Reise Tipps","description":"Gemeinsam die gr\u00fcne Insel entdecken","potentialAction":[{"@type":"SearchAction","target":{"@type":"EntryPoint","urlTemplate":"https:\/\/irland-reise-tipps.de\/de\/?s={search_term_string}"},"query-input":"required name=search_term_string"}],"inLanguage":"de"}]}},"_links":{"self":[{"href":"https:\/\/irland-reise-tipps.de\/de\/wp-json\/wp\/v2\/pages\/3037","targetHints":{"allow":["GET"]}}],"collection":[{"href":"https:\/\/irland-reise-tipps.de\/de\/wp-json\/wp\/v2\/pages"}],"about":[{"href":"https:\/\/irland-reise-tipps.de\/de\/wp-json\/wp\/v2\/types\/page"}],"author":[{"embeddable":true,"href":"https:\/\/irland-reise-tipps.de\/de\/wp-json\/wp\/v2\/users\/11"}],"replies":[{"embeddable":true,"href":"https:\/\/irland-reise-tipps.de\/de\/wp-json\/wp\/v2\/comments?post=3037"}],"version-history":[{"count":4,"href":"https:\/\/irland-reise-tipps.de\/de\/wp-json\/wp\/v2\/pages\/3037\/revisions"}],"predecessor-version":[{"id":3043,"href":"https:\/\/irland-reise-tipps.de\/de\/wp-json\/wp\/v2\/pages\/3037\/revisions\/3043"}],"up":[{"embeddable":true,"href":"https:\/\/irland-reise-tipps.de\/de\/wp-json\/wp\/v2\/pages\/3038"}],"wp:attachment":[{"href":"https:\/\/irland-reise-tipps.de\/de\/wp-json\/wp\/v2\/media?parent=3037"}],"curies":[{"name":"wp","href":"https:\/\/api.w.org\/{rel}","templated":true}]}}