{"id":2963,"date":"2013-06-10T13:24:00","date_gmt":"2013-06-10T11:24:00","guid":{"rendered":"http:\/\/irland-reise-tipps.de\/de\/?page_id=2963"},"modified":"2013-06-10T13:25:05","modified_gmt":"2013-06-10T11:25:05","slug":"crowne-plaza-dundalk","status":"publish","type":"page","link":"https:\/\/irland-reise-tipps.de\/de\/unterkunft\/hotels-in-louth\/crowne-plaza-dundalk\/","title":{"rendered":"Crowne Plaza Dundalk"},"content":{"rendered":"<h4><strong>Kontakt Details\n<a href=\"https:\/\/irland-reise-tipps.de\/de\/wp-content\/gallery\/crowne-plaza-dundalk\/exteriordayhuge.jpg\" title=\"\" rel=\"lightbox[singlepic1168]\" >\n\t<img decoding=\"async\" class=\"ngg-singlepic ngg-right\" src=\"https:\/\/irland-reise-tipps.de\/de\/wp-content\/gallery\/cache\/1168__150x150_exteriordayhuge.jpg\" alt=\"exteriordayhuge\" title=\"exteriordayhuge\" \/>\n<\/a>\n<\/strong><\/h4>\n<p>Crowne Plaza Dundalk<br \/>\nInner Relief Road<\/p>\n<p>Dundalk<\/p>\n<p>Co. Louth<\/p>\n<p><strong>Telephone: <\/strong>+353 42 93 94 900<\/p>\n<p><strong>Email:<\/strong> <a href=\"mailto:enquiries@crowneplazadundalk.ie\">enquiries@crowneplazadundalk.ie<\/a><br \/>\n<strong>Homepage: <\/strong><a href=\"http:\/\/www.athlonespringshotel.com\/home.htm\" target=\"_blank\" rel=\"nofollow\">http:\/\/www.cpireland.crowneplaza.com\/crowne-plaza-dundalk\/<\/a><\/p>\n\n<div class=\"ngg-galleryoverview\" id=\"ngg-gallery-96-2963\">\n\n\n\t\n\t<!-- Thumbnails -->\n\t\t\n\t<div id=\"ngg-image-1156\" class=\"ngg-gallery-thumbnail-box\"  >\n\t\t<div class=\"ngg-gallery-thumbnail\" >\n\t\t\t<a href=\"https:\/\/irland-reise-tipps.de\/de\/wp-content\/gallery\/crowne-plaza-dundalk\/arrivaldrinksareawithprivatebar.jpg\" title=\" \" rel=\"lightbox[set_96]\" >\n\t\t\t\t\t\t\t\t<img loading=\"lazy\" decoding=\"async\" title=\"arrivaldrinksareawithprivatebar\" alt=\"arrivaldrinksareawithprivatebar\" src=\"https:\/\/irland-reise-tipps.de\/de\/wp-content\/gallery\/crowne-plaza-dundalk\/thumbs\/thumbs_arrivaldrinksareawithprivatebar.jpg\" width=\"100\" height=\"75\" \/>\n\t\t\t\t\t\t\t<\/a>\n\t\t<\/div>\n\t<\/div>\n\t\n\t\t\n \t\t\n\t<div id=\"ngg-image-1157\" class=\"ngg-gallery-thumbnail-box\"  >\n\t\t<div class=\"ngg-gallery-thumbnail\" >\n\t\t\t<a href=\"https:\/\/irland-reise-tipps.de\/de\/wp-content\/gallery\/crowne-plaza-dundalk\/bedroom.jpg\" title=\" \" rel=\"lightbox[set_96]\" >\n\t\t\t\t\t\t\t\t<img loading=\"lazy\" decoding=\"async\" title=\"bedroom\" alt=\"bedroom\" src=\"https:\/\/irland-reise-tipps.de\/de\/wp-content\/gallery\/crowne-plaza-dundalk\/thumbs\/thumbs_bedroom.jpg\" width=\"100\" height=\"75\" \/>\n\t\t\t\t\t\t\t<\/a>\n\t\t<\/div>\n\t<\/div>\n\t\n\t\t\n \t\t\n\t<div id=\"ngg-image-1158\" class=\"ngg-gallery-thumbnail-box\"  >\n\t\t<div class=\"ngg-gallery-thumbnail\" >\n\t\t\t<a href=\"https:\/\/irland-reise-tipps.de\/de\/wp-content\/gallery\/crowne-plaza-dundalk\/bedroombig.jpg\" title=\" \" rel=\"lightbox[set_96]\" >\n\t\t\t\t\t\t\t\t<img loading=\"lazy\" decoding=\"async\" title=\"bedroombig\" alt=\"bedroombig\" src=\"https:\/\/irland-reise-tipps.de\/de\/wp-content\/gallery\/crowne-plaza-dundalk\/thumbs\/thumbs_bedroombig.jpg\" width=\"100\" height=\"75\" \/>\n\t\t\t\t\t\t\t<\/a>\n\t\t<\/div>\n\t<\/div>\n\t\n\t\t\n \t\t\n\t<div id=\"ngg-image-1159\" class=\"ngg-gallery-thumbnail-box\"  >\n\t\t<div class=\"ngg-gallery-thumbnail\" >\n\t\t\t<a href=\"https:\/\/irland-reise-tipps.de\/de\/wp-content\/gallery\/crowne-plaza-dundalk\/bedside.jpg\" title=\" \" rel=\"lightbox[set_96]\" >\n\t\t\t\t\t\t\t\t<img loading=\"lazy\" decoding=\"async\" title=\"bedside\" alt=\"bedside\" src=\"https:\/\/irland-reise-tipps.de\/de\/wp-content\/gallery\/crowne-plaza-dundalk\/thumbs\/thumbs_bedside.jpg\" width=\"100\" height=\"75\" \/>\n\t\t\t\t\t\t\t<\/a>\n\t\t<\/div>\n\t<\/div>\n\t\n\t\t\n \t\t\n\t<div id=\"ngg-image-1160\" class=\"ngg-gallery-thumbnail-box\"  >\n\t\t<div class=\"ngg-gallery-thumbnail\" >\n\t\t\t<a href=\"https:\/\/irland-reise-tipps.de\/de\/wp-content\/gallery\/crowne-plaza-dundalk\/booth_in_bar.jpg\" title=\" \" rel=\"lightbox[set_96]\" >\n\t\t\t\t\t\t\t\t<img loading=\"lazy\" decoding=\"async\" title=\"booth_in_bar\" alt=\"booth_in_bar\" src=\"https:\/\/irland-reise-tipps.de\/de\/wp-content\/gallery\/crowne-plaza-dundalk\/thumbs\/thumbs_booth_in_bar.jpg\" width=\"100\" height=\"75\" \/>\n\t\t\t\t\t\t\t<\/a>\n\t\t<\/div>\n\t<\/div>\n\t\n\t\t\n \t\t\n\t<div id=\"ngg-image-1161\" class=\"ngg-gallery-thumbnail-box\"  >\n\t\t<div class=\"ngg-gallery-thumbnail\" >\n\t\t\t<a href=\"https:\/\/irland-reise-tipps.de\/de\/wp-content\/gallery\/crowne-plaza-dundalk\/cpbgarden2.jpg\" title=\" \" rel=\"lightbox[set_96]\" >\n\t\t\t\t\t\t\t\t<img loading=\"lazy\" decoding=\"async\" title=\"cpbgarden2\" alt=\"cpbgarden2\" src=\"https:\/\/irland-reise-tipps.de\/de\/wp-content\/gallery\/crowne-plaza-dundalk\/thumbs\/thumbs_cpbgarden2.jpg\" width=\"100\" height=\"75\" \/>\n\t\t\t\t\t\t\t<\/a>\n\t\t<\/div>\n\t<\/div>\n\t\n\t\t\n \t\t\n\t<div id=\"ngg-image-1162\" class=\"ngg-gallery-thumbnail-box\"  >\n\t\t<div class=\"ngg-gallery-thumbnail\" >\n\t\t\t<a href=\"https:\/\/irland-reise-tipps.de\/de\/wp-content\/gallery\/crowne-plaza-dundalk\/cpdfood.jpg\" title=\" \" rel=\"lightbox[set_96]\" >\n\t\t\t\t\t\t\t\t<img loading=\"lazy\" decoding=\"async\" title=\"cpdfood\" alt=\"cpdfood\" src=\"https:\/\/irland-reise-tipps.de\/de\/wp-content\/gallery\/crowne-plaza-dundalk\/thumbs\/thumbs_cpdfood.jpg\" width=\"100\" height=\"75\" \/>\n\t\t\t\t\t\t\t<\/a>\n\t\t<\/div>\n\t<\/div>\n\t\n\t\t\n \t\t\n\t<div id=\"ngg-image-1163\" class=\"ngg-gallery-thumbnail-box\"  >\n\t\t<div class=\"ngg-gallery-thumbnail\" >\n\t\t\t<a href=\"https:\/\/irland-reise-tipps.de\/de\/wp-content\/gallery\/crowne-plaza-dundalk\/cpdweddinggarden3.jpg\" title=\" \" rel=\"lightbox[set_96]\" >\n\t\t\t\t\t\t\t\t<img loading=\"lazy\" decoding=\"async\" title=\"cpdweddinggarden3\" alt=\"cpdweddinggarden3\" src=\"https:\/\/irland-reise-tipps.de\/de\/wp-content\/gallery\/crowne-plaza-dundalk\/thumbs\/thumbs_cpdweddinggarden3.jpg\" width=\"100\" height=\"75\" \/>\n\t\t\t\t\t\t\t<\/a>\n\t\t<\/div>\n\t<\/div>\n\t\n\t\t\n \t\t\n\t<div id=\"ngg-image-1164\" class=\"ngg-gallery-thumbnail-box\"  >\n\t\t<div class=\"ngg-gallery-thumbnail\" >\n\t\t\t<a href=\"https:\/\/irland-reise-tipps.de\/de\/wp-content\/gallery\/crowne-plaza-dundalk\/crowne-plaza-dundalk.jpg\" title=\" \" rel=\"lightbox[set_96]\" >\n\t\t\t\t\t\t\t\t<img loading=\"lazy\" decoding=\"async\" title=\"crowne-plaza-dundalk\" alt=\"crowne-plaza-dundalk\" src=\"https:\/\/irland-reise-tipps.de\/de\/wp-content\/gallery\/crowne-plaza-dundalk\/thumbs\/thumbs_crowne-plaza-dundalk.jpg\" width=\"100\" height=\"75\" \/>\n\t\t\t\t\t\t\t<\/a>\n\t\t<\/div>\n\t<\/div>\n\t\n\t\t\n \t\t\n\t<div id=\"ngg-image-1165\" class=\"ngg-gallery-thumbnail-box\"  >\n\t\t<div class=\"ngg-gallery-thumbnail\" >\n\t\t\t<a href=\"https:\/\/irland-reise-tipps.de\/de\/wp-content\/gallery\/crowne-plaza-dundalk\/dundalk_wedding_bars.jpg\" title=\" \" rel=\"lightbox[set_96]\" >\n\t\t\t\t\t\t\t\t<img loading=\"lazy\" decoding=\"async\" title=\"dundalk_wedding_bars\" alt=\"dundalk_wedding_bars\" src=\"https:\/\/irland-reise-tipps.de\/de\/wp-content\/gallery\/crowne-plaza-dundalk\/thumbs\/thumbs_dundalk_wedding_bars.jpg\" width=\"100\" height=\"75\" \/>\n\t\t\t\t\t\t\t<\/a>\n\t\t<\/div>\n\t<\/div>\n\t\n\t\t\n \t\t\n\t<div id=\"ngg-image-1166\" class=\"ngg-gallery-thumbnail-box\"  >\n\t\t<div class=\"ngg-gallery-thumbnail\" >\n\t\t\t<a href=\"https:\/\/irland-reise-tipps.de\/de\/wp-content\/gallery\/crowne-plaza-dundalk\/dundalk_wedding_fountain.jpg\" title=\" \" rel=\"lightbox[set_96]\" >\n\t\t\t\t\t\t\t\t<img loading=\"lazy\" decoding=\"async\" title=\"dundalk_wedding_fountain\" alt=\"dundalk_wedding_fountain\" src=\"https:\/\/irland-reise-tipps.de\/de\/wp-content\/gallery\/crowne-plaza-dundalk\/thumbs\/thumbs_dundalk_wedding_fountain.jpg\" width=\"100\" height=\"75\" \/>\n\t\t\t\t\t\t\t<\/a>\n\t\t<\/div>\n\t<\/div>\n\t\n\t\t\n \t\t\n\t<div id=\"ngg-image-1167\" class=\"ngg-gallery-thumbnail-box\"  >\n\t\t<div class=\"ngg-gallery-thumbnail\" >\n\t\t\t<a href=\"https:\/\/irland-reise-tipps.de\/de\/wp-content\/gallery\/crowne-plaza-dundalk\/dundalk_wedding_outside.jpg\" title=\" \" rel=\"lightbox[set_96]\" >\n\t\t\t\t\t\t\t\t<img loading=\"lazy\" decoding=\"async\" title=\"dundalk_wedding_outside\" alt=\"dundalk_wedding_outside\" src=\"https:\/\/irland-reise-tipps.de\/de\/wp-content\/gallery\/crowne-plaza-dundalk\/thumbs\/thumbs_dundalk_wedding_outside.jpg\" width=\"100\" height=\"75\" \/>\n\t\t\t\t\t\t\t<\/a>\n\t\t<\/div>\n\t<\/div>\n\t\n\t\t\n \t\t\n\t<div id=\"ngg-image-1169\" class=\"ngg-gallery-thumbnail-box\"  >\n\t\t<div class=\"ngg-gallery-thumbnail\" >\n\t\t\t<a href=\"https:\/\/irland-reise-tipps.de\/de\/wp-content\/gallery\/crowne-plaza-dundalk\/fahrenheit.jpg\" title=\" \" rel=\"lightbox[set_96]\" >\n\t\t\t\t\t\t\t\t<img loading=\"lazy\" decoding=\"async\" title=\"fahrenheit\" alt=\"fahrenheit\" src=\"https:\/\/irland-reise-tipps.de\/de\/wp-content\/gallery\/crowne-plaza-dundalk\/thumbs\/thumbs_fahrenheit.jpg\" width=\"100\" height=\"75\" \/>\n\t\t\t\t\t\t\t<\/a>\n\t\t<\/div>\n\t<\/div>\n\t\n\t\t\n \t\t\n\t<div id=\"ngg-image-1170\" class=\"ngg-gallery-thumbnail-box\"  >\n\t\t<div class=\"ngg-gallery-thumbnail\" >\n\t\t\t<a href=\"https:\/\/irland-reise-tipps.de\/de\/wp-content\/gallery\/crowne-plaza-dundalk\/fahrenheitgrillbig.jpg\" title=\" \" rel=\"lightbox[set_96]\" >\n\t\t\t\t\t\t\t\t<img loading=\"lazy\" decoding=\"async\" title=\"fahrenheitgrillbig\" alt=\"fahrenheitgrillbig\" src=\"https:\/\/irland-reise-tipps.de\/de\/wp-content\/gallery\/crowne-plaza-dundalk\/thumbs\/thumbs_fahrenheitgrillbig.jpg\" width=\"100\" height=\"75\" \/>\n\t\t\t\t\t\t\t<\/a>\n\t\t<\/div>\n\t<\/div>\n\t\n\t\t\n \t\t\n\t<div id=\"ngg-image-1171\" class=\"ngg-gallery-thumbnail-box\"  >\n\t\t<div class=\"ngg-gallery-thumbnail\" >\n\t\t\t<a href=\"https:\/\/irland-reise-tipps.de\/de\/wp-content\/gallery\/crowne-plaza-dundalk\/fahrenheitwithserver.jpg\" title=\" \" rel=\"lightbox[set_96]\" >\n\t\t\t\t\t\t\t\t<img loading=\"lazy\" decoding=\"async\" title=\"fahrenheitwithserver\" alt=\"fahrenheitwithserver\" src=\"https:\/\/irland-reise-tipps.de\/de\/wp-content\/gallery\/crowne-plaza-dundalk\/thumbs\/thumbs_fahrenheitwithserver.jpg\" width=\"100\" height=\"75\" \/>\n\t\t\t\t\t\t\t<\/a>\n\t\t<\/div>\n\t<\/div>\n\t\n\t\t\n \t\t\n\t<div id=\"ngg-image-1172\" class=\"ngg-gallery-thumbnail-box\"  >\n\t\t<div class=\"ngg-gallery-thumbnail\" >\n\t\t\t<a href=\"https:\/\/irland-reise-tipps.de\/de\/wp-content\/gallery\/crowne-plaza-dundalk\/fourteenbelow.jpg\" title=\" \" rel=\"lightbox[set_96]\" >\n\t\t\t\t\t\t\t\t<img loading=\"lazy\" decoding=\"async\" title=\"fourteenbelow\" alt=\"fourteenbelow\" src=\"https:\/\/irland-reise-tipps.de\/de\/wp-content\/gallery\/crowne-plaza-dundalk\/thumbs\/thumbs_fourteenbelow.jpg\" width=\"100\" height=\"75\" \/>\n\t\t\t\t\t\t\t<\/a>\n\t\t<\/div>\n\t<\/div>\n\t\n\t\t\n \t\t\n\t<div id=\"ngg-image-1173\" class=\"ngg-gallery-thumbnail-box\"  >\n\t\t<div class=\"ngg-gallery-thumbnail\" >\n\t\t\t<a href=\"https:\/\/irland-reise-tipps.de\/de\/wp-content\/gallery\/crowne-plaza-dundalk\/fourteenbelowbig.jpg\" title=\" \" rel=\"lightbox[set_96]\" >\n\t\t\t\t\t\t\t\t<img loading=\"lazy\" decoding=\"async\" title=\"fourteenbelowbig\" alt=\"fourteenbelowbig\" src=\"https:\/\/irland-reise-tipps.de\/de\/wp-content\/gallery\/crowne-plaza-dundalk\/thumbs\/thumbs_fourteenbelowbig.jpg\" width=\"100\" height=\"75\" \/>\n\t\t\t\t\t\t\t<\/a>\n\t\t<\/div>\n\t<\/div>\n\t\n\t\t\n \t\t\n\t<div id=\"ngg-image-1174\" class=\"ngg-gallery-thumbnail-box\"  >\n\t\t<div class=\"ngg-gallery-thumbnail\" >\n\t\t\t<a href=\"https:\/\/irland-reise-tipps.de\/de\/wp-content\/gallery\/crowne-plaza-dundalk\/lobby.jpg\" title=\" \" rel=\"lightbox[set_96]\" >\n\t\t\t\t\t\t\t\t<img loading=\"lazy\" decoding=\"async\" title=\"lobby\" alt=\"lobby\" src=\"https:\/\/irland-reise-tipps.de\/de\/wp-content\/gallery\/crowne-plaza-dundalk\/thumbs\/thumbs_lobby.jpg\" width=\"100\" height=\"75\" \/>\n\t\t\t\t\t\t\t<\/a>\n\t\t<\/div>\n\t<\/div>\n\t\n\t\t\n \t\t\n\t<div id=\"ngg-image-1175\" class=\"ngg-gallery-thumbnail-box\"  >\n\t\t<div class=\"ngg-gallery-thumbnail\" >\n\t\t\t<a href=\"https:\/\/irland-reise-tipps.de\/de\/wp-content\/gallery\/crowne-plaza-dundalk\/lobby2.jpg\" title=\" \" rel=\"lightbox[set_96]\" >\n\t\t\t\t\t\t\t\t<img loading=\"lazy\" decoding=\"async\" title=\"lobby2\" alt=\"lobby2\" src=\"https:\/\/irland-reise-tipps.de\/de\/wp-content\/gallery\/crowne-plaza-dundalk\/thumbs\/thumbs_lobby2.jpg\" width=\"100\" height=\"75\" \/>\n\t\t\t\t\t\t\t<\/a>\n\t\t<\/div>\n\t<\/div>\n\t\n\t\t\n \t\t\n\t<div id=\"ngg-image-1176\" class=\"ngg-gallery-thumbnail-box\"  >\n\t\t<div class=\"ngg-gallery-thumbnail\" >\n\t\t\t<a href=\"https:\/\/irland-reise-tipps.de\/de\/wp-content\/gallery\/crowne-plaza-dundalk\/meetingroom1big.jpg\" title=\" \" rel=\"lightbox[set_96]\" >\n\t\t\t\t\t\t\t\t<img loading=\"lazy\" decoding=\"async\" title=\"meetingroom1big\" alt=\"meetingroom1big\" src=\"https:\/\/irland-reise-tipps.de\/de\/wp-content\/gallery\/crowne-plaza-dundalk\/thumbs\/thumbs_meetingroom1big.jpg\" width=\"100\" height=\"75\" \/>\n\t\t\t\t\t\t\t<\/a>\n\t\t<\/div>\n\t<\/div>\n\t\n\t\t\n \t \t\n\t<!-- Pagination -->\n \t<div class=\"ngg-clear\"><\/div> \t\n<\/div>\n\n\n<h4>Beschreibung<\/h4>\n<p><b>Herzlich Willkommen im Crowne Plaza Dundalk!<\/b><\/p>\n<p>Genie\u00dfen Sie Ihren Aufenthalt in einem unserer 129 modern und liebevoll gestalteten Zimmer.<\/p>\n<p>&nbsp;<\/p>\n<p><strong>Wir freuen uns auf Ihren Besuch!<\/strong><\/p>\n<p>&nbsp;<\/p>\n<h4>Lage des Hotels und Sehensw\u00fcrdigkeiten in der N\u00e4he<\/h4>\n<p>[google-map-v3 width=&#8220;600&#8243; height=&#8220;600&#8243; zoom=&#8220;12&#8243; maptype=&#8220;roadmap&#8220; mapalign=&#8220;center&#8220; directionhint=&#8220;false&#8220; language=&#8220;default&#8220; poweredby=&#8220;false&#8220; maptypecontrol=&#8220;true&#8220; pancontrol=&#8220;true&#8220; zoomcontrol=&#8220;true&#8220; scalecontrol=&#8220;true&#8220; streetviewcontrol=&#8220;true&#8220; scrollwheelcontrol=&#8220;false&#8220; draggable=&#8220;true&#8220; tiltfourtyfive=&#8220;false&#8220; addmarkermashupbubble=&#8220;false&#8220; addmarkermashupbubble=&#8220;false&#8220; addmarkerlist=&#8220;Inner Relief Road, Dundalk, Irland{}lodging_0star.png{}Crowne Plaza Dundalk&#8220; bubbleautopan=&#8220;true&#8220; showbike=&#8220;false&#8220; showtraffic=&#8220;false&#8220; showpanoramio=&#8220;false&#8220;]<\/p>\n","protected":false},"excerpt":{"rendered":"<p>Kontakt Details Crowne Plaza Dundalk Inner Relief Road Dundalk Co. Louth Telephone: +353 42 93 94 900 Email: enquiries@crowneplazadundalk.ie Homepage: http:\/\/www.cpireland.crowneplaza.com\/crowne-plaza-dundalk\/ Beschreibung Herzlich Willkommen im Crowne Plaza Dundalk! Genie\u00dfen Sie Ihren Aufenthalt in einem unserer 129 modern und liebevoll gestalteten<span class=\"ellipsis\">&hellip;<\/span><\/p>\n<div class=\"read-more\"><a href=\"https:\/\/irland-reise-tipps.de\/de\/unterkunft\/hotels-in-louth\/crowne-plaza-dundalk\/\">Weiterlesen &#8250;<\/a><\/div>\n<p><!-- end of .read-more --><\/p>\n","protected":false},"author":11,"featured_media":0,"parent":2961,"menu_order":0,"comment_status":"closed","ping_status":"closed","template":"","meta":{"footnotes":""},"class_list":["post-2963","page","type-page","status-publish","hentry"],"yoast_head":"<!-- This site is optimized with the Yoast SEO plugin v21.2 - https:\/\/yoast.com\/wordpress\/plugins\/seo\/ -->\n<title>Crowne Plaza Dundalk - Irland Reise Tipps<\/title>\n<meta name=\"description\" content=\"Gemeinsam die gr\u00fcne Insel Irland entdecken. Wir haben ausgew\u00e4hlte Veranstaltungen, Unterk\u00fcnfte und Touren mit den Highlights Irlands zusammengestellt.\" \/>\n<meta name=\"robots\" content=\"index, follow, max-snippet:-1, max-image-preview:large, max-video-preview:-1\" \/>\n<link rel=\"canonical\" href=\"https:\/\/irland-reise-tipps.de\/de\/unterkunft\/hotels-in-louth\/crowne-plaza-dundalk\/\" \/>\n<meta property=\"og:locale\" content=\"de_DE\" \/>\n<meta property=\"og:type\" content=\"article\" \/>\n<meta property=\"og:title\" content=\"Crowne Plaza Dundalk - Irland Reise Tipps\" \/>\n<meta property=\"og:description\" content=\"Gemeinsam die gr\u00fcne Insel Irland entdecken. Wir haben ausgew\u00e4hlte Veranstaltungen, Unterk\u00fcnfte und Touren mit den Highlights Irlands zusammengestellt.\" \/>\n<meta property=\"og:url\" content=\"https:\/\/irland-reise-tipps.de\/de\/unterkunft\/hotels-in-louth\/crowne-plaza-dundalk\/\" \/>\n<meta property=\"og:site_name\" content=\"Irland Reise Tipps\" \/>\n<meta property=\"article:modified_time\" content=\"2013-06-10T11:25:05+00:00\" \/>\n<meta name=\"twitter:label1\" content=\"Gesch\u00e4tzte Lesezeit\" \/>\n\t<meta name=\"twitter:data1\" content=\"1\u00a0Minute\" \/>\n<script type=\"application\/ld+json\" class=\"yoast-schema-graph\">{\"@context\":\"https:\/\/schema.org\",\"@graph\":[{\"@type\":\"WebPage\",\"@id\":\"https:\/\/irland-reise-tipps.de\/de\/unterkunft\/hotels-in-louth\/crowne-plaza-dundalk\/\",\"url\":\"https:\/\/irland-reise-tipps.de\/de\/unterkunft\/hotels-in-louth\/crowne-plaza-dundalk\/\",\"name\":\"Crowne Plaza Dundalk - Irland Reise Tipps\",\"isPartOf\":{\"@id\":\"https:\/\/irland-reise-tipps.de\/de\/#website\"},\"datePublished\":\"2013-06-10T11:24:00+00:00\",\"dateModified\":\"2013-06-10T11:25:05+00:00\",\"description\":\"Gemeinsam die gr\u00fcne Insel Irland entdecken. Wir haben ausgew\u00e4hlte Veranstaltungen, Unterk\u00fcnfte und Touren mit den Highlights Irlands zusammengestellt.\",\"breadcrumb\":{\"@id\":\"https:\/\/irland-reise-tipps.de\/de\/unterkunft\/hotels-in-louth\/crowne-plaza-dundalk\/#breadcrumb\"},\"inLanguage\":\"de\",\"potentialAction\":[{\"@type\":\"ReadAction\",\"target\":[\"https:\/\/irland-reise-tipps.de\/de\/unterkunft\/hotels-in-louth\/crowne-plaza-dundalk\/\"]}]},{\"@type\":\"BreadcrumbList\",\"@id\":\"https:\/\/irland-reise-tipps.de\/de\/unterkunft\/hotels-in-louth\/crowne-plaza-dundalk\/#breadcrumb\",\"itemListElement\":[{\"@type\":\"ListItem\",\"position\":1,\"name\":\"Home\",\"item\":\"https:\/\/irland-reise-tipps.de\/de\/\"},{\"@type\":\"ListItem\",\"position\":2,\"name\":\"Unterkunft\",\"item\":\"https:\/\/irland-reise-tipps.de\/de\/unterkunft\/\"},{\"@type\":\"ListItem\",\"position\":3,\"name\":\"Hotels in Louth\",\"item\":\"https:\/\/irland-reise-tipps.de\/de\/unterkunft\/hotels-in-louth\/\"},{\"@type\":\"ListItem\",\"position\":4,\"name\":\"Crowne Plaza Dundalk\"}]},{\"@type\":\"WebSite\",\"@id\":\"https:\/\/irland-reise-tipps.de\/de\/#website\",\"url\":\"https:\/\/irland-reise-tipps.de\/de\/\",\"name\":\"Irland Reise Tipps\",\"description\":\"Gemeinsam die gr\u00fcne Insel entdecken\",\"potentialAction\":[{\"@type\":\"SearchAction\",\"target\":{\"@type\":\"EntryPoint\",\"urlTemplate\":\"https:\/\/irland-reise-tipps.de\/de\/?s={search_term_string}\"},\"query-input\":\"required name=search_term_string\"}],\"inLanguage\":\"de\"}]}<\/script>\n<!-- \/ Yoast SEO plugin. -->","yoast_head_json":{"title":"Crowne Plaza Dundalk - Irland Reise Tipps","description":"Gemeinsam die gr\u00fcne Insel Irland entdecken. Wir haben ausgew\u00e4hlte Veranstaltungen, Unterk\u00fcnfte und Touren mit den Highlights Irlands zusammengestellt.","robots":{"index":"index","follow":"follow","max-snippet":"max-snippet:-1","max-image-preview":"max-image-preview:large","max-video-preview":"max-video-preview:-1"},"canonical":"https:\/\/irland-reise-tipps.de\/de\/unterkunft\/hotels-in-louth\/crowne-plaza-dundalk\/","og_locale":"de_DE","og_type":"article","og_title":"Crowne Plaza Dundalk - Irland Reise Tipps","og_description":"Gemeinsam die gr\u00fcne Insel Irland entdecken. Wir haben ausgew\u00e4hlte Veranstaltungen, Unterk\u00fcnfte und Touren mit den Highlights Irlands zusammengestellt.","og_url":"https:\/\/irland-reise-tipps.de\/de\/unterkunft\/hotels-in-louth\/crowne-plaza-dundalk\/","og_site_name":"Irland Reise Tipps","article_modified_time":"2013-06-10T11:25:05+00:00","twitter_misc":{"Gesch\u00e4tzte Lesezeit":"1\u00a0Minute"},"schema":{"@context":"https:\/\/schema.org","@graph":[{"@type":"WebPage","@id":"https:\/\/irland-reise-tipps.de\/de\/unterkunft\/hotels-in-louth\/crowne-plaza-dundalk\/","url":"https:\/\/irland-reise-tipps.de\/de\/unterkunft\/hotels-in-louth\/crowne-plaza-dundalk\/","name":"Crowne Plaza Dundalk - Irland Reise Tipps","isPartOf":{"@id":"https:\/\/irland-reise-tipps.de\/de\/#website"},"datePublished":"2013-06-10T11:24:00+00:00","dateModified":"2013-06-10T11:25:05+00:00","description":"Gemeinsam die gr\u00fcne Insel Irland entdecken. Wir haben ausgew\u00e4hlte Veranstaltungen, Unterk\u00fcnfte und Touren mit den Highlights Irlands zusammengestellt.","breadcrumb":{"@id":"https:\/\/irland-reise-tipps.de\/de\/unterkunft\/hotels-in-louth\/crowne-plaza-dundalk\/#breadcrumb"},"inLanguage":"de","potentialAction":[{"@type":"ReadAction","target":["https:\/\/irland-reise-tipps.de\/de\/unterkunft\/hotels-in-louth\/crowne-plaza-dundalk\/"]}]},{"@type":"BreadcrumbList","@id":"https:\/\/irland-reise-tipps.de\/de\/unterkunft\/hotels-in-louth\/crowne-plaza-dundalk\/#breadcrumb","itemListElement":[{"@type":"ListItem","position":1,"name":"Home","item":"https:\/\/irland-reise-tipps.de\/de\/"},{"@type":"ListItem","position":2,"name":"Unterkunft","item":"https:\/\/irland-reise-tipps.de\/de\/unterkunft\/"},{"@type":"ListItem","position":3,"name":"Hotels in Louth","item":"https:\/\/irland-reise-tipps.de\/de\/unterkunft\/hotels-in-louth\/"},{"@type":"ListItem","position":4,"name":"Crowne Plaza Dundalk"}]},{"@type":"WebSite","@id":"https:\/\/irland-reise-tipps.de\/de\/#website","url":"https:\/\/irland-reise-tipps.de\/de\/","name":"Irland Reise Tipps","description":"Gemeinsam die gr\u00fcne Insel entdecken","potentialAction":[{"@type":"SearchAction","target":{"@type":"EntryPoint","urlTemplate":"https:\/\/irland-reise-tipps.de\/de\/?s={search_term_string}"},"query-input":"required name=search_term_string"}],"inLanguage":"de"}]}},"_links":{"self":[{"href":"https:\/\/irland-reise-tipps.de\/de\/wp-json\/wp\/v2\/pages\/2963","targetHints":{"allow":["GET"]}}],"collection":[{"href":"https:\/\/irland-reise-tipps.de\/de\/wp-json\/wp\/v2\/pages"}],"about":[{"href":"https:\/\/irland-reise-tipps.de\/de\/wp-json\/wp\/v2\/types\/page"}],"author":[{"embeddable":true,"href":"https:\/\/irland-reise-tipps.de\/de\/wp-json\/wp\/v2\/users\/11"}],"replies":[{"embeddable":true,"href":"https:\/\/irland-reise-tipps.de\/de\/wp-json\/wp\/v2\/comments?post=2963"}],"version-history":[{"count":3,"href":"https:\/\/irland-reise-tipps.de\/de\/wp-json\/wp\/v2\/pages\/2963\/revisions"}],"predecessor-version":[{"id":2968,"href":"https:\/\/irland-reise-tipps.de\/de\/wp-json\/wp\/v2\/pages\/2963\/revisions\/2968"}],"up":[{"embeddable":true,"href":"https:\/\/irland-reise-tipps.de\/de\/wp-json\/wp\/v2\/pages\/2961"}],"wp:attachment":[{"href":"https:\/\/irland-reise-tipps.de\/de\/wp-json\/wp\/v2\/media?parent=2963"}],"curies":[{"name":"wp","href":"https:\/\/api.w.org\/{rel}","templated":true}]}}