{"id":2938,"date":"2013-06-10T12:40:33","date_gmt":"2013-06-10T10:40:33","guid":{"rendered":"http:\/\/irland-reise-tipps.de\/de\/?page_id=2938"},"modified":"2013-06-10T12:44:37","modified_gmt":"2013-06-10T10:44:37","slug":"athlone-springs-hotel","status":"publish","type":"page","link":"https:\/\/irland-reise-tipps.de\/de\/unterkunft\/hotels-in-westmeath\/athlone-springs-hotel\/","title":{"rendered":"Athlone Springs Hotel"},"content":{"rendered":"<h4><strong>Kontakt Details\n<a href=\"https:\/\/irland-reise-tipps.de\/de\/wp-content\/gallery\/athlone-springs-hotel\/athlone1.jpg\" title=\"\" rel=\"lightbox[singlepic1154]\" >\n\t<img decoding=\"async\" class=\"ngg-singlepic ngg-right\" src=\"https:\/\/irland-reise-tipps.de\/de\/wp-content\/gallery\/cache\/1154__150x150_athlone1.jpg\" alt=\"athlone1\" title=\"athlone1\" \/>\n<\/a>\n<\/strong><\/h4>\n<p>Athlone Spring Hotel<\/p>\n<p>Athlone<\/p>\n<p>Co. Westmeath<\/p>\n<p><strong>Telephone: <\/strong>+353 90 644 4444<br \/>\n<strong>Fax:<\/strong> +353 90 649 0711<br \/>\n<strong>Email:<\/strong> <a href=\"mailto:info@ashlinghotel.ie\">email: info@athlonespringshotel.com<\/a><br \/>\n<strong>Homepage: <\/strong><a href=\"http:\/\/www.athlonespringshotel.com\/home.htm\" target=\"_blank\" rel=\"nofollow\">http:\/\/www.athlonespringshotel.com\/home.htm<\/a><\/p>\n\n<div class=\"ngg-galleryoverview\" id=\"ngg-gallery-95-2938\">\n\n\n\t\n\t<!-- Thumbnails -->\n\t\t\n\t<div id=\"ngg-image-1143\" class=\"ngg-gallery-thumbnail-box\"  >\n\t\t<div class=\"ngg-gallery-thumbnail\" >\n\t\t\t<a href=\"https:\/\/irland-reise-tipps.de\/de\/wp-content\/gallery\/athlone-springs-hotel\/1.jpg\" title=\" \" rel=\"lightbox[set_95]\" >\n\t\t\t\t\t\t\t\t<img loading=\"lazy\" decoding=\"async\" title=\"1\" alt=\"1\" src=\"https:\/\/irland-reise-tipps.de\/de\/wp-content\/gallery\/athlone-springs-hotel\/thumbs\/thumbs_1.jpg\" width=\"100\" height=\"75\" \/>\n\t\t\t\t\t\t\t<\/a>\n\t\t<\/div>\n\t<\/div>\n\t\n\t\t\n \t\t\n\t<div id=\"ngg-image-1144\" class=\"ngg-gallery-thumbnail-box\"  >\n\t\t<div class=\"ngg-gallery-thumbnail\" >\n\t\t\t<a href=\"https:\/\/irland-reise-tipps.de\/de\/wp-content\/gallery\/athlone-springs-hotel\/1a.jpg\" title=\" \" rel=\"lightbox[set_95]\" >\n\t\t\t\t\t\t\t\t<img loading=\"lazy\" decoding=\"async\" title=\"1a\" alt=\"1a\" src=\"https:\/\/irland-reise-tipps.de\/de\/wp-content\/gallery\/athlone-springs-hotel\/thumbs\/thumbs_1a.jpg\" width=\"100\" height=\"75\" \/>\n\t\t\t\t\t\t\t<\/a>\n\t\t<\/div>\n\t<\/div>\n\t\n\t\t\n \t\t\n\t<div id=\"ngg-image-1145\" class=\"ngg-gallery-thumbnail-box\"  >\n\t\t<div class=\"ngg-gallery-thumbnail\" >\n\t\t\t<a href=\"https:\/\/irland-reise-tipps.de\/de\/wp-content\/gallery\/athlone-springs-hotel\/2.jpg\" title=\" \" rel=\"lightbox[set_95]\" >\n\t\t\t\t\t\t\t\t<img loading=\"lazy\" decoding=\"async\" title=\"2\" alt=\"2\" src=\"https:\/\/irland-reise-tipps.de\/de\/wp-content\/gallery\/athlone-springs-hotel\/thumbs\/thumbs_2.jpg\" width=\"100\" height=\"75\" \/>\n\t\t\t\t\t\t\t<\/a>\n\t\t<\/div>\n\t<\/div>\n\t\n\t\t\n \t\t\n\t<div id=\"ngg-image-1146\" class=\"ngg-gallery-thumbnail-box\"  >\n\t\t<div class=\"ngg-gallery-thumbnail\" >\n\t\t\t<a href=\"https:\/\/irland-reise-tipps.de\/de\/wp-content\/gallery\/athlone-springs-hotel\/4.jpg\" title=\" \" rel=\"lightbox[set_95]\" >\n\t\t\t\t\t\t\t\t<img loading=\"lazy\" decoding=\"async\" title=\"4\" alt=\"4\" src=\"https:\/\/irland-reise-tipps.de\/de\/wp-content\/gallery\/athlone-springs-hotel\/thumbs\/thumbs_4.jpg\" width=\"100\" height=\"75\" \/>\n\t\t\t\t\t\t\t<\/a>\n\t\t<\/div>\n\t<\/div>\n\t\n\t\t\n \t\t\n\t<div id=\"ngg-image-1147\" class=\"ngg-gallery-thumbnail-box\"  >\n\t\t<div class=\"ngg-gallery-thumbnail\" >\n\t\t\t<a href=\"https:\/\/irland-reise-tipps.de\/de\/wp-content\/gallery\/athlone-springs-hotel\/5.jpg\" title=\" \" rel=\"lightbox[set_95]\" >\n\t\t\t\t\t\t\t\t<img loading=\"lazy\" decoding=\"async\" title=\"5\" alt=\"5\" src=\"https:\/\/irland-reise-tipps.de\/de\/wp-content\/gallery\/athlone-springs-hotel\/thumbs\/thumbs_5.jpg\" width=\"100\" height=\"75\" \/>\n\t\t\t\t\t\t\t<\/a>\n\t\t<\/div>\n\t<\/div>\n\t\n\t\t\n \t\t\n\t<div id=\"ngg-image-1148\" class=\"ngg-gallery-thumbnail-box\"  >\n\t\t<div class=\"ngg-gallery-thumbnail\" >\n\t\t\t<a href=\"https:\/\/irland-reise-tipps.de\/de\/wp-content\/gallery\/athlone-springs-hotel\/bar.jpg\" title=\" \" rel=\"lightbox[set_95]\" >\n\t\t\t\t\t\t\t\t<img loading=\"lazy\" decoding=\"async\" title=\"bar\" alt=\"bar\" src=\"https:\/\/irland-reise-tipps.de\/de\/wp-content\/gallery\/athlone-springs-hotel\/thumbs\/thumbs_bar.jpg\" width=\"100\" height=\"75\" \/>\n\t\t\t\t\t\t\t<\/a>\n\t\t<\/div>\n\t<\/div>\n\t\n\t\t\n \t\t\n\t<div id=\"ngg-image-1149\" class=\"ngg-gallery-thumbnail-box\"  >\n\t\t<div class=\"ngg-gallery-thumbnail\" >\n\t\t\t<a href=\"https:\/\/irland-reise-tipps.de\/de\/wp-content\/gallery\/athlone-springs-hotel\/fitness.jpg\" title=\" \" rel=\"lightbox[set_95]\" >\n\t\t\t\t\t\t\t\t<img loading=\"lazy\" decoding=\"async\" title=\"fitness\" alt=\"fitness\" src=\"https:\/\/irland-reise-tipps.de\/de\/wp-content\/gallery\/athlone-springs-hotel\/thumbs\/thumbs_fitness.jpg\" width=\"100\" height=\"75\" \/>\n\t\t\t\t\t\t\t<\/a>\n\t\t<\/div>\n\t<\/div>\n\t\n\t\t\n \t\t\n\t<div id=\"ngg-image-1150\" class=\"ngg-gallery-thumbnail-box\"  >\n\t\t<div class=\"ngg-gallery-thumbnail\" >\n\t\t\t<a href=\"https:\/\/irland-reise-tipps.de\/de\/wp-content\/gallery\/athlone-springs-hotel\/konferenz.jpg\" title=\" \" rel=\"lightbox[set_95]\" >\n\t\t\t\t\t\t\t\t<img loading=\"lazy\" decoding=\"async\" title=\"konferenz\" alt=\"konferenz\" src=\"https:\/\/irland-reise-tipps.de\/de\/wp-content\/gallery\/athlone-springs-hotel\/thumbs\/thumbs_konferenz.jpg\" width=\"100\" height=\"75\" \/>\n\t\t\t\t\t\t\t<\/a>\n\t\t<\/div>\n\t<\/div>\n\t\n\t\t\n \t\t\n\t<div id=\"ngg-image-1151\" class=\"ngg-gallery-thumbnail-box\"  >\n\t\t<div class=\"ngg-gallery-thumbnail\" >\n\t\t\t<a href=\"https:\/\/irland-reise-tipps.de\/de\/wp-content\/gallery\/athlone-springs-hotel\/manhattanlounge.jpg\" title=\" \" rel=\"lightbox[set_95]\" >\n\t\t\t\t\t\t\t\t<img loading=\"lazy\" decoding=\"async\" title=\"manhattanlounge\" alt=\"manhattanlounge\" src=\"https:\/\/irland-reise-tipps.de\/de\/wp-content\/gallery\/athlone-springs-hotel\/thumbs\/thumbs_manhattanlounge.jpg\" width=\"100\" height=\"75\" \/>\n\t\t\t\t\t\t\t<\/a>\n\t\t<\/div>\n\t<\/div>\n\t\n\t\t\n \t\t\n\t<div id=\"ngg-image-1152\" class=\"ngg-gallery-thumbnail-box\"  >\n\t\t<div class=\"ngg-gallery-thumbnail\" >\n\t\t\t<a href=\"https:\/\/irland-reise-tipps.de\/de\/wp-content\/gallery\/athlone-springs-hotel\/pool.jpg\" title=\" \" rel=\"lightbox[set_95]\" >\n\t\t\t\t\t\t\t\t<img loading=\"lazy\" decoding=\"async\" title=\"pool\" alt=\"pool\" src=\"https:\/\/irland-reise-tipps.de\/de\/wp-content\/gallery\/athlone-springs-hotel\/thumbs\/thumbs_pool.jpg\" width=\"100\" height=\"75\" \/>\n\t\t\t\t\t\t\t<\/a>\n\t\t<\/div>\n\t<\/div>\n\t\n\t\t\n \t\t\n\t<div id=\"ngg-image-1153\" class=\"ngg-gallery-thumbnail-box\"  >\n\t\t<div class=\"ngg-gallery-thumbnail\" >\n\t\t\t<a href=\"https:\/\/irland-reise-tipps.de\/de\/wp-content\/gallery\/athlone-springs-hotel\/pool2.jpg\" title=\" \" rel=\"lightbox[set_95]\" >\n\t\t\t\t\t\t\t\t<img loading=\"lazy\" decoding=\"async\" title=\"pool2\" alt=\"pool2\" src=\"https:\/\/irland-reise-tipps.de\/de\/wp-content\/gallery\/athlone-springs-hotel\/thumbs\/thumbs_pool2.jpg\" width=\"100\" height=\"75\" \/>\n\t\t\t\t\t\t\t<\/a>\n\t\t<\/div>\n\t<\/div>\n\t\n\t\t\n \t \t\n\t<!-- Pagination -->\n \t<div class=\"ngg-clear\"><\/div> \t\n<\/div>\n\n\n<h4>Beschreibung<\/h4>\n<p><b>Herzlich Willkommen im Athlone Springs Hotel!<\/b><\/p>\n<p>Genie\u00dfen Sie Ihren Aufenthalt in einem unserer 67 modern und liebevoll gestalteten Zimmer.<\/p>\n<p>Auch ein Fitnessstudio und ein Spa Bereich steht zu Ihrer Verf\u00fcgung.<\/p>\n<p><strong>Wir freuen uns auf Ihren Besuch!<\/strong><\/p>\n<p>&nbsp;<\/p>\n<h4>Lage des Hotels und Sehensw\u00fcrdigkeiten in der N\u00e4he<\/h4>\n<p>[google-map-v3 width=&#8220;600&#8243; height=&#8220;600&#8243; zoom=&#8220;12&#8243; maptype=&#8220;roadmap&#8220; mapalign=&#8220;center&#8220; directionhint=&#8220;false&#8220; language=&#8220;default&#8220; poweredby=&#8220;false&#8220; maptypecontrol=&#8220;true&#8220; pancontrol=&#8220;true&#8220; zoomcontrol=&#8220;true&#8220; scalecontrol=&#8220;true&#8220; streetviewcontrol=&#8220;true&#8220; scrollwheelcontrol=&#8220;false&#8220; draggable=&#8220;true&#8220; tiltfourtyfive=&#8220;false&#8220; addmarkermashupbubble=&#8220;false&#8220; addmarkermashupbubble=&#8220;false&#8220; addmarkerlist=&#8220;53.421658,-7.996895{}lodging_0star.png{}Athlone Springs Hotel&#8220; bubbleautopan=&#8220;true&#8220; showbike=&#8220;false&#8220; showtraffic=&#8220;false&#8220; showpanoramio=&#8220;false&#8220;]<\/p>\n","protected":false},"excerpt":{"rendered":"<p>Kontakt Details Athlone Spring Hotel Athlone Co. Westmeath Telephone: +353 90 644 4444 Fax: +353 90 649 0711 Email: email: info@athlonespringshotel.com Homepage: http:\/\/www.athlonespringshotel.com\/home.htm Beschreibung Herzlich Willkommen im Athlone Springs Hotel! Genie\u00dfen Sie Ihren Aufenthalt in einem unserer 67 modern und<span class=\"ellipsis\">&hellip;<\/span><\/p>\n<div class=\"read-more\"><a href=\"https:\/\/irland-reise-tipps.de\/de\/unterkunft\/hotels-in-westmeath\/athlone-springs-hotel\/\">Weiterlesen &#8250;<\/a><\/div>\n<p><!-- end of .read-more --><\/p>\n","protected":false},"author":11,"featured_media":0,"parent":2939,"menu_order":0,"comment_status":"closed","ping_status":"closed","template":"","meta":{"footnotes":""},"class_list":["post-2938","page","type-page","status-publish","hentry"],"yoast_head":"<!-- This site is optimized with the Yoast SEO plugin v21.2 - https:\/\/yoast.com\/wordpress\/plugins\/seo\/ -->\n<title>Athlone Springs Hotel - Irland Reise Tipps<\/title>\n<meta name=\"description\" content=\"Gemeinsam die gr\u00fcne Insel Irland entdecken. Wir haben ausgew\u00e4hlte Veranstaltungen, Unterk\u00fcnfte und Touren mit den Highlights Irlands zusammengestellt.\" \/>\n<meta name=\"robots\" content=\"index, follow, max-snippet:-1, max-image-preview:large, max-video-preview:-1\" \/>\n<link rel=\"canonical\" href=\"https:\/\/irland-reise-tipps.de\/de\/unterkunft\/hotels-in-westmeath\/athlone-springs-hotel\/\" \/>\n<meta property=\"og:locale\" content=\"de_DE\" \/>\n<meta property=\"og:type\" content=\"article\" \/>\n<meta property=\"og:title\" content=\"Athlone Springs Hotel - Irland Reise Tipps\" \/>\n<meta property=\"og:description\" content=\"Gemeinsam die gr\u00fcne Insel Irland entdecken. Wir haben ausgew\u00e4hlte Veranstaltungen, Unterk\u00fcnfte und Touren mit den Highlights Irlands zusammengestellt.\" \/>\n<meta property=\"og:url\" content=\"https:\/\/irland-reise-tipps.de\/de\/unterkunft\/hotels-in-westmeath\/athlone-springs-hotel\/\" \/>\n<meta property=\"og:site_name\" content=\"Irland Reise Tipps\" \/>\n<meta property=\"article:modified_time\" content=\"2013-06-10T10:44:37+00:00\" \/>\n<meta name=\"twitter:label1\" content=\"Gesch\u00e4tzte Lesezeit\" \/>\n\t<meta name=\"twitter:data1\" content=\"1\u00a0Minute\" \/>\n<script type=\"application\/ld+json\" class=\"yoast-schema-graph\">{\"@context\":\"https:\/\/schema.org\",\"@graph\":[{\"@type\":\"WebPage\",\"@id\":\"https:\/\/irland-reise-tipps.de\/de\/unterkunft\/hotels-in-westmeath\/athlone-springs-hotel\/\",\"url\":\"https:\/\/irland-reise-tipps.de\/de\/unterkunft\/hotels-in-westmeath\/athlone-springs-hotel\/\",\"name\":\"Athlone Springs Hotel - Irland Reise Tipps\",\"isPartOf\":{\"@id\":\"https:\/\/irland-reise-tipps.de\/de\/#website\"},\"datePublished\":\"2013-06-10T10:40:33+00:00\",\"dateModified\":\"2013-06-10T10:44:37+00:00\",\"description\":\"Gemeinsam die gr\u00fcne Insel Irland entdecken. Wir haben ausgew\u00e4hlte Veranstaltungen, Unterk\u00fcnfte und Touren mit den Highlights Irlands zusammengestellt.\",\"breadcrumb\":{\"@id\":\"https:\/\/irland-reise-tipps.de\/de\/unterkunft\/hotels-in-westmeath\/athlone-springs-hotel\/#breadcrumb\"},\"inLanguage\":\"de\",\"potentialAction\":[{\"@type\":\"ReadAction\",\"target\":[\"https:\/\/irland-reise-tipps.de\/de\/unterkunft\/hotels-in-westmeath\/athlone-springs-hotel\/\"]}]},{\"@type\":\"BreadcrumbList\",\"@id\":\"https:\/\/irland-reise-tipps.de\/de\/unterkunft\/hotels-in-westmeath\/athlone-springs-hotel\/#breadcrumb\",\"itemListElement\":[{\"@type\":\"ListItem\",\"position\":1,\"name\":\"Home\",\"item\":\"https:\/\/irland-reise-tipps.de\/de\/\"},{\"@type\":\"ListItem\",\"position\":2,\"name\":\"Unterkunft\",\"item\":\"https:\/\/irland-reise-tipps.de\/de\/unterkunft\/\"},{\"@type\":\"ListItem\",\"position\":3,\"name\":\"Hotels in Westmeath\",\"item\":\"https:\/\/irland-reise-tipps.de\/de\/unterkunft\/hotels-in-westmeath\/\"},{\"@type\":\"ListItem\",\"position\":4,\"name\":\"Athlone Springs Hotel\"}]},{\"@type\":\"WebSite\",\"@id\":\"https:\/\/irland-reise-tipps.de\/de\/#website\",\"url\":\"https:\/\/irland-reise-tipps.de\/de\/\",\"name\":\"Irland Reise Tipps\",\"description\":\"Gemeinsam die gr\u00fcne Insel entdecken\",\"potentialAction\":[{\"@type\":\"SearchAction\",\"target\":{\"@type\":\"EntryPoint\",\"urlTemplate\":\"https:\/\/irland-reise-tipps.de\/de\/?s={search_term_string}\"},\"query-input\":\"required name=search_term_string\"}],\"inLanguage\":\"de\"}]}<\/script>\n<!-- \/ Yoast SEO plugin. -->","yoast_head_json":{"title":"Athlone Springs Hotel - Irland Reise Tipps","description":"Gemeinsam die gr\u00fcne Insel Irland entdecken. Wir haben ausgew\u00e4hlte Veranstaltungen, Unterk\u00fcnfte und Touren mit den Highlights Irlands zusammengestellt.","robots":{"index":"index","follow":"follow","max-snippet":"max-snippet:-1","max-image-preview":"max-image-preview:large","max-video-preview":"max-video-preview:-1"},"canonical":"https:\/\/irland-reise-tipps.de\/de\/unterkunft\/hotels-in-westmeath\/athlone-springs-hotel\/","og_locale":"de_DE","og_type":"article","og_title":"Athlone Springs Hotel - Irland Reise Tipps","og_description":"Gemeinsam die gr\u00fcne Insel Irland entdecken. Wir haben ausgew\u00e4hlte Veranstaltungen, Unterk\u00fcnfte und Touren mit den Highlights Irlands zusammengestellt.","og_url":"https:\/\/irland-reise-tipps.de\/de\/unterkunft\/hotels-in-westmeath\/athlone-springs-hotel\/","og_site_name":"Irland Reise Tipps","article_modified_time":"2013-06-10T10:44:37+00:00","twitter_misc":{"Gesch\u00e4tzte Lesezeit":"1\u00a0Minute"},"schema":{"@context":"https:\/\/schema.org","@graph":[{"@type":"WebPage","@id":"https:\/\/irland-reise-tipps.de\/de\/unterkunft\/hotels-in-westmeath\/athlone-springs-hotel\/","url":"https:\/\/irland-reise-tipps.de\/de\/unterkunft\/hotels-in-westmeath\/athlone-springs-hotel\/","name":"Athlone Springs Hotel - Irland Reise Tipps","isPartOf":{"@id":"https:\/\/irland-reise-tipps.de\/de\/#website"},"datePublished":"2013-06-10T10:40:33+00:00","dateModified":"2013-06-10T10:44:37+00:00","description":"Gemeinsam die gr\u00fcne Insel Irland entdecken. Wir haben ausgew\u00e4hlte Veranstaltungen, Unterk\u00fcnfte und Touren mit den Highlights Irlands zusammengestellt.","breadcrumb":{"@id":"https:\/\/irland-reise-tipps.de\/de\/unterkunft\/hotels-in-westmeath\/athlone-springs-hotel\/#breadcrumb"},"inLanguage":"de","potentialAction":[{"@type":"ReadAction","target":["https:\/\/irland-reise-tipps.de\/de\/unterkunft\/hotels-in-westmeath\/athlone-springs-hotel\/"]}]},{"@type":"BreadcrumbList","@id":"https:\/\/irland-reise-tipps.de\/de\/unterkunft\/hotels-in-westmeath\/athlone-springs-hotel\/#breadcrumb","itemListElement":[{"@type":"ListItem","position":1,"name":"Home","item":"https:\/\/irland-reise-tipps.de\/de\/"},{"@type":"ListItem","position":2,"name":"Unterkunft","item":"https:\/\/irland-reise-tipps.de\/de\/unterkunft\/"},{"@type":"ListItem","position":3,"name":"Hotels in Westmeath","item":"https:\/\/irland-reise-tipps.de\/de\/unterkunft\/hotels-in-westmeath\/"},{"@type":"ListItem","position":4,"name":"Athlone Springs Hotel"}]},{"@type":"WebSite","@id":"https:\/\/irland-reise-tipps.de\/de\/#website","url":"https:\/\/irland-reise-tipps.de\/de\/","name":"Irland Reise Tipps","description":"Gemeinsam die gr\u00fcne Insel entdecken","potentialAction":[{"@type":"SearchAction","target":{"@type":"EntryPoint","urlTemplate":"https:\/\/irland-reise-tipps.de\/de\/?s={search_term_string}"},"query-input":"required name=search_term_string"}],"inLanguage":"de"}]}},"_links":{"self":[{"href":"https:\/\/irland-reise-tipps.de\/de\/wp-json\/wp\/v2\/pages\/2938","targetHints":{"allow":["GET"]}}],"collection":[{"href":"https:\/\/irland-reise-tipps.de\/de\/wp-json\/wp\/v2\/pages"}],"about":[{"href":"https:\/\/irland-reise-tipps.de\/de\/wp-json\/wp\/v2\/types\/page"}],"author":[{"embeddable":true,"href":"https:\/\/irland-reise-tipps.de\/de\/wp-json\/wp\/v2\/users\/11"}],"replies":[{"embeddable":true,"href":"https:\/\/irland-reise-tipps.de\/de\/wp-json\/wp\/v2\/comments?post=2938"}],"version-history":[{"count":5,"href":"https:\/\/irland-reise-tipps.de\/de\/wp-json\/wp\/v2\/pages\/2938\/revisions"}],"predecessor-version":[{"id":2943,"href":"https:\/\/irland-reise-tipps.de\/de\/wp-json\/wp\/v2\/pages\/2938\/revisions\/2943"}],"up":[{"embeddable":true,"href":"https:\/\/irland-reise-tipps.de\/de\/wp-json\/wp\/v2\/pages\/2939"}],"wp:attachment":[{"href":"https:\/\/irland-reise-tipps.de\/de\/wp-json\/wp\/v2\/media?parent=2938"}],"curies":[{"name":"wp","href":"https:\/\/api.w.org\/{rel}","templated":true}]}}