{"id":2903,"date":"2013-11-27T12:20:38","date_gmt":"2013-11-27T11:20:38","guid":{"rendered":"http:\/\/irland-reise-tipps.de\/de\/?page_id=2903"},"modified":"2013-11-28T10:14:16","modified_gmt":"2013-11-28T09:14:16","slug":"ardagh-hotel","status":"publish","type":"page","link":"https:\/\/irland-reise-tipps.de\/de\/unterkunft\/hotels-in-galway\/ardagh-hotel\/","title":{"rendered":"Ardagh Hotel"},"content":{"rendered":"<h4><strong>Kontakt Details\n<a href=\"https:\/\/irland-reise-tipps.de\/de\/wp-content\/gallery\/ardagh-hotel\/2012hotelfromacrossthebay_1342173465.jpg\" title=\"\" rel=\"lightbox[singlepic1391]\" >\n\t<img decoding=\"async\" class=\"ngg-singlepic ngg-right\" src=\"https:\/\/irland-reise-tipps.de\/de\/wp-content\/gallery\/cache\/1391__150x150_2012hotelfromacrossthebay_1342173465.jpg\" alt=\"2012hotelfromacrossthebay_1342173465\" title=\"2012hotelfromacrossthebay_1342173465\" \/>\n<\/a>\n<\/strong><\/h4>\n<p>Ardagh Hotel &amp; Restaurant<br \/>\nBallyconneely Road<br \/>\nClifden<\/p>\n<p><strong>Telephone:<\/strong> +353 1 2958900<br \/>\n<strong>Email:<\/strong><span class=\"fs\"><a href=\"mailto:ardagh@irishcountryhotels.com\">ardagh@irishcountryhotels.com<br \/>\n<\/a><\/span><strong>Homepage:<\/strong> <a href=\"http:\/\/irishcountryhotels.com\/de\/hotels\/ardagh-hotel-and-restaurant\/\" target=\"_blank\" rel=\"nofollow\">http:\/\/irishcountryhotels.com\/de\/hotels\/ardagh-hotel-and-restaurant\/<\/a><\/p>\n\n<div class=\"ngg-galleryoverview\" id=\"ngg-gallery-120-2903\">\n\n\n\t\n\t<!-- Thumbnails -->\n\t\t\n\t<div id=\"ngg-image-1390\" class=\"ngg-gallery-thumbnail-box\"  >\n\t\t<div class=\"ngg-gallery-thumbnail\" >\n\t\t\t<a href=\"https:\/\/irland-reise-tipps.de\/de\/wp-content\/gallery\/ardagh-hotel\/2012bar_1342173563.jpg\" title=\" \" rel=\"lightbox[set_120]\" >\n\t\t\t\t\t\t\t\t<img loading=\"lazy\" decoding=\"async\" title=\"2012bar_1342173563\" alt=\"2012bar_1342173563\" src=\"https:\/\/irland-reise-tipps.de\/de\/wp-content\/gallery\/ardagh-hotel\/thumbs\/thumbs_2012bar_1342173563.jpg\" width=\"100\" height=\"75\" \/>\n\t\t\t\t\t\t\t<\/a>\n\t\t<\/div>\n\t<\/div>\n\t\n\t\t\n \t\t\n\t<div id=\"ngg-image-1391\" class=\"ngg-gallery-thumbnail-box\"  >\n\t\t<div class=\"ngg-gallery-thumbnail\" >\n\t\t\t<a href=\"https:\/\/irland-reise-tipps.de\/de\/wp-content\/gallery\/ardagh-hotel\/2012hotelfromacrossthebay_1342173465.jpg\" title=\" \" rel=\"lightbox[set_120]\" >\n\t\t\t\t\t\t\t\t<img loading=\"lazy\" decoding=\"async\" title=\"2012hotelfromacrossthebay_1342173465\" alt=\"2012hotelfromacrossthebay_1342173465\" src=\"https:\/\/irland-reise-tipps.de\/de\/wp-content\/gallery\/ardagh-hotel\/thumbs\/thumbs_2012hotelfromacrossthebay_1342173465.jpg\" width=\"100\" height=\"75\" \/>\n\t\t\t\t\t\t\t<\/a>\n\t\t<\/div>\n\t<\/div>\n\t\n\t\t\n \t\t\n\t<div id=\"ngg-image-1392\" class=\"ngg-gallery-thumbnail-box\"  >\n\t\t<div class=\"ngg-gallery-thumbnail\" >\n\t\t\t<a href=\"https:\/\/irland-reise-tipps.de\/de\/wp-content\/gallery\/ardagh-hotel\/2012restaurant_1342173673.jpg\" title=\" \" rel=\"lightbox[set_120]\" >\n\t\t\t\t\t\t\t\t<img loading=\"lazy\" decoding=\"async\" title=\"2012restaurant_1342173673\" alt=\"2012restaurant_1342173673\" src=\"https:\/\/irland-reise-tipps.de\/de\/wp-content\/gallery\/ardagh-hotel\/thumbs\/thumbs_2012restaurant_1342173673.jpg\" width=\"100\" height=\"75\" \/>\n\t\t\t\t\t\t\t<\/a>\n\t\t<\/div>\n\t<\/div>\n\t\n\t\t\n \t\t\n\t<div id=\"ngg-image-1393\" class=\"ngg-gallery-thumbnail-box\"  >\n\t\t<div class=\"ngg-gallery-thumbnail\" >\n\t\t\t<a href=\"https:\/\/irland-reise-tipps.de\/de\/wp-content\/gallery\/ardagh-hotel\/2012seaviewroom_1342174180.jpg\" title=\" \" rel=\"lightbox[set_120]\" >\n\t\t\t\t\t\t\t\t<img loading=\"lazy\" decoding=\"async\" title=\"2012seaviewroom_1342174180\" alt=\"2012seaviewroom_1342174180\" src=\"https:\/\/irland-reise-tipps.de\/de\/wp-content\/gallery\/ardagh-hotel\/thumbs\/thumbs_2012seaviewroom_1342174180.jpg\" width=\"100\" height=\"75\" \/>\n\t\t\t\t\t\t\t<\/a>\n\t\t<\/div>\n\t<\/div>\n\t\n\t\t\n \t\t\n\t<div id=\"ngg-image-1394\" class=\"ngg-gallery-thumbnail-box\"  >\n\t\t<div class=\"ngg-gallery-thumbnail\" >\n\t\t\t<a href=\"https:\/\/irland-reise-tipps.de\/de\/wp-content\/gallery\/ardagh-hotel\/ardaghbed2011blwh_1312888441.jpg\" title=\" \" rel=\"lightbox[set_120]\" >\n\t\t\t\t\t\t\t\t<img loading=\"lazy\" decoding=\"async\" title=\"ardaghbed2011blwh_1312888441\" alt=\"ardaghbed2011blwh_1312888441\" src=\"https:\/\/irland-reise-tipps.de\/de\/wp-content\/gallery\/ardagh-hotel\/thumbs\/thumbs_ardaghbed2011blwh_1312888441.jpg\" width=\"100\" height=\"75\" \/>\n\t\t\t\t\t\t\t<\/a>\n\t\t<\/div>\n\t<\/div>\n\t\n\t\t\n \t\t\n\t<div id=\"ngg-image-1395\" class=\"ngg-gallery-thumbnail-box\"  >\n\t\t<div class=\"ngg-gallery-thumbnail\" >\n\t\t\t<a href=\"https:\/\/irland-reise-tipps.de\/de\/wp-content\/gallery\/ardagh-hotel\/dsc_7607sm_1367337736.jpg\" title=\" \" rel=\"lightbox[set_120]\" >\n\t\t\t\t\t\t\t\t<img loading=\"lazy\" decoding=\"async\" title=\"dsc_7607sm_1367337736\" alt=\"dsc_7607sm_1367337736\" src=\"https:\/\/irland-reise-tipps.de\/de\/wp-content\/gallery\/ardagh-hotel\/thumbs\/thumbs_dsc_7607sm_1367337736.jpg\" width=\"100\" height=\"75\" \/>\n\t\t\t\t\t\t\t<\/a>\n\t\t<\/div>\n\t<\/div>\n\t\n\t\t\n \t \t\n\t<!-- Pagination -->\n \t<div class=\"ngg-clear\"><\/div> \t\n<\/div>\n\n\n<h4>Beschreibung<\/h4>\n<p><b>Herzlich Willkommen im Ardagh Hotel!<\/b><\/p>\n<p>Luxuri\u00f6ses K\u00fcstenhotel in Clifden, Connemara<\/p>\n<p>Das Ardagh Hotel &amp; Restaurant ist ein luxuri\u00f6ses K\u00fcstenhotel, das sich am Rande der Arbear Bay im Herzen von Connemara befindet. Dieses familiengef\u00fchrte Luxushotel mit atemberaubendem Blick auf den Atlantik und die spektakul\u00e4re Landschaft Connemaras befindet sich lediglich 3 km von der dynamischen Stadt Clifden mit ihren Gesch\u00e4ften und erstklassigen Pubs entfernt.<\/p>\n<h4>Was G\u00e4ste am Ardagh Hotel &amp; Restaurant wertsch\u00e4tzen:<\/h4>\n<ul>\n<li>den friedvollen und atemberaubenden Blick auf den Atlantik und die Landschaft Connemaras<\/li>\n<li>das preisgekr\u00f6nte Luxus-Restaurant mit Blick auf die Ardbear Bay<\/li>\n<li>die gem\u00fctliche Bar und Salons, ausgestattet mit Tischen aus Eichenholz, Weinf\u00e4ssern, Kerzen und offenem Torffeuer<\/li>\n<li>das Gew\u00e4chshaus im Erdgeschoss, in dem Pflanzen und Blumen gedeihen und um das sich die Hausherrin Monique k\u00fcmmert<\/li>\n<li>das Hotel vereinbart auch Startzeiten und gew\u00e4hrt Rabatt auf Golfplatzgeb\u00fchren auf Connemara Championship Golf Links<\/li>\n<li>die N\u00e4he zur Stadt Clifden, einem charmanten und lebendigen Ort mit erstklassigen Pubs, L\u00e4den und Galerien<\/li>\n<\/ul>\n<p>Ihr Irish Country Hotel-Gutschein kann im Ardagh Hotel eingel\u00f6st werden<br \/>\nWir freuen uns auf Ihren Besuch!<\/p>\n<h4>Lage des Hotels und Sehensw\u00fcrdigkeiten in der N\u00e4he<\/h4>\n<p>[google-map-v3 width=&#8220;600&#8243; height=&#8220;400&#8243; zoom=&#8220;12&#8243; maptype=&#8220;roadmap&#8220; mapalign=&#8220;center&#8220; directionhint=&#8220;false&#8220; language=&#8220;default&#8220; poweredby=&#8220;false&#8220; maptypecontrol=&#8220;true&#8220; pancontrol=&#8220;true&#8220; zoomcontrol=&#8220;true&#8220; scalecontrol=&#8220;true&#8220; streetviewcontrol=&#8220;true&#8220; scrollwheelcontrol=&#8220;false&#8220; draggable=&#8220;true&#8220; tiltfourtyfive=&#8220;false&#8220; addmarkermashupbubble=&#8220;false&#8220; addmarkermashupbubble=&#8220;false&#8220; addmarkerlist=&#8220;Ballyconneely Road, Clifden, Ireland{}lodging_0star.png{}Ardagh Hotel&#8220; bubbleautopan=&#8220;true&#8220; showbike=&#8220;false&#8220; showtraffic=&#8220;false&#8220; showpanoramio=&#8220;false&#8220;]<\/p>\n","protected":false},"excerpt":{"rendered":"<p>Kontakt Details Ardagh Hotel &amp; Restaurant Ballyconneely Road Clifden Telephone: +353 1 2958900 Email:ardagh@irishcountryhotels.com Homepage: http:\/\/irishcountryhotels.com\/de\/hotels\/ardagh-hotel-and-restaurant\/ Beschreibung Herzlich Willkommen im Ardagh Hotel! Luxuri\u00f6ses K\u00fcstenhotel in Clifden, Connemara Das Ardagh Hotel &amp; Restaurant ist ein luxuri\u00f6ses K\u00fcstenhotel, das sich am Rande<span class=\"ellipsis\">&hellip;<\/span><\/p>\n<div class=\"read-more\"><a href=\"https:\/\/irland-reise-tipps.de\/de\/unterkunft\/hotels-in-galway\/ardagh-hotel\/\">Weiterlesen &#8250;<\/a><\/div>\n<p><!-- end of .read-more --><\/p>\n","protected":false},"author":11,"featured_media":0,"parent":1218,"menu_order":0,"comment_status":"closed","ping_status":"closed","template":"","meta":{"footnotes":""},"class_list":["post-2903","page","type-page","status-publish","hentry"],"yoast_head":"<!-- This site is optimized with the Yoast SEO plugin v21.2 - https:\/\/yoast.com\/wordpress\/plugins\/seo\/ -->\n<title>Ardagh Hotel - Irland Reise Tipps<\/title>\n<meta name=\"description\" content=\"Gemeinsam die gr\u00fcne Insel Irland entdecken. Wir haben ausgew\u00e4hlte Veranstaltungen, Unterk\u00fcnfte und Touren mit den Highlights Irlands zusammengestellt.\" \/>\n<meta name=\"robots\" content=\"index, follow, max-snippet:-1, max-image-preview:large, max-video-preview:-1\" \/>\n<link rel=\"canonical\" href=\"https:\/\/irland-reise-tipps.de\/de\/unterkunft\/hotels-in-galway\/ardagh-hotel\/\" \/>\n<meta property=\"og:locale\" content=\"de_DE\" \/>\n<meta property=\"og:type\" content=\"article\" \/>\n<meta property=\"og:title\" content=\"Ardagh Hotel - Irland Reise Tipps\" \/>\n<meta property=\"og:description\" content=\"Gemeinsam die gr\u00fcne Insel Irland entdecken. Wir haben ausgew\u00e4hlte Veranstaltungen, Unterk\u00fcnfte und Touren mit den Highlights Irlands zusammengestellt.\" \/>\n<meta property=\"og:url\" content=\"https:\/\/irland-reise-tipps.de\/de\/unterkunft\/hotels-in-galway\/ardagh-hotel\/\" \/>\n<meta property=\"og:site_name\" content=\"Irland Reise Tipps\" \/>\n<meta property=\"article:modified_time\" content=\"2013-11-28T09:14:16+00:00\" \/>\n<meta name=\"twitter:label1\" content=\"Gesch\u00e4tzte Lesezeit\" \/>\n\t<meta name=\"twitter:data1\" content=\"1\u00a0Minute\" \/>\n<script type=\"application\/ld+json\" class=\"yoast-schema-graph\">{\"@context\":\"https:\/\/schema.org\",\"@graph\":[{\"@type\":\"WebPage\",\"@id\":\"https:\/\/irland-reise-tipps.de\/de\/unterkunft\/hotels-in-galway\/ardagh-hotel\/\",\"url\":\"https:\/\/irland-reise-tipps.de\/de\/unterkunft\/hotels-in-galway\/ardagh-hotel\/\",\"name\":\"Ardagh Hotel - Irland Reise Tipps\",\"isPartOf\":{\"@id\":\"https:\/\/irland-reise-tipps.de\/de\/#website\"},\"datePublished\":\"2013-11-27T11:20:38+00:00\",\"dateModified\":\"2013-11-28T09:14:16+00:00\",\"description\":\"Gemeinsam die gr\u00fcne Insel Irland entdecken. Wir haben ausgew\u00e4hlte Veranstaltungen, Unterk\u00fcnfte und Touren mit den Highlights Irlands zusammengestellt.\",\"breadcrumb\":{\"@id\":\"https:\/\/irland-reise-tipps.de\/de\/unterkunft\/hotels-in-galway\/ardagh-hotel\/#breadcrumb\"},\"inLanguage\":\"de\",\"potentialAction\":[{\"@type\":\"ReadAction\",\"target\":[\"https:\/\/irland-reise-tipps.de\/de\/unterkunft\/hotels-in-galway\/ardagh-hotel\/\"]}]},{\"@type\":\"BreadcrumbList\",\"@id\":\"https:\/\/irland-reise-tipps.de\/de\/unterkunft\/hotels-in-galway\/ardagh-hotel\/#breadcrumb\",\"itemListElement\":[{\"@type\":\"ListItem\",\"position\":1,\"name\":\"Home\",\"item\":\"https:\/\/irland-reise-tipps.de\/de\/\"},{\"@type\":\"ListItem\",\"position\":2,\"name\":\"Unterkunft\",\"item\":\"https:\/\/irland-reise-tipps.de\/de\/unterkunft\/\"},{\"@type\":\"ListItem\",\"position\":3,\"name\":\"Hotels in Galway\",\"item\":\"https:\/\/irland-reise-tipps.de\/de\/unterkunft\/hotels-in-galway\/\"},{\"@type\":\"ListItem\",\"position\":4,\"name\":\"Ardagh Hotel\"}]},{\"@type\":\"WebSite\",\"@id\":\"https:\/\/irland-reise-tipps.de\/de\/#website\",\"url\":\"https:\/\/irland-reise-tipps.de\/de\/\",\"name\":\"Irland Reise Tipps\",\"description\":\"Gemeinsam die gr\u00fcne Insel entdecken\",\"potentialAction\":[{\"@type\":\"SearchAction\",\"target\":{\"@type\":\"EntryPoint\",\"urlTemplate\":\"https:\/\/irland-reise-tipps.de\/de\/?s={search_term_string}\"},\"query-input\":\"required name=search_term_string\"}],\"inLanguage\":\"de\"}]}<\/script>\n<!-- \/ Yoast SEO plugin. -->","yoast_head_json":{"title":"Ardagh Hotel - Irland Reise Tipps","description":"Gemeinsam die gr\u00fcne Insel Irland entdecken. Wir haben ausgew\u00e4hlte Veranstaltungen, Unterk\u00fcnfte und Touren mit den Highlights Irlands zusammengestellt.","robots":{"index":"index","follow":"follow","max-snippet":"max-snippet:-1","max-image-preview":"max-image-preview:large","max-video-preview":"max-video-preview:-1"},"canonical":"https:\/\/irland-reise-tipps.de\/de\/unterkunft\/hotels-in-galway\/ardagh-hotel\/","og_locale":"de_DE","og_type":"article","og_title":"Ardagh Hotel - Irland Reise Tipps","og_description":"Gemeinsam die gr\u00fcne Insel Irland entdecken. Wir haben ausgew\u00e4hlte Veranstaltungen, Unterk\u00fcnfte und Touren mit den Highlights Irlands zusammengestellt.","og_url":"https:\/\/irland-reise-tipps.de\/de\/unterkunft\/hotels-in-galway\/ardagh-hotel\/","og_site_name":"Irland Reise Tipps","article_modified_time":"2013-11-28T09:14:16+00:00","twitter_misc":{"Gesch\u00e4tzte Lesezeit":"1\u00a0Minute"},"schema":{"@context":"https:\/\/schema.org","@graph":[{"@type":"WebPage","@id":"https:\/\/irland-reise-tipps.de\/de\/unterkunft\/hotels-in-galway\/ardagh-hotel\/","url":"https:\/\/irland-reise-tipps.de\/de\/unterkunft\/hotels-in-galway\/ardagh-hotel\/","name":"Ardagh Hotel - Irland Reise Tipps","isPartOf":{"@id":"https:\/\/irland-reise-tipps.de\/de\/#website"},"datePublished":"2013-11-27T11:20:38+00:00","dateModified":"2013-11-28T09:14:16+00:00","description":"Gemeinsam die gr\u00fcne Insel Irland entdecken. Wir haben ausgew\u00e4hlte Veranstaltungen, Unterk\u00fcnfte und Touren mit den Highlights Irlands zusammengestellt.","breadcrumb":{"@id":"https:\/\/irland-reise-tipps.de\/de\/unterkunft\/hotels-in-galway\/ardagh-hotel\/#breadcrumb"},"inLanguage":"de","potentialAction":[{"@type":"ReadAction","target":["https:\/\/irland-reise-tipps.de\/de\/unterkunft\/hotels-in-galway\/ardagh-hotel\/"]}]},{"@type":"BreadcrumbList","@id":"https:\/\/irland-reise-tipps.de\/de\/unterkunft\/hotels-in-galway\/ardagh-hotel\/#breadcrumb","itemListElement":[{"@type":"ListItem","position":1,"name":"Home","item":"https:\/\/irland-reise-tipps.de\/de\/"},{"@type":"ListItem","position":2,"name":"Unterkunft","item":"https:\/\/irland-reise-tipps.de\/de\/unterkunft\/"},{"@type":"ListItem","position":3,"name":"Hotels in Galway","item":"https:\/\/irland-reise-tipps.de\/de\/unterkunft\/hotels-in-galway\/"},{"@type":"ListItem","position":4,"name":"Ardagh Hotel"}]},{"@type":"WebSite","@id":"https:\/\/irland-reise-tipps.de\/de\/#website","url":"https:\/\/irland-reise-tipps.de\/de\/","name":"Irland Reise Tipps","description":"Gemeinsam die gr\u00fcne Insel entdecken","potentialAction":[{"@type":"SearchAction","target":{"@type":"EntryPoint","urlTemplate":"https:\/\/irland-reise-tipps.de\/de\/?s={search_term_string}"},"query-input":"required name=search_term_string"}],"inLanguage":"de"}]}},"_links":{"self":[{"href":"https:\/\/irland-reise-tipps.de\/de\/wp-json\/wp\/v2\/pages\/2903","targetHints":{"allow":["GET"]}}],"collection":[{"href":"https:\/\/irland-reise-tipps.de\/de\/wp-json\/wp\/v2\/pages"}],"about":[{"href":"https:\/\/irland-reise-tipps.de\/de\/wp-json\/wp\/v2\/types\/page"}],"author":[{"embeddable":true,"href":"https:\/\/irland-reise-tipps.de\/de\/wp-json\/wp\/v2\/users\/11"}],"replies":[{"embeddable":true,"href":"https:\/\/irland-reise-tipps.de\/de\/wp-json\/wp\/v2\/comments?post=2903"}],"version-history":[{"count":4,"href":"https:\/\/irland-reise-tipps.de\/de\/wp-json\/wp\/v2\/pages\/2903\/revisions"}],"predecessor-version":[{"id":3234,"href":"https:\/\/irland-reise-tipps.de\/de\/wp-json\/wp\/v2\/pages\/2903\/revisions\/3234"}],"up":[{"embeddable":true,"href":"https:\/\/irland-reise-tipps.de\/de\/wp-json\/wp\/v2\/pages\/1218"}],"wp:attachment":[{"href":"https:\/\/irland-reise-tipps.de\/de\/wp-json\/wp\/v2\/media?parent=2903"}],"curies":[{"name":"wp","href":"https:\/\/api.w.org\/{rel}","templated":true}]}}