{"id":2840,"date":"2013-05-15T10:04:03","date_gmt":"2013-05-15T08:04:03","guid":{"rendered":"http:\/\/irland-reise-tipps.de\/de\/?page_id=2840"},"modified":"2013-05-15T10:30:40","modified_gmt":"2013-05-15T08:30:40","slug":"strandhill-lodge-and-suites","status":"publish","type":"page","link":"https:\/\/irland-reise-tipps.de\/de\/unterkunft\/hotels-im-county-sligo\/strandhill-lodge-and-suites\/","title":{"rendered":"Strandhill Lodge and Suites"},"content":{"rendered":"<h4><strong>Kontakt Details<img loading=\"lazy\" decoding=\"async\" class=\"alignright size-thumbnail wp-image-2847\" alt=\"K1024_front of sls\" src=\"http:\/\/irland-reise-tipps.de\/de\/wp-content\/uploads\/2013\/05\/K1024_front-of-sls-150x150.jpg\" width=\"150\" height=\"150\" \/><\/strong><\/h4>\n<p>Top Road<br \/>\nStrandhill<br \/>\nSligo<\/p>\n<p>Ireland<\/p>\n<p>&nbsp;<\/p>\n<p><strong>Telephone:<\/strong> +353 (0) 71-9122122<br \/>\n<strong>Fax:<\/strong> +353 (0) 71-9122795<br \/>\n<strong>Email: <\/strong>info@strandhilllodgeandsuites.com<br \/>\n<strong>Homepage:<\/strong> <a href=\"http:\/\/www.strandhilllodgeandsuites.com\/\" target=\"_blank\" rel=\"nofollow\">http:\/\/www.strandhilllodgeandsuites.com\/<\/a><\/p>\n\n<div class=\"ngg-galleryoverview\" id=\"ngg-gallery-85-2840\">\n\n\n\t\n\t<!-- Thumbnails -->\n\t\t\n\t<div id=\"ngg-image-1034\" class=\"ngg-gallery-thumbnail-box\"  >\n\t\t<div class=\"ngg-gallery-thumbnail\" >\n\t\t\t<a href=\"https:\/\/irland-reise-tipps.de\/de\/wp-content\/gallery\/strandhill-lodge-and-suites\/k1024_balconyresized.jpg\" title=\" \" rel=\"lightbox[set_85]\" >\n\t\t\t\t\t\t\t\t<img loading=\"lazy\" decoding=\"async\" title=\"k1024_balconyresized\" alt=\"k1024_balconyresized\" src=\"https:\/\/irland-reise-tipps.de\/de\/wp-content\/gallery\/strandhill-lodge-and-suites\/thumbs\/thumbs_k1024_balconyresized.jpg\" width=\"100\" height=\"75\" \/>\n\t\t\t\t\t\t\t<\/a>\n\t\t<\/div>\n\t<\/div>\n\t\n\t\t\n \t\t\n\t<div id=\"ngg-image-1035\" class=\"ngg-gallery-thumbnail-box\"  >\n\t\t<div class=\"ngg-gallery-thumbnail\" >\n\t\t\t<a href=\"https:\/\/irland-reise-tipps.de\/de\/wp-content\/gallery\/strandhill-lodge-and-suites\/k1024_breakfastroom2.jpg\" title=\" \" rel=\"lightbox[set_85]\" >\n\t\t\t\t\t\t\t\t<img loading=\"lazy\" decoding=\"async\" title=\"k1024_breakfastroom2\" alt=\"k1024_breakfastroom2\" src=\"https:\/\/irland-reise-tipps.de\/de\/wp-content\/gallery\/strandhill-lodge-and-suites\/thumbs\/thumbs_k1024_breakfastroom2.jpg\" width=\"100\" height=\"75\" \/>\n\t\t\t\t\t\t\t<\/a>\n\t\t<\/div>\n\t<\/div>\n\t\n\t\t\n \t\t\n\t<div id=\"ngg-image-1037\" class=\"ngg-gallery-thumbnail-box\"  >\n\t\t<div class=\"ngg-gallery-thumbnail\" >\n\t\t\t<a href=\"https:\/\/irland-reise-tipps.de\/de\/wp-content\/gallery\/strandhill-lodge-and-suites\/k1024_relax.jpg\" title=\" \" rel=\"lightbox[set_85]\" >\n\t\t\t\t\t\t\t\t<img loading=\"lazy\" decoding=\"async\" title=\"k1024_relax\" alt=\"k1024_relax\" src=\"https:\/\/irland-reise-tipps.de\/de\/wp-content\/gallery\/strandhill-lodge-and-suites\/thumbs\/thumbs_k1024_relax.jpg\" width=\"100\" height=\"75\" \/>\n\t\t\t\t\t\t\t<\/a>\n\t\t<\/div>\n\t<\/div>\n\t\n\t\t\n \t\t\n\t<div id=\"ngg-image-1038\" class=\"ngg-gallery-thumbnail-box\"  >\n\t\t<div class=\"ngg-gallery-thumbnail\" >\n\t\t\t<a href=\"https:\/\/irland-reise-tipps.de\/de\/wp-content\/gallery\/strandhill-lodge-and-suites\/k1024_sleep.jpg\" title=\" \" rel=\"lightbox[set_85]\" >\n\t\t\t\t\t\t\t\t<img loading=\"lazy\" decoding=\"async\" title=\"k1024_sleep\" alt=\"k1024_sleep\" src=\"https:\/\/irland-reise-tipps.de\/de\/wp-content\/gallery\/strandhill-lodge-and-suites\/thumbs\/thumbs_k1024_sleep.jpg\" width=\"100\" height=\"75\" \/>\n\t\t\t\t\t\t\t<\/a>\n\t\t<\/div>\n\t<\/div>\n\t\n\t\t\n \t\t\n\t<div id=\"ngg-image-1039\" class=\"ngg-gallery-thumbnail-box\"  >\n\t\t<div class=\"ngg-gallery-thumbnail\" >\n\t\t\t<a href=\"https:\/\/irland-reise-tipps.de\/de\/wp-content\/gallery\/strandhill-lodge-and-suites\/k1024_suite-1.jpg\" title=\" \" rel=\"lightbox[set_85]\" >\n\t\t\t\t\t\t\t\t<img loading=\"lazy\" decoding=\"async\" title=\"k1024_suite-1\" alt=\"k1024_suite-1\" src=\"https:\/\/irland-reise-tipps.de\/de\/wp-content\/gallery\/strandhill-lodge-and-suites\/thumbs\/thumbs_k1024_suite-1.jpg\" width=\"100\" height=\"75\" \/>\n\t\t\t\t\t\t\t<\/a>\n\t\t<\/div>\n\t<\/div>\n\t\n\t\t\n \t\t\n\t<div id=\"ngg-image-1040\" class=\"ngg-gallery-thumbnail-box\"  >\n\t\t<div class=\"ngg-gallery-thumbnail\" >\n\t\t\t<a href=\"https:\/\/irland-reise-tipps.de\/de\/wp-content\/gallery\/strandhill-lodge-and-suites\/k1024_suite-view.jpg\" title=\" \" rel=\"lightbox[set_85]\" >\n\t\t\t\t\t\t\t\t<img loading=\"lazy\" decoding=\"async\" title=\"k1024_suite-view\" alt=\"k1024_suite-view\" src=\"https:\/\/irland-reise-tipps.de\/de\/wp-content\/gallery\/strandhill-lodge-and-suites\/thumbs\/thumbs_k1024_suite-view.jpg\" width=\"100\" height=\"75\" \/>\n\t\t\t\t\t\t\t<\/a>\n\t\t<\/div>\n\t<\/div>\n\t\n\t\t\n \t\t\n\t<div id=\"ngg-image-1041\" class=\"ngg-gallery-thumbnail-box\"  >\n\t\t<div class=\"ngg-gallery-thumbnail\" >\n\t\t\t<a href=\"https:\/\/irland-reise-tipps.de\/de\/wp-content\/gallery\/strandhill-lodge-and-suites\/k1024_summer-cannon1.jpg\" title=\" \" rel=\"lightbox[set_85]\" >\n\t\t\t\t\t\t\t\t<img loading=\"lazy\" decoding=\"async\" title=\"k1024_summer-cannon1\" alt=\"k1024_summer-cannon1\" src=\"https:\/\/irland-reise-tipps.de\/de\/wp-content\/gallery\/strandhill-lodge-and-suites\/thumbs\/thumbs_k1024_summer-cannon1.jpg\" width=\"100\" height=\"75\" \/>\n\t\t\t\t\t\t\t<\/a>\n\t\t<\/div>\n\t<\/div>\n\t\n\t\t\n \t\t\n\t<div id=\"ngg-image-1042\" class=\"ngg-gallery-thumbnail-box\"  >\n\t\t<div class=\"ngg-gallery-thumbnail\" >\n\t\t\t<a href=\"https:\/\/irland-reise-tipps.de\/de\/wp-content\/gallery\/strandhill-lodge-and-suites\/k1024_sunnyview1.jpg\" title=\" \" rel=\"lightbox[set_85]\" >\n\t\t\t\t\t\t\t\t<img loading=\"lazy\" decoding=\"async\" title=\"k1024_sunnyview1\" alt=\"k1024_sunnyview1\" src=\"https:\/\/irland-reise-tipps.de\/de\/wp-content\/gallery\/strandhill-lodge-and-suites\/thumbs\/thumbs_k1024_sunnyview1.jpg\" width=\"100\" height=\"75\" \/>\n\t\t\t\t\t\t\t<\/a>\n\t\t<\/div>\n\t<\/div>\n\t\n\t\t\n \t \t\n\t<!-- Pagination -->\n \t<div class=\"ngg-clear\"><\/div> \t\n<\/div>\n\n\n<h4>Beschreibung<\/h4>\n<p><strong>Herzlich Willkommen im Strandhill Lodge and Suites!<\/strong><\/p>\n<p>Das Strandhill Lodge and Suites ist ein 4 Sterne Boutique Hotel mitten im Herzen von Strandhill und mit der wundersch\u00f6nen Kulisse des Knocknarea Berges im Hintergrund.<\/p>\n<p>18 &#8222;Deluxe rooms&#8220; und 4 &#8222;Superior Suites&#8220; sind bereits mehrfach auf 4 Sterne Klassifiziert worden und haben f\u00fcr jeden Geschmack etwas zu bieten.<\/p>\n<p>Von den Balkon und Terrassen Zimmer aus k\u00f6nnen Sie den Blick \u00fcber die gesamte Strandhill Bucht und Umgebung genie\u00dfen und hier den wohl prachvollsten Sonnenuntergang der ganzen Westk\u00fcste Irlands genie\u00dfen.<\/p>\n<p>&nbsp;<\/p>\n<p>Das Strandhill Lodge and Suites ist direkt am Strandhill Golfplatz gelegen und bietet jedem Golf\u00a0 Liebhaber oder Neuling eine echte Herausforderung.<\/p>\n<p>Au\u00dferdem k\u00f6nnen sie in Strandhill Surfen, Pony reiten, Berg klettern und noch vieles mehr<\/p>\n<p>Auch zum wohnf\u00fchlen hat Ihnen Strandhill etwas zu bieten!<br \/>\nBesuchen Sie doch mal das &#8222;Voya Seaweed Baths&#8220; und vergessen Sie all Ihre Sorgen.<\/p>\n<p>Das gute Essen darf bei Ihrem Aufenthalt in Strandhill nat\u00fcrlich nicht fehlen.<br \/>\nEs gibt in Strandhill 3 Restaurants die preisgekr\u00f6nt worden sind und bei denen Sie exzellente Meeresfr\u00fcchte, Irish Steaks und au\u00dferdem Italienische K\u00fcche genie\u00dfen k\u00f6nnen.<\/p>\n<p>Wenn Sie auf der Suche sind nach einem ruhigen Urlaub in entspannender Athmosph\u00e4re, dann kommen Sie nach Strandhill und lassen Sie die Seele baumeln.<\/p>\n<p><em>Das Strandhill Lodge and Suites wurde auf 4 Sterne klassifiziert durch: AA, F\u00e1ilte Ireland und Georgina Campbell<\/em><\/p>\n<p><em>2012 erreichte das Strandhill Lodge and Suites den 13 Platz der besten Hotels auf der ganzen Welt und zugleich den 3ten Platz in Irland<\/em><\/p>\n<p><em>Das Strandhill Lodge and Suites ist das kleinste Hotel Irlands und das 17t kleinste Hotel der Welt!<\/em><\/p>\n<p>Wir freuen uns auf Ihren Besuch!<\/p>\n<h4>Lage des Hotels und Sehensw\u00fcrdigkeiten in der N\u00e4he<\/h4>\n<p>[google-map-v3 width=&#8220;600&#8243; height=&#8220;600&#8243; zoom=&#8220;12&#8243; maptype=&#8220;roadmap&#8220; mapalign=&#8220;center&#8220; directionhint=&#8220;false&#8220; language=&#8220;default&#8220; poweredby=&#8220;false&#8220; maptypecontrol=&#8220;true&#8220; pancontrol=&#8220;true&#8220; zoomcontrol=&#8220;true&#8220; scalecontrol=&#8220;true&#8220; streetviewcontrol=&#8220;true&#8220; scrollwheelcontrol=&#8220;false&#8220; draggable=&#8220;true&#8220; tiltfourtyfive=&#8220;false&#8220; addmarkermashupbubble=&#8220;false&#8220; addmarkermashupbubble=&#8220;false&#8220; addmarkerlist=&#8220;54.266722,-8.596228{}lodging_0star.png{}Strandhill Lodge and Suites&#8220; bubbleautopan=&#8220;true&#8220; showbike=&#8220;false&#8220; showtraffic=&#8220;false&#8220; showpanoramio=&#8220;false&#8220;]<\/p>\n","protected":false},"excerpt":{"rendered":"<p>Kontakt Details Top Road Strandhill Sligo Ireland &nbsp; Telephone: +353 (0) 71-9122122 Fax: +353 (0) 71-9122795 Email: info@strandhilllodgeandsuites.com Homepage: http:\/\/www.strandhilllodgeandsuites.com\/ Beschreibung Herzlich Willkommen im Strandhill Lodge and Suites! Das Strandhill Lodge and Suites ist ein 4 Sterne Boutique Hotel mitten<span class=\"ellipsis\">&hellip;<\/span><\/p>\n<div class=\"read-more\"><a href=\"https:\/\/irland-reise-tipps.de\/de\/unterkunft\/hotels-im-county-sligo\/strandhill-lodge-and-suites\/\">Weiterlesen &#8250;<\/a><\/div>\n<p><!-- end of .read-more --><\/p>\n","protected":false},"author":11,"featured_media":0,"parent":2841,"menu_order":0,"comment_status":"closed","ping_status":"closed","template":"","meta":{"footnotes":""},"class_list":["post-2840","page","type-page","status-publish","hentry"],"yoast_head":"<!-- This site is optimized with the Yoast SEO plugin v21.2 - https:\/\/yoast.com\/wordpress\/plugins\/seo\/ -->\n<title>Strandhill Lodge and Suites - Irland Reise Tipps<\/title>\n<meta name=\"description\" content=\"Gemeinsam die gr\u00fcne Insel Irland entdecken. Wir haben ausgew\u00e4hlte Veranstaltungen, Unterk\u00fcnfte und Touren mit den Highlights Irlands zusammengestellt.\" \/>\n<meta name=\"robots\" content=\"index, follow, max-snippet:-1, max-image-preview:large, max-video-preview:-1\" \/>\n<link rel=\"canonical\" href=\"https:\/\/irland-reise-tipps.de\/de\/unterkunft\/hotels-im-county-sligo\/strandhill-lodge-and-suites\/\" \/>\n<meta property=\"og:locale\" content=\"de_DE\" \/>\n<meta property=\"og:type\" content=\"article\" \/>\n<meta property=\"og:title\" content=\"Strandhill Lodge and Suites - Irland Reise Tipps\" \/>\n<meta property=\"og:description\" content=\"Gemeinsam die gr\u00fcne Insel Irland entdecken. Wir haben ausgew\u00e4hlte Veranstaltungen, Unterk\u00fcnfte und Touren mit den Highlights Irlands zusammengestellt.\" \/>\n<meta property=\"og:url\" content=\"https:\/\/irland-reise-tipps.de\/de\/unterkunft\/hotels-im-county-sligo\/strandhill-lodge-and-suites\/\" \/>\n<meta property=\"og:site_name\" content=\"Irland Reise Tipps\" \/>\n<meta property=\"article:modified_time\" content=\"2013-05-15T08:30:40+00:00\" \/>\n<meta property=\"og:image\" content=\"http:\/\/irland-reise-tipps.de\/de\/wp-content\/uploads\/2013\/05\/K1024_front-of-sls-150x150.jpg\" \/>\n<meta name=\"twitter:label1\" content=\"Gesch\u00e4tzte Lesezeit\" \/>\n\t<meta name=\"twitter:data1\" content=\"2\u00a0Minuten\" \/>\n<script type=\"application\/ld+json\" class=\"yoast-schema-graph\">{\"@context\":\"https:\/\/schema.org\",\"@graph\":[{\"@type\":\"WebPage\",\"@id\":\"https:\/\/irland-reise-tipps.de\/de\/unterkunft\/hotels-im-county-sligo\/strandhill-lodge-and-suites\/\",\"url\":\"https:\/\/irland-reise-tipps.de\/de\/unterkunft\/hotels-im-county-sligo\/strandhill-lodge-and-suites\/\",\"name\":\"Strandhill Lodge and Suites - Irland Reise Tipps\",\"isPartOf\":{\"@id\":\"https:\/\/irland-reise-tipps.de\/de\/#website\"},\"datePublished\":\"2013-05-15T08:04:03+00:00\",\"dateModified\":\"2013-05-15T08:30:40+00:00\",\"description\":\"Gemeinsam die gr\u00fcne Insel Irland entdecken. Wir haben ausgew\u00e4hlte Veranstaltungen, Unterk\u00fcnfte und Touren mit den Highlights Irlands zusammengestellt.\",\"breadcrumb\":{\"@id\":\"https:\/\/irland-reise-tipps.de\/de\/unterkunft\/hotels-im-county-sligo\/strandhill-lodge-and-suites\/#breadcrumb\"},\"inLanguage\":\"de\",\"potentialAction\":[{\"@type\":\"ReadAction\",\"target\":[\"https:\/\/irland-reise-tipps.de\/de\/unterkunft\/hotels-im-county-sligo\/strandhill-lodge-and-suites\/\"]}]},{\"@type\":\"BreadcrumbList\",\"@id\":\"https:\/\/irland-reise-tipps.de\/de\/unterkunft\/hotels-im-county-sligo\/strandhill-lodge-and-suites\/#breadcrumb\",\"itemListElement\":[{\"@type\":\"ListItem\",\"position\":1,\"name\":\"Home\",\"item\":\"https:\/\/irland-reise-tipps.de\/de\/\"},{\"@type\":\"ListItem\",\"position\":2,\"name\":\"Unterkunft\",\"item\":\"https:\/\/irland-reise-tipps.de\/de\/unterkunft\/\"},{\"@type\":\"ListItem\",\"position\":3,\"name\":\"Hotels im County Sligo\",\"item\":\"https:\/\/irland-reise-tipps.de\/de\/unterkunft\/hotels-im-county-sligo\/\"},{\"@type\":\"ListItem\",\"position\":4,\"name\":\"Strandhill Lodge and Suites\"}]},{\"@type\":\"WebSite\",\"@id\":\"https:\/\/irland-reise-tipps.de\/de\/#website\",\"url\":\"https:\/\/irland-reise-tipps.de\/de\/\",\"name\":\"Irland Reise Tipps\",\"description\":\"Gemeinsam die gr\u00fcne Insel entdecken\",\"potentialAction\":[{\"@type\":\"SearchAction\",\"target\":{\"@type\":\"EntryPoint\",\"urlTemplate\":\"https:\/\/irland-reise-tipps.de\/de\/?s={search_term_string}\"},\"query-input\":\"required name=search_term_string\"}],\"inLanguage\":\"de\"}]}<\/script>\n<!-- \/ Yoast SEO plugin. -->","yoast_head_json":{"title":"Strandhill Lodge and Suites - Irland Reise Tipps","description":"Gemeinsam die gr\u00fcne Insel Irland entdecken. Wir haben ausgew\u00e4hlte Veranstaltungen, Unterk\u00fcnfte und Touren mit den Highlights Irlands zusammengestellt.","robots":{"index":"index","follow":"follow","max-snippet":"max-snippet:-1","max-image-preview":"max-image-preview:large","max-video-preview":"max-video-preview:-1"},"canonical":"https:\/\/irland-reise-tipps.de\/de\/unterkunft\/hotels-im-county-sligo\/strandhill-lodge-and-suites\/","og_locale":"de_DE","og_type":"article","og_title":"Strandhill Lodge and Suites - Irland Reise Tipps","og_description":"Gemeinsam die gr\u00fcne Insel Irland entdecken. Wir haben ausgew\u00e4hlte Veranstaltungen, Unterk\u00fcnfte und Touren mit den Highlights Irlands zusammengestellt.","og_url":"https:\/\/irland-reise-tipps.de\/de\/unterkunft\/hotels-im-county-sligo\/strandhill-lodge-and-suites\/","og_site_name":"Irland Reise Tipps","article_modified_time":"2013-05-15T08:30:40+00:00","og_image":[{"url":"http:\/\/irland-reise-tipps.de\/de\/wp-content\/uploads\/2013\/05\/K1024_front-of-sls-150x150.jpg"}],"twitter_misc":{"Gesch\u00e4tzte Lesezeit":"2\u00a0Minuten"},"schema":{"@context":"https:\/\/schema.org","@graph":[{"@type":"WebPage","@id":"https:\/\/irland-reise-tipps.de\/de\/unterkunft\/hotels-im-county-sligo\/strandhill-lodge-and-suites\/","url":"https:\/\/irland-reise-tipps.de\/de\/unterkunft\/hotels-im-county-sligo\/strandhill-lodge-and-suites\/","name":"Strandhill Lodge and Suites - Irland Reise Tipps","isPartOf":{"@id":"https:\/\/irland-reise-tipps.de\/de\/#website"},"datePublished":"2013-05-15T08:04:03+00:00","dateModified":"2013-05-15T08:30:40+00:00","description":"Gemeinsam die gr\u00fcne Insel Irland entdecken. Wir haben ausgew\u00e4hlte Veranstaltungen, Unterk\u00fcnfte und Touren mit den Highlights Irlands zusammengestellt.","breadcrumb":{"@id":"https:\/\/irland-reise-tipps.de\/de\/unterkunft\/hotels-im-county-sligo\/strandhill-lodge-and-suites\/#breadcrumb"},"inLanguage":"de","potentialAction":[{"@type":"ReadAction","target":["https:\/\/irland-reise-tipps.de\/de\/unterkunft\/hotels-im-county-sligo\/strandhill-lodge-and-suites\/"]}]},{"@type":"BreadcrumbList","@id":"https:\/\/irland-reise-tipps.de\/de\/unterkunft\/hotels-im-county-sligo\/strandhill-lodge-and-suites\/#breadcrumb","itemListElement":[{"@type":"ListItem","position":1,"name":"Home","item":"https:\/\/irland-reise-tipps.de\/de\/"},{"@type":"ListItem","position":2,"name":"Unterkunft","item":"https:\/\/irland-reise-tipps.de\/de\/unterkunft\/"},{"@type":"ListItem","position":3,"name":"Hotels im County Sligo","item":"https:\/\/irland-reise-tipps.de\/de\/unterkunft\/hotels-im-county-sligo\/"},{"@type":"ListItem","position":4,"name":"Strandhill Lodge and Suites"}]},{"@type":"WebSite","@id":"https:\/\/irland-reise-tipps.de\/de\/#website","url":"https:\/\/irland-reise-tipps.de\/de\/","name":"Irland Reise Tipps","description":"Gemeinsam die gr\u00fcne Insel entdecken","potentialAction":[{"@type":"SearchAction","target":{"@type":"EntryPoint","urlTemplate":"https:\/\/irland-reise-tipps.de\/de\/?s={search_term_string}"},"query-input":"required name=search_term_string"}],"inLanguage":"de"}]}},"_links":{"self":[{"href":"https:\/\/irland-reise-tipps.de\/de\/wp-json\/wp\/v2\/pages\/2840","targetHints":{"allow":["GET"]}}],"collection":[{"href":"https:\/\/irland-reise-tipps.de\/de\/wp-json\/wp\/v2\/pages"}],"about":[{"href":"https:\/\/irland-reise-tipps.de\/de\/wp-json\/wp\/v2\/types\/page"}],"author":[{"embeddable":true,"href":"https:\/\/irland-reise-tipps.de\/de\/wp-json\/wp\/v2\/users\/11"}],"replies":[{"embeddable":true,"href":"https:\/\/irland-reise-tipps.de\/de\/wp-json\/wp\/v2\/comments?post=2840"}],"version-history":[{"count":7,"href":"https:\/\/irland-reise-tipps.de\/de\/wp-json\/wp\/v2\/pages\/2840\/revisions"}],"predecessor-version":[{"id":2846,"href":"https:\/\/irland-reise-tipps.de\/de\/wp-json\/wp\/v2\/pages\/2840\/revisions\/2846"}],"up":[{"embeddable":true,"href":"https:\/\/irland-reise-tipps.de\/de\/wp-json\/wp\/v2\/pages\/2841"}],"wp:attachment":[{"href":"https:\/\/irland-reise-tipps.de\/de\/wp-json\/wp\/v2\/media?parent=2840"}],"curies":[{"name":"wp","href":"https:\/\/api.w.org\/{rel}","templated":true}]}}