{"id":2055,"date":"2013-03-25T14:15:39","date_gmt":"2013-03-25T13:15:39","guid":{"rendered":"http:\/\/irland-reise-tipps.de\/de\/?page_id=2055"},"modified":"2013-04-02T15:37:08","modified_gmt":"2013-04-02T13:37:08","slug":"highlights-im-county-wexford","status":"publish","type":"page","link":"https:\/\/irland-reise-tipps.de\/de\/highlights-und-sehenswuerdigkeiten\/highlights-im-county-wexford\/","title":{"rendered":"Highlights im County Wexford"},"content":{"rendered":"<p>[google-map-v3 width=&#8220;600&#8243; height=&#8220;600&#8243; zoom=&#8220;12&#8243; maptype=&#8220;roadmap&#8220; mapalign=&#8220;center&#8220; directionhint=&#8220;false&#8220; language=&#8220;default&#8220; poweredby=&#8220;false&#8220; maptypecontrol=&#8220;true&#8220; pancontrol=&#8220;true&#8220; zoomcontrol=&#8220;true&#8220; scalecontrol=&#8220;true&#8220; streetviewcontrol=&#8220;true&#8220; scrollwheelcontrol=&#8220;false&#8220; draggable=&#8220;true&#8220; tiltfourtyfive=&#8220;false&#8220; addmarkermashupbubble=&#8220;false&#8220; addmarkermashupbubble=&#8220;false&#8220; addmarkerlist=&#8220;Ferrycarrig, Irland{}forest2.png{}#http:\/\/irland-reise-tipps.de\/de\/highlights\/inhp\/ Irish National Heritage Park#|Johnstown Castle Estate, Irland{}castle-2.png{}#http:\/\/irland-reise-tipps.de\/de\/highlights\/johnstown-castle\/ Johnstown Castle#&#8220; bubbleautopan=&#8220;true&#8220; showbike=&#8220;false&#8220; showtraffic=&#8220;false&#8220; showpanoramio=&#8220;false&#8220;]<\/p>\n<p>&nbsp;<\/p>\n<h4>The Irish National Heritage Park<\/h4>\n<p>Ein Besuch im Irish National Heritage Park ist ein unvergleichliches Erlebnis. Entdecken Sie auf mehreren Rundwegen durch den 14 ha gro\u00dfen Park die Vielfalt der \u00fcber 9000 Jahre alten irischen Geschichte und Tradition.<\/p>\n<p><a title=\"The Irish National Heritage Park\" href=\"http:\/\/irland-reise-tipps.de\/de\/highlights\/inhp\/\">Weitere Informationen \u203a<\/p>\n<p><\/a><\/p>\n<p>&nbsp;<\/p>\n<h4>\n<a href=\"https:\/\/irland-reise-tipps.de\/de\/wp-content\/gallery\/johnstown-castle\/k1024_johnstown-2.jpg\" title=\"\" rel=\"lightbox[singlepic879]\" >\n\t<img decoding=\"async\" class=\"ngg-singlepic ngg-left\" src=\"https:\/\/irland-reise-tipps.de\/de\/wp-content\/gallery\/cache\/879__150x150_k1024_johnstown-2.jpg\" alt=\"k1024_johnstown-2\" title=\"k1024_johnstown-2\" \/>\n<\/a>\nJohnstown Castle<\/h4>\n<p>Das Johnstown Castle, welches vom Architekten Daniel Robertson im Jahre 1840 entworfen wurde, ist ein liebevoll gestalteter Ausflugsort der zum verweilen einl\u00e4dt.<\/p>\n<p><a title=\"Johnstown Castle\" href=\"http:\/\/irland-reise-tipps.de\/de\/highlights\/johnstown-castle\/\">Weitere Informationen \u203a<\/p>\n<p><\/a><\/p>\n","protected":false},"excerpt":{"rendered":"<p>[google-map-v3 width=&#8220;600&#8243; height=&#8220;600&#8243; zoom=&#8220;12&#8243; maptype=&#8220;roadmap&#8220; mapalign=&#8220;center&#8220; directionhint=&#8220;false&#8220; language=&#8220;default&#8220; poweredby=&#8220;false&#8220; maptypecontrol=&#8220;true&#8220; pancontrol=&#8220;true&#8220; zoomcontrol=&#8220;true&#8220; scalecontrol=&#8220;true&#8220; streetviewcontrol=&#8220;true&#8220; scrollwheelcontrol=&#8220;false&#8220; draggable=&#8220;true&#8220; tiltfourtyfive=&#8220;false&#8220; addmarkermashupbubble=&#8220;false&#8220; addmarkermashupbubble=&#8220;false&#8220; addmarkerlist=&#8220;Ferrycarrig, Irland{}forest2.png{}#http:\/\/irland-reise-tipps.de\/de\/highlights\/inhp\/ Irish National Heritage Park#|Johnstown Castle Estate, Irland{}castle-2.png{}#http:\/\/irland-reise-tipps.de\/de\/highlights\/johnstown-castle\/ Johnstown Castle#&#8220; bubbleautopan=&#8220;true&#8220; showbike=&#8220;false&#8220; showtraffic=&#8220;false&#8220; showpanoramio=&#8220;false&#8220;] &nbsp; The Irish National Heritage Park<span class=\"ellipsis\">&hellip;<\/span><\/p>\n<div class=\"read-more\"><a href=\"https:\/\/irland-reise-tipps.de\/de\/highlights-und-sehenswuerdigkeiten\/highlights-im-county-wexford\/\">Weiterlesen &#8250;<\/a><\/div>\n<p><!-- end of .read-more --><\/p>\n","protected":false},"author":6,"featured_media":0,"parent":20,"menu_order":4,"comment_status":"closed","ping_status":"closed","template":"","meta":{"footnotes":""},"class_list":["post-2055","page","type-page","status-publish","hentry"],"yoast_head":"<!-- This site is optimized with the Yoast SEO plugin v21.2 - https:\/\/yoast.com\/wordpress\/plugins\/seo\/ -->\n<title>Highlights im County Wexford - Irland Reise Tipps<\/title>\n<meta name=\"description\" content=\"Gemeinsam die gr\u00fcne Insel Irland entdecken. Wir haben ausgew\u00e4hlte Veranstaltungen, Unterk\u00fcnfte und Touren mit den Highlights Irlands zusammengestellt.\" \/>\n<meta name=\"robots\" content=\"index, follow, max-snippet:-1, max-image-preview:large, max-video-preview:-1\" \/>\n<link rel=\"canonical\" href=\"https:\/\/irland-reise-tipps.de\/de\/highlights-und-sehenswuerdigkeiten\/highlights-im-county-wexford\/\" \/>\n<meta property=\"og:locale\" content=\"de_DE\" \/>\n<meta property=\"og:type\" content=\"article\" \/>\n<meta property=\"og:title\" content=\"Highlights im County Wexford - Irland Reise Tipps\" \/>\n<meta property=\"og:description\" content=\"Gemeinsam die gr\u00fcne Insel Irland entdecken. Wir haben ausgew\u00e4hlte Veranstaltungen, Unterk\u00fcnfte und Touren mit den Highlights Irlands zusammengestellt.\" \/>\n<meta property=\"og:url\" content=\"https:\/\/irland-reise-tipps.de\/de\/highlights-und-sehenswuerdigkeiten\/highlights-im-county-wexford\/\" \/>\n<meta property=\"og:site_name\" content=\"Irland Reise Tipps\" \/>\n<meta property=\"article:modified_time\" content=\"2013-04-02T13:37:08+00:00\" \/>\n<meta name=\"twitter:label1\" content=\"Gesch\u00e4tzte Lesezeit\" \/>\n\t<meta name=\"twitter:data1\" content=\"1\u00a0Minute\" \/>\n<script type=\"application\/ld+json\" class=\"yoast-schema-graph\">{\"@context\":\"https:\/\/schema.org\",\"@graph\":[{\"@type\":\"WebPage\",\"@id\":\"https:\/\/irland-reise-tipps.de\/de\/highlights-und-sehenswuerdigkeiten\/highlights-im-county-wexford\/\",\"url\":\"https:\/\/irland-reise-tipps.de\/de\/highlights-und-sehenswuerdigkeiten\/highlights-im-county-wexford\/\",\"name\":\"Highlights im County Wexford - Irland Reise Tipps\",\"isPartOf\":{\"@id\":\"https:\/\/irland-reise-tipps.de\/de\/#website\"},\"datePublished\":\"2013-03-25T13:15:39+00:00\",\"dateModified\":\"2013-04-02T13:37:08+00:00\",\"description\":\"Gemeinsam die gr\u00fcne Insel Irland entdecken. Wir haben ausgew\u00e4hlte Veranstaltungen, Unterk\u00fcnfte und Touren mit den Highlights Irlands zusammengestellt.\",\"breadcrumb\":{\"@id\":\"https:\/\/irland-reise-tipps.de\/de\/highlights-und-sehenswuerdigkeiten\/highlights-im-county-wexford\/#breadcrumb\"},\"inLanguage\":\"de\",\"potentialAction\":[{\"@type\":\"ReadAction\",\"target\":[\"https:\/\/irland-reise-tipps.de\/de\/highlights-und-sehenswuerdigkeiten\/highlights-im-county-wexford\/\"]}]},{\"@type\":\"BreadcrumbList\",\"@id\":\"https:\/\/irland-reise-tipps.de\/de\/highlights-und-sehenswuerdigkeiten\/highlights-im-county-wexford\/#breadcrumb\",\"itemListElement\":[{\"@type\":\"ListItem\",\"position\":1,\"name\":\"Home\",\"item\":\"https:\/\/irland-reise-tipps.de\/de\/\"},{\"@type\":\"ListItem\",\"position\":2,\"name\":\"Highlights\",\"item\":\"https:\/\/irland-reise-tipps.de\/de\/highlights-und-sehenswuerdigkeiten\/\"},{\"@type\":\"ListItem\",\"position\":3,\"name\":\"Highlights im County Wexford\"}]},{\"@type\":\"WebSite\",\"@id\":\"https:\/\/irland-reise-tipps.de\/de\/#website\",\"url\":\"https:\/\/irland-reise-tipps.de\/de\/\",\"name\":\"Irland Reise Tipps\",\"description\":\"Gemeinsam die gr\u00fcne Insel entdecken\",\"potentialAction\":[{\"@type\":\"SearchAction\",\"target\":{\"@type\":\"EntryPoint\",\"urlTemplate\":\"https:\/\/irland-reise-tipps.de\/de\/?s={search_term_string}\"},\"query-input\":\"required name=search_term_string\"}],\"inLanguage\":\"de\"}]}<\/script>\n<!-- \/ Yoast SEO plugin. -->","yoast_head_json":{"title":"Highlights im County Wexford - Irland Reise Tipps","description":"Gemeinsam die gr\u00fcne Insel Irland entdecken. Wir haben ausgew\u00e4hlte Veranstaltungen, Unterk\u00fcnfte und Touren mit den Highlights Irlands zusammengestellt.","robots":{"index":"index","follow":"follow","max-snippet":"max-snippet:-1","max-image-preview":"max-image-preview:large","max-video-preview":"max-video-preview:-1"},"canonical":"https:\/\/irland-reise-tipps.de\/de\/highlights-und-sehenswuerdigkeiten\/highlights-im-county-wexford\/","og_locale":"de_DE","og_type":"article","og_title":"Highlights im County Wexford - Irland Reise Tipps","og_description":"Gemeinsam die gr\u00fcne Insel Irland entdecken. Wir haben ausgew\u00e4hlte Veranstaltungen, Unterk\u00fcnfte und Touren mit den Highlights Irlands zusammengestellt.","og_url":"https:\/\/irland-reise-tipps.de\/de\/highlights-und-sehenswuerdigkeiten\/highlights-im-county-wexford\/","og_site_name":"Irland Reise Tipps","article_modified_time":"2013-04-02T13:37:08+00:00","twitter_misc":{"Gesch\u00e4tzte Lesezeit":"1\u00a0Minute"},"schema":{"@context":"https:\/\/schema.org","@graph":[{"@type":"WebPage","@id":"https:\/\/irland-reise-tipps.de\/de\/highlights-und-sehenswuerdigkeiten\/highlights-im-county-wexford\/","url":"https:\/\/irland-reise-tipps.de\/de\/highlights-und-sehenswuerdigkeiten\/highlights-im-county-wexford\/","name":"Highlights im County Wexford - Irland Reise Tipps","isPartOf":{"@id":"https:\/\/irland-reise-tipps.de\/de\/#website"},"datePublished":"2013-03-25T13:15:39+00:00","dateModified":"2013-04-02T13:37:08+00:00","description":"Gemeinsam die gr\u00fcne Insel Irland entdecken. Wir haben ausgew\u00e4hlte Veranstaltungen, Unterk\u00fcnfte und Touren mit den Highlights Irlands zusammengestellt.","breadcrumb":{"@id":"https:\/\/irland-reise-tipps.de\/de\/highlights-und-sehenswuerdigkeiten\/highlights-im-county-wexford\/#breadcrumb"},"inLanguage":"de","potentialAction":[{"@type":"ReadAction","target":["https:\/\/irland-reise-tipps.de\/de\/highlights-und-sehenswuerdigkeiten\/highlights-im-county-wexford\/"]}]},{"@type":"BreadcrumbList","@id":"https:\/\/irland-reise-tipps.de\/de\/highlights-und-sehenswuerdigkeiten\/highlights-im-county-wexford\/#breadcrumb","itemListElement":[{"@type":"ListItem","position":1,"name":"Home","item":"https:\/\/irland-reise-tipps.de\/de\/"},{"@type":"ListItem","position":2,"name":"Highlights","item":"https:\/\/irland-reise-tipps.de\/de\/highlights-und-sehenswuerdigkeiten\/"},{"@type":"ListItem","position":3,"name":"Highlights im County Wexford"}]},{"@type":"WebSite","@id":"https:\/\/irland-reise-tipps.de\/de\/#website","url":"https:\/\/irland-reise-tipps.de\/de\/","name":"Irland Reise Tipps","description":"Gemeinsam die gr\u00fcne Insel entdecken","potentialAction":[{"@type":"SearchAction","target":{"@type":"EntryPoint","urlTemplate":"https:\/\/irland-reise-tipps.de\/de\/?s={search_term_string}"},"query-input":"required name=search_term_string"}],"inLanguage":"de"}]}},"_links":{"self":[{"href":"https:\/\/irland-reise-tipps.de\/de\/wp-json\/wp\/v2\/pages\/2055","targetHints":{"allow":["GET"]}}],"collection":[{"href":"https:\/\/irland-reise-tipps.de\/de\/wp-json\/wp\/v2\/pages"}],"about":[{"href":"https:\/\/irland-reise-tipps.de\/de\/wp-json\/wp\/v2\/types\/page"}],"author":[{"embeddable":true,"href":"https:\/\/irland-reise-tipps.de\/de\/wp-json\/wp\/v2\/users\/6"}],"replies":[{"embeddable":true,"href":"https:\/\/irland-reise-tipps.de\/de\/wp-json\/wp\/v2\/comments?post=2055"}],"version-history":[{"count":3,"href":"https:\/\/irland-reise-tipps.de\/de\/wp-json\/wp\/v2\/pages\/2055\/revisions"}],"predecessor-version":[{"id":2246,"href":"https:\/\/irland-reise-tipps.de\/de\/wp-json\/wp\/v2\/pages\/2055\/revisions\/2246"}],"up":[{"embeddable":true,"href":"https:\/\/irland-reise-tipps.de\/de\/wp-json\/wp\/v2\/pages\/20"}],"wp:attachment":[{"href":"https:\/\/irland-reise-tipps.de\/de\/wp-json\/wp\/v2\/media?parent=2055"}],"curies":[{"name":"wp","href":"https:\/\/api.w.org\/{rel}","templated":true}]}}