{"id":2053,"date":"2013-03-25T14:14:22","date_gmt":"2013-03-25T13:14:22","guid":{"rendered":"http:\/\/irland-reise-tipps.de\/de\/?page_id=2053"},"modified":"2013-04-02T15:21:12","modified_gmt":"2013-04-02T13:21:12","slug":"highlights-im-county-wicklow","status":"publish","type":"page","link":"https:\/\/irland-reise-tipps.de\/de\/highlights-und-sehenswuerdigkeiten\/highlights-im-county-wicklow\/","title":{"rendered":"Highlights im County Wicklow"},"content":{"rendered":"<p>[google-map-v3 width=&#8220;600&#8243; height=&#8220;600&#8243; zoom=&#8220;12&#8243; maptype=&#8220;roadmap&#8220; mapalign=&#8220;center&#8220; directionhint=&#8220;false&#8220; language=&#8220;default&#8220; poweredby=&#8220;false&#8220; maptypecontrol=&#8220;true&#8220; pancontrol=&#8220;true&#8220; zoomcontrol=&#8220;true&#8220; scalecontrol=&#8220;true&#8220; streetviewcontrol=&#8220;true&#8220; scrollwheelcontrol=&#8220;false&#8220; draggable=&#8220;true&#8220; tiltfourtyfive=&#8220;false&#8220; addmarkermashupbubble=&#8220;false&#8220; addmarkermashupbubble=&#8220;false&#8220; addmarkerlist=&#8220;Russborough, Blessington, Irland{}castle-2.png{}#http:\/\/irland-reise-tipps.de\/de\/highlights\/russborough-house\/ Russborough House#|Southern Cross, Bray, Irland{}castle-2.png{}#http:\/\/irland-reise-tipps.de\/de\/highlights\/kilruddery\/ Kilruddery House &amp; Garden#|Glendalough, Irland{}glacier-2.png{}#http:\/\/irland-reise-tipps.de\/de\/highlights\/glendalough\/ \u200e Glendalough#|Powerscourt Estate, Enniskerry, Irland{}butterfly-2.png{}#http:\/\/irland-reise-tipps.de\/de\/highlights\/powerscourt\/ Powerscourt House &amp; Gardens#&#8220; bubbleautopan=&#8220;true&#8220; showbike=&#8220;false&#8220; showtraffic=&#8220;false&#8220; showpanoramio=&#8220;false&#8220;]<\/p>\n<p>&nbsp;<\/p>\n<h4>Russborough House &amp; Gardens<\/h4>\n<p>Russborough ist eine atemberaubende Palladio-Villa mit Blick auf einige der sch\u00f6nsten Aussichten in Irland. 1741wurde es von Richard Cassels entwickelt, der Bau dauerte 10 Jahre , welches als &#8222;eines der sch\u00f6nsten H\u00e4user in Irland&#8220; beschrieben wird. (Bruce Arnold, The Irish Times, 1997) Mit den Wicklow Bergen und den Blessington Seen, die nur einen Steinwurf entfernt sind, befinden sie sich in einer idyllische Umgebung.<\/p>\n<p><a title=\"Russborough House\" href=\"http:\/\/irland-reise-tipps.de\/de\/highlights\/russborough-house\/\">Weitere Informationen\u00a0\u203a<\/p>\n<p>&nbsp;<\/p>\n<p><\/a><\/p>\n<h4>\n<a href=\"https:\/\/irland-reise-tipps.de\/de\/wp-content\/gallery\/kilruddery-hg\/k1024_kilruddery-2.jpg\" title=\"\" rel=\"lightbox[singlepic877]\" >\n\t<img decoding=\"async\" class=\"ngg-singlepic ngg-left\" src=\"https:\/\/irland-reise-tipps.de\/de\/wp-content\/gallery\/cache\/877__150x150_k1024_kilruddery-2.jpg\" alt=\"k1024_kilruddery-2\" title=\"k1024_kilruddery-2\" \/>\n<\/a>\nKilruddery House &amp; Gardens<\/h4>\n<p>Willkommen in Killruddery!<\/p>\n<p>Killruddery ist seit 1618 die Heimat der Brabazon Familie; den Grafen von Meath. Es wird oft als ein wunderbarer Ort beschrieben, an dem man dem Alltag entfliehen kann. Am Rande der irischen Hauptstadt, dort wo Dublin und Wicklow aufeinandertreffen, haben Sie die Moeglichkeit ein verstecktes Juwel zu entdecken.<\/p>\n<p><a title=\"Kilruddery House &amp; Garden\" href=\"http:\/\/irland-reise-tipps.de\/de\/highlights\/kilruddery\/\">Weitere Informationen\u00a0\u203a<\/p>\n<p>&nbsp;<\/p>\n<p><\/a><\/p>\n<h4>[Bild nicht gefunden]Glendalough<\/h4>\n<p>Glendalough ist ein Tal in den irischen Wicklow Mountains, etwa 40\u00a0km s\u00fcdlich von Dublin gelegen. Es ist bekannt f\u00fcr seine Klostersiedlung \u2013 eine der ber\u00fchmtesten der Insel Irland \u2013 am unteren der beiden Seen.<\/p>\n<p><a title=\"Glendalough\" href=\"http:\/\/irland-reise-tipps.de\/de\/highlights\/glendalough\/\">Weitere Informationen\u00a0\u203a<\/p>\n<p>&nbsp;<\/p>\n<p><\/a><\/p>\n<h4>\n<a href=\"https:\/\/irland-reise-tipps.de\/de\/wp-content\/gallery\/county_wicklow\/large_the_sitting_men_powerscourt_gardens.jpg\" title=\"\" rel=\"lightbox[singlepic348]\" >\n\t<img decoding=\"async\" class=\"ngg-singlepic ngg-left\" src=\"https:\/\/irland-reise-tipps.de\/de\/wp-content\/gallery\/cache\/348__150x150_large_the_sitting_men_powerscourt_gardens.jpg\" alt=\"large_the_sitting_men_powerscourt_gardens\" title=\"large_the_sitting_men_powerscourt_gardens\" \/>\n<\/a>\nPowerscourt House &amp; Gardens<\/h4>\n<p>Die Powerscourt Gardens gelten als eine der sch\u00f6nsten Anlagen ihrer Art in Irland und bedecken rund 190.000 m\u00b2.<\/p>\n<p><a title=\"Powerscourt House &amp; Gardens\" href=\"http:\/\/irland-reise-tipps.de\/de\/highlights\/powerscourt\/\">Weitere Informationen\u00a0\u203a<\/p>\n<p><\/a><\/p>\n","protected":false},"excerpt":{"rendered":"<p>[google-map-v3 width=&#8220;600&#8243; height=&#8220;600&#8243; zoom=&#8220;12&#8243; maptype=&#8220;roadmap&#8220; mapalign=&#8220;center&#8220; directionhint=&#8220;false&#8220; language=&#8220;default&#8220; poweredby=&#8220;false&#8220; maptypecontrol=&#8220;true&#8220; pancontrol=&#8220;true&#8220; zoomcontrol=&#8220;true&#8220; scalecontrol=&#8220;true&#8220; streetviewcontrol=&#8220;true&#8220; scrollwheelcontrol=&#8220;false&#8220; draggable=&#8220;true&#8220; tiltfourtyfive=&#8220;false&#8220; addmarkermashupbubble=&#8220;false&#8220; addmarkermashupbubble=&#8220;false&#8220; addmarkerlist=&#8220;Russborough, Blessington, Irland{}castle-2.png{}#http:\/\/irland-reise-tipps.de\/de\/highlights\/russborough-house\/ Russborough House#|Southern Cross, Bray, Irland{}castle-2.png{}#http:\/\/irland-reise-tipps.de\/de\/highlights\/kilruddery\/ Kilruddery House &amp; Garden#|Glendalough, Irland{}glacier-2.png{}#http:\/\/irland-reise-tipps.de\/de\/highlights\/glendalough\/ \u200e Glendalough#|Powerscourt Estate, Enniskerry, Irland{}butterfly-2.png{}#http:\/\/irland-reise-tipps.de\/de\/highlights\/powerscourt\/ Powerscourt House &amp;<span class=\"ellipsis\">&hellip;<\/span><\/p>\n<div class=\"read-more\"><a href=\"https:\/\/irland-reise-tipps.de\/de\/highlights-und-sehenswuerdigkeiten\/highlights-im-county-wicklow\/\">Weiterlesen &#8250;<\/a><\/div>\n<p><!-- end of .read-more --><\/p>\n","protected":false},"author":6,"featured_media":0,"parent":20,"menu_order":4,"comment_status":"closed","ping_status":"closed","template":"","meta":{"footnotes":""},"class_list":["post-2053","page","type-page","status-publish","hentry"],"yoast_head":"<!-- This site is optimized with the Yoast SEO plugin v21.2 - https:\/\/yoast.com\/wordpress\/plugins\/seo\/ -->\n<title>Highlights im County Wicklow - Irland Reise Tipps<\/title>\n<meta name=\"description\" content=\"Gemeinsam die gr\u00fcne Insel Irland entdecken. Wir haben ausgew\u00e4hlte Veranstaltungen, Unterk\u00fcnfte und Touren mit den Highlights Irlands zusammengestellt.\" \/>\n<meta name=\"robots\" content=\"index, follow, max-snippet:-1, max-image-preview:large, max-video-preview:-1\" \/>\n<link rel=\"canonical\" href=\"https:\/\/irland-reise-tipps.de\/de\/highlights-und-sehenswuerdigkeiten\/highlights-im-county-wicklow\/\" \/>\n<meta property=\"og:locale\" content=\"de_DE\" \/>\n<meta property=\"og:type\" content=\"article\" \/>\n<meta property=\"og:title\" content=\"Highlights im County Wicklow - Irland Reise Tipps\" \/>\n<meta property=\"og:description\" content=\"Gemeinsam die gr\u00fcne Insel Irland entdecken. Wir haben ausgew\u00e4hlte Veranstaltungen, Unterk\u00fcnfte und Touren mit den Highlights Irlands zusammengestellt.\" \/>\n<meta property=\"og:url\" content=\"https:\/\/irland-reise-tipps.de\/de\/highlights-und-sehenswuerdigkeiten\/highlights-im-county-wicklow\/\" \/>\n<meta property=\"og:site_name\" content=\"Irland Reise Tipps\" \/>\n<meta property=\"article:modified_time\" content=\"2013-04-02T13:21:12+00:00\" \/>\n<meta name=\"twitter:label1\" content=\"Gesch\u00e4tzte Lesezeit\" \/>\n\t<meta name=\"twitter:data1\" content=\"2\u00a0Minuten\" \/>\n<script type=\"application\/ld+json\" class=\"yoast-schema-graph\">{\"@context\":\"https:\/\/schema.org\",\"@graph\":[{\"@type\":\"WebPage\",\"@id\":\"https:\/\/irland-reise-tipps.de\/de\/highlights-und-sehenswuerdigkeiten\/highlights-im-county-wicklow\/\",\"url\":\"https:\/\/irland-reise-tipps.de\/de\/highlights-und-sehenswuerdigkeiten\/highlights-im-county-wicklow\/\",\"name\":\"Highlights im County Wicklow - Irland Reise Tipps\",\"isPartOf\":{\"@id\":\"https:\/\/irland-reise-tipps.de\/de\/#website\"},\"datePublished\":\"2013-03-25T13:14:22+00:00\",\"dateModified\":\"2013-04-02T13:21:12+00:00\",\"description\":\"Gemeinsam die gr\u00fcne Insel Irland entdecken. Wir haben ausgew\u00e4hlte Veranstaltungen, Unterk\u00fcnfte und Touren mit den Highlights Irlands zusammengestellt.\",\"breadcrumb\":{\"@id\":\"https:\/\/irland-reise-tipps.de\/de\/highlights-und-sehenswuerdigkeiten\/highlights-im-county-wicklow\/#breadcrumb\"},\"inLanguage\":\"de\",\"potentialAction\":[{\"@type\":\"ReadAction\",\"target\":[\"https:\/\/irland-reise-tipps.de\/de\/highlights-und-sehenswuerdigkeiten\/highlights-im-county-wicklow\/\"]}]},{\"@type\":\"BreadcrumbList\",\"@id\":\"https:\/\/irland-reise-tipps.de\/de\/highlights-und-sehenswuerdigkeiten\/highlights-im-county-wicklow\/#breadcrumb\",\"itemListElement\":[{\"@type\":\"ListItem\",\"position\":1,\"name\":\"Home\",\"item\":\"https:\/\/irland-reise-tipps.de\/de\/\"},{\"@type\":\"ListItem\",\"position\":2,\"name\":\"Highlights\",\"item\":\"https:\/\/irland-reise-tipps.de\/de\/highlights-und-sehenswuerdigkeiten\/\"},{\"@type\":\"ListItem\",\"position\":3,\"name\":\"Highlights im County Wicklow\"}]},{\"@type\":\"WebSite\",\"@id\":\"https:\/\/irland-reise-tipps.de\/de\/#website\",\"url\":\"https:\/\/irland-reise-tipps.de\/de\/\",\"name\":\"Irland Reise Tipps\",\"description\":\"Gemeinsam die gr\u00fcne Insel entdecken\",\"potentialAction\":[{\"@type\":\"SearchAction\",\"target\":{\"@type\":\"EntryPoint\",\"urlTemplate\":\"https:\/\/irland-reise-tipps.de\/de\/?s={search_term_string}\"},\"query-input\":\"required name=search_term_string\"}],\"inLanguage\":\"de\"}]}<\/script>\n<!-- \/ Yoast SEO plugin. -->","yoast_head_json":{"title":"Highlights im County Wicklow - Irland Reise Tipps","description":"Gemeinsam die gr\u00fcne Insel Irland entdecken. Wir haben ausgew\u00e4hlte Veranstaltungen, Unterk\u00fcnfte und Touren mit den Highlights Irlands zusammengestellt.","robots":{"index":"index","follow":"follow","max-snippet":"max-snippet:-1","max-image-preview":"max-image-preview:large","max-video-preview":"max-video-preview:-1"},"canonical":"https:\/\/irland-reise-tipps.de\/de\/highlights-und-sehenswuerdigkeiten\/highlights-im-county-wicklow\/","og_locale":"de_DE","og_type":"article","og_title":"Highlights im County Wicklow - Irland Reise Tipps","og_description":"Gemeinsam die gr\u00fcne Insel Irland entdecken. Wir haben ausgew\u00e4hlte Veranstaltungen, Unterk\u00fcnfte und Touren mit den Highlights Irlands zusammengestellt.","og_url":"https:\/\/irland-reise-tipps.de\/de\/highlights-und-sehenswuerdigkeiten\/highlights-im-county-wicklow\/","og_site_name":"Irland Reise Tipps","article_modified_time":"2013-04-02T13:21:12+00:00","twitter_misc":{"Gesch\u00e4tzte Lesezeit":"2\u00a0Minuten"},"schema":{"@context":"https:\/\/schema.org","@graph":[{"@type":"WebPage","@id":"https:\/\/irland-reise-tipps.de\/de\/highlights-und-sehenswuerdigkeiten\/highlights-im-county-wicklow\/","url":"https:\/\/irland-reise-tipps.de\/de\/highlights-und-sehenswuerdigkeiten\/highlights-im-county-wicklow\/","name":"Highlights im County Wicklow - Irland Reise Tipps","isPartOf":{"@id":"https:\/\/irland-reise-tipps.de\/de\/#website"},"datePublished":"2013-03-25T13:14:22+00:00","dateModified":"2013-04-02T13:21:12+00:00","description":"Gemeinsam die gr\u00fcne Insel Irland entdecken. Wir haben ausgew\u00e4hlte Veranstaltungen, Unterk\u00fcnfte und Touren mit den Highlights Irlands zusammengestellt.","breadcrumb":{"@id":"https:\/\/irland-reise-tipps.de\/de\/highlights-und-sehenswuerdigkeiten\/highlights-im-county-wicklow\/#breadcrumb"},"inLanguage":"de","potentialAction":[{"@type":"ReadAction","target":["https:\/\/irland-reise-tipps.de\/de\/highlights-und-sehenswuerdigkeiten\/highlights-im-county-wicklow\/"]}]},{"@type":"BreadcrumbList","@id":"https:\/\/irland-reise-tipps.de\/de\/highlights-und-sehenswuerdigkeiten\/highlights-im-county-wicklow\/#breadcrumb","itemListElement":[{"@type":"ListItem","position":1,"name":"Home","item":"https:\/\/irland-reise-tipps.de\/de\/"},{"@type":"ListItem","position":2,"name":"Highlights","item":"https:\/\/irland-reise-tipps.de\/de\/highlights-und-sehenswuerdigkeiten\/"},{"@type":"ListItem","position":3,"name":"Highlights im County Wicklow"}]},{"@type":"WebSite","@id":"https:\/\/irland-reise-tipps.de\/de\/#website","url":"https:\/\/irland-reise-tipps.de\/de\/","name":"Irland Reise Tipps","description":"Gemeinsam die gr\u00fcne Insel entdecken","potentialAction":[{"@type":"SearchAction","target":{"@type":"EntryPoint","urlTemplate":"https:\/\/irland-reise-tipps.de\/de\/?s={search_term_string}"},"query-input":"required name=search_term_string"}],"inLanguage":"de"}]}},"_links":{"self":[{"href":"https:\/\/irland-reise-tipps.de\/de\/wp-json\/wp\/v2\/pages\/2053","targetHints":{"allow":["GET"]}}],"collection":[{"href":"https:\/\/irland-reise-tipps.de\/de\/wp-json\/wp\/v2\/pages"}],"about":[{"href":"https:\/\/irland-reise-tipps.de\/de\/wp-json\/wp\/v2\/types\/page"}],"author":[{"embeddable":true,"href":"https:\/\/irland-reise-tipps.de\/de\/wp-json\/wp\/v2\/users\/6"}],"replies":[{"embeddable":true,"href":"https:\/\/irland-reise-tipps.de\/de\/wp-json\/wp\/v2\/comments?post=2053"}],"version-history":[{"count":3,"href":"https:\/\/irland-reise-tipps.de\/de\/wp-json\/wp\/v2\/pages\/2053\/revisions"}],"predecessor-version":[{"id":2243,"href":"https:\/\/irland-reise-tipps.de\/de\/wp-json\/wp\/v2\/pages\/2053\/revisions\/2243"}],"up":[{"embeddable":true,"href":"https:\/\/irland-reise-tipps.de\/de\/wp-json\/wp\/v2\/pages\/20"}],"wp:attachment":[{"href":"https:\/\/irland-reise-tipps.de\/de\/wp-json\/wp\/v2\/media?parent=2053"}],"curies":[{"name":"wp","href":"https:\/\/api.w.org\/{rel}","templated":true}]}}