{"id":2043,"date":"2013-03-25T14:09:27","date_gmt":"2013-03-25T13:09:27","guid":{"rendered":"http:\/\/irland-reise-tipps.de\/de\/?page_id=2043"},"modified":"2013-04-02T12:35:13","modified_gmt":"2013-04-02T10:35:13","slug":"highlights-im-county-offal","status":"publish","type":"page","link":"https:\/\/irland-reise-tipps.de\/de\/highlights-und-sehenswuerdigkeiten\/highlights-im-county-offal\/","title":{"rendered":"Highlights im County Offaly"},"content":{"rendered":"<p>[google-map-v3 width=&#8220;600&#8243; height=&#8220;600&#8243; zoom=&#8220;12&#8243; maptype=&#8220;roadmap&#8220; mapalign=&#8220;center&#8220; directionhint=&#8220;false&#8220; language=&#8220;default&#8220; poweredby=&#8220;false&#8220; maptypecontrol=&#8220;true&#8220; pancontrol=&#8220;true&#8220; zoomcontrol=&#8220;true&#8220; scalecontrol=&#8220;true&#8220; streetviewcontrol=&#8220;true&#8220; scrollwheelcontrol=&#8220;false&#8220; draggable=&#8220;true&#8220; tiltfourtyfive=&#8220;false&#8220; addmarkermashupbubble=&#8220;false&#8220; addmarkermashupbubble=&#8220;false&#8220; addmarkerlist=&#8220;Birr, Ireland{}castle-2.png{}#http:\/\/irland-reise-tipps.de\/de\/highlights\/birr-castle-demesne\/ Birr Castle Demesne#|Shannonbridge, Athlone, Irland{}chapel-2.png{}#http:\/\/irland-reise-tipps.de\/de\/highlights\/clonmacnoise\/ Clonmacnoise#&#8220; bubbleautopan=&#8220;true&#8220; showbike=&#8220;false&#8220; showtraffic=&#8220;false&#8220; showpanoramio=&#8220;false&#8220;]<\/p>\n<p>&nbsp;<\/p>\n<h4>\n<a href=\"https:\/\/irland-reise-tipps.de\/de\/wp-content\/gallery\/clonmacnoise\/k1024_clonmacnoise-2.jpg\" title=\"\" rel=\"lightbox[singlepic912]\" >\n\t<img decoding=\"async\" class=\"ngg-singlepic ngg-left\" src=\"https:\/\/irland-reise-tipps.de\/de\/wp-content\/gallery\/cache\/912__150x150_k1024_clonmacnoise-2.jpg\" alt=\"k1024_clonmacnoise-2\" title=\"k1024_clonmacnoise-2\" \/>\n<\/a>\nClonmacnoise<\/h4>\n<p>Clonmacnoise ist ein fr\u00fchchristliches Kloster, das Mitte des 6. Jahrhunderts von dem irischen Heiligen St. Ciar\u00e1n am \u00f6stlichen Ufer des Flusses Shannon gegr\u00fcndet wurde. Die Anlage umfasst die Ruinen einer Kathedrale, sieben Kirchen (10. \u0096 13. Jahrhundert), zwei Rundt\u00fcrme, drei Hochkreuze und die gr\u00f6\u00dfte Sammlung fr\u00fchchristlicher Grabplatten in Westeuropa.<\/p>\n<p><a title=\"Clonmacnoise\" href=\"http:\/\/irland-reise-tipps.de\/de\/highlights\/clonmacnoise\/\">Weitere Informationen \u203a<\/p>\n<p><\/a><\/p>\n<p>&nbsp;<\/p>\n<h4>\n<a href=\"https:\/\/irland-reise-tipps.de\/de\/wp-content\/gallery\/birr-castle\/k1024_birr-castle-2.jpg\" title=\"\" rel=\"lightbox[singlepic895]\" >\n\t<img decoding=\"async\" class=\"ngg-singlepic ngg-left\" src=\"https:\/\/irland-reise-tipps.de\/de\/wp-content\/gallery\/cache\/895__150x150_k1024_birr-castle-2.jpg\" alt=\"k1024_birr-castle-2\" title=\"k1024_birr-castle-2\" \/>\n<\/a>\nBirr Castle<\/h4>\n<p>Das Birr Castle bietet mit seinen Attraktionen besonders f\u00fcr Familien einen sch\u00f6nen Ausflugspunkt.<\/p>\n<p><a title=\"Birr Castle Demesne\" href=\"http:\/\/irland-reise-tipps.de\/de\/highlights\/birr-castle-demesne\/\">Weitere Informationen \u203a<\/p>\n<p><\/a><\/p>\n<p>&nbsp;<\/p>\n","protected":false},"excerpt":{"rendered":"<p>[google-map-v3 width=&#8220;600&#8243; height=&#8220;600&#8243; zoom=&#8220;12&#8243; maptype=&#8220;roadmap&#8220; mapalign=&#8220;center&#8220; directionhint=&#8220;false&#8220; language=&#8220;default&#8220; poweredby=&#8220;false&#8220; maptypecontrol=&#8220;true&#8220; pancontrol=&#8220;true&#8220; zoomcontrol=&#8220;true&#8220; scalecontrol=&#8220;true&#8220; streetviewcontrol=&#8220;true&#8220; scrollwheelcontrol=&#8220;false&#8220; draggable=&#8220;true&#8220; tiltfourtyfive=&#8220;false&#8220; addmarkermashupbubble=&#8220;false&#8220; addmarkermashupbubble=&#8220;false&#8220; addmarkerlist=&#8220;Birr, Ireland{}castle-2.png{}#http:\/\/irland-reise-tipps.de\/de\/highlights\/birr-castle-demesne\/ Birr Castle Demesne#|Shannonbridge, Athlone, Irland{}chapel-2.png{}#http:\/\/irland-reise-tipps.de\/de\/highlights\/clonmacnoise\/ Clonmacnoise#&#8220; bubbleautopan=&#8220;true&#8220; showbike=&#8220;false&#8220; showtraffic=&#8220;false&#8220; showpanoramio=&#8220;false&#8220;] &nbsp; Clonmacnoise Clonmacnoise ist ein fr\u00fchchristliches Kloster, das Mitte<span class=\"ellipsis\">&hellip;<\/span><\/p>\n<div class=\"read-more\"><a href=\"https:\/\/irland-reise-tipps.de\/de\/highlights-und-sehenswuerdigkeiten\/highlights-im-county-offal\/\">Weiterlesen &#8250;<\/a><\/div>\n<p><!-- end of .read-more --><\/p>\n","protected":false},"author":6,"featured_media":0,"parent":20,"menu_order":4,"comment_status":"closed","ping_status":"closed","template":"","meta":{"footnotes":""},"class_list":["post-2043","page","type-page","status-publish","hentry"],"yoast_head":"<!-- This site is optimized with the Yoast SEO plugin v21.2 - https:\/\/yoast.com\/wordpress\/plugins\/seo\/ -->\n<title>Highlights im County Offaly - Irland Reise Tipps<\/title>\n<meta name=\"description\" content=\"Gemeinsam die gr\u00fcne Insel Irland entdecken. Wir haben ausgew\u00e4hlte Veranstaltungen, Unterk\u00fcnfte und Touren mit den Highlights Irlands zusammengestellt.\" \/>\n<meta name=\"robots\" content=\"index, follow, max-snippet:-1, max-image-preview:large, max-video-preview:-1\" \/>\n<link rel=\"canonical\" href=\"https:\/\/irland-reise-tipps.de\/de\/highlights-und-sehenswuerdigkeiten\/highlights-im-county-offal\/\" \/>\n<meta property=\"og:locale\" content=\"de_DE\" \/>\n<meta property=\"og:type\" content=\"article\" \/>\n<meta property=\"og:title\" content=\"Highlights im County Offaly - Irland Reise Tipps\" \/>\n<meta property=\"og:description\" content=\"Gemeinsam die gr\u00fcne Insel Irland entdecken. Wir haben ausgew\u00e4hlte Veranstaltungen, Unterk\u00fcnfte und Touren mit den Highlights Irlands zusammengestellt.\" \/>\n<meta property=\"og:url\" content=\"https:\/\/irland-reise-tipps.de\/de\/highlights-und-sehenswuerdigkeiten\/highlights-im-county-offal\/\" \/>\n<meta property=\"og:site_name\" content=\"Irland Reise Tipps\" \/>\n<meta property=\"article:modified_time\" content=\"2013-04-02T10:35:13+00:00\" \/>\n<meta name=\"twitter:label1\" content=\"Gesch\u00e4tzte Lesezeit\" \/>\n\t<meta name=\"twitter:data1\" content=\"1\u00a0Minute\" \/>\n<script type=\"application\/ld+json\" class=\"yoast-schema-graph\">{\"@context\":\"https:\/\/schema.org\",\"@graph\":[{\"@type\":\"WebPage\",\"@id\":\"https:\/\/irland-reise-tipps.de\/de\/highlights-und-sehenswuerdigkeiten\/highlights-im-county-offal\/\",\"url\":\"https:\/\/irland-reise-tipps.de\/de\/highlights-und-sehenswuerdigkeiten\/highlights-im-county-offal\/\",\"name\":\"Highlights im County Offaly - Irland Reise Tipps\",\"isPartOf\":{\"@id\":\"https:\/\/irland-reise-tipps.de\/de\/#website\"},\"datePublished\":\"2013-03-25T13:09:27+00:00\",\"dateModified\":\"2013-04-02T10:35:13+00:00\",\"description\":\"Gemeinsam die gr\u00fcne Insel Irland entdecken. Wir haben ausgew\u00e4hlte Veranstaltungen, Unterk\u00fcnfte und Touren mit den Highlights Irlands zusammengestellt.\",\"breadcrumb\":{\"@id\":\"https:\/\/irland-reise-tipps.de\/de\/highlights-und-sehenswuerdigkeiten\/highlights-im-county-offal\/#breadcrumb\"},\"inLanguage\":\"de\",\"potentialAction\":[{\"@type\":\"ReadAction\",\"target\":[\"https:\/\/irland-reise-tipps.de\/de\/highlights-und-sehenswuerdigkeiten\/highlights-im-county-offal\/\"]}]},{\"@type\":\"BreadcrumbList\",\"@id\":\"https:\/\/irland-reise-tipps.de\/de\/highlights-und-sehenswuerdigkeiten\/highlights-im-county-offal\/#breadcrumb\",\"itemListElement\":[{\"@type\":\"ListItem\",\"position\":1,\"name\":\"Home\",\"item\":\"https:\/\/irland-reise-tipps.de\/de\/\"},{\"@type\":\"ListItem\",\"position\":2,\"name\":\"Highlights\",\"item\":\"https:\/\/irland-reise-tipps.de\/de\/highlights-und-sehenswuerdigkeiten\/\"},{\"@type\":\"ListItem\",\"position\":3,\"name\":\"Highlights im County Offaly\"}]},{\"@type\":\"WebSite\",\"@id\":\"https:\/\/irland-reise-tipps.de\/de\/#website\",\"url\":\"https:\/\/irland-reise-tipps.de\/de\/\",\"name\":\"Irland Reise Tipps\",\"description\":\"Gemeinsam die gr\u00fcne Insel entdecken\",\"potentialAction\":[{\"@type\":\"SearchAction\",\"target\":{\"@type\":\"EntryPoint\",\"urlTemplate\":\"https:\/\/irland-reise-tipps.de\/de\/?s={search_term_string}\"},\"query-input\":\"required name=search_term_string\"}],\"inLanguage\":\"de\"}]}<\/script>\n<!-- \/ Yoast SEO plugin. -->","yoast_head_json":{"title":"Highlights im County Offaly - Irland Reise Tipps","description":"Gemeinsam die gr\u00fcne Insel Irland entdecken. Wir haben ausgew\u00e4hlte Veranstaltungen, Unterk\u00fcnfte und Touren mit den Highlights Irlands zusammengestellt.","robots":{"index":"index","follow":"follow","max-snippet":"max-snippet:-1","max-image-preview":"max-image-preview:large","max-video-preview":"max-video-preview:-1"},"canonical":"https:\/\/irland-reise-tipps.de\/de\/highlights-und-sehenswuerdigkeiten\/highlights-im-county-offal\/","og_locale":"de_DE","og_type":"article","og_title":"Highlights im County Offaly - Irland Reise Tipps","og_description":"Gemeinsam die gr\u00fcne Insel Irland entdecken. Wir haben ausgew\u00e4hlte Veranstaltungen, Unterk\u00fcnfte und Touren mit den Highlights Irlands zusammengestellt.","og_url":"https:\/\/irland-reise-tipps.de\/de\/highlights-und-sehenswuerdigkeiten\/highlights-im-county-offal\/","og_site_name":"Irland Reise Tipps","article_modified_time":"2013-04-02T10:35:13+00:00","twitter_misc":{"Gesch\u00e4tzte Lesezeit":"1\u00a0Minute"},"schema":{"@context":"https:\/\/schema.org","@graph":[{"@type":"WebPage","@id":"https:\/\/irland-reise-tipps.de\/de\/highlights-und-sehenswuerdigkeiten\/highlights-im-county-offal\/","url":"https:\/\/irland-reise-tipps.de\/de\/highlights-und-sehenswuerdigkeiten\/highlights-im-county-offal\/","name":"Highlights im County Offaly - Irland Reise Tipps","isPartOf":{"@id":"https:\/\/irland-reise-tipps.de\/de\/#website"},"datePublished":"2013-03-25T13:09:27+00:00","dateModified":"2013-04-02T10:35:13+00:00","description":"Gemeinsam die gr\u00fcne Insel Irland entdecken. Wir haben ausgew\u00e4hlte Veranstaltungen, Unterk\u00fcnfte und Touren mit den Highlights Irlands zusammengestellt.","breadcrumb":{"@id":"https:\/\/irland-reise-tipps.de\/de\/highlights-und-sehenswuerdigkeiten\/highlights-im-county-offal\/#breadcrumb"},"inLanguage":"de","potentialAction":[{"@type":"ReadAction","target":["https:\/\/irland-reise-tipps.de\/de\/highlights-und-sehenswuerdigkeiten\/highlights-im-county-offal\/"]}]},{"@type":"BreadcrumbList","@id":"https:\/\/irland-reise-tipps.de\/de\/highlights-und-sehenswuerdigkeiten\/highlights-im-county-offal\/#breadcrumb","itemListElement":[{"@type":"ListItem","position":1,"name":"Home","item":"https:\/\/irland-reise-tipps.de\/de\/"},{"@type":"ListItem","position":2,"name":"Highlights","item":"https:\/\/irland-reise-tipps.de\/de\/highlights-und-sehenswuerdigkeiten\/"},{"@type":"ListItem","position":3,"name":"Highlights im County Offaly"}]},{"@type":"WebSite","@id":"https:\/\/irland-reise-tipps.de\/de\/#website","url":"https:\/\/irland-reise-tipps.de\/de\/","name":"Irland Reise Tipps","description":"Gemeinsam die gr\u00fcne Insel entdecken","potentialAction":[{"@type":"SearchAction","target":{"@type":"EntryPoint","urlTemplate":"https:\/\/irland-reise-tipps.de\/de\/?s={search_term_string}"},"query-input":"required name=search_term_string"}],"inLanguage":"de"}]}},"_links":{"self":[{"href":"https:\/\/irland-reise-tipps.de\/de\/wp-json\/wp\/v2\/pages\/2043","targetHints":{"allow":["GET"]}}],"collection":[{"href":"https:\/\/irland-reise-tipps.de\/de\/wp-json\/wp\/v2\/pages"}],"about":[{"href":"https:\/\/irland-reise-tipps.de\/de\/wp-json\/wp\/v2\/types\/page"}],"author":[{"embeddable":true,"href":"https:\/\/irland-reise-tipps.de\/de\/wp-json\/wp\/v2\/users\/6"}],"replies":[{"embeddable":true,"href":"https:\/\/irland-reise-tipps.de\/de\/wp-json\/wp\/v2\/comments?post=2043"}],"version-history":[{"count":3,"href":"https:\/\/irland-reise-tipps.de\/de\/wp-json\/wp\/v2\/pages\/2043\/revisions"}],"predecessor-version":[{"id":2238,"href":"https:\/\/irland-reise-tipps.de\/de\/wp-json\/wp\/v2\/pages\/2043\/revisions\/2238"}],"up":[{"embeddable":true,"href":"https:\/\/irland-reise-tipps.de\/de\/wp-json\/wp\/v2\/pages\/20"}],"wp:attachment":[{"href":"https:\/\/irland-reise-tipps.de\/de\/wp-json\/wp\/v2\/media?parent=2043"}],"curies":[{"name":"wp","href":"https:\/\/api.w.org\/{rel}","templated":true}]}}