{"id":2041,"date":"2013-03-25T14:08:53","date_gmt":"2013-03-25T13:08:53","guid":{"rendered":"http:\/\/irland-reise-tipps.de\/de\/?page_id=2041"},"modified":"2013-05-06T12:39:28","modified_gmt":"2013-05-06T10:39:28","slug":"highlights-im-county-mayo","status":"publish","type":"page","link":"https:\/\/irland-reise-tipps.de\/de\/highlights-und-sehenswuerdigkeiten\/highlights-im-county-mayo\/","title":{"rendered":"Highlights im County Mayo"},"content":{"rendered":"<p>&nbsp;<\/p>\n<h4>Cong Abbey<\/h4>\n<p>Cong Abbey , ein im 12. Jahrhundert gegr\u00fcndetes Augustinerkloster,welches heute in Ruinen liegt kann besichtigt werden.<\/p>\n<p>&nbsp;<\/p>\n<p><a title=\"Cong Abbey\" href=\"http:\/\/irland-reise-tipps.de\/de\/highlights\/highlights-in-mayo\/cong-abbey\/\">Weitere Informationen \u203a<\/a><\/p>\n<p>&nbsp;<\/p>\n<h4>Westport House &amp; Gardens \n<a href=\"https:\/\/irland-reise-tipps.de\/de\/wp-content\/gallery\/wetport-house-garden\/k1024_house.jpg\" title=\"\" rel=\"lightbox[singlepic972]\" >\n\t<img decoding=\"async\" class=\"ngg-singlepic ngg-left\" src=\"https:\/\/irland-reise-tipps.de\/de\/wp-content\/gallery\/cache\/972__150x150_k1024_house.jpg\" alt=\"k1024_house\" title=\"k1024_house\" \/>\n<\/a>\n<\/h4>\n<p>Willkommen im Westport House &amp; Garden!<\/p>\n<p>Das Westport House &amp; Gardens ist 1960 er\u00f6ffnet worden im sch\u00f6nen County Mayo.<br \/>\n\u00dcber 300 Jahre war es das zu Hause der Familie Browne.<br \/>\nDie Geschichte geht zur\u00fcck bis zur Piraten K\u00f6nigin Grace O\u2019Mally.<br \/>\nSie werden sehen, dieses Haus hat eine beeindruckende Geschichte zu erz\u00e4hlen.<\/p>\n<p><a title=\"Westport House &amp; Garden\" href=\"http:\/\/irland-reise-tipps.de\/de\/highlights\/highlights-in-mayo\/westport-house\/\">Weitere Informationen \u203a<\/p>\n<p>&nbsp;<\/p>\n<p><\/a><\/p>\n","protected":false},"excerpt":{"rendered":"<p>&nbsp; Cong Abbey Cong Abbey , ein im 12. Jahrhundert gegr\u00fcndetes Augustinerkloster,welches heute in Ruinen liegt kann besichtigt werden. &nbsp; Weitere Informationen \u203a &nbsp; Westport House &amp; Gardens Willkommen im Westport House &amp; Garden! Das Westport House &amp; Gardens ist<span class=\"ellipsis\">&hellip;<\/span><\/p>\n<div class=\"read-more\"><a href=\"https:\/\/irland-reise-tipps.de\/de\/highlights-und-sehenswuerdigkeiten\/highlights-im-county-mayo\/\">Weiterlesen &#8250;<\/a><\/div>\n<p><!-- end of .read-more --><\/p>\n","protected":false},"author":6,"featured_media":0,"parent":20,"menu_order":4,"comment_status":"closed","ping_status":"closed","template":"","meta":{"footnotes":""},"class_list":["post-2041","page","type-page","status-publish","hentry"],"yoast_head":"<!-- This site is optimized with the Yoast SEO plugin v21.2 - https:\/\/yoast.com\/wordpress\/plugins\/seo\/ -->\n<title>Highlights im County Mayo - Irland Reise Tipps<\/title>\n<meta name=\"description\" content=\"Gemeinsam die gr\u00fcne Insel Irland entdecken. Wir haben ausgew\u00e4hlte Veranstaltungen, Unterk\u00fcnfte und Touren mit den Highlights Irlands zusammengestellt.\" \/>\n<meta name=\"robots\" content=\"index, follow, max-snippet:-1, max-image-preview:large, max-video-preview:-1\" \/>\n<link rel=\"canonical\" href=\"https:\/\/irland-reise-tipps.de\/de\/highlights-und-sehenswuerdigkeiten\/highlights-im-county-mayo\/\" \/>\n<meta property=\"og:locale\" content=\"de_DE\" \/>\n<meta property=\"og:type\" content=\"article\" \/>\n<meta property=\"og:title\" content=\"Highlights im County Mayo - Irland Reise Tipps\" \/>\n<meta property=\"og:description\" content=\"Gemeinsam die gr\u00fcne Insel Irland entdecken. Wir haben ausgew\u00e4hlte Veranstaltungen, Unterk\u00fcnfte und Touren mit den Highlights Irlands zusammengestellt.\" \/>\n<meta property=\"og:url\" content=\"https:\/\/irland-reise-tipps.de\/de\/highlights-und-sehenswuerdigkeiten\/highlights-im-county-mayo\/\" \/>\n<meta property=\"og:site_name\" content=\"Irland Reise Tipps\" \/>\n<meta property=\"article:modified_time\" content=\"2013-05-06T10:39:28+00:00\" \/>\n<script type=\"application\/ld+json\" class=\"yoast-schema-graph\">{\"@context\":\"https:\/\/schema.org\",\"@graph\":[{\"@type\":\"WebPage\",\"@id\":\"https:\/\/irland-reise-tipps.de\/de\/highlights-und-sehenswuerdigkeiten\/highlights-im-county-mayo\/\",\"url\":\"https:\/\/irland-reise-tipps.de\/de\/highlights-und-sehenswuerdigkeiten\/highlights-im-county-mayo\/\",\"name\":\"Highlights im County Mayo - Irland Reise Tipps\",\"isPartOf\":{\"@id\":\"https:\/\/irland-reise-tipps.de\/de\/#website\"},\"datePublished\":\"2013-03-25T13:08:53+00:00\",\"dateModified\":\"2013-05-06T10:39:28+00:00\",\"description\":\"Gemeinsam die gr\u00fcne Insel Irland entdecken. Wir haben ausgew\u00e4hlte Veranstaltungen, Unterk\u00fcnfte und Touren mit den Highlights Irlands zusammengestellt.\",\"breadcrumb\":{\"@id\":\"https:\/\/irland-reise-tipps.de\/de\/highlights-und-sehenswuerdigkeiten\/highlights-im-county-mayo\/#breadcrumb\"},\"inLanguage\":\"de\",\"potentialAction\":[{\"@type\":\"ReadAction\",\"target\":[\"https:\/\/irland-reise-tipps.de\/de\/highlights-und-sehenswuerdigkeiten\/highlights-im-county-mayo\/\"]}]},{\"@type\":\"BreadcrumbList\",\"@id\":\"https:\/\/irland-reise-tipps.de\/de\/highlights-und-sehenswuerdigkeiten\/highlights-im-county-mayo\/#breadcrumb\",\"itemListElement\":[{\"@type\":\"ListItem\",\"position\":1,\"name\":\"Home\",\"item\":\"https:\/\/irland-reise-tipps.de\/de\/\"},{\"@type\":\"ListItem\",\"position\":2,\"name\":\"Highlights\",\"item\":\"https:\/\/irland-reise-tipps.de\/de\/highlights-und-sehenswuerdigkeiten\/\"},{\"@type\":\"ListItem\",\"position\":3,\"name\":\"Highlights im County Mayo\"}]},{\"@type\":\"WebSite\",\"@id\":\"https:\/\/irland-reise-tipps.de\/de\/#website\",\"url\":\"https:\/\/irland-reise-tipps.de\/de\/\",\"name\":\"Irland Reise Tipps\",\"description\":\"Gemeinsam die gr\u00fcne Insel entdecken\",\"potentialAction\":[{\"@type\":\"SearchAction\",\"target\":{\"@type\":\"EntryPoint\",\"urlTemplate\":\"https:\/\/irland-reise-tipps.de\/de\/?s={search_term_string}\"},\"query-input\":\"required name=search_term_string\"}],\"inLanguage\":\"de\"}]}<\/script>\n<!-- \/ Yoast SEO plugin. -->","yoast_head_json":{"title":"Highlights im County Mayo - Irland Reise Tipps","description":"Gemeinsam die gr\u00fcne Insel Irland entdecken. Wir haben ausgew\u00e4hlte Veranstaltungen, Unterk\u00fcnfte und Touren mit den Highlights Irlands zusammengestellt.","robots":{"index":"index","follow":"follow","max-snippet":"max-snippet:-1","max-image-preview":"max-image-preview:large","max-video-preview":"max-video-preview:-1"},"canonical":"https:\/\/irland-reise-tipps.de\/de\/highlights-und-sehenswuerdigkeiten\/highlights-im-county-mayo\/","og_locale":"de_DE","og_type":"article","og_title":"Highlights im County Mayo - Irland Reise Tipps","og_description":"Gemeinsam die gr\u00fcne Insel Irland entdecken. Wir haben ausgew\u00e4hlte Veranstaltungen, Unterk\u00fcnfte und Touren mit den Highlights Irlands zusammengestellt.","og_url":"https:\/\/irland-reise-tipps.de\/de\/highlights-und-sehenswuerdigkeiten\/highlights-im-county-mayo\/","og_site_name":"Irland Reise Tipps","article_modified_time":"2013-05-06T10:39:28+00:00","schema":{"@context":"https:\/\/schema.org","@graph":[{"@type":"WebPage","@id":"https:\/\/irland-reise-tipps.de\/de\/highlights-und-sehenswuerdigkeiten\/highlights-im-county-mayo\/","url":"https:\/\/irland-reise-tipps.de\/de\/highlights-und-sehenswuerdigkeiten\/highlights-im-county-mayo\/","name":"Highlights im County Mayo - Irland Reise Tipps","isPartOf":{"@id":"https:\/\/irland-reise-tipps.de\/de\/#website"},"datePublished":"2013-03-25T13:08:53+00:00","dateModified":"2013-05-06T10:39:28+00:00","description":"Gemeinsam die gr\u00fcne Insel Irland entdecken. Wir haben ausgew\u00e4hlte Veranstaltungen, Unterk\u00fcnfte und Touren mit den Highlights Irlands zusammengestellt.","breadcrumb":{"@id":"https:\/\/irland-reise-tipps.de\/de\/highlights-und-sehenswuerdigkeiten\/highlights-im-county-mayo\/#breadcrumb"},"inLanguage":"de","potentialAction":[{"@type":"ReadAction","target":["https:\/\/irland-reise-tipps.de\/de\/highlights-und-sehenswuerdigkeiten\/highlights-im-county-mayo\/"]}]},{"@type":"BreadcrumbList","@id":"https:\/\/irland-reise-tipps.de\/de\/highlights-und-sehenswuerdigkeiten\/highlights-im-county-mayo\/#breadcrumb","itemListElement":[{"@type":"ListItem","position":1,"name":"Home","item":"https:\/\/irland-reise-tipps.de\/de\/"},{"@type":"ListItem","position":2,"name":"Highlights","item":"https:\/\/irland-reise-tipps.de\/de\/highlights-und-sehenswuerdigkeiten\/"},{"@type":"ListItem","position":3,"name":"Highlights im County Mayo"}]},{"@type":"WebSite","@id":"https:\/\/irland-reise-tipps.de\/de\/#website","url":"https:\/\/irland-reise-tipps.de\/de\/","name":"Irland Reise Tipps","description":"Gemeinsam die gr\u00fcne Insel entdecken","potentialAction":[{"@type":"SearchAction","target":{"@type":"EntryPoint","urlTemplate":"https:\/\/irland-reise-tipps.de\/de\/?s={search_term_string}"},"query-input":"required name=search_term_string"}],"inLanguage":"de"}]}},"_links":{"self":[{"href":"https:\/\/irland-reise-tipps.de\/de\/wp-json\/wp\/v2\/pages\/2041","targetHints":{"allow":["GET"]}}],"collection":[{"href":"https:\/\/irland-reise-tipps.de\/de\/wp-json\/wp\/v2\/pages"}],"about":[{"href":"https:\/\/irland-reise-tipps.de\/de\/wp-json\/wp\/v2\/types\/page"}],"author":[{"embeddable":true,"href":"https:\/\/irland-reise-tipps.de\/de\/wp-json\/wp\/v2\/users\/6"}],"replies":[{"embeddable":true,"href":"https:\/\/irland-reise-tipps.de\/de\/wp-json\/wp\/v2\/comments?post=2041"}],"version-history":[{"count":3,"href":"https:\/\/irland-reise-tipps.de\/de\/wp-json\/wp\/v2\/pages\/2041\/revisions"}],"predecessor-version":[{"id":2766,"href":"https:\/\/irland-reise-tipps.de\/de\/wp-json\/wp\/v2\/pages\/2041\/revisions\/2766"}],"up":[{"embeddable":true,"href":"https:\/\/irland-reise-tipps.de\/de\/wp-json\/wp\/v2\/pages\/20"}],"wp:attachment":[{"href":"https:\/\/irland-reise-tipps.de\/de\/wp-json\/wp\/v2\/media?parent=2041"}],"curies":[{"name":"wp","href":"https:\/\/api.w.org\/{rel}","templated":true}]}}