{"id":2017,"date":"2013-03-25T13:58:27","date_gmt":"2013-03-25T12:58:27","guid":{"rendered":"http:\/\/irland-reise-tipps.de\/de\/?page_id=2017"},"modified":"2013-04-02T11:46:37","modified_gmt":"2013-04-02T09:46:37","slug":"highlights-im-county-galway","status":"publish","type":"page","link":"https:\/\/irland-reise-tipps.de\/de\/highlights-und-sehenswuerdigkeiten\/highlights-im-county-galway\/","title":{"rendered":"Highlights im County Galway"},"content":{"rendered":"<p>[google-map-v3 width=&#8220;600&#8243; height=&#8220;600&#8243; zoom=&#8220;12&#8243; maptype=&#8220;roadmap&#8220; mapalign=&#8220;center&#8220; directionhint=&#8220;false&#8220; language=&#8220;default&#8220; poweredby=&#8220;false&#8220; maptypecontrol=&#8220;true&#8220; pancontrol=&#8220;true&#8220; zoomcontrol=&#8220;true&#8220; scalecontrol=&#8220;true&#8220; streetviewcontrol=&#8220;true&#8220; scrollwheelcontrol=&#8220;false&#8220; draggable=&#8220;true&#8220; tiltfourtyfive=&#8220;false&#8220; addmarkermashupbubble=&#8220;false&#8220; addmarkermashupbubble=&#8220;false&#8220; addmarkerlist=&#8220;Kylemore Abbey, Kylemore, Irland{}castle-2.png{}#http:\/\/irland-reise-tipps.de\/de\/highlights\/kylemore-abbey\/ Kylemore Abbey#|Connemara Nationalpark, Letterfrack, Ireland{}forest2.png{}#http:\/\/irland-reise-tipps.de\/de\/highlights\/connemara-nationalpar\/ Connemara Nationalpark#|Merlin Park, Dublin Road, Galway, Irland{}1-default.png{}#http:\/\/irland-reise-tipps.de\/de\/highlights\/galway-crystal\/ Galway Crystal#&#8220; bubbleautopan=&#8220;true&#8220; showbike=&#8220;false&#8220; showtraffic=&#8220;false&#8220; showpanoramio=&#8220;false&#8220;]<\/p>\n<h4>\n<a href=\"https:\/\/irland-reise-tipps.de\/de\/wp-content\/gallery\/kylemore-abbey\/k1024_kylemore-abbey.jpg\" title=\"\" rel=\"lightbox[singlepic899]\" >\n\t<img decoding=\"async\" class=\"ngg-singlepic ngg-left\" src=\"https:\/\/irland-reise-tipps.de\/de\/wp-content\/gallery\/cache\/899__150x150_k1024_kylemore-abbey.jpg\" alt=\"k1024_kylemore-abbey\" title=\"k1024_kylemore-abbey\" \/>\n<\/a>\nKylemore Abbey<\/h4>\n<p>Kylemore Abbey ist die \u00e4lteste Irische Benediktinerinnenabtei.<\/p>\n<p>&nbsp;<\/p>\n<p><a title=\"Kylemore Abbey\" href=\"http:\/\/irland-reise-tipps.de\/de\/highlights\/kylemore-abbey\/\">Weitere Informationen \u203a<\/p>\n<p><\/a><\/p>\n<h4>\n<a href=\"https:\/\/irland-reise-tipps.de\/de\/wp-content\/gallery\/county_galway\/large_jf_galway_connemara_1109072008.jpg\" title=\"\" rel=\"lightbox[singlepic174]\" >\n\t<img decoding=\"async\" class=\"ngg-singlepic ngg-left\" src=\"https:\/\/irland-reise-tipps.de\/de\/wp-content\/gallery\/cache\/174__150x150_large_jf_galway_connemara_1109072008.jpg\" alt=\"large_jf_galway_connemara_1109072008\" title=\"large_jf_galway_connemara_1109072008\" \/>\n<\/a>\nConnemara Nationalpark<\/h4>\n<p>Im County Galway im Herzen von Westirland gelegen, umfasst der Connemara Nationalpark eine Fl\u00e4che von ungef\u00e4hr 2000 Hektar mit malerischen Bergen, weitl\u00e4ufigen Moor- und Heidelandschaften, Wiesen und W\u00e4ldern.<\/p>\n<p>&nbsp;<\/p>\n<p><a title=\"Connemara Nationalpark\" href=\"http:\/\/irland-reise-tipps.de\/de\/highlights\/connemara-nationalpar\/\">Weitere Informationen \u203a<\/p>\n<p><\/a><\/p>\n<h4>Galway Crystal<\/h4>\n<p>Besichtigen Sie eine der bekanntesten Crystal Schleifereien der Welt.<\/p>\n<p>&nbsp;<\/p>\n<p><a title=\"Galway Crystal\" href=\"http:\/\/irland-reise-tipps.de\/de\/highlights\/galway-crystal\/\">Weitere Informationen \u203a<\/p>\n<p><\/a><\/p>\n","protected":false},"excerpt":{"rendered":"<p>[google-map-v3 width=&#8220;600&#8243; height=&#8220;600&#8243; zoom=&#8220;12&#8243; maptype=&#8220;roadmap&#8220; mapalign=&#8220;center&#8220; directionhint=&#8220;false&#8220; language=&#8220;default&#8220; poweredby=&#8220;false&#8220; maptypecontrol=&#8220;true&#8220; pancontrol=&#8220;true&#8220; zoomcontrol=&#8220;true&#8220; scalecontrol=&#8220;true&#8220; streetviewcontrol=&#8220;true&#8220; scrollwheelcontrol=&#8220;false&#8220; draggable=&#8220;true&#8220; tiltfourtyfive=&#8220;false&#8220; addmarkermashupbubble=&#8220;false&#8220; addmarkermashupbubble=&#8220;false&#8220; addmarkerlist=&#8220;Kylemore Abbey, Kylemore, Irland{}castle-2.png{}#http:\/\/irland-reise-tipps.de\/de\/highlights\/kylemore-abbey\/ Kylemore Abbey#|Connemara Nationalpark, Letterfrack, Ireland{}forest2.png{}#http:\/\/irland-reise-tipps.de\/de\/highlights\/connemara-nationalpar\/ Connemara Nationalpark#|Merlin Park, Dublin Road, Galway, Irland{}1-default.png{}#http:\/\/irland-reise-tipps.de\/de\/highlights\/galway-crystal\/ Galway Crystal#&#8220; bubbleautopan=&#8220;true&#8220; showbike=&#8220;false&#8220; showtraffic=&#8220;false&#8220;<span class=\"ellipsis\">&hellip;<\/span><\/p>\n<div class=\"read-more\"><a href=\"https:\/\/irland-reise-tipps.de\/de\/highlights-und-sehenswuerdigkeiten\/highlights-im-county-galway\/\">Weiterlesen &#8250;<\/a><\/div>\n<p><!-- end of .read-more --><\/p>\n","protected":false},"author":6,"featured_media":0,"parent":20,"menu_order":4,"comment_status":"closed","ping_status":"closed","template":"","meta":{"footnotes":""},"class_list":["post-2017","page","type-page","status-publish","hentry"],"yoast_head":"<!-- This site is optimized with the Yoast SEO plugin v21.2 - https:\/\/yoast.com\/wordpress\/plugins\/seo\/ -->\n<title>Highlights im County Galway - Irland Reise Tipps<\/title>\n<meta name=\"description\" content=\"Gemeinsam die gr\u00fcne Insel Irland entdecken. Wir haben ausgew\u00e4hlte Veranstaltungen, Unterk\u00fcnfte und Touren mit den Highlights Irlands zusammengestellt.\" \/>\n<meta name=\"robots\" content=\"index, follow, max-snippet:-1, max-image-preview:large, max-video-preview:-1\" \/>\n<link rel=\"canonical\" href=\"https:\/\/irland-reise-tipps.de\/de\/highlights-und-sehenswuerdigkeiten\/highlights-im-county-galway\/\" \/>\n<meta property=\"og:locale\" content=\"de_DE\" \/>\n<meta property=\"og:type\" content=\"article\" \/>\n<meta property=\"og:title\" content=\"Highlights im County Galway - Irland Reise Tipps\" \/>\n<meta property=\"og:description\" content=\"Gemeinsam die gr\u00fcne Insel Irland entdecken. Wir haben ausgew\u00e4hlte Veranstaltungen, Unterk\u00fcnfte und Touren mit den Highlights Irlands zusammengestellt.\" \/>\n<meta property=\"og:url\" content=\"https:\/\/irland-reise-tipps.de\/de\/highlights-und-sehenswuerdigkeiten\/highlights-im-county-galway\/\" \/>\n<meta property=\"og:site_name\" content=\"Irland Reise Tipps\" \/>\n<meta property=\"article:modified_time\" content=\"2013-04-02T09:46:37+00:00\" \/>\n<meta name=\"twitter:label1\" content=\"Gesch\u00e4tzte Lesezeit\" \/>\n\t<meta name=\"twitter:data1\" content=\"1\u00a0Minute\" \/>\n<script type=\"application\/ld+json\" class=\"yoast-schema-graph\">{\"@context\":\"https:\/\/schema.org\",\"@graph\":[{\"@type\":\"WebPage\",\"@id\":\"https:\/\/irland-reise-tipps.de\/de\/highlights-und-sehenswuerdigkeiten\/highlights-im-county-galway\/\",\"url\":\"https:\/\/irland-reise-tipps.de\/de\/highlights-und-sehenswuerdigkeiten\/highlights-im-county-galway\/\",\"name\":\"Highlights im County Galway - Irland Reise Tipps\",\"isPartOf\":{\"@id\":\"https:\/\/irland-reise-tipps.de\/de\/#website\"},\"datePublished\":\"2013-03-25T12:58:27+00:00\",\"dateModified\":\"2013-04-02T09:46:37+00:00\",\"description\":\"Gemeinsam die gr\u00fcne Insel Irland entdecken. Wir haben ausgew\u00e4hlte Veranstaltungen, Unterk\u00fcnfte und Touren mit den Highlights Irlands zusammengestellt.\",\"breadcrumb\":{\"@id\":\"https:\/\/irland-reise-tipps.de\/de\/highlights-und-sehenswuerdigkeiten\/highlights-im-county-galway\/#breadcrumb\"},\"inLanguage\":\"de\",\"potentialAction\":[{\"@type\":\"ReadAction\",\"target\":[\"https:\/\/irland-reise-tipps.de\/de\/highlights-und-sehenswuerdigkeiten\/highlights-im-county-galway\/\"]}]},{\"@type\":\"BreadcrumbList\",\"@id\":\"https:\/\/irland-reise-tipps.de\/de\/highlights-und-sehenswuerdigkeiten\/highlights-im-county-galway\/#breadcrumb\",\"itemListElement\":[{\"@type\":\"ListItem\",\"position\":1,\"name\":\"Home\",\"item\":\"https:\/\/irland-reise-tipps.de\/de\/\"},{\"@type\":\"ListItem\",\"position\":2,\"name\":\"Highlights\",\"item\":\"https:\/\/irland-reise-tipps.de\/de\/highlights-und-sehenswuerdigkeiten\/\"},{\"@type\":\"ListItem\",\"position\":3,\"name\":\"Highlights im County Galway\"}]},{\"@type\":\"WebSite\",\"@id\":\"https:\/\/irland-reise-tipps.de\/de\/#website\",\"url\":\"https:\/\/irland-reise-tipps.de\/de\/\",\"name\":\"Irland Reise Tipps\",\"description\":\"Gemeinsam die gr\u00fcne Insel entdecken\",\"potentialAction\":[{\"@type\":\"SearchAction\",\"target\":{\"@type\":\"EntryPoint\",\"urlTemplate\":\"https:\/\/irland-reise-tipps.de\/de\/?s={search_term_string}\"},\"query-input\":\"required name=search_term_string\"}],\"inLanguage\":\"de\"}]}<\/script>\n<!-- \/ Yoast SEO plugin. -->","yoast_head_json":{"title":"Highlights im County Galway - Irland Reise Tipps","description":"Gemeinsam die gr\u00fcne Insel Irland entdecken. Wir haben ausgew\u00e4hlte Veranstaltungen, Unterk\u00fcnfte und Touren mit den Highlights Irlands zusammengestellt.","robots":{"index":"index","follow":"follow","max-snippet":"max-snippet:-1","max-image-preview":"max-image-preview:large","max-video-preview":"max-video-preview:-1"},"canonical":"https:\/\/irland-reise-tipps.de\/de\/highlights-und-sehenswuerdigkeiten\/highlights-im-county-galway\/","og_locale":"de_DE","og_type":"article","og_title":"Highlights im County Galway - Irland Reise Tipps","og_description":"Gemeinsam die gr\u00fcne Insel Irland entdecken. Wir haben ausgew\u00e4hlte Veranstaltungen, Unterk\u00fcnfte und Touren mit den Highlights Irlands zusammengestellt.","og_url":"https:\/\/irland-reise-tipps.de\/de\/highlights-und-sehenswuerdigkeiten\/highlights-im-county-galway\/","og_site_name":"Irland Reise Tipps","article_modified_time":"2013-04-02T09:46:37+00:00","twitter_misc":{"Gesch\u00e4tzte Lesezeit":"1\u00a0Minute"},"schema":{"@context":"https:\/\/schema.org","@graph":[{"@type":"WebPage","@id":"https:\/\/irland-reise-tipps.de\/de\/highlights-und-sehenswuerdigkeiten\/highlights-im-county-galway\/","url":"https:\/\/irland-reise-tipps.de\/de\/highlights-und-sehenswuerdigkeiten\/highlights-im-county-galway\/","name":"Highlights im County Galway - Irland Reise Tipps","isPartOf":{"@id":"https:\/\/irland-reise-tipps.de\/de\/#website"},"datePublished":"2013-03-25T12:58:27+00:00","dateModified":"2013-04-02T09:46:37+00:00","description":"Gemeinsam die gr\u00fcne Insel Irland entdecken. Wir haben ausgew\u00e4hlte Veranstaltungen, Unterk\u00fcnfte und Touren mit den Highlights Irlands zusammengestellt.","breadcrumb":{"@id":"https:\/\/irland-reise-tipps.de\/de\/highlights-und-sehenswuerdigkeiten\/highlights-im-county-galway\/#breadcrumb"},"inLanguage":"de","potentialAction":[{"@type":"ReadAction","target":["https:\/\/irland-reise-tipps.de\/de\/highlights-und-sehenswuerdigkeiten\/highlights-im-county-galway\/"]}]},{"@type":"BreadcrumbList","@id":"https:\/\/irland-reise-tipps.de\/de\/highlights-und-sehenswuerdigkeiten\/highlights-im-county-galway\/#breadcrumb","itemListElement":[{"@type":"ListItem","position":1,"name":"Home","item":"https:\/\/irland-reise-tipps.de\/de\/"},{"@type":"ListItem","position":2,"name":"Highlights","item":"https:\/\/irland-reise-tipps.de\/de\/highlights-und-sehenswuerdigkeiten\/"},{"@type":"ListItem","position":3,"name":"Highlights im County Galway"}]},{"@type":"WebSite","@id":"https:\/\/irland-reise-tipps.de\/de\/#website","url":"https:\/\/irland-reise-tipps.de\/de\/","name":"Irland Reise Tipps","description":"Gemeinsam die gr\u00fcne Insel entdecken","potentialAction":[{"@type":"SearchAction","target":{"@type":"EntryPoint","urlTemplate":"https:\/\/irland-reise-tipps.de\/de\/?s={search_term_string}"},"query-input":"required name=search_term_string"}],"inLanguage":"de"}]}},"_links":{"self":[{"href":"https:\/\/irland-reise-tipps.de\/de\/wp-json\/wp\/v2\/pages\/2017","targetHints":{"allow":["GET"]}}],"collection":[{"href":"https:\/\/irland-reise-tipps.de\/de\/wp-json\/wp\/v2\/pages"}],"about":[{"href":"https:\/\/irland-reise-tipps.de\/de\/wp-json\/wp\/v2\/types\/page"}],"author":[{"embeddable":true,"href":"https:\/\/irland-reise-tipps.de\/de\/wp-json\/wp\/v2\/users\/6"}],"replies":[{"embeddable":true,"href":"https:\/\/irland-reise-tipps.de\/de\/wp-json\/wp\/v2\/comments?post=2017"}],"version-history":[{"count":3,"href":"https:\/\/irland-reise-tipps.de\/de\/wp-json\/wp\/v2\/pages\/2017\/revisions"}],"predecessor-version":[{"id":2229,"href":"https:\/\/irland-reise-tipps.de\/de\/wp-json\/wp\/v2\/pages\/2017\/revisions\/2229"}],"up":[{"embeddable":true,"href":"https:\/\/irland-reise-tipps.de\/de\/wp-json\/wp\/v2\/pages\/20"}],"wp:attachment":[{"href":"https:\/\/irland-reise-tipps.de\/de\/wp-json\/wp\/v2\/media?parent=2017"}],"curies":[{"name":"wp","href":"https:\/\/api.w.org\/{rel}","templated":true}]}}