{"id":20,"date":"2013-01-19T17:30:26","date_gmt":"2013-01-19T15:30:26","guid":{"rendered":"http:\/\/irland-reise-tipps.de\/de\/?page_id=20"},"modified":"2019-06-29T16:34:51","modified_gmt":"2019-06-29T14:34:51","slug":"highlights-und-sehenswuerdigkeiten","status":"publish","type":"page","link":"https:\/\/irland-reise-tipps.de\/de\/highlights-und-sehenswuerdigkeiten\/","title":{"rendered":"Highlights"},"content":{"rendered":"<h3>Alle Highlights im \u00dcberblick<\/h3>\n\n<h3>Highlights im County Armagh<\/h3>\n<ul class=\"lcp_catlist\"><\/ul>\n<p><a title=\"Highlights im County Armagh\" href=\"http:\/\/irland-reise-tipps.de\/de\/highlights-und-sehenswuerdigkeiten\/highlights-im-county-armag\/\">Alle Hightlights im County Armagh anzeigen \u203a<\/a><\/p>\n<h3>Highlights im County Antrim<\/h3>\n<ul class=\"lcp_catlist\"><li><a href=\"https:\/\/irland-reise-tipps.de\/de\/highlights\/highlights-in-antrim\/giants-causeway\/\" title=\"Giant's Causeway\">Giant&#8217;s Causeway<\/a> <\/li><li><a href=\"https:\/\/irland-reise-tipps.de\/de\/highlights\/highlights-in-antrim\/titanic-belfast\/\" title=\"Titanic Belfast\">Titanic Belfast<\/a> <\/li><\/ul>\n<p><a title=\"Highlights im County Antrim\" href=\"http:\/\/irland-reise-tipps.de\/de\/highlights-und-sehenswuerdigkeiten\/highlights-im-county-antrim\/\">Alle Hightlights im County Antrim anzeigen \u203a<\/a><\/p>\n<h3>Highlights im County Carlow<\/h3>\n<ul class=\"lcp_catlist\"><\/ul>\n<p><a title=\"Highlights im County Carlow\" href=\"http:\/\/irland-reise-tipps.de\/de\/highlights-und-sehenswuerdigkeiten\/highlights-im-county-carlo\/\">Alle Hightlights im County Carlow anzeigen \u203a<\/a><\/p>\n<h3>Highlights im County Cavan<\/h3>\n<ul class=\"lcp_catlist\"><li><a href=\"https:\/\/irland-reise-tipps.de\/de\/highlights\/highlights-in-cavan\/cavan-crystal\/\" title=\"Cavan Crystal\">Cavan Crystal<\/a> <\/li><\/ul>\n<p><a title=\"Highlights im County Cavan\" href=\"http:\/\/irland-reise-tipps.de\/de\/highlights-und-sehenswuerdigkeiten\/highlights-im-county-cava\/\">Alle Hightlights im County Cavan anzeigen \u203a<\/a><\/p>\n<h3>Highlights im County Cork<\/h3>\n<ul class=\"lcp_catlist\"><li><a href=\"https:\/\/irland-reise-tipps.de\/de\/highlights\/highlights-in-cork\/mizen-head\/\" title=\"Mizen Head\">Mizen Head<\/a> <\/li><li><a href=\"https:\/\/irland-reise-tipps.de\/de\/highlights\/highlights-in-cork\/garnish-island\/\" title=\"Garnish Island\">Garnish Island<\/a> <\/li><li><a href=\"https:\/\/irland-reise-tipps.de\/de\/highlights\/highlights-in-dublin\/jameson\/\" title=\"Jameson Whisky Distillery\">Jameson Whisky Distillery<\/a> <\/li><\/ul>\n<p><a title=\"Highlights im County Cork\" href=\"http:\/\/irland-reise-tipps.de\/de\/highlights-und-sehenswuerdigkeiten\/highlights-im-county-cork\/\">Alle Hightlights im County Cork anzeigen \u203a<\/a><\/p>\n<h3>Highlights im County Clare<\/h3>\n<ul class=\"lcp_catlist\"><li><a href=\"https:\/\/irland-reise-tipps.de\/de\/highlights\/highlights-in-clare\/roadside-tavern\/\" title=\"Roadside Tavern\">Roadside Tavern<\/a> <\/li><li><a href=\"https:\/\/irland-reise-tipps.de\/de\/highlights\/highlights-in-clare\/burren-smokehouse\/\" title=\"Burren Smokehouse\">Burren Smokehouse<\/a> <\/li><li><a href=\"https:\/\/irland-reise-tipps.de\/de\/highlights\/highlights-in-clare\/poulnabrone-dolmen\/\" title=\"Poulnabrone Dolmen\">Poulnabrone Dolmen<\/a> <\/li><li><a href=\"https:\/\/irland-reise-tipps.de\/de\/highlights\/highlights-in-clare\/bunratty-castle\/\" title=\"Bunratty Castle\">Bunratty Castle<\/a> <\/li><li><a href=\"https:\/\/irland-reise-tipps.de\/de\/highlights\/highlights-in-clare\/cliffs-of-moher\/\" title=\"Cliffs of Moher\">Cliffs of Moher<\/a> <\/li><\/ul>\n<p><a title=\"Highlights im County Clare\" href=\"http:\/\/irland-reise-tipps.de\/de\/highlights-und-sehenswuerdigkeiten\/highlights-im-county-clare\/\">Alle Hightlights im County Clare anzeigen \u203a<\/a><\/p>\n<h3>Highlights im County Dublin<\/h3>\n<ul class=\"lcp_catlist\"><li><a href=\"https:\/\/irland-reise-tipps.de\/de\/highlights\/highlights-in-dublin\/dublin-walking-tours\/\" title=\"Pat Liddy's Walking Tours of Dublin\">Pat Liddy&#8217;s Walking Tours of Dublin<\/a> <\/li><li><a href=\"https:\/\/irland-reise-tipps.de\/de\/highlights\/highlights-in-dublin\/st-patricks-cathedral\/\" title=\"St Patrick's Cathedral\">St Patrick&#8217;s Cathedral<\/a> <\/li><li><a href=\"https:\/\/irland-reise-tipps.de\/de\/highlights\/highlights-in-dublin\/dublin-castle\/\" title=\"Dublin Castle\">Dublin Castle<\/a> <\/li><li><a href=\"https:\/\/irland-reise-tipps.de\/de\/highlights\/highlights-in-dublin\/christchurch\/\" title=\"Christchurch\">Christchurch<\/a> <\/li><li><a href=\"https:\/\/irland-reise-tipps.de\/de\/highlights\/highlights-in-dublin\/kilmainham-goal\/\" title=\"Kilmainham Goal\">Kilmainham Goal<\/a> <\/li><li><a href=\"https:\/\/irland-reise-tipps.de\/de\/highlights\/highlights-in-dublin\/book-of-kells\/\" title=\"Book of Kells\">Book of Kells<\/a> <\/li><li><a href=\"https:\/\/irland-reise-tipps.de\/de\/highlights\/highlights-in-dublin\/jameson\/\" title=\"Jameson Whisky Distillery\">Jameson Whisky Distillery<\/a> <\/li><li><a href=\"https:\/\/irland-reise-tipps.de\/de\/highlights\/highlights-in-dublin\/guinness-storehouse\/\" title=\"Guinness Storehouse\">Guinness Storehouse<\/a> <\/li><\/ul>\n<p><a title=\"Highlights im County Dublin\" href=\"http:\/\/irland-reise-tipps.de\/de\/highlights-und-sehenswuerdigkeiten\/highlights-im-county-dublin\/\">Alle Hightlights im County Dublin anzeigen \u203a<\/a><\/p>\n<h3>Highlights im County Donegal<\/h3>\n<ul class=\"lcp_catlist\"><li><a href=\"https:\/\/irland-reise-tipps.de\/de\/highlights\/highlights-in-donegal\/glencolumbkille\/\" title=\"Glencolumbkille\">Glencolumbkille<\/a> <\/li><\/ul>\n<p><a title=\"Highlights im County Donegal\" href=\"http:\/\/irland-reise-tipps.de\/de\/highlights-und-sehenswuerdigkeiten\/highlights-im-county-donegal\/\">Alle Hightlights im County Donegal anzeigen \u203a<\/a><\/p>\n<h3>Highlights im County Down<\/h3>\n<ul class=\"lcp_catlist\"><\/ul>\n<p><a title=\"Highlights im County Down\" href=\"http:\/\/irland-reise-tipps.de\/de\/highlights-und-sehenswuerdigkeiten\/highlights-im-county-down\/\">Alle Hightlights im County Down anzeigen \u203a<\/a><\/p>\n<h3>Highlights im County Fermanagh<\/h3>\n<ul class=\"lcp_catlist\"><li><a href=\"https:\/\/irland-reise-tipps.de\/de\/highlights\/highlights-in-fermanagh\/belleek-pottery\/\" title=\"Belleek Pottery\">Belleek Pottery<\/a> <\/li><\/ul>\n<p><a title=\"Highlights im County Fermanagh\" href=\"http:\/\/irland-reise-tipps.de\/de\/highlights-und-sehenswuerdigkeiten\/highlights-im-county-fermanagh\/\">Alle Hightlights im County Fermanagh anzeigen \u203a<\/a><\/p>\n<h3>Highlights im County Galway<\/h3>\n<ul class=\"lcp_catlist\"><li><a href=\"https:\/\/irland-reise-tipps.de\/de\/highlights\/highlights-in-galway\/kylemore-abbey\/\" title=\"Kylemore Abbey\">Kylemore Abbey<\/a> <\/li><li><a href=\"https:\/\/irland-reise-tipps.de\/de\/highlights\/highlights-in-galway\/connemara-nationalpark\/\" title=\"Connemara Nationalpark\">Connemara Nationalpark<\/a> <\/li><li><a href=\"https:\/\/irland-reise-tipps.de\/de\/highlights\/highlights-in-galway\/galway-crystal\/\" title=\"Galway Crystal\">Galway Crystal<\/a> <\/li><\/ul>\n<p><a title=\"Highlights im County Galway\" href=\"http:\/\/irland-reise-tipps.de\/de\/highlights-und-sehenswuerdigkeiten\/highlights-im-county-galway\/\">Alle Hightlights im County Galway anzeigen \u203a<\/a><\/p>\n<h3>Highlights im County Kildare<\/h3>\n<ul class=\"lcp_catlist\"><\/ul>\n<p><a title=\"Highlights im County Kildare\" href=\"http:\/\/irland-reise-tipps.de\/de\/highlights-und-sehenswuerdigkeiten\/highlights-im-county-kildar\/\">Alle Hightlights im County Kildare anzeigen \u203a<\/a><\/p>\n<h3>Highlights im County Kilkenny<\/h3>\n<ul class=\"lcp_catlist\"><\/ul>\n<p><a title=\"Highlights im County Kilkenny\" href=\"http:\/\/irland-reise-tipps.de\/de\/highlights-und-sehenswuerdigkeiten\/highlights-im-county-kilkenn\/\">Alle Hightlights im County Kilkenny anzeigen \u203a<\/a><\/p>\n<h3>Highlights im County Kerry<\/h3>\n<ul class=\"lcp_catlist\"><li><a href=\"https:\/\/irland-reise-tipps.de\/de\/highlights\/highlights-in-kerry\/muckross-house\/\" title=\"Muckross House\">Muckross House<\/a> <\/li><li><a href=\"https:\/\/irland-reise-tipps.de\/de\/highlights\/highlights-in-kerry\/gallerus-oratory\/\" title=\"Gallarus Oratory\">Gallarus Oratory<\/a> <\/li><li><a href=\"https:\/\/irland-reise-tipps.de\/de\/highlights\/highlights-in-kerry\/ring-of-kerry\/\" title=\"Ring of Kerry\">Ring of Kerry<\/a> <\/li><\/ul>\n<p><a title=\"Highlights im County Kerry\" href=\"http:\/\/irland-reise-tipps.de\/de\/highlights-und-sehenswuerdigkeiten\/highlights-im-county-kerry\/\">Alle Hightlights im County Kerry anzeigen \u203a<\/a><\/p>\n<h3>Highlights im County Longford<\/h3>\n<ul class=\"lcp_catlist\"><\/ul>\n<p><a title=\"Highlights im County Longford\" href=\"http:\/\/irland-reise-tipps.de\/de\/highlights-und-sehenswuerdigkeiten\/highlights-im-county-longfor\/\">Alle Hightlights im County Longford anzeigen \u203a<\/a><\/p>\n<h3>Highlights im County Louth<\/h3>\n<ul class=\"lcp_catlist\"><li><a href=\"https:\/\/irland-reise-tipps.de\/de\/highlights\/highlights-in-louth\/monasterboic\/\" title=\"Monasterboice\">Monasterboice<\/a> <\/li><\/ul>\n<p><a title=\"Highlights im County Louth\" href=\"http:\/\/irland-reise-tipps.de\/de\/highlights-und-sehenswuerdigkeiten\/highlights-im-county-lout\/\">Alle Hightlights im County Louth anzeigen \u203a<\/a><\/p>\n<h3>Highlights im County Laois<\/h3>\n<ul class=\"lcp_catlist\"><\/ul>\n<p><a title=\"Highlights im County Laois\" href=\"http:\/\/irland-reise-tipps.de\/de\/highlights-und-sehenswuerdigkeiten\/highlights-im-county-laoi\/\">Alle Hightlights im County Laois anzeigen \u203a<\/a><\/p>\n<h3>Highlights im County Limerick<\/h3>\n<ul class=\"lcp_catlist\"><li><a href=\"https:\/\/irland-reise-tipps.de\/de\/highlights\/highlights-in-limerick\/adare\/\" title=\"Adare\">Adare<\/a> <\/li><li><a href=\"https:\/\/irland-reise-tipps.de\/de\/highlights\/highlights-in-limerick\/flying-boat-museum\/\" title=\"Foynes Flying Boat Museum\">Foynes Flying Boat Museum<\/a> <\/li><\/ul>\n<p><a title=\"Highlights im County Limerick\" href=\"http:\/\/irland-reise-tipps.de\/de\/highlights-und-sehenswuerdigkeiten\/highlights-im-county-limeric\/\">Alle Hightlights im County Limerick anzeigen \u203a<\/a><\/p>\n<h3>Highlights im County Leitrim<\/h3>\n<ul class=\"lcp_catlist\"><\/ul>\n<p><a title=\"Highlights im County Leitrim\" href=\"http:\/\/irland-reise-tipps.de\/de\/highlights-und-sehenswuerdigkeiten\/highlights-im-county-leitri\/\">Alle Hightlights im County Leitrim anzeigen \u203a<\/a><\/p>\n<h3>Highlights im County Londonderry<\/h3>\n<ul class=\"lcp_catlist\"><\/ul>\n<p><a title=\"Highlights im County Londonderry\" href=\"http:\/\/irland-reise-tipps.de\/de\/highlights-und-sehenswuerdigkeiten\/highlights-im-county-londonderry\/\">Alle Hightlights im County Londonderry anzeigen \u203a<\/a><\/p>\n<h3>Highlights im County Meath<\/h3>\n<ul class=\"lcp_catlist\"><li><a href=\"https:\/\/irland-reise-tipps.de\/de\/highlights\/highlights-in-meath\/newgrang\/\" title=\"Newgrange\">Newgrange<\/a> <\/li><\/ul>\n<p><a title=\"Highlights im County Meath\" href=\"http:\/\/irland-reise-tipps.de\/de\/highlights-und-sehenswuerdigkeiten\/highlights-im-county-meath\/\">Alle Hightlights im County Meath anzeigen \u203a<\/a><\/p>\n<h3>Highlights im County Monaghan<\/h3>\n<ul class=\"lcp_catlist\"><\/ul>\n<p><a title=\"Highlights im County Monaghan\" href=\"http:\/\/irland-reise-tipps.de\/de\/highlights-und-sehenswuerdigkeiten\/highlights-im-county-monagha\/\">Alle Hightlights im County Monaghan anzeigen \u203a<\/a><\/p>\n<h3>Highlights im County Mayo<\/h3>\n<ul class=\"lcp_catlist\"><li><a href=\"https:\/\/irland-reise-tipps.de\/de\/highlights\/highlights-in-mayo\/westport-house\/\" title=\"Westport House & Garden\">Westport House &#038; Garden<\/a> <\/li><li><a href=\"https:\/\/irland-reise-tipps.de\/de\/highlights\/highlights-in-mayo\/cong-abbey\/\" title=\"Cong Abbey\">Cong Abbey<\/a> <\/li><\/ul>\n<p><a title=\"Highlights im County Mayo\" href=\"http:\/\/irland-reise-tipps.de\/de\/highlights-und-sehenswuerdigkeiten\/highlights-im-county-mayo\/\">Alle Hightlights im County Mayo anzeigen \u203a<\/a><\/p>\n<h3>Highlights im County Offaly<\/h3>\n<ul class=\"lcp_catlist\"><li><a href=\"https:\/\/irland-reise-tipps.de\/de\/highlights\/highlights-in-offaly\/birr-castle-demesne\/\" title=\"Birr Castle Demesne\">Birr Castle Demesne<\/a> <\/li><li><a href=\"https:\/\/irland-reise-tipps.de\/de\/highlights\/highlights-in-offaly\/clonmacnoise\/\" title=\"Clonmacnoise\">Clonmacnoise<\/a> <\/li><\/ul>\n<p><a title=\"Highlights im County Offaly\" href=\"http:\/\/irland-reise-tipps.de\/de\/highlights-und-sehenswuerdigkeiten\/highlights-im-county-offal\/\">Alle Hightlights im County Offaly anzeigen \u203a<\/a><\/p>\n<h3>Highlights im County Roscommon<\/h3>\n<ul class=\"lcp_catlist\"><\/ul>\n<p><a title=\"Highlights im County Roscommon\" href=\"http:\/\/irland-reise-tipps.de\/de\/highlights-und-sehenswuerdigkeiten\/highlights-im-county-roscommonm\/\">Alle Hightlights im County Roscommon anzeigen \u203a<\/a><\/p>\n<h3>Highlights im County Sligo<\/h3>\n<ul class=\"lcp_catlist\"><\/ul>\n<p><a title=\"Highlights im County Sligo\" href=\"http:\/\/irland-reise-tipps.de\/de\/highlights-und-sehenswuerdigkeiten\/highlights-im-county-slig\/\">Alle Hightlights im County Sligo anzeigen \u203a<\/a><\/p>\n<h3>Highlights im County Tipperary<\/h3>\n<ul class=\"lcp_catlist\"><li><a href=\"https:\/\/irland-reise-tipps.de\/de\/highlights\/highlights-in-tipperary\/rock-of-cashel\/\" title=\"Rock of Cashel\">Rock of Cashel<\/a> <\/li><\/ul>\n<p><a title=\"Highlights im County Tipperary\" href=\"http:\/\/irland-reise-tipps.de\/de\/highlights-und-sehenswuerdigkeiten\/highlights-im-county-tipperary\/\">Alle Hightlights im County Tipperary anzeigen \u203a<\/a><\/p>\n<h3>Highlights im County Tyrone<\/h3>\n<ul class=\"lcp_catlist\"><\/ul>\n<p><a title=\"Highlights im County Tyrone\" href=\"http:\/\/irland-reise-tipps.de\/de\/highlights-und-sehenswuerdigkeiten\/highlights-im-county-tyron\/\">Alle Hightlights im County Tyrone anzeigen \u203a<\/a><\/p>\n<h3>Highlights im County Wicklow<\/h3>\n<ul class=\"lcp_catlist\"><li><a href=\"https:\/\/irland-reise-tipps.de\/de\/highlights\/highlights-in-wicklow\/russborough-house\/\" title=\"Russborough House\">Russborough House<\/a> <\/li><li><a href=\"https:\/\/irland-reise-tipps.de\/de\/highlights\/highlights-in-wicklow\/kilruddery\/\" title=\"Kilruddery House & Garden\">Kilruddery House &#038; Garden<\/a> <\/li><li><a href=\"https:\/\/irland-reise-tipps.de\/de\/highlights\/highlights-in-wicklow\/glendalough\/\" title=\"Glendalough\">Glendalough<\/a> <\/li><li><a href=\"https:\/\/irland-reise-tipps.de\/de\/highlights\/highlights-in-wicklow\/powerscourt\/\" title=\"Powerscourt House & Gardens\">Powerscourt House &#038; Gardens<\/a> <\/li><\/ul>\n<p><a title=\"Highlights im County Wicklow\" href=\"http:\/\/irland-reise-tipps.de\/de\/highlights-und-sehenswuerdigkeiten\/highlights-im-county-wicklow\/\">Alle Hightlights im County Wicklow anzeigen \u203a<\/a><\/p>\n<h3>Highlights im County Wexford<\/h3>\n<ul class=\"lcp_catlist\"><li><a href=\"https:\/\/irland-reise-tipps.de\/de\/highlights\/highlights-in-wexford\/inhp\/\" title=\"The Irish National Heritage Park\">The Irish National Heritage Park<\/a> <\/li><li><a href=\"https:\/\/irland-reise-tipps.de\/de\/highlights\/highlights-in-wexford\/johnstown-castle\/\" title=\"Johnstown Castle\">Johnstown Castle<\/a> <\/li><\/ul>\n<p><a title=\"Highlights im County Wexford\" href=\"http:\/\/irland-reise-tipps.de\/de\/highlights-und-sehenswuerdigkeiten\/highlights-im-county-wexford\/\">Alle Hightlights im County Wexford anzeigen \u203a<\/a><\/p>\n<h3>Highlights im County Westmeath<\/h3>\n<ul class=\"lcp_catlist\"><li><a href=\"https:\/\/irland-reise-tipps.de\/de\/highlights\/highlights-in-westmeath\/belvedere\/\" title=\"Belvedere House Gardens & Park\">Belvedere House Gardens &#038; Park<\/a> <\/li><li><a href=\"https:\/\/irland-reise-tipps.de\/de\/highlights\/highlights-in-westmeath\/killbeggan-whiskey-distillery\/\" title=\"Kilbeggan Whiskey Distillery\">Kilbeggan Whiskey Distillery<\/a> <\/li><\/ul>\n<p><a title=\"Highlights im County Westmeath\" href=\"http:\/\/irland-reise-tipps.de\/de\/highlights-und-sehenswuerdigkeiten\/highlights-im-county-westmeath\/\">Alle Hightlights im County Westmeath anzeigen \u203a<\/a><\/p>\n","protected":false},"excerpt":{"rendered":"<p>Alle Highlights im \u00dcberblick Highlights im County Armagh Alle Hightlights im County Armagh anzeigen \u203a Highlights im County Antrim Alle Hightlights im County Antrim anzeigen \u203a Highlights im County Carlow Alle Hightlights im County Carlow anzeigen \u203a Highlights im County<span class=\"ellipsis\">&hellip;<\/span><\/p>\n<div class=\"read-more\"><a href=\"https:\/\/irland-reise-tipps.de\/de\/highlights-und-sehenswuerdigkeiten\/\">Weiterlesen &#8250;<\/a><\/div>\n<p><!-- end of .read-more --><\/p>\n","protected":false},"author":5,"featured_media":0,"parent":0,"menu_order":4,"comment_status":"closed","ping_status":"closed","template":"","meta":{"footnotes":""},"class_list":["post-20","page","type-page","status-publish","hentry"],"yoast_head":"<!-- This site is optimized with the Yoast SEO plugin v21.2 - https:\/\/yoast.com\/wordpress\/plugins\/seo\/ -->\n<title>Highlights und Sehensw\u00fcrdigkeiten in Irland - Irland Reise Tipps<\/title>\n<meta name=\"description\" content=\"Sehensw\u00fcrdigkeiten gibt es in Irland viele zu sehen, grandiosen Naturwundern, Highlights wie Pubs, Museen, Schl\u00f6sser, Ruinen, Steinkreise, Kl\u00f6ster.\" \/>\n<meta name=\"robots\" content=\"index, follow, max-snippet:-1, max-image-preview:large, max-video-preview:-1\" \/>\n<link rel=\"canonical\" href=\"https:\/\/irland-reise-tipps.de\/de\/highlights-und-sehenswuerdigkeiten\/\" \/>\n<meta property=\"og:locale\" content=\"de_DE\" \/>\n<meta property=\"og:type\" content=\"article\" \/>\n<meta property=\"og:title\" content=\"Highlights und Sehensw\u00fcrdigkeiten in Irland - Irland Reise Tipps\" \/>\n<meta property=\"og:description\" content=\"Sehensw\u00fcrdigkeiten gibt es in Irland viele zu sehen, grandiosen Naturwundern, Highlights wie Pubs, Museen, Schl\u00f6sser, Ruinen, Steinkreise, Kl\u00f6ster.\" \/>\n<meta property=\"og:url\" content=\"https:\/\/irland-reise-tipps.de\/de\/highlights-und-sehenswuerdigkeiten\/\" \/>\n<meta property=\"og:site_name\" content=\"Irland Reise Tipps\" \/>\n<meta property=\"article:modified_time\" content=\"2019-06-29T14:34:51+00:00\" \/>\n<meta name=\"twitter:label1\" content=\"Gesch\u00e4tzte Lesezeit\" \/>\n\t<meta name=\"twitter:data1\" content=\"2\u00a0Minuten\" \/>\n<script type=\"application\/ld+json\" class=\"yoast-schema-graph\">{\"@context\":\"https:\/\/schema.org\",\"@graph\":[{\"@type\":\"WebPage\",\"@id\":\"https:\/\/irland-reise-tipps.de\/de\/highlights-und-sehenswuerdigkeiten\/\",\"url\":\"https:\/\/irland-reise-tipps.de\/de\/highlights-und-sehenswuerdigkeiten\/\",\"name\":\"Highlights und Sehensw\u00fcrdigkeiten in Irland - Irland Reise Tipps\",\"isPartOf\":{\"@id\":\"https:\/\/irland-reise-tipps.de\/de\/#website\"},\"datePublished\":\"2013-01-19T15:30:26+00:00\",\"dateModified\":\"2019-06-29T14:34:51+00:00\",\"description\":\"Sehensw\u00fcrdigkeiten gibt es in Irland viele zu sehen, grandiosen Naturwundern, Highlights wie Pubs, Museen, Schl\u00f6sser, Ruinen, Steinkreise, Kl\u00f6ster.\",\"breadcrumb\":{\"@id\":\"https:\/\/irland-reise-tipps.de\/de\/highlights-und-sehenswuerdigkeiten\/#breadcrumb\"},\"inLanguage\":\"de\",\"potentialAction\":[{\"@type\":\"ReadAction\",\"target\":[\"https:\/\/irland-reise-tipps.de\/de\/highlights-und-sehenswuerdigkeiten\/\"]}]},{\"@type\":\"BreadcrumbList\",\"@id\":\"https:\/\/irland-reise-tipps.de\/de\/highlights-und-sehenswuerdigkeiten\/#breadcrumb\",\"itemListElement\":[{\"@type\":\"ListItem\",\"position\":1,\"name\":\"Home\",\"item\":\"https:\/\/irland-reise-tipps.de\/de\/\"},{\"@type\":\"ListItem\",\"position\":2,\"name\":\"Highlights\"}]},{\"@type\":\"WebSite\",\"@id\":\"https:\/\/irland-reise-tipps.de\/de\/#website\",\"url\":\"https:\/\/irland-reise-tipps.de\/de\/\",\"name\":\"Irland Reise Tipps\",\"description\":\"Gemeinsam die gr\u00fcne Insel entdecken\",\"potentialAction\":[{\"@type\":\"SearchAction\",\"target\":{\"@type\":\"EntryPoint\",\"urlTemplate\":\"https:\/\/irland-reise-tipps.de\/de\/?s={search_term_string}\"},\"query-input\":\"required name=search_term_string\"}],\"inLanguage\":\"de\"}]}<\/script>\n<!-- \/ Yoast SEO plugin. -->","yoast_head_json":{"title":"Highlights und Sehensw\u00fcrdigkeiten in Irland - Irland Reise Tipps","description":"Sehensw\u00fcrdigkeiten gibt es in Irland viele zu sehen, grandiosen Naturwundern, Highlights wie Pubs, Museen, Schl\u00f6sser, Ruinen, Steinkreise, Kl\u00f6ster.","robots":{"index":"index","follow":"follow","max-snippet":"max-snippet:-1","max-image-preview":"max-image-preview:large","max-video-preview":"max-video-preview:-1"},"canonical":"https:\/\/irland-reise-tipps.de\/de\/highlights-und-sehenswuerdigkeiten\/","og_locale":"de_DE","og_type":"article","og_title":"Highlights und Sehensw\u00fcrdigkeiten in Irland - Irland Reise Tipps","og_description":"Sehensw\u00fcrdigkeiten gibt es in Irland viele zu sehen, grandiosen Naturwundern, Highlights wie Pubs, Museen, Schl\u00f6sser, Ruinen, Steinkreise, Kl\u00f6ster.","og_url":"https:\/\/irland-reise-tipps.de\/de\/highlights-und-sehenswuerdigkeiten\/","og_site_name":"Irland Reise Tipps","article_modified_time":"2019-06-29T14:34:51+00:00","twitter_misc":{"Gesch\u00e4tzte Lesezeit":"2\u00a0Minuten"},"schema":{"@context":"https:\/\/schema.org","@graph":[{"@type":"WebPage","@id":"https:\/\/irland-reise-tipps.de\/de\/highlights-und-sehenswuerdigkeiten\/","url":"https:\/\/irland-reise-tipps.de\/de\/highlights-und-sehenswuerdigkeiten\/","name":"Highlights und Sehensw\u00fcrdigkeiten in Irland - Irland Reise Tipps","isPartOf":{"@id":"https:\/\/irland-reise-tipps.de\/de\/#website"},"datePublished":"2013-01-19T15:30:26+00:00","dateModified":"2019-06-29T14:34:51+00:00","description":"Sehensw\u00fcrdigkeiten gibt es in Irland viele zu sehen, grandiosen Naturwundern, Highlights wie Pubs, Museen, Schl\u00f6sser, Ruinen, Steinkreise, Kl\u00f6ster.","breadcrumb":{"@id":"https:\/\/irland-reise-tipps.de\/de\/highlights-und-sehenswuerdigkeiten\/#breadcrumb"},"inLanguage":"de","potentialAction":[{"@type":"ReadAction","target":["https:\/\/irland-reise-tipps.de\/de\/highlights-und-sehenswuerdigkeiten\/"]}]},{"@type":"BreadcrumbList","@id":"https:\/\/irland-reise-tipps.de\/de\/highlights-und-sehenswuerdigkeiten\/#breadcrumb","itemListElement":[{"@type":"ListItem","position":1,"name":"Home","item":"https:\/\/irland-reise-tipps.de\/de\/"},{"@type":"ListItem","position":2,"name":"Highlights"}]},{"@type":"WebSite","@id":"https:\/\/irland-reise-tipps.de\/de\/#website","url":"https:\/\/irland-reise-tipps.de\/de\/","name":"Irland Reise Tipps","description":"Gemeinsam die gr\u00fcne Insel entdecken","potentialAction":[{"@type":"SearchAction","target":{"@type":"EntryPoint","urlTemplate":"https:\/\/irland-reise-tipps.de\/de\/?s={search_term_string}"},"query-input":"required name=search_term_string"}],"inLanguage":"de"}]}},"_links":{"self":[{"href":"https:\/\/irland-reise-tipps.de\/de\/wp-json\/wp\/v2\/pages\/20","targetHints":{"allow":["GET"]}}],"collection":[{"href":"https:\/\/irland-reise-tipps.de\/de\/wp-json\/wp\/v2\/pages"}],"about":[{"href":"https:\/\/irland-reise-tipps.de\/de\/wp-json\/wp\/v2\/types\/page"}],"author":[{"embeddable":true,"href":"https:\/\/irland-reise-tipps.de\/de\/wp-json\/wp\/v2\/users\/5"}],"replies":[{"embeddable":true,"href":"https:\/\/irland-reise-tipps.de\/de\/wp-json\/wp\/v2\/comments?post=20"}],"version-history":[{"count":18,"href":"https:\/\/irland-reise-tipps.de\/de\/wp-json\/wp\/v2\/pages\/20\/revisions"}],"predecessor-version":[{"id":4234,"href":"https:\/\/irland-reise-tipps.de\/de\/wp-json\/wp\/v2\/pages\/20\/revisions\/4234"}],"wp:attachment":[{"href":"https:\/\/irland-reise-tipps.de\/de\/wp-json\/wp\/v2\/media?parent=20"}],"curies":[{"name":"wp","href":"https:\/\/api.w.org\/{rel}","templated":true}]}}